{"id":9687,"date":"2021-04-16T14:50:36","date_gmt":"2021-04-16T18:50:36","guid":{"rendered":"https:\/\/archive.ontariocaregiver.ca\/?page_id=9687"},"modified":"2023-04-17T09:16:09","modified_gmt":"2023-04-17T13:16:09","slug":"merci","status":"publish","type":"page","link":"https:\/\/archive.ontariocaregiver.ca\/fr\/merci\/","title":{"rendered":"La semaine de l&rsquo;action b\u00e9n\u00e9vole"},"content":{"rendered":"\n<h1 class=\"wp-block-heading\">Votre temps, votre d\u00e9vouement et votre attention nous aident \u00e0 grandir. Merci de faire du b\u00e9n\u00e9volat aupr\u00e8s de l\u2019OSANO!<\/h1>\n\n\n\n<p>\u00c0 l\u2019occasion de la Semaine de l\u2019action b\u00e9n\u00e9vole (du 16 au 22&nbsp;avril 2023), nous c\u00e9l\u00e9brons l\u2019impact des b\u00e9n\u00e9voles au sein de l\u2019OSANO. Cette ann\u00e9e, nous voulons mettre en lumi\u00e8re les b\u00e9n\u00e9voles qui nous inspirent \u2013 en reconnaissant et en remerciant ceux qui donnent de leur temps, de leur talent et de leur voix pour faire une diff\u00e9rence dans la communaut\u00e9 d\u2019aidance naturelle.<\/p>\n\n\n\n<p class=\"has-text-align-center\">\u00ab\u2009J\u2019\u00e9prouve une grande satisfaction \u00e0 aider les autres. Cela m\u2019a donn\u00e9 confiance en moi et m\u2019a procur\u00e9 un sentiment de fiert\u00e9.\u2009\u00bb \u2013 Louise<\/p>\n\n\n\n<p class=\"has-text-align-center\">\u00ab\u2009Mon exp\u00e9rience de b\u00e9n\u00e9vole m\u2019a fait d\u00e9couvrir l\u2019impact et l\u2019importance d\u2019\u00e9couter et d\u2019offrir une exp\u00e9rience personnelle qui peut aider une personne aidante naturelle \u00e0 se sentir vue, entendue et soutenue.\u2009\u00bb \u2013 Donna<\/p>\n\n\n\n<p>Chaque ann\u00e9e, l\u2019OSANO fait appel \u00e0 plus de 100&nbsp;b\u00e9n\u00e9voles \u2013 ce sont des personnes aidantes naturelles ayant une exp\u00e9rience v\u00e9cue. Ces exp\u00e9riences uniques et pr\u00e9cieuses nous permettent d\u2019\u00e9laborer des programmes et des ressources, de partager des points de vue pour \u00e9clairer les discussions avec les principaux partenaires et d\u2019offrir un soutien par les pairs aux personnes aidantes naturelles tout au long de leur parcours.<\/p>\n\n\n\n<p>Merci \u00e0 nos b\u00e9n\u00e9voles pour leur soutien continu! Nous vous invitons \u00e0 partager votre t\u00e9moignage et votre exp\u00e9rience avec d\u2019autres personnes aidantes naturelles et \u00e0 vous joindre \u00e0 nous en tant que membre de la famille de l\u2019OSANO.<\/p>\n\n\n\n<div class=\"wp-block-buttons is-layout-flex wp-block-buttons-is-layout-flex\">\n<div class=\"wp-block-button\"><a class=\"wp-block-button__link wp-element-button\" href=\"https:\/\/archive.ontariocaregiver.ca\/fr\/impliquez-vous\/benevolat\/\" target=\"_blank\" rel=\"noreferrer noopener\">Devenez b\u00e9n\u00e9vole aujourd\u2019hui<\/a><\/div>\n<\/div>\n","protected":false},"excerpt":{"rendered":"<p>Votre temps, votre d\u00e9vouement et votre attention nous aident \u00e0 grandir. Merci de faire du b\u00e9n\u00e9volat aupr\u00e8s de l\u2019OSANO! \u00c0 l\u2019occasion de la Semaine..<\/p>\n","protected":false},"author":7,"featured_media":21810,"parent":0,"menu_order":0,"comment_status":"closed","ping_status":"closed","template":"","meta":{"_acf_changed":false,"_relevanssi_hide_post":"","_relevanssi_hide_content":"","_relevanssi_pin_for_all":"","_relevanssi_pin_keywords":"","_relevanssi_unpin_keywords":"","_relevanssi_related_keywords":"","_relevanssi_related_include_ids":"","_relevanssi_related_exclude_ids":"","_relevanssi_related_no_append":"","_relevanssi_related_not_related":"","_relevanssi_related_posts":"12350,8416,10342,10350,11535,16077","_relevanssi_noindex_reason":"","_price":"","_stock":"","_tribe_ticket_header":"","_tribe_default_ticket_provider":"","_tribe_ticket_capacity":"0","_ticket_start_date":"","_ticket_end_date":"","_tribe_ticket_show_description":"","_tribe_ticket_show_not_going":false,"_tribe_ticket_use_global_stock":"","_tribe_ticket_global_stock_level":"","_global_stock_mode":"","_global_stock_cap":"","_tribe_rsvp_for_event":"","_tribe_ticket_going_count":"","_tribe_ticket_not_going_count":"","_tribe_tickets_list":[],"_tribe_ticket_has_attendee_info_fields":false,"footnotes":""},"class_list":["post-9687","page","type-page","status-publish","has-post-thumbnail","hentry"],"acf":[],"yoast_head":"<!-- This site is optimized with the Yoast SEO plugin v25.8 - https:\/\/yoast.com\/wordpress\/plugins\/seo\/ -->\n<title>La semaine de l&#039;action b\u00e9n\u00e9vole - Organisme de soutien aux aidants naturels de l\u2019Ontario<\/title>\n<meta name=\"robots\" content=\"noindex, follow, max-snippet:-1, max-image-preview:large, max-video-preview:-1\" \/>\n<meta property=\"og:locale\" content=\"fr_FR\" \/>\n<meta property=\"og:type\" content=\"article\" \/>\n<meta property=\"og:title\" content=\"La semaine de l&#039;action b\u00e9n\u00e9vole - Organisme de soutien aux aidants naturels de l\u2019Ontario\" \/>\n<meta property=\"og:description\" content=\"Votre temps, votre d\u00e9vouement et votre attention nous aident \u00e0 grandir. Merci de faire du b\u00e9n\u00e9volat aupr\u00e8s de l\u2019OSANO! \u00c0 l\u2019occasion de la Semaine..\" \/>\n<meta property=\"og:url\" content=\"https:\/\/archive.ontariocaregiver.ca\/fr\/merci\/\" \/>\n<meta property=\"og:site_name\" content=\"Organisme de soutien aux aidants naturels de l\u2019Ontario\" \/>\n<meta property=\"article:modified_time\" content=\"2023-04-17T13:16:09+00:00\" \/>\n<meta property=\"og:image\" content=\"https:\/\/ontariocaregiver.ca\/wp-content\/uploads\/2023\/04\/NVW2023-banner_FR.jpg\" \/>\n\t<meta property=\"og:image:width\" content=\"1340\" \/>\n\t<meta property=\"og:image:height\" content=\"400\" \/>\n\t<meta property=\"og:image:type\" content=\"image\/jpeg\" \/>\n<meta name=\"twitter:card\" content=\"summary_large_image\" \/>\n<meta name=\"twitter:label1\" content=\"Dur\u00e9e de lecture estim\u00e9e\" \/>\n\t<meta name=\"twitter:data1\" content=\"2 minutes\" \/>\n<script type=\"application\/ld+json\" class=\"yoast-schema-graph\">{\"@context\":\"https:\/\/schema.org\",\"@graph\":[{\"@type\":\"WebPage\",\"@id\":\"https:\/\/archive.ontariocaregiver.ca\/fr\/merci\/\",\"url\":\"https:\/\/archive.ontariocaregiver.ca\/fr\/merci\/\",\"name\":\"La semaine de l'action b\u00e9n\u00e9vole - Organisme de soutien aux aidants naturels de l\u2019Ontario\",\"isPartOf\":{\"@id\":\"https:\/\/archive.ontariocaregiver.ca\/fr\/#website\"},\"primaryImageOfPage\":{\"@id\":\"https:\/\/archive.ontariocaregiver.ca\/fr\/merci\/#primaryimage\"},\"image\":{\"@id\":\"https:\/\/archive.ontariocaregiver.ca\/fr\/merci\/#primaryimage\"},\"thumbnailUrl\":\"https:\/\/ontariocaregiver.ca\/wp-content\/uploads\/2023\/04\/NVW2023-banner_FR.jpg\",\"datePublished\":\"2021-04-16T18:50:36+00:00\",\"dateModified\":\"2023-04-17T13:16:09+00:00\",\"breadcrumb\":{\"@id\":\"https:\/\/archive.ontariocaregiver.ca\/fr\/merci\/#breadcrumb\"},\"inLanguage\":\"fr-FR\",\"potentialAction\":[{\"@type\":\"ReadAction\",\"target\":[\"https:\/\/archive.ontariocaregiver.ca\/fr\/merci\/\"]}]},{\"@type\":\"ImageObject\",\"inLanguage\":\"fr-FR\",\"@id\":\"https:\/\/archive.ontariocaregiver.ca\/fr\/merci\/#primaryimage\",\"url\":\"https:\/\/ontariocaregiver.ca\/wp-content\/uploads\/2023\/04\/NVW2023-banner_FR.jpg\",\"contentUrl\":\"https:\/\/ontariocaregiver.ca\/wp-content\/uploads\/2023\/04\/NVW2023-banner_FR.jpg\",\"width\":1340,\"height\":400},{\"@type\":\"BreadcrumbList\",\"@id\":\"https:\/\/archive.ontariocaregiver.ca\/fr\/merci\/#breadcrumb\",\"itemListElement\":[{\"@type\":\"ListItem\",\"position\":1,\"name\":\"Page principale\",\"item\":\"https:\/\/archive.ontariocaregiver.ca\/fr\/\"},{\"@type\":\"ListItem\",\"position\":2,\"name\":\"La semaine de l&#8217;action b\u00e9n\u00e9vole\"}]},{\"@type\":\"WebSite\",\"@id\":\"https:\/\/archive.ontariocaregiver.ca\/fr\/#website\",\"url\":\"https:\/\/archive.ontariocaregiver.ca\/fr\/\",\"name\":\"Organisme de soutien aux aidants naturels de l\u2019Ontario\",\"description\":\"\",\"potentialAction\":[{\"@type\":\"SearchAction\",\"target\":{\"@type\":\"EntryPoint\",\"urlTemplate\":\"https:\/\/archive.ontariocaregiver.ca\/fr\/?s={search_term_string}\"},\"query-input\":{\"@type\":\"PropertyValueSpecification\",\"valueRequired\":true,\"valueName\":\"search_term_string\"}}],\"inLanguage\":\"fr-FR\"}]}<\/script>\n<!-- \/ Yoast SEO plugin. -->","yoast_head_json":{"title":"La semaine de l'action b\u00e9n\u00e9vole - Organisme de soutien aux aidants naturels de l\u2019Ontario","robots":{"index":"noindex","follow":"follow","max-snippet":"max-snippet:-1","max-image-preview":"max-image-preview:large","max-video-preview":"max-video-preview:-1"},"og_locale":"fr_FR","og_type":"article","og_title":"La semaine de l'action b\u00e9n\u00e9vole - Organisme de soutien aux aidants naturels de l\u2019Ontario","og_description":"Votre temps, votre d\u00e9vouement et votre attention nous aident \u00e0 grandir. Merci de faire du b\u00e9n\u00e9volat aupr\u00e8s de l\u2019OSANO! \u00c0 l\u2019occasion de la Semaine..","og_url":"https:\/\/archive.ontariocaregiver.ca\/fr\/merci\/","og_site_name":"Organisme de soutien aux aidants naturels de l\u2019Ontario","article_modified_time":"2023-04-17T13:16:09+00:00","og_image":[{"width":1340,"height":400,"url":"https:\/\/ontariocaregiver.ca\/wp-content\/uploads\/2023\/04\/NVW2023-banner_FR.jpg","type":"image\/jpeg"}],"twitter_card":"summary_large_image","twitter_misc":{"Dur\u00e9e de lecture estim\u00e9e":"2 minutes"},"schema":{"@context":"https:\/\/schema.org","@graph":[{"@type":"WebPage","@id":"https:\/\/archive.ontariocaregiver.ca\/fr\/merci\/","url":"https:\/\/archive.ontariocaregiver.ca\/fr\/merci\/","name":"La semaine de l'action b\u00e9n\u00e9vole - Organisme de soutien aux aidants naturels de l\u2019Ontario","isPartOf":{"@id":"https:\/\/archive.ontariocaregiver.ca\/fr\/#website"},"primaryImageOfPage":{"@id":"https:\/\/archive.ontariocaregiver.ca\/fr\/merci\/#primaryimage"},"image":{"@id":"https:\/\/archive.ontariocaregiver.ca\/fr\/merci\/#primaryimage"},"thumbnailUrl":"https:\/\/ontariocaregiver.ca\/wp-content\/uploads\/2023\/04\/NVW2023-banner_FR.jpg","datePublished":"2021-04-16T18:50:36+00:00","dateModified":"2023-04-17T13:16:09+00:00","breadcrumb":{"@id":"https:\/\/archive.ontariocaregiver.ca\/fr\/merci\/#breadcrumb"},"inLanguage":"fr-FR","potentialAction":[{"@type":"ReadAction","target":["https:\/\/archive.ontariocaregiver.ca\/fr\/merci\/"]}]},{"@type":"ImageObject","inLanguage":"fr-FR","@id":"https:\/\/archive.ontariocaregiver.ca\/fr\/merci\/#primaryimage","url":"https:\/\/ontariocaregiver.ca\/wp-content\/uploads\/2023\/04\/NVW2023-banner_FR.jpg","contentUrl":"https:\/\/ontariocaregiver.ca\/wp-content\/uploads\/2023\/04\/NVW2023-banner_FR.jpg","width":1340,"height":400},{"@type":"BreadcrumbList","@id":"https:\/\/archive.ontariocaregiver.ca\/fr\/merci\/#breadcrumb","itemListElement":[{"@type":"ListItem","position":1,"name":"Page principale","item":"https:\/\/archive.ontariocaregiver.ca\/fr\/"},{"@type":"ListItem","position":2,"name":"La semaine de l&#8217;action b\u00e9n\u00e9vole"}]},{"@type":"WebSite","@id":"https:\/\/archive.ontariocaregiver.ca\/fr\/#website","url":"https:\/\/archive.ontariocaregiver.ca\/fr\/","name":"Organisme de soutien aux aidants naturels de l\u2019Ontario","description":"","potentialAction":[{"@type":"SearchAction","target":{"@type":"EntryPoint","urlTemplate":"https:\/\/archive.ontariocaregiver.ca\/fr\/?s={search_term_string}"},"query-input":{"@type":"PropertyValueSpecification","valueRequired":true,"valueName":"search_term_string"}}],"inLanguage":"fr-FR"}]}},"ticketed":false,"_links":{"self":[{"href":"https:\/\/archive.ontariocaregiver.ca\/fr\/wp-json\/wp\/v2\/pages\/9687","targetHints":{"allow":["GET"]}}],"collection":[{"href":"https:\/\/archive.ontariocaregiver.ca\/fr\/wp-json\/wp\/v2\/pages"}],"about":[{"href":"https:\/\/archive.ontariocaregiver.ca\/fr\/wp-json\/wp\/v2\/types\/page"}],"author":[{"embeddable":true,"href":"https:\/\/archive.ontariocaregiver.ca\/fr\/wp-json\/wp\/v2\/users\/7"}],"replies":[{"embeddable":true,"href":"https:\/\/archive.ontariocaregiver.ca\/fr\/wp-json\/wp\/v2\/comments?post=9687"}],"version-history":[{"count":8,"href":"https:\/\/archive.ontariocaregiver.ca\/fr\/wp-json\/wp\/v2\/pages\/9687\/revisions"}],"predecessor-version":[{"id":22220,"href":"https:\/\/archive.ontariocaregiver.ca\/fr\/wp-json\/wp\/v2\/pages\/9687\/revisions\/22220"}],"wp:featuredmedia":[{"embeddable":true,"href":"https:\/\/archive.ontariocaregiver.ca\/fr\/wp-json\/wp\/v2\/media\/21810"}],"wp:attachment":[{"href":"https:\/\/archive.ontariocaregiver.ca\/fr\/wp-json\/wp\/v2\/media?parent=9687"}],"curies":[{"name":"wp","href":"https:\/\/api.w.org\/{rel}","templated":true}]}}