{"id":9620,"date":"2021-04-13T11:10:00","date_gmt":"2021-04-13T15:10:00","guid":{"rendered":"https:\/\/archive.ontariocaregiver.ca\/?page_id=9620"},"modified":"2022-09-01T09:53:28","modified_gmt":"2022-09-01T13:53:28","slug":"balado-cest-le-temps-de-parler","status":"publish","type":"page","link":"https:\/\/archive.ontariocaregiver.ca\/fr\/balado-cest-le-temps-de-parler\/","title":{"rendered":"Balado C&rsquo;est le temps de parler"},"content":{"rendered":"\n<p>Vous n&rsquo;avez pas le temps de joindre un webinaire ou un groupe de soutien? \u00c9coutez notre balado, C&rsquo;est le temps de parler, maintenant disponible en fran\u00e7ais! Nous vous invitons \u00e0 nous joindre, en compagnie d&rsquo;experts et de personnes aidantes naturelles, pour discuter des sujets percutants touchant l&rsquo;aidance naturelle&#8230; Peu importe si vous \u00eates une personne aidante naturelle d\u00e9butante ou exp\u00e9riment\u00e9e, ce balado a quelque chose \u00e0 vous offrir.<\/p>\n\n\n\n<p>Cliquez ici pour trouver C&rsquo;est le temps de parler sur votre canal pr\u00e9f\u00e9r\u00e9: <a href=\"https:\/\/anchor.fm\/ocotimetotalk\">https:\/\/anchor.fm\/ocotimetotalk<\/a><\/p>\n\n\n\n<p>Pour consulter les \u00e9pisodes en anglais, <a href=\"https:\/\/archive.ontariocaregiver.ca\/time-to-talk-podcast-for-caregivers\/\" target=\"_blank\" rel=\"noreferrer noopener\">visitez Time to Talk<\/a><\/p>\n\n\n\n<div class=\"wp-block-buttons is-layout-flex wp-block-buttons-is-layout-flex\">\n<div class=\"wp-block-button\"><a class=\"wp-block-button__link\" href=\"https:\/\/anchor.fm\/ocotimetotalk\" target=\"_blank\" rel=\"noreferrer noopener\">\u00c9coutez maintenant<\/a><\/div>\n<\/div>\n\n\n\n<h2 class=\"wp-block-heading\">C&rsquo;est le temps de parler: \u00e9pisodes<\/h2>\n\n\n\n<p><strong><a href=\"https:\/\/anchor.fm\/ocotimetotalk\/episodes\/pisode-1--Dcouvrez-le-mentorat-par-les-pairs-avec-Ed-Sexton-e1gc8rm\" target=\"_blank\" rel=\"noreferrer noopener\">\u00c9pisode 1 : D\u00e9couvrez le mentorat par les pairs avec Ed Sexton<\/a><\/strong><\/p>\n\n\n\n<p>Dans cet \u00e9pisode, rencontrez Ed Sexton, aidant naturel et mentor avec le Programme de soutien par les pairs de l\u2019OSANO. Ed partage l&rsquo;exp\u00e9rience de son r\u00e9tablissement d&rsquo;un AVC, comment il est devenu aidant naturel et pourquoi il a d\u00e9cid\u00e9 de devenir mentor avec l&rsquo;OSANO. D\u00e9couvrez comment le tai chi est un outil central dans sa vie, tant dans sa relation d&rsquo;aide que pour son propre bien-\u00eatre.<br><a href=\"https:\/\/ontariocaregiver.ca\/wp-content\/uploads\/2022\/08\/OCO-S02FR01-La-Transcription-Decouvrez-le-mentorat-par-les-pairs-avec-Ed-Sexton.docx\" target=\"_blank\" rel=\"noreferrer noopener\">La Transcription<\/a> \/ <a href=\"https:\/\/ontariocaregiver.ca\/wp-content\/uploads\/2022\/08\/S02E11-Show-Notes-Decouvrez-le-mentorat-par-les-pairs-avec-Ed-Sexton.docx\" target=\"_blank\" rel=\"noreferrer noopener\">Afficher les notes<\/a><\/p>\n\n\n\n<p><strong><a href=\"https:\/\/anchor.fm\/ocotimetotalk\/episodes\/pisode-2--veiller-les-souvenirs-grce-aux-traditions-orales-francophones-avec-Danielle-Lauzon-e1gc9be\" target=\"_blank\" rel=\"noreferrer noopener\">\u00c9pisode 2&nbsp;: \u00c9veiller les souvenirs gr\u00e2ce aux traditions orales francophones avec Danielle Lauzon<\/a><\/strong><\/p>\n\n\n\n<p>Dans cet \u00e9pisode, rencontrez Danielle Lauzon, artiste et vice-pr\u00e9sidente du conseil d\u2019administration du Centre franco-ontarien de folklore. Saviez-vous que les contes et les chansons folkloriques peuvent \u00e9veiller les souvenirs des personnes atteintes de troubles neurocognitifs? Explorez comment les personnes aidantes naturelles peuvent approfondir la relation avec leur proche gr\u00e2ce aux traditions orales, tout en cr\u00e9ant une atmosph\u00e8re qui n&rsquo;est pas fix\u00e9e sur la prestation de soins.<br><a href=\"https:\/\/ontariocaregiver.ca\/wp-content\/uploads\/2022\/08\/OCO-S02FR02-La-Transcription-Eveiller-les-souvenirs-grace-aux-traditions-orales-francophones-avec-Davielle-Lauzon.docx\" target=\"_blank\" rel=\"noreferrer noopener\">La Transcription<\/a> \/ <a href=\"https:\/\/ontariocaregiver.ca\/wp-content\/uploads\/2022\/08\/S02E12-Show-Notes-Eveiller-les-souvenirs-grace-aux-traditions-orales-francophones-avec-Danielle-Lauzon.docx\" target=\"_blank\" rel=\"noreferrer noopener\">Afficher les notes<\/a><\/p>\n","protected":false},"excerpt":{"rendered":"<p>Vous n&rsquo;avez pas le temps de joindre un webinaire ou un groupe de soutien? \u00c9coutez notre balado, C&rsquo;est le temps de parler, maintenant disponible..<\/p>\n","protected":false},"author":7,"featured_media":9497,"parent":0,"menu_order":0,"comment_status":"closed","ping_status":"closed","template":"","meta":{"_acf_changed":false,"_relevanssi_hide_post":"","_relevanssi_hide_content":"","_relevanssi_pin_for_all":"","_relevanssi_pin_keywords":"","_relevanssi_unpin_keywords":"","_relevanssi_related_keywords":"","_relevanssi_related_include_ids":"","_relevanssi_related_exclude_ids":"","_relevanssi_related_no_append":"","_relevanssi_related_not_related":"","_relevanssi_related_posts":"1951,16077,15701,12350,8416,11544","_relevanssi_noindex_reason":"","_price":"","_stock":"","_tribe_ticket_header":"","_tribe_default_ticket_provider":"","_tribe_ticket_capacity":"0","_ticket_start_date":"","_ticket_end_date":"","_tribe_ticket_show_description":"","_tribe_ticket_show_not_going":false,"_tribe_ticket_use_global_stock":"","_tribe_ticket_global_stock_level":"","_global_stock_mode":"","_global_stock_cap":"","_tribe_rsvp_for_event":"","_tribe_ticket_going_count":"","_tribe_ticket_not_going_count":"","_tribe_tickets_list":[],"_tribe_ticket_has_attendee_info_fields":false,"footnotes":""},"class_list":["post-9620","page","type-page","status-publish","has-post-thumbnail","hentry"],"acf":[],"yoast_head":"<!-- This site is optimized with the Yoast SEO plugin v25.8 - https:\/\/yoast.com\/wordpress\/plugins\/seo\/ -->\n<title>Balado C&#039;est le temps de parler - Organisme de soutien aux aidants naturels de l\u2019Ontario<\/title>\n<meta name=\"robots\" content=\"noindex, follow, max-snippet:-1, max-image-preview:large, max-video-preview:-1\" \/>\n<meta property=\"og:locale\" content=\"fr_FR\" \/>\n<meta property=\"og:type\" content=\"article\" \/>\n<meta property=\"og:title\" content=\"Balado C&#039;est le temps de parler - Organisme de soutien aux aidants naturels de l\u2019Ontario\" \/>\n<meta property=\"og:description\" content=\"Vous n&rsquo;avez pas le temps de joindre un webinaire ou un groupe de soutien? \u00c9coutez notre balado, C&rsquo;est le temps de parler, maintenant disponible..\" \/>\n<meta property=\"og:url\" content=\"https:\/\/archive.ontariocaregiver.ca\/fr\/balado-cest-le-temps-de-parler\/\" \/>\n<meta property=\"og:site_name\" content=\"Organisme de soutien aux aidants naturels de l\u2019Ontario\" \/>\n<meta property=\"article:modified_time\" content=\"2022-09-01T13:53:28+00:00\" \/>\n<meta property=\"og:image\" content=\"https:\/\/ontariocaregiver.ca\/wp-content\/uploads\/2021\/03\/Podcast-slider.jpg\" \/>\n\t<meta property=\"og:image:width\" content=\"1254\" \/>\n\t<meta property=\"og:image:height\" content=\"836\" \/>\n\t<meta property=\"og:image:type\" content=\"image\/jpeg\" \/>\n<meta name=\"twitter:card\" content=\"summary_large_image\" \/>\n<meta name=\"twitter:label1\" content=\"Dur\u00e9e de lecture estim\u00e9e\" \/>\n\t<meta name=\"twitter:data1\" content=\"2 minutes\" \/>\n<script type=\"application\/ld+json\" class=\"yoast-schema-graph\">{\"@context\":\"https:\/\/schema.org\",\"@graph\":[{\"@type\":\"WebPage\",\"@id\":\"https:\/\/archive.ontariocaregiver.ca\/fr\/balado-cest-le-temps-de-parler\/\",\"url\":\"https:\/\/archive.ontariocaregiver.ca\/fr\/balado-cest-le-temps-de-parler\/\",\"name\":\"Balado C'est le temps de parler - Organisme de soutien aux aidants naturels de l\u2019Ontario\",\"isPartOf\":{\"@id\":\"https:\/\/archive.ontariocaregiver.ca\/fr\/#website\"},\"primaryImageOfPage\":{\"@id\":\"https:\/\/archive.ontariocaregiver.ca\/fr\/balado-cest-le-temps-de-parler\/#primaryimage\"},\"image\":{\"@id\":\"https:\/\/archive.ontariocaregiver.ca\/fr\/balado-cest-le-temps-de-parler\/#primaryimage\"},\"thumbnailUrl\":\"https:\/\/ontariocaregiver.ca\/wp-content\/uploads\/2021\/03\/Podcast-slider.jpg\",\"datePublished\":\"2021-04-13T15:10:00+00:00\",\"dateModified\":\"2022-09-01T13:53:28+00:00\",\"breadcrumb\":{\"@id\":\"https:\/\/archive.ontariocaregiver.ca\/fr\/balado-cest-le-temps-de-parler\/#breadcrumb\"},\"inLanguage\":\"fr-FR\",\"potentialAction\":[{\"@type\":\"ReadAction\",\"target\":[\"https:\/\/archive.ontariocaregiver.ca\/fr\/balado-cest-le-temps-de-parler\/\"]}]},{\"@type\":\"ImageObject\",\"inLanguage\":\"fr-FR\",\"@id\":\"https:\/\/archive.ontariocaregiver.ca\/fr\/balado-cest-le-temps-de-parler\/#primaryimage\",\"url\":\"https:\/\/ontariocaregiver.ca\/wp-content\/uploads\/2021\/03\/Podcast-slider.jpg\",\"contentUrl\":\"https:\/\/ontariocaregiver.ca\/wp-content\/uploads\/2021\/03\/Podcast-slider.jpg\",\"width\":1254,\"height\":836,\"caption\":\"Young hispanic man with relaxed expression listening to music using headphones at the city.\"},{\"@type\":\"BreadcrumbList\",\"@id\":\"https:\/\/archive.ontariocaregiver.ca\/fr\/balado-cest-le-temps-de-parler\/#breadcrumb\",\"itemListElement\":[{\"@type\":\"ListItem\",\"position\":1,\"name\":\"Page principale\",\"item\":\"https:\/\/archive.ontariocaregiver.ca\/fr\/\"},{\"@type\":\"ListItem\",\"position\":2,\"name\":\"Balado C&#8217;est le temps de parler\"}]},{\"@type\":\"WebSite\",\"@id\":\"https:\/\/archive.ontariocaregiver.ca\/fr\/#website\",\"url\":\"https:\/\/archive.ontariocaregiver.ca\/fr\/\",\"name\":\"Organisme de soutien aux aidants naturels de l\u2019Ontario\",\"description\":\"\",\"potentialAction\":[{\"@type\":\"SearchAction\",\"target\":{\"@type\":\"EntryPoint\",\"urlTemplate\":\"https:\/\/archive.ontariocaregiver.ca\/fr\/?s={search_term_string}\"},\"query-input\":{\"@type\":\"PropertyValueSpecification\",\"valueRequired\":true,\"valueName\":\"search_term_string\"}}],\"inLanguage\":\"fr-FR\"}]}<\/script>\n<!-- \/ Yoast SEO plugin. -->","yoast_head_json":{"title":"Balado C'est le temps de parler - Organisme de soutien aux aidants naturels de l\u2019Ontario","robots":{"index":"noindex","follow":"follow","max-snippet":"max-snippet:-1","max-image-preview":"max-image-preview:large","max-video-preview":"max-video-preview:-1"},"og_locale":"fr_FR","og_type":"article","og_title":"Balado C'est le temps de parler - Organisme de soutien aux aidants naturels de l\u2019Ontario","og_description":"Vous n&rsquo;avez pas le temps de joindre un webinaire ou un groupe de soutien? \u00c9coutez notre balado, C&rsquo;est le temps de parler, maintenant disponible..","og_url":"https:\/\/archive.ontariocaregiver.ca\/fr\/balado-cest-le-temps-de-parler\/","og_site_name":"Organisme de soutien aux aidants naturels de l\u2019Ontario","article_modified_time":"2022-09-01T13:53:28+00:00","og_image":[{"width":1254,"height":836,"url":"https:\/\/ontariocaregiver.ca\/wp-content\/uploads\/2021\/03\/Podcast-slider.jpg","type":"image\/jpeg"}],"twitter_card":"summary_large_image","twitter_misc":{"Dur\u00e9e de lecture estim\u00e9e":"2 minutes"},"schema":{"@context":"https:\/\/schema.org","@graph":[{"@type":"WebPage","@id":"https:\/\/archive.ontariocaregiver.ca\/fr\/balado-cest-le-temps-de-parler\/","url":"https:\/\/archive.ontariocaregiver.ca\/fr\/balado-cest-le-temps-de-parler\/","name":"Balado C'est le temps de parler - Organisme de soutien aux aidants naturels de l\u2019Ontario","isPartOf":{"@id":"https:\/\/archive.ontariocaregiver.ca\/fr\/#website"},"primaryImageOfPage":{"@id":"https:\/\/archive.ontariocaregiver.ca\/fr\/balado-cest-le-temps-de-parler\/#primaryimage"},"image":{"@id":"https:\/\/archive.ontariocaregiver.ca\/fr\/balado-cest-le-temps-de-parler\/#primaryimage"},"thumbnailUrl":"https:\/\/ontariocaregiver.ca\/wp-content\/uploads\/2021\/03\/Podcast-slider.jpg","datePublished":"2021-04-13T15:10:00+00:00","dateModified":"2022-09-01T13:53:28+00:00","breadcrumb":{"@id":"https:\/\/archive.ontariocaregiver.ca\/fr\/balado-cest-le-temps-de-parler\/#breadcrumb"},"inLanguage":"fr-FR","potentialAction":[{"@type":"ReadAction","target":["https:\/\/archive.ontariocaregiver.ca\/fr\/balado-cest-le-temps-de-parler\/"]}]},{"@type":"ImageObject","inLanguage":"fr-FR","@id":"https:\/\/archive.ontariocaregiver.ca\/fr\/balado-cest-le-temps-de-parler\/#primaryimage","url":"https:\/\/ontariocaregiver.ca\/wp-content\/uploads\/2021\/03\/Podcast-slider.jpg","contentUrl":"https:\/\/ontariocaregiver.ca\/wp-content\/uploads\/2021\/03\/Podcast-slider.jpg","width":1254,"height":836,"caption":"Young hispanic man with relaxed expression listening to music using headphones at the city."},{"@type":"BreadcrumbList","@id":"https:\/\/archive.ontariocaregiver.ca\/fr\/balado-cest-le-temps-de-parler\/#breadcrumb","itemListElement":[{"@type":"ListItem","position":1,"name":"Page principale","item":"https:\/\/archive.ontariocaregiver.ca\/fr\/"},{"@type":"ListItem","position":2,"name":"Balado C&#8217;est le temps de parler"}]},{"@type":"WebSite","@id":"https:\/\/archive.ontariocaregiver.ca\/fr\/#website","url":"https:\/\/archive.ontariocaregiver.ca\/fr\/","name":"Organisme de soutien aux aidants naturels de l\u2019Ontario","description":"","potentialAction":[{"@type":"SearchAction","target":{"@type":"EntryPoint","urlTemplate":"https:\/\/archive.ontariocaregiver.ca\/fr\/?s={search_term_string}"},"query-input":{"@type":"PropertyValueSpecification","valueRequired":true,"valueName":"search_term_string"}}],"inLanguage":"fr-FR"}]}},"ticketed":false,"_links":{"self":[{"href":"https:\/\/archive.ontariocaregiver.ca\/fr\/wp-json\/wp\/v2\/pages\/9620","targetHints":{"allow":["GET"]}}],"collection":[{"href":"https:\/\/archive.ontariocaregiver.ca\/fr\/wp-json\/wp\/v2\/pages"}],"about":[{"href":"https:\/\/archive.ontariocaregiver.ca\/fr\/wp-json\/wp\/v2\/types\/page"}],"author":[{"embeddable":true,"href":"https:\/\/archive.ontariocaregiver.ca\/fr\/wp-json\/wp\/v2\/users\/7"}],"replies":[{"embeddable":true,"href":"https:\/\/archive.ontariocaregiver.ca\/fr\/wp-json\/wp\/v2\/comments?post=9620"}],"version-history":[{"count":8,"href":"https:\/\/archive.ontariocaregiver.ca\/fr\/wp-json\/wp\/v2\/pages\/9620\/revisions"}],"predecessor-version":[{"id":19016,"href":"https:\/\/archive.ontariocaregiver.ca\/fr\/wp-json\/wp\/v2\/pages\/9620\/revisions\/19016"}],"wp:featuredmedia":[{"embeddable":true,"href":"https:\/\/archive.ontariocaregiver.ca\/fr\/wp-json\/wp\/v2\/media\/9497"}],"wp:attachment":[{"href":"https:\/\/archive.ontariocaregiver.ca\/fr\/wp-json\/wp\/v2\/media?parent=9620"}],"curies":[{"name":"wp","href":"https:\/\/api.w.org\/{rel}","templated":true}]}}