{"id":9304,"date":"2020-06-09T09:00:54","date_gmt":"2020-06-09T13:00:54","guid":{"rendered":"https:\/\/archive.ontariocaregiver.ca\/covid-19\/covid-19-multilingual-resources\/"},"modified":"2021-03-24T10:25:37","modified_gmt":"2021-03-24T14:25:37","slug":"covid-19-multilingual-resources","status":"publish","type":"page","link":"https:\/\/archive.ontariocaregiver.ca\/fr\/covid-19\/covid-19-multilingual-resources\/","title":{"rendered":"Ressources plurilingues &#8211; COVID-19"},"content":{"rendered":"\n<h2 class=\"wp-block-heading\">COVID-19&nbsp;: ressources plurilingues<\/h2>\n\n\n\n<p>Apprenez-en davantage sur la fa\u00e7on de vous occuper des personnes qui vous sont les plus ch\u00e8res pendant cette situation en constante \u00e9volution au moyen de ressources sp\u00e9cialis\u00e9es con\u00e7ues par des aidantes naturelles et aidants naturels et offertes en arabe, dari, chinois simplifi\u00e9, espagnol, tamoul et urdu.<\/p>\n\n\n\n<p><strong>Si vous recherchez des ressources locales pour vous aider ou aider votre b\u00e9n\u00e9ficiaire de soins, veuillez appeler la Ligne d\u2019assistance 24\/7 de l\u2019OSANO au 1-833-416-2273 ou acc\u00e9der au Clavardage en direct sur le site. Un sp\u00e9cialiste des ressources communautaires vous aidera \u00e0 trouver ce qui est accessible dans votre r\u00e9gion.<\/strong><\/p>\n\n\n\n<p><strong>Pour obtenir des conseils m\u00e9dicaux, veuillez communiquer avec&nbsp;<a href=\"https:\/\/www.ontario.ca\/fr\/page\/obtenir-des-conseils-medicaux-telesante-ontario\" target=\"_blank\" rel=\"noreferrer noopener\">T\u00e9l\u00e9sant\u00e9 Ontario<\/a>&nbsp;au 1-866<\/strong>&#8211;<strong>797-0000 <\/strong><\/p>\n\n\n<div id=\"corona-resources-block_5e73f02f8a6e5\" class=\"corona-resources \">\n    <div class=\"row\">\n        <div class=\"small-12 column\">\n            <h2>Connectez-vous aujourd\u2019hui avez les ressources plurilingues les plus importantes sur la COVID-19 \u00e0 l\u2019intention des aidantes naturelles et aidants naturels\u00a0: <\/h2>\n        <\/div>\n                    <div class=\"medium-6 column\">\n                <a href=\"https:\/\/archive.ontariocaregiver.ca\/fr\/covid-19\/multilingual-resources\/\" target=\"_blank\">\n                <div class=\"box\" style=\"background-image:url('https:\/\/ontariocaregiver.ca\/wp-content\/uploads\/2020\/05\/Caregiver-Tip-Sheets-700x442.jpg');\">\n                    <div class=\"box-content\">\n                        Fiches-conseils multilingues                    <\/div>\n                    <div class=\"arrow\">\n                        <i class=\"icon icon-arrow-right\"><\/i>\n                    <\/div>\n                <\/div>\n                <\/a>\n            <\/div>\n                    <div class=\"medium-6 column\">\n                <a href=\"https:\/\/www.publichealthontario.ca\/fr\/diseases-and-conditions\/infectious-diseases\/respiratory-diseases\/novel-coronavirus\" target=\"_blank\">\n                <div class=\"box\" style=\"background-image:url('https:\/\/ontariocaregiver.ca\/wp-content\/uploads\/2020\/05\/Volunteer-Week-Image-4-700x517.jpg');\">\n                    <div class=\"box-content\">\n                        Sant\u00e9 publique Ontario                    <\/div>\n                    <div class=\"arrow\">\n                        <i class=\"icon icon-arrow-right\"><\/i>\n                    <\/div>\n                <\/div>\n                <\/a>\n            <\/div>\n                    <div class=\"medium-6 column\">\n                <a href=\"https:\/\/www.canada.ca\/fr\/sante-publique\/services\/maladies\/2019-nouveau-coronavirus.html\" target=\"_blank\">\n                <div class=\"box\" style=\"background-image:url('https:\/\/ontariocaregiver.ca\/wp-content\/uploads\/2020\/04\/Woman-using-a-computer-958423794_6720x4480-scaled.jpeg');\">\n                    <div class=\"box-content\">\n                        Agence de la sant\u00e9 publique du Canada                    <\/div>\n                    <div class=\"arrow\">\n                        <i class=\"icon icon-arrow-right\"><\/i>\n                    <\/div>\n                <\/div>\n                <\/a>\n            <\/div>\n            <\/div>\n<\/div>\n","protected":false},"excerpt":{"rendered":"<p>COVID-19&nbsp;: ressources plurilingues Apprenez-en davantage sur la fa\u00e7on de vous occuper des personnes qui vous sont les plus ch\u00e8res pendant cette situation en constante..<\/p>\n","protected":false},"author":2,"featured_media":2021,"parent":3935,"menu_order":-1,"comment_status":"closed","ping_status":"closed","template":"","meta":{"_acf_changed":false,"_relevanssi_hide_post":"","_relevanssi_hide_content":"","_relevanssi_pin_for_all":"","_relevanssi_pin_keywords":"","_relevanssi_unpin_keywords":"","_relevanssi_related_keywords":"","_relevanssi_related_include_ids":"","_relevanssi_related_exclude_ids":"","_relevanssi_related_no_append":"","_relevanssi_related_not_related":"","_relevanssi_related_posts":"","_relevanssi_noindex_reason":"","_price":"","_stock":"","_tribe_ticket_header":"","_tribe_default_ticket_provider":"","_tribe_ticket_capacity":"0","_ticket_start_date":"","_ticket_end_date":"","_tribe_ticket_show_description":"","_tribe_ticket_show_not_going":false,"_tribe_ticket_use_global_stock":"","_tribe_ticket_global_stock_level":"","_global_stock_mode":"","_global_stock_cap":"","_tribe_rsvp_for_event":"","_tribe_ticket_going_count":"","_tribe_ticket_not_going_count":"","_tribe_tickets_list":[],"_tribe_ticket_has_attendee_info_fields":false,"footnotes":""},"class_list":["post-9304","page","type-page","status-publish","has-post-thumbnail","hentry"],"acf":[],"yoast_head":"<!-- This site is optimized with the Yoast SEO plugin v25.8 - https:\/\/yoast.com\/wordpress\/plugins\/seo\/ -->\n<title>Ressources plurilingues - COVID-19 - Organisme de soutien aux aidants naturels de l\u2019Ontario<\/title>\n<meta name=\"robots\" content=\"noindex, follow, max-snippet:-1, max-image-preview:large, max-video-preview:-1\" \/>\n<meta property=\"og:locale\" content=\"fr_FR\" \/>\n<meta property=\"og:type\" content=\"article\" \/>\n<meta property=\"og:title\" content=\"Ressources plurilingues - COVID-19 - Organisme de soutien aux aidants naturels de l\u2019Ontario\" \/>\n<meta property=\"og:description\" content=\"COVID-19&nbsp;: ressources plurilingues Apprenez-en davantage sur la fa\u00e7on de vous occuper des personnes qui vous sont les plus ch\u00e8res pendant cette situation en constante..\" \/>\n<meta property=\"og:url\" content=\"https:\/\/archive.ontariocaregiver.ca\/fr\/covid-19\/covid-19-multilingual-resources\/\" \/>\n<meta property=\"og:site_name\" content=\"Organisme de soutien aux aidants naturels de l\u2019Ontario\" \/>\n<meta property=\"article:modified_time\" content=\"2021-03-24T14:25:37+00:00\" \/>\n<meta property=\"og:image\" content=\"https:\/\/ontariocaregiver.ca\/wp-content\/uploads\/2020\/03\/Family-washing-their-hands-together-1024x682.png\" \/>\n\t<meta property=\"og:image:width\" content=\"1024\" \/>\n\t<meta property=\"og:image:height\" content=\"682\" \/>\n\t<meta property=\"og:image:type\" content=\"image\/png\" \/>\n<meta name=\"twitter:card\" content=\"summary_large_image\" \/>\n<meta name=\"twitter:label1\" content=\"Dur\u00e9e de lecture estim\u00e9e\" \/>\n\t<meta name=\"twitter:data1\" content=\"1 minute\" \/>\n<script type=\"application\/ld+json\" class=\"yoast-schema-graph\">{\"@context\":\"https:\/\/schema.org\",\"@graph\":[{\"@type\":\"WebPage\",\"@id\":\"https:\/\/archive.ontariocaregiver.ca\/fr\/covid-19\/covid-19-multilingual-resources\/\",\"url\":\"https:\/\/archive.ontariocaregiver.ca\/fr\/covid-19\/covid-19-multilingual-resources\/\",\"name\":\"Ressources plurilingues - COVID-19 - Organisme de soutien aux aidants naturels de l\u2019Ontario\",\"isPartOf\":{\"@id\":\"https:\/\/archive.ontariocaregiver.ca\/fr\/#website\"},\"primaryImageOfPage\":{\"@id\":\"https:\/\/archive.ontariocaregiver.ca\/fr\/covid-19\/covid-19-multilingual-resources\/#primaryimage\"},\"image\":{\"@id\":\"https:\/\/archive.ontariocaregiver.ca\/fr\/covid-19\/covid-19-multilingual-resources\/#primaryimage\"},\"thumbnailUrl\":\"https:\/\/ontariocaregiver.ca\/wp-content\/uploads\/2020\/03\/Family-washing-their-hands-together.png\",\"datePublished\":\"2020-06-09T13:00:54+00:00\",\"dateModified\":\"2021-03-24T14:25:37+00:00\",\"breadcrumb\":{\"@id\":\"https:\/\/archive.ontariocaregiver.ca\/fr\/covid-19\/covid-19-multilingual-resources\/#breadcrumb\"},\"inLanguage\":\"fr-FR\",\"potentialAction\":[{\"@type\":\"ReadAction\",\"target\":[\"https:\/\/archive.ontariocaregiver.ca\/fr\/covid-19\/covid-19-multilingual-resources\/\"]}]},{\"@type\":\"ImageObject\",\"inLanguage\":\"fr-FR\",\"@id\":\"https:\/\/archive.ontariocaregiver.ca\/fr\/covid-19\/covid-19-multilingual-resources\/#primaryimage\",\"url\":\"https:\/\/ontariocaregiver.ca\/wp-content\/uploads\/2020\/03\/Family-washing-their-hands-together.png\",\"contentUrl\":\"https:\/\/ontariocaregiver.ca\/wp-content\/uploads\/2020\/03\/Family-washing-their-hands-together.png\",\"width\":3865,\"height\":2576,\"caption\":\"Three children smile as they wash their hands together\"},{\"@type\":\"BreadcrumbList\",\"@id\":\"https:\/\/archive.ontariocaregiver.ca\/fr\/covid-19\/covid-19-multilingual-resources\/#breadcrumb\",\"itemListElement\":[{\"@type\":\"ListItem\",\"position\":1,\"name\":\"Page principale\",\"item\":\"https:\/\/archive.ontariocaregiver.ca\/fr\/\"},{\"@type\":\"ListItem\",\"position\":2,\"name\":\"COVID-19\",\"item\":\"https:\/\/archive.ontariocaregiver.ca\/fr\/covid-19\/\"},{\"@type\":\"ListItem\",\"position\":3,\"name\":\"Ressources plurilingues &#8211; COVID-19\"}]},{\"@type\":\"WebSite\",\"@id\":\"https:\/\/archive.ontariocaregiver.ca\/fr\/#website\",\"url\":\"https:\/\/archive.ontariocaregiver.ca\/fr\/\",\"name\":\"Organisme de soutien aux aidants naturels de l\u2019Ontario\",\"description\":\"\",\"potentialAction\":[{\"@type\":\"SearchAction\",\"target\":{\"@type\":\"EntryPoint\",\"urlTemplate\":\"https:\/\/archive.ontariocaregiver.ca\/fr\/?s={search_term_string}\"},\"query-input\":{\"@type\":\"PropertyValueSpecification\",\"valueRequired\":true,\"valueName\":\"search_term_string\"}}],\"inLanguage\":\"fr-FR\"}]}<\/script>\n<!-- \/ Yoast SEO plugin. -->","yoast_head_json":{"title":"Ressources plurilingues - COVID-19 - Organisme de soutien aux aidants naturels de l\u2019Ontario","robots":{"index":"noindex","follow":"follow","max-snippet":"max-snippet:-1","max-image-preview":"max-image-preview:large","max-video-preview":"max-video-preview:-1"},"og_locale":"fr_FR","og_type":"article","og_title":"Ressources plurilingues - COVID-19 - Organisme de soutien aux aidants naturels de l\u2019Ontario","og_description":"COVID-19&nbsp;: ressources plurilingues Apprenez-en davantage sur la fa\u00e7on de vous occuper des personnes qui vous sont les plus ch\u00e8res pendant cette situation en constante..","og_url":"https:\/\/archive.ontariocaregiver.ca\/fr\/covid-19\/covid-19-multilingual-resources\/","og_site_name":"Organisme de soutien aux aidants naturels de l\u2019Ontario","article_modified_time":"2021-03-24T14:25:37+00:00","og_image":[{"width":1024,"height":682,"url":"https:\/\/ontariocaregiver.ca\/wp-content\/uploads\/2020\/03\/Family-washing-their-hands-together-1024x682.png","type":"image\/png"}],"twitter_card":"summary_large_image","twitter_misc":{"Dur\u00e9e de lecture estim\u00e9e":"1 minute"},"schema":{"@context":"https:\/\/schema.org","@graph":[{"@type":"WebPage","@id":"https:\/\/archive.ontariocaregiver.ca\/fr\/covid-19\/covid-19-multilingual-resources\/","url":"https:\/\/archive.ontariocaregiver.ca\/fr\/covid-19\/covid-19-multilingual-resources\/","name":"Ressources plurilingues - COVID-19 - Organisme de soutien aux aidants naturels de l\u2019Ontario","isPartOf":{"@id":"https:\/\/archive.ontariocaregiver.ca\/fr\/#website"},"primaryImageOfPage":{"@id":"https:\/\/archive.ontariocaregiver.ca\/fr\/covid-19\/covid-19-multilingual-resources\/#primaryimage"},"image":{"@id":"https:\/\/archive.ontariocaregiver.ca\/fr\/covid-19\/covid-19-multilingual-resources\/#primaryimage"},"thumbnailUrl":"https:\/\/ontariocaregiver.ca\/wp-content\/uploads\/2020\/03\/Family-washing-their-hands-together.png","datePublished":"2020-06-09T13:00:54+00:00","dateModified":"2021-03-24T14:25:37+00:00","breadcrumb":{"@id":"https:\/\/archive.ontariocaregiver.ca\/fr\/covid-19\/covid-19-multilingual-resources\/#breadcrumb"},"inLanguage":"fr-FR","potentialAction":[{"@type":"ReadAction","target":["https:\/\/archive.ontariocaregiver.ca\/fr\/covid-19\/covid-19-multilingual-resources\/"]}]},{"@type":"ImageObject","inLanguage":"fr-FR","@id":"https:\/\/archive.ontariocaregiver.ca\/fr\/covid-19\/covid-19-multilingual-resources\/#primaryimage","url":"https:\/\/ontariocaregiver.ca\/wp-content\/uploads\/2020\/03\/Family-washing-their-hands-together.png","contentUrl":"https:\/\/ontariocaregiver.ca\/wp-content\/uploads\/2020\/03\/Family-washing-their-hands-together.png","width":3865,"height":2576,"caption":"Three children smile as they wash their hands together"},{"@type":"BreadcrumbList","@id":"https:\/\/archive.ontariocaregiver.ca\/fr\/covid-19\/covid-19-multilingual-resources\/#breadcrumb","itemListElement":[{"@type":"ListItem","position":1,"name":"Page principale","item":"https:\/\/archive.ontariocaregiver.ca\/fr\/"},{"@type":"ListItem","position":2,"name":"COVID-19","item":"https:\/\/archive.ontariocaregiver.ca\/fr\/covid-19\/"},{"@type":"ListItem","position":3,"name":"Ressources plurilingues &#8211; COVID-19"}]},{"@type":"WebSite","@id":"https:\/\/archive.ontariocaregiver.ca\/fr\/#website","url":"https:\/\/archive.ontariocaregiver.ca\/fr\/","name":"Organisme de soutien aux aidants naturels de l\u2019Ontario","description":"","potentialAction":[{"@type":"SearchAction","target":{"@type":"EntryPoint","urlTemplate":"https:\/\/archive.ontariocaregiver.ca\/fr\/?s={search_term_string}"},"query-input":{"@type":"PropertyValueSpecification","valueRequired":true,"valueName":"search_term_string"}}],"inLanguage":"fr-FR"}]}},"ticketed":false,"_links":{"self":[{"href":"https:\/\/archive.ontariocaregiver.ca\/fr\/wp-json\/wp\/v2\/pages\/9304","targetHints":{"allow":["GET"]}}],"collection":[{"href":"https:\/\/archive.ontariocaregiver.ca\/fr\/wp-json\/wp\/v2\/pages"}],"about":[{"href":"https:\/\/archive.ontariocaregiver.ca\/fr\/wp-json\/wp\/v2\/types\/page"}],"author":[{"embeddable":true,"href":"https:\/\/archive.ontariocaregiver.ca\/fr\/wp-json\/wp\/v2\/users\/2"}],"replies":[{"embeddable":true,"href":"https:\/\/archive.ontariocaregiver.ca\/fr\/wp-json\/wp\/v2\/comments?post=9304"}],"version-history":[{"count":10,"href":"https:\/\/archive.ontariocaregiver.ca\/fr\/wp-json\/wp\/v2\/pages\/9304\/revisions"}],"predecessor-version":[{"id":9349,"href":"https:\/\/archive.ontariocaregiver.ca\/fr\/wp-json\/wp\/v2\/pages\/9304\/revisions\/9349"}],"up":[{"embeddable":true,"href":"https:\/\/archive.ontariocaregiver.ca\/fr\/wp-json\/wp\/v2\/pages\/3935"}],"wp:featuredmedia":[{"embeddable":true,"href":"https:\/\/archive.ontariocaregiver.ca\/fr\/wp-json\/wp\/v2\/media\/2021"}],"wp:attachment":[{"href":"https:\/\/archive.ontariocaregiver.ca\/fr\/wp-json\/wp\/v2\/media?parent=9304"}],"curies":[{"name":"wp","href":"https:\/\/api.w.org\/{rel}","templated":true}]}}