{"id":8951,"date":"2021-02-02T16:00:05","date_gmt":"2021-02-02T21:00:05","guid":{"rendered":"https:\/\/archive.ontariocaregiver.ca\/?page_id=8951"},"modified":"2021-02-02T16:00:06","modified_gmt":"2021-02-02T21:00:06","slug":"communiquer-avec-les-aidants-naturels","status":"publish","type":"page","link":"https:\/\/archive.ontariocaregiver.ca\/fr\/communiquer-avec-les-aidants-naturels\/","title":{"rendered":"Communiquer avec les aidants naturels"},"content":{"rendered":"\n<h1 class=\"wp-block-heading\">Communiquer avec les aidants naturels<\/h1>\n\n\n\n<h2 class=\"wp-block-heading\">Sept fa\u00e7ons significatives de soutenir les aidants naturels<\/h2>\n\n\n\n<p>En tant que prestataire de soins de sant\u00e9, vous pouvez reconna\u00eetre les aidants naturels et adopter ces pratiques dans vos interactions avec eux&nbsp;:<\/p>\n\n\n\n<p><strong>1. <\/strong><strong>Identifiez les aidants naturels<\/strong> et incluez-les en tant que membres de l\u2019\u00e9quipe de soins de sant\u00e9. Ils sont vos partenaires dans la prestation des soins.<\/p>\n\n\n\n<p><strong>2. Demandez aux aidants naturels comment ils se sentent.&nbsp;<\/strong>Il s\u2019agit l\u00e0 de leur toute premi\u00e8re demande. Peu de gens demandent \u00e0 l\u2019aidant naturel comment il va, ce qui ajoute aux sentiments de d\u00e9sespoir et d\u2019isolation. Cette simple question peut faire toute la diff\u00e9rence.<\/p>\n\n\n\n<p><strong>3. Dites aux aidants naturels ce qui se passe et ce \u00e0 quoi ils peuvent s\u2019attendre.&nbsp;<\/strong>Les aidants naturels sont anxieux \u00e0 l\u2019\u00e9gard du pronostic du patient et quant \u00e0 ce que l\u2019avenir leur r\u00e9serve. Savoir ce qui se passera ensuite peut apaiser leur anxi\u00e9t\u00e9 et les aider \u00e0 planifier la suite des choses.<\/p>\n\n\n\n<p><strong>5. Mettez-les en lien avec des ressources.<\/strong>&nbsp;Informez-les des programmes et services locaux, et aiguillez-les vers la Ligne d\u2019assistance de l\u2019Organisme de soutien aux aidants naturels de l\u2019Ontario pour qu\u2019ils obtiennent de plus amples renseignements.<\/p>\n\n\n\n<p><strong>4. Encouragez les aidants naturels \u00e0 accepter de l\u2019aide.<\/strong>&nbsp;Souvent, les aidants naturels trouvent qu\u2019il est difficile de demander de l\u2019aide et estiment qu\u2019ils devraient \u00eatre capables de g\u00e9rer cette responsabilit\u00e9 seuls. La r\u00e9alit\u00e9 est que les aidants naturels qui ne cherchent pas ou n\u2019acceptent pas de soutien courent un risque \u00e9lev\u00e9 d\u2019\u00e9puisement.<\/p>\n\n\n\n<p><strong>6. Encouragez-les \u00e0 parler de leurs sentiments \u00e0 quelqu\u2019un.&nbsp;<\/strong>Ce n\u2019est pas toujours facile pour eux de partager.&nbsp; Se confier \u00e0 vous ou \u00e0 un professionnel de la sant\u00e9 mentale est la premi\u00e8re \u00e9tape et peut les aider \u00e0 soulager leur anxi\u00e9t\u00e9 et leur sentiment d\u2019isolation.<\/p>\n\n\n\n<p><strong>7. Reprenez cette conversation tout au long de leur parcours.<\/strong>&nbsp;Cela peut prendre du temps pour que les aidants naturels cherchent ou acceptent de l\u2019aide pour eux-m\u00eames.<\/p>\n\n\n\n<p><em>Liste bas\u00e9e sur la bo\u00eete \u00e0 outils Time to Talk de l\u2019initiative Connecting the Dots for Caregivers de The Change Foundation.<\/em><\/p>\n","protected":false},"excerpt":{"rendered":"<p>Communiquer avec les aidants naturels Sept fa\u00e7ons significatives de soutenir les aidants naturels En tant que prestataire de soins de sant\u00e9, vous pouvez reconna\u00eetre..<\/p>\n","protected":false},"author":7,"featured_media":0,"parent":0,"menu_order":-1,"comment_status":"closed","ping_status":"closed","template":"","meta":{"_acf_changed":false,"_relevanssi_hide_post":"","_relevanssi_hide_content":"","_relevanssi_pin_for_all":"","_relevanssi_pin_keywords":"","_relevanssi_unpin_keywords":"","_relevanssi_related_keywords":"","_relevanssi_related_include_ids":"","_relevanssi_related_exclude_ids":"","_relevanssi_related_no_append":"","_relevanssi_related_not_related":"","_relevanssi_related_posts":"12718,12350,18069,2001,11439,18495","_relevanssi_noindex_reason":"","_price":"","_stock":"","_tribe_ticket_header":"","_tribe_default_ticket_provider":"","_tribe_ticket_capacity":"0","_ticket_start_date":"","_ticket_end_date":"","_tribe_ticket_show_description":"","_tribe_ticket_show_not_going":false,"_tribe_ticket_use_global_stock":"","_tribe_ticket_global_stock_level":"","_global_stock_mode":"","_global_stock_cap":"","_tribe_rsvp_for_event":"","_tribe_ticket_going_count":"","_tribe_ticket_not_going_count":"","_tribe_tickets_list":[],"_tribe_ticket_has_attendee_info_fields":false,"footnotes":""},"class_list":["post-8951","page","type-page","status-publish","hentry"],"acf":[],"yoast_head":"<!-- This site is optimized with the Yoast SEO plugin v25.8 - https:\/\/yoast.com\/wordpress\/plugins\/seo\/ -->\n<title>Communiquer avec les aidants naturels - Organisme de soutien aux aidants naturels de l\u2019Ontario<\/title>\n<meta name=\"robots\" content=\"noindex, follow, max-snippet:-1, max-image-preview:large, max-video-preview:-1\" \/>\n<meta property=\"og:locale\" content=\"fr_FR\" \/>\n<meta property=\"og:type\" content=\"article\" \/>\n<meta property=\"og:title\" content=\"Communiquer avec les aidants naturels - Organisme de soutien aux aidants naturels de l\u2019Ontario\" \/>\n<meta property=\"og:description\" content=\"Communiquer avec les aidants naturels Sept fa\u00e7ons significatives de soutenir les aidants naturels En tant que prestataire de soins de sant\u00e9, vous pouvez reconna\u00eetre..\" \/>\n<meta property=\"og:url\" content=\"https:\/\/archive.ontariocaregiver.ca\/fr\/communiquer-avec-les-aidants-naturels\/\" \/>\n<meta property=\"og:site_name\" content=\"Organisme de soutien aux aidants naturels de l\u2019Ontario\" \/>\n<meta property=\"article:modified_time\" content=\"2021-02-02T21:00:06+00:00\" \/>\n<meta name=\"twitter:card\" content=\"summary_large_image\" \/>\n<meta name=\"twitter:label1\" content=\"Dur\u00e9e de lecture estim\u00e9e\" \/>\n\t<meta name=\"twitter:data1\" content=\"2 minutes\" \/>\n<script type=\"application\/ld+json\" class=\"yoast-schema-graph\">{\"@context\":\"https:\/\/schema.org\",\"@graph\":[{\"@type\":\"WebPage\",\"@id\":\"https:\/\/archive.ontariocaregiver.ca\/fr\/communiquer-avec-les-aidants-naturels\/\",\"url\":\"https:\/\/archive.ontariocaregiver.ca\/fr\/communiquer-avec-les-aidants-naturels\/\",\"name\":\"Communiquer avec les aidants naturels - Organisme de soutien aux aidants naturels de l\u2019Ontario\",\"isPartOf\":{\"@id\":\"https:\/\/archive.ontariocaregiver.ca\/fr\/#website\"},\"datePublished\":\"2021-02-02T21:00:05+00:00\",\"dateModified\":\"2021-02-02T21:00:06+00:00\",\"breadcrumb\":{\"@id\":\"https:\/\/archive.ontariocaregiver.ca\/fr\/communiquer-avec-les-aidants-naturels\/#breadcrumb\"},\"inLanguage\":\"fr-FR\",\"potentialAction\":[{\"@type\":\"ReadAction\",\"target\":[\"https:\/\/archive.ontariocaregiver.ca\/fr\/communiquer-avec-les-aidants-naturels\/\"]}]},{\"@type\":\"BreadcrumbList\",\"@id\":\"https:\/\/archive.ontariocaregiver.ca\/fr\/communiquer-avec-les-aidants-naturels\/#breadcrumb\",\"itemListElement\":[{\"@type\":\"ListItem\",\"position\":1,\"name\":\"Page principale\",\"item\":\"https:\/\/archive.ontariocaregiver.ca\/fr\/\"},{\"@type\":\"ListItem\",\"position\":2,\"name\":\"Communiquer avec les aidants naturels\"}]},{\"@type\":\"WebSite\",\"@id\":\"https:\/\/archive.ontariocaregiver.ca\/fr\/#website\",\"url\":\"https:\/\/archive.ontariocaregiver.ca\/fr\/\",\"name\":\"Organisme de soutien aux aidants naturels de l\u2019Ontario\",\"description\":\"\",\"potentialAction\":[{\"@type\":\"SearchAction\",\"target\":{\"@type\":\"EntryPoint\",\"urlTemplate\":\"https:\/\/archive.ontariocaregiver.ca\/fr\/?s={search_term_string}\"},\"query-input\":{\"@type\":\"PropertyValueSpecification\",\"valueRequired\":true,\"valueName\":\"search_term_string\"}}],\"inLanguage\":\"fr-FR\"}]}<\/script>\n<!-- \/ Yoast SEO plugin. -->","yoast_head_json":{"title":"Communiquer avec les aidants naturels - Organisme de soutien aux aidants naturels de l\u2019Ontario","robots":{"index":"noindex","follow":"follow","max-snippet":"max-snippet:-1","max-image-preview":"max-image-preview:large","max-video-preview":"max-video-preview:-1"},"og_locale":"fr_FR","og_type":"article","og_title":"Communiquer avec les aidants naturels - Organisme de soutien aux aidants naturels de l\u2019Ontario","og_description":"Communiquer avec les aidants naturels Sept fa\u00e7ons significatives de soutenir les aidants naturels En tant que prestataire de soins de sant\u00e9, vous pouvez reconna\u00eetre..","og_url":"https:\/\/archive.ontariocaregiver.ca\/fr\/communiquer-avec-les-aidants-naturels\/","og_site_name":"Organisme de soutien aux aidants naturels de l\u2019Ontario","article_modified_time":"2021-02-02T21:00:06+00:00","twitter_card":"summary_large_image","twitter_misc":{"Dur\u00e9e de lecture estim\u00e9e":"2 minutes"},"schema":{"@context":"https:\/\/schema.org","@graph":[{"@type":"WebPage","@id":"https:\/\/archive.ontariocaregiver.ca\/fr\/communiquer-avec-les-aidants-naturels\/","url":"https:\/\/archive.ontariocaregiver.ca\/fr\/communiquer-avec-les-aidants-naturels\/","name":"Communiquer avec les aidants naturels - Organisme de soutien aux aidants naturels de l\u2019Ontario","isPartOf":{"@id":"https:\/\/archive.ontariocaregiver.ca\/fr\/#website"},"datePublished":"2021-02-02T21:00:05+00:00","dateModified":"2021-02-02T21:00:06+00:00","breadcrumb":{"@id":"https:\/\/archive.ontariocaregiver.ca\/fr\/communiquer-avec-les-aidants-naturels\/#breadcrumb"},"inLanguage":"fr-FR","potentialAction":[{"@type":"ReadAction","target":["https:\/\/archive.ontariocaregiver.ca\/fr\/communiquer-avec-les-aidants-naturels\/"]}]},{"@type":"BreadcrumbList","@id":"https:\/\/archive.ontariocaregiver.ca\/fr\/communiquer-avec-les-aidants-naturels\/#breadcrumb","itemListElement":[{"@type":"ListItem","position":1,"name":"Page principale","item":"https:\/\/archive.ontariocaregiver.ca\/fr\/"},{"@type":"ListItem","position":2,"name":"Communiquer avec les aidants naturels"}]},{"@type":"WebSite","@id":"https:\/\/archive.ontariocaregiver.ca\/fr\/#website","url":"https:\/\/archive.ontariocaregiver.ca\/fr\/","name":"Organisme de soutien aux aidants naturels de l\u2019Ontario","description":"","potentialAction":[{"@type":"SearchAction","target":{"@type":"EntryPoint","urlTemplate":"https:\/\/archive.ontariocaregiver.ca\/fr\/?s={search_term_string}"},"query-input":{"@type":"PropertyValueSpecification","valueRequired":true,"valueName":"search_term_string"}}],"inLanguage":"fr-FR"}]}},"ticketed":false,"_links":{"self":[{"href":"https:\/\/archive.ontariocaregiver.ca\/fr\/wp-json\/wp\/v2\/pages\/8951","targetHints":{"allow":["GET"]}}],"collection":[{"href":"https:\/\/archive.ontariocaregiver.ca\/fr\/wp-json\/wp\/v2\/pages"}],"about":[{"href":"https:\/\/archive.ontariocaregiver.ca\/fr\/wp-json\/wp\/v2\/types\/page"}],"author":[{"embeddable":true,"href":"https:\/\/archive.ontariocaregiver.ca\/fr\/wp-json\/wp\/v2\/users\/7"}],"replies":[{"embeddable":true,"href":"https:\/\/archive.ontariocaregiver.ca\/fr\/wp-json\/wp\/v2\/comments?post=8951"}],"version-history":[{"count":1,"href":"https:\/\/archive.ontariocaregiver.ca\/fr\/wp-json\/wp\/v2\/pages\/8951\/revisions"}],"predecessor-version":[{"id":8952,"href":"https:\/\/archive.ontariocaregiver.ca\/fr\/wp-json\/wp\/v2\/pages\/8951\/revisions\/8952"}],"wp:attachment":[{"href":"https:\/\/archive.ontariocaregiver.ca\/fr\/wp-json\/wp\/v2\/media?parent=8951"}],"curies":[{"name":"wp","href":"https:\/\/api.w.org\/{rel}","templated":true}]}}