{"id":8890,"date":"2021-02-02T10:20:25","date_gmt":"2021-02-02T15:20:25","guid":{"rendered":"https:\/\/archive.ontariocaregiver.ca\/?page_id=8890"},"modified":"2022-03-16T16:51:03","modified_gmt":"2022-03-16T20:51:03","slug":"la-trousse-doutils-cest-le-temps-de-parler","status":"publish","type":"page","link":"https:\/\/archive.ontariocaregiver.ca\/fr\/la-trousse-doutils-cest-le-temps-de-parler\/","title":{"rendered":"La trousse C&rsquo;est le temps de parler"},"content":{"rendered":"\n<h1 class=\"wp-block-heading\">La trousse C&rsquo;est le temps de parler<\/h1>\n\n\n\n<div class=\"wp-block-image\"><figure class=\"alignleft size-full\"><img loading=\"lazy\" decoding=\"async\" width=\"227\" height=\"132\" src=\"https:\/\/ontariocaregiver.ca\/wp-content\/uploads\/2022\/03\/Time-to-Talk-graphic-French.png\" alt=\"\" class=\"wp-image-16468\"\/><\/figure><\/div>\n\n\n\n<p>L&rsquo;aidance naturelle peut \u00eatre une exp\u00e9rience enrichissante et satisfaisante. Toutefois, elle peut \u00e9galement s\u2019av\u00e9rer difficile et occasionner de la frustration, du stress et de l\u2019anxi\u00e9t\u00e9. Les prestataires de soins peuvent avoir une incidence sur cette situation. Poser une question aussi simple que \u00ab&nbsp;<em>Comment allez-vous<\/em>?&nbsp;\u00bb peut permettre aux personnes aidantes naturelles d\u2019amorcer une conversation importante et les aider consid\u00e9rablement.<\/p>\n\n\n\n<p>Con\u00e7ue conjointement par des prestataires de soins et des personnes aidantes naturelles, la trousse <em>C\u2019est le temps de parler<\/em> vise \u00e0 les aider \u00e0 jouer leur r\u00f4le et \u00e0 favoriser des conversations constructives<a href=\"#change-fdn\">[1]<\/a>.<\/p>\n\n\n\n<div class=\"wp-block-columns is-layout-flex wp-container-core-columns-is-layout-1 wp-block-columns-is-layout-flex\">\n<div class=\"wp-block-column is-layout-flow wp-block-column-is-layout-flow\" style=\"flex-basis:66.66%\">\n<figure class=\"wp-block-image size-full\"><a href=\"https:\/\/www.youtube.com\/watch?v=7hH8Krc8hvU&amp;feature=youtu.be\" target=\"_blank\" rel=\"noopener\"><img loading=\"lazy\" decoding=\"async\" width=\"493\" height=\"275\" src=\"https:\/\/ontariocaregiver.ca\/wp-content\/uploads\/2021\/02\/Sandy-Time-to-Talk-1.jpg\" alt=\"\" class=\"wp-image-8948\" srcset=\"https:\/\/ontariocaregiver.ca\/wp-content\/uploads\/2021\/02\/Sandy-Time-to-Talk-1.jpg 493w, https:\/\/ontariocaregiver.ca\/wp-content\/uploads\/2021\/02\/Sandy-Time-to-Talk-1-300x167.jpg 300w\" sizes=\"auto, (max-width: 493px) 100vw, 493px\" \/><\/a><figcaption><a href=\"https:\/\/www.youtube.com\/watch?v=7hH8Krc8hvU&amp;feature=youtu.be\" target=\"_blank\" rel=\"noreferrer noopener\">Regardez la vid\u00e9o sur YouTube (en anglais seulement)<\/a><\/figcaption><\/figure>\n<\/div>\n\n\n\n<div class=\"wp-block-column is-layout-flow wp-block-column-is-layout-flow\" style=\"flex-basis:33.33%\">\n<p>Voici Sandy. Elle partage ce qu\u2019une initiative telle que C\u2019est le temps de parler signifie pour les aidantes naturelles et aidants naturels. <em>Vid\u00e9o en anglais seulement.<\/em><\/p>\n<\/div>\n<\/div>\n\n\n\n<h2 class=\"wp-block-heading\"><em>C\u2019est le temps de parler<\/em> aidera votre organisme \u00e0:<\/h2>\n\n\n\n<ul class=\"wp-block-list\"><li>soutenir le personnel en lui fournissant les outils dont il a besoin pour reconna\u00eetre les aidants naturels et accro\u00eetre sa compr\u00e9hension de l\u2019incidence de l\u2019aidance naturelle;<\/li><li>aider le personnel \u00e0 orienter les aidants naturels vers des mesures de soutien adapt\u00e9es;<\/li><li>contribuer \u00e0 un changement culturel visant \u00e0 reconna\u00eetre, \u00e0 soutenir et \u00e0 valoriser les personnes aidantes naturelles;<\/li><li>\u00e9tablir le fondement de la reconnaissance et de l\u2019inclusion formelles des aidants naturels dans l\u2019\u00e9quipe soignante au moyen d\u2019une d\u00e9marche ax\u00e9e sur les <a href=\"https:\/\/archive.ontariocaregiver.ca\/fr\/healthcare-provider-resource-centre-partners-in-care\/inclusion-de-laidant-naturel-dans-lequipe-de-soins\/\">partenaires de soins<\/a>.<\/li><\/ul>\n\n\n\n<p>Le c\u0153ur de la trousse est une fiche-conseils destin\u00e9e aux membres du personnel qui compte sept choses faciles que peuvent faire les prestataires de soins afin d\u2019avoir une incidence sur l\u2019exp\u00e9rience d\u2019aidance naturelle. Ces conseils, \u00e9labor\u00e9s par des personnes aidantes naturelles, favorisent des conversations cibl\u00e9es. Parmi les autres \u00e9l\u00e9ments de la trousse, on retrouve des ressources et des documents qui soutiennent la mise en \u0153uvre, encouragent des membres du personnel \u00e0 se poser en championne ou en champion de l\u2019approche et appuient le changement.&nbsp;<\/p>\n\n\n\n<h2 class=\"wp-block-heading\"><strong><strong>\u00c9l\u00e9ments de la trousse <em>C\u2019est le temps de parler<\/em><\/strong><\/strong>:<\/h2>\n\n\n<div id=\"corona-resources-block_6019699df2cf6\" class=\"corona-resources \">\n    <div class=\"row\" data-equalizer data-equalize-on=\"medium\">\n                    <div class=\"medium-6 column\">\n                <div class=\"col-title\"><div class=\"inner\"><h2 data-equalizer-watch><\/h2><\/div><\/div>\n                <a href=\"https:\/\/ontariocaregiver.ca\/wp-content\/uploads\/2022\/02\/TIMETO_4-1.pdf\" target=\"_blank\">\n                <div class=\"box\" style=\"background-image:url('https:\/\/ontariocaregiver.ca\/wp-content\/uploads\/2022\/03\/iStock-1141333760-700x448.jpg');\">\n                    <div class=\"box-content\">\n                        Guide de mise en oeuvre de l&rsquo;approche                    <\/div>\n                    <div class=\"arrow\">\n                        <i class=\"icon icon-arrow-right\"><\/i>\n                    <\/div>\n                <\/div>\n                <\/a>\n            <\/div>\n                    <div class=\"medium-6 column\">\n                <div class=\"col-title\"><div class=\"inner\"><h2 data-equalizer-watch><\/h2><\/div><\/div>\n                <a href=\"https:\/\/ontariocaregiver.ca\/wp-content\/uploads\/2022\/03\/TIMETO_2.ppt\" target=\"_blank\">\n                <div class=\"box\" style=\"background-image:url('https:\/\/ontariocaregiver.ca\/wp-content\/uploads\/2022\/03\/iStock-1285443833-700x467.jpg');\">\n                    <div class=\"box-content\">\n                        Aper\u00e7u de l\u2019approche dans une pr\u00e9sentation PowerPoint adaptable sur mesure                    <\/div>\n                    <div class=\"arrow\">\n                        <i class=\"icon icon-arrow-right\"><\/i>\n                    <\/div>\n                <\/div>\n                <\/a>\n            <\/div>\n                    <div class=\"medium-6 column\">\n                <div class=\"col-title\"><div class=\"inner\"><h2 data-equalizer-watch><\/h2><\/div><\/div>\n                <a href=\"https:\/\/ontariocaregiver.ca\/wp-content\/uploads\/2022\/02\/TIMETO_2-1.pdf\" target=\"_blank\">\n                <div class=\"box\" style=\"background-image:url('https:\/\/ontariocaregiver.ca\/wp-content\/uploads\/2020\/08\/Workplace-700x467.jpg');\">\n                    <div class=\"box-content\">\n                        Guide destin\u00e9 aux ambassadrices et aux ambassadeurs                     <\/div>\n                    <div class=\"arrow\">\n                        <i class=\"icon icon-arrow-right\"><\/i>\n                    <\/div>\n                <\/div>\n                <\/a>\n            <\/div>\n                    <div class=\"medium-6 column\">\n                <div class=\"col-title\"><div class=\"inner\"><h2 data-equalizer-watch><\/h2><\/div><\/div>\n                <a href=\"https:\/\/www.youtube.com\/watch?v=jXNGCz6Q1J0&#038;feature=youtu.be\" target=\"_blank\">\n                <div class=\"box\" style=\"background-image:url('https:\/\/ontariocaregiver.ca\/wp-content\/uploads\/2021\/01\/Self-Compassionate-Caregiver-700x467.jpg');\">\n                    <div class=\"box-content\">\n                        Vid\u00e9os d&rsquo;apprentissage sur l&rsquo;approche                    <\/div>\n                    <div class=\"arrow\">\n                        <i class=\"icon icon-arrow-right\"><\/i>\n                    <\/div>\n                <\/div>\n                <\/a>\n            <\/div>\n                    <div class=\"medium-6 column\">\n                <div class=\"col-title\"><div class=\"inner\"><h2 data-equalizer-watch><\/h2><\/div><\/div>\n                <a href=\"https:\/\/ontariocaregiver.ca\/wp-content\/uploads\/2022\/02\/Time-to-Talk-tip-sheet-2022French.pdf\" target=\"_blank\">\n                <div class=\"box\" style=\"background-image:url('https:\/\/ontariocaregiver.ca\/wp-content\/uploads\/2021\/01\/iStock-1283048948-700x467.jpg');\">\n                    <div class=\"box-content\">\n                        Fiche-conseils                    <\/div>\n                    <div class=\"arrow\">\n                        <i class=\"icon icon-arrow-right\"><\/i>\n                    <\/div>\n                <\/div>\n                <\/a>\n            <\/div>\n                    <div class=\"medium-6 column\">\n                <div class=\"col-title\"><div class=\"inner\"><h2 data-equalizer-watch><\/h2><\/div><\/div>\n                <a href=\"https:\/\/ontariocaregiver.ca\/wp-content\/uploads\/2022\/03\/TIEA1C_1.pdf\" target=\"_blank\">\n                <div class=\"box\" style=\"background-image:url('https:\/\/ontariocaregiver.ca\/wp-content\/uploads\/2020\/08\/Give-Feedback-700x467.jpg');\">\n                    <div class=\"box-content\">\n                        Brochure pour aidants naturels                    <\/div>\n                    <div class=\"arrow\">\n                        <i class=\"icon icon-arrow-right\"><\/i>\n                    <\/div>\n                <\/div>\n                <\/a>\n            <\/div>\n                    <div class=\"medium-6 column\">\n                <div class=\"col-title\"><div class=\"inner\"><h2 data-equalizer-watch><\/h2><\/div><\/div>\n                <a href=\"https:\/\/ontariocaregiver.ca\/wp-content\/uploads\/2022\/02\/Time-to-Talk-Lanyard-OCO-2022-FRENCH-1.pdf\" target=\"_blank\">\n                <div class=\"box\" style=\"background-image:url('https:\/\/ontariocaregiver.ca\/wp-content\/uploads\/2020\/12\/iStock-1253442250-700x467.jpg');\">\n                    <div class=\"box-content\">\n                        Vignette pour prestataires                    <\/div>\n                    <div class=\"arrow\">\n                        <i class=\"icon icon-arrow-right\"><\/i>\n                    <\/div>\n                <\/div>\n                <\/a>\n            <\/div>\n                    <div class=\"medium-6 column\">\n                <div class=\"col-title\"><div class=\"inner\"><h2 data-equalizer-watch><\/h2><\/div><\/div>\n                <a href=\"https:\/\/ontariocaregiver.ca\/wp-content\/uploads\/2022\/03\/Time-to-Talk-poster-11x17-2022-French.pdf\" target=\"_blank\">\n                <div class=\"box\" style=\"background-image:url('https:\/\/ontariocaregiver.ca\/wp-content\/uploads\/2020\/11\/iStock-1181408090-Nov-19th-webinar-700x471.jpg');\">\n                    <div class=\"box-content\">\n                        Affiches                    <\/div>\n                    <div class=\"arrow\">\n                        <i class=\"icon icon-arrow-right\"><\/i>\n                    <\/div>\n                <\/div>\n                <\/a>\n            <\/div>\n            <\/div>\n<\/div>\n\n\n\n<p><strong>Souhaitez-vous adapter et mettre en \u0153uvre la trousse <em>C\u2019est le temps de parler<\/em>?<\/strong><\/p>\n\n\n\n<p>Communiquez avec nous \u00e0 l\u2019adresse&nbsp;<a href=\"mailto:partners@archive.ontariocaregiver.ca\" target=\"_blank\" rel=\"noreferrer noopener\"><strong>partners@archive.ontariocaregiver.ca<\/strong><\/a>.<\/p>\n\n\n\n<p id=\"change-fdn\"><sub>[1] L\u2019Organisme de soutien aux aidants naturels de l\u2019Ontario a adapt\u00e9 la trousse, qu\u2019a d\u00e9velopp\u00e9e Connecting the Dots for Caregivers, un partenariat \u00e9tabli entre six organismes de soins de sant\u00e9 de Huron Perth, et l\u2019un des <a href=\"https:\/\/archive.ontariocaregiver.ca\/fr\/serie-de-rapports-sur-les-lecons-tirees-de-linitiative-changing-care-2\/\">projets de transformation des soins<\/a> de The Change Foundation.<\/sub><\/p>\n","protected":false},"excerpt":{"rendered":"<p>La trousse C&rsquo;est le temps de parler L&rsquo;aidance naturelle peut \u00eatre une exp\u00e9rience enrichissante et satisfaisante. Toutefois, elle peut \u00e9galement s\u2019av\u00e9rer difficile et occasionner..<\/p>\n","protected":false},"author":7,"featured_media":0,"parent":0,"menu_order":0,"comment_status":"closed","ping_status":"closed","template":"","meta":{"_acf_changed":false,"_relevanssi_hide_post":"","_relevanssi_hide_content":"","_relevanssi_pin_for_all":"","_relevanssi_pin_keywords":"","_relevanssi_unpin_keywords":"","_relevanssi_related_keywords":"","_relevanssi_related_include_ids":"","_relevanssi_related_exclude_ids":"","_relevanssi_related_no_append":"","_relevanssi_related_not_related":"","_relevanssi_related_posts":"1050,15658,12711,10350,8416,13464","_relevanssi_noindex_reason":"","_price":"","_stock":"","_tribe_ticket_header":"","_tribe_default_ticket_provider":"","_tribe_ticket_capacity":"0","_ticket_start_date":"","_ticket_end_date":"","_tribe_ticket_show_description":"","_tribe_ticket_show_not_going":false,"_tribe_ticket_use_global_stock":"","_tribe_ticket_global_stock_level":"","_global_stock_mode":"","_global_stock_cap":"","_tribe_rsvp_for_event":"","_tribe_ticket_going_count":"","_tribe_ticket_not_going_count":"","_tribe_tickets_list":[],"_tribe_ticket_has_attendee_info_fields":false,"footnotes":""},"class_list":["post-8890","page","type-page","status-publish","hentry"],"acf":[],"yoast_head":"<!-- This site is optimized with the Yoast SEO plugin v25.8 - https:\/\/yoast.com\/wordpress\/plugins\/seo\/ -->\n<title>La trousse C&#039;est le temps de parler - Organisme de soutien aux aidants naturels de l\u2019Ontario<\/title>\n<meta name=\"robots\" content=\"noindex, follow, max-snippet:-1, max-image-preview:large, max-video-preview:-1\" \/>\n<meta property=\"og:locale\" content=\"fr_FR\" \/>\n<meta property=\"og:type\" content=\"article\" \/>\n<meta property=\"og:title\" content=\"La trousse C&#039;est le temps de parler - Organisme de soutien aux aidants naturels de l\u2019Ontario\" \/>\n<meta property=\"og:description\" content=\"La trousse C&rsquo;est le temps de parler L&rsquo;aidance naturelle peut \u00eatre une exp\u00e9rience enrichissante et satisfaisante. Toutefois, elle peut \u00e9galement s\u2019av\u00e9rer difficile et occasionner..\" \/>\n<meta property=\"og:url\" content=\"https:\/\/archive.ontariocaregiver.ca\/fr\/la-trousse-doutils-cest-le-temps-de-parler\/\" \/>\n<meta property=\"og:site_name\" content=\"Organisme de soutien aux aidants naturels de l\u2019Ontario\" \/>\n<meta property=\"article:modified_time\" content=\"2022-03-16T20:51:03+00:00\" \/>\n<meta property=\"og:image\" content=\"https:\/\/ontariocaregiver.ca\/wp-content\/uploads\/2022\/03\/Time-to-Talk-graphic-French.png\" \/>\n<meta name=\"twitter:card\" content=\"summary_large_image\" \/>\n<meta name=\"twitter:label1\" content=\"Dur\u00e9e de lecture estim\u00e9e\" \/>\n\t<meta name=\"twitter:data1\" content=\"3 minutes\" \/>\n<script type=\"application\/ld+json\" class=\"yoast-schema-graph\">{\"@context\":\"https:\/\/schema.org\",\"@graph\":[{\"@type\":\"WebPage\",\"@id\":\"https:\/\/archive.ontariocaregiver.ca\/fr\/la-trousse-doutils-cest-le-temps-de-parler\/\",\"url\":\"https:\/\/archive.ontariocaregiver.ca\/fr\/la-trousse-doutils-cest-le-temps-de-parler\/\",\"name\":\"La trousse C'est le temps de parler - Organisme de soutien aux aidants naturels de l\u2019Ontario\",\"isPartOf\":{\"@id\":\"https:\/\/archive.ontariocaregiver.ca\/fr\/#website\"},\"primaryImageOfPage\":{\"@id\":\"https:\/\/archive.ontariocaregiver.ca\/fr\/la-trousse-doutils-cest-le-temps-de-parler\/#primaryimage\"},\"image\":{\"@id\":\"https:\/\/archive.ontariocaregiver.ca\/fr\/la-trousse-doutils-cest-le-temps-de-parler\/#primaryimage\"},\"thumbnailUrl\":\"https:\/\/ontariocaregiver.ca\/wp-content\/uploads\/2022\/03\/Time-to-Talk-graphic-French.png\",\"datePublished\":\"2021-02-02T15:20:25+00:00\",\"dateModified\":\"2022-03-16T20:51:03+00:00\",\"breadcrumb\":{\"@id\":\"https:\/\/archive.ontariocaregiver.ca\/fr\/la-trousse-doutils-cest-le-temps-de-parler\/#breadcrumb\"},\"inLanguage\":\"fr-FR\",\"potentialAction\":[{\"@type\":\"ReadAction\",\"target\":[\"https:\/\/archive.ontariocaregiver.ca\/fr\/la-trousse-doutils-cest-le-temps-de-parler\/\"]}]},{\"@type\":\"ImageObject\",\"inLanguage\":\"fr-FR\",\"@id\":\"https:\/\/archive.ontariocaregiver.ca\/fr\/la-trousse-doutils-cest-le-temps-de-parler\/#primaryimage\",\"url\":\"https:\/\/ontariocaregiver.ca\/wp-content\/uploads\/2022\/03\/Time-to-Talk-graphic-French.png\",\"contentUrl\":\"https:\/\/ontariocaregiver.ca\/wp-content\/uploads\/2022\/03\/Time-to-Talk-graphic-French.png\"},{\"@type\":\"BreadcrumbList\",\"@id\":\"https:\/\/archive.ontariocaregiver.ca\/fr\/la-trousse-doutils-cest-le-temps-de-parler\/#breadcrumb\",\"itemListElement\":[{\"@type\":\"ListItem\",\"position\":1,\"name\":\"Page principale\",\"item\":\"https:\/\/archive.ontariocaregiver.ca\/fr\/\"},{\"@type\":\"ListItem\",\"position\":2,\"name\":\"La trousse C&#8217;est le temps de parler\"}]},{\"@type\":\"WebSite\",\"@id\":\"https:\/\/archive.ontariocaregiver.ca\/fr\/#website\",\"url\":\"https:\/\/archive.ontariocaregiver.ca\/fr\/\",\"name\":\"Organisme de soutien aux aidants naturels de l\u2019Ontario\",\"description\":\"\",\"potentialAction\":[{\"@type\":\"SearchAction\",\"target\":{\"@type\":\"EntryPoint\",\"urlTemplate\":\"https:\/\/archive.ontariocaregiver.ca\/fr\/?s={search_term_string}\"},\"query-input\":{\"@type\":\"PropertyValueSpecification\",\"valueRequired\":true,\"valueName\":\"search_term_string\"}}],\"inLanguage\":\"fr-FR\"}]}<\/script>\n<!-- \/ Yoast SEO plugin. -->","yoast_head_json":{"title":"La trousse C'est le temps de parler - Organisme de soutien aux aidants naturels de l\u2019Ontario","robots":{"index":"noindex","follow":"follow","max-snippet":"max-snippet:-1","max-image-preview":"max-image-preview:large","max-video-preview":"max-video-preview:-1"},"og_locale":"fr_FR","og_type":"article","og_title":"La trousse C'est le temps de parler - Organisme de soutien aux aidants naturels de l\u2019Ontario","og_description":"La trousse C&rsquo;est le temps de parler L&rsquo;aidance naturelle peut \u00eatre une exp\u00e9rience enrichissante et satisfaisante. Toutefois, elle peut \u00e9galement s\u2019av\u00e9rer difficile et occasionner..","og_url":"https:\/\/archive.ontariocaregiver.ca\/fr\/la-trousse-doutils-cest-le-temps-de-parler\/","og_site_name":"Organisme de soutien aux aidants naturels de l\u2019Ontario","article_modified_time":"2022-03-16T20:51:03+00:00","og_image":[{"url":"https:\/\/ontariocaregiver.ca\/wp-content\/uploads\/2022\/03\/Time-to-Talk-graphic-French.png","type":"","width":"","height":""}],"twitter_card":"summary_large_image","twitter_misc":{"Dur\u00e9e de lecture estim\u00e9e":"3 minutes"},"schema":{"@context":"https:\/\/schema.org","@graph":[{"@type":"WebPage","@id":"https:\/\/archive.ontariocaregiver.ca\/fr\/la-trousse-doutils-cest-le-temps-de-parler\/","url":"https:\/\/archive.ontariocaregiver.ca\/fr\/la-trousse-doutils-cest-le-temps-de-parler\/","name":"La trousse C'est le temps de parler - Organisme de soutien aux aidants naturels de l\u2019Ontario","isPartOf":{"@id":"https:\/\/archive.ontariocaregiver.ca\/fr\/#website"},"primaryImageOfPage":{"@id":"https:\/\/archive.ontariocaregiver.ca\/fr\/la-trousse-doutils-cest-le-temps-de-parler\/#primaryimage"},"image":{"@id":"https:\/\/archive.ontariocaregiver.ca\/fr\/la-trousse-doutils-cest-le-temps-de-parler\/#primaryimage"},"thumbnailUrl":"https:\/\/ontariocaregiver.ca\/wp-content\/uploads\/2022\/03\/Time-to-Talk-graphic-French.png","datePublished":"2021-02-02T15:20:25+00:00","dateModified":"2022-03-16T20:51:03+00:00","breadcrumb":{"@id":"https:\/\/archive.ontariocaregiver.ca\/fr\/la-trousse-doutils-cest-le-temps-de-parler\/#breadcrumb"},"inLanguage":"fr-FR","potentialAction":[{"@type":"ReadAction","target":["https:\/\/archive.ontariocaregiver.ca\/fr\/la-trousse-doutils-cest-le-temps-de-parler\/"]}]},{"@type":"ImageObject","inLanguage":"fr-FR","@id":"https:\/\/archive.ontariocaregiver.ca\/fr\/la-trousse-doutils-cest-le-temps-de-parler\/#primaryimage","url":"https:\/\/ontariocaregiver.ca\/wp-content\/uploads\/2022\/03\/Time-to-Talk-graphic-French.png","contentUrl":"https:\/\/ontariocaregiver.ca\/wp-content\/uploads\/2022\/03\/Time-to-Talk-graphic-French.png"},{"@type":"BreadcrumbList","@id":"https:\/\/archive.ontariocaregiver.ca\/fr\/la-trousse-doutils-cest-le-temps-de-parler\/#breadcrumb","itemListElement":[{"@type":"ListItem","position":1,"name":"Page principale","item":"https:\/\/archive.ontariocaregiver.ca\/fr\/"},{"@type":"ListItem","position":2,"name":"La trousse C&#8217;est le temps de parler"}]},{"@type":"WebSite","@id":"https:\/\/archive.ontariocaregiver.ca\/fr\/#website","url":"https:\/\/archive.ontariocaregiver.ca\/fr\/","name":"Organisme de soutien aux aidants naturels de l\u2019Ontario","description":"","potentialAction":[{"@type":"SearchAction","target":{"@type":"EntryPoint","urlTemplate":"https:\/\/archive.ontariocaregiver.ca\/fr\/?s={search_term_string}"},"query-input":{"@type":"PropertyValueSpecification","valueRequired":true,"valueName":"search_term_string"}}],"inLanguage":"fr-FR"}]}},"ticketed":false,"_links":{"self":[{"href":"https:\/\/archive.ontariocaregiver.ca\/fr\/wp-json\/wp\/v2\/pages\/8890","targetHints":{"allow":["GET"]}}],"collection":[{"href":"https:\/\/archive.ontariocaregiver.ca\/fr\/wp-json\/wp\/v2\/pages"}],"about":[{"href":"https:\/\/archive.ontariocaregiver.ca\/fr\/wp-json\/wp\/v2\/types\/page"}],"author":[{"embeddable":true,"href":"https:\/\/archive.ontariocaregiver.ca\/fr\/wp-json\/wp\/v2\/users\/7"}],"replies":[{"embeddable":true,"href":"https:\/\/archive.ontariocaregiver.ca\/fr\/wp-json\/wp\/v2\/comments?post=8890"}],"version-history":[{"count":27,"href":"https:\/\/archive.ontariocaregiver.ca\/fr\/wp-json\/wp\/v2\/pages\/8890\/revisions"}],"predecessor-version":[{"id":16672,"href":"https:\/\/archive.ontariocaregiver.ca\/fr\/wp-json\/wp\/v2\/pages\/8890\/revisions\/16672"}],"wp:attachment":[{"href":"https:\/\/archive.ontariocaregiver.ca\/fr\/wp-json\/wp\/v2\/media?parent=8890"}],"curies":[{"name":"wp","href":"https:\/\/api.w.org\/{rel}","templated":true}]}}