{"id":793,"date":"2019-10-17T10:08:16","date_gmt":"2019-10-17T14:08:16","guid":{"rendered":"http:\/\/localhost\/ontariocaregiver.ca\/get-involved\/share-your-story\/"},"modified":"2023-08-02T11:27:58","modified_gmt":"2023-08-02T15:27:58","slug":"partagez-votre-histoire","status":"publish","type":"page","link":"https:\/\/archive.ontariocaregiver.ca\/fr\/impliquez-vous\/partagez-votre-histoire\/","title":{"rendered":"Partagez votre histoire"},"content":{"rendered":"<p>Partagez votre exp\u00e9rience en tant qu\u2019aidant, vos d\u00e9fis et les solutions que vous avez trouv\u00e9es pour aider les autres aidants dans leur parcours.<\/p>\n<p>En tant qu\u2019aidant naturel, vous assumez diverses t\u00e2ches; vous offrez un soutien affectif, un moyen de transport, des soins personnels, un soutien physique ou des proc\u00e9dures m\u00e9dicales de base, vous planifiez les rendez-vous, traduisez l\u2019information et g\u00e9rez les responsabilit\u00e9s financi\u00e8res et juridiques.<\/p>\n<p>Avec ces responsabilit\u00e9s suppl\u00e9mentaires, les aidants naturels voient leur niveau de stress augmenter et leur propre sant\u00e9 se d\u00e9t\u00e9riorer, au point de se trouver en situation d\u2019\u00e9puisement ou en d\u00e9pression. Fatigu\u00e9s, frustr\u00e9s, anxieux et d\u00e9pass\u00e9s, les aidants naturels ont eux-m\u00eames besoin de soutien.<\/p>\n<p>Nous sommes tous confront\u00e9s \u00e0 des d\u00e9fis. Faites savoir aux autres aidants qui assument de telles responsabilit\u00e9s qu\u2019ils ne sont pas seuls.<\/p>\n<p><a href=\"https:\/\/lp.constantcontactpages.com\/sv\/pU7N23S\" target=\"_blank\" rel=\"noopener noreferrer\">Partagez votre histoire d\u2019aidant naturel<\/a> ou vos recommandations sur la fa\u00e7on d\u2019am\u00e9liorer l\u2019exp\u00e9rience en prestation de soins.<\/p>\n<p>Les histoires sont pr\u00e9sent\u00e9es dans notre publication en ligne.<\/p>\n","protected":false},"excerpt":{"rendered":"<p>Partagez votre exp\u00e9rience en tant qu\u2019aidant, vos d\u00e9fis et les solutions que vous avez trouv\u00e9es pour aider les autres aidants dans leur parcours. En..<\/p>\n","protected":false},"author":1,"featured_media":794,"parent":7225,"menu_order":0,"comment_status":"closed","ping_status":"closed","template":"","meta":{"_acf_changed":false,"_relevanssi_hide_post":"","_relevanssi_hide_content":"","_relevanssi_pin_for_all":"","_relevanssi_pin_keywords":"","_relevanssi_unpin_keywords":"","_relevanssi_related_keywords":"","_relevanssi_related_include_ids":"","_relevanssi_related_exclude_ids":"","_relevanssi_related_no_append":"","_relevanssi_related_not_related":"","_relevanssi_related_posts":"9324,16534,8416,11618,8419,12480","_relevanssi_noindex_reason":"","_price":"","_stock":"","_tribe_ticket_header":"","_tribe_default_ticket_provider":"","_tribe_ticket_capacity":"0","_ticket_start_date":"","_ticket_end_date":"","_tribe_ticket_show_description":"","_tribe_ticket_show_not_going":false,"_tribe_ticket_use_global_stock":"","_tribe_ticket_global_stock_level":"","_global_stock_mode":"","_global_stock_cap":"","_tribe_rsvp_for_event":"","_tribe_ticket_going_count":"","_tribe_ticket_not_going_count":"","_tribe_tickets_list":[],"_tribe_ticket_has_attendee_info_fields":false,"footnotes":""},"class_list":["post-793","page","type-page","status-publish","has-post-thumbnail","hentry"],"acf":[],"yoast_head":"<!-- This site is optimized with the Yoast SEO plugin v25.8 - https:\/\/yoast.com\/wordpress\/plugins\/seo\/ -->\n<title>Partagez votre histoire - Organisme de soutien aux aidants naturels de l\u2019Ontario<\/title>\n<meta name=\"robots\" content=\"noindex, follow, max-snippet:-1, max-image-preview:large, max-video-preview:-1\" \/>\n<meta property=\"og:locale\" content=\"fr_FR\" \/>\n<meta property=\"og:type\" content=\"article\" \/>\n<meta property=\"og:title\" content=\"Partagez votre histoire - Organisme de soutien aux aidants naturels de l\u2019Ontario\" \/>\n<meta property=\"og:description\" content=\"Partagez votre exp\u00e9rience en tant qu\u2019aidant, vos d\u00e9fis et les solutions que vous avez trouv\u00e9es pour aider les autres aidants dans leur parcours. En..\" \/>\n<meta property=\"og:url\" content=\"https:\/\/archive.ontariocaregiver.ca\/fr\/impliquez-vous\/partagez-votre-histoire\/\" \/>\n<meta property=\"og:site_name\" content=\"Organisme de soutien aux aidants naturels de l\u2019Ontario\" \/>\n<meta property=\"article:modified_time\" content=\"2023-08-02T15:27:58+00:00\" \/>\n<meta property=\"og:image\" content=\"https:\/\/ontariocaregiver.ca\/wp-content\/uploads\/2019\/10\/Banner_15_Share_Your_Story-scaled.jpg\" \/>\n\t<meta property=\"og:image:width\" content=\"2560\" \/>\n\t<meta property=\"og:image:height\" content=\"612\" \/>\n\t<meta property=\"og:image:type\" content=\"image\/jpeg\" \/>\n<meta name=\"twitter:card\" content=\"summary_large_image\" \/>\n<meta name=\"twitter:label1\" content=\"Dur\u00e9e de lecture estim\u00e9e\" \/>\n\t<meta name=\"twitter:data1\" content=\"1 minute\" \/>\n<script type=\"application\/ld+json\" class=\"yoast-schema-graph\">{\"@context\":\"https:\/\/schema.org\",\"@graph\":[{\"@type\":\"WebPage\",\"@id\":\"https:\/\/archive.ontariocaregiver.ca\/fr\/impliquez-vous\/partagez-votre-histoire\/\",\"url\":\"https:\/\/archive.ontariocaregiver.ca\/fr\/impliquez-vous\/partagez-votre-histoire\/\",\"name\":\"Partagez votre histoire - Organisme de soutien aux aidants naturels de l\u2019Ontario\",\"isPartOf\":{\"@id\":\"https:\/\/archive.ontariocaregiver.ca\/fr\/#website\"},\"primaryImageOfPage\":{\"@id\":\"https:\/\/archive.ontariocaregiver.ca\/fr\/impliquez-vous\/partagez-votre-histoire\/#primaryimage\"},\"image\":{\"@id\":\"https:\/\/archive.ontariocaregiver.ca\/fr\/impliquez-vous\/partagez-votre-histoire\/#primaryimage\"},\"thumbnailUrl\":\"https:\/\/ontariocaregiver.ca\/wp-content\/uploads\/2019\/10\/Banner_15_Share_Your_Story-scaled.jpg\",\"datePublished\":\"2019-10-17T14:08:16+00:00\",\"dateModified\":\"2023-08-02T15:27:58+00:00\",\"breadcrumb\":{\"@id\":\"https:\/\/archive.ontariocaregiver.ca\/fr\/impliquez-vous\/partagez-votre-histoire\/#breadcrumb\"},\"inLanguage\":\"fr-FR\",\"potentialAction\":[{\"@type\":\"ReadAction\",\"target\":[\"https:\/\/archive.ontariocaregiver.ca\/fr\/impliquez-vous\/partagez-votre-histoire\/\"]}]},{\"@type\":\"ImageObject\",\"inLanguage\":\"fr-FR\",\"@id\":\"https:\/\/archive.ontariocaregiver.ca\/fr\/impliquez-vous\/partagez-votre-histoire\/#primaryimage\",\"url\":\"https:\/\/ontariocaregiver.ca\/wp-content\/uploads\/2019\/10\/Banner_15_Share_Your_Story-scaled.jpg\",\"contentUrl\":\"https:\/\/ontariocaregiver.ca\/wp-content\/uploads\/2019\/10\/Banner_15_Share_Your_Story-scaled.jpg\",\"width\":2560,\"height\":612,\"caption\":\"Une m\u00e8re dessine avec son fils qui est atteint de paralysie c\u00e9r\u00e9brale\"},{\"@type\":\"BreadcrumbList\",\"@id\":\"https:\/\/archive.ontariocaregiver.ca\/fr\/impliquez-vous\/partagez-votre-histoire\/#breadcrumb\",\"itemListElement\":[{\"@type\":\"ListItem\",\"position\":1,\"name\":\"Page principale\",\"item\":\"https:\/\/archive.ontariocaregiver.ca\/fr\/\"},{\"@type\":\"ListItem\",\"position\":2,\"name\":\"Impliquez-vous\",\"item\":\"https:\/\/archive.ontariocaregiver.ca\/fr\/get-involved-oco\/\"},{\"@type\":\"ListItem\",\"position\":3,\"name\":\"Partagez votre histoire\"}]},{\"@type\":\"WebSite\",\"@id\":\"https:\/\/archive.ontariocaregiver.ca\/fr\/#website\",\"url\":\"https:\/\/archive.ontariocaregiver.ca\/fr\/\",\"name\":\"Organisme de soutien aux aidants naturels de l\u2019Ontario\",\"description\":\"\",\"potentialAction\":[{\"@type\":\"SearchAction\",\"target\":{\"@type\":\"EntryPoint\",\"urlTemplate\":\"https:\/\/archive.ontariocaregiver.ca\/fr\/?s={search_term_string}\"},\"query-input\":{\"@type\":\"PropertyValueSpecification\",\"valueRequired\":true,\"valueName\":\"search_term_string\"}}],\"inLanguage\":\"fr-FR\"}]}<\/script>\n<!-- \/ Yoast SEO plugin. -->","yoast_head_json":{"title":"Partagez votre histoire - Organisme de soutien aux aidants naturels de l\u2019Ontario","robots":{"index":"noindex","follow":"follow","max-snippet":"max-snippet:-1","max-image-preview":"max-image-preview:large","max-video-preview":"max-video-preview:-1"},"og_locale":"fr_FR","og_type":"article","og_title":"Partagez votre histoire - Organisme de soutien aux aidants naturels de l\u2019Ontario","og_description":"Partagez votre exp\u00e9rience en tant qu\u2019aidant, vos d\u00e9fis et les solutions que vous avez trouv\u00e9es pour aider les autres aidants dans leur parcours. En..","og_url":"https:\/\/archive.ontariocaregiver.ca\/fr\/impliquez-vous\/partagez-votre-histoire\/","og_site_name":"Organisme de soutien aux aidants naturels de l\u2019Ontario","article_modified_time":"2023-08-02T15:27:58+00:00","og_image":[{"width":2560,"height":612,"url":"https:\/\/ontariocaregiver.ca\/wp-content\/uploads\/2019\/10\/Banner_15_Share_Your_Story-scaled.jpg","type":"image\/jpeg"}],"twitter_card":"summary_large_image","twitter_misc":{"Dur\u00e9e de lecture estim\u00e9e":"1 minute"},"schema":{"@context":"https:\/\/schema.org","@graph":[{"@type":"WebPage","@id":"https:\/\/archive.ontariocaregiver.ca\/fr\/impliquez-vous\/partagez-votre-histoire\/","url":"https:\/\/archive.ontariocaregiver.ca\/fr\/impliquez-vous\/partagez-votre-histoire\/","name":"Partagez votre histoire - Organisme de soutien aux aidants naturels de l\u2019Ontario","isPartOf":{"@id":"https:\/\/archive.ontariocaregiver.ca\/fr\/#website"},"primaryImageOfPage":{"@id":"https:\/\/archive.ontariocaregiver.ca\/fr\/impliquez-vous\/partagez-votre-histoire\/#primaryimage"},"image":{"@id":"https:\/\/archive.ontariocaregiver.ca\/fr\/impliquez-vous\/partagez-votre-histoire\/#primaryimage"},"thumbnailUrl":"https:\/\/ontariocaregiver.ca\/wp-content\/uploads\/2019\/10\/Banner_15_Share_Your_Story-scaled.jpg","datePublished":"2019-10-17T14:08:16+00:00","dateModified":"2023-08-02T15:27:58+00:00","breadcrumb":{"@id":"https:\/\/archive.ontariocaregiver.ca\/fr\/impliquez-vous\/partagez-votre-histoire\/#breadcrumb"},"inLanguage":"fr-FR","potentialAction":[{"@type":"ReadAction","target":["https:\/\/archive.ontariocaregiver.ca\/fr\/impliquez-vous\/partagez-votre-histoire\/"]}]},{"@type":"ImageObject","inLanguage":"fr-FR","@id":"https:\/\/archive.ontariocaregiver.ca\/fr\/impliquez-vous\/partagez-votre-histoire\/#primaryimage","url":"https:\/\/ontariocaregiver.ca\/wp-content\/uploads\/2019\/10\/Banner_15_Share_Your_Story-scaled.jpg","contentUrl":"https:\/\/ontariocaregiver.ca\/wp-content\/uploads\/2019\/10\/Banner_15_Share_Your_Story-scaled.jpg","width":2560,"height":612,"caption":"Une m\u00e8re dessine avec son fils qui est atteint de paralysie c\u00e9r\u00e9brale"},{"@type":"BreadcrumbList","@id":"https:\/\/archive.ontariocaregiver.ca\/fr\/impliquez-vous\/partagez-votre-histoire\/#breadcrumb","itemListElement":[{"@type":"ListItem","position":1,"name":"Page principale","item":"https:\/\/archive.ontariocaregiver.ca\/fr\/"},{"@type":"ListItem","position":2,"name":"Impliquez-vous","item":"https:\/\/archive.ontariocaregiver.ca\/fr\/get-involved-oco\/"},{"@type":"ListItem","position":3,"name":"Partagez votre histoire"}]},{"@type":"WebSite","@id":"https:\/\/archive.ontariocaregiver.ca\/fr\/#website","url":"https:\/\/archive.ontariocaregiver.ca\/fr\/","name":"Organisme de soutien aux aidants naturels de l\u2019Ontario","description":"","potentialAction":[{"@type":"SearchAction","target":{"@type":"EntryPoint","urlTemplate":"https:\/\/archive.ontariocaregiver.ca\/fr\/?s={search_term_string}"},"query-input":{"@type":"PropertyValueSpecification","valueRequired":true,"valueName":"search_term_string"}}],"inLanguage":"fr-FR"}]}},"ticketed":false,"_links":{"self":[{"href":"https:\/\/archive.ontariocaregiver.ca\/fr\/wp-json\/wp\/v2\/pages\/793","targetHints":{"allow":["GET"]}}],"collection":[{"href":"https:\/\/archive.ontariocaregiver.ca\/fr\/wp-json\/wp\/v2\/pages"}],"about":[{"href":"https:\/\/archive.ontariocaregiver.ca\/fr\/wp-json\/wp\/v2\/types\/page"}],"author":[{"embeddable":true,"href":"https:\/\/archive.ontariocaregiver.ca\/fr\/wp-json\/wp\/v2\/users\/1"}],"replies":[{"embeddable":true,"href":"https:\/\/archive.ontariocaregiver.ca\/fr\/wp-json\/wp\/v2\/comments?post=793"}],"version-history":[{"count":4,"href":"https:\/\/archive.ontariocaregiver.ca\/fr\/wp-json\/wp\/v2\/pages\/793\/revisions"}],"predecessor-version":[{"id":23645,"href":"https:\/\/archive.ontariocaregiver.ca\/fr\/wp-json\/wp\/v2\/pages\/793\/revisions\/23645"}],"up":[{"embeddable":true,"href":"https:\/\/archive.ontariocaregiver.ca\/fr\/wp-json\/wp\/v2\/pages\/7225"}],"wp:featuredmedia":[{"embeddable":true,"href":"https:\/\/archive.ontariocaregiver.ca\/fr\/wp-json\/wp\/v2\/media\/794"}],"wp:attachment":[{"href":"https:\/\/archive.ontariocaregiver.ca\/fr\/wp-json\/wp\/v2\/media?parent=793"}],"curies":[{"name":"wp","href":"https:\/\/api.w.org\/{rel}","templated":true}]}}