{"id":785,"date":"2019-10-17T10:07:00","date_gmt":"2019-10-17T14:07:00","guid":{"rendered":"http:\/\/localhost\/ontariocaregiver.ca\/get-involved\/join-our-team\/"},"modified":"2024-03-13T11:44:56","modified_gmt":"2024-03-13T15:44:56","slug":"joignez-vous-a-notre-equipe","status":"publish","type":"page","link":"https:\/\/archive.ontariocaregiver.ca\/fr\/impliquez-vous\/joignez-vous-a-notre-equipe\/","title":{"rendered":"Joignez-vous \u00e0 notre \u00e9quipe"},"content":{"rendered":"\n<p>L\u2019Organisme de soutien aux aidants naturels de l\u2019Ontario existe pour venir en aide aux 4&nbsp;millions de personnes aidantes naturelles \u00e0 travers la province, soit des personnes ordinaires qui offrent un soutien physique et\/ou affectif \u00e0 un membre de leur famille ou de leur entourage.<\/p>\n\n\n\n<p>Les principes qui suivent guident les travaux et\nl\u2019\u00e9volution de notre organisme&nbsp;: <\/p>\n\n\n\n<ul class=\"wp-block-list\">\n<li>Un\npartenariat avec les aidants naturels pour la conception, la cr\u00e9ation et la\ngouvernance de l\u2019organisme.<\/li>\n\n\n\n<li>Un accent\nmis tout particuli\u00e8rement sur les soutiens g\u00e9n\u00e9raux auxquels tous les aidants\npourraient recourir, peu importe la maladie, la condition ou l\u2019\u00e2ge de la\npersonne qui re\u00e7oit les soins.<\/li>\n\n\n\n<li>La\ncapacit\u00e9 de fournir des ressources et des soutiens pangouvernementaux aux\naidants naturels.<\/li>\n\n\n\n<li>Une\ncollaboration avec les organismes, programmes et services provinciaux,\nr\u00e9gionaux et locaux existants afin de r\u00e9duire au mieux la duplication et d\u00e9velopper\nce qui existe \u00e0 l\u2019heure actuelle.<\/li>\n\n\n\n<li>Une\nsensibilit\u00e9 et une r\u00e9action aux besoins en soutien uniques des aidants naturels\ndes diverses populations de l\u2019Ontario, y compris un engagement envers la\ndiversit\u00e9, l\u2019\u00e9quit\u00e9, l\u2019inclusivit\u00e9 et le savoir-faire culturel.<\/li>\n\n\n\n<li>Un\nengagement d\u2019une diversit\u00e9 d\u2019aidants naturels dont les circonstances et les\nbesoins sont uniques, y compris les communaut\u00e9s autochtones, francophones et\nLGBTQ. <\/li>\n\n\n\n<li>Contribuer\n\u00e0 changer le syst\u00e8me en soutenant les priorit\u00e9s du gouvernement.<\/li>\n<\/ul>\n\n\n\n<p>Si vous partagez nos valeurs et que vous souhaitez mettre vos comp\u00e9tences et votre expertise \u00e0 l\u2019\u0153uvre pour soutenir notre mission, nous aimerions vous conna\u00eetre.<\/p>\n\n\n\n<h3 class=\"wp-block-heading\">Affichages actuels:<\/h3>\n\n\n\n<p>L&rsquo;OSANO s&rsquo;engage \u00e0 offrir les informations dans des formats accessibles et \u00e0 fournir des moyens alternatifs pour appuyer la communication, sur demande.<\/p>\n\n\n\n<p>Nous encourageons les personnes vivant avec un handicap \u00e0 postuler sur nos affichages. Des accommodements sont disponibles; si vous en avez besoin, veuillez contacter <a href=\"mailto:operations@archive.ontariocaregiver.ca\">Heather Northgrave<\/a>, Directrice des op\u00e9rations poste 1012.<\/p>\n\n\n\n<p><a href=\"https:\/\/archive.ontariocaregiver.ca\/fr\/positions\/responsable-regionale-mobilisation-de-la-collectivite-bilingue-francais-anglais-contrat-a-temps-plein-date-limite-le-22-mars-2024\/\">Responsable r\u00e9gional(e) \u2013 Mobilisation de la collectivit\u00e9 (bilingue \u2013 fran\u00e7ais\/anglais) \u2013 Contrat \u00e0 temps plein &#8211; date-limite le 22 mars, 2024<\/a><\/p>\n\n\n\n<p><a href=\"https:\/\/archive.ontariocaregiver.ca\/fr\/positions\/responsable-de-la-mise-en-oeuvre-centre-de-soutien-pour-les-partenaires-de-soins-date-limite-28-mars-2024\/\">Responsable de la mise en oeuvre, Centre de soutien pour les partenaires de soins &#8211; date-limite 28 mars, 2024<\/a><\/p>\n","protected":false},"excerpt":{"rendered":"<p>L\u2019Organisme de soutien aux aidants naturels de l\u2019Ontario existe pour venir en aide aux 4&nbsp;millions de personnes aidantes naturelles \u00e0 travers la province, soit..<\/p>\n","protected":false},"author":1,"featured_media":786,"parent":7225,"menu_order":0,"comment_status":"closed","ping_status":"closed","template":"","meta":{"_acf_changed":false,"_relevanssi_hide_post":"","_relevanssi_hide_content":"","_relevanssi_pin_for_all":"","_relevanssi_pin_keywords":"","_relevanssi_unpin_keywords":"","_relevanssi_related_keywords":"","_relevanssi_related_include_ids":"","_relevanssi_related_exclude_ids":"","_relevanssi_related_no_append":"","_relevanssi_related_not_related":"","_relevanssi_related_posts":"1050,8416,12718,11535,11439,16077","_relevanssi_noindex_reason":"","_price":"","_stock":"","_tribe_ticket_header":"","_tribe_default_ticket_provider":"","_tribe_ticket_capacity":"0","_ticket_start_date":"","_ticket_end_date":"","_tribe_ticket_show_description":"","_tribe_ticket_show_not_going":false,"_tribe_ticket_use_global_stock":"","_tribe_ticket_global_stock_level":"","_global_stock_mode":"","_global_stock_cap":"","_tribe_rsvp_for_event":"","_tribe_ticket_going_count":"","_tribe_ticket_not_going_count":"","_tribe_tickets_list":[],"_tribe_ticket_has_attendee_info_fields":false,"footnotes":""},"class_list":["post-785","page","type-page","status-publish","has-post-thumbnail","hentry"],"acf":[],"yoast_head":"<!-- This site is optimized with the Yoast SEO plugin v25.8 - https:\/\/yoast.com\/wordpress\/plugins\/seo\/ -->\n<title>Joignez-vous \u00e0 notre \u00e9quipe - Organisme de soutien aux aidants naturels de l\u2019Ontario<\/title>\n<meta name=\"robots\" content=\"noindex, follow, max-snippet:-1, max-image-preview:large, max-video-preview:-1\" \/>\n<meta property=\"og:locale\" content=\"fr_FR\" \/>\n<meta property=\"og:type\" content=\"article\" \/>\n<meta property=\"og:title\" content=\"Joignez-vous \u00e0 notre \u00e9quipe - Organisme de soutien aux aidants naturels de l\u2019Ontario\" \/>\n<meta property=\"og:description\" content=\"L\u2019Organisme de soutien aux aidants naturels de l\u2019Ontario existe pour venir en aide aux 4&nbsp;millions de personnes aidantes naturelles \u00e0 travers la province, soit..\" \/>\n<meta property=\"og:url\" content=\"https:\/\/archive.ontariocaregiver.ca\/fr\/impliquez-vous\/joignez-vous-a-notre-equipe\/\" \/>\n<meta property=\"og:site_name\" content=\"Organisme de soutien aux aidants naturels de l\u2019Ontario\" \/>\n<meta property=\"article:modified_time\" content=\"2024-03-13T15:44:56+00:00\" \/>\n<meta property=\"og:image\" content=\"https:\/\/ontariocaregiver.ca\/wp-content\/uploads\/2019\/10\/Banner_16_Join_Our_Team-scaled.jpg\" \/>\n\t<meta property=\"og:image:width\" content=\"2560\" \/>\n\t<meta property=\"og:image:height\" content=\"612\" \/>\n\t<meta property=\"og:image:type\" content=\"image\/jpeg\" \/>\n<meta name=\"twitter:card\" content=\"summary_large_image\" \/>\n<meta name=\"twitter:label1\" content=\"Dur\u00e9e de lecture estim\u00e9e\" \/>\n\t<meta name=\"twitter:data1\" content=\"2 minutes\" \/>\n<script type=\"application\/ld+json\" class=\"yoast-schema-graph\">{\"@context\":\"https:\/\/schema.org\",\"@graph\":[{\"@type\":\"WebPage\",\"@id\":\"https:\/\/archive.ontariocaregiver.ca\/fr\/impliquez-vous\/joignez-vous-a-notre-equipe\/\",\"url\":\"https:\/\/archive.ontariocaregiver.ca\/fr\/impliquez-vous\/joignez-vous-a-notre-equipe\/\",\"name\":\"Joignez-vous \u00e0 notre \u00e9quipe - Organisme de soutien aux aidants naturels de l\u2019Ontario\",\"isPartOf\":{\"@id\":\"https:\/\/archive.ontariocaregiver.ca\/fr\/#website\"},\"primaryImageOfPage\":{\"@id\":\"https:\/\/archive.ontariocaregiver.ca\/fr\/impliquez-vous\/joignez-vous-a-notre-equipe\/#primaryimage\"},\"image\":{\"@id\":\"https:\/\/archive.ontariocaregiver.ca\/fr\/impliquez-vous\/joignez-vous-a-notre-equipe\/#primaryimage\"},\"thumbnailUrl\":\"https:\/\/ontariocaregiver.ca\/wp-content\/uploads\/2019\/10\/Banner_16_Join_Our_Team-scaled.jpg\",\"datePublished\":\"2019-10-17T14:07:00+00:00\",\"dateModified\":\"2024-03-13T15:44:56+00:00\",\"breadcrumb\":{\"@id\":\"https:\/\/archive.ontariocaregiver.ca\/fr\/impliquez-vous\/joignez-vous-a-notre-equipe\/#breadcrumb\"},\"inLanguage\":\"fr-FR\",\"potentialAction\":[{\"@type\":\"ReadAction\",\"target\":[\"https:\/\/archive.ontariocaregiver.ca\/fr\/impliquez-vous\/joignez-vous-a-notre-equipe\/\"]}]},{\"@type\":\"ImageObject\",\"inLanguage\":\"fr-FR\",\"@id\":\"https:\/\/archive.ontariocaregiver.ca\/fr\/impliquez-vous\/joignez-vous-a-notre-equipe\/#primaryimage\",\"url\":\"https:\/\/ontariocaregiver.ca\/wp-content\/uploads\/2019\/10\/Banner_16_Join_Our_Team-scaled.jpg\",\"contentUrl\":\"https:\/\/ontariocaregiver.ca\/wp-content\/uploads\/2019\/10\/Banner_16_Join_Our_Team-scaled.jpg\",\"width\":2560,\"height\":612,\"caption\":\"Une femme r\u00e9conforte son p\u00e8re assis dans un fauteuil roulant \u00e0 l'ext\u00e9rieur\"},{\"@type\":\"BreadcrumbList\",\"@id\":\"https:\/\/archive.ontariocaregiver.ca\/fr\/impliquez-vous\/joignez-vous-a-notre-equipe\/#breadcrumb\",\"itemListElement\":[{\"@type\":\"ListItem\",\"position\":1,\"name\":\"Page principale\",\"item\":\"https:\/\/archive.ontariocaregiver.ca\/fr\/\"},{\"@type\":\"ListItem\",\"position\":2,\"name\":\"Impliquez-vous\",\"item\":\"https:\/\/archive.ontariocaregiver.ca\/fr\/get-involved-oco\/\"},{\"@type\":\"ListItem\",\"position\":3,\"name\":\"Joignez-vous \u00e0 notre \u00e9quipe\"}]},{\"@type\":\"WebSite\",\"@id\":\"https:\/\/archive.ontariocaregiver.ca\/fr\/#website\",\"url\":\"https:\/\/archive.ontariocaregiver.ca\/fr\/\",\"name\":\"Organisme de soutien aux aidants naturels de l\u2019Ontario\",\"description\":\"\",\"potentialAction\":[{\"@type\":\"SearchAction\",\"target\":{\"@type\":\"EntryPoint\",\"urlTemplate\":\"https:\/\/archive.ontariocaregiver.ca\/fr\/?s={search_term_string}\"},\"query-input\":{\"@type\":\"PropertyValueSpecification\",\"valueRequired\":true,\"valueName\":\"search_term_string\"}}],\"inLanguage\":\"fr-FR\"}]}<\/script>\n<!-- \/ Yoast SEO plugin. -->","yoast_head_json":{"title":"Joignez-vous \u00e0 notre \u00e9quipe - Organisme de soutien aux aidants naturels de l\u2019Ontario","robots":{"index":"noindex","follow":"follow","max-snippet":"max-snippet:-1","max-image-preview":"max-image-preview:large","max-video-preview":"max-video-preview:-1"},"og_locale":"fr_FR","og_type":"article","og_title":"Joignez-vous \u00e0 notre \u00e9quipe - Organisme de soutien aux aidants naturels de l\u2019Ontario","og_description":"L\u2019Organisme de soutien aux aidants naturels de l\u2019Ontario existe pour venir en aide aux 4&nbsp;millions de personnes aidantes naturelles \u00e0 travers la province, soit..","og_url":"https:\/\/archive.ontariocaregiver.ca\/fr\/impliquez-vous\/joignez-vous-a-notre-equipe\/","og_site_name":"Organisme de soutien aux aidants naturels de l\u2019Ontario","article_modified_time":"2024-03-13T15:44:56+00:00","og_image":[{"width":2560,"height":612,"url":"https:\/\/ontariocaregiver.ca\/wp-content\/uploads\/2019\/10\/Banner_16_Join_Our_Team-scaled.jpg","type":"image\/jpeg"}],"twitter_card":"summary_large_image","twitter_misc":{"Dur\u00e9e de lecture estim\u00e9e":"2 minutes"},"schema":{"@context":"https:\/\/schema.org","@graph":[{"@type":"WebPage","@id":"https:\/\/archive.ontariocaregiver.ca\/fr\/impliquez-vous\/joignez-vous-a-notre-equipe\/","url":"https:\/\/archive.ontariocaregiver.ca\/fr\/impliquez-vous\/joignez-vous-a-notre-equipe\/","name":"Joignez-vous \u00e0 notre \u00e9quipe - Organisme de soutien aux aidants naturels de l\u2019Ontario","isPartOf":{"@id":"https:\/\/archive.ontariocaregiver.ca\/fr\/#website"},"primaryImageOfPage":{"@id":"https:\/\/archive.ontariocaregiver.ca\/fr\/impliquez-vous\/joignez-vous-a-notre-equipe\/#primaryimage"},"image":{"@id":"https:\/\/archive.ontariocaregiver.ca\/fr\/impliquez-vous\/joignez-vous-a-notre-equipe\/#primaryimage"},"thumbnailUrl":"https:\/\/ontariocaregiver.ca\/wp-content\/uploads\/2019\/10\/Banner_16_Join_Our_Team-scaled.jpg","datePublished":"2019-10-17T14:07:00+00:00","dateModified":"2024-03-13T15:44:56+00:00","breadcrumb":{"@id":"https:\/\/archive.ontariocaregiver.ca\/fr\/impliquez-vous\/joignez-vous-a-notre-equipe\/#breadcrumb"},"inLanguage":"fr-FR","potentialAction":[{"@type":"ReadAction","target":["https:\/\/archive.ontariocaregiver.ca\/fr\/impliquez-vous\/joignez-vous-a-notre-equipe\/"]}]},{"@type":"ImageObject","inLanguage":"fr-FR","@id":"https:\/\/archive.ontariocaregiver.ca\/fr\/impliquez-vous\/joignez-vous-a-notre-equipe\/#primaryimage","url":"https:\/\/ontariocaregiver.ca\/wp-content\/uploads\/2019\/10\/Banner_16_Join_Our_Team-scaled.jpg","contentUrl":"https:\/\/ontariocaregiver.ca\/wp-content\/uploads\/2019\/10\/Banner_16_Join_Our_Team-scaled.jpg","width":2560,"height":612,"caption":"Une femme r\u00e9conforte son p\u00e8re assis dans un fauteuil roulant \u00e0 l'ext\u00e9rieur"},{"@type":"BreadcrumbList","@id":"https:\/\/archive.ontariocaregiver.ca\/fr\/impliquez-vous\/joignez-vous-a-notre-equipe\/#breadcrumb","itemListElement":[{"@type":"ListItem","position":1,"name":"Page principale","item":"https:\/\/archive.ontariocaregiver.ca\/fr\/"},{"@type":"ListItem","position":2,"name":"Impliquez-vous","item":"https:\/\/archive.ontariocaregiver.ca\/fr\/get-involved-oco\/"},{"@type":"ListItem","position":3,"name":"Joignez-vous \u00e0 notre \u00e9quipe"}]},{"@type":"WebSite","@id":"https:\/\/archive.ontariocaregiver.ca\/fr\/#website","url":"https:\/\/archive.ontariocaregiver.ca\/fr\/","name":"Organisme de soutien aux aidants naturels de l\u2019Ontario","description":"","potentialAction":[{"@type":"SearchAction","target":{"@type":"EntryPoint","urlTemplate":"https:\/\/archive.ontariocaregiver.ca\/fr\/?s={search_term_string}"},"query-input":{"@type":"PropertyValueSpecification","valueRequired":true,"valueName":"search_term_string"}}],"inLanguage":"fr-FR"}]}},"ticketed":false,"_links":{"self":[{"href":"https:\/\/archive.ontariocaregiver.ca\/fr\/wp-json\/wp\/v2\/pages\/785","targetHints":{"allow":["GET"]}}],"collection":[{"href":"https:\/\/archive.ontariocaregiver.ca\/fr\/wp-json\/wp\/v2\/pages"}],"about":[{"href":"https:\/\/archive.ontariocaregiver.ca\/fr\/wp-json\/wp\/v2\/types\/page"}],"author":[{"embeddable":true,"href":"https:\/\/archive.ontariocaregiver.ca\/fr\/wp-json\/wp\/v2\/users\/1"}],"replies":[{"embeddable":true,"href":"https:\/\/archive.ontariocaregiver.ca\/fr\/wp-json\/wp\/v2\/comments?post=785"}],"version-history":[{"count":44,"href":"https:\/\/archive.ontariocaregiver.ca\/fr\/wp-json\/wp\/v2\/pages\/785\/revisions"}],"predecessor-version":[{"id":25453,"href":"https:\/\/archive.ontariocaregiver.ca\/fr\/wp-json\/wp\/v2\/pages\/785\/revisions\/25453"}],"up":[{"embeddable":true,"href":"https:\/\/archive.ontariocaregiver.ca\/fr\/wp-json\/wp\/v2\/pages\/7225"}],"wp:featuredmedia":[{"embeddable":true,"href":"https:\/\/archive.ontariocaregiver.ca\/fr\/wp-json\/wp\/v2\/media\/786"}],"wp:attachment":[{"href":"https:\/\/archive.ontariocaregiver.ca\/fr\/wp-json\/wp\/v2\/media?parent=785"}],"curies":[{"name":"wp","href":"https:\/\/api.w.org\/{rel}","templated":true}]}}