{"id":779,"date":"2019-10-17T10:05:02","date_gmt":"2019-10-17T14:05:02","guid":{"rendered":"http:\/\/localhost\/ontariocaregiver.ca\/get-involved\/volunteer\/"},"modified":"2024-01-19T11:37:40","modified_gmt":"2024-01-19T16:37:40","slug":"benevolat","status":"publish","type":"page","link":"https:\/\/archive.ontariocaregiver.ca\/fr\/impliquez-vous\/benevolat\/","title":{"rendered":"Faites du b\u00e9n\u00e9volat"},"content":{"rendered":"\n<h1 class=\"wp-block-heading\">Faites une diff\u00e9rence pour les personnes aidantes naturelles<\/h1>\n\n\n\n<p>Les t\u00e9moignages et les exp\u00e9riences uniques des personnes aidantes naturelles sont \u00e0 la base du travail de l\u2019OSANO. Gr\u00e2ce \u00e0 notre programme de b\u00e9n\u00e9volat, nous nous engageons activement aupr\u00e8s de diverses personnes aidantes naturelles de l\u2019Ontario afin de les aider \u00e0 relever les d\u00e9fis uniques auxquels elles sont confront\u00e9es. En tant que b\u00e9n\u00e9vole, vous pouvez faire une diff\u00e9rence consid\u00e9rable dans la communaut\u00e9 des personnes aidantes naturelles.<\/p>\n\n\n\n<h2 class=\"wp-block-heading\"><strong>Possibilit\u00e9s de b\u00e9n\u00e9volat actuelles&nbsp;<\/strong>:<\/h2>\n\n\n\n<ul class=\"wp-block-list\">\n<li><strong>Mentors\u00a0<\/strong>\u2013 Nous recherchons des personnes aidantes naturelles pour soutenir le programme de soutien individuel par les pairs. En tant que personne aidante naturelle, vous savez l\u2019importance de pouvoir compter sur une oreille attentive pour vous \u00e9couter, ainsi que sur quelqu\u2019un qui comprend les enjeux de l\u2019aidance naturelle. Pour en savoir plus sur cette occasion, <strong><a href=\"https:\/\/archive.ontariocaregiver.ca\/peersupport\/fr\/devenez-un-mentor\/\" target=\"_blank\" rel=\"noreferrer noopener\">veuillez cliquer ici<\/a><\/strong>.\u00a0<\/li>\n\n\n\n<li><strong>Ambassadeur<\/strong> \u2013 Jeunes aidants naturels branch\u00e9s (JANB)&nbsp;: Nous recherchons de jeunes aidants naturels (\u00e2g\u00e9s de 15 \u00e0 25&nbsp;ans) pour sensibiliser et mobiliser les jeunes aidants naturels dans une communaut\u00e9 en ligne sur le site Web Jeunes aidants naturels branch\u00e9s, alors qu\u2019ils s\u2019adaptent \u00e0 leur parcours d\u2019aidance naturelle. Pour en savoir plus sur cette occasion, <strong><a href=\"https:\/\/ontariocaregiver.ca\/wp-content\/uploads\/2023\/04\/OCO-YYC-Ambassador-flyer-Oct2022_FRENCH.pdf\" target=\"_blank\" rel=\"noreferrer noopener\">veuillez cliquer ici<\/a><\/strong>.<\/li>\n<\/ul>\n\n\n\n<blockquote class=\"wp-block-quote is-layout-flow wp-block-quote-is-layout-flow\">\n<p>\u00ab&nbsp;J&rsquo;ai peine \u00e0 croire que j&rsquo;ai pu trouver une occasion de b\u00e9n\u00e9volat aussi fantastique pendant la pand\u00e9mie.&nbsp; En soutenant d&rsquo;autres aidants naturels, j&rsquo;ai pu voir mon propre parcours d&rsquo;un \u0153il positif et j&rsquo;ai eu la possibilit\u00e9 d&rsquo;aider d&rsquo;autres personnes; j&rsquo;ai beaucoup de chance. \u00bb<\/p>\n\n\n\n<p><\/p>\n<cite>Mentor de l&rsquo;OSANO<\/cite><\/blockquote>\n\n\n\n<div class=\"wp-block-buttons is-layout-flex wp-block-buttons-is-layout-flex\">\n<div class=\"wp-block-button\"><a class=\"wp-block-button__link wp-element-button\" href=\"https:\/\/www.surveymonkey.com\/r\/benevoleavecosano\" target=\"_blank\" rel=\"noreferrer noopener\">Devenez b\u00e9n\u00e9vole aujourd&rsquo;hui!<\/a><\/div>\n<\/div>\n\n\n\n<h2 class=\"wp-block-heading\">Vous n\u2019\u00eates pas s\u00fbr ou vous ne trouvez pas le r\u00f4le qui vous convient?<\/h2>\n\n\n\n<p>Nous offrons une gamme de possibilit\u00e9s de b\u00e9n\u00e9volat sur une base continue et intermittente en fonction du cycle de vie des programmes et des besoins des personnes aidantes naturelles. Nous vous encourageons \u00e0 remplir <a href=\"https:\/\/www.surveymonkey.com\/r\/benevoleavecosano\" target=\"_blank\" rel=\"noreferrer noopener\">une demande de b\u00e9n\u00e9volat<\/a> et notre \u00e9quipe vous contactera si le poste id\u00e9al se pr\u00e9sente. Il peut s\u2019agir des possibilit\u00e9s suivantes&nbsp;:<br><\/p>\n\n\n\n<ul class=\"wp-block-list\">\n<li><strong>Groupe de travail<\/strong>&nbsp;: Joignez-vous \u00e0 un groupe pour apporter des id\u00e9es bas\u00e9es sur votre exp\u00e9rience en tant que personne aidante naturelle et travaillez avec l\u2019OSANO pour co-cr\u00e9er ou co-concevoir des programmes et des ressources.<\/li>\n\n\n\n<li><strong>Groupes de discussion ou consultations<\/strong>&nbsp;: Participez \u00e0 des groupes de discussion ou \u00e0 des consultations ponctuelles afin de fournir des commentaires sur les id\u00e9es ou les ressources destin\u00e9es sur les personnes aidantes naturelles.<\/li>\n\n\n\n<li><strong>Prise de parole<\/strong>&nbsp;: Participez \u00e0 un \u00e9v\u00e9nement communautaire, \u00e0 un d\u00e9bat d\u2019experts ou \u00e0 un webinaire, ou pr\u00e9sentez une conf\u00e9rence pour partager votre exp\u00e9rience d\u2019aidance naturelle, vos d\u00e9fis et vos solutions afin d\u2019aider les autres dans leur parcours d\u2019aidance naturelle.<\/li>\n<\/ul>\n\n\n\n<p><strong>Nous proposons \u00e9galement d\u2019autres moyens int\u00e9ressants de s\u2019impliquer au sein de l\u2019OSANO&nbsp;:<\/strong><\/p>\n\n\n\n<ul class=\"wp-block-list\">\n<li><a href=\"https:\/\/www.perspectivesaidancenaturelle.ca\/\" target=\"_blank\" rel=\"noreferrer noopener\">Perspectives Aidance Naturelle, notre Comit\u00e9 consultatif de personnes aidantes naturelles<\/a>&nbsp;: Participez \u00e0 un forum de discussion en ligne pour fournir r\u00e9guli\u00e8rement des informations et des commentaires sur les id\u00e9es et les outils destin\u00e9s aux personnes aidantes naturelles. Il se peut \u00e9galement que vous soyez interrog\u00e9 de temps \u00e0 autre sur divers aspects de votre exp\u00e9rience en tant que personne aidante naturelle.<\/li>\n\n\n\n<li><a href=\"https:\/\/archive.ontariocaregiver.ca\/fr\/impliquez-vous\/partagez-votre-histoire\/\">Partager votre histoire<\/a>&nbsp;: (par \u00e9crit, dans les m\u00e9dias ou en vid\u00e9o)&nbsp;: Partagez votre exp\u00e9rience de personne aidante naturelle, ou vos recommandations sur la mani\u00e8re d\u2019am\u00e9liorer l\u2019exp\u00e9rience d\u2019aidance naturelle. Les t\u00e9moignages peuvent figurer dans notre publication en ligne.<\/li>\n<\/ul>\n","protected":false},"excerpt":{"rendered":"<p>Faites une diff\u00e9rence pour les personnes aidantes naturelles Les t\u00e9moignages et les exp\u00e9riences uniques des personnes aidantes naturelles sont \u00e0 la base du travail..<\/p>\n","protected":false},"author":1,"featured_media":780,"parent":7225,"menu_order":0,"comment_status":"closed","ping_status":"closed","template":"","meta":{"_acf_changed":false,"_relevanssi_hide_post":"","_relevanssi_hide_content":"","_relevanssi_pin_for_all":"","_relevanssi_pin_keywords":"","_relevanssi_unpin_keywords":"","_relevanssi_related_keywords":"","_relevanssi_related_include_ids":"","_relevanssi_related_exclude_ids":"","_relevanssi_related_no_append":"","_relevanssi_related_not_related":"","_relevanssi_related_posts":"1050,8416,2001,12350,12694,9320","_relevanssi_noindex_reason":"","_price":"","_stock":"","_tribe_ticket_header":"","_tribe_default_ticket_provider":"","_tribe_ticket_capacity":"0","_ticket_start_date":"","_ticket_end_date":"","_tribe_ticket_show_description":"","_tribe_ticket_show_not_going":false,"_tribe_ticket_use_global_stock":"","_tribe_ticket_global_stock_level":"","_global_stock_mode":"","_global_stock_cap":"","_tribe_rsvp_for_event":"","_tribe_ticket_going_count":"","_tribe_ticket_not_going_count":"","_tribe_tickets_list":[],"_tribe_ticket_has_attendee_info_fields":false,"footnotes":""},"class_list":["post-779","page","type-page","status-publish","has-post-thumbnail","hentry"],"acf":[],"yoast_head":"<!-- This site is optimized with the Yoast SEO plugin v25.8 - https:\/\/yoast.com\/wordpress\/plugins\/seo\/ -->\n<title>Faites du b\u00e9n\u00e9volat - Organisme de soutien aux aidants naturels de l\u2019Ontario<\/title>\n<meta name=\"robots\" content=\"noindex, follow, max-snippet:-1, max-image-preview:large, max-video-preview:-1\" \/>\n<meta property=\"og:locale\" content=\"fr_FR\" \/>\n<meta property=\"og:type\" content=\"article\" \/>\n<meta property=\"og:title\" content=\"Faites du b\u00e9n\u00e9volat - Organisme de soutien aux aidants naturels de l\u2019Ontario\" \/>\n<meta property=\"og:description\" content=\"Faites une diff\u00e9rence pour les personnes aidantes naturelles Les t\u00e9moignages et les exp\u00e9riences uniques des personnes aidantes naturelles sont \u00e0 la base du travail..\" \/>\n<meta property=\"og:url\" content=\"https:\/\/archive.ontariocaregiver.ca\/fr\/impliquez-vous\/benevolat\/\" \/>\n<meta property=\"og:site_name\" content=\"Organisme de soutien aux aidants naturels de l\u2019Ontario\" \/>\n<meta property=\"article:modified_time\" content=\"2024-01-19T16:37:40+00:00\" \/>\n<meta property=\"og:image\" content=\"https:\/\/ontariocaregiver.ca\/wp-content\/uploads\/2019\/10\/Banner_12_Volunteer-scaled.jpg\" \/>\n\t<meta property=\"og:image:width\" content=\"2560\" \/>\n\t<meta property=\"og:image:height\" content=\"612\" \/>\n\t<meta property=\"og:image:type\" content=\"image\/jpeg\" \/>\n<meta name=\"twitter:card\" content=\"summary_large_image\" \/>\n<meta name=\"twitter:label1\" content=\"Dur\u00e9e de lecture estim\u00e9e\" \/>\n\t<meta name=\"twitter:data1\" content=\"3 minutes\" \/>\n<script type=\"application\/ld+json\" class=\"yoast-schema-graph\">{\"@context\":\"https:\/\/schema.org\",\"@graph\":[{\"@type\":\"WebPage\",\"@id\":\"https:\/\/archive.ontariocaregiver.ca\/fr\/impliquez-vous\/benevolat\/\",\"url\":\"https:\/\/archive.ontariocaregiver.ca\/fr\/impliquez-vous\/benevolat\/\",\"name\":\"Faites du b\u00e9n\u00e9volat - Organisme de soutien aux aidants naturels de l\u2019Ontario\",\"isPartOf\":{\"@id\":\"https:\/\/archive.ontariocaregiver.ca\/fr\/#website\"},\"primaryImageOfPage\":{\"@id\":\"https:\/\/archive.ontariocaregiver.ca\/fr\/impliquez-vous\/benevolat\/#primaryimage\"},\"image\":{\"@id\":\"https:\/\/archive.ontariocaregiver.ca\/fr\/impliquez-vous\/benevolat\/#primaryimage\"},\"thumbnailUrl\":\"https:\/\/ontariocaregiver.ca\/wp-content\/uploads\/2019\/10\/Banner_12_Volunteer-scaled.jpg\",\"datePublished\":\"2019-10-17T14:05:02+00:00\",\"dateModified\":\"2024-01-19T16:37:40+00:00\",\"breadcrumb\":{\"@id\":\"https:\/\/archive.ontariocaregiver.ca\/fr\/impliquez-vous\/benevolat\/#breadcrumb\"},\"inLanguage\":\"fr-FR\",\"potentialAction\":[{\"@type\":\"ReadAction\",\"target\":[\"https:\/\/archive.ontariocaregiver.ca\/fr\/impliquez-vous\/benevolat\/\"]}]},{\"@type\":\"ImageObject\",\"inLanguage\":\"fr-FR\",\"@id\":\"https:\/\/archive.ontariocaregiver.ca\/fr\/impliquez-vous\/benevolat\/#primaryimage\",\"url\":\"https:\/\/ontariocaregiver.ca\/wp-content\/uploads\/2019\/10\/Banner_12_Volunteer-scaled.jpg\",\"contentUrl\":\"https:\/\/ontariocaregiver.ca\/wp-content\/uploads\/2019\/10\/Banner_12_Volunteer-scaled.jpg\",\"width\":2560,\"height\":612,\"caption\":\"Un jeune homme souriant avec sa grand-m\u00e8re souriante\"},{\"@type\":\"BreadcrumbList\",\"@id\":\"https:\/\/archive.ontariocaregiver.ca\/fr\/impliquez-vous\/benevolat\/#breadcrumb\",\"itemListElement\":[{\"@type\":\"ListItem\",\"position\":1,\"name\":\"Page principale\",\"item\":\"https:\/\/archive.ontariocaregiver.ca\/fr\/\"},{\"@type\":\"ListItem\",\"position\":2,\"name\":\"Impliquez-vous\",\"item\":\"https:\/\/archive.ontariocaregiver.ca\/fr\/get-involved-oco\/\"},{\"@type\":\"ListItem\",\"position\":3,\"name\":\"Faites du b\u00e9n\u00e9volat\"}]},{\"@type\":\"WebSite\",\"@id\":\"https:\/\/archive.ontariocaregiver.ca\/fr\/#website\",\"url\":\"https:\/\/archive.ontariocaregiver.ca\/fr\/\",\"name\":\"Organisme de soutien aux aidants naturels de l\u2019Ontario\",\"description\":\"\",\"potentialAction\":[{\"@type\":\"SearchAction\",\"target\":{\"@type\":\"EntryPoint\",\"urlTemplate\":\"https:\/\/archive.ontariocaregiver.ca\/fr\/?s={search_term_string}\"},\"query-input\":{\"@type\":\"PropertyValueSpecification\",\"valueRequired\":true,\"valueName\":\"search_term_string\"}}],\"inLanguage\":\"fr-FR\"}]}<\/script>\n<!-- \/ Yoast SEO plugin. -->","yoast_head_json":{"title":"Faites du b\u00e9n\u00e9volat - Organisme de soutien aux aidants naturels de l\u2019Ontario","robots":{"index":"noindex","follow":"follow","max-snippet":"max-snippet:-1","max-image-preview":"max-image-preview:large","max-video-preview":"max-video-preview:-1"},"og_locale":"fr_FR","og_type":"article","og_title":"Faites du b\u00e9n\u00e9volat - Organisme de soutien aux aidants naturels de l\u2019Ontario","og_description":"Faites une diff\u00e9rence pour les personnes aidantes naturelles Les t\u00e9moignages et les exp\u00e9riences uniques des personnes aidantes naturelles sont \u00e0 la base du travail..","og_url":"https:\/\/archive.ontariocaregiver.ca\/fr\/impliquez-vous\/benevolat\/","og_site_name":"Organisme de soutien aux aidants naturels de l\u2019Ontario","article_modified_time":"2024-01-19T16:37:40+00:00","og_image":[{"width":2560,"height":612,"url":"https:\/\/ontariocaregiver.ca\/wp-content\/uploads\/2019\/10\/Banner_12_Volunteer-scaled.jpg","type":"image\/jpeg"}],"twitter_card":"summary_large_image","twitter_misc":{"Dur\u00e9e de lecture estim\u00e9e":"3 minutes"},"schema":{"@context":"https:\/\/schema.org","@graph":[{"@type":"WebPage","@id":"https:\/\/archive.ontariocaregiver.ca\/fr\/impliquez-vous\/benevolat\/","url":"https:\/\/archive.ontariocaregiver.ca\/fr\/impliquez-vous\/benevolat\/","name":"Faites du b\u00e9n\u00e9volat - Organisme de soutien aux aidants naturels de l\u2019Ontario","isPartOf":{"@id":"https:\/\/archive.ontariocaregiver.ca\/fr\/#website"},"primaryImageOfPage":{"@id":"https:\/\/archive.ontariocaregiver.ca\/fr\/impliquez-vous\/benevolat\/#primaryimage"},"image":{"@id":"https:\/\/archive.ontariocaregiver.ca\/fr\/impliquez-vous\/benevolat\/#primaryimage"},"thumbnailUrl":"https:\/\/ontariocaregiver.ca\/wp-content\/uploads\/2019\/10\/Banner_12_Volunteer-scaled.jpg","datePublished":"2019-10-17T14:05:02+00:00","dateModified":"2024-01-19T16:37:40+00:00","breadcrumb":{"@id":"https:\/\/archive.ontariocaregiver.ca\/fr\/impliquez-vous\/benevolat\/#breadcrumb"},"inLanguage":"fr-FR","potentialAction":[{"@type":"ReadAction","target":["https:\/\/archive.ontariocaregiver.ca\/fr\/impliquez-vous\/benevolat\/"]}]},{"@type":"ImageObject","inLanguage":"fr-FR","@id":"https:\/\/archive.ontariocaregiver.ca\/fr\/impliquez-vous\/benevolat\/#primaryimage","url":"https:\/\/ontariocaregiver.ca\/wp-content\/uploads\/2019\/10\/Banner_12_Volunteer-scaled.jpg","contentUrl":"https:\/\/ontariocaregiver.ca\/wp-content\/uploads\/2019\/10\/Banner_12_Volunteer-scaled.jpg","width":2560,"height":612,"caption":"Un jeune homme souriant avec sa grand-m\u00e8re souriante"},{"@type":"BreadcrumbList","@id":"https:\/\/archive.ontariocaregiver.ca\/fr\/impliquez-vous\/benevolat\/#breadcrumb","itemListElement":[{"@type":"ListItem","position":1,"name":"Page principale","item":"https:\/\/archive.ontariocaregiver.ca\/fr\/"},{"@type":"ListItem","position":2,"name":"Impliquez-vous","item":"https:\/\/archive.ontariocaregiver.ca\/fr\/get-involved-oco\/"},{"@type":"ListItem","position":3,"name":"Faites du b\u00e9n\u00e9volat"}]},{"@type":"WebSite","@id":"https:\/\/archive.ontariocaregiver.ca\/fr\/#website","url":"https:\/\/archive.ontariocaregiver.ca\/fr\/","name":"Organisme de soutien aux aidants naturels de l\u2019Ontario","description":"","potentialAction":[{"@type":"SearchAction","target":{"@type":"EntryPoint","urlTemplate":"https:\/\/archive.ontariocaregiver.ca\/fr\/?s={search_term_string}"},"query-input":{"@type":"PropertyValueSpecification","valueRequired":true,"valueName":"search_term_string"}}],"inLanguage":"fr-FR"}]}},"ticketed":false,"_links":{"self":[{"href":"https:\/\/archive.ontariocaregiver.ca\/fr\/wp-json\/wp\/v2\/pages\/779","targetHints":{"allow":["GET"]}}],"collection":[{"href":"https:\/\/archive.ontariocaregiver.ca\/fr\/wp-json\/wp\/v2\/pages"}],"about":[{"href":"https:\/\/archive.ontariocaregiver.ca\/fr\/wp-json\/wp\/v2\/types\/page"}],"author":[{"embeddable":true,"href":"https:\/\/archive.ontariocaregiver.ca\/fr\/wp-json\/wp\/v2\/users\/1"}],"replies":[{"embeddable":true,"href":"https:\/\/archive.ontariocaregiver.ca\/fr\/wp-json\/wp\/v2\/comments?post=779"}],"version-history":[{"count":23,"href":"https:\/\/archive.ontariocaregiver.ca\/fr\/wp-json\/wp\/v2\/pages\/779\/revisions"}],"predecessor-version":[{"id":25192,"href":"https:\/\/archive.ontariocaregiver.ca\/fr\/wp-json\/wp\/v2\/pages\/779\/revisions\/25192"}],"up":[{"embeddable":true,"href":"https:\/\/archive.ontariocaregiver.ca\/fr\/wp-json\/wp\/v2\/pages\/7225"}],"wp:featuredmedia":[{"embeddable":true,"href":"https:\/\/archive.ontariocaregiver.ca\/fr\/wp-json\/wp\/v2\/media\/780"}],"wp:attachment":[{"href":"https:\/\/archive.ontariocaregiver.ca\/fr\/wp-json\/wp\/v2\/media?parent=779"}],"curies":[{"name":"wp","href":"https:\/\/api.w.org\/{rel}","templated":true}]}}