{"id":7765,"date":"2020-12-09T23:24:18","date_gmt":"2020-12-10T04:24:18","guid":{"rendered":"https:\/\/archive.ontariocaregiver.ca\/?page_id=7765"},"modified":"2023-02-06T10:24:20","modified_gmt":"2023-02-06T15:24:20","slug":"jeter-les-bases-dune-culture-de-partenariat-en-matiere-de-soins","status":"publish","type":"page","link":"https:\/\/archive.ontariocaregiver.ca\/fr\/jeter-les-bases-dune-culture-de-partenariat-en-matiere-de-soins\/","title":{"rendered":"Jeter les bases d\u2019une culture de partenariat en mati\u00e8re de soins"},"content":{"rendered":"\n<h2 class=\"wp-block-heading\">Jeter les bases d\u2019une culture de partenariat en mati\u00e8re de soins<\/h2>\n\n\n\n<p><strong>70&nbsp;% des soins aux patients sont prodigu\u00e9s par les aidants naturels.<\/strong><\/p>\n\n\n\n<p>Et pourtant, les aidants naturels disent qu\u2019ils ne se sentent pas&nbsp;souvent reconnus, soutenus ou valoris\u00e9s comme membres de l\u2019\u00e9quipe de soins. Malgr\u00e9 le fait que le syst\u00e8me de soins de sant\u00e9 compte beaucoup sur les aidants naturels pour s\u2019occuper des patients et qu\u2019il tire parti des avantages au chapitre des r\u00e9sultats de sant\u00e9 des patients et de la performance du syst\u00e8me, les prestataires de soins de sant\u00e9 n\u2019\u00e9tablissent pas fr\u00e9quemment de liens avec les aidants naturels.<\/p>\n\n\n\n<p>Cette s\u00e9rie de formations gratuites aide les prestataires de soins de sant\u00e9 \u00e0 mieux comprendre le r\u00f4le des personnes aidants naturels et \u00e0 d\u00e9couvrir des moyens efficaces d\u2019inclure et de communiquer avec les aidants naturels comme partenaires dans l\u2019\u00e9quipe de soins.<\/p>\n\n\n\n<h2 class=\"wp-block-heading\">La s\u00e9rie<\/h2>\n\n\n\n<p>En collaboration avec les prestataires de soins de sant\u00e9, les patients et les aidants naturels, The Change Foundation, dans le cadre de son initiative Changing CARE, a co-con\u00e7u deux s\u00e9ries pour aider les prestataires de soins de sant\u00e9 \u00e0 am\u00e9liorer l\u2019exp\u00e9rience des aidants naturels.&nbsp;D\u00e9velopp\u00e9s \u00e0 partir de la taxonomie de Bloom, des principes de l\u2019\u00e9ducation aux adultes et des meilleures pratiques de l\u2019apprentissage en ligne, les modules en source libre sont ancr\u00e9s dans l\u2019apprentissage ouvert, sont conformes aux exigences en mati\u00e8re d\u2019accessibilit\u00e9 et et sont disponibles gratuitement sur la biblioth\u00e8que d\u2019apprentissage de l\u2019OSANO. Si vous souhaitez int\u00e9grer cette s\u00e9rie au syst\u00e8me de gestion de l\u2019apprentissage (SGA) de votre organisation, veuillez contacter l\u2019OSANO pour de plus amples informations \u00e0 l\u2019adresse suivante&nbsp;: <a href=\"mailto:info@archive.ontariocaregiver.ca\" target=\"_blank\" rel=\"noreferrer noopener\"><strong>info@archive.ontariocaregiver.ca<\/strong><\/a>.<\/p>\n\n\n\n<h3 class=\"wp-block-heading\"><strong>La s\u00e9rie originale <\/strong>&#8211;<strong>Les aidant naturels comme partenaires<\/strong><\/h3>\n\n\n\n<div class=\"wp-block-columns is-layout-flex wp-container-core-columns-is-layout-1 wp-block-columns-is-layout-flex\">\n<div class=\"wp-block-column is-layout-flow wp-block-column-is-layout-flow\">\n<figure class=\"wp-block-image size-full is-resized\"><a href=\"https:\/\/learning.ontariocaregiver.ca\/course\/info.php?id=5\"><img loading=\"lazy\" decoding=\"async\" src=\"https:\/\/ontariocaregiver.ca\/wp-content\/uploads\/2022\/04\/FR-Caregiver-as-partners.png\" alt=\"\" class=\"wp-image-17726\" width=\"373\" height=\"456\" srcset=\"https:\/\/ontariocaregiver.ca\/wp-content\/uploads\/2022\/04\/FR-Caregiver-as-partners.png 339w, https:\/\/ontariocaregiver.ca\/wp-content\/uploads\/2022\/04\/FR-Caregiver-as-partners-246x300.png 246w\" sizes=\"auto, (max-width: 373px) 100vw, 373px\" \/><\/a><figcaption class=\"wp-element-caption\"><a href=\"https:\/\/learning.ontariocaregiver.ca\/course\/info.php?id=5\">2+ hrs. Apprenez-en davantage sur le r\u00f4le d&rsquo;aidant naturel et sur la fa\u00e7on de les impliquer et de les habiliter en tant que (Cliquez ici pour entrer dans le cours) <\/a><\/figcaption><\/figure>\n<\/div>\n\n\n\n<div class=\"wp-block-column is-layout-flow wp-block-column-is-layout-flow\">\n<ul class=\"wp-block-list\">\n<li>Trois modules:\n<ul class=\"wp-block-list\">\n<li>Comprendre le r\u00f4le des aidants naturels<\/li>\n\n\n\n<li>Communiquer avec les aidants naturels<\/li>\n\n\n\n<li>Outiller les aidants naturels<\/li>\n<\/ul>\n<\/li>\n<\/ul>\n<\/div>\n<\/div>\n\n\n\n<ul class=\"wp-block-list\">\n<li>Propose une formation pratique sur la mani\u00e8re d\u2019engager, de soutenir et d\u2019outiller les aidants naturels<\/li>\n\n\n\n<li>Applicable \u00e0 tous les soins de sant\u00e9 et de proximit\u00e9 pour l\u2019ensemble des prestataires et du personnel<\/li>\n\n\n\n<li>Introduction\/r\u00e9sum\u00e9 du module (\u00ab\u00a0rappel\u00a0\u00bb) \u00e9galement disponible<\/li>\n<\/ul>\n\n\n\n<hr class=\"wp-block-separator has-css-opacity\"\/>\n\n\n\n<p><a id=\"_msocom_1\"><\/a><\/p>\n\n\n\n<h3 class=\"wp-block-heading\"><strong>Les aidant naturels \u2013 S\u00e9rie sur la sant\u00e9 mentale et la d\u00e9pendance<\/strong><\/h3>\n\n\n\n<div class=\"wp-block-columns is-layout-flex wp-container-core-columns-is-layout-2 wp-block-columns-is-layout-flex\">\n<div class=\"wp-block-column is-layout-flow wp-block-column-is-layout-flow\">\n<figure class=\"wp-block-image size-full is-resized\"><a href=\"https:\/\/learning.ontariocaregiver.ca\/course\/view.php?id=6\"><img loading=\"lazy\" decoding=\"async\" src=\"https:\/\/ontariocaregiver.ca\/wp-content\/uploads\/2022\/04\/FR-sante-mentale-1.png\" alt=\"\" class=\"wp-image-17730\" width=\"365\" height=\"448\" srcset=\"https:\/\/ontariocaregiver.ca\/wp-content\/uploads\/2022\/04\/FR-sante-mentale-1.png 343w, https:\/\/ontariocaregiver.ca\/wp-content\/uploads\/2022\/04\/FR-sante-mentale-1-244x300.png 244w\" sizes=\"auto, (max-width: 365px) 100vw, 365px\" \/><\/a><figcaption class=\"wp-element-caption\"><a href=\"https:\/\/learning.ontariocaregiver.ca\/course\/view.php?id=6\">1.5+ hrs. Apprenez comment soutenir les aidants naturels qui s&rsquo;occupent d&rsquo;une (Cliquez ici pour entrer dans le cours)<\/a><\/figcaption><\/figure>\n<\/div>\n\n\n\n<div class=\"wp-block-column is-layout-flow wp-block-column-is-layout-flow\">\n<ul class=\"wp-block-list\">\n<li>Trois modules:\n<ul class=\"wp-block-list\">\n<li>Nature et impact<\/li>\n\n\n\n<li>Le fardeau de la prestation de soins<\/li>\n\n\n\n<li>Espoir et r\u00e9tablissement<\/li>\n<\/ul>\n<\/li>\n<\/ul>\n\n\n\n<hr class=\"wp-block-separator has-css-opacity\"\/>\n\n\n\n<p><a id=\"_msocom_1\"><\/a><\/p>\n\n\n\n<p><\/p>\n<\/div>\n<\/div>\n\n\n\n<ul class=\"wp-block-list\">\n<li>Mise en \u00e9vidence des comp\u00e9tences pratiques et des ressources permettant d\u2019am\u00e9liorer l\u2019exp\u00e9rience de l\u2019aidant naturel en soulignant ce qui rend le parcours de l\u2019aidant naturel diff\u00e9rent lorsqu\u2019il s\u2019occupe d\u2019une personne souffrant d\u2019une maladie mentale et\/ou de d\u00e9pendance <\/li>\n\n\n\n<li>Applicable \u00e0 l\u2019ensemble du personnel et des prestataires dans le secteur des d\u00e9pendances et de la sant\u00e9 mentale <\/li>\n\n\n\n<li>Une liste de ressources pr\u00e9sentant des organisations qui fournissent un soutien aux patients vivant avec une maladie mentale et\/ou une d\u00e9pendance et \u00e0 leurs aidants naturels est disponible comme ressource compl\u00e9mentaire<\/li>\n<\/ul>\n\n\n\n<h2 class=\"wp-block-heading\">Acc\u00e8s<\/h2>\n\n\n\n<p>La plateforme d\u2019apprentissage en ligne Partenaires de soins est mise gratuitement \u00e0 la disposition des personnes et des organisations sur le site Web d\u2019apprentissage en ligne de l\u2019Organisme de soutien aux aidants naturels de l\u2019Ontario \u00e0 l\u2019adresse&nbsp;:&nbsp;<a href=\"https:\/\/learning.ontariocaregiver.ca\/?lang=fr_ca\" target=\"_blank\" rel=\"noreferrer noopener\">https:\/\/learning.ontariocaregiver.ca\/?lang=fr_ca<\/a><br><br>La plateforme d\u2019apprentissage en ligne Partenaires de soins peut \u00e9galement \u00eatre \u00e9dit\u00e9e selon les exigences des syst\u00e8mes de gestion de l\u2019apprentissage (SGA) pour soutenir l\u2019adoption et la mise en \u0153uvre organisationnelles. Si vous avez des questions ou des pr\u00e9occupations, y compris des demandes li\u00e9es \u00e0 l\u2019int\u00e9gration dans un SGA, communiquez avec nous \u00e0&nbsp;<a href=\"mailto:info@archive.ontariocaregiver.ca\" target=\"_blank\" rel=\"noreferrer noopener\">info@archive.ontariocaregiver.ca<\/a><\/p>\n","protected":false},"excerpt":{"rendered":"<p>Jeter les bases d\u2019une culture de partenariat en mati\u00e8re de soins 70&nbsp;% des soins aux patients sont prodigu\u00e9s par les aidants naturels. Et pourtant,..<\/p>\n","protected":false},"author":2,"featured_media":0,"parent":0,"menu_order":0,"comment_status":"closed","ping_status":"closed","template":"","meta":{"_acf_changed":false,"_relevanssi_hide_post":"","_relevanssi_hide_content":"","_relevanssi_pin_for_all":"","_relevanssi_pin_keywords":"","_relevanssi_unpin_keywords":"","_relevanssi_related_keywords":"","_relevanssi_related_include_ids":"","_relevanssi_related_exclude_ids":"","_relevanssi_related_no_append":"","_relevanssi_related_not_related":"","_relevanssi_related_posts":"13464,7899,7429,12694,10350,10342","_relevanssi_noindex_reason":"","_price":"","_stock":"","_tribe_ticket_header":"","_tribe_default_ticket_provider":"","_tribe_ticket_capacity":"0","_ticket_start_date":"","_ticket_end_date":"","_tribe_ticket_show_description":"","_tribe_ticket_show_not_going":false,"_tribe_ticket_use_global_stock":"","_tribe_ticket_global_stock_level":"","_global_stock_mode":"","_global_stock_cap":"","_tribe_rsvp_for_event":"","_tribe_ticket_going_count":"","_tribe_ticket_not_going_count":"","_tribe_tickets_list":[],"_tribe_ticket_has_attendee_info_fields":false,"footnotes":""},"class_list":["post-7765","page","type-page","status-publish","hentry"],"acf":[],"yoast_head":"<!-- This site is optimized with the Yoast SEO plugin v25.8 - https:\/\/yoast.com\/wordpress\/plugins\/seo\/ -->\n<title>Jeter les bases d\u2019une culture de partenariat en mati\u00e8re de soins - Organisme de soutien aux aidants naturels de l\u2019Ontario<\/title>\n<meta name=\"robots\" content=\"noindex, follow, max-snippet:-1, max-image-preview:large, max-video-preview:-1\" \/>\n<meta property=\"og:locale\" content=\"fr_FR\" \/>\n<meta property=\"og:type\" content=\"article\" \/>\n<meta property=\"og:title\" content=\"Jeter les bases d\u2019une culture de partenariat en mati\u00e8re de soins - Organisme de soutien aux aidants naturels de l\u2019Ontario\" \/>\n<meta property=\"og:description\" content=\"Jeter les bases d\u2019une culture de partenariat en mati\u00e8re de soins 70&nbsp;% des soins aux patients sont prodigu\u00e9s par les aidants naturels. Et pourtant,..\" \/>\n<meta property=\"og:url\" content=\"https:\/\/archive.ontariocaregiver.ca\/fr\/jeter-les-bases-dune-culture-de-partenariat-en-matiere-de-soins\/\" \/>\n<meta property=\"og:site_name\" content=\"Organisme de soutien aux aidants naturels de l\u2019Ontario\" \/>\n<meta property=\"article:modified_time\" content=\"2023-02-06T15:24:20+00:00\" \/>\n<meta property=\"og:image\" content=\"https:\/\/ontariocaregiver.ca\/wp-content\/uploads\/2022\/04\/FR-Caregiver-as-partners.png\" \/>\n<meta name=\"twitter:card\" content=\"summary_large_image\" \/>\n<meta name=\"twitter:label1\" content=\"Dur\u00e9e de lecture estim\u00e9e\" \/>\n\t<meta name=\"twitter:data1\" content=\"3 minutes\" \/>\n<script type=\"application\/ld+json\" class=\"yoast-schema-graph\">{\"@context\":\"https:\/\/schema.org\",\"@graph\":[{\"@type\":\"WebPage\",\"@id\":\"https:\/\/archive.ontariocaregiver.ca\/fr\/jeter-les-bases-dune-culture-de-partenariat-en-matiere-de-soins\/\",\"url\":\"https:\/\/archive.ontariocaregiver.ca\/fr\/jeter-les-bases-dune-culture-de-partenariat-en-matiere-de-soins\/\",\"name\":\"Jeter les bases d\u2019une culture de partenariat en mati\u00e8re de soins - Organisme de soutien aux aidants naturels de l\u2019Ontario\",\"isPartOf\":{\"@id\":\"https:\/\/archive.ontariocaregiver.ca\/fr\/#website\"},\"primaryImageOfPage\":{\"@id\":\"https:\/\/archive.ontariocaregiver.ca\/fr\/jeter-les-bases-dune-culture-de-partenariat-en-matiere-de-soins\/#primaryimage\"},\"image\":{\"@id\":\"https:\/\/archive.ontariocaregiver.ca\/fr\/jeter-les-bases-dune-culture-de-partenariat-en-matiere-de-soins\/#primaryimage\"},\"thumbnailUrl\":\"https:\/\/ontariocaregiver.ca\/wp-content\/uploads\/2022\/04\/FR-Caregiver-as-partners.png\",\"datePublished\":\"2020-12-10T04:24:18+00:00\",\"dateModified\":\"2023-02-06T15:24:20+00:00\",\"breadcrumb\":{\"@id\":\"https:\/\/archive.ontariocaregiver.ca\/fr\/jeter-les-bases-dune-culture-de-partenariat-en-matiere-de-soins\/#breadcrumb\"},\"inLanguage\":\"fr-FR\",\"potentialAction\":[{\"@type\":\"ReadAction\",\"target\":[\"https:\/\/archive.ontariocaregiver.ca\/fr\/jeter-les-bases-dune-culture-de-partenariat-en-matiere-de-soins\/\"]}]},{\"@type\":\"ImageObject\",\"inLanguage\":\"fr-FR\",\"@id\":\"https:\/\/archive.ontariocaregiver.ca\/fr\/jeter-les-bases-dune-culture-de-partenariat-en-matiere-de-soins\/#primaryimage\",\"url\":\"https:\/\/ontariocaregiver.ca\/wp-content\/uploads\/2022\/04\/FR-Caregiver-as-partners.png\",\"contentUrl\":\"https:\/\/ontariocaregiver.ca\/wp-content\/uploads\/2022\/04\/FR-Caregiver-as-partners.png\"},{\"@type\":\"BreadcrumbList\",\"@id\":\"https:\/\/archive.ontariocaregiver.ca\/fr\/jeter-les-bases-dune-culture-de-partenariat-en-matiere-de-soins\/#breadcrumb\",\"itemListElement\":[{\"@type\":\"ListItem\",\"position\":1,\"name\":\"Page principale\",\"item\":\"https:\/\/archive.ontariocaregiver.ca\/fr\/\"},{\"@type\":\"ListItem\",\"position\":2,\"name\":\"Jeter les bases d\u2019une culture de partenariat en mati\u00e8re de soins\"}]},{\"@type\":\"WebSite\",\"@id\":\"https:\/\/archive.ontariocaregiver.ca\/fr\/#website\",\"url\":\"https:\/\/archive.ontariocaregiver.ca\/fr\/\",\"name\":\"Organisme de soutien aux aidants naturels de l\u2019Ontario\",\"description\":\"\",\"potentialAction\":[{\"@type\":\"SearchAction\",\"target\":{\"@type\":\"EntryPoint\",\"urlTemplate\":\"https:\/\/archive.ontariocaregiver.ca\/fr\/?s={search_term_string}\"},\"query-input\":{\"@type\":\"PropertyValueSpecification\",\"valueRequired\":true,\"valueName\":\"search_term_string\"}}],\"inLanguage\":\"fr-FR\"}]}<\/script>\n<!-- \/ Yoast SEO plugin. -->","yoast_head_json":{"title":"Jeter les bases d\u2019une culture de partenariat en mati\u00e8re de soins - Organisme de soutien aux aidants naturels de l\u2019Ontario","robots":{"index":"noindex","follow":"follow","max-snippet":"max-snippet:-1","max-image-preview":"max-image-preview:large","max-video-preview":"max-video-preview:-1"},"og_locale":"fr_FR","og_type":"article","og_title":"Jeter les bases d\u2019une culture de partenariat en mati\u00e8re de soins - Organisme de soutien aux aidants naturels de l\u2019Ontario","og_description":"Jeter les bases d\u2019une culture de partenariat en mati\u00e8re de soins 70&nbsp;% des soins aux patients sont prodigu\u00e9s par les aidants naturels. Et pourtant,..","og_url":"https:\/\/archive.ontariocaregiver.ca\/fr\/jeter-les-bases-dune-culture-de-partenariat-en-matiere-de-soins\/","og_site_name":"Organisme de soutien aux aidants naturels de l\u2019Ontario","article_modified_time":"2023-02-06T15:24:20+00:00","og_image":[{"url":"https:\/\/ontariocaregiver.ca\/wp-content\/uploads\/2022\/04\/FR-Caregiver-as-partners.png","type":"","width":"","height":""}],"twitter_card":"summary_large_image","twitter_misc":{"Dur\u00e9e de lecture estim\u00e9e":"3 minutes"},"schema":{"@context":"https:\/\/schema.org","@graph":[{"@type":"WebPage","@id":"https:\/\/archive.ontariocaregiver.ca\/fr\/jeter-les-bases-dune-culture-de-partenariat-en-matiere-de-soins\/","url":"https:\/\/archive.ontariocaregiver.ca\/fr\/jeter-les-bases-dune-culture-de-partenariat-en-matiere-de-soins\/","name":"Jeter les bases d\u2019une culture de partenariat en mati\u00e8re de soins - Organisme de soutien aux aidants naturels de l\u2019Ontario","isPartOf":{"@id":"https:\/\/archive.ontariocaregiver.ca\/fr\/#website"},"primaryImageOfPage":{"@id":"https:\/\/archive.ontariocaregiver.ca\/fr\/jeter-les-bases-dune-culture-de-partenariat-en-matiere-de-soins\/#primaryimage"},"image":{"@id":"https:\/\/archive.ontariocaregiver.ca\/fr\/jeter-les-bases-dune-culture-de-partenariat-en-matiere-de-soins\/#primaryimage"},"thumbnailUrl":"https:\/\/ontariocaregiver.ca\/wp-content\/uploads\/2022\/04\/FR-Caregiver-as-partners.png","datePublished":"2020-12-10T04:24:18+00:00","dateModified":"2023-02-06T15:24:20+00:00","breadcrumb":{"@id":"https:\/\/archive.ontariocaregiver.ca\/fr\/jeter-les-bases-dune-culture-de-partenariat-en-matiere-de-soins\/#breadcrumb"},"inLanguage":"fr-FR","potentialAction":[{"@type":"ReadAction","target":["https:\/\/archive.ontariocaregiver.ca\/fr\/jeter-les-bases-dune-culture-de-partenariat-en-matiere-de-soins\/"]}]},{"@type":"ImageObject","inLanguage":"fr-FR","@id":"https:\/\/archive.ontariocaregiver.ca\/fr\/jeter-les-bases-dune-culture-de-partenariat-en-matiere-de-soins\/#primaryimage","url":"https:\/\/ontariocaregiver.ca\/wp-content\/uploads\/2022\/04\/FR-Caregiver-as-partners.png","contentUrl":"https:\/\/ontariocaregiver.ca\/wp-content\/uploads\/2022\/04\/FR-Caregiver-as-partners.png"},{"@type":"BreadcrumbList","@id":"https:\/\/archive.ontariocaregiver.ca\/fr\/jeter-les-bases-dune-culture-de-partenariat-en-matiere-de-soins\/#breadcrumb","itemListElement":[{"@type":"ListItem","position":1,"name":"Page principale","item":"https:\/\/archive.ontariocaregiver.ca\/fr\/"},{"@type":"ListItem","position":2,"name":"Jeter les bases d\u2019une culture de partenariat en mati\u00e8re de soins"}]},{"@type":"WebSite","@id":"https:\/\/archive.ontariocaregiver.ca\/fr\/#website","url":"https:\/\/archive.ontariocaregiver.ca\/fr\/","name":"Organisme de soutien aux aidants naturels de l\u2019Ontario","description":"","potentialAction":[{"@type":"SearchAction","target":{"@type":"EntryPoint","urlTemplate":"https:\/\/archive.ontariocaregiver.ca\/fr\/?s={search_term_string}"},"query-input":{"@type":"PropertyValueSpecification","valueRequired":true,"valueName":"search_term_string"}}],"inLanguage":"fr-FR"}]}},"ticketed":false,"_links":{"self":[{"href":"https:\/\/archive.ontariocaregiver.ca\/fr\/wp-json\/wp\/v2\/pages\/7765","targetHints":{"allow":["GET"]}}],"collection":[{"href":"https:\/\/archive.ontariocaregiver.ca\/fr\/wp-json\/wp\/v2\/pages"}],"about":[{"href":"https:\/\/archive.ontariocaregiver.ca\/fr\/wp-json\/wp\/v2\/types\/page"}],"author":[{"embeddable":true,"href":"https:\/\/archive.ontariocaregiver.ca\/fr\/wp-json\/wp\/v2\/users\/2"}],"replies":[{"embeddable":true,"href":"https:\/\/archive.ontariocaregiver.ca\/fr\/wp-json\/wp\/v2\/comments?post=7765"}],"version-history":[{"count":12,"href":"https:\/\/archive.ontariocaregiver.ca\/fr\/wp-json\/wp\/v2\/pages\/7765\/revisions"}],"predecessor-version":[{"id":20847,"href":"https:\/\/archive.ontariocaregiver.ca\/fr\/wp-json\/wp\/v2\/pages\/7765\/revisions\/20847"}],"wp:attachment":[{"href":"https:\/\/archive.ontariocaregiver.ca\/fr\/wp-json\/wp\/v2\/media?parent=7765"}],"curies":[{"name":"wp","href":"https:\/\/api.w.org\/{rel}","templated":true}]}}