{"id":7757,"date":"2020-12-09T23:15:03","date_gmt":"2020-12-10T04:15:03","guid":{"rendered":"https:\/\/archive.ontariocaregiver.ca\/?page_id=7757"},"modified":"2021-07-15T12:41:30","modified_gmt":"2021-07-15T16:41:30","slug":"lengagement-authentique-et-la-co-conception-sont-les-ingredients-cles-dun-changement-significatif-2","status":"publish","type":"page","link":"https:\/\/archive.ontariocaregiver.ca\/fr\/pour-prestataires\/aidants-naturels-et-equipes-sante-ontario\/lengagement-authentique-et-la-co-conception-sont-les-ingredients-cles-dun-changement-significatif-2\/","title":{"rendered":"Engagement significatif et co-cr\u00e9ation avec les aidants naturels"},"content":{"rendered":"\n<h1 class=\"wp-block-heading\">Engagement significatif et&nbsp;co-cr\u00e9ation&nbsp;avec les aidants naturels<\/h1>\n\n\n\n<div class=\"wp-block-image\"><figure class=\"alignleft size-large is-resized\"><img loading=\"lazy\" decoding=\"async\" src=\"https:\/\/ontariocaregiver.ca\/wp-content\/uploads\/2021\/07\/image.png\" alt=\"\" class=\"wp-image-11356\" width=\"147\" height=\"147\" srcset=\"https:\/\/ontariocaregiver.ca\/wp-content\/uploads\/2021\/07\/image.png 247w, https:\/\/ontariocaregiver.ca\/wp-content\/uploads\/2021\/07\/image-100x100.png 100w, https:\/\/ontariocaregiver.ca\/wp-content\/uploads\/2021\/07\/image-150x150.png 150w\" sizes=\"auto, (max-width: 147px) 100vw, 147px\" \/><\/figure><\/div>\n\n\n\n<p>Dans une approche\u202fd\u2019engagement significatif et\u00a0de\u00a0co-cr\u00e9ation,\u00a0les aidantes naturelles\u00a0et\u00a0aidants naturels, patientes\u00a0et\u00a0patients,\u00a0et prestataires\u00a0de soins de sant\u00e9 sont actifs et\u00a0fournissent une\u00a0contribution\u00a0\u00e9gale.\u00a0\u00a0\u00a0<\/p>\n\n\n\n<p>Au cours des derni\u00e8res ann\u00e9es, on a accord\u00e9 une importance accrue aux principes d\u2019engagement, de collaboration, de&nbsp;co-cr\u00e9ation&nbsp;et de partenariat pour am\u00e9liorer les soins de sant\u00e9 \u00e0 grande \u00e9chelle. Ces principes permettent d\u2019am\u00e9liorer l\u2019exp\u00e9rience des aidants naturels, patients et familles en mati\u00e8re de soins, de renforcer la relation entre les patients et les&nbsp;prestataires&nbsp;de soins et d\u2019am\u00e9liorer la prestation des soins et des services.<strong><sup>&nbsp;<\/sup><\/strong>&nbsp;<\/p>\n\n\n\n<p>\u00c9tant donn\u00e9 que le paysage ontarien des soins de sant\u00e9 change avec la formation des&nbsp;\u00c9quipes Sant\u00e9 Ontario (ESO), le minist\u00e8re de la Sant\u00e9 s\u2019attend \u00e0 ce que les ESO d\u00e9montrent un engagement significatif des aidants naturels, patients et familles en tant qu\u2019\u00e9l\u00e9ment essentiel de la transformation du syst\u00e8me.&nbsp;<\/p>\n\n\n\n<p>L\u2019engagement peut assumer de nombreuses formes et les degr\u00e9s de participation peuvent varier. Apprenez-en davantage sur les ressources qui appuient l\u2019engagement significatif et la&nbsp;co-cr\u00e9ation&nbsp;dans votre contexte.<\/p>\n\n\n<div id=\"corona-resources-block_5fcaaab05bf56\" class=\"corona-resources \">\n    <div class=\"row\" data-equalizer data-equalize-on=\"medium\">\n                    <div class=\"medium-6 column\">\n                <div class=\"col-title\"><div class=\"inner\"><h2 data-equalizer-watch><\/h2><\/div><\/div>\n                <a href=\"https:\/\/archive.ontariocaregiver.ca\/fr\/translate-engagement-and-co-design-inventory-of-resources\/\" target=\"_blank\">\n                <div class=\"box\" style=\"background-image:url('https:\/\/ontariocaregiver.ca\/wp-content\/uploads\/2020\/11\/Advanced-Care-Planning-II-700x467.jpg');\">\n                    <div class=\"box-content\">\n                        Ressources en appui \u00e0 l&rsquo;engagement significatif                    <\/div>\n                    <div class=\"arrow\">\n                        <i class=\"icon icon-arrow-right\"><\/i>\n                    <\/div>\n                <\/div>\n                <\/a>\n            <\/div>\n                    <div class=\"medium-6 column\">\n                <div class=\"col-title\"><div class=\"inner\"><h2 data-equalizer-watch><\/h2><\/div><\/div>\n                <a href=\"https:\/\/archive.ontariocaregiver.ca\/fr\/serie-de-rapports-sur-les-lecons-tirees-de-linitiative-changing-care\/\" target=\"_blank\">\n                <div class=\"box\" style=\"background-image:url('https:\/\/ontariocaregiver.ca\/wp-content\/uploads\/2020\/06\/iStock-1150732846-700x452.jpg');\">\n                    <div class=\"box-content\">\n                        Ressources de co-cr\u00e9ation ax\u00e9e sur l&rsquo;exp\u00e9rience                    <\/div>\n                    <div class=\"arrow\">\n                        <i class=\"icon icon-arrow-right\"><\/i>\n                    <\/div>\n                <\/div>\n                <\/a>\n            <\/div>\n            <\/div>\n<\/div>\n\n\n\n<hr class=\"wp-block-separator\"\/>\n","protected":false},"excerpt":{"rendered":"<p>Engagement significatif et&nbsp;co-cr\u00e9ation&nbsp;avec les aidants naturels Dans une approche\u202fd\u2019engagement significatif et\u00a0de\u00a0co-cr\u00e9ation,\u00a0les aidantes naturelles\u00a0et\u00a0aidants naturels, patientes\u00a0et\u00a0patients,\u00a0et prestataires\u00a0de soins de sant\u00e9 sont actifs et\u00a0fournissent une\u00a0contribution\u00a0\u00e9gale.\u00a0\u00a0\u00a0 Au..<\/p>\n","protected":false},"author":2,"featured_media":24781,"parent":7612,"menu_order":0,"comment_status":"closed","ping_status":"closed","template":"","meta":{"_acf_changed":false,"_relevanssi_hide_post":"","_relevanssi_hide_content":"","_relevanssi_pin_for_all":"","_relevanssi_pin_keywords":"","_relevanssi_unpin_keywords":"","_relevanssi_related_keywords":"","_relevanssi_related_include_ids":"","_relevanssi_related_exclude_ids":"","_relevanssi_related_no_append":"","_relevanssi_related_not_related":"","_relevanssi_related_posts":"","_relevanssi_noindex_reason":"","_price":"","_stock":"","_tribe_ticket_header":"","_tribe_default_ticket_provider":"","_tribe_ticket_capacity":"0","_ticket_start_date":"","_ticket_end_date":"","_tribe_ticket_show_description":"","_tribe_ticket_show_not_going":false,"_tribe_ticket_use_global_stock":"","_tribe_ticket_global_stock_level":"","_global_stock_mode":"","_global_stock_cap":"","_tribe_rsvp_for_event":"","_tribe_ticket_going_count":"","_tribe_ticket_not_going_count":"","_tribe_tickets_list":[],"_tribe_ticket_has_attendee_info_fields":false,"footnotes":""},"class_list":["post-7757","page","type-page","status-publish","has-post-thumbnail","hentry"],"acf":[],"yoast_head":"<!-- This site is optimized with the Yoast SEO plugin v25.8 - https:\/\/yoast.com\/wordpress\/plugins\/seo\/ -->\n<title>Engagement significatif et co-cr\u00e9ation avec les aidants naturels - Organisme de soutien aux aidants naturels de l\u2019Ontario<\/title>\n<meta name=\"robots\" content=\"noindex, follow, max-snippet:-1, max-image-preview:large, max-video-preview:-1\" \/>\n<meta property=\"og:locale\" content=\"fr_FR\" \/>\n<meta property=\"og:type\" content=\"article\" \/>\n<meta property=\"og:title\" content=\"Engagement significatif et co-cr\u00e9ation avec les aidants naturels - Organisme de soutien aux aidants naturels de l\u2019Ontario\" \/>\n<meta property=\"og:description\" content=\"Engagement significatif et&nbsp;co-cr\u00e9ation&nbsp;avec les aidants naturels Dans une approche\u202fd\u2019engagement significatif et\u00a0de\u00a0co-cr\u00e9ation,\u00a0les aidantes naturelles\u00a0et\u00a0aidants naturels, patientes\u00a0et\u00a0patients,\u00a0et prestataires\u00a0de soins de sant\u00e9 sont actifs et\u00a0fournissent une\u00a0contribution\u00a0\u00e9gale.\u00a0\u00a0\u00a0 Au..\" \/>\n<meta property=\"og:url\" content=\"https:\/\/archive.ontariocaregiver.ca\/fr\/pour-prestataires\/aidants-naturels-et-equipes-sante-ontario\/lengagement-authentique-et-la-co-conception-sont-les-ingredients-cles-dun-changement-significatif-2\/\" \/>\n<meta property=\"og:site_name\" content=\"Organisme de soutien aux aidants naturels de l\u2019Ontario\" \/>\n<meta property=\"article:modified_time\" content=\"2021-07-15T16:41:30+00:00\" \/>\n<meta property=\"og:image\" content=\"https:\/\/ontariocaregiver.ca\/wp-content\/uploads\/2023\/12\/iStock-1283692146-1024x540.jpg\" \/>\n\t<meta property=\"og:image:width\" content=\"1024\" \/>\n\t<meta property=\"og:image:height\" content=\"540\" \/>\n\t<meta property=\"og:image:type\" content=\"image\/jpeg\" \/>\n<meta name=\"twitter:card\" content=\"summary_large_image\" \/>\n<meta name=\"twitter:label1\" content=\"Dur\u00e9e de lecture estim\u00e9e\" \/>\n\t<meta name=\"twitter:data1\" content=\"1 minute\" \/>\n<script type=\"application\/ld+json\" class=\"yoast-schema-graph\">{\"@context\":\"https:\/\/schema.org\",\"@graph\":[{\"@type\":\"WebPage\",\"@id\":\"https:\/\/archive.ontariocaregiver.ca\/fr\/pour-prestataires\/aidants-naturels-et-equipes-sante-ontario\/lengagement-authentique-et-la-co-conception-sont-les-ingredients-cles-dun-changement-significatif-2\/\",\"url\":\"https:\/\/archive.ontariocaregiver.ca\/fr\/pour-prestataires\/aidants-naturels-et-equipes-sante-ontario\/lengagement-authentique-et-la-co-conception-sont-les-ingredients-cles-dun-changement-significatif-2\/\",\"name\":\"Engagement significatif et co-cr\u00e9ation avec les aidants naturels - Organisme de soutien aux aidants naturels de l\u2019Ontario\",\"isPartOf\":{\"@id\":\"https:\/\/archive.ontariocaregiver.ca\/fr\/#website\"},\"primaryImageOfPage\":{\"@id\":\"https:\/\/archive.ontariocaregiver.ca\/fr\/pour-prestataires\/aidants-naturels-et-equipes-sante-ontario\/lengagement-authentique-et-la-co-conception-sont-les-ingredients-cles-dun-changement-significatif-2\/#primaryimage\"},\"image\":{\"@id\":\"https:\/\/archive.ontariocaregiver.ca\/fr\/pour-prestataires\/aidants-naturels-et-equipes-sante-ontario\/lengagement-authentique-et-la-co-conception-sont-les-ingredients-cles-dun-changement-significatif-2\/#primaryimage\"},\"thumbnailUrl\":\"https:\/\/ontariocaregiver.ca\/wp-content\/uploads\/2023\/12\/iStock-1283692146.jpg\",\"datePublished\":\"2020-12-10T04:15:03+00:00\",\"dateModified\":\"2021-07-15T16:41:30+00:00\",\"breadcrumb\":{\"@id\":\"https:\/\/archive.ontariocaregiver.ca\/fr\/pour-prestataires\/aidants-naturels-et-equipes-sante-ontario\/lengagement-authentique-et-la-co-conception-sont-les-ingredients-cles-dun-changement-significatif-2\/#breadcrumb\"},\"inLanguage\":\"fr-FR\",\"potentialAction\":[{\"@type\":\"ReadAction\",\"target\":[\"https:\/\/archive.ontariocaregiver.ca\/fr\/pour-prestataires\/aidants-naturels-et-equipes-sante-ontario\/lengagement-authentique-et-la-co-conception-sont-les-ingredients-cles-dun-changement-significatif-2\/\"]}]},{\"@type\":\"ImageObject\",\"inLanguage\":\"fr-FR\",\"@id\":\"https:\/\/archive.ontariocaregiver.ca\/fr\/pour-prestataires\/aidants-naturels-et-equipes-sante-ontario\/lengagement-authentique-et-la-co-conception-sont-les-ingredients-cles-dun-changement-significatif-2\/#primaryimage\",\"url\":\"https:\/\/ontariocaregiver.ca\/wp-content\/uploads\/2023\/12\/iStock-1283692146.jpg\",\"contentUrl\":\"https:\/\/ontariocaregiver.ca\/wp-content\/uploads\/2023\/12\/iStock-1283692146.jpg\",\"width\":2383,\"height\":1257,\"caption\":\"patient et personne aidante\"},{\"@type\":\"BreadcrumbList\",\"@id\":\"https:\/\/archive.ontariocaregiver.ca\/fr\/pour-prestataires\/aidants-naturels-et-equipes-sante-ontario\/lengagement-authentique-et-la-co-conception-sont-les-ingredients-cles-dun-changement-significatif-2\/#breadcrumb\",\"itemListElement\":[{\"@type\":\"ListItem\",\"position\":1,\"name\":\"Page principale\",\"item\":\"https:\/\/archive.ontariocaregiver.ca\/fr\/\"},{\"@type\":\"ListItem\",\"position\":2,\"name\":\"Centre de ressources pour les prestataires de soins de sant\u00e9\",\"item\":\"https:\/\/archive.ontariocaregiver.ca\/fr\/for-providers\/\"},{\"@type\":\"ListItem\",\"position\":3,\"name\":\"Les personnes aidantes naturelles et les \u00c9quipes Sant\u00e9 Ontario\",\"item\":\"https:\/\/archive.ontariocaregiver.ca\/fr\/for-providers\/caregivers-and-ontario-health-teams\/\"},{\"@type\":\"ListItem\",\"position\":4,\"name\":\"Engagement significatif et co-cr\u00e9ation avec les aidants naturels\"}]},{\"@type\":\"WebSite\",\"@id\":\"https:\/\/archive.ontariocaregiver.ca\/fr\/#website\",\"url\":\"https:\/\/archive.ontariocaregiver.ca\/fr\/\",\"name\":\"Organisme de soutien aux aidants naturels de l\u2019Ontario\",\"description\":\"\",\"potentialAction\":[{\"@type\":\"SearchAction\",\"target\":{\"@type\":\"EntryPoint\",\"urlTemplate\":\"https:\/\/archive.ontariocaregiver.ca\/fr\/?s={search_term_string}\"},\"query-input\":{\"@type\":\"PropertyValueSpecification\",\"valueRequired\":true,\"valueName\":\"search_term_string\"}}],\"inLanguage\":\"fr-FR\"}]}<\/script>\n<!-- \/ Yoast SEO plugin. -->","yoast_head_json":{"title":"Engagement significatif et co-cr\u00e9ation avec les aidants naturels - Organisme de soutien aux aidants naturels de l\u2019Ontario","robots":{"index":"noindex","follow":"follow","max-snippet":"max-snippet:-1","max-image-preview":"max-image-preview:large","max-video-preview":"max-video-preview:-1"},"og_locale":"fr_FR","og_type":"article","og_title":"Engagement significatif et co-cr\u00e9ation avec les aidants naturels - Organisme de soutien aux aidants naturels de l\u2019Ontario","og_description":"Engagement significatif et&nbsp;co-cr\u00e9ation&nbsp;avec les aidants naturels Dans une approche\u202fd\u2019engagement significatif et\u00a0de\u00a0co-cr\u00e9ation,\u00a0les aidantes naturelles\u00a0et\u00a0aidants naturels, patientes\u00a0et\u00a0patients,\u00a0et prestataires\u00a0de soins de sant\u00e9 sont actifs et\u00a0fournissent une\u00a0contribution\u00a0\u00e9gale.\u00a0\u00a0\u00a0 Au..","og_url":"https:\/\/archive.ontariocaregiver.ca\/fr\/pour-prestataires\/aidants-naturels-et-equipes-sante-ontario\/lengagement-authentique-et-la-co-conception-sont-les-ingredients-cles-dun-changement-significatif-2\/","og_site_name":"Organisme de soutien aux aidants naturels de l\u2019Ontario","article_modified_time":"2021-07-15T16:41:30+00:00","og_image":[{"width":1024,"height":540,"url":"https:\/\/ontariocaregiver.ca\/wp-content\/uploads\/2023\/12\/iStock-1283692146-1024x540.jpg","type":"image\/jpeg"}],"twitter_card":"summary_large_image","twitter_misc":{"Dur\u00e9e de lecture estim\u00e9e":"1 minute"},"schema":{"@context":"https:\/\/schema.org","@graph":[{"@type":"WebPage","@id":"https:\/\/archive.ontariocaregiver.ca\/fr\/pour-prestataires\/aidants-naturels-et-equipes-sante-ontario\/lengagement-authentique-et-la-co-conception-sont-les-ingredients-cles-dun-changement-significatif-2\/","url":"https:\/\/archive.ontariocaregiver.ca\/fr\/pour-prestataires\/aidants-naturels-et-equipes-sante-ontario\/lengagement-authentique-et-la-co-conception-sont-les-ingredients-cles-dun-changement-significatif-2\/","name":"Engagement significatif et co-cr\u00e9ation avec les aidants naturels - Organisme de soutien aux aidants naturels de l\u2019Ontario","isPartOf":{"@id":"https:\/\/archive.ontariocaregiver.ca\/fr\/#website"},"primaryImageOfPage":{"@id":"https:\/\/archive.ontariocaregiver.ca\/fr\/pour-prestataires\/aidants-naturels-et-equipes-sante-ontario\/lengagement-authentique-et-la-co-conception-sont-les-ingredients-cles-dun-changement-significatif-2\/#primaryimage"},"image":{"@id":"https:\/\/archive.ontariocaregiver.ca\/fr\/pour-prestataires\/aidants-naturels-et-equipes-sante-ontario\/lengagement-authentique-et-la-co-conception-sont-les-ingredients-cles-dun-changement-significatif-2\/#primaryimage"},"thumbnailUrl":"https:\/\/ontariocaregiver.ca\/wp-content\/uploads\/2023\/12\/iStock-1283692146.jpg","datePublished":"2020-12-10T04:15:03+00:00","dateModified":"2021-07-15T16:41:30+00:00","breadcrumb":{"@id":"https:\/\/archive.ontariocaregiver.ca\/fr\/pour-prestataires\/aidants-naturels-et-equipes-sante-ontario\/lengagement-authentique-et-la-co-conception-sont-les-ingredients-cles-dun-changement-significatif-2\/#breadcrumb"},"inLanguage":"fr-FR","potentialAction":[{"@type":"ReadAction","target":["https:\/\/archive.ontariocaregiver.ca\/fr\/pour-prestataires\/aidants-naturels-et-equipes-sante-ontario\/lengagement-authentique-et-la-co-conception-sont-les-ingredients-cles-dun-changement-significatif-2\/"]}]},{"@type":"ImageObject","inLanguage":"fr-FR","@id":"https:\/\/archive.ontariocaregiver.ca\/fr\/pour-prestataires\/aidants-naturels-et-equipes-sante-ontario\/lengagement-authentique-et-la-co-conception-sont-les-ingredients-cles-dun-changement-significatif-2\/#primaryimage","url":"https:\/\/ontariocaregiver.ca\/wp-content\/uploads\/2023\/12\/iStock-1283692146.jpg","contentUrl":"https:\/\/ontariocaregiver.ca\/wp-content\/uploads\/2023\/12\/iStock-1283692146.jpg","width":2383,"height":1257,"caption":"patient et personne aidante"},{"@type":"BreadcrumbList","@id":"https:\/\/archive.ontariocaregiver.ca\/fr\/pour-prestataires\/aidants-naturels-et-equipes-sante-ontario\/lengagement-authentique-et-la-co-conception-sont-les-ingredients-cles-dun-changement-significatif-2\/#breadcrumb","itemListElement":[{"@type":"ListItem","position":1,"name":"Page principale","item":"https:\/\/archive.ontariocaregiver.ca\/fr\/"},{"@type":"ListItem","position":2,"name":"Centre de ressources pour les prestataires de soins de sant\u00e9","item":"https:\/\/archive.ontariocaregiver.ca\/fr\/for-providers\/"},{"@type":"ListItem","position":3,"name":"Les personnes aidantes naturelles et les \u00c9quipes Sant\u00e9 Ontario","item":"https:\/\/archive.ontariocaregiver.ca\/fr\/for-providers\/caregivers-and-ontario-health-teams\/"},{"@type":"ListItem","position":4,"name":"Engagement significatif et co-cr\u00e9ation avec les aidants naturels"}]},{"@type":"WebSite","@id":"https:\/\/archive.ontariocaregiver.ca\/fr\/#website","url":"https:\/\/archive.ontariocaregiver.ca\/fr\/","name":"Organisme de soutien aux aidants naturels de l\u2019Ontario","description":"","potentialAction":[{"@type":"SearchAction","target":{"@type":"EntryPoint","urlTemplate":"https:\/\/archive.ontariocaregiver.ca\/fr\/?s={search_term_string}"},"query-input":{"@type":"PropertyValueSpecification","valueRequired":true,"valueName":"search_term_string"}}],"inLanguage":"fr-FR"}]}},"ticketed":false,"_links":{"self":[{"href":"https:\/\/archive.ontariocaregiver.ca\/fr\/wp-json\/wp\/v2\/pages\/7757","targetHints":{"allow":["GET"]}}],"collection":[{"href":"https:\/\/archive.ontariocaregiver.ca\/fr\/wp-json\/wp\/v2\/pages"}],"about":[{"href":"https:\/\/archive.ontariocaregiver.ca\/fr\/wp-json\/wp\/v2\/types\/page"}],"author":[{"embeddable":true,"href":"https:\/\/archive.ontariocaregiver.ca\/fr\/wp-json\/wp\/v2\/users\/2"}],"replies":[{"embeddable":true,"href":"https:\/\/archive.ontariocaregiver.ca\/fr\/wp-json\/wp\/v2\/comments?post=7757"}],"version-history":[{"count":20,"href":"https:\/\/archive.ontariocaregiver.ca\/fr\/wp-json\/wp\/v2\/pages\/7757\/revisions"}],"predecessor-version":[{"id":11360,"href":"https:\/\/archive.ontariocaregiver.ca\/fr\/wp-json\/wp\/v2\/pages\/7757\/revisions\/11360"}],"up":[{"embeddable":true,"href":"https:\/\/archive.ontariocaregiver.ca\/fr\/wp-json\/wp\/v2\/pages\/7612"}],"wp:featuredmedia":[{"embeddable":true,"href":"https:\/\/archive.ontariocaregiver.ca\/fr\/wp-json\/wp\/v2\/media\/24781"}],"wp:attachment":[{"href":"https:\/\/archive.ontariocaregiver.ca\/fr\/wp-json\/wp\/v2\/media?parent=7757"}],"curies":[{"name":"wp","href":"https:\/\/api.w.org\/{rel}","templated":true}]}}