{"id":7753,"date":"2020-12-09T23:04:01","date_gmt":"2020-12-10T04:04:01","guid":{"rendered":"https:\/\/archive.ontariocaregiver.ca\/?page_id=7753"},"modified":"2021-07-15T12:35:39","modified_gmt":"2021-07-15T16:35:39","slug":"serie-de-rapports-sur-les-lecons-tirees-de-linitiative-changing-care-2","status":"publish","type":"page","link":"https:\/\/archive.ontariocaregiver.ca\/fr\/serie-de-rapports-sur-les-lecons-tirees-de-linitiative-changing-care-2\/","title":{"rendered":"Ressources de co-cr\u00e9ation ax\u00e9e sur l\u2019exp\u00e9rience"},"content":{"rendered":"\n<h1 class=\"wp-block-heading\">Ressources de\u00a0co-cr\u00e9ation\u00a0ax\u00e9e sur l\u2019exp\u00e9rience<\/h1>\n\n\n\n<p>La&nbsp;<strong>co-cr\u00e9ation&nbsp;ax\u00e9e sur l\u2019exp\u00e9rience,&nbsp;<\/strong>en anglais<strong>&nbsp;<\/strong><em>Experience-Based&nbsp;Co-Design<\/em><strong>&nbsp;(EBCD),&nbsp;<\/strong>est une d\u00e9marche particuli\u00e8re qui permet au personnel, aux personnes aidantes naturelles et aux patients (ou autres utilisateurs de services) de concevoir conjointement des services ou parcours de soins en partenariat<sup>1<\/sup>. Voici les principales caract\u00e9ristiques de la&nbsp;co-cr\u00e9ation\u202f:&nbsp;&nbsp;<\/p>\n\n\n\n<ul class=\"wp-block-list\"><li>Un processus structur\u00e9 visant \u00e0 acqu\u00e9rir des exp\u00e9riences de plusieurs points de vue (p.ex., aidants naturels, patients, prestataires de soins);&nbsp;&nbsp;<\/li><li>Les principaux points sensibles (tant positifs que n\u00e9gatifs) sont d\u00e9termin\u00e9s et consign\u00e9s, en g\u00e9n\u00e9ral dans de courtes vid\u00e9os (ou t\u00e9moignages);&nbsp;<\/li><li>Les t\u00e9moignages vid\u00e9o servent \u00e0 rassembler les gens afin d\u2019explorer les constatations&nbsp;et de travailler en petits groupes pour d\u00e9terminer et apporter les changements.&nbsp;<\/li><\/ul>\n\n\n\n<p>Les ressources suivantes, disponibles en anglais seulement, vous aideront \u00e0 mettre en pratique la&nbsp;co-cr\u00e9ation&nbsp;dans vos projets.&nbsp;<\/p>\n\n\n\n<p><strong>Le fondement de l\u2019engagement et de la&nbsp;co-cr\u00e9ation\u202f: Un guide \u00e9tape par \u00e9tape&nbsp;<\/strong>\u2013&nbsp;Diapositives PowerPoint pour apprendre comment mettre en pratique la th\u00e9orie et les cadres de l\u2019EBCD dans vos propres projets.&nbsp;&nbsp;<\/p>\n\n\n\n<p><strong>Le<\/strong><strong>&nbsp;<\/strong><a href=\"https:\/\/ontariocaregiver.ca\/wp-content\/uploads\/2021\/06\/The-101-of-Engagement-Co-Design-Volume-I-Final-.pptx\" target=\"_blank\" rel=\"noreferrer noopener\"><strong>premier volume<\/strong><\/a><strong>&nbsp;<\/strong><strong>couvre\u202f:&nbsp;<\/strong>&nbsp;<\/p>\n\n\n\n<ol class=\"wp-block-list\"><li>Qu\u2019est-ce que la&nbsp;co-cr\u00e9ation&nbsp;ax\u00e9e sur l\u2019exp\u00e9rience?&nbsp;&nbsp;<\/li><\/ol>\n\n\n\n<ol class=\"wp-block-list\" start=\"2\"><li>Pourquoi utiliser une m\u00e9thodologie de&nbsp;co-cr\u00e9ation?&nbsp;&nbsp;<\/li><\/ol>\n\n\n\n<ol class=\"wp-block-list\" start=\"3\"><li>Pr\u00e9paration de votre organisme \u00e0 la&nbsp;co-cr\u00e9ation&nbsp;<\/li><\/ol>\n\n\n\n<p><strong>Le<\/strong><strong>&nbsp;<\/strong><a href=\"https:\/\/ontariocaregiver.ca\/wp-content\/uploads\/2021\/06\/The-101-of-Engagement-Co-Design-Volume-II-Final.pptx\" target=\"_blank\" rel=\"noreferrer noopener\"><strong>deuxi\u00e8me volume<\/strong><\/a><strong>&nbsp;<\/strong><strong>couvre\u202f:&nbsp;<\/strong>&nbsp;<\/p>\n\n\n\n<ol class=\"wp-block-list\"><li>Comment la&nbsp;co-cr\u00e9ation&nbsp;se d\u00e9roule-t-elle (en utilisant les six \u00e9tapes de l\u2019EBCD)?&nbsp;&nbsp;<\/li><\/ol>\n\n\n\n<p>Les listes de v\u00e9rification suivantes sont des supports pour les phases de mise en \u0153uvre et de d\u00e9couverte de l\u2019EBCD\u202f:&nbsp;<\/p>\n\n\n\n<ul class=\"wp-block-list\"><li><a href=\"https:\/\/ontariocaregiver.ca\/wp-content\/uploads\/2021\/06\/EBCD-Checklist-P1-Set-Up-F-Sept-1-2020.pdf\" target=\"_blank\" rel=\"noreferrer noopener\"><strong>Liste de v\u00e9rification de la&nbsp;co-cr\u00e9ation&nbsp;ax\u00e9e sur l\u2019exp\u00e9rience, premi\u00e8re partie\u202f: mise en \u0153uvre<\/strong><\/a><strong><\/strong>&nbsp;<\/li><\/ul>\n\n\n\n<ul class=\"wp-block-list\"><li><a href=\"https:\/\/ontariocaregiver.ca\/wp-content\/uploads\/2021\/06\/EBCD-Checklist-P2-Discovery-F-V3-Sept-2-2020.pdf\" target=\"_blank\" rel=\"noreferrer noopener\"><strong>Liste de v\u00e9rification de la&nbsp;co-cr\u00e9ation&nbsp;ax\u00e9e sur l\u2019exp\u00e9rience, deuxi\u00e8me partie\u202f: d\u00e9couverte<\/strong><\/a><strong>&nbsp;<\/strong>&nbsp;<\/li><\/ul>\n\n\n\n<p>La trousse suivante offre un survol de la&nbsp;co-cr\u00e9ation&nbsp;ax\u00e9e sur l\u2019exp\u00e9rience ainsi que des fiches conseils provenant&nbsp;des rapports de l\u2019initiative&nbsp;Changing&nbsp;CARE&nbsp;<\/p>\n\n\n\n<ul class=\"wp-block-list\"><li><strong>Trousse des principaux apprentissages de la&nbsp;co-cr\u00e9ation<\/strong>&nbsp;<\/li><\/ul>\n\n\n\n<p>Le\u00e7ons tir\u00e9es de l\u2019initiative&nbsp;Changing&nbsp;CARE&nbsp;<\/p>\n\n\n\n<p>Les le\u00e7ons tir\u00e9es de la s\u00e9rie de rapports de l\u2019initiative&nbsp;Changing&nbsp;CARE (2018 \u00e0 2020) pr\u00e9sentent des conseils pratiques que vous pouvez utiliser et adapter afin de&nbsp;co-cr\u00e9er&nbsp;des solutions dans votre propre contexte. \u00c9tant donn\u00e9 que les besoins et exp\u00e9riences des aidants naturels et des prestataires de soins de l\u2019Ontario y contribuent directement, l\u2019initiative&nbsp;Changing&nbsp;CARE visait \u00e0 cr\u00e9er du soutien, des ressources et des programmes \u00e0 l\u2019\u00e9chelle locale en collaborant avec quatre partenaires principaux en Ontario\u202f:&nbsp;Sinai&nbsp;Health, H\u00f4pital communautaire de Cornwall, Huron Perth Healthcare Alliance et St.&nbsp;Joseph\u2019s&nbsp;Health Care London. Ces rapports sont accessibles en anglais seulement.&nbsp;<\/p>\n\n\n\n<ul class=\"wp-block-list\"><li>Le rapport&nbsp;<a href=\"https:\/\/ontariocaregiver.ca\/wp-content\/uploads\/2021\/06\/CF-Key-Learning-Report-final-WEB-June19-2.pdf\" target=\"_blank\" rel=\"noreferrer noopener\"><strong><em>Phase de d\u00e9couverte de la&nbsp;co-cr\u00e9ation&nbsp;ax\u00e9e sur l\u2019exp\u00e9rience<\/em><\/strong><\/a>&nbsp;pr\u00e9sente des conseils pratiques pour aider les organismes avec leurs efforts d\u2019engagement des aidantes naturelles, aidants naturels, fournisseuses de soins et fournisseurs de soins.&nbsp;<\/li><li>Le rapport&nbsp;<a href=\"https:\/\/ontariocaregiver.ca\/wp-content\/uploads\/2021\/06\/cf-key-learnings-report-co-design-events-1.pdf\" target=\"_blank\" rel=\"noreferrer noopener\"><strong><em>\u00c9v\u00e9nements de&nbsp;co-cr\u00e9ation<\/em><\/strong><\/a>&nbsp;est<em>&nbsp;<\/em>ax\u00e9 sur ce que les projets ont tir\u00e9 des premiers \u00e9v\u00e9nements de&nbsp;co-cr\u00e9ation.&nbsp;<\/li><\/ul>\n\n\n\n<ul class=\"wp-block-list\"><li>Le rapport&nbsp;<a href=\"https:\/\/ontariocaregiver.ca\/wp-content\/uploads\/2021\/06\/Lessons-Learned-Testing-Implementation-Report-April-28.pdf\" target=\"_blank\" rel=\"noreferrer noopener\"><strong><em>Essais et mise en \u0153uvre<\/em><\/strong><\/a>&nbsp;est<em>&nbsp;<\/em>ax\u00e9 sur les le\u00e7ons de la mise \u00e0 l\u2019essai et la mise en \u0153uvre des initiatives de changement con\u00e7ues conjointement.&nbsp;<\/li><li>Le rapport&nbsp;<a href=\"https:\/\/ontariocaregiver.ca\/wp-content\/uploads\/2021\/06\/CF-Key-Learning-Report-4-Sustainability-Spread-Nov-10.pdf\" target=\"_blank\" rel=\"noreferrer noopener\"><strong><em>Durabilit\u00e9 et expansion<\/em><\/strong><\/a>&nbsp;fait une r\u00e9flexion sur ce que les projets ont permis d\u2019apprendre sur la durabilit\u00e9 et l\u2019expansion des initiatives de changement pendant le projet et au-del\u00e0.&nbsp;<\/li><\/ul>\n\n\n\n<p>Les ressources ci-dessous ont \u00e9t\u00e9 cr\u00e9\u00e9es ou adapt\u00e9es de documents cr\u00e9\u00e9s \u00e0 l\u2019origine par The Change&nbsp;Foundation&nbsp;ou l\u2019une de ses \u00e9quipes de l\u2019initiative&nbsp;Changing&nbsp;CARE.&nbsp;<\/p>\n\n\n\n<p>Ressource suppl\u00e9mentaire&nbsp;<\/p>\n\n\n\n<p><a href=\"https:\/\/www.pointofcarefoundation.org.uk\/resource\/patient-family-centred-care-toolkit\/\" target=\"_blank\" rel=\"noreferrer noopener\"><strong>Soins ax\u00e9s sur le patient et la famille<\/strong><\/a><strong>&nbsp;<\/strong>| The Point of Care&nbsp;Foundation&nbsp;(en anglais seulement)&nbsp;<\/p>\n\n\n\n<p>Il s\u2019agit d\u2019un guide \u00e9tape par \u00e9tape visant \u00e0 am\u00e9liorer les proc\u00e9dures de soins, ainsi que les interactions entre le personnel et les patientes et patients, \u00e0 l\u2019aide d\u2019une technique appel\u00e9e \u00ab\u202fSoins ax\u00e9s sur le patient et la famille (SAPF)\u202f\u00bb. Les SAPF constituent une m\u00e9thode \u00e9tape par \u00e9tape simple visant \u00e0 comprendre l\u2019exp\u00e9rience de soins, les changements n\u00e9cessaires et les petites am\u00e9liorations qui peuvent faire une grande diff\u00e9rence pour les patientes, les familles et le personnel. Il s\u2019agit de la mise en pratique de la m\u00e9thodologie de&nbsp;co-cr\u00e9ation&nbsp;ax\u00e9e sp\u00e9cialement sur l\u2019am\u00e9lioration d\u2019une exp\u00e9rience de soins (p.\u202fex., la sortie de l\u2019h\u00f4pital). Si vous avez de l\u2019int\u00e9r\u00eat pour des initiatives d\u2019am\u00e9lioration de la qualit\u00e9 ax\u00e9es sur l\u2019am\u00e9lioration de l\u2019exp\u00e9rience des aidants naturels, cette trousse peut vous \u00eatre tr\u00e8s utile.&nbsp;<\/p>\n\n\n\n<ol class=\"wp-block-list\"><li><a href=\"https:\/\/www.pointofcarefoundation.org.uk\/\" target=\"_blank\" rel=\"noreferrer noopener\">https:\/\/www.pointofcarefoundation.org.uk\/\u00a0<\/a><\/li><\/ol>\n","protected":false},"excerpt":{"rendered":"<p>Ressources de\u00a0co-cr\u00e9ation\u00a0ax\u00e9e sur l\u2019exp\u00e9rience La&nbsp;co-cr\u00e9ation&nbsp;ax\u00e9e sur l\u2019exp\u00e9rience,&nbsp;en anglais&nbsp;Experience-Based&nbsp;Co-Design&nbsp;(EBCD),&nbsp;est une d\u00e9marche particuli\u00e8re qui permet au personnel, aux personnes aidantes naturelles et aux patients (ou autres..<\/p>\n","protected":false},"author":2,"featured_media":0,"parent":0,"menu_order":0,"comment_status":"closed","ping_status":"closed","template":"","meta":{"_acf_changed":false,"_relevanssi_hide_post":"","_relevanssi_hide_content":"","_relevanssi_pin_for_all":"","_relevanssi_pin_keywords":"","_relevanssi_unpin_keywords":"","_relevanssi_related_keywords":"","_relevanssi_related_include_ids":"","_relevanssi_related_exclude_ids":"","_relevanssi_related_no_append":"","_relevanssi_related_not_related":"","_relevanssi_related_posts":"","_relevanssi_noindex_reason":"","_price":"","_stock":"","_tribe_ticket_header":"","_tribe_default_ticket_provider":"","_tribe_ticket_capacity":"0","_ticket_start_date":"","_ticket_end_date":"","_tribe_ticket_show_description":"","_tribe_ticket_show_not_going":false,"_tribe_ticket_use_global_stock":"","_tribe_ticket_global_stock_level":"","_global_stock_mode":"","_global_stock_cap":"","_tribe_rsvp_for_event":"","_tribe_ticket_going_count":"","_tribe_ticket_not_going_count":"","_tribe_tickets_list":[],"_tribe_ticket_has_attendee_info_fields":false,"footnotes":""},"class_list":["post-7753","page","type-page","status-publish","hentry"],"acf":[],"yoast_head":"<!-- This site is optimized with the Yoast SEO plugin v25.8 - https:\/\/yoast.com\/wordpress\/plugins\/seo\/ -->\n<title>Ressources de co-cr\u00e9ation ax\u00e9e sur l\u2019exp\u00e9rience - Organisme de soutien aux aidants naturels de l\u2019Ontario<\/title>\n<meta name=\"robots\" content=\"noindex, follow, max-snippet:-1, max-image-preview:large, max-video-preview:-1\" \/>\n<meta property=\"og:locale\" content=\"fr_FR\" \/>\n<meta property=\"og:type\" content=\"article\" \/>\n<meta property=\"og:title\" content=\"Ressources de co-cr\u00e9ation ax\u00e9e sur l\u2019exp\u00e9rience - Organisme de soutien aux aidants naturels de l\u2019Ontario\" \/>\n<meta property=\"og:description\" content=\"Ressources de\u00a0co-cr\u00e9ation\u00a0ax\u00e9e sur l\u2019exp\u00e9rience La&nbsp;co-cr\u00e9ation&nbsp;ax\u00e9e sur l\u2019exp\u00e9rience,&nbsp;en anglais&nbsp;Experience-Based&nbsp;Co-Design&nbsp;(EBCD),&nbsp;est une d\u00e9marche particuli\u00e8re qui permet au personnel, aux personnes aidantes naturelles et aux patients (ou autres..\" \/>\n<meta property=\"og:url\" content=\"https:\/\/archive.ontariocaregiver.ca\/fr\/serie-de-rapports-sur-les-lecons-tirees-de-linitiative-changing-care-2\/\" \/>\n<meta property=\"og:site_name\" content=\"Organisme de soutien aux aidants naturels de l\u2019Ontario\" \/>\n<meta property=\"article:modified_time\" content=\"2021-07-15T16:35:39+00:00\" \/>\n<meta name=\"twitter:card\" content=\"summary_large_image\" \/>\n<meta name=\"twitter:label1\" content=\"Dur\u00e9e de lecture estim\u00e9e\" \/>\n\t<meta name=\"twitter:data1\" content=\"3 minutes\" \/>\n<script type=\"application\/ld+json\" class=\"yoast-schema-graph\">{\"@context\":\"https:\/\/schema.org\",\"@graph\":[{\"@type\":\"WebPage\",\"@id\":\"https:\/\/archive.ontariocaregiver.ca\/fr\/serie-de-rapports-sur-les-lecons-tirees-de-linitiative-changing-care-2\/\",\"url\":\"https:\/\/archive.ontariocaregiver.ca\/fr\/serie-de-rapports-sur-les-lecons-tirees-de-linitiative-changing-care-2\/\",\"name\":\"Ressources de co-cr\u00e9ation ax\u00e9e sur l\u2019exp\u00e9rience - Organisme de soutien aux aidants naturels de l\u2019Ontario\",\"isPartOf\":{\"@id\":\"https:\/\/archive.ontariocaregiver.ca\/fr\/#website\"},\"datePublished\":\"2020-12-10T04:04:01+00:00\",\"dateModified\":\"2021-07-15T16:35:39+00:00\",\"breadcrumb\":{\"@id\":\"https:\/\/archive.ontariocaregiver.ca\/fr\/serie-de-rapports-sur-les-lecons-tirees-de-linitiative-changing-care-2\/#breadcrumb\"},\"inLanguage\":\"fr-FR\",\"potentialAction\":[{\"@type\":\"ReadAction\",\"target\":[\"https:\/\/archive.ontariocaregiver.ca\/fr\/serie-de-rapports-sur-les-lecons-tirees-de-linitiative-changing-care-2\/\"]}]},{\"@type\":\"BreadcrumbList\",\"@id\":\"https:\/\/archive.ontariocaregiver.ca\/fr\/serie-de-rapports-sur-les-lecons-tirees-de-linitiative-changing-care-2\/#breadcrumb\",\"itemListElement\":[{\"@type\":\"ListItem\",\"position\":1,\"name\":\"Page principale\",\"item\":\"https:\/\/archive.ontariocaregiver.ca\/fr\/\"},{\"@type\":\"ListItem\",\"position\":2,\"name\":\"Ressources de co-cr\u00e9ation ax\u00e9e sur l\u2019exp\u00e9rience\"}]},{\"@type\":\"WebSite\",\"@id\":\"https:\/\/archive.ontariocaregiver.ca\/fr\/#website\",\"url\":\"https:\/\/archive.ontariocaregiver.ca\/fr\/\",\"name\":\"Organisme de soutien aux aidants naturels de l\u2019Ontario\",\"description\":\"\",\"potentialAction\":[{\"@type\":\"SearchAction\",\"target\":{\"@type\":\"EntryPoint\",\"urlTemplate\":\"https:\/\/archive.ontariocaregiver.ca\/fr\/?s={search_term_string}\"},\"query-input\":{\"@type\":\"PropertyValueSpecification\",\"valueRequired\":true,\"valueName\":\"search_term_string\"}}],\"inLanguage\":\"fr-FR\"}]}<\/script>\n<!-- \/ Yoast SEO plugin. -->","yoast_head_json":{"title":"Ressources de co-cr\u00e9ation ax\u00e9e sur l\u2019exp\u00e9rience - Organisme de soutien aux aidants naturels de l\u2019Ontario","robots":{"index":"noindex","follow":"follow","max-snippet":"max-snippet:-1","max-image-preview":"max-image-preview:large","max-video-preview":"max-video-preview:-1"},"og_locale":"fr_FR","og_type":"article","og_title":"Ressources de co-cr\u00e9ation ax\u00e9e sur l\u2019exp\u00e9rience - Organisme de soutien aux aidants naturels de l\u2019Ontario","og_description":"Ressources de\u00a0co-cr\u00e9ation\u00a0ax\u00e9e sur l\u2019exp\u00e9rience La&nbsp;co-cr\u00e9ation&nbsp;ax\u00e9e sur l\u2019exp\u00e9rience,&nbsp;en anglais&nbsp;Experience-Based&nbsp;Co-Design&nbsp;(EBCD),&nbsp;est une d\u00e9marche particuli\u00e8re qui permet au personnel, aux personnes aidantes naturelles et aux patients (ou autres..","og_url":"https:\/\/archive.ontariocaregiver.ca\/fr\/serie-de-rapports-sur-les-lecons-tirees-de-linitiative-changing-care-2\/","og_site_name":"Organisme de soutien aux aidants naturels de l\u2019Ontario","article_modified_time":"2021-07-15T16:35:39+00:00","twitter_card":"summary_large_image","twitter_misc":{"Dur\u00e9e de lecture estim\u00e9e":"3 minutes"},"schema":{"@context":"https:\/\/schema.org","@graph":[{"@type":"WebPage","@id":"https:\/\/archive.ontariocaregiver.ca\/fr\/serie-de-rapports-sur-les-lecons-tirees-de-linitiative-changing-care-2\/","url":"https:\/\/archive.ontariocaregiver.ca\/fr\/serie-de-rapports-sur-les-lecons-tirees-de-linitiative-changing-care-2\/","name":"Ressources de co-cr\u00e9ation ax\u00e9e sur l\u2019exp\u00e9rience - Organisme de soutien aux aidants naturels de l\u2019Ontario","isPartOf":{"@id":"https:\/\/archive.ontariocaregiver.ca\/fr\/#website"},"datePublished":"2020-12-10T04:04:01+00:00","dateModified":"2021-07-15T16:35:39+00:00","breadcrumb":{"@id":"https:\/\/archive.ontariocaregiver.ca\/fr\/serie-de-rapports-sur-les-lecons-tirees-de-linitiative-changing-care-2\/#breadcrumb"},"inLanguage":"fr-FR","potentialAction":[{"@type":"ReadAction","target":["https:\/\/archive.ontariocaregiver.ca\/fr\/serie-de-rapports-sur-les-lecons-tirees-de-linitiative-changing-care-2\/"]}]},{"@type":"BreadcrumbList","@id":"https:\/\/archive.ontariocaregiver.ca\/fr\/serie-de-rapports-sur-les-lecons-tirees-de-linitiative-changing-care-2\/#breadcrumb","itemListElement":[{"@type":"ListItem","position":1,"name":"Page principale","item":"https:\/\/archive.ontariocaregiver.ca\/fr\/"},{"@type":"ListItem","position":2,"name":"Ressources de co-cr\u00e9ation ax\u00e9e sur l\u2019exp\u00e9rience"}]},{"@type":"WebSite","@id":"https:\/\/archive.ontariocaregiver.ca\/fr\/#website","url":"https:\/\/archive.ontariocaregiver.ca\/fr\/","name":"Organisme de soutien aux aidants naturels de l\u2019Ontario","description":"","potentialAction":[{"@type":"SearchAction","target":{"@type":"EntryPoint","urlTemplate":"https:\/\/archive.ontariocaregiver.ca\/fr\/?s={search_term_string}"},"query-input":{"@type":"PropertyValueSpecification","valueRequired":true,"valueName":"search_term_string"}}],"inLanguage":"fr-FR"}]}},"ticketed":false,"_links":{"self":[{"href":"https:\/\/archive.ontariocaregiver.ca\/fr\/wp-json\/wp\/v2\/pages\/7753","targetHints":{"allow":["GET"]}}],"collection":[{"href":"https:\/\/archive.ontariocaregiver.ca\/fr\/wp-json\/wp\/v2\/pages"}],"about":[{"href":"https:\/\/archive.ontariocaregiver.ca\/fr\/wp-json\/wp\/v2\/types\/page"}],"author":[{"embeddable":true,"href":"https:\/\/archive.ontariocaregiver.ca\/fr\/wp-json\/wp\/v2\/users\/2"}],"replies":[{"embeddable":true,"href":"https:\/\/archive.ontariocaregiver.ca\/fr\/wp-json\/wp\/v2\/comments?post=7753"}],"version-history":[{"count":5,"href":"https:\/\/archive.ontariocaregiver.ca\/fr\/wp-json\/wp\/v2\/pages\/7753\/revisions"}],"predecessor-version":[{"id":11352,"href":"https:\/\/archive.ontariocaregiver.ca\/fr\/wp-json\/wp\/v2\/pages\/7753\/revisions\/11352"}],"wp:attachment":[{"href":"https:\/\/archive.ontariocaregiver.ca\/fr\/wp-json\/wp\/v2\/media?parent=7753"}],"curies":[{"name":"wp","href":"https:\/\/api.w.org\/{rel}","templated":true}]}}