{"id":7606,"date":"2020-12-07T16:49:18","date_gmt":"2020-12-07T21:49:18","guid":{"rendered":"https:\/\/archive.ontariocaregiver.ca\/?page_id=7606"},"modified":"2023-07-14T12:08:59","modified_gmt":"2023-07-14T16:08:59","slug":"soutenir-les-aidantes-naturelles-et-aidants-naturels","status":"publish","type":"page","link":"https:\/\/archive.ontariocaregiver.ca\/fr\/soutenir-les-aidantes-naturelles-et-aidants-naturels\/","title":{"rendered":"Soutenir les personnes aidantes naturelles"},"content":{"rendered":"\n<h1 class=\"wp-block-heading\">Soutenir les personnes aidantes naturelles<\/h1>\n\n\n\n<p>Un bon nombre de personnes aidantes naturelles se sentent d\u00e9pass\u00e9s par leur r\u00f4le \u2013 elles ne savent pas o\u00f9 obtenir de l\u2019information et vivent de l&rsquo;anxi\u00e9t\u00e9 quant \u00e0 ce que l\u2019avenir leur r\u00e9serve. La frustration et l&rsquo;inqui\u00e9tude marque leur exp\u00e9rience, et plusieurs ont de la difficult\u00e9 \u00e0 composer avec leurs circonstances.<\/p>\n\n\n\n<p>La prestation de soins a des r\u00e9percussions sur la sant\u00e9, le bien-\u00eatre, l\u2019emploi, les finances et les relations personnelles des personnes aidantes naturelles. De plus, demander de l\u2019aide est souvent difficile. Vos interactions aupr\u00e8s de ces personnes dans le cadre de votre travail peut avoir un impact important au niveau de leur exp\u00e9rience par rapport \u00e0 la prestation de soins.<\/p>\n\n\n\n<p><a href=\"https:\/\/archive.ontariocaregiver.ca\/fr\/la-trousse-doutils-cest-le-temps-de-parler\/\" target=\"_blank\" rel=\"noreferrer noopener\"><strong>Trousse C\u2019est le temps de parler<\/strong><\/a><strong>&nbsp;\u2013 <\/strong>Co-cr\u00e9\u00e9e par des prestataires et des personnes aidantes naturelles, la trousse&nbsp;<em><a href=\"https:\/\/archive.ontariocaregiver.ca\/fr\/la-trousse-doutils-cest-le-temps-de-parler\/\" target=\"_blank\" rel=\"noreferrer noopener\">C\u2019est le temps de parler<\/a>&nbsp;<\/em>a pour but de sensibiliser divers organismes sur les r\u00e9alit\u00e9s de l&rsquo;aidance naturelle et de reconna\u00eetre la valeur que les personnes aidantes naturelles apportent \u00e0 l\u2019\u00e9quipe soignante, tout en cr\u00e9ant un espace pour faciliter des conversations concr\u00e8tes. La trousse donne <a href=\"https:\/\/ontariocaregiver.ca\/wp-content\/uploads\/2022\/02\/Time-to-Talk-tip-sheet-2022French.pdf\" target=\"_blank\" rel=\"noreferrer noopener\">sept choses simples \u00e0 r\u00e9aliser pour les prestatiares pour aml\u00e9liorer l\u2019exp\u00e9rience d\u2019aidance naturelle<\/a>. Ces conseils, con\u00e7us par des personnes aidantes naturelles, favorisent des conversations cibl\u00e9es. La trousse comprend des ressources qu\u2019on peut adapter afin d\u2019aider les organismes avec la mise en \u0153uvre, d&rsquo;encourager le personner \u00e0 promouvoir l&rsquo;inclusion des personnes aidantes naturelles, en plus de procurer et maintenir le changement.\u202f<\/p>\n\n\n\n<p>L\u2019exp\u00e9rience des personnes aidantes naturelles peut \u00eatre am\u00e9lior\u00e9e en leur offrant des programmes et des services qui r\u00e9pondent \u00e0 leurs besoins en tant qu\u2019individus.<\/p>\n\n\n\n<p><strong>L\u2019Organisme de soutien aux aidants naturels de l\u2019Ontario&nbsp;<\/strong>offre une vari\u00e9t\u00e9 de programmes et de soutiens aux aidants naturels afin qu\u2019ils puissent \u00eatre soutenus dans leur r\u00f4le.<\/p>\n\n\n\n<div class=\"wp-block-buttons is-layout-flex wp-block-buttons-is-layout-flex\">\n<div class=\"wp-block-button\"><a class=\"wp-block-button__link wp-element-button\" href=\"https:\/\/ontariocaregiver.ca\/wp-content\/uploads\/2023\/07\/Free-Caregiver-Programs-and-Services-French-FINAL-s.pdf\" target=\"_blank\" rel=\"noreferrer noopener\"><strong>R\u00e9sum\u00e9 d\u2019une page imprimable \u00ab&nbsp;Aper\u00e7u des programmes et services de l\u2019OSANO&nbsp;\u00bb<\/strong><\/a><\/div>\n<\/div>\n\n\n\n<p><strong>LIGNE D\u2019ASSISTANCE DE L\u2019ORGANISME DE SOUTIEN AUX AIDANTS NATURELS DE L\u2019ONTARIO&nbsp;: 1-833-416-2273<\/strong><\/p>\n\n\n\n<p>Point d\u2019acc\u00e8s unique \u00e0 l\u2019information, au soutien et aux services en anglais et en fran\u00e7ais, 24&nbsp;heures sur 24, 7&nbsp;jours sur 7. Le clavardage en direct est disponible de 7&nbsp;h \u00e0 21&nbsp;h (du lundi au vendredi) \u00e0 l\u2019adresse <a href=\"https:\/\/archive.ontariocaregiver.ca\/fr\">ontariocaregiver.ca<\/a>. Les aidants naturels peuvent s\u2019adresser \u00e0 un sp\u00e9cialiste des ressources communautaires pour entrer en lien avec des services et soutiens communautaires dans tout l\u2019Ontario, selon leurs besoins individuels. <\/p>\n\n\n\n<p><strong>PROGRAMME ANCR\u00c9&nbsp;: ENRICHIR LA SANT\u00c9 MENTALE ET LE BIEN-\u00caTRE DES PERSONNES AIDANTES NATURELLES<\/strong><\/p>\n\n\n\n<p>Le programme ANCR\u00c9 (Aidance&nbsp;Naturelle, Conscience de soi, Reconnaissance &amp; \u00c9ducation) est un programme qui&nbsp;comporte\u202fdes\u202fwebinaires pr\u00e9enregistr\u00e9s, des\u202fsessions gratuites de groupes\u202fet\/ou un\u202fcounselling\u202findividuel\u202fsur\u202fune vari\u00e9t\u00e9 de sujets\u202ftels que le stress reli\u00e9 \u00e0 l\u2019aidance&nbsp;naturelle, l\u2019anxi\u00e9t\u00e9, la pleine conscience, et bien d\u2019autres encore. D\u00e9pendant des besoins, la personne aidante naturelle peut choisir diff\u00e9rentes fa\u00e7ons de participer. <\/p>\n\n\n\n<p>Visitez&nbsp;<a href=\"https:\/\/archive.ontariocaregiver.ca\/fr\/programme-ancre-soutien-aux-aidantes-naturelles-pour-favoriser-la-conscience-de-soi-la-reconnaissance-et-leducation\/\" target=\"_blank\" rel=\"noreferrer noopener\"><strong>Le Programme ANCR\u00c9<\/strong><\/a>&nbsp;pour en savoir davantage et pour vous inscrire.<\/p>\n\n\n\n<p><strong>PROGRAMME INDIVIDUEL DE SOUTIEN PAR LES PAIRS<\/strong><\/p>\n\n\n\n<p>Le programme individuel de soutien par les pairs est un programme qui met en relation des aidants naturels avec des pairs mentors form\u00e9s pour un soutien individuel par t\u00e9l\u00e9phone.&nbsp; Les aidants ayant de l\u2019exp\u00e9rience et des connaissances \u00e0 partager re\u00e7oivent formation pour devenir des pairs mentors afin de fournir un soutien \u00e0 un autre aidant naturel cherchant \u00e0 relever les d\u00e9fis dont il est confront\u00e9.<\/p>\n\n\n\n<p><a href=\"https:\/\/archive.ontariocaregiver.ca\/peersupport\/fr\/trouver-un-mentor\/\">Pour personnes aidantes naturelles qui cherchent un mentor<\/a><\/p>\n\n\n\n<p><a href=\"https:\/\/archive.ontariocaregiver.ca\/peersupport\/fr\/devenez-un-mentor\/\">Pour les personnes aidantes naturelles qui veulent devenir mentor<\/a><\/p>\n\n\n\n<p><strong>GROUPES VIRTUELS DE SOUTIEN PAR LES PAIRS <\/strong><\/p>\n\n\n\n<p>Une occasion pour les aidants naturels de se mettre en relation avec d\u2019autres personnes aidantes naturelles, afin de discuter des d\u00e9fis auxquels elles sont confront\u00e9s. Des groupes de soutien sont disponibles plusieurs fois par semaine, dont un groupe pour les jeunes aidants naturels. Possibilit\u00e9 d\u2019y participer en ligne ou par t\u00e9l\u00e9phone. <\/p>\n\n\n\n<p><strong><a href=\"https:\/\/archive.ontariocaregiver.ca\/fr\/pour-aidants-naturels\/soutien-par-les-pairs-en-aidance-naturelle\/soutenir-les-aidants-naturels-pendant-covid-19\/\" target=\"_blank\" rel=\"noreferrer noopener\">Pour les personnes aidantes naturelles qui recherchent un groupe de soutien en ligne<\/a><\/strong> <\/p>\n\n\n\n<p><strong>WEBINAIRES \u00c9DUCATIFS<\/strong><strong><\/strong><\/p>\n\n\n\n<p>Nos webinaires \u00e9ducatifs d\u2019une heure sont offerts en anglais ou en fran\u00e7ais, environ deux fois par mois portant sur un large \u00e9ventail de sujets relatifs \u00e0 l\u2019aidance naturelle. Les enregistrements des webinaires pass\u00e9s sont \u00e9galement disponibles sur notre site Web et notre chaine YouTube. <a href=\"https:\/\/archive.ontariocaregiver.ca\/fr\/webinaires-pour-aidants-naturels\/\">https:\/\/archive.ontariocaregiver.ca\/fr\/webinaires-pour-aidants-naturels\/<\/a><\/p>\n\n\n\n<p><strong>APPRENTISSAGE EN LIGNE<\/strong><\/p>\n\n\n\n<p>L\u2019OSANO propose plusieurs modules d\u2019apprentissage en ligne visant \u00e0 renforcer les connaissances et les comp\u00e9tences des personnes aidantes naturelles. Ces modules sont autodidactes et peuvent \u00eatre consult\u00e9s \u00e0 tout moment. <a href=\"https:\/\/learning.ontariocaregiver.ca\/?lang=fr_ca\" target=\"_blank\" rel=\"noreferrer noopener\">Inscrivez-vous ici<\/a>.<\/p>\n\n\n\n<p><strong>BALADO C\u2019EST LE TEMPS DE PARLER \u00ab\u2009TIME TO TALK\u2009\u00bb<\/strong><\/p>\n\n\n\n<p>Rejoignez l\u2019animatrice, <a href=\"http:\/\/www.michellejobin.com\/\" target=\"_blank\" rel=\"noreferrer noopener\">Michelle Jobin<\/a>, en compagnie d\u2019experts et des personnes aidantes naturelles, pour discuter des sujets percutants touchant l\u2019aidance naturelle. <a href=\"https:\/\/archive.ontariocaregiver.ca\/fr\/balado-cest-le-temps-de-parler\/\" target=\"_blank\" rel=\"noreferrer noopener\">Ecoute maintenant<\/a>.<\/p>\n\n\n\n<p><strong>90SECONDES SUR L\u2019AIDANCE NATURELLE<\/strong><\/p>\n\n\n\n<p>Une lettre gratuite et br\u00e8ve sur la sant\u00e9, fond\u00e9e sur des donn\u00e9es probantes, livr\u00e9e chaque semaine dans votre bo\u00eete de r\u00e9ception. Les sujets abord\u00e9s comprennent des informations sur la sant\u00e9, des astuces et des conseils li\u00e9s \u00e0 l\u2019exp\u00e9rience d\u2019aidance naturelle. <a href=\"https:\/\/archive.ontariocaregiver.ca\/fr\/pour-aidants-naturels\/le-bien-etre-et-la-sante-mentale-des-personnes-aidantes-naturelles\/90secondes-sur-laidance-naturelle\/\" target=\"_blank\" rel=\"noreferrer noopener\">Inscrivez-vous ici<\/a>.<\/p>\n\n\n\n<p><strong>JEUNES AIDANTS NATURELS BRANCH\u00c9S<\/strong><\/p>\n\n\n\n<p><a href=\"http:\/\/youngcaregiversconnect.ca\/fr\/\" target=\"_blank\" rel=\"noreferrer noopener\">Jeunes aidants naturels branch\u00e9s<\/a> est un ressource pour le soutien de jeunes aidants \u00e2g\u00e9 15 a 25 ans. Ce site web \u00e9tait cr\u00e9er en collaboration avec, et pour, les jeunes aidants. Il offre de l\u2019information, des ressources, et une m\u00e9thode de connexion unique en participant dans notre communaut\u00e9 en ligne pour r\u00e9pondre \u00e0 leur besoins uniques.<\/p>\n\n\n\n<p><strong>BO\u00ceTES \u00c0 OUTILS ET RESSOURCES POUR LES AIDANTS NATURELS SUR NOTRE SITE WEB <\/strong><\/p>\n\n\n\n<ul class=\"wp-block-list\">\n<li><strong><em><a href=\"https:\/\/ontariocaregiver.ca\/wp-content\/uploads\/2023\/04\/OCO-starter-kit-March-28-2023-Web-FRENCH-NEW_FINAL-es.pdf\" target=\"_blank\" rel=\"noreferrer noopener\">Trousse de d\u00e9marrage Je suis un aidant naturel<\/a><\/em><\/strong>&nbsp;\u2013 Cr\u00e9\u00e9e par des aidants naturels pour les aidants naturels, cette bo\u00eete \u00e0 outils met l\u2019accent sur la mani\u00e8re dont l\u2019aidant naturel peut obtenir les bons outils pour prendre soin de lui-m\u00eame.<\/li>\n\n\n\n<li><a href=\"https:\/\/ontariocaregiver.ca\/wp-content\/uploads\/2020\/05\/OCO-Work-and-Caregiving-Toolkit-FINAL.pdf\"><strong><em>Emploi et prestation de soins&nbsp;: Un juste \u00e9quilibre \u2013 Bo\u00eete \u00e0 outils pour les aidants naturels occupant un emploi<\/em><\/strong><\/a><\/li>\n\n\n\n<li><a href=\"https:\/\/archive.ontariocaregiver.ca\/fr\/covid-19\/fiches-dinformation-liees-a-la-covid-19-pour-les-aidants-naturels\/\"><strong><em>Conseils pour les aidants naturels \u2013 COVID-19<\/em><\/strong><\/a>, incluant un outil d\u2019aide \u00e0 la pr\u00e9paration d\u2019un plan d\u2019urgence (COVID-19) pour les aidants naturels<\/li>\n\n\n\n<li><a href=\"https:\/\/archive.ontariocaregiver.ca\/fr\/healthcare-provider-resource-centre-partners-in-care\/inclusion-de-laidant-naturel-dans-lequipe-de-soins\/vie-privee-consentement\/\"><strong><em>Vie priv\u00e9e et consentement en mati\u00e8re de sant\u00e9<\/em><\/strong><\/a><strong> <\/strong>\u2013 Une collection de ressources pour faciliter la collaboration entre les personnes aidantes naturelles et les prestataires de services.<\/li>\n<\/ul>\n","protected":false},"excerpt":{"rendered":"<p>Soutenir les personnes aidantes naturelles Un bon nombre de personnes aidantes naturelles se sentent d\u00e9pass\u00e9s par leur r\u00f4le \u2013 elles ne savent pas o\u00f9..<\/p>\n","protected":false},"author":7,"featured_media":0,"parent":0,"menu_order":0,"comment_status":"closed","ping_status":"closed","template":"","meta":{"_acf_changed":false,"_relevanssi_hide_post":"","_relevanssi_hide_content":"","_relevanssi_pin_for_all":"","_relevanssi_pin_keywords":"","_relevanssi_unpin_keywords":"","_relevanssi_related_keywords":"","_relevanssi_related_include_ids":"","_relevanssi_related_exclude_ids":"","_relevanssi_related_no_append":"","_relevanssi_related_not_related":"","_relevanssi_related_posts":"13464,7429,7899,12694,15757,8416","_relevanssi_noindex_reason":"","_price":"","_stock":"","_tribe_ticket_header":"","_tribe_default_ticket_provider":"","_tribe_ticket_capacity":"0","_ticket_start_date":"","_ticket_end_date":"","_tribe_ticket_show_description":"","_tribe_ticket_show_not_going":false,"_tribe_ticket_use_global_stock":"","_tribe_ticket_global_stock_level":"","_global_stock_mode":"","_global_stock_cap":"","_tribe_rsvp_for_event":"","_tribe_ticket_going_count":"","_tribe_ticket_not_going_count":"","_tribe_tickets_list":[],"_tribe_ticket_has_attendee_info_fields":false,"footnotes":""},"class_list":["post-7606","page","type-page","status-publish","hentry"],"acf":[],"yoast_head":"<!-- This site is optimized with the Yoast SEO plugin v25.8 - https:\/\/yoast.com\/wordpress\/plugins\/seo\/ -->\n<title>Soutenir les personnes aidantes naturelles - Organisme de soutien aux aidants naturels de l\u2019Ontario<\/title>\n<meta name=\"robots\" content=\"noindex, follow, max-snippet:-1, max-image-preview:large, max-video-preview:-1\" \/>\n<meta property=\"og:locale\" content=\"fr_FR\" \/>\n<meta property=\"og:type\" content=\"article\" \/>\n<meta property=\"og:title\" content=\"Soutenir les personnes aidantes naturelles - Organisme de soutien aux aidants naturels de l\u2019Ontario\" \/>\n<meta property=\"og:description\" content=\"Soutenir les personnes aidantes naturelles Un bon nombre de personnes aidantes naturelles se sentent d\u00e9pass\u00e9s par leur r\u00f4le \u2013 elles ne savent pas o\u00f9..\" \/>\n<meta property=\"og:url\" content=\"https:\/\/archive.ontariocaregiver.ca\/fr\/soutenir-les-aidantes-naturelles-et-aidants-naturels\/\" \/>\n<meta property=\"og:site_name\" content=\"Organisme de soutien aux aidants naturels de l\u2019Ontario\" \/>\n<meta property=\"article:modified_time\" content=\"2023-07-14T16:08:59+00:00\" \/>\n<meta name=\"twitter:card\" content=\"summary_large_image\" \/>\n<meta name=\"twitter:label1\" content=\"Dur\u00e9e de lecture estim\u00e9e\" \/>\n\t<meta name=\"twitter:data1\" content=\"5 minutes\" \/>\n<script type=\"application\/ld+json\" class=\"yoast-schema-graph\">{\"@context\":\"https:\/\/schema.org\",\"@graph\":[{\"@type\":\"WebPage\",\"@id\":\"https:\/\/archive.ontariocaregiver.ca\/fr\/soutenir-les-aidantes-naturelles-et-aidants-naturels\/\",\"url\":\"https:\/\/archive.ontariocaregiver.ca\/fr\/soutenir-les-aidantes-naturelles-et-aidants-naturels\/\",\"name\":\"Soutenir les personnes aidantes naturelles - Organisme de soutien aux aidants naturels de l\u2019Ontario\",\"isPartOf\":{\"@id\":\"https:\/\/archive.ontariocaregiver.ca\/fr\/#website\"},\"datePublished\":\"2020-12-07T21:49:18+00:00\",\"dateModified\":\"2023-07-14T16:08:59+00:00\",\"breadcrumb\":{\"@id\":\"https:\/\/archive.ontariocaregiver.ca\/fr\/soutenir-les-aidantes-naturelles-et-aidants-naturels\/#breadcrumb\"},\"inLanguage\":\"fr-FR\",\"potentialAction\":[{\"@type\":\"ReadAction\",\"target\":[\"https:\/\/archive.ontariocaregiver.ca\/fr\/soutenir-les-aidantes-naturelles-et-aidants-naturels\/\"]}]},{\"@type\":\"BreadcrumbList\",\"@id\":\"https:\/\/archive.ontariocaregiver.ca\/fr\/soutenir-les-aidantes-naturelles-et-aidants-naturels\/#breadcrumb\",\"itemListElement\":[{\"@type\":\"ListItem\",\"position\":1,\"name\":\"Page principale\",\"item\":\"https:\/\/archive.ontariocaregiver.ca\/fr\/\"},{\"@type\":\"ListItem\",\"position\":2,\"name\":\"Soutenir les personnes aidantes naturelles\"}]},{\"@type\":\"WebSite\",\"@id\":\"https:\/\/archive.ontariocaregiver.ca\/fr\/#website\",\"url\":\"https:\/\/archive.ontariocaregiver.ca\/fr\/\",\"name\":\"Organisme de soutien aux aidants naturels de l\u2019Ontario\",\"description\":\"\",\"potentialAction\":[{\"@type\":\"SearchAction\",\"target\":{\"@type\":\"EntryPoint\",\"urlTemplate\":\"https:\/\/archive.ontariocaregiver.ca\/fr\/?s={search_term_string}\"},\"query-input\":{\"@type\":\"PropertyValueSpecification\",\"valueRequired\":true,\"valueName\":\"search_term_string\"}}],\"inLanguage\":\"fr-FR\"}]}<\/script>\n<!-- \/ Yoast SEO plugin. -->","yoast_head_json":{"title":"Soutenir les personnes aidantes naturelles - Organisme de soutien aux aidants naturels de l\u2019Ontario","robots":{"index":"noindex","follow":"follow","max-snippet":"max-snippet:-1","max-image-preview":"max-image-preview:large","max-video-preview":"max-video-preview:-1"},"og_locale":"fr_FR","og_type":"article","og_title":"Soutenir les personnes aidantes naturelles - Organisme de soutien aux aidants naturels de l\u2019Ontario","og_description":"Soutenir les personnes aidantes naturelles Un bon nombre de personnes aidantes naturelles se sentent d\u00e9pass\u00e9s par leur r\u00f4le \u2013 elles ne savent pas o\u00f9..","og_url":"https:\/\/archive.ontariocaregiver.ca\/fr\/soutenir-les-aidantes-naturelles-et-aidants-naturels\/","og_site_name":"Organisme de soutien aux aidants naturels de l\u2019Ontario","article_modified_time":"2023-07-14T16:08:59+00:00","twitter_card":"summary_large_image","twitter_misc":{"Dur\u00e9e de lecture estim\u00e9e":"5 minutes"},"schema":{"@context":"https:\/\/schema.org","@graph":[{"@type":"WebPage","@id":"https:\/\/archive.ontariocaregiver.ca\/fr\/soutenir-les-aidantes-naturelles-et-aidants-naturels\/","url":"https:\/\/archive.ontariocaregiver.ca\/fr\/soutenir-les-aidantes-naturelles-et-aidants-naturels\/","name":"Soutenir les personnes aidantes naturelles - Organisme de soutien aux aidants naturels de l\u2019Ontario","isPartOf":{"@id":"https:\/\/archive.ontariocaregiver.ca\/fr\/#website"},"datePublished":"2020-12-07T21:49:18+00:00","dateModified":"2023-07-14T16:08:59+00:00","breadcrumb":{"@id":"https:\/\/archive.ontariocaregiver.ca\/fr\/soutenir-les-aidantes-naturelles-et-aidants-naturels\/#breadcrumb"},"inLanguage":"fr-FR","potentialAction":[{"@type":"ReadAction","target":["https:\/\/archive.ontariocaregiver.ca\/fr\/soutenir-les-aidantes-naturelles-et-aidants-naturels\/"]}]},{"@type":"BreadcrumbList","@id":"https:\/\/archive.ontariocaregiver.ca\/fr\/soutenir-les-aidantes-naturelles-et-aidants-naturels\/#breadcrumb","itemListElement":[{"@type":"ListItem","position":1,"name":"Page principale","item":"https:\/\/archive.ontariocaregiver.ca\/fr\/"},{"@type":"ListItem","position":2,"name":"Soutenir les personnes aidantes naturelles"}]},{"@type":"WebSite","@id":"https:\/\/archive.ontariocaregiver.ca\/fr\/#website","url":"https:\/\/archive.ontariocaregiver.ca\/fr\/","name":"Organisme de soutien aux aidants naturels de l\u2019Ontario","description":"","potentialAction":[{"@type":"SearchAction","target":{"@type":"EntryPoint","urlTemplate":"https:\/\/archive.ontariocaregiver.ca\/fr\/?s={search_term_string}"},"query-input":{"@type":"PropertyValueSpecification","valueRequired":true,"valueName":"search_term_string"}}],"inLanguage":"fr-FR"}]}},"ticketed":false,"_links":{"self":[{"href":"https:\/\/archive.ontariocaregiver.ca\/fr\/wp-json\/wp\/v2\/pages\/7606","targetHints":{"allow":["GET"]}}],"collection":[{"href":"https:\/\/archive.ontariocaregiver.ca\/fr\/wp-json\/wp\/v2\/pages"}],"about":[{"href":"https:\/\/archive.ontariocaregiver.ca\/fr\/wp-json\/wp\/v2\/types\/page"}],"author":[{"embeddable":true,"href":"https:\/\/archive.ontariocaregiver.ca\/fr\/wp-json\/wp\/v2\/users\/7"}],"replies":[{"embeddable":true,"href":"https:\/\/archive.ontariocaregiver.ca\/fr\/wp-json\/wp\/v2\/comments?post=7606"}],"version-history":[{"count":33,"href":"https:\/\/archive.ontariocaregiver.ca\/fr\/wp-json\/wp\/v2\/pages\/7606\/revisions"}],"predecessor-version":[{"id":23492,"href":"https:\/\/archive.ontariocaregiver.ca\/fr\/wp-json\/wp\/v2\/pages\/7606\/revisions\/23492"}],"wp:attachment":[{"href":"https:\/\/archive.ontariocaregiver.ca\/fr\/wp-json\/wp\/v2\/media?parent=7606"}],"curies":[{"name":"wp","href":"https:\/\/api.w.org\/{rel}","templated":true}]}}