{"id":7602,"date":"2020-12-07T16:40:52","date_gmt":"2020-12-07T21:40:52","guid":{"rendered":"https:\/\/archive.ontariocaregiver.ca\/?page_id=7602"},"modified":"2023-03-09T10:38:56","modified_gmt":"2023-03-09T15:38:56","slug":"pour-prestataires","status":"publish","type":"page","link":"https:\/\/archive.ontariocaregiver.ca\/fr\/pour-prestataires\/","title":{"rendered":"Centre de ressources pour les prestataires de soins de sant\u00e9"},"content":{"rendered":"\n<h1 class=\"wp-block-heading\">Centre de ressources pour les prestataires de soins de sant\u00e9<\/h1>\n\n\n\n<p>Les personnes aidantes naturelles jouent un r\u00f4le essentiel au sein du syst\u00e8me de soins de soins de sant\u00e9 et des communaut\u00e9s. On estime qu&rsquo;elles fournissent trois quarts des soins en Ontario en accompagnant des membres de leur famille, leur conjoint, des amis ou des voisins qui manifestent des besoins en mati\u00e8re de sant\u00e9 mentale et\/ou physique.&nbsp;Elles sont aussi une source de renseignements particuliers qui peuvent permettre d&rsquo;optimiser la prestation de soins et les r\u00e9sultats de sant\u00e9.&nbsp;<\/p>\n\n\n\n<p>En tant que prestataire de soins, vous pouvez faire une diff\u00e9rence tangible dans l&rsquo;exp\u00e9rience des personnes aidantes naturelles et dans la qualit\u00e9 des soins de sant\u00e9. Nous offrons des ressources et des outils adaptables pour vous aider \u00e0 impliquer, inclure et appuyer les personnes aidantes naturelles. <a href=\"https:\/\/ontariocaregiver.ca\/wp-content\/uploads\/2021\/12\/OSANO-Ressources-pour-Prestataires-Nov11.pdf\" target=\"_blank\" rel=\"noreferrer noopener\">Ce sommaire d&rsquo;une page<\/a> offre un coup d&rsquo;oeil rapide sur les outils et ressources d\u00e9crits ci-dessous.<\/p>\n\n\n<div id=\"corona-resources-block_0d99ce3d8c36a1ad9737f87969706092\" class=\"corona-resources \">\n    <div class=\"row\" data-equalizer data-equalize-on=\"medium\">\n                    <div class=\"medium-6 column\">\n                <div class=\"col-title\"><div class=\"inner\"><h2 data-equalizer-watch><\/h2><\/div><\/div>\n                <a href=\"https:\/\/archive.ontariocaregiver.ca\/fr\/soutenir-les-aidantes-naturelles-et-aidants-naturels\/\" target=\"_self\">\n                <div class=\"box\" style=\"background-image:url('https:\/\/ontariocaregiver.ca\/wp-content\/uploads\/2020\/12\/iStock-1253442250-700x467.jpg');\">\n                    <div class=\"box-content\">\n                        Resources pour vous aider \u00e0 soutenir les personnes aidantes naturelles                    <\/div>\n                    <div class=\"arrow\">\n                        <i class=\"icon icon-arrow-right\"><\/i>\n                    <\/div>\n                <\/div>\n                <\/a>\n            <\/div>\n                    <div class=\"medium-6 column\">\n                <div class=\"col-title\"><div class=\"inner\"><h2 data-equalizer-watch><\/h2><\/div><\/div>\n                <a href=\"https:\/\/archive.ontariocaregiver.ca\/fr\/inclusion-de-laidant-naturel-dans-lequipe-de-soins\/\" target=\"_self\">\n                <div class=\"box\" style=\"background-image:url('https:\/\/ontariocaregiver.ca\/wp-content\/uploads\/2020\/12\/iStock-1245131025-700x467.jpg');\">\n                    <div class=\"box-content\">\n                        Inclusion de l&rsquo;aidant naturel dans l&rsquo;\u00e9quipe de soins                    <\/div>\n                    <div class=\"arrow\">\n                        <i class=\"icon icon-arrow-right\"><\/i>\n                    <\/div>\n                <\/div>\n                <\/a>\n            <\/div>\n                    <div class=\"medium-6 column\">\n                <div class=\"col-title\"><div class=\"inner\"><h2 data-equalizer-watch><\/h2><\/div><\/div>\n                <a href=\"https:\/\/archive.ontariocaregiver.ca\/fr\/pour-prestataires\/aidants-naturels-et-equipes-sante-ontario\/\" target=\"_blank\">\n                <div class=\"box\" style=\"background-image:url('https:\/\/ontariocaregiver.ca\/wp-content\/uploads\/2021\/12\/iStock-1270585061-700x394.jpg');\">\n                    <div class=\"box-content\">\n                        \u00c9quipes Sant\u00e9 Ontario                    <\/div>\n                    <div class=\"arrow\">\n                        <i class=\"icon icon-arrow-right\"><\/i>\n                    <\/div>\n                <\/div>\n                <\/a>\n            <\/div>\n                    <div class=\"medium-6 column\">\n                <div class=\"col-title\"><div class=\"inner\"><h2 data-equalizer-watch><\/h2><\/div><\/div>\n                <a href=\"https:\/\/archive.ontariocaregiver.ca\/fr\/lengagement-authentique-et-la-co-conception-sont-les-ingredients-cles-dun-changement-significatif-2\/\" target=\"_self\">\n                <div class=\"box\" style=\"background-image:url('https:\/\/ontariocaregiver.ca\/wp-content\/uploads\/2020\/12\/iStock-1162117920-700x405.jpg');\">\n                    <div class=\"box-content\">\n                        L\u2019engagement et la co-cr\u00e9ation avec les aidants naturels                    <\/div>\n                    <div class=\"arrow\">\n                        <i class=\"icon icon-arrow-right\"><\/i>\n                    <\/div>\n                <\/div>\n                <\/a>\n            <\/div>\n                    <div class=\"medium-6 column\">\n                <div class=\"col-title\"><div class=\"inner\"><h2 data-equalizer-watch><\/h2><\/div><\/div>\n                <a href=\"https:\/\/archive.ontariocaregiver.ca\/fr\/identification-de-laidant-naturel-reconnaissance-officielle-du-role-daidant-naturel-2\/\" target=\"_blank\">\n                <div class=\"box\" style=\"background-image:url('https:\/\/ontariocaregiver.ca\/wp-content\/uploads\/2020\/12\/January-21-Webinar-II-700x467.jpg');\">\n                    <div class=\"box-content\">\n                        Identification de l&rsquo;aidant naturel                    <\/div>\n                    <div class=\"arrow\">\n                        <i class=\"icon icon-arrow-right\"><\/i>\n                    <\/div>\n                <\/div>\n                <\/a>\n            <\/div>\n                    <div class=\"medium-6 column\">\n                <div class=\"col-title\"><div class=\"inner\"><h2 data-equalizer-watch><\/h2><\/div><\/div>\n                <a href=\"https:\/\/archive.ontariocaregiver.ca\/fr\/partenaires-de-soins-essentiels\/\" target=\"_blank\">\n                <div class=\"box\" style=\"background-image:url('https:\/\/ontariocaregiver.ca\/wp-content\/uploads\/2020\/12\/iStock-1253856201-700x467.jpg');\">\n                    <div class=\"box-content\">\n                        Centre de soutien pour les partenaires de soins essentiels                    <\/div>\n                    <div class=\"arrow\">\n                        <i class=\"icon icon-arrow-right\"><\/i>\n                    <\/div>\n                <\/div>\n                <\/a>\n            <\/div>\n                    <div class=\"medium-6 column\">\n                <div class=\"col-title\"><div class=\"inner\"><h2 data-equalizer-watch><\/h2><\/div><\/div>\n                <a href=\"https:\/\/archive.ontariocaregiver.ca\/fr\/jeter-les-bases-dune-culture-de-partenariat-en-matiere-de-soins\/\" target=\"_blank\">\n                <div class=\"box\" style=\"background-image:url('https:\/\/ontariocaregiver.ca\/wp-content\/uploads\/2021\/12\/iStock-1211396399-700x467.jpg');\">\n                    <div class=\"box-content\">\n                        Apprentissage en ligne Partenaires de soins                    <\/div>\n                    <div class=\"arrow\">\n                        <i class=\"icon icon-arrow-right\"><\/i>\n                    <\/div>\n                <\/div>\n                <\/a>\n            <\/div>\n                    <div class=\"medium-6 column\">\n                <div class=\"col-title\"><div class=\"inner\"><h2 data-equalizer-watch><\/h2><\/div><\/div>\n                <a href=\"https:\/\/archive.ontariocaregiver.ca\/fr\/pour-prestataires\/inclusion-de-laidant-naturel-dans-lequipe-de-soins\/vie-privee-consentement\/\" target=\"_blank\">\n                <div class=\"box\" style=\"background-image:url('https:\/\/ontariocaregiver.ca\/wp-content\/uploads\/2021\/06\/iStock-1035676744-700x467.jpg');\">\n                    <div class=\"box-content\">\n                        Ressources sur la vie priv\u00e9e et le consentement en mati\u00e8re de sant\u00e9                    <\/div>\n                    <div class=\"arrow\">\n                        <i class=\"icon icon-arrow-right\"><\/i>\n                    <\/div>\n                <\/div>\n                <\/a>\n            <\/div>\n                    <div class=\"medium-6 column\">\n                <div class=\"col-title\"><div class=\"inner\"><h2 data-equalizer-watch><\/h2><\/div><\/div>\n                <a href=\"https:\/\/archive.ontariocaregiver.ca\/fr\/trousses-de-diffusion\/\" target=\"_blank\">\n                <div class=\"box\" style=\"background-image:url('https:\/\/ontariocaregiver.ca\/wp-content\/uploads\/2021\/09\/iStock-1143052274-700x385.jpg');\">\n                    <div class=\"box-content\">\n                        Partager de l\u2019information au sujet de l\u2019OSANO                    <\/div>\n                    <div class=\"arrow\">\n                        <i class=\"icon icon-arrow-right\"><\/i>\n                    <\/div>\n                <\/div>\n                <\/a>\n            <\/div>\n            <\/div>\n<\/div>\n\n\n\n<p>Envoyez un courriel \u00e0&nbsp;info@archive.ontariocaregiver.ca&nbsp;vous avez des questions au sujet des ressources destin\u00e9es aux prestataires de soins ou si vous d\u00e9sirez explorer les possibilit\u00e9s de collaborer avec nous pour optimiser le soutien et l&rsquo;inclusion des personnes aidantes naturelles.<\/p>\n\n\n\n<div class=\"wp-block-group\"><div class=\"wp-block-group__inner-container is-layout-flow wp-block-group-is-layout-flow\"><\/div><\/div>\n","protected":false},"excerpt":{"rendered":"<p>Centre de ressources pour les prestataires de soins de sant\u00e9 Les personnes aidantes naturelles jouent un r\u00f4le essentiel au sein du syst\u00e8me de soins..<\/p>\n","protected":false},"author":7,"featured_media":13708,"parent":0,"menu_order":0,"comment_status":"closed","ping_status":"closed","template":"","meta":{"_acf_changed":false,"_relevanssi_hide_post":"","_relevanssi_hide_content":"","_relevanssi_pin_for_all":"","_relevanssi_pin_keywords":"","_relevanssi_unpin_keywords":"","_relevanssi_related_keywords":"","_relevanssi_related_include_ids":"","_relevanssi_related_exclude_ids":"","_relevanssi_related_no_append":"","_relevanssi_related_not_related":"","_relevanssi_related_posts":"13464,7899,7429,17516,12694,2001","_relevanssi_noindex_reason":"","_price":"","_stock":"","_tribe_ticket_header":"","_tribe_default_ticket_provider":"","_tribe_ticket_capacity":"0","_ticket_start_date":"","_ticket_end_date":"","_tribe_ticket_show_description":"","_tribe_ticket_show_not_going":false,"_tribe_ticket_use_global_stock":"","_tribe_ticket_global_stock_level":"","_global_stock_mode":"","_global_stock_cap":"","_tribe_rsvp_for_event":"","_tribe_ticket_going_count":"","_tribe_ticket_not_going_count":"","_tribe_tickets_list":[],"_tribe_ticket_has_attendee_info_fields":false,"footnotes":""},"class_list":["post-7602","page","type-page","status-publish","has-post-thumbnail","hentry"],"acf":[],"yoast_head":"<!-- This site is optimized with the Yoast SEO plugin v25.8 - https:\/\/yoast.com\/wordpress\/plugins\/seo\/ -->\n<title>Centre de ressources pour les prestataires de soins de sant\u00e9 - Organisme de soutien aux aidants naturels de l\u2019Ontario<\/title>\n<meta name=\"robots\" content=\"noindex, follow, max-snippet:-1, max-image-preview:large, max-video-preview:-1\" \/>\n<meta property=\"og:locale\" content=\"fr_FR\" \/>\n<meta property=\"og:type\" content=\"article\" \/>\n<meta property=\"og:title\" content=\"Centre de ressources pour les prestataires de soins de sant\u00e9 - Organisme de soutien aux aidants naturels de l\u2019Ontario\" \/>\n<meta property=\"og:description\" content=\"Centre de ressources pour les prestataires de soins de sant\u00e9 Les personnes aidantes naturelles jouent un r\u00f4le essentiel au sein du syst\u00e8me de soins..\" \/>\n<meta property=\"og:url\" content=\"https:\/\/archive.ontariocaregiver.ca\/fr\/pour-prestataires\/\" \/>\n<meta property=\"og:site_name\" content=\"Organisme de soutien aux aidants naturels de l\u2019Ontario\" \/>\n<meta property=\"article:modified_time\" content=\"2023-03-09T15:38:56+00:00\" \/>\n<meta property=\"og:image\" content=\"https:\/\/ontariocaregiver.ca\/wp-content\/uploads\/2021\/12\/iStock-1282348252.jpg\" \/>\n\t<meta property=\"og:image:width\" content=\"2120\" \/>\n\t<meta property=\"og:image:height\" content=\"1414\" \/>\n\t<meta property=\"og:image:type\" content=\"image\/jpeg\" \/>\n<meta name=\"twitter:card\" content=\"summary_large_image\" \/>\n<meta name=\"twitter:label1\" content=\"Dur\u00e9e de lecture estim\u00e9e\" \/>\n\t<meta name=\"twitter:data1\" content=\"1 minute\" \/>\n<script type=\"application\/ld+json\" class=\"yoast-schema-graph\">{\"@context\":\"https:\/\/schema.org\",\"@graph\":[{\"@type\":\"WebPage\",\"@id\":\"https:\/\/archive.ontariocaregiver.ca\/fr\/pour-prestataires\/\",\"url\":\"https:\/\/archive.ontariocaregiver.ca\/fr\/pour-prestataires\/\",\"name\":\"Centre de ressources pour les prestataires de soins de sant\u00e9 - Organisme de soutien aux aidants naturels de l\u2019Ontario\",\"isPartOf\":{\"@id\":\"https:\/\/archive.ontariocaregiver.ca\/fr\/#website\"},\"primaryImageOfPage\":{\"@id\":\"https:\/\/archive.ontariocaregiver.ca\/fr\/pour-prestataires\/#primaryimage\"},\"image\":{\"@id\":\"https:\/\/archive.ontariocaregiver.ca\/fr\/pour-prestataires\/#primaryimage\"},\"thumbnailUrl\":\"https:\/\/ontariocaregiver.ca\/wp-content\/uploads\/2021\/12\/iStock-1282348252.jpg\",\"datePublished\":\"2020-12-07T21:40:52+00:00\",\"dateModified\":\"2023-03-09T15:38:56+00:00\",\"breadcrumb\":{\"@id\":\"https:\/\/archive.ontariocaregiver.ca\/fr\/pour-prestataires\/#breadcrumb\"},\"inLanguage\":\"fr-FR\",\"potentialAction\":[{\"@type\":\"ReadAction\",\"target\":[\"https:\/\/archive.ontariocaregiver.ca\/fr\/pour-prestataires\/\"]}]},{\"@type\":\"ImageObject\",\"inLanguage\":\"fr-FR\",\"@id\":\"https:\/\/archive.ontariocaregiver.ca\/fr\/pour-prestataires\/#primaryimage\",\"url\":\"https:\/\/ontariocaregiver.ca\/wp-content\/uploads\/2021\/12\/iStock-1282348252.jpg\",\"contentUrl\":\"https:\/\/ontariocaregiver.ca\/wp-content\/uploads\/2021\/12\/iStock-1282348252.jpg\",\"width\":2120,\"height\":1414,\"caption\":\"Home caregiver wearing a facemask while assisting a senior woman walking with a mobility walker during the COVID-19 pandemic - assisted living concepts\"},{\"@type\":\"BreadcrumbList\",\"@id\":\"https:\/\/archive.ontariocaregiver.ca\/fr\/pour-prestataires\/#breadcrumb\",\"itemListElement\":[{\"@type\":\"ListItem\",\"position\":1,\"name\":\"Page principale\",\"item\":\"https:\/\/archive.ontariocaregiver.ca\/fr\/\"},{\"@type\":\"ListItem\",\"position\":2,\"name\":\"Centre de ressources pour les prestataires de soins de sant\u00e9\"}]},{\"@type\":\"WebSite\",\"@id\":\"https:\/\/archive.ontariocaregiver.ca\/fr\/#website\",\"url\":\"https:\/\/archive.ontariocaregiver.ca\/fr\/\",\"name\":\"Organisme de soutien aux aidants naturels de l\u2019Ontario\",\"description\":\"\",\"potentialAction\":[{\"@type\":\"SearchAction\",\"target\":{\"@type\":\"EntryPoint\",\"urlTemplate\":\"https:\/\/archive.ontariocaregiver.ca\/fr\/?s={search_term_string}\"},\"query-input\":{\"@type\":\"PropertyValueSpecification\",\"valueRequired\":true,\"valueName\":\"search_term_string\"}}],\"inLanguage\":\"fr-FR\"}]}<\/script>\n<!-- \/ Yoast SEO plugin. -->","yoast_head_json":{"title":"Centre de ressources pour les prestataires de soins de sant\u00e9 - Organisme de soutien aux aidants naturels de l\u2019Ontario","robots":{"index":"noindex","follow":"follow","max-snippet":"max-snippet:-1","max-image-preview":"max-image-preview:large","max-video-preview":"max-video-preview:-1"},"og_locale":"fr_FR","og_type":"article","og_title":"Centre de ressources pour les prestataires de soins de sant\u00e9 - Organisme de soutien aux aidants naturels de l\u2019Ontario","og_description":"Centre de ressources pour les prestataires de soins de sant\u00e9 Les personnes aidantes naturelles jouent un r\u00f4le essentiel au sein du syst\u00e8me de soins..","og_url":"https:\/\/archive.ontariocaregiver.ca\/fr\/pour-prestataires\/","og_site_name":"Organisme de soutien aux aidants naturels de l\u2019Ontario","article_modified_time":"2023-03-09T15:38:56+00:00","og_image":[{"width":2120,"height":1414,"url":"https:\/\/ontariocaregiver.ca\/wp-content\/uploads\/2021\/12\/iStock-1282348252.jpg","type":"image\/jpeg"}],"twitter_card":"summary_large_image","twitter_misc":{"Dur\u00e9e de lecture estim\u00e9e":"1 minute"},"schema":{"@context":"https:\/\/schema.org","@graph":[{"@type":"WebPage","@id":"https:\/\/archive.ontariocaregiver.ca\/fr\/pour-prestataires\/","url":"https:\/\/archive.ontariocaregiver.ca\/fr\/pour-prestataires\/","name":"Centre de ressources pour les prestataires de soins de sant\u00e9 - Organisme de soutien aux aidants naturels de l\u2019Ontario","isPartOf":{"@id":"https:\/\/archive.ontariocaregiver.ca\/fr\/#website"},"primaryImageOfPage":{"@id":"https:\/\/archive.ontariocaregiver.ca\/fr\/pour-prestataires\/#primaryimage"},"image":{"@id":"https:\/\/archive.ontariocaregiver.ca\/fr\/pour-prestataires\/#primaryimage"},"thumbnailUrl":"https:\/\/ontariocaregiver.ca\/wp-content\/uploads\/2021\/12\/iStock-1282348252.jpg","datePublished":"2020-12-07T21:40:52+00:00","dateModified":"2023-03-09T15:38:56+00:00","breadcrumb":{"@id":"https:\/\/archive.ontariocaregiver.ca\/fr\/pour-prestataires\/#breadcrumb"},"inLanguage":"fr-FR","potentialAction":[{"@type":"ReadAction","target":["https:\/\/archive.ontariocaregiver.ca\/fr\/pour-prestataires\/"]}]},{"@type":"ImageObject","inLanguage":"fr-FR","@id":"https:\/\/archive.ontariocaregiver.ca\/fr\/pour-prestataires\/#primaryimage","url":"https:\/\/ontariocaregiver.ca\/wp-content\/uploads\/2021\/12\/iStock-1282348252.jpg","contentUrl":"https:\/\/ontariocaregiver.ca\/wp-content\/uploads\/2021\/12\/iStock-1282348252.jpg","width":2120,"height":1414,"caption":"Home caregiver wearing a facemask while assisting a senior woman walking with a mobility walker during the COVID-19 pandemic - assisted living concepts"},{"@type":"BreadcrumbList","@id":"https:\/\/archive.ontariocaregiver.ca\/fr\/pour-prestataires\/#breadcrumb","itemListElement":[{"@type":"ListItem","position":1,"name":"Page principale","item":"https:\/\/archive.ontariocaregiver.ca\/fr\/"},{"@type":"ListItem","position":2,"name":"Centre de ressources pour les prestataires de soins de sant\u00e9"}]},{"@type":"WebSite","@id":"https:\/\/archive.ontariocaregiver.ca\/fr\/#website","url":"https:\/\/archive.ontariocaregiver.ca\/fr\/","name":"Organisme de soutien aux aidants naturels de l\u2019Ontario","description":"","potentialAction":[{"@type":"SearchAction","target":{"@type":"EntryPoint","urlTemplate":"https:\/\/archive.ontariocaregiver.ca\/fr\/?s={search_term_string}"},"query-input":{"@type":"PropertyValueSpecification","valueRequired":true,"valueName":"search_term_string"}}],"inLanguage":"fr-FR"}]}},"ticketed":false,"_links":{"self":[{"href":"https:\/\/archive.ontariocaregiver.ca\/fr\/wp-json\/wp\/v2\/pages\/7602","targetHints":{"allow":["GET"]}}],"collection":[{"href":"https:\/\/archive.ontariocaregiver.ca\/fr\/wp-json\/wp\/v2\/pages"}],"about":[{"href":"https:\/\/archive.ontariocaregiver.ca\/fr\/wp-json\/wp\/v2\/types\/page"}],"author":[{"embeddable":true,"href":"https:\/\/archive.ontariocaregiver.ca\/fr\/wp-json\/wp\/v2\/users\/7"}],"replies":[{"embeddable":true,"href":"https:\/\/archive.ontariocaregiver.ca\/fr\/wp-json\/wp\/v2\/comments?post=7602"}],"version-history":[{"count":30,"href":"https:\/\/archive.ontariocaregiver.ca\/fr\/wp-json\/wp\/v2\/pages\/7602\/revisions"}],"predecessor-version":[{"id":21298,"href":"https:\/\/archive.ontariocaregiver.ca\/fr\/wp-json\/wp\/v2\/pages\/7602\/revisions\/21298"}],"wp:featuredmedia":[{"embeddable":true,"href":"https:\/\/archive.ontariocaregiver.ca\/fr\/wp-json\/wp\/v2\/media\/13708"}],"wp:attachment":[{"href":"https:\/\/archive.ontariocaregiver.ca\/fr\/wp-json\/wp\/v2\/media?parent=7602"}],"curies":[{"name":"wp","href":"https:\/\/api.w.org\/{rel}","templated":true}]}}