{"id":746,"date":"2019-10-18T17:37:13","date_gmt":"2019-10-18T21:37:13","guid":{"rendered":"http:\/\/localhost\/ontariocaregiver.ca\/contact-us\/"},"modified":"2023-10-24T15:39:03","modified_gmt":"2023-10-24T19:39:03","slug":"contactez-nous","status":"publish","type":"page","link":"https:\/\/archive.ontariocaregiver.ca\/fr\/contactez-nous\/","title":{"rendered":"Contactez-nous"},"content":{"rendered":"\n<p>Si vous \u00eates en\ncrise et avez besoin d\u2019une aide imm\u00e9diate, appelez le 911.&nbsp; <\/p>\n\n\n\n<p>Pour acc\u00e9der \u00e0 de l\u2019information sur les services et les soutiens aux aidants naturels dans votre r\u00e9gion, appelez la Ligne d\u2019assistance de l\u2019Organisme de soutien aux aidants naturels de l\u2019Ontario : 1-833-416-2273. <\/p>\n\n\n\n<p><strong><a href=\"https:\/\/archive.ontariocaregiver.ca\/fr\/media\/\" target=\"_blank\" rel=\"noreferrer noopener\">Demandes des m\u00e9dias<\/a><\/strong><\/p>\n\n\n<div id=\"accordion-content-block_bc698a1b00db32786d49f361e2386225\" class=\"accordion-wrapper \">\n    <ul class=\"accordion\" data-accordion data-multi-expand=\"true\"  data-allow-all-closed=\"true\" data-deep-link=\"true\" data-update-history=\"true\">\n                <li class=\"accordion-item\" data-accordion-item>\n            <a href=\"#accordion69f9bba167371\" class=\"accordion-title\">Personnel<\/a>\n            <div class=\"accordion-content\" data-tab-content id=\"accordion69f9bba167371\">\n                <p><strong>T\u00e9l\u00e9phone\u00a0: 416-362-CARE (2273)<\/strong><\/p>\n<p><strong>Sans frais\u00a0: 1-888-877-1626<\/strong><\/p>\n<p><a href=\"mailto:amyc@archive.ontariocaregiver.ca\">Amy Coupal<\/a>, Directrice g\u00e9n\u00e9rale, poste 1013<\/p>\n<p><a href=\"mailto:operations@archive.ontariocaregiver.ca\">Heather Northgrave<\/a>, Directrice des op\u00e9rations, poste 1012<\/p>\n<p><a href=\"mailto:daniellev@archive.ontariocaregiver.ca\">Danielle Cowen<\/a>, Directrice ex\u00e9cutive, Communications, poste 1015<\/p>\n<p><a href=\"mailto:lisas@archive.ontariocaregiver.ca\">Lisa Salapatek<\/a>, Directrice ex\u00e9cutive, partenariats strat\u00e9giques et innovation, poste 1021<\/p>\n<p><a href=\"Carac@archive.ontariocaregiver.ca\">Cara Chen<\/a>, Directrice ex\u00e9cutive, programmes et services, poste 1035<\/p>\n<p><a href=\"mailto:stacyc@archive.ontariocaregiver.ca\">Stacy Chung<\/a>, Gestionnaire des op\u00e9rations, poste 1011<\/p>\n<p><a href=\"mailto:alisonk@archive.ontariocaregiver.ca\" target=\"_blank\" rel=\"noreferrer noopener\">Alison Kilbourn<\/a>, Gestionnaire, Centre de soutien aux partenaires des soins essentiels, poste 1030<\/p>\n<p><a href=\"mailto:clayol@archive.ontariocaregiver.ca\">Clayo Laanemets<\/a>, Gestionnaire de programmes pour personnes aidantes naturelles, poste 1026<\/p>\n<p><a href=\"mailto:SarahC@archive.ontariocaregiver.ca\">Sarah Calvin<\/a>, Gestionnaire, engagement r\u00e9gional, poste 1027 <em>\u00ab\u00a0Je parle fran\u00e7ais\u00a0\u00bb<\/em><\/p>\n<p><a href=\"mailto:Hannaha@archive.ontariocaregiver.ca\">Hannah Albani<\/a>, Responsable r\u00e9gionale, Nord de l\u2019Ontario, poste 1019<\/p>\n<p><a href=\"mailto:katiem@archive.ontariocaregiver.ca\">Katie Muirhead<\/a>, Responsable r\u00e9gionale, Ouest de l\u2019Ontario, poste 1020<\/p>\n<p><a href=\"mailto:roxanned@archive.ontariocaregiver.ca\">Roxanne Dion-Boudreau<\/a>, Responsable r\u00e9gionale, Est de l\u2019Ontario et communaut\u00e9s francophones, poste 1037 <em>\u00ab\u00a0Je parle fran\u00e7ais\u00a0\u00bb<\/em><\/p>\n<p><a href=\"mailto:Mariamz@archive.ontariocaregiver.ca\" target=\"_blank\" rel=\"noopener\">Mariam Zohouri<\/a>, Sp\u00e9cialiste principal en communication poste 1022<\/p>\n<p><a href=\"mailto:maria-helenap@archive.ontariocaregiver.ca\">Maria-H\u00e9l\u00e8na Pacelli<\/a>, Sp\u00e9cialiste des communications num\u00e9riques, poste 1017 <em>\u00ab\u00a0Je parle fran\u00e7ais\u00a0\u00bb<\/em><\/p>\n<p><a href=\"mailto:reneen@archive.ontariocaregiver.ca\">Renee Ng<\/a>, Sp\u00e9cialiste de contenu, poste 1023<\/p>\n<p><a href=\"mailto:feliciah@archive.ontariocaregiver.ca\">Felicia Hart<\/a>, Gestionnaire, programmes de navigation pour personnes aidantes naturelles et en milieu de travail, poste 1025<\/p>\n<p><a href=\"mailto:fional@archive.ontariocaregiver.ca\" target=\"_blank\" rel=\"noreferrer noopener\">Fiona Lacey<\/a>, Chef de programme, soutien par les pairs et jeunes aidants naturels poste 1016<\/p>\n<p><a href=\"mailto:Marnik@archive.ontariocaregiver.ca\">Marni Kopacsi<\/a>, Chef de programme, \u00e9ducation, poste 1032<\/p>\n<p><a href=\"mailto:biancaf@archive.ontariocaregiver.ca\">Bianca Feitelberg<\/a>, Chef de projet, partenariats strat\u00e9giques et innovation, poste 1024<\/p>\n<p><a href=\"mailto:Shridd@archive.ontariocaregiver.ca\" target=\"_blank\" rel=\"noreferrer noopener\">Shrid Dhungel<\/a>, Chef de projet, partenariats strat\u00e9giques et innovation, poste 1029<\/p>\n<p><a href=\"mailto:Heatherl@archive.ontariocaregiver.ca\" target=\"_blank\" rel=\"noopener\">Heather Lannon<\/a>, Responsable de la mise en oeuvre poste 1014<\/p>\n<p><a href=\"mailto:Kaileyf@archive.ontariocaregiver.ca\">Kailey Forster<\/a>, Responsable de la mise en oeuvre poste 1018<\/p>\n<p><a href=\"mailto:Lisar@archive.ontariocaregiver.ca\" target=\"_blank\" rel=\"noopener\">Lisa Raffou<\/a>l, Responsable de la mise en oeuvre poste 1034<\/p>\n<p><a href=\"mailto:Fardowsah@archive.ontariocaregiver.ca\" target=\"_blank\" rel=\"noopener\">Fardowsa Halane<\/a>, Responsable de l&rsquo;\u00e9change de connaissances poste 1033<\/p>\n            <\/div>\n        <\/li>\n                <li class=\"accordion-item\" data-accordion-item>\n            <a href=\"#accordion69f9bba167376\" class=\"accordion-title\">Faire part de vos pr\u00e9occupations relatives \u00e0 votre exp\u00e9rience avec l\u2019Organisme de soutien aux aidants naturels de l\u2019Ontario<\/a>\n            <div class=\"accordion-content\" data-tab-content id=\"accordion69f9bba167376\">\n                <p>\u00c0 l\u2019Organisme de soutien aux aidants naturels de l\u2019Ontario (OSANO), nous tenons \u00e0 fournir des renseignements et un soutien de haute qualit\u00e9. Si votre exp\u00e9rience ne correspond pas \u00e0 notre engagement, veuillez nous contacter.<\/p>\n<p><b>Pour toute question relative \u00e0 la confidentialit\u00e9<\/b>, veuillez contacter\u00a0<a href=\"mailto:info@archive.ontariocaregiver.ca\" target=\"_blank\" rel=\"noopener\">info@archive.ontariocaregiver.ca<\/a>.<\/p>\n<p><b>Pour toutes les autres pr\u00e9occupations\/plaintes relatives \u00e0 l\u2019OSANO<\/b>, veuillez lire la \u00ab\u2009<a href=\"https:\/\/ontariocaregiver.ca\/wp-content\/uploads\/2022\/11\/OCO-Service-Concerns-Policy-and-Procedures-Document-Fr.pdf\" target=\"_blank\" rel=\"noopener\"><strong>Politique et proc\u00e9dures relatives aux pr\u00e9occupations relatives aux services de l\u2019Organisme de soutien aux aidants naturels de l\u2019Ontario<\/strong><\/a>\u2009\u00bb pour obtenir de plus amples renseignements. Si vous ne pouvez pas acc\u00e9der \u00e0 ce document, veuillez envoyer un courriel \u00e0\u00a0<a href=\"mailto:info@archive.ontariocaregiver.ca\" target=\"_blank\" rel=\"noopener\">info@archive.ontariocaregiver.ca<\/a>\u00a0ou appeler le 1-888-877-1626 ou le 416-362-2273 pour en demander une copie.<\/p>\n            <\/div>\n        <\/li>\n            <\/ul>\n<\/div>\n\n\n\n<p><\/p>\n\n\n\n<p>Questions ou commentaires? <a href=\"mailto:info@archive.ontariocaregiver.ca\">Envoyez-nous un courriel<\/a>.<\/p>\n","protected":false},"excerpt":{"rendered":"<p>Si vous \u00eates en crise et avez besoin d\u2019une aide imm\u00e9diate, appelez le 911.&nbsp; Pour acc\u00e9der \u00e0 de l\u2019information sur les services et les..<\/p>\n","protected":false},"author":1,"featured_media":0,"parent":0,"menu_order":0,"comment_status":"closed","ping_status":"closed","template":"","meta":{"_acf_changed":false,"_relevanssi_hide_post":"","_relevanssi_hide_content":"","_relevanssi_pin_for_all":"","_relevanssi_pin_keywords":"","_relevanssi_unpin_keywords":"","_relevanssi_related_keywords":"","_relevanssi_related_include_ids":"","_relevanssi_related_exclude_ids":"","_relevanssi_related_no_append":"","_relevanssi_related_not_related":"","_relevanssi_related_posts":"12350,16077,12711,12718,16534,11544","_relevanssi_noindex_reason":"","_price":"","_stock":"","_tribe_ticket_header":"","_tribe_default_ticket_provider":"","_tribe_ticket_capacity":"0","_ticket_start_date":"","_ticket_end_date":"","_tribe_ticket_show_description":"","_tribe_ticket_show_not_going":false,"_tribe_ticket_use_global_stock":"","_tribe_ticket_global_stock_level":"","_global_stock_mode":"","_global_stock_cap":"","_tribe_rsvp_for_event":"","_tribe_ticket_going_count":"","_tribe_ticket_not_going_count":"","_tribe_tickets_list":[],"_tribe_ticket_has_attendee_info_fields":false,"footnotes":""},"class_list":["post-746","page","type-page","status-publish","hentry"],"acf":[],"yoast_head":"<!-- This site is optimized with the Yoast SEO plugin v25.8 - https:\/\/yoast.com\/wordpress\/plugins\/seo\/ -->\n<title>Contactez-nous - Organisme de soutien aux aidants naturels de l\u2019Ontario<\/title>\n<meta name=\"robots\" content=\"noindex, follow, max-snippet:-1, max-image-preview:large, max-video-preview:-1\" \/>\n<meta property=\"og:locale\" content=\"fr_FR\" \/>\n<meta property=\"og:type\" content=\"article\" \/>\n<meta property=\"og:title\" content=\"Contactez-nous - Organisme de soutien aux aidants naturels de l\u2019Ontario\" \/>\n<meta property=\"og:description\" content=\"Si vous \u00eates en crise et avez besoin d\u2019une aide imm\u00e9diate, appelez le 911.&nbsp; Pour acc\u00e9der \u00e0 de l\u2019information sur les services et les..\" \/>\n<meta property=\"og:url\" content=\"https:\/\/archive.ontariocaregiver.ca\/fr\/contactez-nous\/\" \/>\n<meta property=\"og:site_name\" content=\"Organisme de soutien aux aidants naturels de l\u2019Ontario\" \/>\n<meta property=\"article:modified_time\" content=\"2023-10-24T19:39:03+00:00\" \/>\n<meta name=\"twitter:card\" content=\"summary_large_image\" \/>\n<meta name=\"twitter:label1\" content=\"Dur\u00e9e de lecture estim\u00e9e\" \/>\n\t<meta name=\"twitter:data1\" content=\"1 minute\" \/>\n<script type=\"application\/ld+json\" class=\"yoast-schema-graph\">{\"@context\":\"https:\/\/schema.org\",\"@graph\":[{\"@type\":\"WebPage\",\"@id\":\"https:\/\/archive.ontariocaregiver.ca\/fr\/contactez-nous\/\",\"url\":\"https:\/\/archive.ontariocaregiver.ca\/fr\/contactez-nous\/\",\"name\":\"Contactez-nous - Organisme de soutien aux aidants naturels de l\u2019Ontario\",\"isPartOf\":{\"@id\":\"https:\/\/archive.ontariocaregiver.ca\/fr\/#website\"},\"datePublished\":\"2019-10-18T21:37:13+00:00\",\"dateModified\":\"2023-10-24T19:39:03+00:00\",\"breadcrumb\":{\"@id\":\"https:\/\/archive.ontariocaregiver.ca\/fr\/contactez-nous\/#breadcrumb\"},\"inLanguage\":\"fr-FR\",\"potentialAction\":[{\"@type\":\"ReadAction\",\"target\":[\"https:\/\/archive.ontariocaregiver.ca\/fr\/contactez-nous\/\"]}]},{\"@type\":\"BreadcrumbList\",\"@id\":\"https:\/\/archive.ontariocaregiver.ca\/fr\/contactez-nous\/#breadcrumb\",\"itemListElement\":[{\"@type\":\"ListItem\",\"position\":1,\"name\":\"Page principale\",\"item\":\"https:\/\/archive.ontariocaregiver.ca\/fr\/\"},{\"@type\":\"ListItem\",\"position\":2,\"name\":\"Contactez-nous\"}]},{\"@type\":\"WebSite\",\"@id\":\"https:\/\/archive.ontariocaregiver.ca\/fr\/#website\",\"url\":\"https:\/\/archive.ontariocaregiver.ca\/fr\/\",\"name\":\"Organisme de soutien aux aidants naturels de l\u2019Ontario\",\"description\":\"\",\"potentialAction\":[{\"@type\":\"SearchAction\",\"target\":{\"@type\":\"EntryPoint\",\"urlTemplate\":\"https:\/\/archive.ontariocaregiver.ca\/fr\/?s={search_term_string}\"},\"query-input\":{\"@type\":\"PropertyValueSpecification\",\"valueRequired\":true,\"valueName\":\"search_term_string\"}}],\"inLanguage\":\"fr-FR\"}]}<\/script>\n<!-- \/ Yoast SEO plugin. -->","yoast_head_json":{"title":"Contactez-nous - Organisme de soutien aux aidants naturels de l\u2019Ontario","robots":{"index":"noindex","follow":"follow","max-snippet":"max-snippet:-1","max-image-preview":"max-image-preview:large","max-video-preview":"max-video-preview:-1"},"og_locale":"fr_FR","og_type":"article","og_title":"Contactez-nous - Organisme de soutien aux aidants naturels de l\u2019Ontario","og_description":"Si vous \u00eates en crise et avez besoin d\u2019une aide imm\u00e9diate, appelez le 911.&nbsp; Pour acc\u00e9der \u00e0 de l\u2019information sur les services et les..","og_url":"https:\/\/archive.ontariocaregiver.ca\/fr\/contactez-nous\/","og_site_name":"Organisme de soutien aux aidants naturels de l\u2019Ontario","article_modified_time":"2023-10-24T19:39:03+00:00","twitter_card":"summary_large_image","twitter_misc":{"Dur\u00e9e de lecture estim\u00e9e":"1 minute"},"schema":{"@context":"https:\/\/schema.org","@graph":[{"@type":"WebPage","@id":"https:\/\/archive.ontariocaregiver.ca\/fr\/contactez-nous\/","url":"https:\/\/archive.ontariocaregiver.ca\/fr\/contactez-nous\/","name":"Contactez-nous - Organisme de soutien aux aidants naturels de l\u2019Ontario","isPartOf":{"@id":"https:\/\/archive.ontariocaregiver.ca\/fr\/#website"},"datePublished":"2019-10-18T21:37:13+00:00","dateModified":"2023-10-24T19:39:03+00:00","breadcrumb":{"@id":"https:\/\/archive.ontariocaregiver.ca\/fr\/contactez-nous\/#breadcrumb"},"inLanguage":"fr-FR","potentialAction":[{"@type":"ReadAction","target":["https:\/\/archive.ontariocaregiver.ca\/fr\/contactez-nous\/"]}]},{"@type":"BreadcrumbList","@id":"https:\/\/archive.ontariocaregiver.ca\/fr\/contactez-nous\/#breadcrumb","itemListElement":[{"@type":"ListItem","position":1,"name":"Page principale","item":"https:\/\/archive.ontariocaregiver.ca\/fr\/"},{"@type":"ListItem","position":2,"name":"Contactez-nous"}]},{"@type":"WebSite","@id":"https:\/\/archive.ontariocaregiver.ca\/fr\/#website","url":"https:\/\/archive.ontariocaregiver.ca\/fr\/","name":"Organisme de soutien aux aidants naturels de l\u2019Ontario","description":"","potentialAction":[{"@type":"SearchAction","target":{"@type":"EntryPoint","urlTemplate":"https:\/\/archive.ontariocaregiver.ca\/fr\/?s={search_term_string}"},"query-input":{"@type":"PropertyValueSpecification","valueRequired":true,"valueName":"search_term_string"}}],"inLanguage":"fr-FR"}]}},"ticketed":false,"_links":{"self":[{"href":"https:\/\/archive.ontariocaregiver.ca\/fr\/wp-json\/wp\/v2\/pages\/746","targetHints":{"allow":["GET"]}}],"collection":[{"href":"https:\/\/archive.ontariocaregiver.ca\/fr\/wp-json\/wp\/v2\/pages"}],"about":[{"href":"https:\/\/archive.ontariocaregiver.ca\/fr\/wp-json\/wp\/v2\/types\/page"}],"author":[{"embeddable":true,"href":"https:\/\/archive.ontariocaregiver.ca\/fr\/wp-json\/wp\/v2\/users\/1"}],"replies":[{"embeddable":true,"href":"https:\/\/archive.ontariocaregiver.ca\/fr\/wp-json\/wp\/v2\/comments?post=746"}],"version-history":[{"count":79,"href":"https:\/\/archive.ontariocaregiver.ca\/fr\/wp-json\/wp\/v2\/pages\/746\/revisions"}],"predecessor-version":[{"id":24271,"href":"https:\/\/archive.ontariocaregiver.ca\/fr\/wp-json\/wp\/v2\/pages\/746\/revisions\/24271"}],"wp:attachment":[{"href":"https:\/\/archive.ontariocaregiver.ca\/fr\/wp-json\/wp\/v2\/media?parent=746"}],"curies":[{"name":"wp","href":"https:\/\/api.w.org\/{rel}","templated":true}]}}