{"id":7413,"date":"2020-11-26T16:49:02","date_gmt":"2020-11-26T21:49:02","guid":{"rendered":"https:\/\/archive.ontariocaregiver.ca\/?page_id=7413"},"modified":"2021-12-07T16:29:21","modified_gmt":"2021-12-07T21:29:21","slug":"prevenir-les-chutes-et-soccuper-dune-personne-qui-risque-de-tomber","status":"publish","type":"page","link":"https:\/\/archive.ontariocaregiver.ca\/fr\/pour-aidants-naturels\/prestations-de-soins\/prevenir-les-chutes-et-soccuper-dune-personne-qui-risque-de-tomber\/","title":{"rendered":"Pr\u00e9venir les chutes et s&rsquo;occuper d&rsquo;une personne qui risque de tomber"},"content":{"rendered":"\n<h1 class=\"wp-block-heading\"><strong>Pr\u00e9venir les chutes et s\u2019occuper d\u2019une personne qui risque de tomber<\/strong><\/h1>\n\n\n\n<p>Si, comme personne aidante naturelle, vous vous occupez d\u2019un jeune enfant, d\u2019une personne \u00e2g\u00e9e, d\u2019une personne fragile ou d\u2019une personne handicap\u00e9e, le risque de chute peut vous inqui\u00e9ter.<\/p>\n\n\n\n<p>D\u2019apr\u00e8s l\u2019Agence de sant\u00e9 publique du Canada, 20 \u00e0 30 % des personnes \u00e2g\u00e9es font une chute chaque ann\u00e9e. Les chutes restent la principale cause de blessures et de visites \u00e0 l\u2019h\u00f4pital chez les personnes \u00e2g\u00e9es. L\u2019<a href=\"https:\/\/www.cihi.ca\/fr\/glissades-faux-pas-et-chutes-nos-plus-recentes-donnees-revelent-les-causes-des-hospitalisations-et\" target=\"_blank\" rel=\"noreferrer noopener\"><strong>Institut canadien d\u2019information sur la sant\u00e9<\/strong><\/a>&nbsp;a \u00e9galement indiqu\u00e9 que 4 fois sur 5 les hospitalisations pour des blessures impliquant des personnes \u00e2g\u00e9es \u00e9taient dues \u00e0 une chute.<\/p>\n\n\n\n<p>Comme personne aidante naturelle, vous vous demandez peut-\u00eatre ce que vous pouvez faire pour pr\u00e9venir une chute, comment r\u00e9agir en cas de chute ou comment r\u00e9duire le risque de chutes futures.<\/p>\n\n\n\n<h2 class=\"wp-block-heading\">Pr\u00e9venir les chutes chez les personnes \u00e2g\u00e9es et les adultes<\/h2>\n\n\n\n<p>Les programmes de promotion de l\u2019exercice physique et de pr\u00e9vention des chutes aident les personnes \u00e2g\u00e9es \u00e0 rester en bonne sant\u00e9, actives et autonomes. Les cours d\u2019exercice visent \u00e0 aider les personnes \u00e2g\u00e9es \u00e0 rester actives et \u00e0 am\u00e9liorer et maintenir leur \u00e9quilibre, leur force et leur mobilit\u00e9. Les cours de pr\u00e9vention des chutes sont souvent offerts par un physioth\u00e9rapeute ou un autre professionnel de la sant\u00e9 et fournissent des informations sur la pr\u00e9vention des chutes chez les personnes \u00e2g\u00e9es.<\/p>\n\n\n\n<p>Si vous \u00eates \u00e2g\u00e9 de 65\u00a0ans et plus, <a href=\"https:\/\/www.ontario.ca\/fr\/page\/programmes-de-promotion-de-lexercice-physique-et-de-prevention-des-chutes\" target=\"_blank\" rel=\"noreferrer noopener\">un cours d\u2019exercice physique et de pr\u00e9vention des chutes<\/a> pourrait s\u2019offrir \u00e0 vous gratuitement. Contactez la <a href=\"https:\/\/archive.ontariocaregiver.ca\/fr\/trouverdusoutien\/ligne-dassistance\/\" target=\"_blank\" rel=\"noreferrer noopener\">ligne d\u2019assistance<\/a> de l\u2019Organisme de Soutien aux Aidants Naturels de l\u2019Ontario\u00a024\/7 au 1-833-416-2273 pour savoir si ce programme est disponible dans votre communaut\u00e9 et en savoir plus sur d\u2019autres ressources offertes pr\u00e8s de chez vous.<\/p>\n\n\n\n<h2 class=\"wp-block-heading\">Autres outils et ressources potentiellement utiles<\/h2>\n\n\n\n<p>La liste de contr\u00f4le <a href=\"https:\/\/www.rgpeo.com\/fr\/prevention-des-chutes\/evaluez-votre-risque-de-chutes\/\" target=\"_blank\" rel=\"noreferrer noopener\">\u00ab\u00a0\u00c9valuez votre risque de chutes\u00a0\u00bb<\/a> est un outil qui peut \u00eatre utilis\u00e9 par les personnes \u00e2g\u00e9es, les prestataires de soins de sant\u00e9 ou les personnes aidantes naturelles pour \u00e9valuer le risque de chute d\u2019un adulte \u00e0 la maison. Les utilisateurs r\u00e9pondent Oui\/Non \u00e0 une liste d\u2019\u00e9nonc\u00e9s et re\u00e7oivent une note en fonction de leur r\u00e9ponse. Le score total est comptabilis\u00e9 dans un format que vous pouvez imprimer et dont vous pouvez discuter avec votre m\u00e9decin ou votre prestataire de soins de sant\u00e9.<\/p>\n\n\n\n<p><a href=\"https:\/\/www.closingthegap.ca\/\" target=\"_blank\" rel=\"noreferrer noopener\">Closing the Gap Healthcare\u00a0<\/a><em>(disponible en anglais seulement) <\/em>est un prestataire de services de sant\u00e9 qui propose des soins \u00e0 domicile et des services de soins en clinique dans tout l\u2019Ontario et la Nouvelle-\u00c9cosse. Ce service g\u00e8re 11\u00a0cliniques de physioth\u00e9rapie et 4\u00a0cliniques de soins infirmiers dans tout l\u2019Ontario et travaille \u00e9galement dans les \u00e9coles, les maisons de retraite, les \u00e9tablissements de soins de longue dur\u00e9e, les h\u00f4pitaux et dans toute la communaut\u00e9. <a href=\"https:\/\/www.closingthegap.ca\/how-to-prevent-falls-a-complete-fall-prevention-guide-for-seniors-and-caregivers\/\">Consultez<\/a><a href=\"https:\/\/www.closingthegap.ca\/how-to-prevent-falls-a-complete-fall-prevention-guide-for-seniors-and-caregivers\/\" target=\"_blank\" rel=\"noreferrer noopener\"> <\/a><a href=\"https:\/\/www.closingthegap.ca\/how-to-prevent-falls-a-complete-fall-prevention-guide-for-seniors-and-caregivers\/\">son guide<\/a> <em>(en anglais seulement)<\/em> sur la pr\u00e9vention des chutes pour les personnes \u00e2g\u00e9es et les aidants naturels.<\/p>\n\n\n\n<p>Vous<strong>\u00a0pouvez<\/strong>\u00a0pr\u00e9venir les chutes en apportant les modifications n\u00e9cessaires au domicile et au mode de vie de la personne dont vous vous occupez, et en vous assurant qu\u2019elle mange bien, reste en forme et utilise les appareils qui faciliteront sa vie quotidienne tout en la prot\u00e9geant. <a href=\"https:\/\/www.canada.ca\/fr\/sante-publique\/services\/promotion-sante\/vieillissement-aines\/publications\/publications-grand-public\/vous-pouvez-eviter-chutes.html\" target=\"_blank\" rel=\"noreferrer noopener\">Apprenez-en davantage sur la pr\u00e9vention des chutes aupr\u00e8s de l\u2019Agence de la sant\u00e9 publique du Canada.<\/a><\/p>\n\n\n\n<p><a href=\"https:\/\/www.canada.ca\/fr\/sante-publique\/services\/promotion-sante\/vieillissement-aines\/publications\/publications-grand-public\/faire-cas-chute-affiche.html\" target=\"_blank\" rel=\"noreferrer noopener\">Que faire en cas de chute?<\/a> Cette ressource a \u00e9t\u00e9 cr\u00e9\u00e9e par le gouvernement du Canada. Elle fournit des instructions sur la fa\u00e7on de se relever apr\u00e8s une chute, sur ce qu\u2019il faut faire si vous ne pouvez pas vous relever et si vous \u00eates t\u00e9moin d\u2019une chute.<\/p>\n\n\n\n<p>Apprenez-en davantage aupr\u00e8s de <a href=\"https:\/\/parachute.ca\/fr\/sujets-blessures\/\" target=\"_blank\" rel=\"noreferrer noopener\">Parachute<\/a>, le chef de file canadien en mati\u00e8re de pr\u00e9vention des blessures, sur la pr\u00e9vention des blessures chez les personnes \u00e2g\u00e9es, la pr\u00e9vention des chutes chez les enfants, la s\u00e9curit\u00e9 \u00e0 domicile et d\u2019autres informations et ressources sur la pr\u00e9vention des blessures.<\/p>\n\n\n\n<p>Le <a href=\"http:\/\/canadianfallprevention.ca\/resources-and-links\/\" target=\"_blank\" rel=\"noreferrer noopener\">programme canadien de pr\u00e9vention des chutes<\/a> <em>(en anglais seulement) <\/em>propose des ressources et des informations destin\u00e9es aux professionnels de la sant\u00e9. Certaines de leurs ressources et certains de leurs liens peuvent \u00e9galement \u00eatre utiles \u00e0 un membre de la famille, un ami ou toute autre personne prodiguant des soins.<\/p>\n\n\n\n<p>Le\u00a0<em>Canadian Frailty Network<\/em>\u00a0a pour mandat d\u2019am\u00e9liorer les soins aux personnes \u00e2g\u00e9es vivant avec une fragilit\u00e9 et de soutenir leurs familles et leurs aidants naturels. Ce r\u00e9seau accomplit sont mendat en renfor\u00e7ant la reconnaissance et l\u2019\u00e9valuation de la fragilit\u00e9, en augmentant les donn\u00e9es probantes pour la prise de d\u00e9cision, en faisant progresser les changements fond\u00e9s sur des donn\u00e9es probantes en mati\u00e8re de soins, en formant la prochaine g\u00e9n\u00e9ration de prestataires de soins et en s\u2019engageant aupr\u00e8s des personnes \u00e2g\u00e9es et des personnes aidantes naturelles. <a href=\"https:\/\/www.cfn-nce.ca\/frailty-matters\/living-with-frailty\/avoiding-falls\/\" target=\"_blank\" rel=\"noreferrer noopener\">Apprenez-en davantage sur la fa\u00e7on d\u2019\u00e9viter les chutes.<\/a><\/p>\n\n\n\n<p><strong><em><a href=\"https:\/\/www.safeforelders.com\/\" target=\"_blank\" rel=\"noreferrer noopener\">Safe for Elders, Safe for All\u00a0<\/a><\/em><\/strong>(<em>S\u00fbr pour les a\u00een\u00e9s, s\u00fbr pour tous<\/em>) <em>(en anglais seulement)<\/em> est une initiative soutenue par le Conseil tribal de la nation Nlaka\u2019pamux, la Fraser Thompson Indian Services Society, les autorit\u00e9s sanitaires de Fraser et 5\u00a0communaut\u00e9s des Premi\u00e8res Nations dans la vall\u00e9e de Fraser. Certaines de ces ressources peuvent \u00eatre utiles aux personnes aidantes naturelles et aux communaut\u00e9s autochtones de l\u2019Ontario.<\/p>\n\n\n\n<h2 class=\"wp-block-heading\">Pr\u00e9venir les chutes chez les enfants<\/h2>\n\n\n\n<p>Apprenez davantage aupr\u00e8s de l\u2019association des optom\u00e9tristes de l\u2019Ontario\u00a0(<a href=\"https:\/\/optom.on.ca\/fall-prevention-how-an-optometrist-can-help-your-child\/\" target=\"_blank\" rel=\"noreferrer noopener\">Ontario Association of Optometrists <em>(en anglais seulement)<\/em>)\u00a0<\/a>comment un optom\u00e9triste peut d\u00e9tecter et g\u00e9rer les probl\u00e8mes oculaires qui peuvent augmenter le risque de chute chez votre enfant.<\/p>\n\n\n\n<p><em><a href=\"https:\/\/childsafetylink.ca\/french-resources\/\" target=\"_blank\" rel=\"noreferrer noopener\">Child Safety Link\u00a0<\/a><\/em>est un programme de pr\u00e9vention des blessures du centre de sant\u00e9 de l\u2019h\u00f4pital Izaak Walton Killam (IWK) qui vise \u00e0 r\u00e9duire l\u2019incidence et la gravit\u00e9 des blessures non intentionnelles chez les enfants et les jeunes des provinces maritimes canadiennes. Il n\u2019existe pas de ressources similaires en Ontario, mais certains aidants naturels pourront peut-\u00eatre y trouver quelques informations utiles.<\/p>\n\n\n\n<h2 class=\"wp-block-heading\">Rapports<\/h2>\n\n\n\n<p><a href=\"http:\/\/www.hqontario.ca\/portals\/0\/Documents\/qi\/rf-change-package-falls-fr.pdf\" target=\"_blank\" rel=\"noreferrer noopener\"><strong>Feuille de route pour l\u2019am\u00e9lioration de la qualit\u00e9 Pr\u00e9venir les chutes<\/strong><\/a>, une initiative de&nbsp;<a href=\"https:\/\/www.hqontario.ca\/\" target=\"_blank\" rel=\"noreferrer noopener\"><strong>Qualit\u00e9 des services de sant\u00e9 Ontario<\/strong><\/a>.<\/p>\n\n\n\n<p><a href=\"https:\/\/www.canada.ca\/content\/dam\/phac-aspc\/migration\/phac-aspc\/seniors-aines\/publications\/public\/injury-blessure\/seniors_falls-chutes_aines\/assets\/pdf\/seniors_falls-chutes_aines-fra.pdf\" target=\"_blank\" rel=\"noreferrer noopener\"><strong>Chutes chez les a\u00een\u00e9s au Canada&nbsp;: deuxi\u00e8me rapport<\/strong><\/a>, de l\u2019Agence de la sant\u00e9 publique du Canada.<\/p>\n\n\n\n<p><a href=\"https:\/\/www.patientsafetyinstitute.ca\/fr\/toolsresources\/pages\/preventing-falls---from-evidence-to-improvement.aspx\" target=\"_blank\" rel=\"noreferrer noopener\"><strong>Pr\u00e9vention des chutes&nbsp;: des donn\u00e9es probantes \u00e0 l\u2019am\u00e9lioration de soins de sant\u00e9 au Canada<\/strong><\/a>, une collaboration de&nbsp;<a href=\"https:\/\/accreditation.ca\/ca-fr\/?acref=self\" target=\"_blank\" rel=\"noreferrer noopener\"><strong>Accreditation Canada<\/strong><\/a>, de l\u2019<a href=\"https:\/\/www.cihi.ca\/fr\" target=\"_blank\" rel=\"noreferrer noopener\"><strong>Institut canadien d\u2019informations sur la sant\u00e9<\/strong><\/a>&nbsp;et de l\u2019<strong><a href=\"https:\/\/www.patientsafetyinstitute.ca\/fr\/pages\/default.aspx\" target=\"_blank\" rel=\"noreferrer noopener\">Institut canadien pour la s\u00e9curit\u00e9 des patients.<\/a><\/strong><\/p>\n\n\n\n<p><a href=\"https:\/\/bmcgeriatr.biomedcentral.com\/articles\/10.1186\/s12877-019-1399-1\" target=\"_blank\" rel=\"noreferrer noopener\"><strong>Risk of falls and fear of falling in older adults residing in public housing in Ontario, Canada: findings from a multisite observational study<\/strong><\/a>&nbsp;(<em>Risque de chute et peur de tomber chez les personnes \u00e2g\u00e9es r\u00e9sidant dans des logements publics en Ontario, Canada&nbsp;: conclusions d\u2019une \u00e9tude d\u2019observation multisite, disponible en anglais seulement<\/em>) par BMC Geriatrics.<\/p>\n\n\n\n<h2 class=\"wp-block-heading\">Ressources<\/h2>\n\n\n\n<p>Le Regional Geriatric Program of Toronto (<em>programme r\u00e9gional de g\u00e9riatrie de Toronto<\/em>) fournit des outils fond\u00e9s sur des donn\u00e9es probantes aux personnes \u00e2g\u00e9es et aux personnes aidantes naturelles. <a href=\"https:\/\/www.rgptoronto.ca\/resources\/resources-for-older-adults-and-caregivers\/\" target=\"_blank\" rel=\"noreferrer noopener\">T\u00e9l\u00e9chargez leurs ressources<\/a> <em>(disponibles en anglais seulement)<\/em> portant sur la fa\u00e7on de prendre soin d\u2019une personne \u00e2g\u00e9e fragile.<\/p>\n\n\n\n<p>L\u2019Association des infirmi\u00e8res et infirmiers autoris\u00e9s de l\u2019Ontario a \u00e9labor\u00e9 la quatri\u00e8me \u00e9dition de <a href=\"https:\/\/rnao.ca\/sites\/rnao-ca\/files\/bpg\/FALL_PREVENTION_WEB_1207-17.pdf\" target=\"_blank\" rel=\"noreferrer noopener\">Preventing Falls and Reducing Injury from Fall<\/a> (Pr\u00e9venir les chutes et r\u00e9duire les blessures caus\u00e9es par les chutes<em>, disponible an anglais seulement<\/em>), un document \u00e9tablissant une ligne directrice qui d\u00e9crit des approches fond\u00e9es sur des donn\u00e9es probantes pour pr\u00e9venir les chutes et r\u00e9duire les blessures caus\u00e9es par les chutes chez les adultes.<\/p>\n","protected":false},"excerpt":{"rendered":"<p>Pr\u00e9venir les chutes et s\u2019occuper d\u2019une personne qui risque de tomber Si, comme personne aidante naturelle, vous vous occupez d\u2019un jeune enfant, d\u2019une personne..<\/p>\n","protected":false},"author":7,"featured_media":10333,"parent":12219,"menu_order":0,"comment_status":"closed","ping_status":"closed","template":"","meta":{"_acf_changed":false,"_relevanssi_hide_post":"","_relevanssi_hide_content":"","_relevanssi_pin_for_all":"","_relevanssi_pin_keywords":"","_relevanssi_unpin_keywords":"","_relevanssi_related_keywords":"","_relevanssi_related_include_ids":"","_relevanssi_related_exclude_ids":"","_relevanssi_related_no_append":"","_relevanssi_related_not_related":"","_relevanssi_related_posts":"","_relevanssi_noindex_reason":"","_price":"","_stock":"","_tribe_ticket_header":"","_tribe_default_ticket_provider":"","_tribe_ticket_capacity":"0","_ticket_start_date":"","_ticket_end_date":"","_tribe_ticket_show_description":"","_tribe_ticket_show_not_going":false,"_tribe_ticket_use_global_stock":"","_tribe_ticket_global_stock_level":"","_global_stock_mode":"","_global_stock_cap":"","_tribe_rsvp_for_event":"","_tribe_ticket_going_count":"","_tribe_ticket_not_going_count":"","_tribe_tickets_list":[],"_tribe_ticket_has_attendee_info_fields":false,"footnotes":""},"class_list":["post-7413","page","type-page","status-publish","has-post-thumbnail","hentry"],"acf":[],"yoast_head":"<!-- This site is optimized with the Yoast SEO plugin v25.8 - https:\/\/yoast.com\/wordpress\/plugins\/seo\/ -->\n<title>Pr\u00e9venir les chutes et s&#039;occuper d&#039;une personne qui risque de tomber - Organisme de soutien aux aidants naturels de l\u2019Ontario<\/title>\n<meta name=\"robots\" content=\"noindex, follow, max-snippet:-1, max-image-preview:large, max-video-preview:-1\" \/>\n<meta property=\"og:locale\" content=\"fr_FR\" \/>\n<meta property=\"og:type\" content=\"article\" \/>\n<meta property=\"og:title\" content=\"Pr\u00e9venir les chutes et s&#039;occuper d&#039;une personne qui risque de tomber - Organisme de soutien aux aidants naturels de l\u2019Ontario\" \/>\n<meta property=\"og:description\" content=\"Pr\u00e9venir les chutes et s\u2019occuper d\u2019une personne qui risque de tomber Si, comme personne aidante naturelle, vous vous occupez d\u2019un jeune enfant, d\u2019une personne..\" \/>\n<meta property=\"og:url\" content=\"https:\/\/archive.ontariocaregiver.ca\/fr\/pour-aidants-naturels\/prestations-de-soins\/prevenir-les-chutes-et-soccuper-dune-personne-qui-risque-de-tomber\/\" \/>\n<meta property=\"og:site_name\" content=\"Organisme de soutien aux aidants naturels de l\u2019Ontario\" \/>\n<meta property=\"article:modified_time\" content=\"2021-12-07T21:29:21+00:00\" \/>\n<meta property=\"og:image\" content=\"https:\/\/ontariocaregiver.ca\/wp-content\/uploads\/2021\/05\/FallPrevention.jpg\" \/>\n\t<meta property=\"og:image:width\" content=\"1254\" \/>\n\t<meta property=\"og:image:height\" content=\"836\" \/>\n\t<meta property=\"og:image:type\" content=\"image\/jpeg\" \/>\n<meta name=\"twitter:card\" content=\"summary_large_image\" \/>\n<meta name=\"twitter:label1\" content=\"Dur\u00e9e de lecture estim\u00e9e\" \/>\n\t<meta name=\"twitter:data1\" content=\"6 minutes\" \/>\n<script type=\"application\/ld+json\" class=\"yoast-schema-graph\">{\"@context\":\"https:\/\/schema.org\",\"@graph\":[{\"@type\":\"WebPage\",\"@id\":\"https:\/\/archive.ontariocaregiver.ca\/fr\/pour-aidants-naturels\/prestations-de-soins\/prevenir-les-chutes-et-soccuper-dune-personne-qui-risque-de-tomber\/\",\"url\":\"https:\/\/archive.ontariocaregiver.ca\/fr\/pour-aidants-naturels\/prestations-de-soins\/prevenir-les-chutes-et-soccuper-dune-personne-qui-risque-de-tomber\/\",\"name\":\"Pr\u00e9venir les chutes et s'occuper d'une personne qui risque de tomber - Organisme de soutien aux aidants naturels de l\u2019Ontario\",\"isPartOf\":{\"@id\":\"https:\/\/archive.ontariocaregiver.ca\/fr\/#website\"},\"primaryImageOfPage\":{\"@id\":\"https:\/\/archive.ontariocaregiver.ca\/fr\/pour-aidants-naturels\/prestations-de-soins\/prevenir-les-chutes-et-soccuper-dune-personne-qui-risque-de-tomber\/#primaryimage\"},\"image\":{\"@id\":\"https:\/\/archive.ontariocaregiver.ca\/fr\/pour-aidants-naturels\/prestations-de-soins\/prevenir-les-chutes-et-soccuper-dune-personne-qui-risque-de-tomber\/#primaryimage\"},\"thumbnailUrl\":\"https:\/\/ontariocaregiver.ca\/wp-content\/uploads\/2021\/05\/FallPrevention.jpg\",\"datePublished\":\"2020-11-26T21:49:02+00:00\",\"dateModified\":\"2021-12-07T21:29:21+00:00\",\"breadcrumb\":{\"@id\":\"https:\/\/archive.ontariocaregiver.ca\/fr\/pour-aidants-naturels\/prestations-de-soins\/prevenir-les-chutes-et-soccuper-dune-personne-qui-risque-de-tomber\/#breadcrumb\"},\"inLanguage\":\"fr-FR\",\"potentialAction\":[{\"@type\":\"ReadAction\",\"target\":[\"https:\/\/archive.ontariocaregiver.ca\/fr\/pour-aidants-naturels\/prestations-de-soins\/prevenir-les-chutes-et-soccuper-dune-personne-qui-risque-de-tomber\/\"]}]},{\"@type\":\"ImageObject\",\"inLanguage\":\"fr-FR\",\"@id\":\"https:\/\/archive.ontariocaregiver.ca\/fr\/pour-aidants-naturels\/prestations-de-soins\/prevenir-les-chutes-et-soccuper-dune-personne-qui-risque-de-tomber\/#primaryimage\",\"url\":\"https:\/\/ontariocaregiver.ca\/wp-content\/uploads\/2021\/05\/FallPrevention.jpg\",\"contentUrl\":\"https:\/\/ontariocaregiver.ca\/wp-content\/uploads\/2021\/05\/FallPrevention.jpg\",\"width\":1254,\"height\":836,\"caption\":\"Blogue pr\u00e9vention de chutes\"},{\"@type\":\"BreadcrumbList\",\"@id\":\"https:\/\/archive.ontariocaregiver.ca\/fr\/pour-aidants-naturels\/prestations-de-soins\/prevenir-les-chutes-et-soccuper-dune-personne-qui-risque-de-tomber\/#breadcrumb\",\"itemListElement\":[{\"@type\":\"ListItem\",\"position\":1,\"name\":\"Page principale\",\"item\":\"https:\/\/archive.ontariocaregiver.ca\/fr\/\"},{\"@type\":\"ListItem\",\"position\":2,\"name\":\"Soutien pour personnes aidantes naturelles\",\"item\":\"https:\/\/archive.ontariocaregiver.ca\/fr\/pour-aidants-naturels\/\"},{\"@type\":\"ListItem\",\"position\":3,\"name\":\"Prestations de soins\",\"item\":\"https:\/\/archive.ontariocaregiver.ca\/fr\/for-caregivers\/health-conditions\/\"},{\"@type\":\"ListItem\",\"position\":4,\"name\":\"Pr\u00e9venir les chutes et s&#8217;occuper d&#8217;une personne qui risque de tomber\"}]},{\"@type\":\"WebSite\",\"@id\":\"https:\/\/archive.ontariocaregiver.ca\/fr\/#website\",\"url\":\"https:\/\/archive.ontariocaregiver.ca\/fr\/\",\"name\":\"Organisme de soutien aux aidants naturels de l\u2019Ontario\",\"description\":\"\",\"potentialAction\":[{\"@type\":\"SearchAction\",\"target\":{\"@type\":\"EntryPoint\",\"urlTemplate\":\"https:\/\/archive.ontariocaregiver.ca\/fr\/?s={search_term_string}\"},\"query-input\":{\"@type\":\"PropertyValueSpecification\",\"valueRequired\":true,\"valueName\":\"search_term_string\"}}],\"inLanguage\":\"fr-FR\"}]}<\/script>\n<!-- \/ Yoast SEO plugin. -->","yoast_head_json":{"title":"Pr\u00e9venir les chutes et s'occuper d'une personne qui risque de tomber - Organisme de soutien aux aidants naturels de l\u2019Ontario","robots":{"index":"noindex","follow":"follow","max-snippet":"max-snippet:-1","max-image-preview":"max-image-preview:large","max-video-preview":"max-video-preview:-1"},"og_locale":"fr_FR","og_type":"article","og_title":"Pr\u00e9venir les chutes et s'occuper d'une personne qui risque de tomber - Organisme de soutien aux aidants naturels de l\u2019Ontario","og_description":"Pr\u00e9venir les chutes et s\u2019occuper d\u2019une personne qui risque de tomber Si, comme personne aidante naturelle, vous vous occupez d\u2019un jeune enfant, d\u2019une personne..","og_url":"https:\/\/archive.ontariocaregiver.ca\/fr\/pour-aidants-naturels\/prestations-de-soins\/prevenir-les-chutes-et-soccuper-dune-personne-qui-risque-de-tomber\/","og_site_name":"Organisme de soutien aux aidants naturels de l\u2019Ontario","article_modified_time":"2021-12-07T21:29:21+00:00","og_image":[{"width":1254,"height":836,"url":"https:\/\/ontariocaregiver.ca\/wp-content\/uploads\/2021\/05\/FallPrevention.jpg","type":"image\/jpeg"}],"twitter_card":"summary_large_image","twitter_misc":{"Dur\u00e9e de lecture estim\u00e9e":"6 minutes"},"schema":{"@context":"https:\/\/schema.org","@graph":[{"@type":"WebPage","@id":"https:\/\/archive.ontariocaregiver.ca\/fr\/pour-aidants-naturels\/prestations-de-soins\/prevenir-les-chutes-et-soccuper-dune-personne-qui-risque-de-tomber\/","url":"https:\/\/archive.ontariocaregiver.ca\/fr\/pour-aidants-naturels\/prestations-de-soins\/prevenir-les-chutes-et-soccuper-dune-personne-qui-risque-de-tomber\/","name":"Pr\u00e9venir les chutes et s'occuper d'une personne qui risque de tomber - Organisme de soutien aux aidants naturels de l\u2019Ontario","isPartOf":{"@id":"https:\/\/archive.ontariocaregiver.ca\/fr\/#website"},"primaryImageOfPage":{"@id":"https:\/\/archive.ontariocaregiver.ca\/fr\/pour-aidants-naturels\/prestations-de-soins\/prevenir-les-chutes-et-soccuper-dune-personne-qui-risque-de-tomber\/#primaryimage"},"image":{"@id":"https:\/\/archive.ontariocaregiver.ca\/fr\/pour-aidants-naturels\/prestations-de-soins\/prevenir-les-chutes-et-soccuper-dune-personne-qui-risque-de-tomber\/#primaryimage"},"thumbnailUrl":"https:\/\/ontariocaregiver.ca\/wp-content\/uploads\/2021\/05\/FallPrevention.jpg","datePublished":"2020-11-26T21:49:02+00:00","dateModified":"2021-12-07T21:29:21+00:00","breadcrumb":{"@id":"https:\/\/archive.ontariocaregiver.ca\/fr\/pour-aidants-naturels\/prestations-de-soins\/prevenir-les-chutes-et-soccuper-dune-personne-qui-risque-de-tomber\/#breadcrumb"},"inLanguage":"fr-FR","potentialAction":[{"@type":"ReadAction","target":["https:\/\/archive.ontariocaregiver.ca\/fr\/pour-aidants-naturels\/prestations-de-soins\/prevenir-les-chutes-et-soccuper-dune-personne-qui-risque-de-tomber\/"]}]},{"@type":"ImageObject","inLanguage":"fr-FR","@id":"https:\/\/archive.ontariocaregiver.ca\/fr\/pour-aidants-naturels\/prestations-de-soins\/prevenir-les-chutes-et-soccuper-dune-personne-qui-risque-de-tomber\/#primaryimage","url":"https:\/\/ontariocaregiver.ca\/wp-content\/uploads\/2021\/05\/FallPrevention.jpg","contentUrl":"https:\/\/ontariocaregiver.ca\/wp-content\/uploads\/2021\/05\/FallPrevention.jpg","width":1254,"height":836,"caption":"Blogue pr\u00e9vention de chutes"},{"@type":"BreadcrumbList","@id":"https:\/\/archive.ontariocaregiver.ca\/fr\/pour-aidants-naturels\/prestations-de-soins\/prevenir-les-chutes-et-soccuper-dune-personne-qui-risque-de-tomber\/#breadcrumb","itemListElement":[{"@type":"ListItem","position":1,"name":"Page principale","item":"https:\/\/archive.ontariocaregiver.ca\/fr\/"},{"@type":"ListItem","position":2,"name":"Soutien pour personnes aidantes naturelles","item":"https:\/\/archive.ontariocaregiver.ca\/fr\/pour-aidants-naturels\/"},{"@type":"ListItem","position":3,"name":"Prestations de soins","item":"https:\/\/archive.ontariocaregiver.ca\/fr\/for-caregivers\/health-conditions\/"},{"@type":"ListItem","position":4,"name":"Pr\u00e9venir les chutes et s&#8217;occuper d&#8217;une personne qui risque de tomber"}]},{"@type":"WebSite","@id":"https:\/\/archive.ontariocaregiver.ca\/fr\/#website","url":"https:\/\/archive.ontariocaregiver.ca\/fr\/","name":"Organisme de soutien aux aidants naturels de l\u2019Ontario","description":"","potentialAction":[{"@type":"SearchAction","target":{"@type":"EntryPoint","urlTemplate":"https:\/\/archive.ontariocaregiver.ca\/fr\/?s={search_term_string}"},"query-input":{"@type":"PropertyValueSpecification","valueRequired":true,"valueName":"search_term_string"}}],"inLanguage":"fr-FR"}]}},"ticketed":false,"_links":{"self":[{"href":"https:\/\/archive.ontariocaregiver.ca\/fr\/wp-json\/wp\/v2\/pages\/7413","targetHints":{"allow":["GET"]}}],"collection":[{"href":"https:\/\/archive.ontariocaregiver.ca\/fr\/wp-json\/wp\/v2\/pages"}],"about":[{"href":"https:\/\/archive.ontariocaregiver.ca\/fr\/wp-json\/wp\/v2\/types\/page"}],"author":[{"embeddable":true,"href":"https:\/\/archive.ontariocaregiver.ca\/fr\/wp-json\/wp\/v2\/users\/7"}],"replies":[{"embeddable":true,"href":"https:\/\/archive.ontariocaregiver.ca\/fr\/wp-json\/wp\/v2\/comments?post=7413"}],"version-history":[{"count":2,"href":"https:\/\/archive.ontariocaregiver.ca\/fr\/wp-json\/wp\/v2\/pages\/7413\/revisions"}],"predecessor-version":[{"id":13658,"href":"https:\/\/archive.ontariocaregiver.ca\/fr\/wp-json\/wp\/v2\/pages\/7413\/revisions\/13658"}],"up":[{"embeddable":true,"href":"https:\/\/archive.ontariocaregiver.ca\/fr\/wp-json\/wp\/v2\/pages\/12219"}],"wp:featuredmedia":[{"embeddable":true,"href":"https:\/\/archive.ontariocaregiver.ca\/fr\/wp-json\/wp\/v2\/media\/10333"}],"wp:attachment":[{"href":"https:\/\/archive.ontariocaregiver.ca\/fr\/wp-json\/wp\/v2\/media?parent=7413"}],"curies":[{"name":"wp","href":"https:\/\/api.w.org\/{rel}","templated":true}]}}