{"id":726,"date":"2019-10-17T09:59:41","date_gmt":"2019-10-17T13:59:41","guid":{"rendered":"http:\/\/localhost\/ontariocaregiver.ca\/strategic-plan\/"},"modified":"2020-07-28T16:25:01","modified_gmt":"2020-07-28T20:25:01","slug":"plan-strategique","status":"publish","type":"page","link":"https:\/\/archive.ontariocaregiver.ca\/fr\/a-propos-de-losano\/plan-strategique\/","title":{"rendered":"Plan strat\u00e9gique"},"content":{"rendered":"<p>Notre <a href=\"https:\/\/archive.ontariocaregiver.ca\/en\/resourcesGeneral\/STRATEGIC-PLAN\/On-Caregiver-Org-Strat-plan-French.pdf\">Plan strat\u00e9gique&nbsp;2018-2021<\/a> est notre feuille de route pour l\u2019avenir. Il refl\u00e8te les consultations qui ont \u00e9t\u00e9 men\u00e9es aupr\u00e8s de centaines d\u2019aidants naturels et de prestataires de soins pour \u00e9tablir le <a href=\"https:\/\/www.ontario.ca\/fr\/document\/rapport-elargissement-des-services-de-soutien-aux-personnes-soignantes-en-ontario\">rapport&nbsp;BEED<\/a>, et il s\u2019appuie sur les travaux de la fondation <a href=\"https:\/\/www.changefoundation.ca\/category\/family-caregivers\/\">The Change Foundation<\/a>.<\/p>\n<p>Nos priorit\u00e9s strat\u00e9giques sont les suivantes&nbsp;:<\/p>\n<ul>\n<li><strong>Am\u00e9liorer l\u2019acc\u00e8s<\/strong> des aidants naturels aux ressources en r\u00e9duisant le cloisonnement, en comblant les lacunes et en faisant conna\u00eetre les r\u00e9ussites.&nbsp;Cr\u00e9er, coordonner et mettre en valeur les ressources initiales faciles \u00e0 utiliser pour les aidants naturels et les organismes.<\/li>\n<li><strong>Cr\u00e9er ensemble des solutions<\/strong> pour les aidants naturels en travaillant avec des r\u00e9seaux d\u2019individus, d\u2019organisations et de groupes consultatifs.&nbsp;\u00c9tablir des relations avec des organismes et des aidants naturels afin de b\u00e2tir des r\u00e9seaux de contributeurs qui travailleront \u00e0 informer, guider et am\u00e9liorer les services et soutiens destin\u00e9s aux aidants naturels.<\/li>\n<li><strong>Encourager l\u2019innovation et d\u00e9velopper les programmes existants.<\/strong>S\u2019associer avec les organismes et des programmes existants pour trouver rapidement des solutions durables et efficaces en vue de r\u00e9pondre aux besoins des aidants naturels de l\u2019Ontario.<\/li>\n<li><strong>Faire davantage conna\u00eetre<\/strong> le r\u00f4le des aidants naturels dans nos collectivit\u00e9s.&nbsp;Sensibiliser les aidants naturels et la population ontarienne au r\u00f4le et \u00e0 l\u2019importance de la prestation des soins en Ontario.<\/li>\n<li><strong>Comprendre<\/strong> les aidants naturels de l\u2019Ontario et leurs besoins.&nbsp;Mener des recherches sur les aidants naturels de l\u2019Ontario afin de comprendre leurs diff\u00e9rents profils et leurs besoins particuliers, et d\u2019adapter les programmes et les services en cons\u00e9quence.<\/li>\n<li><strong>S\u2019associer au gouvernement<\/strong> pour donner la parole aux aidants naturels de l\u2019Ontario.&nbsp;Collaborer avec le gouvernement pour faire participer les aidants naturels \u00e0 la d\u00e9finition et \u00e0 la promotion des priorit\u00e9s du gouvernement.<\/li>\n<\/ul>\n","protected":false},"excerpt":{"rendered":"<p>Notre Plan strat\u00e9gique&nbsp;2018-2021 est notre feuille de route pour l\u2019avenir. Il refl\u00e8te les consultations qui ont \u00e9t\u00e9 men\u00e9es aupr\u00e8s de centaines d\u2019aidants naturels et..<\/p>\n","protected":false},"author":1,"featured_media":0,"parent":822,"menu_order":0,"comment_status":"closed","ping_status":"closed","template":"","meta":{"_acf_changed":false,"_relevanssi_hide_post":"","_relevanssi_hide_content":"","_relevanssi_pin_for_all":"","_relevanssi_pin_keywords":"","_relevanssi_unpin_keywords":"","_relevanssi_related_keywords":"","_relevanssi_related_include_ids":"","_relevanssi_related_exclude_ids":"","_relevanssi_related_no_append":"","_relevanssi_related_not_related":"","_relevanssi_related_posts":"","_relevanssi_noindex_reason":"","_price":"","_stock":"","_tribe_ticket_header":"","_tribe_default_ticket_provider":"","_tribe_ticket_capacity":"0","_ticket_start_date":"","_ticket_end_date":"","_tribe_ticket_show_description":"","_tribe_ticket_show_not_going":false,"_tribe_ticket_use_global_stock":"","_tribe_ticket_global_stock_level":"","_global_stock_mode":"","_global_stock_cap":"","_tribe_rsvp_for_event":"","_tribe_ticket_going_count":"","_tribe_ticket_not_going_count":"","_tribe_tickets_list":[],"_tribe_ticket_has_attendee_info_fields":false,"footnotes":""},"class_list":["post-726","page","type-page","status-publish","hentry"],"acf":[],"yoast_head":"<!-- This site is optimized with the Yoast SEO plugin v25.8 - https:\/\/yoast.com\/wordpress\/plugins\/seo\/ -->\n<title>Plan strat\u00e9gique - Organisme de soutien aux aidants naturels de l\u2019Ontario<\/title>\n<meta name=\"robots\" content=\"noindex, follow, max-snippet:-1, max-image-preview:large, max-video-preview:-1\" \/>\n<meta property=\"og:locale\" content=\"fr_FR\" \/>\n<meta property=\"og:type\" content=\"article\" \/>\n<meta property=\"og:title\" content=\"Plan strat\u00e9gique - Organisme de soutien aux aidants naturels de l\u2019Ontario\" \/>\n<meta property=\"og:description\" content=\"Notre Plan strat\u00e9gique&nbsp;2018-2021 est notre feuille de route pour l\u2019avenir. Il refl\u00e8te les consultations qui ont \u00e9t\u00e9 men\u00e9es aupr\u00e8s de centaines d\u2019aidants naturels et..\" \/>\n<meta property=\"og:url\" content=\"https:\/\/archive.ontariocaregiver.ca\/fr\/a-propos-de-losano\/plan-strategique\/\" \/>\n<meta property=\"og:site_name\" content=\"Organisme de soutien aux aidants naturels de l\u2019Ontario\" \/>\n<meta property=\"article:modified_time\" content=\"2020-07-28T20:25:01+00:00\" \/>\n<meta name=\"twitter:card\" content=\"summary_large_image\" \/>\n<meta name=\"twitter:label1\" content=\"Dur\u00e9e de lecture estim\u00e9e\" \/>\n\t<meta name=\"twitter:data1\" content=\"2 minutes\" \/>\n<script type=\"application\/ld+json\" class=\"yoast-schema-graph\">{\"@context\":\"https:\/\/schema.org\",\"@graph\":[{\"@type\":\"WebPage\",\"@id\":\"https:\/\/archive.ontariocaregiver.ca\/fr\/a-propos-de-losano\/plan-strategique\/\",\"url\":\"https:\/\/archive.ontariocaregiver.ca\/fr\/a-propos-de-losano\/plan-strategique\/\",\"name\":\"Plan strat\u00e9gique - Organisme de soutien aux aidants naturels de l\u2019Ontario\",\"isPartOf\":{\"@id\":\"https:\/\/archive.ontariocaregiver.ca\/fr\/#website\"},\"datePublished\":\"2019-10-17T13:59:41+00:00\",\"dateModified\":\"2020-07-28T20:25:01+00:00\",\"breadcrumb\":{\"@id\":\"https:\/\/archive.ontariocaregiver.ca\/fr\/a-propos-de-losano\/plan-strategique\/#breadcrumb\"},\"inLanguage\":\"fr-FR\",\"potentialAction\":[{\"@type\":\"ReadAction\",\"target\":[\"https:\/\/archive.ontariocaregiver.ca\/fr\/a-propos-de-losano\/plan-strategique\/\"]}]},{\"@type\":\"BreadcrumbList\",\"@id\":\"https:\/\/archive.ontariocaregiver.ca\/fr\/a-propos-de-losano\/plan-strategique\/#breadcrumb\",\"itemListElement\":[{\"@type\":\"ListItem\",\"position\":1,\"name\":\"Page principale\",\"item\":\"https:\/\/archive.ontariocaregiver.ca\/fr\/\"},{\"@type\":\"ListItem\",\"position\":2,\"name\":\"\u00c0 propos de l\u2019OSANO\",\"item\":\"https:\/\/archive.ontariocaregiver.ca\/fr\/about-oco\/\"},{\"@type\":\"ListItem\",\"position\":3,\"name\":\"Plan strat\u00e9gique\"}]},{\"@type\":\"WebSite\",\"@id\":\"https:\/\/archive.ontariocaregiver.ca\/fr\/#website\",\"url\":\"https:\/\/archive.ontariocaregiver.ca\/fr\/\",\"name\":\"Organisme de soutien aux aidants naturels de l\u2019Ontario\",\"description\":\"\",\"potentialAction\":[{\"@type\":\"SearchAction\",\"target\":{\"@type\":\"EntryPoint\",\"urlTemplate\":\"https:\/\/archive.ontariocaregiver.ca\/fr\/?s={search_term_string}\"},\"query-input\":{\"@type\":\"PropertyValueSpecification\",\"valueRequired\":true,\"valueName\":\"search_term_string\"}}],\"inLanguage\":\"fr-FR\"}]}<\/script>\n<!-- \/ Yoast SEO plugin. -->","yoast_head_json":{"title":"Plan strat\u00e9gique - Organisme de soutien aux aidants naturels de l\u2019Ontario","robots":{"index":"noindex","follow":"follow","max-snippet":"max-snippet:-1","max-image-preview":"max-image-preview:large","max-video-preview":"max-video-preview:-1"},"og_locale":"fr_FR","og_type":"article","og_title":"Plan strat\u00e9gique - Organisme de soutien aux aidants naturels de l\u2019Ontario","og_description":"Notre Plan strat\u00e9gique&nbsp;2018-2021 est notre feuille de route pour l\u2019avenir. Il refl\u00e8te les consultations qui ont \u00e9t\u00e9 men\u00e9es aupr\u00e8s de centaines d\u2019aidants naturels et..","og_url":"https:\/\/archive.ontariocaregiver.ca\/fr\/a-propos-de-losano\/plan-strategique\/","og_site_name":"Organisme de soutien aux aidants naturels de l\u2019Ontario","article_modified_time":"2020-07-28T20:25:01+00:00","twitter_card":"summary_large_image","twitter_misc":{"Dur\u00e9e de lecture estim\u00e9e":"2 minutes"},"schema":{"@context":"https:\/\/schema.org","@graph":[{"@type":"WebPage","@id":"https:\/\/archive.ontariocaregiver.ca\/fr\/a-propos-de-losano\/plan-strategique\/","url":"https:\/\/archive.ontariocaregiver.ca\/fr\/a-propos-de-losano\/plan-strategique\/","name":"Plan strat\u00e9gique - Organisme de soutien aux aidants naturels de l\u2019Ontario","isPartOf":{"@id":"https:\/\/archive.ontariocaregiver.ca\/fr\/#website"},"datePublished":"2019-10-17T13:59:41+00:00","dateModified":"2020-07-28T20:25:01+00:00","breadcrumb":{"@id":"https:\/\/archive.ontariocaregiver.ca\/fr\/a-propos-de-losano\/plan-strategique\/#breadcrumb"},"inLanguage":"fr-FR","potentialAction":[{"@type":"ReadAction","target":["https:\/\/archive.ontariocaregiver.ca\/fr\/a-propos-de-losano\/plan-strategique\/"]}]},{"@type":"BreadcrumbList","@id":"https:\/\/archive.ontariocaregiver.ca\/fr\/a-propos-de-losano\/plan-strategique\/#breadcrumb","itemListElement":[{"@type":"ListItem","position":1,"name":"Page principale","item":"https:\/\/archive.ontariocaregiver.ca\/fr\/"},{"@type":"ListItem","position":2,"name":"\u00c0 propos de l\u2019OSANO","item":"https:\/\/archive.ontariocaregiver.ca\/fr\/about-oco\/"},{"@type":"ListItem","position":3,"name":"Plan strat\u00e9gique"}]},{"@type":"WebSite","@id":"https:\/\/archive.ontariocaregiver.ca\/fr\/#website","url":"https:\/\/archive.ontariocaregiver.ca\/fr\/","name":"Organisme de soutien aux aidants naturels de l\u2019Ontario","description":"","potentialAction":[{"@type":"SearchAction","target":{"@type":"EntryPoint","urlTemplate":"https:\/\/archive.ontariocaregiver.ca\/fr\/?s={search_term_string}"},"query-input":{"@type":"PropertyValueSpecification","valueRequired":true,"valueName":"search_term_string"}}],"inLanguage":"fr-FR"}]}},"ticketed":false,"_links":{"self":[{"href":"https:\/\/archive.ontariocaregiver.ca\/fr\/wp-json\/wp\/v2\/pages\/726","targetHints":{"allow":["GET"]}}],"collection":[{"href":"https:\/\/archive.ontariocaregiver.ca\/fr\/wp-json\/wp\/v2\/pages"}],"about":[{"href":"https:\/\/archive.ontariocaregiver.ca\/fr\/wp-json\/wp\/v2\/types\/page"}],"author":[{"embeddable":true,"href":"https:\/\/archive.ontariocaregiver.ca\/fr\/wp-json\/wp\/v2\/users\/1"}],"replies":[{"embeddable":true,"href":"https:\/\/archive.ontariocaregiver.ca\/fr\/wp-json\/wp\/v2\/comments?post=726"}],"version-history":[{"count":2,"href":"https:\/\/archive.ontariocaregiver.ca\/fr\/wp-json\/wp\/v2\/pages\/726\/revisions"}],"predecessor-version":[{"id":5579,"href":"https:\/\/archive.ontariocaregiver.ca\/fr\/wp-json\/wp\/v2\/pages\/726\/revisions\/5579"}],"up":[{"embeddable":true,"href":"https:\/\/archive.ontariocaregiver.ca\/fr\/wp-json\/wp\/v2\/pages\/822"}],"wp:attachment":[{"href":"https:\/\/archive.ontariocaregiver.ca\/fr\/wp-json\/wp\/v2\/media?parent=726"}],"curies":[{"name":"wp","href":"https:\/\/api.w.org\/{rel}","templated":true}]}}