{"id":723,"date":"2019-10-17T09:56:58","date_gmt":"2019-10-17T13:56:58","guid":{"rendered":"http:\/\/localhost\/ontariocaregiver.ca\/about-ontarios-caregivers\/"},"modified":"2023-05-11T10:42:30","modified_gmt":"2023-05-11T14:42:30","slug":"a-propos-des-aidants-naturels","status":"publish","type":"page","link":"https:\/\/archive.ontariocaregiver.ca\/fr\/a-propos-de-losano\/a-propos-des-aidants-naturels\/","title":{"rendered":"\u00c0 propos des aidants naturels de l\u2019Ontario"},"content":{"rendered":"\n<p>Beaucoup de choses ont chang\u00e9 depuis que nous avons publi\u00e9 le rapport Pleins feux de l\u2019ann\u00e9e derni\u00e8re. La plupart des Ontariens sont vaccin\u00e9s, les restrictions li\u00e9es \u00e0 la Covid-19 ont \u00e9t\u00e9 assouplies et de nombreux programmes et services ont rouvert leurs portes. Ce qui n\u2019a pas chang\u00e9, c\u2019est l\u2019impact de l\u2019aidance naturelle sur les personnes aidantes naturelles. Plusieurs d\u2019Ontariens luttent pour s\u2019en sortir physiquement et \u00e9motionnellement.<\/p>\n\n\n\n<p>Notre syst\u00e8me de soins de sant\u00e9 est en crise. Il y a moins d\u2019infirmiers et de pr\u00e9pos\u00e9s aux services de soutien \u00e0 la personne, ce qui accro\u00eet la pression sur les personnes aidantes naturelles pour qu\u2019elles prodiguent des soins qui, autrement, incomberaient \u00e0 un professionnel de la sant\u00e9. Alors que 66 % des personnes aidantes naturelles sont relativement nouvelles dans leur r\u00f4le (moins de trois ans), beaucoup se retrouvent au bord de l\u2019effondrement, se sentant impuissantes et \u00e9puis\u00e9es. En fait, 63 % d\u2019elles disent avoir atteint leur point de rupture au cours de l\u2019ann\u00e9e \u00e9coul\u00e9e, mais avoir quand m\u00eame d\u00fb continuer.<\/p>\n\n\n\n<p>Les personnes aidantes naturelles non r\u00e9mun\u00e9r\u00e9es ont de plus en plus besoin d&rsquo;aide et de soins; c&rsquo;est vital de mettre en lumi\u00e8re leurs besoins et ceux des patients dont ils s&rsquo;occupent.&nbsp;<\/p>\n\n\n\n<p><a href=\"https:\/\/ontariocaregiver.ca\/wp-content\/uploads\/2022\/12\/OCO-Spotlight-Report-French-Final.pdf\" target=\"_blank\" rel=\"noreferrer noopener\">Familiarisez-vous davantage<\/a>\u00a0\u00a0avec la situation des aidants naturels de l&rsquo;Ontario.<\/p>\n","protected":false},"excerpt":{"rendered":"<p>Beaucoup de choses ont chang\u00e9 depuis que nous avons publi\u00e9 le rapport Pleins feux de l\u2019ann\u00e9e derni\u00e8re. La plupart des Ontariens sont vaccin\u00e9s, les..<\/p>\n","protected":false},"author":1,"featured_media":12664,"parent":822,"menu_order":0,"comment_status":"closed","ping_status":"closed","template":"","meta":{"_acf_changed":false,"_relevanssi_hide_post":"","_relevanssi_hide_content":"","_relevanssi_pin_for_all":"","_relevanssi_pin_keywords":"","_relevanssi_unpin_keywords":"","_relevanssi_related_keywords":"","_relevanssi_related_include_ids":"","_relevanssi_related_exclude_ids":"","_relevanssi_related_no_append":"","_relevanssi_related_not_related":"","_relevanssi_related_posts":"13464,2001,7429,7899,5652,17516","_relevanssi_noindex_reason":"","_price":"","_stock":"","_tribe_ticket_header":"","_tribe_default_ticket_provider":"","_tribe_ticket_capacity":"0","_ticket_start_date":"","_ticket_end_date":"","_tribe_ticket_show_description":"","_tribe_ticket_show_not_going":false,"_tribe_ticket_use_global_stock":"","_tribe_ticket_global_stock_level":"","_global_stock_mode":"","_global_stock_cap":"","_tribe_rsvp_for_event":"","_tribe_ticket_going_count":"","_tribe_ticket_not_going_count":"","_tribe_tickets_list":[],"_tribe_ticket_has_attendee_info_fields":false,"footnotes":""},"class_list":["post-723","page","type-page","status-publish","has-post-thumbnail","hentry"],"acf":[],"yoast_head":"<!-- This site is optimized with the Yoast SEO plugin v25.8 - https:\/\/yoast.com\/wordpress\/plugins\/seo\/ -->\n<title>\u00c0 propos des aidants naturels de l\u2019Ontario - Organisme de soutien aux aidants naturels de l\u2019Ontario<\/title>\n<meta name=\"robots\" content=\"noindex, follow, max-snippet:-1, max-image-preview:large, max-video-preview:-1\" \/>\n<meta property=\"og:locale\" content=\"fr_FR\" \/>\n<meta property=\"og:type\" content=\"article\" \/>\n<meta property=\"og:title\" content=\"\u00c0 propos des aidants naturels de l\u2019Ontario - Organisme de soutien aux aidants naturels de l\u2019Ontario\" \/>\n<meta property=\"og:description\" content=\"Beaucoup de choses ont chang\u00e9 depuis que nous avons publi\u00e9 le rapport Pleins feux de l\u2019ann\u00e9e derni\u00e8re. La plupart des Ontariens sont vaccin\u00e9s, les..\" \/>\n<meta property=\"og:url\" content=\"https:\/\/archive.ontariocaregiver.ca\/fr\/a-propos-de-losano\/a-propos-des-aidants-naturels\/\" \/>\n<meta property=\"og:site_name\" content=\"Organisme de soutien aux aidants naturels de l\u2019Ontario\" \/>\n<meta property=\"article:modified_time\" content=\"2023-05-11T14:42:30+00:00\" \/>\n<meta property=\"og:image\" content=\"https:\/\/ontariocaregiver.ca\/wp-content\/uploads\/2021\/10\/iStock-960150966-1-1024x683.jpg\" \/>\n\t<meta property=\"og:image:width\" content=\"1024\" \/>\n\t<meta property=\"og:image:height\" content=\"683\" \/>\n\t<meta property=\"og:image:type\" content=\"image\/jpeg\" \/>\n<meta name=\"twitter:card\" content=\"summary_large_image\" \/>\n<meta name=\"twitter:label1\" content=\"Dur\u00e9e de lecture estim\u00e9e\" \/>\n\t<meta name=\"twitter:data1\" content=\"1 minute\" \/>\n<script type=\"application\/ld+json\" class=\"yoast-schema-graph\">{\"@context\":\"https:\/\/schema.org\",\"@graph\":[{\"@type\":\"WebPage\",\"@id\":\"https:\/\/archive.ontariocaregiver.ca\/fr\/a-propos-de-losano\/a-propos-des-aidants-naturels\/\",\"url\":\"https:\/\/archive.ontariocaregiver.ca\/fr\/a-propos-de-losano\/a-propos-des-aidants-naturels\/\",\"name\":\"\u00c0 propos des aidants naturels de l\u2019Ontario - Organisme de soutien aux aidants naturels de l\u2019Ontario\",\"isPartOf\":{\"@id\":\"https:\/\/archive.ontariocaregiver.ca\/fr\/#website\"},\"primaryImageOfPage\":{\"@id\":\"https:\/\/archive.ontariocaregiver.ca\/fr\/a-propos-de-losano\/a-propos-des-aidants-naturels\/#primaryimage\"},\"image\":{\"@id\":\"https:\/\/archive.ontariocaregiver.ca\/fr\/a-propos-de-losano\/a-propos-des-aidants-naturels\/#primaryimage\"},\"thumbnailUrl\":\"https:\/\/ontariocaregiver.ca\/wp-content\/uploads\/2021\/10\/iStock-960150966-1.jpg\",\"datePublished\":\"2019-10-17T13:56:58+00:00\",\"dateModified\":\"2023-05-11T14:42:30+00:00\",\"breadcrumb\":{\"@id\":\"https:\/\/archive.ontariocaregiver.ca\/fr\/a-propos-de-losano\/a-propos-des-aidants-naturels\/#breadcrumb\"},\"inLanguage\":\"fr-FR\",\"potentialAction\":[{\"@type\":\"ReadAction\",\"target\":[\"https:\/\/archive.ontariocaregiver.ca\/fr\/a-propos-de-losano\/a-propos-des-aidants-naturels\/\"]}]},{\"@type\":\"ImageObject\",\"inLanguage\":\"fr-FR\",\"@id\":\"https:\/\/archive.ontariocaregiver.ca\/fr\/a-propos-de-losano\/a-propos-des-aidants-naturels\/#primaryimage\",\"url\":\"https:\/\/ontariocaregiver.ca\/wp-content\/uploads\/2021\/10\/iStock-960150966-1.jpg\",\"contentUrl\":\"https:\/\/ontariocaregiver.ca\/wp-content\/uploads\/2021\/10\/iStock-960150966-1.jpg\",\"width\":2121,\"height\":1414,\"caption\":\"Une femme prend une marche \u00e0 l'ext\u00e9rieur avec sa grand-m\u00e8re en fauteuil roulant\"},{\"@type\":\"BreadcrumbList\",\"@id\":\"https:\/\/archive.ontariocaregiver.ca\/fr\/a-propos-de-losano\/a-propos-des-aidants-naturels\/#breadcrumb\",\"itemListElement\":[{\"@type\":\"ListItem\",\"position\":1,\"name\":\"Page principale\",\"item\":\"https:\/\/archive.ontariocaregiver.ca\/fr\/\"},{\"@type\":\"ListItem\",\"position\":2,\"name\":\"\u00c0 propos de l\u2019OSANO\",\"item\":\"https:\/\/archive.ontariocaregiver.ca\/fr\/about-oco\/\"},{\"@type\":\"ListItem\",\"position\":3,\"name\":\"\u00c0 propos des aidants naturels de l\u2019Ontario\"}]},{\"@type\":\"WebSite\",\"@id\":\"https:\/\/archive.ontariocaregiver.ca\/fr\/#website\",\"url\":\"https:\/\/archive.ontariocaregiver.ca\/fr\/\",\"name\":\"Organisme de soutien aux aidants naturels de l\u2019Ontario\",\"description\":\"\",\"potentialAction\":[{\"@type\":\"SearchAction\",\"target\":{\"@type\":\"EntryPoint\",\"urlTemplate\":\"https:\/\/archive.ontariocaregiver.ca\/fr\/?s={search_term_string}\"},\"query-input\":{\"@type\":\"PropertyValueSpecification\",\"valueRequired\":true,\"valueName\":\"search_term_string\"}}],\"inLanguage\":\"fr-FR\"}]}<\/script>\n<!-- \/ Yoast SEO plugin. -->","yoast_head_json":{"title":"\u00c0 propos des aidants naturels de l\u2019Ontario - Organisme de soutien aux aidants naturels de l\u2019Ontario","robots":{"index":"noindex","follow":"follow","max-snippet":"max-snippet:-1","max-image-preview":"max-image-preview:large","max-video-preview":"max-video-preview:-1"},"og_locale":"fr_FR","og_type":"article","og_title":"\u00c0 propos des aidants naturels de l\u2019Ontario - Organisme de soutien aux aidants naturels de l\u2019Ontario","og_description":"Beaucoup de choses ont chang\u00e9 depuis que nous avons publi\u00e9 le rapport Pleins feux de l\u2019ann\u00e9e derni\u00e8re. La plupart des Ontariens sont vaccin\u00e9s, les..","og_url":"https:\/\/archive.ontariocaregiver.ca\/fr\/a-propos-de-losano\/a-propos-des-aidants-naturels\/","og_site_name":"Organisme de soutien aux aidants naturels de l\u2019Ontario","article_modified_time":"2023-05-11T14:42:30+00:00","og_image":[{"width":1024,"height":683,"url":"https:\/\/ontariocaregiver.ca\/wp-content\/uploads\/2021\/10\/iStock-960150966-1-1024x683.jpg","type":"image\/jpeg"}],"twitter_card":"summary_large_image","twitter_misc":{"Dur\u00e9e de lecture estim\u00e9e":"1 minute"},"schema":{"@context":"https:\/\/schema.org","@graph":[{"@type":"WebPage","@id":"https:\/\/archive.ontariocaregiver.ca\/fr\/a-propos-de-losano\/a-propos-des-aidants-naturels\/","url":"https:\/\/archive.ontariocaregiver.ca\/fr\/a-propos-de-losano\/a-propos-des-aidants-naturels\/","name":"\u00c0 propos des aidants naturels de l\u2019Ontario - Organisme de soutien aux aidants naturels de l\u2019Ontario","isPartOf":{"@id":"https:\/\/archive.ontariocaregiver.ca\/fr\/#website"},"primaryImageOfPage":{"@id":"https:\/\/archive.ontariocaregiver.ca\/fr\/a-propos-de-losano\/a-propos-des-aidants-naturels\/#primaryimage"},"image":{"@id":"https:\/\/archive.ontariocaregiver.ca\/fr\/a-propos-de-losano\/a-propos-des-aidants-naturels\/#primaryimage"},"thumbnailUrl":"https:\/\/ontariocaregiver.ca\/wp-content\/uploads\/2021\/10\/iStock-960150966-1.jpg","datePublished":"2019-10-17T13:56:58+00:00","dateModified":"2023-05-11T14:42:30+00:00","breadcrumb":{"@id":"https:\/\/archive.ontariocaregiver.ca\/fr\/a-propos-de-losano\/a-propos-des-aidants-naturels\/#breadcrumb"},"inLanguage":"fr-FR","potentialAction":[{"@type":"ReadAction","target":["https:\/\/archive.ontariocaregiver.ca\/fr\/a-propos-de-losano\/a-propos-des-aidants-naturels\/"]}]},{"@type":"ImageObject","inLanguage":"fr-FR","@id":"https:\/\/archive.ontariocaregiver.ca\/fr\/a-propos-de-losano\/a-propos-des-aidants-naturels\/#primaryimage","url":"https:\/\/ontariocaregiver.ca\/wp-content\/uploads\/2021\/10\/iStock-960150966-1.jpg","contentUrl":"https:\/\/ontariocaregiver.ca\/wp-content\/uploads\/2021\/10\/iStock-960150966-1.jpg","width":2121,"height":1414,"caption":"Une femme prend une marche \u00e0 l'ext\u00e9rieur avec sa grand-m\u00e8re en fauteuil roulant"},{"@type":"BreadcrumbList","@id":"https:\/\/archive.ontariocaregiver.ca\/fr\/a-propos-de-losano\/a-propos-des-aidants-naturels\/#breadcrumb","itemListElement":[{"@type":"ListItem","position":1,"name":"Page principale","item":"https:\/\/archive.ontariocaregiver.ca\/fr\/"},{"@type":"ListItem","position":2,"name":"\u00c0 propos de l\u2019OSANO","item":"https:\/\/archive.ontariocaregiver.ca\/fr\/about-oco\/"},{"@type":"ListItem","position":3,"name":"\u00c0 propos des aidants naturels de l\u2019Ontario"}]},{"@type":"WebSite","@id":"https:\/\/archive.ontariocaregiver.ca\/fr\/#website","url":"https:\/\/archive.ontariocaregiver.ca\/fr\/","name":"Organisme de soutien aux aidants naturels de l\u2019Ontario","description":"","potentialAction":[{"@type":"SearchAction","target":{"@type":"EntryPoint","urlTemplate":"https:\/\/archive.ontariocaregiver.ca\/fr\/?s={search_term_string}"},"query-input":{"@type":"PropertyValueSpecification","valueRequired":true,"valueName":"search_term_string"}}],"inLanguage":"fr-FR"}]}},"ticketed":false,"_links":{"self":[{"href":"https:\/\/archive.ontariocaregiver.ca\/fr\/wp-json\/wp\/v2\/pages\/723","targetHints":{"allow":["GET"]}}],"collection":[{"href":"https:\/\/archive.ontariocaregiver.ca\/fr\/wp-json\/wp\/v2\/pages"}],"about":[{"href":"https:\/\/archive.ontariocaregiver.ca\/fr\/wp-json\/wp\/v2\/types\/page"}],"author":[{"embeddable":true,"href":"https:\/\/archive.ontariocaregiver.ca\/fr\/wp-json\/wp\/v2\/users\/1"}],"replies":[{"embeddable":true,"href":"https:\/\/archive.ontariocaregiver.ca\/fr\/wp-json\/wp\/v2\/comments?post=723"}],"version-history":[{"count":4,"href":"https:\/\/archive.ontariocaregiver.ca\/fr\/wp-json\/wp\/v2\/pages\/723\/revisions"}],"predecessor-version":[{"id":22473,"href":"https:\/\/archive.ontariocaregiver.ca\/fr\/wp-json\/wp\/v2\/pages\/723\/revisions\/22473"}],"up":[{"embeddable":true,"href":"https:\/\/archive.ontariocaregiver.ca\/fr\/wp-json\/wp\/v2\/pages\/822"}],"wp:featuredmedia":[{"embeddable":true,"href":"https:\/\/archive.ontariocaregiver.ca\/fr\/wp-json\/wp\/v2\/media\/12664"}],"wp:attachment":[{"href":"https:\/\/archive.ontariocaregiver.ca\/fr\/wp-json\/wp\/v2\/media?parent=723"}],"curies":[{"name":"wp","href":"https:\/\/api.w.org\/{rel}","templated":true}]}}