{"id":718,"date":"2019-09-18T10:40:38","date_gmt":"2019-09-18T14:40:38","guid":{"rendered":"http:\/\/localhost\/ontariocaregiver.ca\/mission\/"},"modified":"2023-07-24T15:50:11","modified_gmt":"2023-07-24T19:50:11","slug":"mission","status":"publish","type":"page","link":"https:\/\/archive.ontariocaregiver.ca\/fr\/a-propos-de-losano\/mission\/","title":{"rendered":"Mission"},"content":{"rendered":"\n<h2 class=\"wp-block-heading\">\u00c0 propos de l&rsquo;OSANO<\/h2>\n\n\n\n<p>Si vous soutenez une personne qui est dans le besoin et que vous vous sentez anxieux et d\u00e9bord\u00e9 par vos responsabilit\u00e9s d\u2019aidance naturelle, vous n&rsquo;avez pas \u00e0 y faire face en solitude. L\u2019Organisme de soutien aux aidants naturels de l\u2019Ontario (OSANO) a pour mission de soutenir les 4 millions de personnes aidantes naturelles \u00e0 travers l\u2019Ontario: des personnes ordinaires qui apportent un soutien physique et \u00e9motionnel \u00e0 un membre de leur famille, un conjoint, un ami ou un voisin. Nous soutenons les aidants en \u00e9tant leur guichet unique d\u2019acc\u00e8s \u00e0 l\u2019information, afin qu\u2019ils aient ce dont ils ont besoin pour r\u00e9ussir dans leur r\u00f4le.<\/p>\n\n\n<div id=\"accordion-content-block_ca3e29754c69e439fffe83002350a035\" class=\"accordion-wrapper \">\n    <ul class=\"accordion\" data-accordion data-multi-expand=\"true\"  data-allow-all-closed=\"true\" data-deep-link=\"true\" data-update-history=\"true\">\n                <li class=\"accordion-item\" data-accordion-item>\n            <a href=\"#notre-approche\" class=\"accordion-title\">Notre approche<\/a>\n            <div class=\"accordion-content\" data-tab-content id=\"notre-approche\">\n                <p>En collaboration avec les personnes aidantes naturelles, les prestataires de soins de sant\u00e9 et autres organisations, l\u2019OSANO s\u2019appuie sur la diversit\u00e9 des travaux en cours pour att\u00e9nuer l\u2019\u00e9puisement des aidants et am\u00e9liorer l\u2019exp\u00e9rience des soins. Nous trouvons des moyens de rendre les services existants plus disponibles afin que tous les aidants naturels, quels que soient leur \u00e2ge, leur maladie, leur diagnostic ou leur lieu de r\u00e9sidence, puissent avoir acc\u00e8s \u00e0 du soutien. Lorsqu\u2019il existe des lacunes, nous travaillons avec les aidants naturels et des partenaires aux objectifs similaires pour trouver des moyens nouveaux et cr\u00e9atifs de les combler.<\/p>\n            <\/div>\n        <\/li>\n                <li class=\"accordion-item\" data-accordion-item>\n            <a href=\"#collaboration\" class=\"accordion-title\">Collaboration avec les personnes aidantes naturelles<\/a>\n            <div class=\"accordion-content\" data-tab-content id=\"collaboration\">\n                <p>L\u2019Organisme de soutien aux aidants naturels de l\u2019Ontario (OSANO) s\u2019inspire des aidants naturels, de leurs histoires et de leurs exp\u00e9riences uniques, et nous mettons \u00e0 profit la parole des aidants naturels pour alimenter notre travail. Nous nous engageons activement par l&rsquo;entremise de nos groupes de travail d\u2019aidants naturels sur la sant\u00e9 mentale, les aidants naturels exp\u00e9riment\u00e9s et jeunes aidants naturels, et notre Comit\u00e9 consultatif d&rsquo;aidants naturels, et nous nous inspirons des exp\u00e9riences v\u00e9cues par un large \u00e9ventail d\u2019aidants naturels pour concevoir et co-cr\u00e9er des programmes, des services et des ressources \u00e9ducatives afin de r\u00e9pondre au mieux aux d\u00e9fis uniques des aidants naturels de l\u2019Ontario. La co-conception et la co-cr\u00e9ation de programmes efficaces avec les aidants naturels sont la pierre angulaire de notre approche du service et de la r\u00e9alisation de la mission de l\u2019OSANO.<\/p>\n<p>Cr\u00e9\u00e9 au printemps 2018, l&rsquo;OCO est un organisme de bienfaisance financ\u00e9 par le minist\u00e8re de la Sant\u00e9.<\/p>\n            <\/div>\n        <\/li>\n                <li class=\"accordion-item\" data-accordion-item>\n            <a href=\"#terres\" class=\"accordion-title\">Reconnaissance des terres<\/a>\n            <div class=\"accordion-content\" data-tab-content id=\"terres\">\n                <p>L&rsquo;OSANO exerce ses activit\u00e9s en rendant hommage aux peuples autochtones de tous les territoires sur lesquels nous nous trouvons aujourd\u2019hui. Ces territoires h\u00e9bergent de nombreux membres des Premi\u00e8res Nations, des M\u00e9tis et des Inuits, et cette reconnaissance nous rappelle que notre excellent niveau de vie est directement li\u00e9 aux ressources et \u00e0 l&rsquo;amiti\u00e9 des peuples autochtones.<br \/>\nLes membres de notre \u00e9quipe se familiarisent avec les territoires o\u00f9 ils travaillent, explorent les fa\u00e7ons d&rsquo;\u00eatre des alli\u00e9s utiles et d\u00e9terminent comment appuyer les recommandations de la Commission de v\u00e9rit\u00e9 et de r\u00e9conciliation. Ils le font pour r\u00e9affirmer leur engagement et leur responsabilit\u00e9 envers l&rsquo;am\u00e9lioration des relations entre les nations et envers une meilleure compr\u00e9hension des peuples autochtones locaux et de leur culture.<br \/>\nPendant que nous communiquons au moyen de plateformes virtuelles, nous vous invitons \u00e0 r\u00e9fl\u00e9chir au territoire que vous habitez; si le concept de la reconnaissance des territoires ne vous est pas familier, vous pouvez utiliser cette <a href=\"https:\/\/native-land.ca\/?lang=fr\" target=\"_blank\" rel=\"noopener\">carte interactive<\/a> pour d\u00e9terminer le territoire traditionnel qu&rsquo;occupe une ville ou une municipalit\u00e9 donn\u00e9e.<\/p>\n            <\/div>\n        <\/li>\n                <li class=\"accordion-item\" data-accordion-item>\n            <a href=\"#id\u00e9a-d\u00e9claration\" class=\"accordion-title\">D\u00e9claration relative \u00e0 l\u2019inclusion, la diversit\u00e9, l\u2019\u00e9quit\u00e9, et l\u2019acc\u00e8s (ID\u00c9A)<\/a>\n            <div class=\"accordion-content\" data-tab-content id=\"id\u00e9a-d\u00e9claration\">\n                <p>L\u2019Organisme de soutien aux aidants naturels de l\u2019Ontario (OSANO) reconna\u00eet la valeur inh\u00e9rente de chaque personne ainsi que toutes nos diff\u00e9rences, y compris l\u2019\u00e2ge, l\u2019ascendance, le handicap, l\u2019expression sexuelle, l\u2019identit\u00e9 sexuelle, la race, la religion et l\u2019orientation sexuelle. L\u2019OSANO s\u2019engage \u00e9galement \u00e0 reconna\u00eetre les \u00ab\u2009droits, le respect, la confiance, la coop\u00e9ration et le partenariat avec les Premi\u00e8res Nations, les Inuits et les M\u00e9tis\u2009\u00bb et \u00e0 d\u00e9fendre \u00ab\u2009l\u2019inclusion, la diversit\u00e9, l\u2019\u00e9galit\u00e9, l\u2019\u00e9quit\u00e9 et l\u2019accessibilit\u00e9 dans les environnements d\u2019apprentissage, de travail et de service\u2009\u00bb*.<\/p>\n<p>*Remarque\u00a0<em>: L\u2019OSANO remercie le<\/em> <em>University Health Network (UHN) pour sa d\u00e9claration relative \u00e0 la diversit\u00e9 et l\u2019inclusion<\/em>, sur laquelle s\u2019appuie celle de l\u2019OSANO.<\/p>\n            <\/div>\n        <\/li>\n                <li class=\"accordion-item\" data-accordion-item>\n            <a href=\"#v\u00e9rit\u00e9-r\u00e9conciliation\" class=\"accordion-title\">Donner suite aux appels \u00e0 l\u2019action de la Commission de v\u00e9rit\u00e9 et r\u00e9conciliation<\/a>\n            <div class=\"accordion-content\" data-tab-content id=\"v\u00e9rit\u00e9-r\u00e9conciliation\">\n                <p>L\u2019appel \u00e0 l\u2019action suivant, lanc\u00e9 par la Commission de v\u00e9rit\u00e9 et r\u00e9conciliation, nous aide \u00e0 orienter notre travail\u00a0:<\/p>\n<ol start=\"22\">\n<li><em>Nous demandons aux intervenants qui sont \u00e0 m\u00eame d\u2019apporter des changements au sein du syst\u00e8me de soins de sant\u00e9 canadien, de reconna\u00eetre la valeur des pratiques de gu\u00e9rison autochtones et d\u2019utiliser ces pratiques dans le traitement de patients autochtones, en collaboration avec les a\u00een\u00e9s et les gu\u00e9risseurs autochtones, lorsque ces patients en font la demande.<\/em><\/li>\n<\/ol>\n<p><strong><em>Mesures concr\u00e8tes prises par l\u2019OSANO pour r\u00e9pondre aux appels \u00e0 l\u2019action de la Commission de v\u00e9rit\u00e9 et r\u00e9conciliation\u00a0:<\/em><\/strong><\/p>\n<ul>\n<li>Tous les membres du personnel de l\u2019OSANO ont suivi une formation anim\u00e9e par des membres de la communaut\u00e9 autochtone dans le but de renforcer notre sensibilisation et de faire en sorte que nos programmes et services offrent un espace inclusif pour les personnes aidantes naturelles autochtones.<\/li>\n<li>Tous les membres du personnel de l\u2019OSANO ont une reconnaissance personnalis\u00e9e du territoire sur lequel ils vivent et travaillent, qui est utilis\u00e9e lors de nos \u00e9v\u00e9nements et r\u00e9unions.<\/li>\n<li>Nous valorisons la Journ\u00e9e nationale de la v\u00e9rit\u00e9 et de la r\u00e9conciliation en tant qu\u2019\u00e9quipe, ce qui permet \u00e0 chaque membre de l\u2019\u00e9quipe de participer \u00e0 des \u00e9v\u00e9nements locaux ou en ligne pour soutenir l\u2019apprentissage et la r\u00e9flexion.<\/li>\n<li>De nombreux membres de l\u2019\u00e9quipe de l\u2019OSANO ont suivi un cours autodirig\u00e9 sur l\u2019histoire autochtone et la s\u00e9curisation culturelle (programme de formation en ligne sur la s\u00e9curisation culturelle autochtone PHSA San&rsquo;yas).<\/li>\n<li>L\u2019OSANO a examin\u00e9 et modifi\u00e9 la terminologie utilis\u00e9e dans ses communications, ses \u00e9v\u00e9nements, ses ressources et ses services en se conformant aux lignes directrices sur la terminologie pr\u00e9f\u00e9r\u00e9e \u00e9labor\u00e9es par l\u2019Universit\u00e9 de la Colombie-Britannique, afin de s\u2019assurer que nous corrigeons les termes coloniaux les plus courants.<\/li>\n<li>Notre \u00e9quipe recherche et entretient des possibilit\u00e9s de partenariats significatifs avec les personnes aidantes naturelles autochtones, les prestataires de services et les membres de la communaut\u00e9 \u00e0 travers la province, alors que nous continuons \u00e0 apprendre de leurs exp\u00e9riences qui fa\u00e7onnent les services et les ressources que nous offrons.<\/li>\n<li>L\u2019OSANO recueille les points de vue et les observations de toutes les personnes aidantes naturelles, ce qui fa\u00e7onne les commentaires que nous transmettons \u00e0 nos partenaires du syst\u00e8me de sant\u00e9 et communautaires.<\/li>\n<li>Nous avons collabor\u00e9 avec nos partenaires de la ligne d\u2019assistance pour veiller \u00e0 ce que les sp\u00e9cialistes re\u00e7oivent une formation sur la s\u00e9curisation culturelle autochtone et nous proposons des options en langue autochtone par le biais de notre service d\u2019interpr\u00e9tation dans le cadre de notre service de ligne d\u2019assistance accessible 24 heures sur 24, 7 jours sur 7.<\/li>\n<li>Nous avons compil\u00e9 une liste de ressources pour les communaut\u00e9s autochtones sur notre site Web afin de soutenir les personnes aidantes naturelles.<\/li>\n<li>Nous avons travaill\u00e9 pour inclure les points de vue des autochtones dans notre balado. Saison\u00a03, \u00e9pisode\u00a01\u00a0: Accompagner les personnes autochtones gravement malades\u00a0: programme d\u2019\u00e9tudes pour les personnes aidantes naturelles communautaires (Walking Alongside Indigenous Peoples who are Seriously Ill: Education for Community Caregivers Curriculum) \u2013 en anglais. Dans cet \u00e9pisode, Michelle Jobin est accompagn\u00e9e de Holly Prince et Jessica Wyatt pour parler du CERAH, un centre d\u2019\u00e9ducation et de recherche sur le vieillissement et la sant\u00e9 de l\u2019Universit\u00e9 Lakehead. Le CERAH a \u00e9t\u00e9 cr\u00e9\u00e9 en 1991 pour \u00e9laborer et offrir des programmes \u00e9ducatifs aux professionnels de la sant\u00e9. Ils discutent des quatre principaux domaines de recherche\u00a0: Vieillir \u00e0 domicile, les troubles neurocognitifs et la sant\u00e9 mentale des personnes \u00e2g\u00e9es, la sant\u00e9 et le vieillissement des peuples autochtones et les soins palliatifs. Elles \u00e9voquent toutes deux leur exp\u00e9rience d\u2019aidance naturelle et ce que cela repr\u00e9sente pour elles, et abordent d\u2019autres sujets tels que les raisons pour lesquelles cette question est si cruciale pour les communaut\u00e9s autochtones.<\/li>\n<li>Nous travaillons en partenariat avec le Centre for Education and Research on Aging &amp; Health de l\u2019Universit\u00e9 Lakehead (CERAH) pour adapter notre brochure \u2018\u2019C\u2019est le temps de parler\u2019\u2019 et la Trousse de d\u00e9marrage \u2018\u2019Je suis un aidant naturel\u2019\u2019 pour les communaut\u00e9s autochtones.<\/li>\n<\/ul>\n            <\/div>\n        <\/li>\n            <\/ul>\n<\/div>\n","protected":false},"excerpt":{"rendered":"<p>\u00c0 propos de l&rsquo;OSANO Si vous soutenez une personne qui est dans le besoin et que vous vous sentez anxieux et d\u00e9bord\u00e9 par vos..<\/p>\n","protected":false},"author":1,"featured_media":11930,"parent":822,"menu_order":0,"comment_status":"closed","ping_status":"closed","template":"","meta":{"_acf_changed":false,"_relevanssi_hide_post":"","_relevanssi_hide_content":"","_relevanssi_pin_for_all":"","_relevanssi_pin_keywords":"","_relevanssi_unpin_keywords":"","_relevanssi_related_keywords":"","_relevanssi_related_include_ids":"","_relevanssi_related_exclude_ids":"","_relevanssi_related_no_append":"","_relevanssi_related_not_related":"","_relevanssi_related_posts":"12480,11535,11544,7899,13091,9324","_relevanssi_noindex_reason":"","_price":"","_stock":"","_tribe_ticket_header":"","_tribe_default_ticket_provider":"","_tribe_ticket_capacity":"0","_ticket_start_date":"","_ticket_end_date":"","_tribe_ticket_show_description":"","_tribe_ticket_show_not_going":false,"_tribe_ticket_use_global_stock":"","_tribe_ticket_global_stock_level":"","_global_stock_mode":"","_global_stock_cap":"","_tribe_rsvp_for_event":"","_tribe_ticket_going_count":"","_tribe_ticket_not_going_count":"","_tribe_tickets_list":[],"_tribe_ticket_has_attendee_info_fields":false,"footnotes":""},"class_list":["post-718","page","type-page","status-publish","has-post-thumbnail","hentry"],"acf":[],"yoast_head":"<!-- This site is optimized with the Yoast SEO plugin v25.8 - https:\/\/yoast.com\/wordpress\/plugins\/seo\/ -->\n<title>Mission - Organisme de soutien aux aidants naturels de l\u2019Ontario<\/title>\n<meta name=\"robots\" content=\"noindex, follow, max-snippet:-1, max-image-preview:large, max-video-preview:-1\" \/>\n<meta property=\"og:locale\" content=\"fr_FR\" \/>\n<meta property=\"og:type\" content=\"article\" \/>\n<meta property=\"og:title\" content=\"Mission - Organisme de soutien aux aidants naturels de l\u2019Ontario\" \/>\n<meta property=\"og:description\" content=\"\u00c0 propos de l&rsquo;OSANO Si vous soutenez une personne qui est dans le besoin et que vous vous sentez anxieux et d\u00e9bord\u00e9 par vos..\" \/>\n<meta property=\"og:url\" content=\"https:\/\/archive.ontariocaregiver.ca\/fr\/a-propos-de-losano\/mission\/\" \/>\n<meta property=\"og:site_name\" content=\"Organisme de soutien aux aidants naturels de l\u2019Ontario\" \/>\n<meta property=\"article:modified_time\" content=\"2023-07-24T19:50:11+00:00\" \/>\n<meta property=\"og:image\" content=\"https:\/\/ontariocaregiver.ca\/wp-content\/uploads\/2021\/08\/iStock-1182341223.jpg\" \/>\n\t<meta property=\"og:image:width\" content=\"2119\" \/>\n\t<meta property=\"og:image:height\" content=\"1414\" \/>\n\t<meta property=\"og:image:type\" content=\"image\/jpeg\" \/>\n<meta name=\"twitter:card\" content=\"summary_large_image\" \/>\n<meta name=\"twitter:label1\" content=\"Dur\u00e9e de lecture estim\u00e9e\" \/>\n\t<meta name=\"twitter:data1\" content=\"1 minute\" \/>\n<script type=\"application\/ld+json\" class=\"yoast-schema-graph\">{\"@context\":\"https:\/\/schema.org\",\"@graph\":[{\"@type\":\"WebPage\",\"@id\":\"https:\/\/archive.ontariocaregiver.ca\/fr\/a-propos-de-losano\/mission\/\",\"url\":\"https:\/\/archive.ontariocaregiver.ca\/fr\/a-propos-de-losano\/mission\/\",\"name\":\"Mission - Organisme de soutien aux aidants naturels de l\u2019Ontario\",\"isPartOf\":{\"@id\":\"https:\/\/archive.ontariocaregiver.ca\/fr\/#website\"},\"primaryImageOfPage\":{\"@id\":\"https:\/\/archive.ontariocaregiver.ca\/fr\/a-propos-de-losano\/mission\/#primaryimage\"},\"image\":{\"@id\":\"https:\/\/archive.ontariocaregiver.ca\/fr\/a-propos-de-losano\/mission\/#primaryimage\"},\"thumbnailUrl\":\"https:\/\/ontariocaregiver.ca\/wp-content\/uploads\/2021\/08\/iStock-1182341223.jpg\",\"datePublished\":\"2019-09-18T14:40:38+00:00\",\"dateModified\":\"2023-07-24T19:50:11+00:00\",\"breadcrumb\":{\"@id\":\"https:\/\/archive.ontariocaregiver.ca\/fr\/a-propos-de-losano\/mission\/#breadcrumb\"},\"inLanguage\":\"fr-FR\",\"potentialAction\":[{\"@type\":\"ReadAction\",\"target\":[\"https:\/\/archive.ontariocaregiver.ca\/fr\/a-propos-de-losano\/mission\/\"]}]},{\"@type\":\"ImageObject\",\"inLanguage\":\"fr-FR\",\"@id\":\"https:\/\/archive.ontariocaregiver.ca\/fr\/a-propos-de-losano\/mission\/#primaryimage\",\"url\":\"https:\/\/ontariocaregiver.ca\/wp-content\/uploads\/2021\/08\/iStock-1182341223.jpg\",\"contentUrl\":\"https:\/\/ontariocaregiver.ca\/wp-content\/uploads\/2021\/08\/iStock-1182341223.jpg\",\"width\":2119,\"height\":1414,\"caption\":\"Teaching about smart home app\"},{\"@type\":\"BreadcrumbList\",\"@id\":\"https:\/\/archive.ontariocaregiver.ca\/fr\/a-propos-de-losano\/mission\/#breadcrumb\",\"itemListElement\":[{\"@type\":\"ListItem\",\"position\":1,\"name\":\"Page principale\",\"item\":\"https:\/\/archive.ontariocaregiver.ca\/fr\/\"},{\"@type\":\"ListItem\",\"position\":2,\"name\":\"\u00c0 propos de l\u2019OSANO\",\"item\":\"https:\/\/archive.ontariocaregiver.ca\/fr\/about-oco\/\"},{\"@type\":\"ListItem\",\"position\":3,\"name\":\"Mission\"}]},{\"@type\":\"WebSite\",\"@id\":\"https:\/\/archive.ontariocaregiver.ca\/fr\/#website\",\"url\":\"https:\/\/archive.ontariocaregiver.ca\/fr\/\",\"name\":\"Organisme de soutien aux aidants naturels de l\u2019Ontario\",\"description\":\"\",\"potentialAction\":[{\"@type\":\"SearchAction\",\"target\":{\"@type\":\"EntryPoint\",\"urlTemplate\":\"https:\/\/archive.ontariocaregiver.ca\/fr\/?s={search_term_string}\"},\"query-input\":{\"@type\":\"PropertyValueSpecification\",\"valueRequired\":true,\"valueName\":\"search_term_string\"}}],\"inLanguage\":\"fr-FR\"}]}<\/script>\n<!-- \/ Yoast SEO plugin. -->","yoast_head_json":{"title":"Mission - Organisme de soutien aux aidants naturels de l\u2019Ontario","robots":{"index":"noindex","follow":"follow","max-snippet":"max-snippet:-1","max-image-preview":"max-image-preview:large","max-video-preview":"max-video-preview:-1"},"og_locale":"fr_FR","og_type":"article","og_title":"Mission - Organisme de soutien aux aidants naturels de l\u2019Ontario","og_description":"\u00c0 propos de l&rsquo;OSANO Si vous soutenez une personne qui est dans le besoin et que vous vous sentez anxieux et d\u00e9bord\u00e9 par vos..","og_url":"https:\/\/archive.ontariocaregiver.ca\/fr\/a-propos-de-losano\/mission\/","og_site_name":"Organisme de soutien aux aidants naturels de l\u2019Ontario","article_modified_time":"2023-07-24T19:50:11+00:00","og_image":[{"width":2119,"height":1414,"url":"https:\/\/ontariocaregiver.ca\/wp-content\/uploads\/2021\/08\/iStock-1182341223.jpg","type":"image\/jpeg"}],"twitter_card":"summary_large_image","twitter_misc":{"Dur\u00e9e de lecture estim\u00e9e":"1 minute"},"schema":{"@context":"https:\/\/schema.org","@graph":[{"@type":"WebPage","@id":"https:\/\/archive.ontariocaregiver.ca\/fr\/a-propos-de-losano\/mission\/","url":"https:\/\/archive.ontariocaregiver.ca\/fr\/a-propos-de-losano\/mission\/","name":"Mission - Organisme de soutien aux aidants naturels de l\u2019Ontario","isPartOf":{"@id":"https:\/\/archive.ontariocaregiver.ca\/fr\/#website"},"primaryImageOfPage":{"@id":"https:\/\/archive.ontariocaregiver.ca\/fr\/a-propos-de-losano\/mission\/#primaryimage"},"image":{"@id":"https:\/\/archive.ontariocaregiver.ca\/fr\/a-propos-de-losano\/mission\/#primaryimage"},"thumbnailUrl":"https:\/\/ontariocaregiver.ca\/wp-content\/uploads\/2021\/08\/iStock-1182341223.jpg","datePublished":"2019-09-18T14:40:38+00:00","dateModified":"2023-07-24T19:50:11+00:00","breadcrumb":{"@id":"https:\/\/archive.ontariocaregiver.ca\/fr\/a-propos-de-losano\/mission\/#breadcrumb"},"inLanguage":"fr-FR","potentialAction":[{"@type":"ReadAction","target":["https:\/\/archive.ontariocaregiver.ca\/fr\/a-propos-de-losano\/mission\/"]}]},{"@type":"ImageObject","inLanguage":"fr-FR","@id":"https:\/\/archive.ontariocaregiver.ca\/fr\/a-propos-de-losano\/mission\/#primaryimage","url":"https:\/\/ontariocaregiver.ca\/wp-content\/uploads\/2021\/08\/iStock-1182341223.jpg","contentUrl":"https:\/\/ontariocaregiver.ca\/wp-content\/uploads\/2021\/08\/iStock-1182341223.jpg","width":2119,"height":1414,"caption":"Teaching about smart home app"},{"@type":"BreadcrumbList","@id":"https:\/\/archive.ontariocaregiver.ca\/fr\/a-propos-de-losano\/mission\/#breadcrumb","itemListElement":[{"@type":"ListItem","position":1,"name":"Page principale","item":"https:\/\/archive.ontariocaregiver.ca\/fr\/"},{"@type":"ListItem","position":2,"name":"\u00c0 propos de l\u2019OSANO","item":"https:\/\/archive.ontariocaregiver.ca\/fr\/about-oco\/"},{"@type":"ListItem","position":3,"name":"Mission"}]},{"@type":"WebSite","@id":"https:\/\/archive.ontariocaregiver.ca\/fr\/#website","url":"https:\/\/archive.ontariocaregiver.ca\/fr\/","name":"Organisme de soutien aux aidants naturels de l\u2019Ontario","description":"","potentialAction":[{"@type":"SearchAction","target":{"@type":"EntryPoint","urlTemplate":"https:\/\/archive.ontariocaregiver.ca\/fr\/?s={search_term_string}"},"query-input":{"@type":"PropertyValueSpecification","valueRequired":true,"valueName":"search_term_string"}}],"inLanguage":"fr-FR"}]}},"ticketed":false,"_links":{"self":[{"href":"https:\/\/archive.ontariocaregiver.ca\/fr\/wp-json\/wp\/v2\/pages\/718","targetHints":{"allow":["GET"]}}],"collection":[{"href":"https:\/\/archive.ontariocaregiver.ca\/fr\/wp-json\/wp\/v2\/pages"}],"about":[{"href":"https:\/\/archive.ontariocaregiver.ca\/fr\/wp-json\/wp\/v2\/types\/page"}],"author":[{"embeddable":true,"href":"https:\/\/archive.ontariocaregiver.ca\/fr\/wp-json\/wp\/v2\/users\/1"}],"replies":[{"embeddable":true,"href":"https:\/\/archive.ontariocaregiver.ca\/fr\/wp-json\/wp\/v2\/comments?post=718"}],"version-history":[{"count":17,"href":"https:\/\/archive.ontariocaregiver.ca\/fr\/wp-json\/wp\/v2\/pages\/718\/revisions"}],"predecessor-version":[{"id":23542,"href":"https:\/\/archive.ontariocaregiver.ca\/fr\/wp-json\/wp\/v2\/pages\/718\/revisions\/23542"}],"up":[{"embeddable":true,"href":"https:\/\/archive.ontariocaregiver.ca\/fr\/wp-json\/wp\/v2\/pages\/822"}],"wp:featuredmedia":[{"embeddable":true,"href":"https:\/\/archive.ontariocaregiver.ca\/fr\/wp-json\/wp\/v2\/media\/11930"}],"wp:attachment":[{"href":"https:\/\/archive.ontariocaregiver.ca\/fr\/wp-json\/wp\/v2\/media?parent=718"}],"curies":[{"name":"wp","href":"https:\/\/api.w.org\/{rel}","templated":true}]}}