{"id":711,"date":"2019-09-17T11:32:44","date_gmt":"2019-09-17T15:32:44","guid":{"rendered":"https:\/\/archive.ontariocaregiver.ca\/ontario-caregiver\/"},"modified":"2024-03-22T11:15:46","modified_gmt":"2024-03-22T15:15:46","slug":"ontario-caregiver","status":"publish","type":"page","link":"https:\/\/archive.ontariocaregiver.ca\/fr\/","title":{"rendered":"Ontario Caregiver"},"content":{"rendered":"<div id=\"intro-slider-block_871f524b4a0b91dd637919328f32954e\" class=\"intro-slider tall alignfull \">\n    <div class=\"wide-row\">\n        <div class=\"slider\">\n                        <div class=\"slide\">\n                    <img loading=\"lazy\" decoding=\"async\" width=\"2121\" height=\"1414\" src=\"https:\/\/ontariocaregiver.ca\/wp-content\/uploads\/2024\/03\/iStock-1322800279.jpg\" class=\"hide-for-small-only\" alt=\"A woman and her caregiver walking outside\" srcset=\"https:\/\/ontariocaregiver.ca\/wp-content\/uploads\/2024\/03\/iStock-1322800279.jpg 2121w, https:\/\/ontariocaregiver.ca\/wp-content\/uploads\/2024\/03\/iStock-1322800279-300x200.jpg 300w, https:\/\/ontariocaregiver.ca\/wp-content\/uploads\/2024\/03\/iStock-1322800279-1024x683.jpg 1024w, https:\/\/ontariocaregiver.ca\/wp-content\/uploads\/2024\/03\/iStock-1322800279-768x512.jpg 768w, https:\/\/ontariocaregiver.ca\/wp-content\/uploads\/2024\/03\/iStock-1322800279-1536x1024.jpg 1536w, https:\/\/ontariocaregiver.ca\/wp-content\/uploads\/2024\/03\/iStock-1322800279-2048x1365.jpg 2048w, https:\/\/ontariocaregiver.ca\/wp-content\/uploads\/2024\/03\/iStock-1322800279-1600x1067.jpg 1600w, https:\/\/ontariocaregiver.ca\/wp-content\/uploads\/2024\/03\/iStock-1322800279-700x467.jpg 700w, https:\/\/ontariocaregiver.ca\/wp-content\/uploads\/2024\/03\/iStock-1322800279-600x400.jpg 600w\" sizes=\"auto, (max-width: 2121px) 100vw, 2121px\" \/><img loading=\"lazy\" decoding=\"async\" width=\"1600\" height=\"1067\" src=\"https:\/\/ontariocaregiver.ca\/wp-content\/uploads\/2024\/03\/iStock-1322800279-1600x1067.jpg\" class=\"show-for-small-only\" alt=\"A woman and her caregiver walking outside\" srcset=\"https:\/\/ontariocaregiver.ca\/wp-content\/uploads\/2024\/03\/iStock-1322800279-1600x1067.jpg 1600w, https:\/\/ontariocaregiver.ca\/wp-content\/uploads\/2024\/03\/iStock-1322800279-300x200.jpg 300w, https:\/\/ontariocaregiver.ca\/wp-content\/uploads\/2024\/03\/iStock-1322800279-1024x683.jpg 1024w, https:\/\/ontariocaregiver.ca\/wp-content\/uploads\/2024\/03\/iStock-1322800279-768x512.jpg 768w, https:\/\/ontariocaregiver.ca\/wp-content\/uploads\/2024\/03\/iStock-1322800279-1536x1024.jpg 1536w, https:\/\/ontariocaregiver.ca\/wp-content\/uploads\/2024\/03\/iStock-1322800279-2048x1365.jpg 2048w, https:\/\/ontariocaregiver.ca\/wp-content\/uploads\/2024\/03\/iStock-1322800279-700x467.jpg 700w, https:\/\/ontariocaregiver.ca\/wp-content\/uploads\/2024\/03\/iStock-1322800279-600x400.jpg 600w\" sizes=\"auto, (max-width: 1600px) 100vw, 1600px\" \/>                    <div class=\"slide-details\">\n                        <h3><a href=\"https:\/\/ontariocaregiver.ca\/wp-content\/uploads\/2023\/04\/OCO-starter-kit-March-28-2023-Web-FRENCH-NEW_FINAL-es.pdf\" target=\"_blank\">Vous vous sentez au bord de l&rsquo;\u00e9puisement?<\/a><\/h3>\n                        <a href=\"https:\/\/ontariocaregiver.ca\/wp-content\/uploads\/2023\/04\/OCO-starter-kit-March-28-2023-Web-FRENCH-NEW_FINAL-es.pdf\" target=\"_blank\">Faites l&rsquo;auto-\u00e9valuation dans notre trousse Je suis une personne aidante naturelle<\/a>\n                    <\/div>\n                                    <\/div>\n\n                        <div class=\"slide\">\n                    <img loading=\"lazy\" decoding=\"async\" width=\"2160\" height=\"1080\" src=\"https:\/\/ontariocaregiver.ca\/wp-content\/uploads\/2024\/03\/EB-cover-1.png\" class=\"hide-for-small-only\" alt=\"des images de personnes en movement\" srcset=\"https:\/\/ontariocaregiver.ca\/wp-content\/uploads\/2024\/03\/EB-cover-1.png 2160w, https:\/\/ontariocaregiver.ca\/wp-content\/uploads\/2024\/03\/EB-cover-1-300x150.png 300w, https:\/\/ontariocaregiver.ca\/wp-content\/uploads\/2024\/03\/EB-cover-1-1024x512.png 1024w, https:\/\/ontariocaregiver.ca\/wp-content\/uploads\/2024\/03\/EB-cover-1-768x384.png 768w, https:\/\/ontariocaregiver.ca\/wp-content\/uploads\/2024\/03\/EB-cover-1-1536x768.png 1536w, https:\/\/ontariocaregiver.ca\/wp-content\/uploads\/2024\/03\/EB-cover-1-2048x1024.png 2048w, https:\/\/ontariocaregiver.ca\/wp-content\/uploads\/2024\/03\/EB-cover-1-1600x800.png 1600w, https:\/\/ontariocaregiver.ca\/wp-content\/uploads\/2024\/03\/EB-cover-1-700x350.png 700w, https:\/\/ontariocaregiver.ca\/wp-content\/uploads\/2024\/03\/EB-cover-1-600x300.png 600w\" sizes=\"auto, (max-width: 2160px) 100vw, 2160px\" \/><img loading=\"lazy\" decoding=\"async\" width=\"1600\" height=\"800\" src=\"https:\/\/ontariocaregiver.ca\/wp-content\/uploads\/2024\/03\/EB-cover-1-1600x800.png\" class=\"show-for-small-only\" alt=\"des images de personnes en movement\" srcset=\"https:\/\/ontariocaregiver.ca\/wp-content\/uploads\/2024\/03\/EB-cover-1-1600x800.png 1600w, https:\/\/ontariocaregiver.ca\/wp-content\/uploads\/2024\/03\/EB-cover-1-300x150.png 300w, https:\/\/ontariocaregiver.ca\/wp-content\/uploads\/2024\/03\/EB-cover-1-1024x512.png 1024w, https:\/\/ontariocaregiver.ca\/wp-content\/uploads\/2024\/03\/EB-cover-1-768x384.png 768w, https:\/\/ontariocaregiver.ca\/wp-content\/uploads\/2024\/03\/EB-cover-1-1536x768.png 1536w, https:\/\/ontariocaregiver.ca\/wp-content\/uploads\/2024\/03\/EB-cover-1-2048x1024.png 2048w, https:\/\/ontariocaregiver.ca\/wp-content\/uploads\/2024\/03\/EB-cover-1-700x350.png 700w, https:\/\/ontariocaregiver.ca\/wp-content\/uploads\/2024\/03\/EB-cover-1-600x300.png 600w\" sizes=\"auto, (max-width: 1600px) 100vw, 1600px\" \/>                    <div class=\"slide-details\">\n                        <h3><a href=\"https:\/\/www.eventbrite.ca\/e\/la-danse-et-les-troubles-neurocognitifs-favoriser-linclusion-sociale-tickets-841444131047\" target=\"_blank\">Webinaire le 28 mars: La danse et les troubles neurocognitifs : favoriser l\u2019inclusion sociale<\/a><\/h3>\n                        <a href=\"https:\/\/www.eventbrite.ca\/e\/la-danse-et-les-troubles-neurocognitifs-favoriser-linclusion-sociale-tickets-841444131047\" target=\"_blank\">R\u00e9servez votre placer pour danser avec nous!<\/a>\n                    <\/div>\n                                    <\/div>\n\n                        <div class=\"slide\">\n                    <img loading=\"lazy\" decoding=\"async\" width=\"2181\" height=\"1375\" src=\"https:\/\/ontariocaregiver.ca\/wp-content\/uploads\/2024\/03\/iStock-1307064735.jpg\" class=\"hide-for-small-only\" alt=\"Cadrage d&#039;ic\u00f4nes ronds d\u00e9montrant diverses personnes\" srcset=\"https:\/\/ontariocaregiver.ca\/wp-content\/uploads\/2024\/03\/iStock-1307064735.jpg 2181w, https:\/\/ontariocaregiver.ca\/wp-content\/uploads\/2024\/03\/iStock-1307064735-300x189.jpg 300w, https:\/\/ontariocaregiver.ca\/wp-content\/uploads\/2024\/03\/iStock-1307064735-1024x646.jpg 1024w, https:\/\/ontariocaregiver.ca\/wp-content\/uploads\/2024\/03\/iStock-1307064735-768x484.jpg 768w, https:\/\/ontariocaregiver.ca\/wp-content\/uploads\/2024\/03\/iStock-1307064735-1536x968.jpg 1536w, https:\/\/ontariocaregiver.ca\/wp-content\/uploads\/2024\/03\/iStock-1307064735-2048x1291.jpg 2048w, https:\/\/ontariocaregiver.ca\/wp-content\/uploads\/2024\/03\/iStock-1307064735-1600x1009.jpg 1600w, https:\/\/ontariocaregiver.ca\/wp-content\/uploads\/2024\/03\/iStock-1307064735-700x441.jpg 700w, https:\/\/ontariocaregiver.ca\/wp-content\/uploads\/2024\/03\/iStock-1307064735-600x378.jpg 600w\" sizes=\"auto, (max-width: 2181px) 100vw, 2181px\" \/><img loading=\"lazy\" decoding=\"async\" width=\"1600\" height=\"1009\" src=\"https:\/\/ontariocaregiver.ca\/wp-content\/uploads\/2024\/03\/iStock-1307064735-1600x1009.jpg\" class=\"show-for-small-only\" alt=\"Cadrage d&#039;ic\u00f4nes ronds d\u00e9montrant diverses personnes\" srcset=\"https:\/\/ontariocaregiver.ca\/wp-content\/uploads\/2024\/03\/iStock-1307064735-1600x1009.jpg 1600w, https:\/\/ontariocaregiver.ca\/wp-content\/uploads\/2024\/03\/iStock-1307064735-300x189.jpg 300w, https:\/\/ontariocaregiver.ca\/wp-content\/uploads\/2024\/03\/iStock-1307064735-1024x646.jpg 1024w, https:\/\/ontariocaregiver.ca\/wp-content\/uploads\/2024\/03\/iStock-1307064735-768x484.jpg 768w, https:\/\/ontariocaregiver.ca\/wp-content\/uploads\/2024\/03\/iStock-1307064735-1536x968.jpg 1536w, https:\/\/ontariocaregiver.ca\/wp-content\/uploads\/2024\/03\/iStock-1307064735-2048x1291.jpg 2048w, https:\/\/ontariocaregiver.ca\/wp-content\/uploads\/2024\/03\/iStock-1307064735-700x441.jpg 700w, https:\/\/ontariocaregiver.ca\/wp-content\/uploads\/2024\/03\/iStock-1307064735-600x378.jpg 600w\" sizes=\"auto, (max-width: 1600px) 100vw, 1600px\" \/>                    <div class=\"slide-details\">\n                        <h3><a href=\"https:\/\/www.eventbrite.ca\/e\/national-caregiver-day-2024-kindness-for-caregivers-tickets-840107663637\" target=\"_blank\">Le 2 avril est la Journ\u00e9e nationale des proches aidants<\/a><\/h3>\n                        <a href=\"https:\/\/www.eventbrite.ca\/e\/national-caregiver-day-2024-kindness-for-caregivers-tickets-840107663637\" target=\"_blank\">Soyez des n\u00f4tres pour c\u00e9l\u00e9brer les personnes aidantes (\u00e9v\u00e9nement en anglais)<\/a>\n                    <\/div>\n                                    <\/div>\n\n                        <div class=\"slide\">\n                    <img loading=\"lazy\" decoding=\"async\" width=\"2121\" height=\"1414\" src=\"https:\/\/ontariocaregiver.ca\/wp-content\/uploads\/2024\/01\/iStock-1201650258.jpg\" class=\"hide-for-small-only\" alt=\"Une femme tient une tasse de caf\u00e9 pensivement\" srcset=\"https:\/\/ontariocaregiver.ca\/wp-content\/uploads\/2024\/01\/iStock-1201650258.jpg 2121w, https:\/\/ontariocaregiver.ca\/wp-content\/uploads\/2024\/01\/iStock-1201650258-300x200.jpg 300w, https:\/\/ontariocaregiver.ca\/wp-content\/uploads\/2024\/01\/iStock-1201650258-1024x683.jpg 1024w, https:\/\/ontariocaregiver.ca\/wp-content\/uploads\/2024\/01\/iStock-1201650258-768x512.jpg 768w, https:\/\/ontariocaregiver.ca\/wp-content\/uploads\/2024\/01\/iStock-1201650258-1536x1024.jpg 1536w, https:\/\/ontariocaregiver.ca\/wp-content\/uploads\/2024\/01\/iStock-1201650258-2048x1365.jpg 2048w, https:\/\/ontariocaregiver.ca\/wp-content\/uploads\/2024\/01\/iStock-1201650258-1600x1067.jpg 1600w, https:\/\/ontariocaregiver.ca\/wp-content\/uploads\/2024\/01\/iStock-1201650258-700x467.jpg 700w, https:\/\/ontariocaregiver.ca\/wp-content\/uploads\/2024\/01\/iStock-1201650258-600x400.jpg 600w\" sizes=\"auto, (max-width: 2121px) 100vw, 2121px\" \/><img loading=\"lazy\" decoding=\"async\" width=\"1600\" height=\"1067\" src=\"https:\/\/ontariocaregiver.ca\/wp-content\/uploads\/2024\/01\/iStock-1201650258-1600x1067.jpg\" class=\"show-for-small-only\" alt=\"Une femme tient une tasse de caf\u00e9 pensivement\" srcset=\"https:\/\/ontariocaregiver.ca\/wp-content\/uploads\/2024\/01\/iStock-1201650258-1600x1067.jpg 1600w, https:\/\/ontariocaregiver.ca\/wp-content\/uploads\/2024\/01\/iStock-1201650258-300x200.jpg 300w, https:\/\/ontariocaregiver.ca\/wp-content\/uploads\/2024\/01\/iStock-1201650258-1024x683.jpg 1024w, https:\/\/ontariocaregiver.ca\/wp-content\/uploads\/2024\/01\/iStock-1201650258-768x512.jpg 768w, https:\/\/ontariocaregiver.ca\/wp-content\/uploads\/2024\/01\/iStock-1201650258-1536x1024.jpg 1536w, https:\/\/ontariocaregiver.ca\/wp-content\/uploads\/2024\/01\/iStock-1201650258-2048x1365.jpg 2048w, https:\/\/ontariocaregiver.ca\/wp-content\/uploads\/2024\/01\/iStock-1201650258-700x467.jpg 700w, https:\/\/ontariocaregiver.ca\/wp-content\/uploads\/2024\/01\/iStock-1201650258-600x400.jpg 600w\" sizes=\"auto, (max-width: 1600px) 100vw, 1600px\" \/>                    <div class=\"slide-details\">\n                        <h3><a href=\"https:\/\/archive.ontariocaregiver.ca\/fr\/programme-ancre-soutien-aux-aidantes-naturelles-pour-favoriser-la-conscience-de-soi-la-reconnaissance-et-leducation\/\" target=\"_blank\">Le Programme ANCR\u00c9 continue le 21 mars<\/a><\/h3>\n                        <a href=\"https:\/\/archive.ontariocaregiver.ca\/fr\/programme-ancre-soutien-aux-aidantes-naturelles-pour-favoriser-la-conscience-de-soi-la-reconnaissance-et-leducation\/\" target=\"_blank\">Inscrivez-vous maintenant pour d\u00e9couvrir des outils pour mieux faire face aux \u00e9motions li\u00e9es \u00e0 l&rsquo;aidance naturelle<\/a>\n                    <\/div>\n                                    <\/div>\n\n                        <div class=\"slide\">\n                    <img loading=\"lazy\" decoding=\"async\" width=\"1340\" height=\"400\" src=\"https:\/\/ontariocaregiver.ca\/wp-content\/uploads\/2023\/03\/ECP_web_banner_2023_Fre.jpg\" class=\"hide-for-small-only\" alt=\"\" srcset=\"https:\/\/ontariocaregiver.ca\/wp-content\/uploads\/2023\/03\/ECP_web_banner_2023_Fre.jpg 1340w, https:\/\/ontariocaregiver.ca\/wp-content\/uploads\/2023\/03\/ECP_web_banner_2023_Fre-300x90.jpg 300w, https:\/\/ontariocaregiver.ca\/wp-content\/uploads\/2023\/03\/ECP_web_banner_2023_Fre-1024x306.jpg 1024w, https:\/\/ontariocaregiver.ca\/wp-content\/uploads\/2023\/03\/ECP_web_banner_2023_Fre-768x229.jpg 768w, https:\/\/ontariocaregiver.ca\/wp-content\/uploads\/2023\/03\/ECP_web_banner_2023_Fre-700x209.jpg 700w, https:\/\/ontariocaregiver.ca\/wp-content\/uploads\/2023\/03\/ECP_web_banner_2023_Fre-600x179.jpg 600w\" sizes=\"auto, (max-width: 1340px) 100vw, 1340px\" \/><img loading=\"lazy\" decoding=\"async\" width=\"1340\" height=\"400\" src=\"https:\/\/ontariocaregiver.ca\/wp-content\/uploads\/2023\/03\/ECP_web_banner_2023_Fre.jpg\" class=\"show-for-small-only\" alt=\"\" srcset=\"https:\/\/ontariocaregiver.ca\/wp-content\/uploads\/2023\/03\/ECP_web_banner_2023_Fre.jpg 1340w, https:\/\/ontariocaregiver.ca\/wp-content\/uploads\/2023\/03\/ECP_web_banner_2023_Fre-300x90.jpg 300w, https:\/\/ontariocaregiver.ca\/wp-content\/uploads\/2023\/03\/ECP_web_banner_2023_Fre-1024x306.jpg 1024w, https:\/\/ontariocaregiver.ca\/wp-content\/uploads\/2023\/03\/ECP_web_banner_2023_Fre-768x229.jpg 768w, https:\/\/ontariocaregiver.ca\/wp-content\/uploads\/2023\/03\/ECP_web_banner_2023_Fre-700x209.jpg 700w, https:\/\/ontariocaregiver.ca\/wp-content\/uploads\/2023\/03\/ECP_web_banner_2023_Fre-600x179.jpg 600w\" sizes=\"auto, (max-width: 1340px) 100vw, 1340px\" \/>                    <div class=\"slide-details\">\n                        <h3><a href=\"https:\/\/archive.ontariocaregiver.ca\/fr\/partenaires-de-soins-essentiels\/\" target=\"_blank\">Centre de soutien pour les partenaires de soins essentiels<\/a><\/h3>\n                        <a href=\"https:\/\/archive.ontariocaregiver.ca\/fr\/partenaires-de-soins-essentiels\/\" target=\"_blank\">Apprendre encore plus<\/a>\n                    <\/div>\n                                    <\/div>\n\n                <\/div>\n    <\/div>\n<\/div>\n\n\n<div id=\"fast-access-block_f2dc9b3408758eb703123f393ae7d0a8\" class=\"fast-access alignfull \">\n    <div class=\"wide-row\">\n        <div class=\"intro-contact\">\n            <div class=\"row\">\n                <div class=\"medium-6 column\">\n                    <div class=\"select-menu\">\n                        <h5>Trouvez ce que vous cherchez rapidement<\/h5>\n                        <form method=\"get\" action=\"\">\n                            <label for=\"quick-find\" class=\"show-for-sr\">Trouvez ce que vous cherchez rapidement<\/label>\n                            <select class=\"nice-select\" name=\"quick-find\" id=\"quick-find\">\n                                                                        <option value=\"https:\/\/archive.ontariocaregiver.ca\/fr\/ressources\/ressources-pour-aidants-naturels\/\">Je m&rsquo;occupe d&rsquo;une personne \u00e2g\u00e9e<\/option>\n                                                                        <option value=\"https:\/\/archive.ontariocaregiver.ca\/fr\/ressources\/ressources-pour-aidants-naturels\/\">Je m&rsquo;occupe d&rsquo;un adulte<\/option>\n                                                                        <option value=\"https:\/\/archive.ontariocaregiver.ca\/fr\/ressources\/ressources-pour-aidants-naturels\/\">Je m&rsquo;occupe d&rsquo;un enfant ou d&rsquo;un adolescent<\/option>\n                                                                        <option value=\"https:\/\/archive.ontariocaregiver.ca\/fr\/stories\/young-caregivers\/\">Je suis un jeune aidant naturel<\/option>\n                                                                        <option value=\"https:\/\/archive.ontariocaregiver.ca\/fr\/healthcare-provider-resource-centre-partners-in-care\/\">Je suis un professionnel de la sant\u00e9<\/option>\n                                                            <\/select>\n                            <a href=\"\" class=\"submit-select\"><i class=\"icon icon-arrow-right\"><\/i><\/a>\n                        <\/form>\n                    <\/div>\n                <\/div>\n                <div class=\"medium-6 column\">\n                    <div class=\"contact-text\">\n                        <p>Contactez la ligne d&rsquo;assistance de l&rsquo;OSANO 24h\/24, 7 jours\/ 7<\/p>\n                                                <a href=\"tel:18334162273\">1-833-416-2273<\/a>\n                    <\/div>\n                <\/div>\n            <\/div>\n        <\/div>\n    <\/div>\n<\/div>\n\n\n<div id=\"social-feed-block_bc6e6e4210767f234724c134ffff838d\" class=\"social-feed \">\n    <div class=\"row\">\n        <div class=\"small-12 column\">\n            <div class=\"block-title\">\n                <h3>Suivez-nous sur Twitter<\/h3>\n            <\/div>\n        <\/div>\n    <\/div>\n    <div class=\"row twitter-slider\" data-equalizer data-equalize-on=\"medium\">\n                <div class=\"large-4 medium-6 small-12 column\">\n            <div class=\"tweet\">\n                <div class=\"tweet-user\">\n                    <div class=\"tweet-user-img\">\n                        <img decoding=\"async\" src=\"https:\/\/archive.ontariocaregiver.ca\/wp-content\/themes\/ontariocaregiver\/dist\/assets\/img\/twitter-logo.png\" \/>\n                    <\/div>\n                    <div class=\"tweet-meta\">\n                        <span class=\"twitter-username\"><a href=\"https:\/\/twitter.com\/\" target=\"_blank\"><\/a><\/span>\n                        <span class=\"twitter-screenname\"><a href=\"https:\/\/twitter.com\/\" target=\"_blank\">@<\/a><\/span>\n                        <span class=\"twitter-date\">Jan 1<\/span>\n                    <\/div>\n                <\/div>\n                <div class=\"tweet-text\" data-equalizer-watch>\n                                                        <\/div>\n            <\/div>\n        <\/div>\n            <\/div>\n<\/div>\n","protected":false},"excerpt":{"rendered":"","protected":false},"author":1,"featured_media":0,"parent":0,"menu_order":0,"comment_status":"closed","ping_status":"closed","template":"","meta":{"_acf_changed":false,"_relevanssi_hide_post":"","_relevanssi_hide_content":"","_relevanssi_pin_for_all":"","_relevanssi_pin_keywords":"","_relevanssi_unpin_keywords":"","_relevanssi_related_keywords":"","_relevanssi_related_include_ids":"","_relevanssi_related_exclude_ids":"","_relevanssi_related_no_append":"","_relevanssi_related_not_related":"","_relevanssi_related_posts":"13464,1951,2001,5652,11184,12711","_relevanssi_noindex_reason":"","_price":"","_stock":"","_tribe_ticket_header":"","_tribe_default_ticket_provider":"","_tribe_ticket_capacity":"0","_ticket_start_date":"","_ticket_end_date":"","_tribe_ticket_show_description":"","_tribe_ticket_show_not_going":false,"_tribe_ticket_use_global_stock":"","_tribe_ticket_global_stock_level":"","_global_stock_mode":"","_global_stock_cap":"","_tribe_rsvp_for_event":"","_tribe_ticket_going_count":"","_tribe_ticket_not_going_count":"","_tribe_tickets_list":[],"_tribe_ticket_has_attendee_info_fields":false,"footnotes":""},"class_list":["post-711","page","type-page","status-publish","hentry"],"acf":[],"yoast_head":"<!-- This site is optimized with the Yoast SEO plugin v25.8 - https:\/\/yoast.com\/wordpress\/plugins\/seo\/ -->\n<title>Ontario Caregiver - Organisme de soutien aux aidants naturels de l\u2019Ontario<\/title>\n<meta name=\"robots\" content=\"noindex, follow, max-snippet:-1, max-image-preview:large, max-video-preview:-1\" \/>\n<meta property=\"og:locale\" content=\"fr_FR\" \/>\n<meta property=\"og:type\" content=\"article\" \/>\n<meta property=\"og:title\" content=\"Ontario Caregiver - Organisme de soutien aux aidants naturels de l\u2019Ontario\" \/>\n<meta property=\"og:url\" content=\"https:\/\/archive.ontariocaregiver.ca\/fr\/\" \/>\n<meta property=\"og:site_name\" content=\"Organisme de soutien aux aidants naturels de l\u2019Ontario\" \/>\n<meta property=\"article:modified_time\" content=\"2024-03-22T15:15:46+00:00\" \/>\n<meta name=\"twitter:card\" content=\"summary_large_image\" \/>\n<script type=\"application\/ld+json\" class=\"yoast-schema-graph\">{\"@context\":\"https:\/\/schema.org\",\"@graph\":[{\"@type\":\"WebPage\",\"@id\":\"https:\/\/archive.ontariocaregiver.ca\/fr\/\",\"url\":\"https:\/\/archive.ontariocaregiver.ca\/fr\/\",\"name\":\"Ontario Caregiver - Organisme de soutien aux aidants naturels de l\u2019Ontario\",\"isPartOf\":{\"@id\":\"https:\/\/archive.ontariocaregiver.ca\/fr\/#website\"},\"datePublished\":\"2019-09-17T15:32:44+00:00\",\"dateModified\":\"2024-03-22T15:15:46+00:00\",\"breadcrumb\":{\"@id\":\"https:\/\/archive.ontariocaregiver.ca\/fr\/#breadcrumb\"},\"inLanguage\":\"fr-FR\",\"potentialAction\":[{\"@type\":\"ReadAction\",\"target\":[\"https:\/\/archive.ontariocaregiver.ca\/fr\/\"]}]},{\"@type\":\"BreadcrumbList\",\"@id\":\"https:\/\/archive.ontariocaregiver.ca\/fr\/#breadcrumb\",\"itemListElement\":[{\"@type\":\"ListItem\",\"position\":1,\"name\":\"Page principale\",\"item\":\"https:\/\/archive.ontariocaregiver.ca\/fr\/\"},{\"@type\":\"ListItem\",\"position\":2,\"name\":\"Ontario Caregiver\"}]},{\"@type\":\"WebSite\",\"@id\":\"https:\/\/archive.ontariocaregiver.ca\/fr\/#website\",\"url\":\"https:\/\/archive.ontariocaregiver.ca\/fr\/\",\"name\":\"Organisme de soutien aux aidants naturels de l\u2019Ontario\",\"description\":\"\",\"potentialAction\":[{\"@type\":\"SearchAction\",\"target\":{\"@type\":\"EntryPoint\",\"urlTemplate\":\"https:\/\/archive.ontariocaregiver.ca\/fr\/?s={search_term_string}\"},\"query-input\":{\"@type\":\"PropertyValueSpecification\",\"valueRequired\":true,\"valueName\":\"search_term_string\"}}],\"inLanguage\":\"fr-FR\"}]}<\/script>\n<!-- \/ Yoast SEO plugin. -->","yoast_head_json":{"title":"Ontario Caregiver - Organisme de soutien aux aidants naturels de l\u2019Ontario","robots":{"index":"noindex","follow":"follow","max-snippet":"max-snippet:-1","max-image-preview":"max-image-preview:large","max-video-preview":"max-video-preview:-1"},"og_locale":"fr_FR","og_type":"article","og_title":"Ontario Caregiver - Organisme de soutien aux aidants naturels de l\u2019Ontario","og_url":"https:\/\/archive.ontariocaregiver.ca\/fr\/","og_site_name":"Organisme de soutien aux aidants naturels de l\u2019Ontario","article_modified_time":"2024-03-22T15:15:46+00:00","twitter_card":"summary_large_image","schema":{"@context":"https:\/\/schema.org","@graph":[{"@type":"WebPage","@id":"https:\/\/archive.ontariocaregiver.ca\/fr\/","url":"https:\/\/archive.ontariocaregiver.ca\/fr\/","name":"Ontario Caregiver - Organisme de soutien aux aidants naturels de l\u2019Ontario","isPartOf":{"@id":"https:\/\/archive.ontariocaregiver.ca\/fr\/#website"},"datePublished":"2019-09-17T15:32:44+00:00","dateModified":"2024-03-22T15:15:46+00:00","breadcrumb":{"@id":"https:\/\/archive.ontariocaregiver.ca\/fr\/#breadcrumb"},"inLanguage":"fr-FR","potentialAction":[{"@type":"ReadAction","target":["https:\/\/archive.ontariocaregiver.ca\/fr\/"]}]},{"@type":"BreadcrumbList","@id":"https:\/\/archive.ontariocaregiver.ca\/fr\/#breadcrumb","itemListElement":[{"@type":"ListItem","position":1,"name":"Page principale","item":"https:\/\/archive.ontariocaregiver.ca\/fr\/"},{"@type":"ListItem","position":2,"name":"Ontario Caregiver"}]},{"@type":"WebSite","@id":"https:\/\/archive.ontariocaregiver.ca\/fr\/#website","url":"https:\/\/archive.ontariocaregiver.ca\/fr\/","name":"Organisme de soutien aux aidants naturels de l\u2019Ontario","description":"","potentialAction":[{"@type":"SearchAction","target":{"@type":"EntryPoint","urlTemplate":"https:\/\/archive.ontariocaregiver.ca\/fr\/?s={search_term_string}"},"query-input":{"@type":"PropertyValueSpecification","valueRequired":true,"valueName":"search_term_string"}}],"inLanguage":"fr-FR"}]}},"ticketed":false,"_links":{"self":[{"href":"https:\/\/archive.ontariocaregiver.ca\/fr\/wp-json\/wp\/v2\/pages\/711","targetHints":{"allow":["GET"]}}],"collection":[{"href":"https:\/\/archive.ontariocaregiver.ca\/fr\/wp-json\/wp\/v2\/pages"}],"about":[{"href":"https:\/\/archive.ontariocaregiver.ca\/fr\/wp-json\/wp\/v2\/types\/page"}],"author":[{"embeddable":true,"href":"https:\/\/archive.ontariocaregiver.ca\/fr\/wp-json\/wp\/v2\/users\/1"}],"replies":[{"embeddable":true,"href":"https:\/\/archive.ontariocaregiver.ca\/fr\/wp-json\/wp\/v2\/comments?post=711"}],"version-history":[{"count":424,"href":"https:\/\/archive.ontariocaregiver.ca\/fr\/wp-json\/wp\/v2\/pages\/711\/revisions"}],"predecessor-version":[{"id":25518,"href":"https:\/\/archive.ontariocaregiver.ca\/fr\/wp-json\/wp\/v2\/pages\/711\/revisions\/25518"}],"wp:attachment":[{"href":"https:\/\/archive.ontariocaregiver.ca\/fr\/wp-json\/wp\/v2\/media?parent=711"}],"curies":[{"name":"wp","href":"https:\/\/api.w.org\/{rel}","templated":true}]}}