{"id":5899,"date":"2022-03-22T10:56:59","date_gmt":"2022-03-22T14:56:59","guid":{"rendered":"https:\/\/archive.ontariocaregiver.ca\/?page_id=5899"},"modified":"2022-03-22T10:57:00","modified_gmt":"2022-03-22T14:57:00","slug":"rapports-annuels-2","status":"publish","type":"page","link":"https:\/\/archive.ontariocaregiver.ca\/fr\/publications\/rapports-annuels-2\/","title":{"rendered":"Rapports annuels"},"content":{"rendered":"\n<h2 class=\"wp-block-heading\">Rapports annuels<\/h2>\n\n\n\n<p>L\u2019Organisme de soutien aux aidants naturels de l\u2019Ontario (OSANO) a \u00e9t\u00e9 cr\u00e9\u00e9 au printemps 2018 pour am\u00e9liorer l\u2019exp\u00e9rience des 3,3 millions d\u2019aidants naturels ontariens \u2013 des gens ordinaires, ce qui inclut les enfants et des jeunes, qui offrent un soutien physique et \u00e9motionnel \u00e0 un membre de la famille, un ami ou un voisin. \n\n\n<\/p>\n\n\n<div id=\"corona-resources-block_5efa017f019e9\" class=\"corona-resources \">\n    <div class=\"row\">\n        <div class=\"small-12 column\">\n            <h2>Lisez nos rapports annuels pour vous informer sur nos activit\u00e9s et les progr\u00e8s que nous faisons. <\/h2>\n        <\/div>\n                    <div class=\"medium-6 column\">\n                <a href=\"https:\/\/ontariocaregiver.ca\/wp-content\/uploads\/2020\/06\/OCO-2020-annual-report-NO-LINKS-French-new.pdf\" target=\"_blank\">\n                <div class=\"box\" style=\"background-image:url('https:\/\/ontariocaregiver.ca\/wp-content\/uploads\/2020\/06\/Annual-Report-Image-700x1050.jpg');\">\n                    <div class=\"box-content\">\n                        Lisez le rapport annuel 2019-2020 de l\u2019OSANO                    <\/div>\n                    <div class=\"arrow\">\n                        <i class=\"icon icon-arrow-right\"><\/i>\n                    <\/div>\n                <\/div>\n                <\/a>\n            <\/div>\n                    <div class=\"medium-6 column\">\n                <a href=\"https:\/\/ontariocaregiver.ca\/wp-content\/uploads\/2020\/06\/Ontario-Caregiver-Organization-F2020-Audited-Financial-Statements-FINAL.pdf\" target=\"_blank\">\n                <div class=\"box\" style=\"background-image:url('https:\/\/ontariocaregiver.ca\/wp-content\/uploads\/2020\/06\/iStock-1187113662-700x415.jpg');\">\n                    <div class=\"box-content\">\n                        Consultez les relev\u00e9s financiers 2019-2020 :  Disponible en anglais                    <\/div>\n                    <div class=\"arrow\">\n                        <i class=\"icon icon-arrow-right\"><\/i>\n                    <\/div>\n                <\/div>\n                <\/a>\n            <\/div>\n                    <div class=\"medium-6 column\">\n                <a href=\"https:\/\/ontariocaregiver.ca\/wp-content\/uploads\/2020\/07\/Ont-Caregivers-2018-19-annual-report-FRENCH-V1.pdf\" target=\"_blank\">\n                <div class=\"box\" style=\"background-image:url('https:\/\/ontariocaregiver.ca\/wp-content\/uploads\/2020\/06\/iStock-1207514066-700x467.jpg');\">\n                    <div class=\"box-content\">\n                        Lisez le rapport annuel 2018-2019 de l\u2019OSANO                    <\/div>\n                    <div class=\"arrow\">\n                        <i class=\"icon icon-arrow-right\"><\/i>\n                    <\/div>\n                <\/div>\n                <\/a>\n            <\/div>\n                    <div class=\"medium-6 column\">\n                <a href=\"https:\/\/ontariocaregiver.ca\/wp-content\/uploads\/2020\/06\/OCO-Audited-Financial-Statement-2019.pdf\" target=\"_blank\">\n                <div class=\"box\" style=\"background-image:url('https:\/\/ontariocaregiver.ca\/wp-content\/uploads\/2020\/06\/iStock-1065733544-700x467.jpg');\">\n                    <div class=\"box-content\">\n                        Consultez les relev\u00e9s financiers 2018-2019 : Disponible en anglais                    <\/div>\n                    <div class=\"arrow\">\n                        <i class=\"icon icon-arrow-right\"><\/i>\n                    <\/div>\n                <\/div>\n                <\/a>\n            <\/div>\n            <\/div>\n<\/div>\n","protected":false},"excerpt":{"rendered":"<p>Rapports annuels L\u2019Organisme de soutien aux aidants naturels de l\u2019Ontario (OSANO) a \u00e9t\u00e9 cr\u00e9\u00e9 au printemps 2018 pour am\u00e9liorer l\u2019exp\u00e9rience des 3,3 millions d\u2019aidants..<\/p>\n","protected":false},"author":7,"featured_media":0,"parent":6565,"menu_order":0,"comment_status":"closed","ping_status":"closed","template":"","meta":{"_acf_changed":false,"_relevanssi_hide_post":"","_relevanssi_hide_content":"","_relevanssi_pin_for_all":"","_relevanssi_pin_keywords":"","_relevanssi_unpin_keywords":"","_relevanssi_related_keywords":"","_relevanssi_related_include_ids":"","_relevanssi_related_exclude_ids":"","_relevanssi_related_no_append":"","_relevanssi_related_not_related":"","_relevanssi_related_posts":"9327,9318,7429,7899,5652,15658","_relevanssi_noindex_reason":"","_price":"","_stock":"","_tribe_ticket_header":"","_tribe_default_ticket_provider":"","_tribe_ticket_capacity":"0","_ticket_start_date":"","_ticket_end_date":"","_tribe_ticket_show_description":"","_tribe_ticket_show_not_going":false,"_tribe_ticket_use_global_stock":"","_tribe_ticket_global_stock_level":"","_global_stock_mode":"","_global_stock_cap":"","_tribe_rsvp_for_event":"","_tribe_ticket_going_count":"","_tribe_ticket_not_going_count":"","_tribe_tickets_list":[],"_tribe_ticket_has_attendee_info_fields":false,"footnotes":""},"class_list":["post-5899","page","type-page","status-publish","hentry"],"acf":[],"yoast_head":"<!-- This site is optimized with the Yoast SEO plugin v25.8 - https:\/\/yoast.com\/wordpress\/plugins\/seo\/ -->\n<title>Rapports annuels - Organisme de soutien aux aidants naturels de l\u2019Ontario<\/title>\n<meta name=\"robots\" content=\"noindex, follow, max-snippet:-1, max-image-preview:large, max-video-preview:-1\" \/>\n<meta property=\"og:locale\" content=\"fr_FR\" \/>\n<meta property=\"og:type\" content=\"article\" \/>\n<meta property=\"og:title\" content=\"Rapports annuels - Organisme de soutien aux aidants naturels de l\u2019Ontario\" \/>\n<meta property=\"og:description\" content=\"Rapports annuels L\u2019Organisme de soutien aux aidants naturels de l\u2019Ontario (OSANO) a \u00e9t\u00e9 cr\u00e9\u00e9 au printemps 2018 pour am\u00e9liorer l\u2019exp\u00e9rience des 3,3 millions d\u2019aidants..\" \/>\n<meta property=\"og:url\" content=\"https:\/\/archive.ontariocaregiver.ca\/fr\/publications\/rapports-annuels-2\/\" \/>\n<meta property=\"og:site_name\" content=\"Organisme de soutien aux aidants naturels de l\u2019Ontario\" \/>\n<meta property=\"article:modified_time\" content=\"2022-03-22T14:57:00+00:00\" \/>\n<meta name=\"twitter:card\" content=\"summary_large_image\" \/>\n<meta name=\"twitter:label1\" content=\"Dur\u00e9e de lecture estim\u00e9e\" \/>\n\t<meta name=\"twitter:data1\" content=\"1 minute\" \/>\n<script type=\"application\/ld+json\" class=\"yoast-schema-graph\">{\"@context\":\"https:\/\/schema.org\",\"@graph\":[{\"@type\":\"WebPage\",\"@id\":\"https:\/\/archive.ontariocaregiver.ca\/fr\/publications\/rapports-annuels-2\/\",\"url\":\"https:\/\/archive.ontariocaregiver.ca\/fr\/publications\/rapports-annuels-2\/\",\"name\":\"Rapports annuels - Organisme de soutien aux aidants naturels de l\u2019Ontario\",\"isPartOf\":{\"@id\":\"https:\/\/archive.ontariocaregiver.ca\/fr\/#website\"},\"datePublished\":\"2022-03-22T14:56:59+00:00\",\"dateModified\":\"2022-03-22T14:57:00+00:00\",\"breadcrumb\":{\"@id\":\"https:\/\/archive.ontariocaregiver.ca\/fr\/publications\/rapports-annuels-2\/#breadcrumb\"},\"inLanguage\":\"fr-FR\",\"potentialAction\":[{\"@type\":\"ReadAction\",\"target\":[\"https:\/\/archive.ontariocaregiver.ca\/fr\/publications\/rapports-annuels-2\/\"]}]},{\"@type\":\"BreadcrumbList\",\"@id\":\"https:\/\/archive.ontariocaregiver.ca\/fr\/publications\/rapports-annuels-2\/#breadcrumb\",\"itemListElement\":[{\"@type\":\"ListItem\",\"position\":1,\"name\":\"Page principale\",\"item\":\"https:\/\/archive.ontariocaregiver.ca\/fr\/\"},{\"@type\":\"ListItem\",\"position\":2,\"name\":\"Publications\",\"item\":\"https:\/\/archive.ontariocaregiver.ca\/fr\/publications\/\"},{\"@type\":\"ListItem\",\"position\":3,\"name\":\"Rapports annuels\"}]},{\"@type\":\"WebSite\",\"@id\":\"https:\/\/archive.ontariocaregiver.ca\/fr\/#website\",\"url\":\"https:\/\/archive.ontariocaregiver.ca\/fr\/\",\"name\":\"Organisme de soutien aux aidants naturels de l\u2019Ontario\",\"description\":\"\",\"potentialAction\":[{\"@type\":\"SearchAction\",\"target\":{\"@type\":\"EntryPoint\",\"urlTemplate\":\"https:\/\/archive.ontariocaregiver.ca\/fr\/?s={search_term_string}\"},\"query-input\":{\"@type\":\"PropertyValueSpecification\",\"valueRequired\":true,\"valueName\":\"search_term_string\"}}],\"inLanguage\":\"fr-FR\"}]}<\/script>\n<!-- \/ Yoast SEO plugin. -->","yoast_head_json":{"title":"Rapports annuels - Organisme de soutien aux aidants naturels de l\u2019Ontario","robots":{"index":"noindex","follow":"follow","max-snippet":"max-snippet:-1","max-image-preview":"max-image-preview:large","max-video-preview":"max-video-preview:-1"},"og_locale":"fr_FR","og_type":"article","og_title":"Rapports annuels - Organisme de soutien aux aidants naturels de l\u2019Ontario","og_description":"Rapports annuels L\u2019Organisme de soutien aux aidants naturels de l\u2019Ontario (OSANO) a \u00e9t\u00e9 cr\u00e9\u00e9 au printemps 2018 pour am\u00e9liorer l\u2019exp\u00e9rience des 3,3 millions d\u2019aidants..","og_url":"https:\/\/archive.ontariocaregiver.ca\/fr\/publications\/rapports-annuels-2\/","og_site_name":"Organisme de soutien aux aidants naturels de l\u2019Ontario","article_modified_time":"2022-03-22T14:57:00+00:00","twitter_card":"summary_large_image","twitter_misc":{"Dur\u00e9e de lecture estim\u00e9e":"1 minute"},"schema":{"@context":"https:\/\/schema.org","@graph":[{"@type":"WebPage","@id":"https:\/\/archive.ontariocaregiver.ca\/fr\/publications\/rapports-annuels-2\/","url":"https:\/\/archive.ontariocaregiver.ca\/fr\/publications\/rapports-annuels-2\/","name":"Rapports annuels - Organisme de soutien aux aidants naturels de l\u2019Ontario","isPartOf":{"@id":"https:\/\/archive.ontariocaregiver.ca\/fr\/#website"},"datePublished":"2022-03-22T14:56:59+00:00","dateModified":"2022-03-22T14:57:00+00:00","breadcrumb":{"@id":"https:\/\/archive.ontariocaregiver.ca\/fr\/publications\/rapports-annuels-2\/#breadcrumb"},"inLanguage":"fr-FR","potentialAction":[{"@type":"ReadAction","target":["https:\/\/archive.ontariocaregiver.ca\/fr\/publications\/rapports-annuels-2\/"]}]},{"@type":"BreadcrumbList","@id":"https:\/\/archive.ontariocaregiver.ca\/fr\/publications\/rapports-annuels-2\/#breadcrumb","itemListElement":[{"@type":"ListItem","position":1,"name":"Page principale","item":"https:\/\/archive.ontariocaregiver.ca\/fr\/"},{"@type":"ListItem","position":2,"name":"Publications","item":"https:\/\/archive.ontariocaregiver.ca\/fr\/publications\/"},{"@type":"ListItem","position":3,"name":"Rapports annuels"}]},{"@type":"WebSite","@id":"https:\/\/archive.ontariocaregiver.ca\/fr\/#website","url":"https:\/\/archive.ontariocaregiver.ca\/fr\/","name":"Organisme de soutien aux aidants naturels de l\u2019Ontario","description":"","potentialAction":[{"@type":"SearchAction","target":{"@type":"EntryPoint","urlTemplate":"https:\/\/archive.ontariocaregiver.ca\/fr\/?s={search_term_string}"},"query-input":{"@type":"PropertyValueSpecification","valueRequired":true,"valueName":"search_term_string"}}],"inLanguage":"fr-FR"}]}},"ticketed":false,"_links":{"self":[{"href":"https:\/\/archive.ontariocaregiver.ca\/fr\/wp-json\/wp\/v2\/pages\/5899","targetHints":{"allow":["GET"]}}],"collection":[{"href":"https:\/\/archive.ontariocaregiver.ca\/fr\/wp-json\/wp\/v2\/pages"}],"about":[{"href":"https:\/\/archive.ontariocaregiver.ca\/fr\/wp-json\/wp\/v2\/types\/page"}],"author":[{"embeddable":true,"href":"https:\/\/archive.ontariocaregiver.ca\/fr\/wp-json\/wp\/v2\/users\/7"}],"replies":[{"embeddable":true,"href":"https:\/\/archive.ontariocaregiver.ca\/fr\/wp-json\/wp\/v2\/comments?post=5899"}],"version-history":[{"count":1,"href":"https:\/\/archive.ontariocaregiver.ca\/fr\/wp-json\/wp\/v2\/pages\/5899\/revisions"}],"predecessor-version":[{"id":17460,"href":"https:\/\/archive.ontariocaregiver.ca\/fr\/wp-json\/wp\/v2\/pages\/5899\/revisions\/17460"}],"up":[{"embeddable":true,"href":"https:\/\/archive.ontariocaregiver.ca\/fr\/wp-json\/wp\/v2\/pages\/6565"}],"wp:attachment":[{"href":"https:\/\/archive.ontariocaregiver.ca\/fr\/wp-json\/wp\/v2\/media?parent=5899"}],"curies":[{"name":"wp","href":"https:\/\/api.w.org\/{rel}","templated":true}]}}