{"id":4270,"date":"2020-06-17T10:29:00","date_gmt":"2020-06-17T14:29:00","guid":{"rendered":"https:\/\/archive.ontariocaregiver.ca\/?page_id=4270"},"modified":"2023-05-16T10:31:58","modified_gmt":"2023-05-16T14:31:58","slug":"trousse-de-demarrage-pour-les-aidants-naturels","status":"publish","type":"page","link":"https:\/\/archive.ontariocaregiver.ca\/fr\/covid-19\/trousse-de-demarrage-pour-les-aidants-naturels\/","title":{"rendered":"COVID-19 : Trousse de d\u00e9marrage pour les aidants naturels"},"content":{"rendered":"\n<h2 class=\"wp-block-heading\">COVID-19 : Trousse de d\u00e9marrage pour les aidants naturels<\/h2>\n\n\n\n<p><strong>Comme vous, quelque 4&nbsp;millions d\u2019aidants naturels offrent un soutien en mati\u00e8re de sant\u00e9 physique ou mentale \u00e0 un membre de leur famille, un ou une partenaire, un ami ou une amie, un voisin ou une voisine.<\/strong><\/p>\n\n\n<div class=\"wp-block-image\">\n<figure class=\"alignleft size-medium is-resized\"><a href=\"https:\/\/ontariocaregiver.ca\/wp-content\/uploads\/2023\/04\/OCO-starter-kit-March-28-2023-Web-FRENCH-NEW_FINAL-es.pdf\" target=\"_blank\" rel=\"noopener\"><img decoding=\"async\" src=\"https:\/\/ontariocaregiver.ca\/wp-content\/uploads\/2023\/05\/OCO-starter-kit-March-28-2023-Web-FRENCH-NEW_FINAL-232x300.png\" alt=\"\" class=\"wp-image-22498\" width=\"180\" srcset=\"https:\/\/ontariocaregiver.ca\/wp-content\/uploads\/2023\/05\/OCO-starter-kit-March-28-2023-Web-FRENCH-NEW_FINAL-232x300.png 232w, https:\/\/ontariocaregiver.ca\/wp-content\/uploads\/2023\/05\/OCO-starter-kit-March-28-2023-Web-FRENCH-NEW_FINAL-600x776.png 600w, https:\/\/ontariocaregiver.ca\/wp-content\/uploads\/2023\/05\/OCO-starter-kit-March-28-2023-Web-FRENCH-NEW_FINAL.png 691w\" sizes=\"(max-width: 232px) 100vw, 232px\" \/><\/a><figcaption class=\"wp-element-caption\"><a href=\"https:\/\/ontariocaregiver.ca\/wp-content\/uploads\/2021\/06\/OCO-starter-kit-for-newspaper-French_FINAL.pdf\" target=\"_blank\" rel=\"noreferrer noopener\">Trouse de d\u00e9marrage &#8211; Je suis un aidant naturel<\/a><\/figcaption><\/figure><\/div>\n\n\n<p>Beaucoup de choses ont chang\u00e9 depuis que nous avons publi\u00e9 le rapport Pleins feux de l\u2019ann\u00e9e derni\u00e8re. La plupart des Ontariens sont vaccin\u00e9s, les restrictions li\u00e9es \u00e0 la Covid-19 ont \u00e9t\u00e9 assouplies et de nombreux programmes et services ont rouvert leurs portes. Ce qui n\u2019a pas chang\u00e9, c\u2019est l\u2019impact de l\u2019aidance naturelle sur les personnes aidantes naturelles. Plusieurs d\u2019Ontariens luttent pour s\u2019en sortir physiquement et \u00e9motionnellement. Alors que 66 % des personnes aidantes naturelles sont relativement nouvelles dans leur r\u00f4le (moins de trois ans), beaucoup se retrouvent au bord de l\u2019effondrement, se sentant impuissantes et \u00e9puis\u00e9es. En fait, 63 % d\u2019elles disent avoir atteint leur point de rupture au cours de l\u2019ann\u00e9e \u00e9coul\u00e9e, mais avoir quand m\u00eame d\u00fb continuer.<\/p>\n\n\n\n<div class=\"wp-block-buttons is-layout-flex wp-block-buttons-is-layout-flex\">\n<div class=\"wp-block-button\"><a class=\"wp-block-button__link has-very-light-gray-color has-text-color wp-element-button\" href=\"https:\/\/ontariocaregiver.ca\/wp-content\/uploads\/2023\/04\/OCO-starter-kit-March-28-2023-Web-FRENCH-NEW_FINAL-es.pdf\" target=\"_blank\" rel=\"noreferrer noopener\">T\u00e9l\u00e9chargez votre trousse de d\u00e9marrage d\u00e8s aujourd&rsquo;hui.<\/a><\/div>\n<\/div>\n\n\n\n<p>La trousse de d\u00e9marrage <a href=\"https:\/\/ontariocaregiver.ca\/wp-content\/uploads\/2023\/04\/OCO-starter-kit-March-28-2023-Web-FRENCH-NEW_FINAL-es.pdf\" target=\"_blank\" rel=\"noreferrer noopener\"><strong><em>Je suis un aidant naturel<\/em><\/strong><\/a> fournit des renseignements importants \u00e0 toute personne, nouvelle ou exp\u00e9riment\u00e9e, jouant le r\u00f4le d\u2019aidant naturel. Son contenu a \u00e9t\u00e9 r\u00e9dig\u00e9 par des aidants naturels \u00e0 l\u2019intention de leurs pairs. Cette trousse de d\u00e9marrage vous donne des pistes pour prendre soin de vous. Le site Web de l\u2019Organisme de soutien aux aidants naturels de l\u2019Ontario propose \u00e9galement des fiches d\u2019information abordant diff\u00e9rents th\u00e8mes&nbsp;: communication avec les fournisseurs de soins, confidentialit\u00e9 et consentement, etc. Tout au long de votre parcours d\u2019aidant, vous aurez peut-\u00eatre besoin d\u2019aide pour trouver des programmes \u00e0 l\u2019\u00e9chelon local ou des renseignements utiles. Dans ce cas, n\u2019h\u00e9sitez pas \u00e0 appeler la Ligne d\u2019assistance de l\u2019Organisme de soutien aux aidants naturels de l\u2019Ontario&nbsp;: elle est ouverte 24&nbsp;heures sur&nbsp;24, 7&nbsp;jours sur&nbsp;7.<\/p>\n","protected":false},"excerpt":{"rendered":"<p>COVID-19 : Trousse de d\u00e9marrage pour les aidants naturels Comme vous, quelque 4&nbsp;millions d\u2019aidants naturels offrent un soutien en mati\u00e8re de sant\u00e9 physique ou..<\/p>\n","protected":false},"author":2,"featured_media":0,"parent":3935,"menu_order":-1,"comment_status":"closed","ping_status":"closed","template":"","meta":{"_acf_changed":false,"_relevanssi_hide_post":"","_relevanssi_hide_content":"","_relevanssi_pin_for_all":"","_relevanssi_pin_keywords":"","_relevanssi_unpin_keywords":"","_relevanssi_related_keywords":"","_relevanssi_related_include_ids":"","_relevanssi_related_exclude_ids":"","_relevanssi_related_no_append":"","_relevanssi_related_not_related":"","_relevanssi_related_posts":"13464,7899,7429,2001,5652,12694","_relevanssi_noindex_reason":"","_price":"","_stock":"","_tribe_ticket_header":"","_tribe_default_ticket_provider":"","_tribe_ticket_capacity":"0","_ticket_start_date":"","_ticket_end_date":"","_tribe_ticket_show_description":"","_tribe_ticket_show_not_going":false,"_tribe_ticket_use_global_stock":"","_tribe_ticket_global_stock_level":"","_global_stock_mode":"","_global_stock_cap":"","_tribe_rsvp_for_event":"","_tribe_ticket_going_count":"","_tribe_ticket_not_going_count":"","_tribe_tickets_list":[],"_tribe_ticket_has_attendee_info_fields":false,"footnotes":""},"class_list":["post-4270","page","type-page","status-publish","hentry"],"acf":[],"yoast_head":"<!-- This site is optimized with the Yoast SEO plugin v25.8 - https:\/\/yoast.com\/wordpress\/plugins\/seo\/ -->\n<title>COVID-19 : Trousse de d\u00e9marrage pour les aidants naturels - Organisme de soutien aux aidants naturels de l\u2019Ontario<\/title>\n<meta name=\"robots\" content=\"noindex, follow, max-snippet:-1, max-image-preview:large, max-video-preview:-1\" \/>\n<meta property=\"og:locale\" content=\"fr_FR\" \/>\n<meta property=\"og:type\" content=\"article\" \/>\n<meta property=\"og:title\" content=\"COVID-19 : Trousse de d\u00e9marrage pour les aidants naturels - Organisme de soutien aux aidants naturels de l\u2019Ontario\" \/>\n<meta property=\"og:description\" content=\"COVID-19 : Trousse de d\u00e9marrage pour les aidants naturels Comme vous, quelque 4&nbsp;millions d\u2019aidants naturels offrent un soutien en mati\u00e8re de sant\u00e9 physique ou..\" \/>\n<meta property=\"og:url\" content=\"https:\/\/archive.ontariocaregiver.ca\/fr\/covid-19\/trousse-de-demarrage-pour-les-aidants-naturels\/\" \/>\n<meta property=\"og:site_name\" content=\"Organisme de soutien aux aidants naturels de l\u2019Ontario\" \/>\n<meta property=\"article:modified_time\" content=\"2023-05-16T14:31:58+00:00\" \/>\n<meta property=\"og:image\" content=\"https:\/\/ontariocaregiver.ca\/wp-content\/uploads\/2023\/05\/OCO-starter-kit-March-28-2023-Web-FRENCH-NEW_FINAL-232x300.png\" \/>\n<meta name=\"twitter:card\" content=\"summary_large_image\" \/>\n<meta name=\"twitter:label1\" content=\"Dur\u00e9e de lecture estim\u00e9e\" \/>\n\t<meta name=\"twitter:data1\" content=\"2 minutes\" \/>\n<script type=\"application\/ld+json\" class=\"yoast-schema-graph\">{\"@context\":\"https:\/\/schema.org\",\"@graph\":[{\"@type\":\"WebPage\",\"@id\":\"https:\/\/archive.ontariocaregiver.ca\/fr\/covid-19\/trousse-de-demarrage-pour-les-aidants-naturels\/\",\"url\":\"https:\/\/archive.ontariocaregiver.ca\/fr\/covid-19\/trousse-de-demarrage-pour-les-aidants-naturels\/\",\"name\":\"COVID-19 : Trousse de d\u00e9marrage pour les aidants naturels - Organisme de soutien aux aidants naturels de l\u2019Ontario\",\"isPartOf\":{\"@id\":\"https:\/\/archive.ontariocaregiver.ca\/fr\/#website\"},\"primaryImageOfPage\":{\"@id\":\"https:\/\/archive.ontariocaregiver.ca\/fr\/covid-19\/trousse-de-demarrage-pour-les-aidants-naturels\/#primaryimage\"},\"image\":{\"@id\":\"https:\/\/archive.ontariocaregiver.ca\/fr\/covid-19\/trousse-de-demarrage-pour-les-aidants-naturels\/#primaryimage\"},\"thumbnailUrl\":\"https:\/\/ontariocaregiver.ca\/wp-content\/uploads\/2023\/05\/OCO-starter-kit-March-28-2023-Web-FRENCH-NEW_FINAL-232x300.png\",\"datePublished\":\"2020-06-17T14:29:00+00:00\",\"dateModified\":\"2023-05-16T14:31:58+00:00\",\"breadcrumb\":{\"@id\":\"https:\/\/archive.ontariocaregiver.ca\/fr\/covid-19\/trousse-de-demarrage-pour-les-aidants-naturels\/#breadcrumb\"},\"inLanguage\":\"fr-FR\",\"potentialAction\":[{\"@type\":\"ReadAction\",\"target\":[\"https:\/\/archive.ontariocaregiver.ca\/fr\/covid-19\/trousse-de-demarrage-pour-les-aidants-naturels\/\"]}]},{\"@type\":\"ImageObject\",\"inLanguage\":\"fr-FR\",\"@id\":\"https:\/\/archive.ontariocaregiver.ca\/fr\/covid-19\/trousse-de-demarrage-pour-les-aidants-naturels\/#primaryimage\",\"url\":\"https:\/\/ontariocaregiver.ca\/wp-content\/uploads\/2023\/05\/OCO-starter-kit-March-28-2023-Web-FRENCH-NEW_FINAL-232x300.png\",\"contentUrl\":\"https:\/\/ontariocaregiver.ca\/wp-content\/uploads\/2023\/05\/OCO-starter-kit-March-28-2023-Web-FRENCH-NEW_FINAL-232x300.png\"},{\"@type\":\"BreadcrumbList\",\"@id\":\"https:\/\/archive.ontariocaregiver.ca\/fr\/covid-19\/trousse-de-demarrage-pour-les-aidants-naturels\/#breadcrumb\",\"itemListElement\":[{\"@type\":\"ListItem\",\"position\":1,\"name\":\"Page principale\",\"item\":\"https:\/\/archive.ontariocaregiver.ca\/fr\/\"},{\"@type\":\"ListItem\",\"position\":2,\"name\":\"COVID-19\",\"item\":\"https:\/\/archive.ontariocaregiver.ca\/fr\/covid-19\/\"},{\"@type\":\"ListItem\",\"position\":3,\"name\":\"COVID-19 : Trousse de d\u00e9marrage pour les aidants naturels\"}]},{\"@type\":\"WebSite\",\"@id\":\"https:\/\/archive.ontariocaregiver.ca\/fr\/#website\",\"url\":\"https:\/\/archive.ontariocaregiver.ca\/fr\/\",\"name\":\"Organisme de soutien aux aidants naturels de l\u2019Ontario\",\"description\":\"\",\"potentialAction\":[{\"@type\":\"SearchAction\",\"target\":{\"@type\":\"EntryPoint\",\"urlTemplate\":\"https:\/\/archive.ontariocaregiver.ca\/fr\/?s={search_term_string}\"},\"query-input\":{\"@type\":\"PropertyValueSpecification\",\"valueRequired\":true,\"valueName\":\"search_term_string\"}}],\"inLanguage\":\"fr-FR\"}]}<\/script>\n<!-- \/ Yoast SEO plugin. -->","yoast_head_json":{"title":"COVID-19 : Trousse de d\u00e9marrage pour les aidants naturels - Organisme de soutien aux aidants naturels de l\u2019Ontario","robots":{"index":"noindex","follow":"follow","max-snippet":"max-snippet:-1","max-image-preview":"max-image-preview:large","max-video-preview":"max-video-preview:-1"},"og_locale":"fr_FR","og_type":"article","og_title":"COVID-19 : Trousse de d\u00e9marrage pour les aidants naturels - Organisme de soutien aux aidants naturels de l\u2019Ontario","og_description":"COVID-19 : Trousse de d\u00e9marrage pour les aidants naturels Comme vous, quelque 4&nbsp;millions d\u2019aidants naturels offrent un soutien en mati\u00e8re de sant\u00e9 physique ou..","og_url":"https:\/\/archive.ontariocaregiver.ca\/fr\/covid-19\/trousse-de-demarrage-pour-les-aidants-naturels\/","og_site_name":"Organisme de soutien aux aidants naturels de l\u2019Ontario","article_modified_time":"2023-05-16T14:31:58+00:00","og_image":[{"url":"https:\/\/ontariocaregiver.ca\/wp-content\/uploads\/2023\/05\/OCO-starter-kit-March-28-2023-Web-FRENCH-NEW_FINAL-232x300.png","type":"","width":"","height":""}],"twitter_card":"summary_large_image","twitter_misc":{"Dur\u00e9e de lecture estim\u00e9e":"2 minutes"},"schema":{"@context":"https:\/\/schema.org","@graph":[{"@type":"WebPage","@id":"https:\/\/archive.ontariocaregiver.ca\/fr\/covid-19\/trousse-de-demarrage-pour-les-aidants-naturels\/","url":"https:\/\/archive.ontariocaregiver.ca\/fr\/covid-19\/trousse-de-demarrage-pour-les-aidants-naturels\/","name":"COVID-19 : Trousse de d\u00e9marrage pour les aidants naturels - Organisme de soutien aux aidants naturels de l\u2019Ontario","isPartOf":{"@id":"https:\/\/archive.ontariocaregiver.ca\/fr\/#website"},"primaryImageOfPage":{"@id":"https:\/\/archive.ontariocaregiver.ca\/fr\/covid-19\/trousse-de-demarrage-pour-les-aidants-naturels\/#primaryimage"},"image":{"@id":"https:\/\/archive.ontariocaregiver.ca\/fr\/covid-19\/trousse-de-demarrage-pour-les-aidants-naturels\/#primaryimage"},"thumbnailUrl":"https:\/\/ontariocaregiver.ca\/wp-content\/uploads\/2023\/05\/OCO-starter-kit-March-28-2023-Web-FRENCH-NEW_FINAL-232x300.png","datePublished":"2020-06-17T14:29:00+00:00","dateModified":"2023-05-16T14:31:58+00:00","breadcrumb":{"@id":"https:\/\/archive.ontariocaregiver.ca\/fr\/covid-19\/trousse-de-demarrage-pour-les-aidants-naturels\/#breadcrumb"},"inLanguage":"fr-FR","potentialAction":[{"@type":"ReadAction","target":["https:\/\/archive.ontariocaregiver.ca\/fr\/covid-19\/trousse-de-demarrage-pour-les-aidants-naturels\/"]}]},{"@type":"ImageObject","inLanguage":"fr-FR","@id":"https:\/\/archive.ontariocaregiver.ca\/fr\/covid-19\/trousse-de-demarrage-pour-les-aidants-naturels\/#primaryimage","url":"https:\/\/ontariocaregiver.ca\/wp-content\/uploads\/2023\/05\/OCO-starter-kit-March-28-2023-Web-FRENCH-NEW_FINAL-232x300.png","contentUrl":"https:\/\/ontariocaregiver.ca\/wp-content\/uploads\/2023\/05\/OCO-starter-kit-March-28-2023-Web-FRENCH-NEW_FINAL-232x300.png"},{"@type":"BreadcrumbList","@id":"https:\/\/archive.ontariocaregiver.ca\/fr\/covid-19\/trousse-de-demarrage-pour-les-aidants-naturels\/#breadcrumb","itemListElement":[{"@type":"ListItem","position":1,"name":"Page principale","item":"https:\/\/archive.ontariocaregiver.ca\/fr\/"},{"@type":"ListItem","position":2,"name":"COVID-19","item":"https:\/\/archive.ontariocaregiver.ca\/fr\/covid-19\/"},{"@type":"ListItem","position":3,"name":"COVID-19 : Trousse de d\u00e9marrage pour les aidants naturels"}]},{"@type":"WebSite","@id":"https:\/\/archive.ontariocaregiver.ca\/fr\/#website","url":"https:\/\/archive.ontariocaregiver.ca\/fr\/","name":"Organisme de soutien aux aidants naturels de l\u2019Ontario","description":"","potentialAction":[{"@type":"SearchAction","target":{"@type":"EntryPoint","urlTemplate":"https:\/\/archive.ontariocaregiver.ca\/fr\/?s={search_term_string}"},"query-input":{"@type":"PropertyValueSpecification","valueRequired":true,"valueName":"search_term_string"}}],"inLanguage":"fr-FR"}]}},"ticketed":false,"_links":{"self":[{"href":"https:\/\/archive.ontariocaregiver.ca\/fr\/wp-json\/wp\/v2\/pages\/4270","targetHints":{"allow":["GET"]}}],"collection":[{"href":"https:\/\/archive.ontariocaregiver.ca\/fr\/wp-json\/wp\/v2\/pages"}],"about":[{"href":"https:\/\/archive.ontariocaregiver.ca\/fr\/wp-json\/wp\/v2\/types\/page"}],"author":[{"embeddable":true,"href":"https:\/\/archive.ontariocaregiver.ca\/fr\/wp-json\/wp\/v2\/users\/2"}],"replies":[{"embeddable":true,"href":"https:\/\/archive.ontariocaregiver.ca\/fr\/wp-json\/wp\/v2\/comments?post=4270"}],"version-history":[{"count":13,"href":"https:\/\/archive.ontariocaregiver.ca\/fr\/wp-json\/wp\/v2\/pages\/4270\/revisions"}],"predecessor-version":[{"id":22517,"href":"https:\/\/archive.ontariocaregiver.ca\/fr\/wp-json\/wp\/v2\/pages\/4270\/revisions\/22517"}],"up":[{"embeddable":true,"href":"https:\/\/archive.ontariocaregiver.ca\/fr\/wp-json\/wp\/v2\/pages\/3935"}],"wp:attachment":[{"href":"https:\/\/archive.ontariocaregiver.ca\/fr\/wp-json\/wp\/v2\/media?parent=4270"}],"curies":[{"name":"wp","href":"https:\/\/api.w.org\/{rel}","templated":true}]}}