{"id":3948,"date":"2020-06-08T10:16:03","date_gmt":"2020-06-08T14:16:03","guid":{"rendered":"https:\/\/archive.ontariocaregiver.ca\/?page_id=3948"},"modified":"2021-04-28T16:54:15","modified_gmt":"2021-04-28T20:54:15","slug":"fiches-dinformation-liees-a-la-covid-19-pour-les-aidants-naturels","status":"publish","type":"page","link":"https:\/\/archive.ontariocaregiver.ca\/fr\/covid-19\/fiches-dinformation-liees-a-la-covid-19-pour-les-aidants-naturels\/","title":{"rendered":"COVID-19 : Fiches d\u2019information li\u00e9es \u00e0 la COVID-19 pour les aidants naturels"},"content":{"rendered":"\n<h2 class=\"wp-block-heading\">Fiches d\u2019information li\u00e9es \u00e0 la COVID-19 pour les aidants naturels<\/h2>\n\n\n\n<p>\u00c0 l\u2019heure actuelle, tous les pays du monde luttent activement contre la pand\u00e9mie de COVID-19. Parmi les strat\u00e9gies adopt\u00e9es figure la distanciation sociale, c\u2019est-\u00e0-dire l\u2019absence d\u2019interactions avec autrui. Si cette mesure est n\u00e9cessaire, elle renforce le sentiment d\u2019isolement et de solitude, nuisant ainsi \u00e0 la sant\u00e9 mentale des aidants naturels et des personnes qu\u2019ils soutiennent, entre autres.<\/p>\n\n\n\n<p>Si vous craignez d\u2019avoir \u00e9t\u00e9 en contact avec la COVID-19 ou si vous pr\u00e9sentez des sympt\u00f4mes, veuillez communiquer avec T\u00e9l\u00e9sant\u00e9 Ontario au 1&nbsp;866&nbsp;797-0000, ou avec votre m\u00e9decin ou votre <a href=\"http:\/\/www.health.gov.on.ca\/fr\/common\/system\/services\/phu\/locations.aspx\" target=\"_blank\" rel=\"noreferrer noopener\"><strong>bureau de sant\u00e9 publique local<\/strong><\/a>.&nbsp;Vous pouvez \u00e9galement utiliser cet <a href=\"https:\/\/covid-19.ontario.ca\/autoevaluation\/\" target=\"_blank\" rel=\"noreferrer noopener\"><strong>outil d\u2019auto-\u00e9valuation<\/strong><\/a>. Le gouvernement de l\u2019Ontario demande que seules les personnes pr\u00e9sentant des sympt\u00f4mes se rendent dans un centre d\u2019\u00e9valuation et que les appels au 911 soient r\u00e9serv\u00e9s aux cas d\u2019urgence.&nbsp;<a href=\"https:\/\/www.publichealthontario.ca\/fr\/diseases-and-conditions\/infectious-diseases\/respiratory-diseases\/novel-coronavirus\" target=\"_blank\" rel=\"noreferrer noopener\"><strong>En savoir plus.<\/strong><\/a><\/p>\n\n\n<div id=\"corona-resources-block_5ede47492c169\" class=\"corona-resources \">\n    <div class=\"row\">\n        <div class=\"small-12 column\">\n            <h2>T\u00e9l\u00e9chargez d\u00e8s aujourd&rsquo;hui nos fiches d\u2019information sur l\u2019aide naturelle : <\/h2>\n        <\/div>\n                    <div class=\"medium-6 column\">\n                <a href=\"https:\/\/archive.ontariocaregiver.ca\/wp-content\/uploads\/2021\/04\/Fiche-de-renseignements-sur-le-vaccin-COVID-19-pour-aidants-naturels.pdf\" target=\"_blank\">\n                <div class=\"box\" style=\"background-image:url('https:\/\/ontariocaregiver.ca\/wp-content\/uploads\/2021\/01\/iStock-1266494637-700x467.jpg');\">\n                    <div class=\"box-content\">\n                        Fiche de renseignements sur le vaccin COVID-19 pour aidants naturels                    <\/div>\n                    <div class=\"arrow\">\n                        <i class=\"icon icon-arrow-right\"><\/i>\n                    <\/div>\n                <\/div>\n                <\/a>\n            <\/div>\n                    <div class=\"medium-6 column\">\n                <a href=\"https:\/\/archive.ontariocaregiver.ca\/wp-content\/uploads\/2020\/05\/OCO-COVID-19-Tip-Sheet-Sant%C3%A9-mentale-des-aidants-naturels.pdf\" target=\"_blank\">\n                <div class=\"box\" style=\"background-image:url('https:\/\/ontariocaregiver.ca\/wp-content\/uploads\/2020\/05\/Mental-Health-Resources-700x467.jpg');\">\n                    <div class=\"box-content\">\n                        Sant\u00e9 mentale des aidants naturels durant l\u2019\u00e9pid\u00e9mie de COVID-19                    <\/div>\n                    <div class=\"arrow\">\n                        <i class=\"icon icon-arrow-right\"><\/i>\n                    <\/div>\n                <\/div>\n                <\/a>\n            <\/div>\n                    <div class=\"medium-6 column\">\n                <a href=\"https:\/\/archive.ontariocaregiver.ca\/wp-content\/uploads\/2020\/05\/OCO-COVID-19-Tip-Sheet-La-technologie-au-COVID-19.pdf\" target=\"_blank\">\n                <div class=\"box\" style=\"background-image:url('https:\/\/ontariocaregiver.ca\/wp-content\/uploads\/2020\/05\/Technology-during-COVID-19-700x467.jpg');\">\n                    <div class=\"box-content\">\n                        La technologie au service des aidants naturels                    <\/div>\n                    <div class=\"arrow\">\n                        <i class=\"icon icon-arrow-right\"><\/i>\n                    <\/div>\n                <\/div>\n                <\/a>\n            <\/div>\n                    <div class=\"medium-6 column\">\n                <a href=\"https:\/\/archive.ontariocaregiver.ca\/wp-content\/uploads\/2020\/05\/OCO-COVID-19-Tip-Sheet-Ce-que-les-aidants-en-hopital.pdf\" target=\"_blank\">\n                <div class=\"box\" style=\"background-image:url('https:\/\/ontariocaregiver.ca\/wp-content\/uploads\/2020\/05\/What-healthcare-providers-want-you-to-know-700x432.jpg');\">\n                    <div class=\"box-content\">\n                        Ce que les aidants naturels veulent faire savoir aux fournisseurs de soins et au personnel hospitalier.                    <\/div>\n                    <div class=\"arrow\">\n                        <i class=\"icon icon-arrow-right\"><\/i>\n                    <\/div>\n                <\/div>\n                <\/a>\n            <\/div>\n                    <div class=\"medium-6 column\">\n                <a href=\"https:\/\/archive.ontariocaregiver.ca\/wp-content\/uploads\/2020\/03\/Ontario-Caregiver-Organization-Etablir-des-liens-sociaux-tout-FINAL.pdf\" target=\"_blank\">\n                <div class=\"box\" style=\"background-image:url('https:\/\/ontariocaregiver.ca\/wp-content\/uploads\/2020\/05\/Connecting-socially-while-keeping-your-distance-700x467.jpg');\">\n                    <div class=\"box-content\">\n                        \u00c9tablir des liens sociaux tout en gardant ses distances                    <\/div>\n                    <div class=\"arrow\">\n                        <i class=\"icon icon-arrow-right\"><\/i>\n                    <\/div>\n                <\/div>\n                <\/a>\n            <\/div>\n                    <div class=\"medium-6 column\">\n                <a href=\"https:\/\/archive.ontariocaregiver.ca\/wp-content\/uploads\/2020\/03\/Ontario-Caregiver-Organization-Avez-vous-en-plan.pdf\" target=\"_blank\">\n                <div class=\"box\" style=\"background-image:url('https:\/\/ontariocaregiver.ca\/wp-content\/uploads\/2020\/05\/Contingency-Plan-1-700x467.jpg');\">\n                    <div class=\"box-content\">\n                        Avez-vous un plan?                    <\/div>\n                    <div class=\"arrow\">\n                        <i class=\"icon icon-arrow-right\"><\/i>\n                    <\/div>\n                <\/div>\n                <\/a>\n            <\/div>\n                    <div class=\"medium-6 column\">\n                <a href=\"https:\/\/archive.ontariocaregiver.ca\/wp-content\/uploads\/2020\/04\/OCO-Tip-sheet-COVID-Caring-for-seniors-FRENCH.pdf\" target=\"_blank\">\n                <div class=\"box\" style=\"background-image:url('https:\/\/ontariocaregiver.ca\/wp-content\/uploads\/2020\/05\/Caring-for-Seniors-in-Your-Community-700x467.jpg');\">\n                    <div class=\"box-content\">\n                        S\u2019occuper des a\u00een\u00e9s de la collectivit\u00e9                    <\/div>\n                    <div class=\"arrow\">\n                        <i class=\"icon icon-arrow-right\"><\/i>\n                    <\/div>\n                <\/div>\n                <\/a>\n            <\/div>\n            <\/div>\n<\/div>\n","protected":false},"excerpt":{"rendered":"<p>Fiches d\u2019information li\u00e9es \u00e0 la COVID-19 pour les aidants naturels \u00c0 l\u2019heure actuelle, tous les pays du monde luttent activement contre la pand\u00e9mie de..<\/p>\n","protected":false},"author":2,"featured_media":0,"parent":3935,"menu_order":-1,"comment_status":"closed","ping_status":"closed","template":"","meta":{"_acf_changed":false,"_relevanssi_hide_post":"","_relevanssi_hide_content":"","_relevanssi_pin_for_all":"","_relevanssi_pin_keywords":"","_relevanssi_unpin_keywords":"","_relevanssi_related_keywords":"","_relevanssi_related_include_ids":"","_relevanssi_related_exclude_ids":"","_relevanssi_related_no_append":"","_relevanssi_related_not_related":"","_relevanssi_related_posts":"","_relevanssi_noindex_reason":"","_price":"","_stock":"","_tribe_ticket_header":"","_tribe_default_ticket_provider":"","_tribe_ticket_capacity":"0","_ticket_start_date":"","_ticket_end_date":"","_tribe_ticket_show_description":"","_tribe_ticket_show_not_going":false,"_tribe_ticket_use_global_stock":"","_tribe_ticket_global_stock_level":"","_global_stock_mode":"","_global_stock_cap":"","_tribe_rsvp_for_event":"","_tribe_ticket_going_count":"","_tribe_ticket_not_going_count":"","_tribe_tickets_list":[],"_tribe_ticket_has_attendee_info_fields":false,"footnotes":""},"class_list":["post-3948","page","type-page","status-publish","hentry"],"acf":[],"yoast_head":"<!-- This site is optimized with the Yoast SEO plugin v25.8 - https:\/\/yoast.com\/wordpress\/plugins\/seo\/ -->\n<title>COVID-19 : Fiches d\u2019information li\u00e9es \u00e0 la COVID-19 pour les aidants naturels - Organisme de soutien aux aidants naturels de l\u2019Ontario<\/title>\n<meta name=\"robots\" content=\"noindex, follow, max-snippet:-1, max-image-preview:large, max-video-preview:-1\" \/>\n<meta property=\"og:locale\" content=\"fr_FR\" \/>\n<meta property=\"og:type\" content=\"article\" \/>\n<meta property=\"og:title\" content=\"COVID-19 : Fiches d\u2019information li\u00e9es \u00e0 la COVID-19 pour les aidants naturels - Organisme de soutien aux aidants naturels de l\u2019Ontario\" \/>\n<meta property=\"og:description\" content=\"Fiches d\u2019information li\u00e9es \u00e0 la COVID-19 pour les aidants naturels \u00c0 l\u2019heure actuelle, tous les pays du monde luttent activement contre la pand\u00e9mie de..\" \/>\n<meta property=\"og:url\" content=\"https:\/\/archive.ontariocaregiver.ca\/fr\/covid-19\/fiches-dinformation-liees-a-la-covid-19-pour-les-aidants-naturels\/\" \/>\n<meta property=\"og:site_name\" content=\"Organisme de soutien aux aidants naturels de l\u2019Ontario\" \/>\n<meta property=\"article:modified_time\" content=\"2021-04-28T20:54:15+00:00\" \/>\n<meta name=\"twitter:card\" content=\"summary_large_image\" \/>\n<meta name=\"twitter:label1\" content=\"Dur\u00e9e de lecture estim\u00e9e\" \/>\n\t<meta name=\"twitter:data1\" content=\"1 minute\" \/>\n<script type=\"application\/ld+json\" class=\"yoast-schema-graph\">{\"@context\":\"https:\/\/schema.org\",\"@graph\":[{\"@type\":\"WebPage\",\"@id\":\"https:\/\/archive.ontariocaregiver.ca\/fr\/covid-19\/fiches-dinformation-liees-a-la-covid-19-pour-les-aidants-naturels\/\",\"url\":\"https:\/\/archive.ontariocaregiver.ca\/fr\/covid-19\/fiches-dinformation-liees-a-la-covid-19-pour-les-aidants-naturels\/\",\"name\":\"COVID-19 : Fiches d\u2019information li\u00e9es \u00e0 la COVID-19 pour les aidants naturels - Organisme de soutien aux aidants naturels de l\u2019Ontario\",\"isPartOf\":{\"@id\":\"https:\/\/archive.ontariocaregiver.ca\/fr\/#website\"},\"datePublished\":\"2020-06-08T14:16:03+00:00\",\"dateModified\":\"2021-04-28T20:54:15+00:00\",\"breadcrumb\":{\"@id\":\"https:\/\/archive.ontariocaregiver.ca\/fr\/covid-19\/fiches-dinformation-liees-a-la-covid-19-pour-les-aidants-naturels\/#breadcrumb\"},\"inLanguage\":\"fr-FR\",\"potentialAction\":[{\"@type\":\"ReadAction\",\"target\":[\"https:\/\/archive.ontariocaregiver.ca\/fr\/covid-19\/fiches-dinformation-liees-a-la-covid-19-pour-les-aidants-naturels\/\"]}]},{\"@type\":\"BreadcrumbList\",\"@id\":\"https:\/\/archive.ontariocaregiver.ca\/fr\/covid-19\/fiches-dinformation-liees-a-la-covid-19-pour-les-aidants-naturels\/#breadcrumb\",\"itemListElement\":[{\"@type\":\"ListItem\",\"position\":1,\"name\":\"Page principale\",\"item\":\"https:\/\/archive.ontariocaregiver.ca\/fr\/\"},{\"@type\":\"ListItem\",\"position\":2,\"name\":\"COVID-19\",\"item\":\"https:\/\/archive.ontariocaregiver.ca\/fr\/covid-19\/\"},{\"@type\":\"ListItem\",\"position\":3,\"name\":\"COVID-19 : Fiches d\u2019information li\u00e9es \u00e0 la COVID-19 pour les aidants naturels\"}]},{\"@type\":\"WebSite\",\"@id\":\"https:\/\/archive.ontariocaregiver.ca\/fr\/#website\",\"url\":\"https:\/\/archive.ontariocaregiver.ca\/fr\/\",\"name\":\"Organisme de soutien aux aidants naturels de l\u2019Ontario\",\"description\":\"\",\"potentialAction\":[{\"@type\":\"SearchAction\",\"target\":{\"@type\":\"EntryPoint\",\"urlTemplate\":\"https:\/\/archive.ontariocaregiver.ca\/fr\/?s={search_term_string}\"},\"query-input\":{\"@type\":\"PropertyValueSpecification\",\"valueRequired\":true,\"valueName\":\"search_term_string\"}}],\"inLanguage\":\"fr-FR\"}]}<\/script>\n<!-- \/ Yoast SEO plugin. -->","yoast_head_json":{"title":"COVID-19 : Fiches d\u2019information li\u00e9es \u00e0 la COVID-19 pour les aidants naturels - Organisme de soutien aux aidants naturels de l\u2019Ontario","robots":{"index":"noindex","follow":"follow","max-snippet":"max-snippet:-1","max-image-preview":"max-image-preview:large","max-video-preview":"max-video-preview:-1"},"og_locale":"fr_FR","og_type":"article","og_title":"COVID-19 : Fiches d\u2019information li\u00e9es \u00e0 la COVID-19 pour les aidants naturels - Organisme de soutien aux aidants naturels de l\u2019Ontario","og_description":"Fiches d\u2019information li\u00e9es \u00e0 la COVID-19 pour les aidants naturels \u00c0 l\u2019heure actuelle, tous les pays du monde luttent activement contre la pand\u00e9mie de..","og_url":"https:\/\/archive.ontariocaregiver.ca\/fr\/covid-19\/fiches-dinformation-liees-a-la-covid-19-pour-les-aidants-naturels\/","og_site_name":"Organisme de soutien aux aidants naturels de l\u2019Ontario","article_modified_time":"2021-04-28T20:54:15+00:00","twitter_card":"summary_large_image","twitter_misc":{"Dur\u00e9e de lecture estim\u00e9e":"1 minute"},"schema":{"@context":"https:\/\/schema.org","@graph":[{"@type":"WebPage","@id":"https:\/\/archive.ontariocaregiver.ca\/fr\/covid-19\/fiches-dinformation-liees-a-la-covid-19-pour-les-aidants-naturels\/","url":"https:\/\/archive.ontariocaregiver.ca\/fr\/covid-19\/fiches-dinformation-liees-a-la-covid-19-pour-les-aidants-naturels\/","name":"COVID-19 : Fiches d\u2019information li\u00e9es \u00e0 la COVID-19 pour les aidants naturels - Organisme de soutien aux aidants naturels de l\u2019Ontario","isPartOf":{"@id":"https:\/\/archive.ontariocaregiver.ca\/fr\/#website"},"datePublished":"2020-06-08T14:16:03+00:00","dateModified":"2021-04-28T20:54:15+00:00","breadcrumb":{"@id":"https:\/\/archive.ontariocaregiver.ca\/fr\/covid-19\/fiches-dinformation-liees-a-la-covid-19-pour-les-aidants-naturels\/#breadcrumb"},"inLanguage":"fr-FR","potentialAction":[{"@type":"ReadAction","target":["https:\/\/archive.ontariocaregiver.ca\/fr\/covid-19\/fiches-dinformation-liees-a-la-covid-19-pour-les-aidants-naturels\/"]}]},{"@type":"BreadcrumbList","@id":"https:\/\/archive.ontariocaregiver.ca\/fr\/covid-19\/fiches-dinformation-liees-a-la-covid-19-pour-les-aidants-naturels\/#breadcrumb","itemListElement":[{"@type":"ListItem","position":1,"name":"Page principale","item":"https:\/\/archive.ontariocaregiver.ca\/fr\/"},{"@type":"ListItem","position":2,"name":"COVID-19","item":"https:\/\/archive.ontariocaregiver.ca\/fr\/covid-19\/"},{"@type":"ListItem","position":3,"name":"COVID-19 : Fiches d\u2019information li\u00e9es \u00e0 la COVID-19 pour les aidants naturels"}]},{"@type":"WebSite","@id":"https:\/\/archive.ontariocaregiver.ca\/fr\/#website","url":"https:\/\/archive.ontariocaregiver.ca\/fr\/","name":"Organisme de soutien aux aidants naturels de l\u2019Ontario","description":"","potentialAction":[{"@type":"SearchAction","target":{"@type":"EntryPoint","urlTemplate":"https:\/\/archive.ontariocaregiver.ca\/fr\/?s={search_term_string}"},"query-input":{"@type":"PropertyValueSpecification","valueRequired":true,"valueName":"search_term_string"}}],"inLanguage":"fr-FR"}]}},"ticketed":false,"_links":{"self":[{"href":"https:\/\/archive.ontariocaregiver.ca\/fr\/wp-json\/wp\/v2\/pages\/3948","targetHints":{"allow":["GET"]}}],"collection":[{"href":"https:\/\/archive.ontariocaregiver.ca\/fr\/wp-json\/wp\/v2\/pages"}],"about":[{"href":"https:\/\/archive.ontariocaregiver.ca\/fr\/wp-json\/wp\/v2\/types\/page"}],"author":[{"embeddable":true,"href":"https:\/\/archive.ontariocaregiver.ca\/fr\/wp-json\/wp\/v2\/users\/2"}],"replies":[{"embeddable":true,"href":"https:\/\/archive.ontariocaregiver.ca\/fr\/wp-json\/wp\/v2\/comments?post=3948"}],"version-history":[{"count":20,"href":"https:\/\/archive.ontariocaregiver.ca\/fr\/wp-json\/wp\/v2\/pages\/3948\/revisions"}],"predecessor-version":[{"id":9996,"href":"https:\/\/archive.ontariocaregiver.ca\/fr\/wp-json\/wp\/v2\/pages\/3948\/revisions\/9996"}],"up":[{"embeddable":true,"href":"https:\/\/archive.ontariocaregiver.ca\/fr\/wp-json\/wp\/v2\/pages\/3935"}],"wp:attachment":[{"href":"https:\/\/archive.ontariocaregiver.ca\/fr\/wp-json\/wp\/v2\/media?parent=3948"}],"curies":[{"name":"wp","href":"https:\/\/api.w.org\/{rel}","templated":true}]}}