{"id":3935,"date":"2020-06-08T09:53:54","date_gmt":"2020-06-08T13:53:54","guid":{"rendered":"https:\/\/archive.ontariocaregiver.ca\/?page_id=3935"},"modified":"2022-10-06T10:28:24","modified_gmt":"2022-10-06T14:28:24","slug":"covid-19","status":"publish","type":"page","link":"https:\/\/archive.ontariocaregiver.ca\/fr\/covid-19\/","title":{"rendered":"COVID-19"},"content":{"rendered":"\n<h2 class=\"wp-block-heading\">COVID-19 \u2013 Ce que les aidants naturels doivent savoir<\/h2>\n\n\n\n<p>Centre de ressources li\u00e9es \u00e0 la COVID-19 pour les aidants naturels. Maintenant plus que jamais, nous avons besoin les uns des autres.<\/p>\n\n\n\n<p>Pour les derni\u00e8res mises \u00e0 jour sur les mesures de s\u00e9curit\u00e9 \u00e9mises par le gouvernement de l&rsquo;Ontario, <a href=\"https:\/\/covid-19.ontario.ca\/fr\" target=\"_blank\" rel=\"noreferrer noopener\">visitez la page COVID-19<\/a>.<\/p>\n\n\n\n<p><strong>Si vous cherchez des ressources locales, veuillez communiquer avec la Ligne d\u2019assistance de l\u2019Organisme de soutien aux aidants naturels de l\u2019Ontario au 1&nbsp;833&nbsp;416-2273 ou acc\u00e9der au chat en direct sur ce site.<\/strong><\/p>\n\n\n\n<p><strong>Si vous avez besoin de conseils m\u00e9dicaux, veuillez communiquer avec <\/strong><a href=\"https:\/\/www.ontario.ca\/fr\/page\/obtenir-des-conseils-medicaux-telesante-ontario\" target=\"_blank\" rel=\"noreferrer noopener\"><strong>T\u00e9l\u00e9sant\u00e9 Ontario<\/strong><\/a><strong> au 1&nbsp;866&nbsp;797-0000.<\/strong><\/p>\n\n\n<div id=\"corona-resources-block_5ede4390fe820\" class=\"corona-resources \">\n    <div class=\"row\">\n        <div class=\"small-12 column\">\n            <h2><\/h2>\n        <\/div>\n            <\/div>\n<\/div>\n\n\n<div id=\"corona-resources-block_5ede43a9fe821\" class=\"corona-resources \">\n    <div class=\"row\">\n        <div class=\"small-12 column\">\n            <h2>Consultez d\u00e8s aujourd\u2019hui les principales ressources li\u00e9es \u00e0 la COVID-19 pour les aidants naturels :<\/h2>\n        <\/div>\n                    <div class=\"medium-6 column\">\n                <a href=\"https:\/\/covid-19.ontario.ca\/fr\" target=\"_blank\">\n                <div class=\"box\" style=\"background-image:url('https:\/\/ontariocaregiver.ca\/wp-content\/uploads\/2020\/12\/iStock-1245131025-700x467.jpg');\">\n                    <div class=\"box-content\">\n                        Lisez \u00e0 propos de la COVID-19 en Ontario                    <\/div>\n                    <div class=\"arrow\">\n                        <i class=\"icon icon-arrow-right\"><\/i>\n                    <\/div>\n                <\/div>\n                <\/a>\n            <\/div>\n                    <div class=\"medium-6 column\">\n                <a href=\"https:\/\/www.ontario.ca\/fr\/page\/covid-19-reseignements-intention-visiteurs-foyers-de-soins-de-longue-duree\" target=\"_blank\">\n                <div class=\"box\" style=\"background-image:url('https:\/\/ontariocaregiver.ca\/wp-content\/uploads\/2021\/08\/CaregiverstoLTCs-700x467.jpg');\">\n                    <div class=\"box-content\">\n                        Renseignements pour les visites aux foyers de soins de longue dur\u00e9e                    <\/div>\n                    <div class=\"arrow\">\n                        <i class=\"icon icon-arrow-right\"><\/i>\n                    <\/div>\n                <\/div>\n                <\/a>\n            <\/div>\n                    <div class=\"medium-6 column\">\n                <a href=\"https:\/\/archive.ontariocaregiver.ca\/fr\/partenairesdesoins\/\" target=\"_self\">\n                <div class=\"box\" style=\"background-image:url('https:\/\/ontariocaregiver.ca\/wp-content\/uploads\/2020\/10\/Partners-in-Care-Image-700x484.jpg');\">\n                    <div class=\"box-content\">\n                        Ressources pour les fournisseurs de soins de sant\u00e9 &#8211; bo\u00eete \u00e0 outils relative aux partenaires de soins                    <\/div>\n                    <div class=\"arrow\">\n                        <i class=\"icon icon-arrow-right\"><\/i>\n                    <\/div>\n                <\/div>\n                <\/a>\n            <\/div>\n                    <div class=\"medium-6 column\">\n                <a href=\"https:\/\/archive.ontariocaregiver.ca\/fr\/covid-19\/fiches-dinformation-liees-a-la-covid-19-pour-les-aidants-naturels\/\" target=\"_blank\">\n                <div class=\"box\" style=\"background-image:url('https:\/\/ontariocaregiver.ca\/wp-content\/uploads\/2020\/05\/Caregiver-Tip-Sheets-700x442.jpg');\">\n                    <div class=\"box-content\">\n                        Fiches-conseils et ressources pour les aidants naturels pendant COVID-19                    <\/div>\n                    <div class=\"arrow\">\n                        <i class=\"icon icon-arrow-right\"><\/i>\n                    <\/div>\n                <\/div>\n                <\/a>\n            <\/div>\n                    <div class=\"medium-6 column\">\n                <a href=\"https:\/\/ontariocaregiver.ca\/wp-content\/uploads\/2020\/06\/Employer-Action-Steps-COVID19-Impact-on-Working-Caregivers-2.pdf\" target=\"_blank\">\n                <div class=\"box\" style=\"background-image:url('https:\/\/ontariocaregiver.ca\/wp-content\/uploads\/2020\/06\/iStock-1212934028-700x467.jpg');\">\n                    <div class=\"box-content\">\n                        D\u00e9marches pour employeurs d&rsquo;aidants naturels COVID-19 (ressource en anglais seulement)                    <\/div>\n                    <div class=\"arrow\">\n                        <i class=\"icon icon-arrow-right\"><\/i>\n                    <\/div>\n                <\/div>\n                <\/a>\n            <\/div>\n                    <div class=\"medium-6 column\">\n                <a href=\"https:\/\/ontariocaregiver.ca\/wp-content\/uploads\/2020\/05\/OCO-Trousse-de-demarrage-Starter-Kit.pdf\" target=\"_blank\">\n                <div class=\"box\" style=\"background-image:url('https:\/\/ontariocaregiver.ca\/wp-content\/uploads\/2020\/03\/OCO-Caregiver-Cafe-Image-scaled.jpg');\">\n                    <div class=\"box-content\">\n                        Trousse de d\u00e9marrage                    <\/div>\n                    <div class=\"arrow\">\n                        <i class=\"icon icon-arrow-right\"><\/i>\n                    <\/div>\n                <\/div>\n                <\/a>\n            <\/div>\n                    <div class=\"medium-6 column\">\n                <a href=\"http:\/\/youngcaregiversconnect.ca\/fr\/\" target=\"_blank\">\n                <div class=\"box\" style=\"background-image:url('https:\/\/ontariocaregiver.ca\/wp-content\/uploads\/2021\/03\/youngcaregiversconnect-700x167.jpg');\">\n                    <div class=\"box-content\">\n                        Jeunes aidants naturels branch\u00e9s &#8211; un site d\u00e9di\u00e9 aux jeunes aidants naturels                    <\/div>\n                    <div class=\"arrow\">\n                        <i class=\"icon icon-arrow-right\"><\/i>\n                    <\/div>\n                <\/div>\n                <\/a>\n            <\/div>\n                    <div class=\"medium-6 column\">\n                <a href=\"https:\/\/archive.ontariocaregiver.ca\/covid-19\/videoresources\/\" target=\"_self\">\n                <div class=\"box\" style=\"background-image:url('https:\/\/ontariocaregiver.ca\/wp-content\/uploads\/2020\/05\/Video-Resource-Image-700x467.jpg');\">\n                    <div class=\"box-content\">\n                        Ressources vid\u00e9o (en anglais seulement)                    <\/div>\n                    <div class=\"arrow\">\n                        <i class=\"icon icon-arrow-right\"><\/i>\n                    <\/div>\n                <\/div>\n                <\/a>\n            <\/div>\n                    <div class=\"medium-6 column\">\n                <a href=\"https:\/\/archive.ontariocaregiver.ca\/covid-19\/covid-19-multilingual-resources\/\" target=\"_blank\">\n                <div class=\"box\" style=\"background-image:url('https:\/\/ontariocaregiver.ca\/wp-content\/uploads\/2020\/05\/Young-Caregiver-Image-2-700x467.jpg');\">\n                    <div class=\"box-content\">\n                        Ressource multilingues (page principale en anglais)                    <\/div>\n                    <div class=\"arrow\">\n                        <i class=\"icon icon-arrow-right\"><\/i>\n                    <\/div>\n                <\/div>\n                <\/a>\n            <\/div>\n                    <div class=\"medium-6 column\">\n                <a href=\"https:\/\/www.publichealthontario.ca\/fr\/diseases-and-conditions\/infectious-diseases\/respiratory-diseases\/novel-coronavirus\" target=\"_blank\">\n                <div class=\"box\" style=\"background-image:url('https:\/\/ontariocaregiver.ca\/wp-content\/uploads\/2020\/05\/Volunteer-Week-Image-4-700x517.jpg');\">\n                    <div class=\"box-content\">\n                        Sant\u00e9 publique Ontario                    <\/div>\n                    <div class=\"arrow\">\n                        <i class=\"icon icon-arrow-right\"><\/i>\n                    <\/div>\n                <\/div>\n                <\/a>\n            <\/div>\n                    <div class=\"medium-6 column\">\n                <a href=\"https:\/\/www.canada.ca\/fr\/sante-publique\/services\/maladies\/2019-nouveau-coronavirus.html\" target=\"_blank\">\n                <div class=\"box\" style=\"background-image:url('https:\/\/ontariocaregiver.ca\/wp-content\/uploads\/2020\/04\/Woman-using-a-computer-958423794_6720x4480-scaled.jpeg');\">\n                    <div class=\"box-content\">\n                        Agence de sant\u00e9 publique du canada                    <\/div>\n                    <div class=\"arrow\">\n                        <i class=\"icon icon-arrow-right\"><\/i>\n                    <\/div>\n                <\/div>\n                <\/a>\n            <\/div>\n            <\/div>\n<\/div>\n\n\n\n<p><\/p>\n","protected":false},"excerpt":{"rendered":"<p>COVID-19 \u2013 Ce que les aidants naturels doivent savoir Centre de ressources li\u00e9es \u00e0 la COVID-19 pour les aidants naturels. Maintenant plus que jamais,..<\/p>\n","protected":false},"author":2,"featured_media":11845,"parent":0,"menu_order":0,"comment_status":"closed","ping_status":"closed","template":"","meta":{"_acf_changed":false,"_relevanssi_hide_post":"","_relevanssi_hide_content":"","_relevanssi_pin_for_all":"","_relevanssi_pin_keywords":"","_relevanssi_unpin_keywords":"","_relevanssi_related_keywords":"","_relevanssi_related_include_ids":"","_relevanssi_related_exclude_ids":"","_relevanssi_related_no_append":"","_relevanssi_related_not_related":"","_relevanssi_related_posts":"1951,2001,13464,15757,16077,16543","_relevanssi_noindex_reason":"","_price":"","_stock":"","_tribe_ticket_header":"","_tribe_default_ticket_provider":"","_tribe_ticket_capacity":"0","_ticket_start_date":"","_ticket_end_date":"","_tribe_ticket_show_description":"","_tribe_ticket_show_not_going":false,"_tribe_ticket_use_global_stock":"","_tribe_ticket_global_stock_level":"","_global_stock_mode":"","_global_stock_cap":"","_tribe_rsvp_for_event":"","_tribe_ticket_going_count":"","_tribe_ticket_not_going_count":"","_tribe_tickets_list":[],"_tribe_ticket_has_attendee_info_fields":false,"footnotes":""},"class_list":["post-3935","page","type-page","status-publish","has-post-thumbnail","hentry"],"acf":[],"yoast_head":"<!-- This site is optimized with the Yoast SEO plugin v25.8 - https:\/\/yoast.com\/wordpress\/plugins\/seo\/ -->\n<title>COVID-19 - Organisme de soutien aux aidants naturels de l\u2019Ontario<\/title>\n<meta name=\"robots\" content=\"noindex, follow, max-snippet:-1, max-image-preview:large, max-video-preview:-1\" \/>\n<meta property=\"og:locale\" content=\"fr_FR\" \/>\n<meta property=\"og:type\" content=\"article\" \/>\n<meta property=\"og:title\" content=\"COVID-19 - Organisme de soutien aux aidants naturels de l\u2019Ontario\" \/>\n<meta property=\"og:description\" content=\"COVID-19 \u2013 Ce que les aidants naturels doivent savoir Centre de ressources li\u00e9es \u00e0 la COVID-19 pour les aidants naturels. Maintenant plus que jamais,..\" \/>\n<meta property=\"og:url\" content=\"https:\/\/archive.ontariocaregiver.ca\/fr\/covid-19\/\" \/>\n<meta property=\"og:site_name\" content=\"Organisme de soutien aux aidants naturels de l\u2019Ontario\" \/>\n<meta property=\"article:modified_time\" content=\"2022-10-06T14:28:24+00:00\" \/>\n<meta property=\"og:image\" content=\"https:\/\/ontariocaregiver.ca\/wp-content\/uploads\/2021\/08\/COVID19_Banner.jpg\" \/>\n\t<meta property=\"og:image:width\" content=\"2121\" \/>\n\t<meta property=\"og:image:height\" content=\"1414\" \/>\n\t<meta property=\"og:image:type\" content=\"image\/jpeg\" \/>\n<meta name=\"twitter:card\" content=\"summary_large_image\" \/>\n<meta name=\"twitter:label1\" content=\"Dur\u00e9e de lecture estim\u00e9e\" \/>\n\t<meta name=\"twitter:data1\" content=\"1 minute\" \/>\n<script type=\"application\/ld+json\" class=\"yoast-schema-graph\">{\"@context\":\"https:\/\/schema.org\",\"@graph\":[{\"@type\":\"WebPage\",\"@id\":\"https:\/\/archive.ontariocaregiver.ca\/fr\/covid-19\/\",\"url\":\"https:\/\/archive.ontariocaregiver.ca\/fr\/covid-19\/\",\"name\":\"COVID-19 - Organisme de soutien aux aidants naturels de l\u2019Ontario\",\"isPartOf\":{\"@id\":\"https:\/\/archive.ontariocaregiver.ca\/fr\/#website\"},\"primaryImageOfPage\":{\"@id\":\"https:\/\/archive.ontariocaregiver.ca\/fr\/covid-19\/#primaryimage\"},\"image\":{\"@id\":\"https:\/\/archive.ontariocaregiver.ca\/fr\/covid-19\/#primaryimage\"},\"thumbnailUrl\":\"https:\/\/ontariocaregiver.ca\/wp-content\/uploads\/2021\/08\/COVID19_Banner.jpg\",\"datePublished\":\"2020-06-08T13:53:54+00:00\",\"dateModified\":\"2022-10-06T14:28:24+00:00\",\"breadcrumb\":{\"@id\":\"https:\/\/archive.ontariocaregiver.ca\/fr\/covid-19\/#breadcrumb\"},\"inLanguage\":\"fr-FR\",\"potentialAction\":[{\"@type\":\"ReadAction\",\"target\":[\"https:\/\/archive.ontariocaregiver.ca\/fr\/covid-19\/\"]}]},{\"@type\":\"ImageObject\",\"inLanguage\":\"fr-FR\",\"@id\":\"https:\/\/archive.ontariocaregiver.ca\/fr\/covid-19\/#primaryimage\",\"url\":\"https:\/\/ontariocaregiver.ca\/wp-content\/uploads\/2021\/08\/COVID19_Banner.jpg\",\"contentUrl\":\"https:\/\/ontariocaregiver.ca\/wp-content\/uploads\/2021\/08\/COVID19_Banner.jpg\",\"width\":2121,\"height\":1414,\"caption\":\"Un plan rapproch\u00e9 d'une personne se lavant les mains\"},{\"@type\":\"BreadcrumbList\",\"@id\":\"https:\/\/archive.ontariocaregiver.ca\/fr\/covid-19\/#breadcrumb\",\"itemListElement\":[{\"@type\":\"ListItem\",\"position\":1,\"name\":\"Page principale\",\"item\":\"https:\/\/archive.ontariocaregiver.ca\/fr\/\"},{\"@type\":\"ListItem\",\"position\":2,\"name\":\"COVID-19\"}]},{\"@type\":\"WebSite\",\"@id\":\"https:\/\/archive.ontariocaregiver.ca\/fr\/#website\",\"url\":\"https:\/\/archive.ontariocaregiver.ca\/fr\/\",\"name\":\"Organisme de soutien aux aidants naturels de l\u2019Ontario\",\"description\":\"\",\"potentialAction\":[{\"@type\":\"SearchAction\",\"target\":{\"@type\":\"EntryPoint\",\"urlTemplate\":\"https:\/\/archive.ontariocaregiver.ca\/fr\/?s={search_term_string}\"},\"query-input\":{\"@type\":\"PropertyValueSpecification\",\"valueRequired\":true,\"valueName\":\"search_term_string\"}}],\"inLanguage\":\"fr-FR\"}]}<\/script>\n<!-- \/ Yoast SEO plugin. -->","yoast_head_json":{"title":"COVID-19 - Organisme de soutien aux aidants naturels de l\u2019Ontario","robots":{"index":"noindex","follow":"follow","max-snippet":"max-snippet:-1","max-image-preview":"max-image-preview:large","max-video-preview":"max-video-preview:-1"},"og_locale":"fr_FR","og_type":"article","og_title":"COVID-19 - Organisme de soutien aux aidants naturels de l\u2019Ontario","og_description":"COVID-19 \u2013 Ce que les aidants naturels doivent savoir Centre de ressources li\u00e9es \u00e0 la COVID-19 pour les aidants naturels. Maintenant plus que jamais,..","og_url":"https:\/\/archive.ontariocaregiver.ca\/fr\/covid-19\/","og_site_name":"Organisme de soutien aux aidants naturels de l\u2019Ontario","article_modified_time":"2022-10-06T14:28:24+00:00","og_image":[{"width":2121,"height":1414,"url":"https:\/\/ontariocaregiver.ca\/wp-content\/uploads\/2021\/08\/COVID19_Banner.jpg","type":"image\/jpeg"}],"twitter_card":"summary_large_image","twitter_misc":{"Dur\u00e9e de lecture estim\u00e9e":"1 minute"},"schema":{"@context":"https:\/\/schema.org","@graph":[{"@type":"WebPage","@id":"https:\/\/archive.ontariocaregiver.ca\/fr\/covid-19\/","url":"https:\/\/archive.ontariocaregiver.ca\/fr\/covid-19\/","name":"COVID-19 - Organisme de soutien aux aidants naturels de l\u2019Ontario","isPartOf":{"@id":"https:\/\/archive.ontariocaregiver.ca\/fr\/#website"},"primaryImageOfPage":{"@id":"https:\/\/archive.ontariocaregiver.ca\/fr\/covid-19\/#primaryimage"},"image":{"@id":"https:\/\/archive.ontariocaregiver.ca\/fr\/covid-19\/#primaryimage"},"thumbnailUrl":"https:\/\/ontariocaregiver.ca\/wp-content\/uploads\/2021\/08\/COVID19_Banner.jpg","datePublished":"2020-06-08T13:53:54+00:00","dateModified":"2022-10-06T14:28:24+00:00","breadcrumb":{"@id":"https:\/\/archive.ontariocaregiver.ca\/fr\/covid-19\/#breadcrumb"},"inLanguage":"fr-FR","potentialAction":[{"@type":"ReadAction","target":["https:\/\/archive.ontariocaregiver.ca\/fr\/covid-19\/"]}]},{"@type":"ImageObject","inLanguage":"fr-FR","@id":"https:\/\/archive.ontariocaregiver.ca\/fr\/covid-19\/#primaryimage","url":"https:\/\/ontariocaregiver.ca\/wp-content\/uploads\/2021\/08\/COVID19_Banner.jpg","contentUrl":"https:\/\/ontariocaregiver.ca\/wp-content\/uploads\/2021\/08\/COVID19_Banner.jpg","width":2121,"height":1414,"caption":"Un plan rapproch\u00e9 d'une personne se lavant les mains"},{"@type":"BreadcrumbList","@id":"https:\/\/archive.ontariocaregiver.ca\/fr\/covid-19\/#breadcrumb","itemListElement":[{"@type":"ListItem","position":1,"name":"Page principale","item":"https:\/\/archive.ontariocaregiver.ca\/fr\/"},{"@type":"ListItem","position":2,"name":"COVID-19"}]},{"@type":"WebSite","@id":"https:\/\/archive.ontariocaregiver.ca\/fr\/#website","url":"https:\/\/archive.ontariocaregiver.ca\/fr\/","name":"Organisme de soutien aux aidants naturels de l\u2019Ontario","description":"","potentialAction":[{"@type":"SearchAction","target":{"@type":"EntryPoint","urlTemplate":"https:\/\/archive.ontariocaregiver.ca\/fr\/?s={search_term_string}"},"query-input":{"@type":"PropertyValueSpecification","valueRequired":true,"valueName":"search_term_string"}}],"inLanguage":"fr-FR"}]}},"ticketed":false,"_links":{"self":[{"href":"https:\/\/archive.ontariocaregiver.ca\/fr\/wp-json\/wp\/v2\/pages\/3935","targetHints":{"allow":["GET"]}}],"collection":[{"href":"https:\/\/archive.ontariocaregiver.ca\/fr\/wp-json\/wp\/v2\/pages"}],"about":[{"href":"https:\/\/archive.ontariocaregiver.ca\/fr\/wp-json\/wp\/v2\/types\/page"}],"author":[{"embeddable":true,"href":"https:\/\/archive.ontariocaregiver.ca\/fr\/wp-json\/wp\/v2\/users\/2"}],"replies":[{"embeddable":true,"href":"https:\/\/archive.ontariocaregiver.ca\/fr\/wp-json\/wp\/v2\/comments?post=3935"}],"version-history":[{"count":58,"href":"https:\/\/archive.ontariocaregiver.ca\/fr\/wp-json\/wp\/v2\/pages\/3935\/revisions"}],"predecessor-version":[{"id":19752,"href":"https:\/\/archive.ontariocaregiver.ca\/fr\/wp-json\/wp\/v2\/pages\/3935\/revisions\/19752"}],"wp:featuredmedia":[{"embeddable":true,"href":"https:\/\/archive.ontariocaregiver.ca\/fr\/wp-json\/wp\/v2\/media\/11845"}],"wp:attachment":[{"href":"https:\/\/archive.ontariocaregiver.ca\/fr\/wp-json\/wp\/v2\/media?parent=3935"}],"curies":[{"name":"wp","href":"https:\/\/api.w.org\/{rel}","templated":true}]}}