{"id":2763,"date":"2020-04-16T16:09:10","date_gmt":"2020-04-16T20:09:10","guid":{"rendered":"https:\/\/archive.ontariocaregiver.ca\/caregivingcommunities\/"},"modified":"2020-07-28T16:31:20","modified_gmt":"2020-07-28T20:31:20","slug":"devenez-un-organisme-de-soutien","status":"publish","type":"page","link":"https:\/\/archive.ontariocaregiver.ca\/fr\/devenez-un-organisme-de-soutien\/","title":{"rendered":"Soutiens dans la collectivit\u00e9"},"content":{"rendered":"<div id=\"community-slider-block_5e8b99bd34726\" class=\"intro-slider community-slider tall alignfull \">\n    <div class=\"wide-row\">\n        <div class=\"slider\">\n                        <div class=\"slide\">\n                    <img loading=\"lazy\" decoding=\"async\" width=\"2560\" height=\"1147\" src=\"https:\/\/ontariocaregiver.ca\/wp-content\/uploads\/2020\/04\/Senior-woman-on-the-phone-to-customer-services-1130799054_10237x4588-scaled.jpeg\" class=\"hide-for-small-only\" alt=\"A senior woman on the phone and using digital tablet at home\" srcset=\"https:\/\/ontariocaregiver.ca\/wp-content\/uploads\/2020\/04\/Senior-woman-on-the-phone-to-customer-services-1130799054_10237x4588-scaled.jpeg 2560w, https:\/\/ontariocaregiver.ca\/wp-content\/uploads\/2020\/04\/Senior-woman-on-the-phone-to-customer-services-1130799054_10237x4588-600x269.jpeg 600w, https:\/\/ontariocaregiver.ca\/wp-content\/uploads\/2020\/04\/Senior-woman-on-the-phone-to-customer-services-1130799054_10237x4588-300x134.jpeg 300w, https:\/\/ontariocaregiver.ca\/wp-content\/uploads\/2020\/04\/Senior-woman-on-the-phone-to-customer-services-1130799054_10237x4588-1024x459.jpeg 1024w, https:\/\/ontariocaregiver.ca\/wp-content\/uploads\/2020\/04\/Senior-woman-on-the-phone-to-customer-services-1130799054_10237x4588-768x344.jpeg 768w, https:\/\/ontariocaregiver.ca\/wp-content\/uploads\/2020\/04\/Senior-woman-on-the-phone-to-customer-services-1130799054_10237x4588-1536x688.jpeg 1536w, https:\/\/ontariocaregiver.ca\/wp-content\/uploads\/2020\/04\/Senior-woman-on-the-phone-to-customer-services-1130799054_10237x4588-2048x918.jpeg 2048w\" sizes=\"auto, (max-width: 2560px) 100vw, 2560px\" \/><img loading=\"lazy\" decoding=\"async\" width=\"1600\" height=\"717\" src=\"https:\/\/ontariocaregiver.ca\/wp-content\/uploads\/2020\/04\/Senior-woman-on-the-phone-to-customer-services-1130799054_10237x4588-scaled.jpeg\" class=\"show-for-small-only\" alt=\"A senior woman on the phone and using digital tablet at home\" srcset=\"https:\/\/ontariocaregiver.ca\/wp-content\/uploads\/2020\/04\/Senior-woman-on-the-phone-to-customer-services-1130799054_10237x4588-scaled.jpeg 2560w, https:\/\/ontariocaregiver.ca\/wp-content\/uploads\/2020\/04\/Senior-woman-on-the-phone-to-customer-services-1130799054_10237x4588-600x269.jpeg 600w, https:\/\/ontariocaregiver.ca\/wp-content\/uploads\/2020\/04\/Senior-woman-on-the-phone-to-customer-services-1130799054_10237x4588-300x134.jpeg 300w, https:\/\/ontariocaregiver.ca\/wp-content\/uploads\/2020\/04\/Senior-woman-on-the-phone-to-customer-services-1130799054_10237x4588-1024x459.jpeg 1024w, https:\/\/ontariocaregiver.ca\/wp-content\/uploads\/2020\/04\/Senior-woman-on-the-phone-to-customer-services-1130799054_10237x4588-768x344.jpeg 768w, https:\/\/ontariocaregiver.ca\/wp-content\/uploads\/2020\/04\/Senior-woman-on-the-phone-to-customer-services-1130799054_10237x4588-1536x688.jpeg 1536w, https:\/\/ontariocaregiver.ca\/wp-content\/uploads\/2020\/04\/Senior-woman-on-the-phone-to-customer-services-1130799054_10237x4588-2048x918.jpeg 2048w\" sizes=\"auto, (max-width: 1600px) 100vw, 1600px\" \/>                    <div class=\"slide-details\">\n                        <h3><a href=\"#\">Trouvez du soutien. Offrez du soutien. <\/a><\/h3>\n                                                <p>\n                            Dans le cadre de la crise de la COVID-19, des organismes de tout l\u2019Ontario se mobilisent pour soutenir les membres de leur collectivit\u00e9. Le site Web Communaut\u00e9 des aidants naturels est une plateforme permettant aux particuliers et aux organismes de trouver et d\u2019offrir b\u00e9n\u00e9volement du soutien.<br \/>\r\n<br \/>\r\nAinsi, les personnes ayant besoin de se faire livrer des produits de premi\u00e8re n\u00e9cessit\u00e9 \u2014 ou tout simplement d\u2019entendre une voix amicale \u2014 peuvent savoir \u00e0 qui s\u2019adresser pour obtenir de l\u2019aide dans leur r\u00e9gion. Les foyers de soins de longue dur\u00e9e, les maisons de retraite et les logements avec aide \u00e0 la vie autonome peuvent entrer en contact avec des organismes locaux qui recueilleront et leur livreront desarticles de premi\u00e8re n\u00e9cessit\u00e9, notamment de l\u2019\u00e9quipement de protection individuelle (\u00c9PI).                        <\/p>\n                                                <a href=\"#\" data-community-modal><span>Trouvez du soutien<\/span><\/a>\n                        <a href=\"https:\/\/archive.ontariocaregiver.ca\/fr\/caregivingcommunities\/proposez-le-soutien-de-votre-organisme\/\" class=\"secondary-link\"><span>Offrez du soutien<\/span><\/a>                    <\/div>\n                                    <\/div>\n\n                <\/div>\n    <\/div>\n<\/div>\n\n\n\n<h2 class=\"has-text-align-center wp-block-heading\">Devenez un organisme communautaire d\u2019aidants naturels<\/h2>\n\n\n\n<p class=\"has-text-align-center\">Les organisations communautaires d\u2019aidants naturels sont des organismes sans but lucratif, des clubs philanthropiques et des groupes confessionnels qui \u00e9laborent des moyens efficaces de soutenir les membres de leur collectivit\u00e9. Leur soutien peut consister \u00e0 livrer des produits d\u2019\u00e9picerie et d\u2019autres biens de premi\u00e8re n\u00e9cessit\u00e9, \u00e0 faire des appels t\u00e9l\u00e9phoniques amicaux et \u00e0 offrir des jeux, des casse-t\u00eates, destablettes \u00e9lectroniques et d\u2019autres articles du m\u00eame genre pour aider les personnes en situation d\u2019isolement social. Ces organismes peuvent \u00e9galement aider les travailleurs de la sant\u00e9 locaux des foyers de soins de longue dur\u00e9e et d\u2019autres \u00e9tablissements r\u00e9sidentiels \u00e0 trouver de l\u2019\u00e9quipement de protection individuelle (\u00c9PI), notamment des masques et des gants, aupr\u00e8s de cliniques et d\u2019entreprises locales.<\/p>\n\n\n<div id=\"feature-boxes-block_5e8b9b770bd53\" class=\"feature-boxes \">\n    <div class=\"row\">\n                    <div class=\"medium-4 small-6 column\">\n                <a href=\"https:\/\/archive.ontariocaregiver.ca\/fr\/caregivingcommunities\/trouvez-du-soutien-2\/\" target=\"_self\">\n                <div class=\"box\" style=\"background-image:url('https:\/\/ontariocaregiver.ca\/wp-content\/uploads\/2020\/04\/Happy-senior-woman-with-tablet-PC-computer-at-home-1145427385_5564x3715.jpg');\">\n                    <div class=\"box-content\">\n                        Trouvez du soutien pour les particuliers                    <\/div>\n                <\/div>\n                <\/a>\n            <\/div>\n                    <div class=\"medium-4 small-6 column\">\n                <a href=\"https:\/\/archive.ontariocaregiver.ca\/fr\/caregivingcommunities\/trouvez-du-soutien\/\" target=\"_self\">\n                <div class=\"box\" style=\"background-image:url('https:\/\/ontariocaregiver.ca\/wp-content\/uploads\/2020\/04\/Disposable-mask-against-Coronavirus-2019-nCoV-droplet-infection-and-an-antibiotic-syringe.-It-lies-on-old-wood-background.-1204908145_5616x3744-scaled.jpeg');\">\n                    <div class=\"box-content\">\n                        Trouvez du soutien pour les foyers de soins de longue dur\u00e9e, les maisons de retraite et les logements avec aide \u00e0 la vie autonome                    <\/div>\n                <\/div>\n                <\/a>\n            <\/div>\n                    <div class=\"medium-4 small-6 column\">\n                <a href=\"https:\/\/archive.ontariocaregiver.ca\/fr\/caregivingcommunities\/proposez-le-soutien-de-votre-organisme\/\" target=\"_self\">\n                <div class=\"box\" style=\"background-image:url('https:\/\/ontariocaregiver.ca\/wp-content\/uploads\/2020\/04\/Woman-using-a-computer-958423794_6720x4480-scaled.jpeg');\">\n                    <div class=\"box-content\">\n                        Offrez votre soutien                    <\/div>\n                <\/div>\n                <\/a>\n            <\/div>\n            <\/div>\n<\/div>\n","protected":false},"excerpt":{"rendered":"<p>Devenez un organisme communautaire d\u2019aidants naturels Les organisations communautaires d\u2019aidants naturels sont des organismes sans but lucratif, des clubs philanthropiques et des groupes confessionnels..<\/p>\n","protected":false},"author":1,"featured_media":0,"parent":0,"menu_order":0,"comment_status":"closed","ping_status":"closed","template":"page-communityconnect.php","meta":{"_acf_changed":false,"_relevanssi_hide_post":"","_relevanssi_hide_content":"","_relevanssi_pin_for_all":"","_relevanssi_pin_keywords":"","_relevanssi_unpin_keywords":"","_relevanssi_related_keywords":"","_relevanssi_related_include_ids":"","_relevanssi_related_exclude_ids":"","_relevanssi_related_no_append":"","_relevanssi_related_not_related":"","_relevanssi_related_posts":"","_relevanssi_noindex_reason":"","_price":"","_stock":"","_tribe_ticket_header":"","_tribe_default_ticket_provider":"","_tribe_ticket_capacity":"0","_ticket_start_date":"","_ticket_end_date":"","_tribe_ticket_show_description":"","_tribe_ticket_show_not_going":false,"_tribe_ticket_use_global_stock":"","_tribe_ticket_global_stock_level":"","_global_stock_mode":"","_global_stock_cap":"","_tribe_rsvp_for_event":"","_tribe_ticket_going_count":"","_tribe_ticket_not_going_count":"","_tribe_tickets_list":[],"_tribe_ticket_has_attendee_info_fields":false,"footnotes":""},"class_list":["post-2763","page","type-page","status-publish","hentry"],"acf":[],"yoast_head":"<!-- This site is optimized with the Yoast SEO plugin v25.8 - https:\/\/yoast.com\/wordpress\/plugins\/seo\/ -->\n<title>Soutiens dans la collectivit\u00e9 - Organisme de soutien aux aidants naturels de l\u2019Ontario<\/title>\n<meta name=\"description\" content=\"Caregiving Communities is a place to find local support and provide information for organizations that are stepping up to help.\" \/>\n<meta name=\"robots\" content=\"noindex, follow, max-snippet:-1, max-image-preview:large, max-video-preview:-1\" \/>\n<meta property=\"og:locale\" content=\"fr_FR\" \/>\n<meta property=\"og:type\" content=\"article\" \/>\n<meta property=\"og:title\" content=\"Soutiens dans la collectivit\u00e9 - Organisme de soutien aux aidants naturels de l\u2019Ontario\" \/>\n<meta property=\"og:description\" content=\"Caregiving Communities is a place to find local support and provide information for organizations that are stepping up to help.\" \/>\n<meta property=\"og:url\" content=\"https:\/\/archive.ontariocaregiver.ca\/fr\/devenez-un-organisme-de-soutien\/\" \/>\n<meta property=\"og:site_name\" content=\"Organisme de soutien aux aidants naturels de l\u2019Ontario\" \/>\n<meta property=\"article:modified_time\" content=\"2020-07-28T20:31:20+00:00\" \/>\n<meta property=\"og:image\" content=\"https:\/\/ontariocaregiver.ca\/wp-content\/uploads\/2020\/04\/Senior-woman-on-the-phone-to-customer-services-1130799054_10237x4588-scaled.jpeg\" \/>\n\t<meta property=\"og:image:width\" content=\"2560\" \/>\n\t<meta property=\"og:image:height\" content=\"1147\" \/>\n\t<meta property=\"og:image:type\" content=\"image\/jpeg\" \/>\n<meta name=\"twitter:card\" content=\"summary_large_image\" \/>\n<meta name=\"twitter:description\" content=\"Caregiving Communities is a place to find local support and provide information for organizations that are stepping up to help.\" \/>\n<meta name=\"twitter:image\" content=\"https:\/\/ontariocaregiver.ca\/wp-content\/uploads\/2020\/04\/Senior-woman-on-the-phone-to-customer-services-1130799054_10237x4588-scaled.jpeg\" \/>\n<meta name=\"twitter:label1\" content=\"Dur\u00e9e de lecture estim\u00e9e\" \/>\n\t<meta name=\"twitter:data1\" content=\"1 minute\" \/>\n<script type=\"application\/ld+json\" class=\"yoast-schema-graph\">{\"@context\":\"https:\/\/schema.org\",\"@graph\":[{\"@type\":\"WebPage\",\"@id\":\"https:\/\/archive.ontariocaregiver.ca\/fr\/devenez-un-organisme-de-soutien\/\",\"url\":\"https:\/\/archive.ontariocaregiver.ca\/fr\/devenez-un-organisme-de-soutien\/\",\"name\":\"Soutiens dans la collectivit\u00e9 - Organisme de soutien aux aidants naturels de l\u2019Ontario\",\"isPartOf\":{\"@id\":\"https:\/\/archive.ontariocaregiver.ca\/fr\/#website\"},\"datePublished\":\"2020-04-16T20:09:10+00:00\",\"dateModified\":\"2020-07-28T20:31:20+00:00\",\"description\":\"Caregiving Communities is a place to find local support and provide information for organizations that are stepping up to help.\",\"breadcrumb\":{\"@id\":\"https:\/\/archive.ontariocaregiver.ca\/fr\/devenez-un-organisme-de-soutien\/#breadcrumb\"},\"inLanguage\":\"fr-FR\",\"potentialAction\":[{\"@type\":\"ReadAction\",\"target\":[\"https:\/\/archive.ontariocaregiver.ca\/fr\/devenez-un-organisme-de-soutien\/\"]}]},{\"@type\":\"BreadcrumbList\",\"@id\":\"https:\/\/archive.ontariocaregiver.ca\/fr\/devenez-un-organisme-de-soutien\/#breadcrumb\",\"itemListElement\":[{\"@type\":\"ListItem\",\"position\":1,\"name\":\"Page principale\",\"item\":\"https:\/\/archive.ontariocaregiver.ca\/fr\/\"},{\"@type\":\"ListItem\",\"position\":2,\"name\":\"Soutiens dans la collectivit\u00e9\"}]},{\"@type\":\"WebSite\",\"@id\":\"https:\/\/archive.ontariocaregiver.ca\/fr\/#website\",\"url\":\"https:\/\/archive.ontariocaregiver.ca\/fr\/\",\"name\":\"Organisme de soutien aux aidants naturels de l\u2019Ontario\",\"description\":\"\",\"potentialAction\":[{\"@type\":\"SearchAction\",\"target\":{\"@type\":\"EntryPoint\",\"urlTemplate\":\"https:\/\/archive.ontariocaregiver.ca\/fr\/?s={search_term_string}\"},\"query-input\":{\"@type\":\"PropertyValueSpecification\",\"valueRequired\":true,\"valueName\":\"search_term_string\"}}],\"inLanguage\":\"fr-FR\"}]}<\/script>\n<!-- \/ Yoast SEO plugin. -->","yoast_head_json":{"title":"Soutiens dans la collectivit\u00e9 - Organisme de soutien aux aidants naturels de l\u2019Ontario","description":"Caregiving Communities is a place to find local support and provide information for organizations that are stepping up to help.","robots":{"index":"noindex","follow":"follow","max-snippet":"max-snippet:-1","max-image-preview":"max-image-preview:large","max-video-preview":"max-video-preview:-1"},"og_locale":"fr_FR","og_type":"article","og_title":"Soutiens dans la collectivit\u00e9 - Organisme de soutien aux aidants naturels de l\u2019Ontario","og_description":"Caregiving Communities is a place to find local support and provide information for organizations that are stepping up to help.","og_url":"https:\/\/archive.ontariocaregiver.ca\/fr\/devenez-un-organisme-de-soutien\/","og_site_name":"Organisme de soutien aux aidants naturels de l\u2019Ontario","article_modified_time":"2020-07-28T20:31:20+00:00","og_image":[{"width":2560,"height":1147,"url":"https:\/\/ontariocaregiver.ca\/wp-content\/uploads\/2020\/04\/Senior-woman-on-the-phone-to-customer-services-1130799054_10237x4588-scaled.jpeg","type":"image\/jpeg"}],"twitter_card":"summary_large_image","twitter_description":"Caregiving Communities is a place to find local support and provide information for organizations that are stepping up to help.","twitter_image":"https:\/\/ontariocaregiver.ca\/wp-content\/uploads\/2020\/04\/Senior-woman-on-the-phone-to-customer-services-1130799054_10237x4588-scaled.jpeg","twitter_misc":{"Dur\u00e9e de lecture estim\u00e9e":"1 minute"},"schema":{"@context":"https:\/\/schema.org","@graph":[{"@type":"WebPage","@id":"https:\/\/archive.ontariocaregiver.ca\/fr\/devenez-un-organisme-de-soutien\/","url":"https:\/\/archive.ontariocaregiver.ca\/fr\/devenez-un-organisme-de-soutien\/","name":"Soutiens dans la collectivit\u00e9 - Organisme de soutien aux aidants naturels de l\u2019Ontario","isPartOf":{"@id":"https:\/\/archive.ontariocaregiver.ca\/fr\/#website"},"datePublished":"2020-04-16T20:09:10+00:00","dateModified":"2020-07-28T20:31:20+00:00","description":"Caregiving Communities is a place to find local support and provide information for organizations that are stepping up to help.","breadcrumb":{"@id":"https:\/\/archive.ontariocaregiver.ca\/fr\/devenez-un-organisme-de-soutien\/#breadcrumb"},"inLanguage":"fr-FR","potentialAction":[{"@type":"ReadAction","target":["https:\/\/archive.ontariocaregiver.ca\/fr\/devenez-un-organisme-de-soutien\/"]}]},{"@type":"BreadcrumbList","@id":"https:\/\/archive.ontariocaregiver.ca\/fr\/devenez-un-organisme-de-soutien\/#breadcrumb","itemListElement":[{"@type":"ListItem","position":1,"name":"Page principale","item":"https:\/\/archive.ontariocaregiver.ca\/fr\/"},{"@type":"ListItem","position":2,"name":"Soutiens dans la collectivit\u00e9"}]},{"@type":"WebSite","@id":"https:\/\/archive.ontariocaregiver.ca\/fr\/#website","url":"https:\/\/archive.ontariocaregiver.ca\/fr\/","name":"Organisme de soutien aux aidants naturels de l\u2019Ontario","description":"","potentialAction":[{"@type":"SearchAction","target":{"@type":"EntryPoint","urlTemplate":"https:\/\/archive.ontariocaregiver.ca\/fr\/?s={search_term_string}"},"query-input":{"@type":"PropertyValueSpecification","valueRequired":true,"valueName":"search_term_string"}}],"inLanguage":"fr-FR"}]}},"ticketed":false,"_links":{"self":[{"href":"https:\/\/archive.ontariocaregiver.ca\/fr\/wp-json\/wp\/v2\/pages\/2763","targetHints":{"allow":["GET"]}}],"collection":[{"href":"https:\/\/archive.ontariocaregiver.ca\/fr\/wp-json\/wp\/v2\/pages"}],"about":[{"href":"https:\/\/archive.ontariocaregiver.ca\/fr\/wp-json\/wp\/v2\/types\/page"}],"author":[{"embeddable":true,"href":"https:\/\/archive.ontariocaregiver.ca\/fr\/wp-json\/wp\/v2\/users\/1"}],"replies":[{"embeddable":true,"href":"https:\/\/archive.ontariocaregiver.ca\/fr\/wp-json\/wp\/v2\/comments?post=2763"}],"version-history":[{"count":10,"href":"https:\/\/archive.ontariocaregiver.ca\/fr\/wp-json\/wp\/v2\/pages\/2763\/revisions"}],"predecessor-version":[{"id":5581,"href":"https:\/\/archive.ontariocaregiver.ca\/fr\/wp-json\/wp\/v2\/pages\/2763\/revisions\/5581"}],"wp:attachment":[{"href":"https:\/\/archive.ontariocaregiver.ca\/fr\/wp-json\/wp\/v2\/media?parent=2763"}],"curies":[{"name":"wp","href":"https:\/\/api.w.org\/{rel}","templated":true}]}}