{"id":2739,"date":"2020-04-05T19:24:04","date_gmt":"2020-04-05T23:24:04","guid":{"rendered":"https:\/\/archive.ontariocaregiver.ca\/find-support-individuals\/"},"modified":"2020-04-16T15:02:10","modified_gmt":"2020-04-16T19:02:10","slug":"trouvez-du-soutien","status":"publish","type":"page","link":"https:\/\/archive.ontariocaregiver.ca\/fr\/trouvez-du-soutien\/","title":{"rendered":"Trouvez du soutien"},"content":{"rendered":"\n<p>L\u2019\u00e9loignement physique et l\u2019auto-isolement peuvent \u00eatre difficiles \u00e0 vivre. Renseignez-vous sur les organismes qui apportent leur aide dans votre r\u00e9gion en livrant des produits d\u2019\u00e9picerie, des m\u00e9dicaments et d\u2019autres articles de premi\u00e8re n\u00e9cessit\u00e9 ou en offrant une voix amicale et un soutien social. <\/p>\n\n\n\n<p>Si aucun soutien n\u2019est actuellement r\u00e9pertori\u00e9 dans votre collectivit\u00e9, veuillez consulter de nouveau cette page \u00e0 une date ult\u00e9rieure. Nous nous effor\u00e7ons d\u2019inciter un plus grand nombre d\u2019organismes locaux \u00e0 fournir de l\u2019aide. Dites-nous(link to Offer Support form) quels organismes nous devrions ajouter \u00e0 notre liste.<\/p>\n\n\n\n<p>Si vous recevez de l\u2019aide pour vos achats, prot\u00e9gez-vous en veillant \u00e0 ce que les articles soient d\u00e9pos\u00e9s devant votre porte et prot\u00e9gez vos renseignements bancaires en payant directement le magasin chaque fois que possible.<\/p>\n","protected":false},"excerpt":{"rendered":"<p>L\u2019\u00e9loignement physique et l\u2019auto-isolement peuvent \u00eatre difficiles \u00e0 vivre. Renseignez-vous sur les organismes qui apportent leur aide dans votre r\u00e9gion en livrant des produits..<\/p>\n","protected":false},"author":1,"featured_media":0,"parent":0,"menu_order":0,"comment_status":"closed","ping_status":"closed","template":"page-find-support-template.php","meta":{"_acf_changed":false,"_relevanssi_hide_post":"","_relevanssi_hide_content":"","_relevanssi_pin_for_all":"","_relevanssi_pin_keywords":"","_relevanssi_unpin_keywords":"","_relevanssi_related_keywords":"","_relevanssi_related_include_ids":"","_relevanssi_related_exclude_ids":"","_relevanssi_related_no_append":"","_relevanssi_related_not_related":"","_relevanssi_related_posts":"","_relevanssi_noindex_reason":"","_price":"","_stock":"","_tribe_ticket_header":"","_tribe_default_ticket_provider":"","_tribe_ticket_capacity":"0","_ticket_start_date":"","_ticket_end_date":"","_tribe_ticket_show_description":"","_tribe_ticket_show_not_going":false,"_tribe_ticket_use_global_stock":"","_tribe_ticket_global_stock_level":"","_global_stock_mode":"","_global_stock_cap":"","_tribe_rsvp_for_event":"","_tribe_ticket_going_count":"","_tribe_ticket_not_going_count":"","_tribe_tickets_list":[],"_tribe_ticket_has_attendee_info_fields":false,"footnotes":""},"class_list":["post-2739","page","type-page","status-publish","hentry"],"acf":[],"yoast_head":"<!-- This site is optimized with the Yoast SEO plugin v25.8 - https:\/\/yoast.com\/wordpress\/plugins\/seo\/ -->\n<title>Trouvez du soutien - Organisme de soutien aux aidants naturels de l\u2019Ontario<\/title>\n<meta name=\"robots\" content=\"noindex, follow, max-snippet:-1, max-image-preview:large, max-video-preview:-1\" \/>\n<meta property=\"og:locale\" content=\"fr_FR\" \/>\n<meta property=\"og:type\" content=\"article\" \/>\n<meta property=\"og:title\" content=\"Trouvez du soutien - Organisme de soutien aux aidants naturels de l\u2019Ontario\" \/>\n<meta property=\"og:description\" content=\"L\u2019\u00e9loignement physique et l\u2019auto-isolement peuvent \u00eatre difficiles \u00e0 vivre. Renseignez-vous sur les organismes qui apportent leur aide dans votre r\u00e9gion en livrant des produits..\" \/>\n<meta property=\"og:url\" content=\"https:\/\/archive.ontariocaregiver.ca\/fr\/trouvez-du-soutien\/\" \/>\n<meta property=\"og:site_name\" content=\"Organisme de soutien aux aidants naturels de l\u2019Ontario\" \/>\n<meta property=\"article:modified_time\" content=\"2020-04-16T19:02:10+00:00\" \/>\n<meta name=\"twitter:card\" content=\"summary_large_image\" \/>\n<meta name=\"twitter:label1\" content=\"Dur\u00e9e de lecture estim\u00e9e\" \/>\n\t<meta name=\"twitter:data1\" content=\"1 minute\" \/>\n<script type=\"application\/ld+json\" class=\"yoast-schema-graph\">{\"@context\":\"https:\/\/schema.org\",\"@graph\":[{\"@type\":\"WebPage\",\"@id\":\"https:\/\/archive.ontariocaregiver.ca\/fr\/trouvez-du-soutien\/\",\"url\":\"https:\/\/archive.ontariocaregiver.ca\/fr\/trouvez-du-soutien\/\",\"name\":\"Trouvez du soutien - Organisme de soutien aux aidants naturels de l\u2019Ontario\",\"isPartOf\":{\"@id\":\"https:\/\/archive.ontariocaregiver.ca\/fr\/#website\"},\"datePublished\":\"2020-04-05T23:24:04+00:00\",\"dateModified\":\"2020-04-16T19:02:10+00:00\",\"breadcrumb\":{\"@id\":\"https:\/\/archive.ontariocaregiver.ca\/fr\/trouvez-du-soutien\/#breadcrumb\"},\"inLanguage\":\"fr-FR\",\"potentialAction\":[{\"@type\":\"ReadAction\",\"target\":[\"https:\/\/archive.ontariocaregiver.ca\/fr\/trouvez-du-soutien\/\"]}]},{\"@type\":\"BreadcrumbList\",\"@id\":\"https:\/\/archive.ontariocaregiver.ca\/fr\/trouvez-du-soutien\/#breadcrumb\",\"itemListElement\":[{\"@type\":\"ListItem\",\"position\":1,\"name\":\"Page principale\",\"item\":\"https:\/\/archive.ontariocaregiver.ca\/fr\/\"},{\"@type\":\"ListItem\",\"position\":2,\"name\":\"Trouvez du soutien\"}]},{\"@type\":\"WebSite\",\"@id\":\"https:\/\/archive.ontariocaregiver.ca\/fr\/#website\",\"url\":\"https:\/\/archive.ontariocaregiver.ca\/fr\/\",\"name\":\"Organisme de soutien aux aidants naturels de l\u2019Ontario\",\"description\":\"\",\"potentialAction\":[{\"@type\":\"SearchAction\",\"target\":{\"@type\":\"EntryPoint\",\"urlTemplate\":\"https:\/\/archive.ontariocaregiver.ca\/fr\/?s={search_term_string}\"},\"query-input\":{\"@type\":\"PropertyValueSpecification\",\"valueRequired\":true,\"valueName\":\"search_term_string\"}}],\"inLanguage\":\"fr-FR\"}]}<\/script>\n<!-- \/ Yoast SEO plugin. -->","yoast_head_json":{"title":"Trouvez du soutien - Organisme de soutien aux aidants naturels de l\u2019Ontario","robots":{"index":"noindex","follow":"follow","max-snippet":"max-snippet:-1","max-image-preview":"max-image-preview:large","max-video-preview":"max-video-preview:-1"},"og_locale":"fr_FR","og_type":"article","og_title":"Trouvez du soutien - Organisme de soutien aux aidants naturels de l\u2019Ontario","og_description":"L\u2019\u00e9loignement physique et l\u2019auto-isolement peuvent \u00eatre difficiles \u00e0 vivre. Renseignez-vous sur les organismes qui apportent leur aide dans votre r\u00e9gion en livrant des produits..","og_url":"https:\/\/archive.ontariocaregiver.ca\/fr\/trouvez-du-soutien\/","og_site_name":"Organisme de soutien aux aidants naturels de l\u2019Ontario","article_modified_time":"2020-04-16T19:02:10+00:00","twitter_card":"summary_large_image","twitter_misc":{"Dur\u00e9e de lecture estim\u00e9e":"1 minute"},"schema":{"@context":"https:\/\/schema.org","@graph":[{"@type":"WebPage","@id":"https:\/\/archive.ontariocaregiver.ca\/fr\/trouvez-du-soutien\/","url":"https:\/\/archive.ontariocaregiver.ca\/fr\/trouvez-du-soutien\/","name":"Trouvez du soutien - Organisme de soutien aux aidants naturels de l\u2019Ontario","isPartOf":{"@id":"https:\/\/archive.ontariocaregiver.ca\/fr\/#website"},"datePublished":"2020-04-05T23:24:04+00:00","dateModified":"2020-04-16T19:02:10+00:00","breadcrumb":{"@id":"https:\/\/archive.ontariocaregiver.ca\/fr\/trouvez-du-soutien\/#breadcrumb"},"inLanguage":"fr-FR","potentialAction":[{"@type":"ReadAction","target":["https:\/\/archive.ontariocaregiver.ca\/fr\/trouvez-du-soutien\/"]}]},{"@type":"BreadcrumbList","@id":"https:\/\/archive.ontariocaregiver.ca\/fr\/trouvez-du-soutien\/#breadcrumb","itemListElement":[{"@type":"ListItem","position":1,"name":"Page principale","item":"https:\/\/archive.ontariocaregiver.ca\/fr\/"},{"@type":"ListItem","position":2,"name":"Trouvez du soutien"}]},{"@type":"WebSite","@id":"https:\/\/archive.ontariocaregiver.ca\/fr\/#website","url":"https:\/\/archive.ontariocaregiver.ca\/fr\/","name":"Organisme de soutien aux aidants naturels de l\u2019Ontario","description":"","potentialAction":[{"@type":"SearchAction","target":{"@type":"EntryPoint","urlTemplate":"https:\/\/archive.ontariocaregiver.ca\/fr\/?s={search_term_string}"},"query-input":{"@type":"PropertyValueSpecification","valueRequired":true,"valueName":"search_term_string"}}],"inLanguage":"fr-FR"}]}},"ticketed":false,"_links":{"self":[{"href":"https:\/\/archive.ontariocaregiver.ca\/fr\/wp-json\/wp\/v2\/pages\/2739","targetHints":{"allow":["GET"]}}],"collection":[{"href":"https:\/\/archive.ontariocaregiver.ca\/fr\/wp-json\/wp\/v2\/pages"}],"about":[{"href":"https:\/\/archive.ontariocaregiver.ca\/fr\/wp-json\/wp\/v2\/types\/page"}],"author":[{"embeddable":true,"href":"https:\/\/archive.ontariocaregiver.ca\/fr\/wp-json\/wp\/v2\/users\/1"}],"replies":[{"embeddable":true,"href":"https:\/\/archive.ontariocaregiver.ca\/fr\/wp-json\/wp\/v2\/comments?post=2739"}],"version-history":[{"count":4,"href":"https:\/\/archive.ontariocaregiver.ca\/fr\/wp-json\/wp\/v2\/pages\/2739\/revisions"}],"predecessor-version":[{"id":2743,"href":"https:\/\/archive.ontariocaregiver.ca\/fr\/wp-json\/wp\/v2\/pages\/2739\/revisions\/2743"}],"wp:attachment":[{"href":"https:\/\/archive.ontariocaregiver.ca\/fr\/wp-json\/wp\/v2\/media?parent=2739"}],"curies":[{"name":"wp","href":"https:\/\/api.w.org\/{rel}","templated":true}]}}