{"id":24799,"date":"2023-12-01T14:37:59","date_gmt":"2023-12-01T19:37:59","guid":{"rendered":"https:\/\/archive.ontariocaregiver.ca\/?page_id=24799"},"modified":"2023-12-01T14:38:00","modified_gmt":"2023-12-01T19:38:00","slug":"evenements-dapprentissage-et-webinaires","status":"publish","type":"page","link":"https:\/\/archive.ontariocaregiver.ca\/fr\/pour-prestataires\/aidants-naturels-et-equipes-sante-ontario\/evenements-dapprentissage-et-webinaires\/","title":{"rendered":"\u00c9v\u00e9nements d\u2019apprentissage et webinaires \u00a0"},"content":{"rendered":"\n<h1 class=\"wp-block-heading\">\u00c9v\u00e9nements et enregistrements pass\u00e9s<\/h1>\n\n\n\n<p><em>(Certains sont disponibles en anglais seulement)<\/em><\/p>\n\n\n\n<ul class=\"wp-block-list\">\n<li><a href=\"https:\/\/www.youtube.com\/watch?v=4KAkQERP5-U\" target=\"_blank\" rel=\"noreferrer noopener\"><strong>Strat\u00e9gies d\u2019engagement, d\u2019inclusion et de soutien aupr\u00e8s des personnes aidantes naturelles dans les mod\u00e8les de planification et de prestation de services de l\u2019\u00c9quipe Sant\u00e9 Ontario<\/strong><\/a>\u00a0: 22\u00a0mars 2023. En Ontario, 4\u00a0millions de personnes aidantes naturelles jouent un r\u00f4le essentiel dans notre syst\u00e8me de soins de sant\u00e9. \u00c9coutez comment les ESO ont fait participer les personnes aidantes naturelles \u00e0 la planification et \u00e0 la conception de leurs mod\u00e8les de soins et l\u2019impact sur le soutien et l\u2019inclusion des personnes aidantes naturelles au sein de leur communaut\u00e9.<\/li>\n\n\n\n<li><a href=\"https:\/\/youtu.be\/zDpeYz5v974\" target=\"_blank\" rel=\"noreferrer noopener\"><strong>Le r\u00f4le essentiel des personnes aidantes naturelles dans l\u2019am\u00e9lioration des transitions et la prise en compte des autres niveaux de soins\u00a0: r\u00e9flexions, pratiques exemplaires et ressources pour les \u00c9quipes Sant\u00e9 Ontario<\/strong><\/a>\u00a0: 22\u00a0octobre 2022. Ce webinaire met en lumi\u00e8re les pratiques exemplaires qui facilitent la participation des personnes aidantes naturelles dans l\u2019\u00e9quipe de soins, axes sur les pratiques exemplaires des ANS. \u00c9coutez les points de vue des personnes aidantes naturelles et des experts, ainsi que les principales consid\u00e9rations et ressources.<\/li>\n\n\n\n<li><a href=\"https:\/\/www.youtube.com\/watch?v=CBCNzmnwFPc\" target=\"_blank\" rel=\"noreferrer noopener\"><strong>Favoriser le bien-\u00eatre des personnes aidantes naturelles au sein des \u00c9quipes Sant\u00e9 Ontario\u00a0: Renforcer la r\u00e9silience et r\u00e9duire le risque d\u2019\u00e9puisement chez des personnes aidantes naturelles<\/strong><\/a>\u00a0: 2\u00a0mars 2022. Il y a de plus en plus de donn\u00e9es probantes indiquant que le bien-\u00eatre des personnes aidantes naturelles est au c\u0153ur de la r\u00e9alisation des objectifs quadruples qui sont de meilleurs r\u00e9sultats de sant\u00e9, une meilleure exp\u00e9rience pour les patients\/personnes aidantes naturelles, une meilleure exp\u00e9rience pour le personnel et les prestataires et entra\u00eener une efficacit\u00e9 accrue des soins de sant\u00e9. \u00c9coutez le point de vue d\u2019une personne aidante naturelle et d\u00e9couvrez les strat\u00e9gies adopt\u00e9es par les ESO pour mettre les personnes aidantes naturelles en contact avec les soutiens dont elles ont besoin.<\/li>\n\n\n\n<li><a href=\"https:\/\/www.youtube.com\/watch?v=7P4V-N0m_zY&amp;list=PLoVqQnCbbIiOHpg58UWWJFA1HXvkyM2vX&amp;index=8\" target=\"_blank\" rel=\"noreferrer noopener\"><strong>Partenaires de soins\u00a0: Inclusion des personnes aidantes naturelles dans l\u2019\u00e9quipe de soins<\/strong><\/a>\u00a0: 22\u00a0septembre 2021. \u00c9coutez les t\u00e9moignages de trois \u00c9quipes Sant\u00e9 Ontario qui ont adopt\u00e9 des initiatives d\u2019aidance naturelle pour am\u00e9liorer les r\u00e9sultats de sant\u00e9 et les exp\u00e9riences des patients et des personnes aidantes naturelles au sein de leur ESO. D\u00e9couvrez les donn\u00e9es probantes, les strat\u00e9gies cl\u00e9s et les ressources pour soutenir l\u2019inclusion des personnes aidantes naturelles dans l\u2019\u00e9quipe de soins.<\/li>\n\n\n\n<li><a href=\"https:\/\/www.youtube.com\/watch?v=znF9e9I9rCU&amp;list=PLoVqQnCbbIiOHpg58UWWJFA1HXvkyM2vX&amp;index=1\" target=\"_blank\" rel=\"noreferrer noopener\"><strong>Soutien et engagement des personnes aidantes naturelles au sein des \u00c9quipes Sant\u00e9 Ontario<\/strong><\/a>\u00a0: 3\u00a0f\u00e9vrier 2021. D\u00e9couvrez les ressources et les programmes offerts par l\u2019Organisme de soutien aux aidants naturels de l\u2019Ontario qui peuvent aider les ESO \u00e0 soutenir et \u00e0 engager les personnes aidantes naturelles.<\/li>\n\n\n\n<li><a href=\"https:\/\/www.youtube.com\/watch?v=jCw-JXoqIKo\" target=\"_blank\" rel=\"noreferrer noopener\"><strong>Perspectives des personnes aidantes naturelles<\/strong><\/a>\u00a0: Regardez une vid\u00e9o et d\u00e9couvrez ce que Carole Ann Alloway et Omar Khan, des personnes aidantes naturelles, parler de l\u2019engagement significatif et authentique des personnes ayant de l\u2019exp\u00e9rience v\u00e9cue d\u2019aidance naturelle.<\/li>\n<\/ul>\n","protected":false},"excerpt":{"rendered":"<p>\u00c9v\u00e9nements et enregistrements pass\u00e9s (Certains sont disponibles en anglais seulement)<\/p>\n","protected":false},"author":7,"featured_media":24773,"parent":7612,"menu_order":0,"comment_status":"closed","ping_status":"closed","template":"","meta":{"_acf_changed":false,"_relevanssi_hide_post":"","_relevanssi_hide_content":"","_relevanssi_pin_for_all":"","_relevanssi_pin_keywords":"","_relevanssi_unpin_keywords":"","_relevanssi_related_keywords":"","_relevanssi_related_include_ids":"","_relevanssi_related_exclude_ids":"","_relevanssi_related_no_append":"","_relevanssi_related_not_related":"","_relevanssi_related_posts":"10346,9327,1050,15701,8416,9322","_relevanssi_noindex_reason":"","_price":"","_stock":"","_tribe_ticket_header":"","_tribe_default_ticket_provider":"","_tribe_ticket_capacity":"0","_ticket_start_date":"","_ticket_end_date":"","_tribe_ticket_show_description":"","_tribe_ticket_show_not_going":false,"_tribe_ticket_use_global_stock":"","_tribe_ticket_global_stock_level":"","_global_stock_mode":"","_global_stock_cap":"","_tribe_rsvp_for_event":"","_tribe_ticket_going_count":"","_tribe_ticket_not_going_count":"","_tribe_tickets_list":[],"_tribe_ticket_has_attendee_info_fields":false,"footnotes":""},"class_list":["post-24799","page","type-page","status-publish","has-post-thumbnail","hentry"],"acf":[],"yoast_head":"<!-- This site is optimized with the Yoast SEO plugin v25.8 - https:\/\/yoast.com\/wordpress\/plugins\/seo\/ -->\n<title>\u00c9v\u00e9nements d\u2019apprentissage et webinaires \u00a0 - Organisme de soutien aux aidants naturels de l\u2019Ontario<\/title>\n<meta name=\"robots\" content=\"noindex, follow, max-snippet:-1, max-image-preview:large, max-video-preview:-1\" \/>\n<meta property=\"og:locale\" content=\"fr_FR\" \/>\n<meta property=\"og:type\" content=\"article\" \/>\n<meta property=\"og:title\" content=\"\u00c9v\u00e9nements d\u2019apprentissage et webinaires \u00a0 - Organisme de soutien aux aidants naturels de l\u2019Ontario\" \/>\n<meta property=\"og:description\" content=\"\u00c9v\u00e9nements et enregistrements pass\u00e9s (Certains sont disponibles en anglais seulement)\" \/>\n<meta property=\"og:url\" content=\"https:\/\/archive.ontariocaregiver.ca\/fr\/pour-prestataires\/aidants-naturels-et-equipes-sante-ontario\/evenements-dapprentissage-et-webinaires\/\" \/>\n<meta property=\"og:site_name\" content=\"Organisme de soutien aux aidants naturels de l\u2019Ontario\" \/>\n<meta property=\"article:modified_time\" content=\"2023-12-01T19:38:00+00:00\" \/>\n<meta property=\"og:image\" content=\"https:\/\/ontariocaregiver.ca\/wp-content\/uploads\/2023\/12\/iStock-1332475767-scaled.jpg\" \/>\n\t<meta property=\"og:image:width\" content=\"2560\" \/>\n\t<meta property=\"og:image:height\" content=\"1829\" \/>\n\t<meta property=\"og:image:type\" content=\"image\/jpeg\" \/>\n<meta name=\"twitter:card\" content=\"summary_large_image\" \/>\n<meta name=\"twitter:label1\" content=\"Dur\u00e9e de lecture estim\u00e9e\" \/>\n\t<meta name=\"twitter:data1\" content=\"2 minutes\" \/>\n<script type=\"application\/ld+json\" class=\"yoast-schema-graph\">{\"@context\":\"https:\/\/schema.org\",\"@graph\":[{\"@type\":\"WebPage\",\"@id\":\"https:\/\/archive.ontariocaregiver.ca\/fr\/pour-prestataires\/aidants-naturels-et-equipes-sante-ontario\/evenements-dapprentissage-et-webinaires\/\",\"url\":\"https:\/\/archive.ontariocaregiver.ca\/fr\/pour-prestataires\/aidants-naturels-et-equipes-sante-ontario\/evenements-dapprentissage-et-webinaires\/\",\"name\":\"\u00c9v\u00e9nements d\u2019apprentissage et webinaires \u00a0 - Organisme de soutien aux aidants naturels de l\u2019Ontario\",\"isPartOf\":{\"@id\":\"https:\/\/archive.ontariocaregiver.ca\/fr\/#website\"},\"primaryImageOfPage\":{\"@id\":\"https:\/\/archive.ontariocaregiver.ca\/fr\/pour-prestataires\/aidants-naturels-et-equipes-sante-ontario\/evenements-dapprentissage-et-webinaires\/#primaryimage\"},\"image\":{\"@id\":\"https:\/\/archive.ontariocaregiver.ca\/fr\/pour-prestataires\/aidants-naturels-et-equipes-sante-ontario\/evenements-dapprentissage-et-webinaires\/#primaryimage\"},\"thumbnailUrl\":\"https:\/\/ontariocaregiver.ca\/wp-content\/uploads\/2023\/12\/iStock-1332475767-scaled.jpg\",\"datePublished\":\"2023-12-01T19:37:59+00:00\",\"dateModified\":\"2023-12-01T19:38:00+00:00\",\"breadcrumb\":{\"@id\":\"https:\/\/archive.ontariocaregiver.ca\/fr\/pour-prestataires\/aidants-naturels-et-equipes-sante-ontario\/evenements-dapprentissage-et-webinaires\/#breadcrumb\"},\"inLanguage\":\"fr-FR\",\"potentialAction\":[{\"@type\":\"ReadAction\",\"target\":[\"https:\/\/archive.ontariocaregiver.ca\/fr\/pour-prestataires\/aidants-naturels-et-equipes-sante-ontario\/evenements-dapprentissage-et-webinaires\/\"]}]},{\"@type\":\"ImageObject\",\"inLanguage\":\"fr-FR\",\"@id\":\"https:\/\/archive.ontariocaregiver.ca\/fr\/pour-prestataires\/aidants-naturels-et-equipes-sante-ontario\/evenements-dapprentissage-et-webinaires\/#primaryimage\",\"url\":\"https:\/\/ontariocaregiver.ca\/wp-content\/uploads\/2023\/12\/iStock-1332475767-scaled.jpg\",\"contentUrl\":\"https:\/\/ontariocaregiver.ca\/wp-content\/uploads\/2023\/12\/iStock-1332475767-scaled.jpg\",\"width\":2560,\"height\":1829,\"caption\":\"webinaire entre professionels de la sant\u00e9\"},{\"@type\":\"BreadcrumbList\",\"@id\":\"https:\/\/archive.ontariocaregiver.ca\/fr\/pour-prestataires\/aidants-naturels-et-equipes-sante-ontario\/evenements-dapprentissage-et-webinaires\/#breadcrumb\",\"itemListElement\":[{\"@type\":\"ListItem\",\"position\":1,\"name\":\"Page principale\",\"item\":\"https:\/\/archive.ontariocaregiver.ca\/fr\/\"},{\"@type\":\"ListItem\",\"position\":2,\"name\":\"Centre de ressources pour les prestataires de soins de sant\u00e9\",\"item\":\"https:\/\/archive.ontariocaregiver.ca\/fr\/for-providers\/\"},{\"@type\":\"ListItem\",\"position\":3,\"name\":\"Les personnes aidantes naturelles et les \u00c9quipes Sant\u00e9 Ontario\",\"item\":\"https:\/\/archive.ontariocaregiver.ca\/fr\/for-providers\/caregivers-and-ontario-health-teams\/\"},{\"@type\":\"ListItem\",\"position\":4,\"name\":\"\u00c9v\u00e9nements d\u2019apprentissage et webinaires \u00a0\"}]},{\"@type\":\"WebSite\",\"@id\":\"https:\/\/archive.ontariocaregiver.ca\/fr\/#website\",\"url\":\"https:\/\/archive.ontariocaregiver.ca\/fr\/\",\"name\":\"Organisme de soutien aux aidants naturels de l\u2019Ontario\",\"description\":\"\",\"potentialAction\":[{\"@type\":\"SearchAction\",\"target\":{\"@type\":\"EntryPoint\",\"urlTemplate\":\"https:\/\/archive.ontariocaregiver.ca\/fr\/?s={search_term_string}\"},\"query-input\":{\"@type\":\"PropertyValueSpecification\",\"valueRequired\":true,\"valueName\":\"search_term_string\"}}],\"inLanguage\":\"fr-FR\"}]}<\/script>\n<!-- \/ Yoast SEO plugin. -->","yoast_head_json":{"title":"\u00c9v\u00e9nements d\u2019apprentissage et webinaires \u00a0 - Organisme de soutien aux aidants naturels de l\u2019Ontario","robots":{"index":"noindex","follow":"follow","max-snippet":"max-snippet:-1","max-image-preview":"max-image-preview:large","max-video-preview":"max-video-preview:-1"},"og_locale":"fr_FR","og_type":"article","og_title":"\u00c9v\u00e9nements d\u2019apprentissage et webinaires \u00a0 - Organisme de soutien aux aidants naturels de l\u2019Ontario","og_description":"\u00c9v\u00e9nements et enregistrements pass\u00e9s (Certains sont disponibles en anglais seulement)","og_url":"https:\/\/archive.ontariocaregiver.ca\/fr\/pour-prestataires\/aidants-naturels-et-equipes-sante-ontario\/evenements-dapprentissage-et-webinaires\/","og_site_name":"Organisme de soutien aux aidants naturels de l\u2019Ontario","article_modified_time":"2023-12-01T19:38:00+00:00","og_image":[{"width":2560,"height":1829,"url":"https:\/\/ontariocaregiver.ca\/wp-content\/uploads\/2023\/12\/iStock-1332475767-scaled.jpg","type":"image\/jpeg"}],"twitter_card":"summary_large_image","twitter_misc":{"Dur\u00e9e de lecture estim\u00e9e":"2 minutes"},"schema":{"@context":"https:\/\/schema.org","@graph":[{"@type":"WebPage","@id":"https:\/\/archive.ontariocaregiver.ca\/fr\/pour-prestataires\/aidants-naturels-et-equipes-sante-ontario\/evenements-dapprentissage-et-webinaires\/","url":"https:\/\/archive.ontariocaregiver.ca\/fr\/pour-prestataires\/aidants-naturels-et-equipes-sante-ontario\/evenements-dapprentissage-et-webinaires\/","name":"\u00c9v\u00e9nements d\u2019apprentissage et webinaires \u00a0 - Organisme de soutien aux aidants naturels de l\u2019Ontario","isPartOf":{"@id":"https:\/\/archive.ontariocaregiver.ca\/fr\/#website"},"primaryImageOfPage":{"@id":"https:\/\/archive.ontariocaregiver.ca\/fr\/pour-prestataires\/aidants-naturels-et-equipes-sante-ontario\/evenements-dapprentissage-et-webinaires\/#primaryimage"},"image":{"@id":"https:\/\/archive.ontariocaregiver.ca\/fr\/pour-prestataires\/aidants-naturels-et-equipes-sante-ontario\/evenements-dapprentissage-et-webinaires\/#primaryimage"},"thumbnailUrl":"https:\/\/ontariocaregiver.ca\/wp-content\/uploads\/2023\/12\/iStock-1332475767-scaled.jpg","datePublished":"2023-12-01T19:37:59+00:00","dateModified":"2023-12-01T19:38:00+00:00","breadcrumb":{"@id":"https:\/\/archive.ontariocaregiver.ca\/fr\/pour-prestataires\/aidants-naturels-et-equipes-sante-ontario\/evenements-dapprentissage-et-webinaires\/#breadcrumb"},"inLanguage":"fr-FR","potentialAction":[{"@type":"ReadAction","target":["https:\/\/archive.ontariocaregiver.ca\/fr\/pour-prestataires\/aidants-naturels-et-equipes-sante-ontario\/evenements-dapprentissage-et-webinaires\/"]}]},{"@type":"ImageObject","inLanguage":"fr-FR","@id":"https:\/\/archive.ontariocaregiver.ca\/fr\/pour-prestataires\/aidants-naturels-et-equipes-sante-ontario\/evenements-dapprentissage-et-webinaires\/#primaryimage","url":"https:\/\/ontariocaregiver.ca\/wp-content\/uploads\/2023\/12\/iStock-1332475767-scaled.jpg","contentUrl":"https:\/\/ontariocaregiver.ca\/wp-content\/uploads\/2023\/12\/iStock-1332475767-scaled.jpg","width":2560,"height":1829,"caption":"webinaire entre professionels de la sant\u00e9"},{"@type":"BreadcrumbList","@id":"https:\/\/archive.ontariocaregiver.ca\/fr\/pour-prestataires\/aidants-naturels-et-equipes-sante-ontario\/evenements-dapprentissage-et-webinaires\/#breadcrumb","itemListElement":[{"@type":"ListItem","position":1,"name":"Page principale","item":"https:\/\/archive.ontariocaregiver.ca\/fr\/"},{"@type":"ListItem","position":2,"name":"Centre de ressources pour les prestataires de soins de sant\u00e9","item":"https:\/\/archive.ontariocaregiver.ca\/fr\/for-providers\/"},{"@type":"ListItem","position":3,"name":"Les personnes aidantes naturelles et les \u00c9quipes Sant\u00e9 Ontario","item":"https:\/\/archive.ontariocaregiver.ca\/fr\/for-providers\/caregivers-and-ontario-health-teams\/"},{"@type":"ListItem","position":4,"name":"\u00c9v\u00e9nements d\u2019apprentissage et webinaires \u00a0"}]},{"@type":"WebSite","@id":"https:\/\/archive.ontariocaregiver.ca\/fr\/#website","url":"https:\/\/archive.ontariocaregiver.ca\/fr\/","name":"Organisme de soutien aux aidants naturels de l\u2019Ontario","description":"","potentialAction":[{"@type":"SearchAction","target":{"@type":"EntryPoint","urlTemplate":"https:\/\/archive.ontariocaregiver.ca\/fr\/?s={search_term_string}"},"query-input":{"@type":"PropertyValueSpecification","valueRequired":true,"valueName":"search_term_string"}}],"inLanguage":"fr-FR"}]}},"ticketed":false,"_links":{"self":[{"href":"https:\/\/archive.ontariocaregiver.ca\/fr\/wp-json\/wp\/v2\/pages\/24799","targetHints":{"allow":["GET"]}}],"collection":[{"href":"https:\/\/archive.ontariocaregiver.ca\/fr\/wp-json\/wp\/v2\/pages"}],"about":[{"href":"https:\/\/archive.ontariocaregiver.ca\/fr\/wp-json\/wp\/v2\/types\/page"}],"author":[{"embeddable":true,"href":"https:\/\/archive.ontariocaregiver.ca\/fr\/wp-json\/wp\/v2\/users\/7"}],"replies":[{"embeddable":true,"href":"https:\/\/archive.ontariocaregiver.ca\/fr\/wp-json\/wp\/v2\/comments?post=24799"}],"version-history":[{"count":1,"href":"https:\/\/archive.ontariocaregiver.ca\/fr\/wp-json\/wp\/v2\/pages\/24799\/revisions"}],"predecessor-version":[{"id":24800,"href":"https:\/\/archive.ontariocaregiver.ca\/fr\/wp-json\/wp\/v2\/pages\/24799\/revisions\/24800"}],"up":[{"embeddable":true,"href":"https:\/\/archive.ontariocaregiver.ca\/fr\/wp-json\/wp\/v2\/pages\/7612"}],"wp:featuredmedia":[{"embeddable":true,"href":"https:\/\/archive.ontariocaregiver.ca\/fr\/wp-json\/wp\/v2\/media\/24773"}],"wp:attachment":[{"href":"https:\/\/archive.ontariocaregiver.ca\/fr\/wp-json\/wp\/v2\/media?parent=24799"}],"curies":[{"name":"wp","href":"https:\/\/api.w.org\/{rel}","templated":true}]}}