{"id":24798,"date":"2023-12-01T14:41:54","date_gmt":"2023-12-01T19:41:54","guid":{"rendered":"https:\/\/archive.ontariocaregiver.ca\/?page_id=24798"},"modified":"2023-12-07T10:57:59","modified_gmt":"2023-12-07T15:57:59","slug":"programmes-et-pratiques-de-partenaires-de-soins-essentiels-dans-les-eso","status":"publish","type":"page","link":"https:\/\/archive.ontariocaregiver.ca\/fr\/pour-prestataires\/aidants-naturels-et-equipes-sante-ontario\/programmes-et-pratiques-de-partenaires-de-soins-essentiels-dans-les-eso\/","title":{"rendered":"Programmes et pratiques de partenaires de soins essentiels dans les ESO"},"content":{"rendered":"\n<h2 class=\"wp-block-heading\">Programmes et pratiques de partenaires de soins essentiels dans les ESO<\/h2>\n\n\n\n<p>Les outils et ressources suivants ont \u00e9t\u00e9 \u00e9labor\u00e9s pour soutenir la mise en place de programmes et de pratiques visant \u00e0 permettre l\u2019inclusion des partenaires de soins essentiels dans les \u00c9quipes Sant\u00e9 Ontario.<\/p>\n\n\n\n<h2 class=\"wp-block-heading\">Mise en \u0153uvre<\/h2>\n\n\n\n<p><a href=\"https:\/\/archive.ontariocaregiver.ca\/pratiques-cles-pour-les-equipes-sante-ontario\/\" target=\"_blank\" rel=\"noreferrer noopener\">Programmes de partenaires de soins essentiels \u2013 Pratiques\u00a0cl\u00e9s pour les \u00c9quipes Sante Ontario<\/a>\u00a0\u2013 un r\u00e9sum\u00e9 des pratiques cl\u00e9s pouvant \u00eatre inclus dans les programmes de partenaires de soins essentiels.\u00a0<\/p>\n\n\n\n<p><a href=\"https:\/\/archive.ontariocaregiver.ca\/pratiques-relatives-aux-partenaires-de-soins-essentiels-pour-les-equipes-sante-ontario\/\" target=\"_blank\" rel=\"noreferrer noopener\">Pratiques de partenaires de soins essentiels pour les \u00c9quipes Sante Ontario \u2013 Un Guide pratique pour les ESO<\/a>\u00a0\u2013 propose des \u00e9tapes, des conseils, des outils, des ressources et des donn\u00e9es probantes exploitables pour mettre en place les pratiques de partenaires de soins essentiels (PSE) dans les ESO.<\/p>\n\n\n\n<p><a href=\"https:\/\/archive.ontariocaregiver.ca\/trousse-pour-la-mise-en-oeuvre-du-programme-de-partenaires-de-soins-essentials-a-lintention-des-eso\/\" target=\"_blank\" rel=\"noreferrer noopener\">Trousse de mise en \u0153uvre du programme de partenaires de soins essentiels pour les \u00e9quipes Sant\u00e9 Ontario<\/a>\u00a0\u2013 Cette trousse de mise en \u0153uvre offre des conseils sur les approches ax\u00e9es sur le site et communautaires des programmes de partenaires de soins essentiels dans les ESO.<\/p>\n\n\n\n<p><a href=\"https:\/\/archive.ontariocaregiver.ca\/fr\/identification-de-laidant-naturel-reconnaissance-officielle-du-role-daidant-naturel-2\/\" target=\"_blank\" rel=\"noreferrer noopener\"><strong>Identification de l\u2019aidant naturel<\/strong><\/a>&nbsp;\u2013 Mod\u00e8les de badge pour visuellement reconnaitre et identifier les personnes aidantes naturelles dans un milieu de soins.<\/p>\n\n\n\n<p>Excellence en sant\u00e9 Canada&nbsp;<a href=\"https:\/\/www.healthcareexcellence.ca\/fr\/notre-action\/tous-les-programmes\/essentiels-ensemble\/\" target=\"_blank\" rel=\"noreferrer noopener\"><strong>Programme Essentiels ensemble<\/strong><\/a>&nbsp;et&nbsp;<a href=\"https:\/\/www.healthcareexcellence.ca\/fr\/notre-action\/tous-les-programmes\/essentiels-ensemble\/recommandations-pour-la-reintegration-des-proches-aidants-comme-partenaires-de-soins-essentiels\/\" target=\"_blank\" rel=\"noreferrer noopener\"><strong>Recommandations pour la r\u00e9int\u00e9gration des proches aidants comme partenaires de soins essentiels<\/strong><\/a><\/p>\n\n\n\n<p><a href=\"https:\/\/archive.ontariocaregiver.ca\/fr\/lengagement-authentique-et-la-co-conception-sont-les-ingredients-cles-dun-changement-significatif-2\/\" target=\"_blank\" rel=\"noreferrer noopener\"><strong>Engagement significatif et co-cr\u00e9ation avec les personnes aidantes naturelles<\/strong><\/a>&nbsp;\u2013 Ressources et outils pour soutenir l\u2019engagement significatif et la co-cr\u00e9ation avec les personnes aidantes naturelles et les patients partenaires.<\/p>\n\n\n\n<h2 class=\"wp-block-heading\">Formation<\/h2>\n\n\n\n<ul class=\"wp-block-list\">\n<li><a href=\"https:\/\/archive.ontariocaregiver.ca\/fr\/jeter-les-bases-dune-culture-de-partenariat-en-matiere-de-soins\/\" target=\"_blank\" rel=\"noreferrer noopener\"><strong>Apprentissage en ligne pour les prestataires de soins<\/strong><\/a> \u2013 Trois modules de 20&nbsp;minutes contenant des conseils pratiques et concrets pour les prestataires travaillant avec les personnes aidantes naturelles.<\/li>\n\n\n\n<li><a href=\"https:\/\/learning.ontariocaregiver.ca\/course\/index.php?categoryid=2&amp;lang=fr_ca\" target=\"_blank\" rel=\"noreferrer noopener\"><strong>Apprentissage en ligne pour les personnes aidantes naturelles<\/strong><\/a>&nbsp;\u2013 Module d\u2019apprentissage en ligne permettant aux personnes aidantes naturelles de savoir comment mieux communiquer avec les prestataires de soins afin d\u2019\u00eatre des partenaires de soins.<\/li>\n\n\n\n<li><a href=\"https:\/\/archive.ontariocaregiver.ca\/fr\/pour-prestataires\/inclusion-de-laidant-naturel-dans-lequipe-de-soins\/vie-privee-consentement\/\"><strong>Ressources sur la vie priv\u00e9e et le consentement en mati\u00e8re de sant\u00e9<\/strong><\/a><strong> <\/strong>\u2013 Ressources destin\u00e9es \u00e0 aider les prestataires et les personnes aidantes naturelles \u00e0 mieux comprendre les r\u00e8gles relatives \u00e0 la confidentialit\u00e9 et au consentement en mati\u00e8re de sant\u00e9.<\/li>\n<\/ul>\n\n\n\n<p><strong>Y a-t-il un outil, une ressource ou un mod\u00e8le qui ne figure pas dans cette liste et que vous trouveriez utile? <\/strong><a href=\"mailto:ecpsupporthub@archive.ontariocaregiver.ca\" target=\"_blank\" rel=\"noreferrer noopener\"><strong>N\u2019h\u00e9sitez pas \u00e0 nous en faire part<\/strong><\/a><strong>!<\/strong><\/p>\n\n\n\n<p>Vous pouvez \u00e9galement nous <a href=\"mailto:ecpsupporthub@archive.ontariocaregiver.ca\" target=\"_blank\" rel=\"noreferrer noopener\"><strong>contacter<\/strong><\/a> pour obtenir des conseils sur la meilleure fa\u00e7on d\u2019utiliser ces ressources ou pour \u00eatre accompagn\u00e9 dans la mise en place des pratiques de partenaires de soins essentiels.<\/p>\n","protected":false},"excerpt":{"rendered":"<p>Programmes et pratiques de partenaires de soins essentiels dans les ESO Les outils et ressources suivants ont \u00e9t\u00e9 \u00e9labor\u00e9s pour soutenir la mise en..<\/p>\n","protected":false},"author":7,"featured_media":24778,"parent":7612,"menu_order":0,"comment_status":"closed","ping_status":"closed","template":"","meta":{"_acf_changed":false,"_relevanssi_hide_post":"","_relevanssi_hide_content":"","_relevanssi_pin_for_all":"","_relevanssi_pin_keywords":"","_relevanssi_unpin_keywords":"","_relevanssi_related_keywords":"","_relevanssi_related_include_ids":"","_relevanssi_related_exclude_ids":"","_relevanssi_related_no_append":"","_relevanssi_related_not_related":"","_relevanssi_related_posts":"10346,17539,22375,12711,11439,15658","_relevanssi_noindex_reason":"","_price":"","_stock":"","_tribe_ticket_header":"","_tribe_default_ticket_provider":"","_tribe_ticket_capacity":"0","_ticket_start_date":"","_ticket_end_date":"","_tribe_ticket_show_description":"","_tribe_ticket_show_not_going":false,"_tribe_ticket_use_global_stock":"","_tribe_ticket_global_stock_level":"","_global_stock_mode":"","_global_stock_cap":"","_tribe_rsvp_for_event":"","_tribe_ticket_going_count":"","_tribe_ticket_not_going_count":"","_tribe_tickets_list":[],"_tribe_ticket_has_attendee_info_fields":false,"footnotes":""},"class_list":["post-24798","page","type-page","status-publish","has-post-thumbnail","hentry"],"acf":[],"yoast_head":"<!-- This site is optimized with the Yoast SEO plugin v25.8 - https:\/\/yoast.com\/wordpress\/plugins\/seo\/ -->\n<title>Programmes et pratiques de partenaires de soins essentiels dans les ESO - Organisme de soutien aux aidants naturels de l\u2019Ontario<\/title>\n<meta name=\"robots\" content=\"noindex, follow, max-snippet:-1, max-image-preview:large, max-video-preview:-1\" \/>\n<meta property=\"og:locale\" content=\"fr_FR\" \/>\n<meta property=\"og:type\" content=\"article\" \/>\n<meta property=\"og:title\" content=\"Programmes et pratiques de partenaires de soins essentiels dans les ESO - Organisme de soutien aux aidants naturels de l\u2019Ontario\" \/>\n<meta property=\"og:description\" content=\"Programmes et pratiques de partenaires de soins essentiels dans les ESO Les outils et ressources suivants ont \u00e9t\u00e9 \u00e9labor\u00e9s pour soutenir la mise en..\" \/>\n<meta property=\"og:url\" content=\"https:\/\/archive.ontariocaregiver.ca\/fr\/pour-prestataires\/aidants-naturels-et-equipes-sante-ontario\/programmes-et-pratiques-de-partenaires-de-soins-essentiels-dans-les-eso\/\" \/>\n<meta property=\"og:site_name\" content=\"Organisme de soutien aux aidants naturels de l\u2019Ontario\" \/>\n<meta property=\"article:modified_time\" content=\"2023-12-07T15:57:59+00:00\" \/>\n<meta property=\"og:image\" content=\"https:\/\/ontariocaregiver.ca\/wp-content\/uploads\/2023\/12\/iStock-1585068774.jpg\" \/>\n\t<meta property=\"og:image:width\" content=\"2121\" \/>\n\t<meta property=\"og:image:height\" content=\"1414\" \/>\n\t<meta property=\"og:image:type\" content=\"image\/jpeg\" \/>\n<meta name=\"twitter:card\" content=\"summary_large_image\" \/>\n<meta name=\"twitter:label1\" content=\"Dur\u00e9e de lecture estim\u00e9e\" \/>\n\t<meta name=\"twitter:data1\" content=\"2 minutes\" \/>\n<script type=\"application\/ld+json\" class=\"yoast-schema-graph\">{\"@context\":\"https:\/\/schema.org\",\"@graph\":[{\"@type\":\"WebPage\",\"@id\":\"https:\/\/archive.ontariocaregiver.ca\/fr\/pour-prestataires\/aidants-naturels-et-equipes-sante-ontario\/programmes-et-pratiques-de-partenaires-de-soins-essentiels-dans-les-eso\/\",\"url\":\"https:\/\/archive.ontariocaregiver.ca\/fr\/pour-prestataires\/aidants-naturels-et-equipes-sante-ontario\/programmes-et-pratiques-de-partenaires-de-soins-essentiels-dans-les-eso\/\",\"name\":\"Programmes et pratiques de partenaires de soins essentiels dans les ESO - Organisme de soutien aux aidants naturels de l\u2019Ontario\",\"isPartOf\":{\"@id\":\"https:\/\/archive.ontariocaregiver.ca\/fr\/#website\"},\"primaryImageOfPage\":{\"@id\":\"https:\/\/archive.ontariocaregiver.ca\/fr\/pour-prestataires\/aidants-naturels-et-equipes-sante-ontario\/programmes-et-pratiques-de-partenaires-de-soins-essentiels-dans-les-eso\/#primaryimage\"},\"image\":{\"@id\":\"https:\/\/archive.ontariocaregiver.ca\/fr\/pour-prestataires\/aidants-naturels-et-equipes-sante-ontario\/programmes-et-pratiques-de-partenaires-de-soins-essentiels-dans-les-eso\/#primaryimage\"},\"thumbnailUrl\":\"https:\/\/ontariocaregiver.ca\/wp-content\/uploads\/2023\/12\/iStock-1585068774.jpg\",\"datePublished\":\"2023-12-01T19:41:54+00:00\",\"dateModified\":\"2023-12-07T15:57:59+00:00\",\"breadcrumb\":{\"@id\":\"https:\/\/archive.ontariocaregiver.ca\/fr\/pour-prestataires\/aidants-naturels-et-equipes-sante-ontario\/programmes-et-pratiques-de-partenaires-de-soins-essentiels-dans-les-eso\/#breadcrumb\"},\"inLanguage\":\"fr-FR\",\"potentialAction\":[{\"@type\":\"ReadAction\",\"target\":[\"https:\/\/archive.ontariocaregiver.ca\/fr\/pour-prestataires\/aidants-naturels-et-equipes-sante-ontario\/programmes-et-pratiques-de-partenaires-de-soins-essentiels-dans-les-eso\/\"]}]},{\"@type\":\"ImageObject\",\"inLanguage\":\"fr-FR\",\"@id\":\"https:\/\/archive.ontariocaregiver.ca\/fr\/pour-prestataires\/aidants-naturels-et-equipes-sante-ontario\/programmes-et-pratiques-de-partenaires-de-soins-essentiels-dans-les-eso\/#primaryimage\",\"url\":\"https:\/\/ontariocaregiver.ca\/wp-content\/uploads\/2023\/12\/iStock-1585068774.jpg\",\"contentUrl\":\"https:\/\/ontariocaregiver.ca\/wp-content\/uploads\/2023\/12\/iStock-1585068774.jpg\",\"width\":2121,\"height\":1414,\"caption\":\"M\u00e9decin avec patient et aidant naturel\"},{\"@type\":\"BreadcrumbList\",\"@id\":\"https:\/\/archive.ontariocaregiver.ca\/fr\/pour-prestataires\/aidants-naturels-et-equipes-sante-ontario\/programmes-et-pratiques-de-partenaires-de-soins-essentiels-dans-les-eso\/#breadcrumb\",\"itemListElement\":[{\"@type\":\"ListItem\",\"position\":1,\"name\":\"Page principale\",\"item\":\"https:\/\/archive.ontariocaregiver.ca\/fr\/\"},{\"@type\":\"ListItem\",\"position\":2,\"name\":\"Centre de ressources pour les prestataires de soins de sant\u00e9\",\"item\":\"https:\/\/archive.ontariocaregiver.ca\/fr\/for-providers\/\"},{\"@type\":\"ListItem\",\"position\":3,\"name\":\"Les personnes aidantes naturelles et les \u00c9quipes Sant\u00e9 Ontario\",\"item\":\"https:\/\/archive.ontariocaregiver.ca\/fr\/for-providers\/caregivers-and-ontario-health-teams\/\"},{\"@type\":\"ListItem\",\"position\":4,\"name\":\"Programmes et pratiques de partenaires de soins essentiels dans les ESO\"}]},{\"@type\":\"WebSite\",\"@id\":\"https:\/\/archive.ontariocaregiver.ca\/fr\/#website\",\"url\":\"https:\/\/archive.ontariocaregiver.ca\/fr\/\",\"name\":\"Organisme de soutien aux aidants naturels de l\u2019Ontario\",\"description\":\"\",\"potentialAction\":[{\"@type\":\"SearchAction\",\"target\":{\"@type\":\"EntryPoint\",\"urlTemplate\":\"https:\/\/archive.ontariocaregiver.ca\/fr\/?s={search_term_string}\"},\"query-input\":{\"@type\":\"PropertyValueSpecification\",\"valueRequired\":true,\"valueName\":\"search_term_string\"}}],\"inLanguage\":\"fr-FR\"}]}<\/script>\n<!-- \/ Yoast SEO plugin. -->","yoast_head_json":{"title":"Programmes et pratiques de partenaires de soins essentiels dans les ESO - Organisme de soutien aux aidants naturels de l\u2019Ontario","robots":{"index":"noindex","follow":"follow","max-snippet":"max-snippet:-1","max-image-preview":"max-image-preview:large","max-video-preview":"max-video-preview:-1"},"og_locale":"fr_FR","og_type":"article","og_title":"Programmes et pratiques de partenaires de soins essentiels dans les ESO - Organisme de soutien aux aidants naturels de l\u2019Ontario","og_description":"Programmes et pratiques de partenaires de soins essentiels dans les ESO Les outils et ressources suivants ont \u00e9t\u00e9 \u00e9labor\u00e9s pour soutenir la mise en..","og_url":"https:\/\/archive.ontariocaregiver.ca\/fr\/pour-prestataires\/aidants-naturels-et-equipes-sante-ontario\/programmes-et-pratiques-de-partenaires-de-soins-essentiels-dans-les-eso\/","og_site_name":"Organisme de soutien aux aidants naturels de l\u2019Ontario","article_modified_time":"2023-12-07T15:57:59+00:00","og_image":[{"width":2121,"height":1414,"url":"https:\/\/ontariocaregiver.ca\/wp-content\/uploads\/2023\/12\/iStock-1585068774.jpg","type":"image\/jpeg"}],"twitter_card":"summary_large_image","twitter_misc":{"Dur\u00e9e de lecture estim\u00e9e":"2 minutes"},"schema":{"@context":"https:\/\/schema.org","@graph":[{"@type":"WebPage","@id":"https:\/\/archive.ontariocaregiver.ca\/fr\/pour-prestataires\/aidants-naturels-et-equipes-sante-ontario\/programmes-et-pratiques-de-partenaires-de-soins-essentiels-dans-les-eso\/","url":"https:\/\/archive.ontariocaregiver.ca\/fr\/pour-prestataires\/aidants-naturels-et-equipes-sante-ontario\/programmes-et-pratiques-de-partenaires-de-soins-essentiels-dans-les-eso\/","name":"Programmes et pratiques de partenaires de soins essentiels dans les ESO - Organisme de soutien aux aidants naturels de l\u2019Ontario","isPartOf":{"@id":"https:\/\/archive.ontariocaregiver.ca\/fr\/#website"},"primaryImageOfPage":{"@id":"https:\/\/archive.ontariocaregiver.ca\/fr\/pour-prestataires\/aidants-naturels-et-equipes-sante-ontario\/programmes-et-pratiques-de-partenaires-de-soins-essentiels-dans-les-eso\/#primaryimage"},"image":{"@id":"https:\/\/archive.ontariocaregiver.ca\/fr\/pour-prestataires\/aidants-naturels-et-equipes-sante-ontario\/programmes-et-pratiques-de-partenaires-de-soins-essentiels-dans-les-eso\/#primaryimage"},"thumbnailUrl":"https:\/\/ontariocaregiver.ca\/wp-content\/uploads\/2023\/12\/iStock-1585068774.jpg","datePublished":"2023-12-01T19:41:54+00:00","dateModified":"2023-12-07T15:57:59+00:00","breadcrumb":{"@id":"https:\/\/archive.ontariocaregiver.ca\/fr\/pour-prestataires\/aidants-naturels-et-equipes-sante-ontario\/programmes-et-pratiques-de-partenaires-de-soins-essentiels-dans-les-eso\/#breadcrumb"},"inLanguage":"fr-FR","potentialAction":[{"@type":"ReadAction","target":["https:\/\/archive.ontariocaregiver.ca\/fr\/pour-prestataires\/aidants-naturels-et-equipes-sante-ontario\/programmes-et-pratiques-de-partenaires-de-soins-essentiels-dans-les-eso\/"]}]},{"@type":"ImageObject","inLanguage":"fr-FR","@id":"https:\/\/archive.ontariocaregiver.ca\/fr\/pour-prestataires\/aidants-naturels-et-equipes-sante-ontario\/programmes-et-pratiques-de-partenaires-de-soins-essentiels-dans-les-eso\/#primaryimage","url":"https:\/\/ontariocaregiver.ca\/wp-content\/uploads\/2023\/12\/iStock-1585068774.jpg","contentUrl":"https:\/\/ontariocaregiver.ca\/wp-content\/uploads\/2023\/12\/iStock-1585068774.jpg","width":2121,"height":1414,"caption":"M\u00e9decin avec patient et aidant naturel"},{"@type":"BreadcrumbList","@id":"https:\/\/archive.ontariocaregiver.ca\/fr\/pour-prestataires\/aidants-naturels-et-equipes-sante-ontario\/programmes-et-pratiques-de-partenaires-de-soins-essentiels-dans-les-eso\/#breadcrumb","itemListElement":[{"@type":"ListItem","position":1,"name":"Page principale","item":"https:\/\/archive.ontariocaregiver.ca\/fr\/"},{"@type":"ListItem","position":2,"name":"Centre de ressources pour les prestataires de soins de sant\u00e9","item":"https:\/\/archive.ontariocaregiver.ca\/fr\/for-providers\/"},{"@type":"ListItem","position":3,"name":"Les personnes aidantes naturelles et les \u00c9quipes Sant\u00e9 Ontario","item":"https:\/\/archive.ontariocaregiver.ca\/fr\/for-providers\/caregivers-and-ontario-health-teams\/"},{"@type":"ListItem","position":4,"name":"Programmes et pratiques de partenaires de soins essentiels dans les ESO"}]},{"@type":"WebSite","@id":"https:\/\/archive.ontariocaregiver.ca\/fr\/#website","url":"https:\/\/archive.ontariocaregiver.ca\/fr\/","name":"Organisme de soutien aux aidants naturels de l\u2019Ontario","description":"","potentialAction":[{"@type":"SearchAction","target":{"@type":"EntryPoint","urlTemplate":"https:\/\/archive.ontariocaregiver.ca\/fr\/?s={search_term_string}"},"query-input":{"@type":"PropertyValueSpecification","valueRequired":true,"valueName":"search_term_string"}}],"inLanguage":"fr-FR"}]}},"ticketed":false,"_links":{"self":[{"href":"https:\/\/archive.ontariocaregiver.ca\/fr\/wp-json\/wp\/v2\/pages\/24798","targetHints":{"allow":["GET"]}}],"collection":[{"href":"https:\/\/archive.ontariocaregiver.ca\/fr\/wp-json\/wp\/v2\/pages"}],"about":[{"href":"https:\/\/archive.ontariocaregiver.ca\/fr\/wp-json\/wp\/v2\/types\/page"}],"author":[{"embeddable":true,"href":"https:\/\/archive.ontariocaregiver.ca\/fr\/wp-json\/wp\/v2\/users\/7"}],"replies":[{"embeddable":true,"href":"https:\/\/archive.ontariocaregiver.ca\/fr\/wp-json\/wp\/v2\/comments?post=24798"}],"version-history":[{"count":5,"href":"https:\/\/archive.ontariocaregiver.ca\/fr\/wp-json\/wp\/v2\/pages\/24798\/revisions"}],"predecessor-version":[{"id":24920,"href":"https:\/\/archive.ontariocaregiver.ca\/fr\/wp-json\/wp\/v2\/pages\/24798\/revisions\/24920"}],"up":[{"embeddable":true,"href":"https:\/\/archive.ontariocaregiver.ca\/fr\/wp-json\/wp\/v2\/pages\/7612"}],"wp:featuredmedia":[{"embeddable":true,"href":"https:\/\/archive.ontariocaregiver.ca\/fr\/wp-json\/wp\/v2\/media\/24778"}],"wp:attachment":[{"href":"https:\/\/archive.ontariocaregiver.ca\/fr\/wp-json\/wp\/v2\/media?parent=24798"}],"curies":[{"name":"wp","href":"https:\/\/api.w.org\/{rel}","templated":true}]}}