{"id":23418,"date":"2023-07-11T11:32:38","date_gmt":"2023-07-11T15:32:38","guid":{"rendered":"https:\/\/archive.ontariocaregiver.ca\/pour-aidants-naturels\/contingency-and-emergency-planning\/"},"modified":"2023-07-11T11:36:02","modified_gmt":"2023-07-11T15:36:02","slug":"plan-de-secours-et-planification-en-cas-durgences","status":"publish","type":"page","link":"https:\/\/archive.ontariocaregiver.ca\/fr\/pour-aidants-naturels\/plan-de-secours-et-planification-en-cas-durgences\/","title":{"rendered":"Plan de secours et planification en cas d&rsquo;urgences"},"content":{"rendered":"\n<h1 class=\"wp-block-heading\">Plan de secours et planification en cas d&rsquo;urgences<\/h1>\n\n\n\n<p>Les personnes aidantes naturelles fournissent en moyenne entre 11 et 30 heures de soins par semaine, apportant leur soutien \u00e0 un membre de la famille, un conjoint, un ami ou un voisin. Le soutien physique et \u00e9motionnel fourni par les personnes aidantes naturelles est essentiel pour la sant\u00e9 et le bien-\u00eatre de la personne aid\u00e9e. Mais que se passe-t-il lorsque la personne aidante naturelle a besoin d\u2019aide? \u00c9puis\u00e9e au plus haut point, les personnes aidantes naturelles ont besoin de leurs propres r\u00e9seaux de soutien et d\u2019un plan d\u2019urgence pour la personne dont elles s\u2019occupent. C&rsquo;est l\u00e0 que vient l\u2019OSANO avec ses mod\u00e8les gratuits de plan d&rsquo;urgence. Ces mod\u00e8les vous aideront \u00e0 planifier \u00e0 l&rsquo;avance et vous permettront de trouver la tranquillit\u00e9 d&rsquo;esprit n\u00e9cessaire.<\/p>\n\n\n\n<div class=\"wp-block-buttons is-layout-flex wp-block-buttons-is-layout-flex\">\n<div class=\"wp-block-button\"><a class=\"wp-block-button__link wp-element-button\" href=\"https:\/\/ontariocaregiver.ca\/wp-content\/uploads\/2023\/07\/OSANO-Plan-de-secours-1.pdf\" target=\"_blank\" rel=\"noreferrer noopener\">Plan de secours<\/a><\/div>\n\n\n\n<div class=\"wp-block-button\"><a class=\"wp-block-button__link wp-element-button\" href=\"https:\/\/ontariocaregiver.ca\/wp-content\/uploads\/2023\/07\/OSANO-Se-preparer-aux-urgences-1.pdf\" target=\"_blank\" rel=\"noreferrer noopener\">Se pr\u00e9parer aux urgences<\/a><\/div>\n<\/div>\n","protected":false},"excerpt":{"rendered":"<p>Plan de secours et planification en cas d&rsquo;urgences Les personnes aidantes naturelles fournissent en moyenne entre 11 et 30 heures de soins par semaine,..<\/p>\n","protected":false},"author":17,"featured_media":0,"parent":12645,"menu_order":0,"comment_status":"closed","ping_status":"closed","template":"","meta":{"_acf_changed":false,"_relevanssi_hide_post":"","_relevanssi_hide_content":"","_relevanssi_pin_for_all":"","_relevanssi_pin_keywords":"","_relevanssi_unpin_keywords":"","_relevanssi_related_keywords":"","_relevanssi_related_include_ids":"","_relevanssi_related_exclude_ids":"","_relevanssi_related_no_append":"","_relevanssi_related_not_related":"","_relevanssi_related_posts":"379,11540,16526,3541,12439,7788","_relevanssi_noindex_reason":"","_price":"","_stock":"","_tribe_ticket_header":"","_tribe_default_ticket_provider":"","_tribe_ticket_capacity":"0","_ticket_start_date":"","_ticket_end_date":"","_tribe_ticket_show_description":"","_tribe_ticket_show_not_going":false,"_tribe_ticket_use_global_stock":"","_tribe_ticket_global_stock_level":"","_global_stock_mode":"","_global_stock_cap":"","_tribe_rsvp_for_event":"","_tribe_ticket_going_count":"","_tribe_ticket_not_going_count":"","_tribe_tickets_list":[],"_tribe_ticket_has_attendee_info_fields":false,"footnotes":""},"class_list":["post-23418","page","type-page","status-publish","hentry"],"acf":[],"yoast_head":"<!-- This site is optimized with the Yoast SEO plugin v25.8 - https:\/\/yoast.com\/wordpress\/plugins\/seo\/ -->\n<title>Plan de secours et planification en cas d&#039;urgences - Organisme de soutien aux aidants naturels de l\u2019Ontario<\/title>\n<meta name=\"robots\" content=\"noindex, follow, max-snippet:-1, max-image-preview:large, max-video-preview:-1\" \/>\n<meta property=\"og:locale\" content=\"fr_FR\" \/>\n<meta property=\"og:type\" content=\"article\" \/>\n<meta property=\"og:title\" content=\"Plan de secours et planification en cas d&#039;urgences - Organisme de soutien aux aidants naturels de l\u2019Ontario\" \/>\n<meta property=\"og:description\" content=\"Plan de secours et planification en cas d&rsquo;urgences Les personnes aidantes naturelles fournissent en moyenne entre 11 et 30 heures de soins par semaine,..\" \/>\n<meta property=\"og:url\" content=\"https:\/\/archive.ontariocaregiver.ca\/fr\/pour-aidants-naturels\/plan-de-secours-et-planification-en-cas-durgences\/\" \/>\n<meta property=\"og:site_name\" content=\"Organisme de soutien aux aidants naturels de l\u2019Ontario\" \/>\n<meta property=\"article:modified_time\" content=\"2023-07-11T15:36:02+00:00\" \/>\n<meta name=\"twitter:card\" content=\"summary_large_image\" \/>\n<meta name=\"twitter:label1\" content=\"Dur\u00e9e de lecture estim\u00e9e\" \/>\n\t<meta name=\"twitter:data1\" content=\"1 minute\" \/>\n<script type=\"application\/ld+json\" class=\"yoast-schema-graph\">{\"@context\":\"https:\/\/schema.org\",\"@graph\":[{\"@type\":\"WebPage\",\"@id\":\"https:\/\/archive.ontariocaregiver.ca\/fr\/pour-aidants-naturels\/plan-de-secours-et-planification-en-cas-durgences\/\",\"url\":\"https:\/\/archive.ontariocaregiver.ca\/fr\/pour-aidants-naturels\/plan-de-secours-et-planification-en-cas-durgences\/\",\"name\":\"Plan de secours et planification en cas d'urgences - Organisme de soutien aux aidants naturels de l\u2019Ontario\",\"isPartOf\":{\"@id\":\"https:\/\/archive.ontariocaregiver.ca\/fr\/#website\"},\"datePublished\":\"2023-07-11T15:32:38+00:00\",\"dateModified\":\"2023-07-11T15:36:02+00:00\",\"breadcrumb\":{\"@id\":\"https:\/\/archive.ontariocaregiver.ca\/fr\/pour-aidants-naturels\/plan-de-secours-et-planification-en-cas-durgences\/#breadcrumb\"},\"inLanguage\":\"fr-FR\",\"potentialAction\":[{\"@type\":\"ReadAction\",\"target\":[\"https:\/\/archive.ontariocaregiver.ca\/fr\/pour-aidants-naturels\/plan-de-secours-et-planification-en-cas-durgences\/\"]}]},{\"@type\":\"BreadcrumbList\",\"@id\":\"https:\/\/archive.ontariocaregiver.ca\/fr\/pour-aidants-naturels\/plan-de-secours-et-planification-en-cas-durgences\/#breadcrumb\",\"itemListElement\":[{\"@type\":\"ListItem\",\"position\":1,\"name\":\"Page principale\",\"item\":\"https:\/\/archive.ontariocaregiver.ca\/fr\/\"},{\"@type\":\"ListItem\",\"position\":2,\"name\":\"Soutien pour personnes aidantes naturelles\",\"item\":\"https:\/\/archive.ontariocaregiver.ca\/fr\/pour-aidants-naturels\/\"},{\"@type\":\"ListItem\",\"position\":3,\"name\":\"Plan de secours et planification en cas d&#8217;urgences\"}]},{\"@type\":\"WebSite\",\"@id\":\"https:\/\/archive.ontariocaregiver.ca\/fr\/#website\",\"url\":\"https:\/\/archive.ontariocaregiver.ca\/fr\/\",\"name\":\"Organisme de soutien aux aidants naturels de l\u2019Ontario\",\"description\":\"\",\"potentialAction\":[{\"@type\":\"SearchAction\",\"target\":{\"@type\":\"EntryPoint\",\"urlTemplate\":\"https:\/\/archive.ontariocaregiver.ca\/fr\/?s={search_term_string}\"},\"query-input\":{\"@type\":\"PropertyValueSpecification\",\"valueRequired\":true,\"valueName\":\"search_term_string\"}}],\"inLanguage\":\"fr-FR\"}]}<\/script>\n<!-- \/ Yoast SEO plugin. -->","yoast_head_json":{"title":"Plan de secours et planification en cas d'urgences - Organisme de soutien aux aidants naturels de l\u2019Ontario","robots":{"index":"noindex","follow":"follow","max-snippet":"max-snippet:-1","max-image-preview":"max-image-preview:large","max-video-preview":"max-video-preview:-1"},"og_locale":"fr_FR","og_type":"article","og_title":"Plan de secours et planification en cas d'urgences - Organisme de soutien aux aidants naturels de l\u2019Ontario","og_description":"Plan de secours et planification en cas d&rsquo;urgences Les personnes aidantes naturelles fournissent en moyenne entre 11 et 30 heures de soins par semaine,..","og_url":"https:\/\/archive.ontariocaregiver.ca\/fr\/pour-aidants-naturels\/plan-de-secours-et-planification-en-cas-durgences\/","og_site_name":"Organisme de soutien aux aidants naturels de l\u2019Ontario","article_modified_time":"2023-07-11T15:36:02+00:00","twitter_card":"summary_large_image","twitter_misc":{"Dur\u00e9e de lecture estim\u00e9e":"1 minute"},"schema":{"@context":"https:\/\/schema.org","@graph":[{"@type":"WebPage","@id":"https:\/\/archive.ontariocaregiver.ca\/fr\/pour-aidants-naturels\/plan-de-secours-et-planification-en-cas-durgences\/","url":"https:\/\/archive.ontariocaregiver.ca\/fr\/pour-aidants-naturels\/plan-de-secours-et-planification-en-cas-durgences\/","name":"Plan de secours et planification en cas d'urgences - Organisme de soutien aux aidants naturels de l\u2019Ontario","isPartOf":{"@id":"https:\/\/archive.ontariocaregiver.ca\/fr\/#website"},"datePublished":"2023-07-11T15:32:38+00:00","dateModified":"2023-07-11T15:36:02+00:00","breadcrumb":{"@id":"https:\/\/archive.ontariocaregiver.ca\/fr\/pour-aidants-naturels\/plan-de-secours-et-planification-en-cas-durgences\/#breadcrumb"},"inLanguage":"fr-FR","potentialAction":[{"@type":"ReadAction","target":["https:\/\/archive.ontariocaregiver.ca\/fr\/pour-aidants-naturels\/plan-de-secours-et-planification-en-cas-durgences\/"]}]},{"@type":"BreadcrumbList","@id":"https:\/\/archive.ontariocaregiver.ca\/fr\/pour-aidants-naturels\/plan-de-secours-et-planification-en-cas-durgences\/#breadcrumb","itemListElement":[{"@type":"ListItem","position":1,"name":"Page principale","item":"https:\/\/archive.ontariocaregiver.ca\/fr\/"},{"@type":"ListItem","position":2,"name":"Soutien pour personnes aidantes naturelles","item":"https:\/\/archive.ontariocaregiver.ca\/fr\/pour-aidants-naturels\/"},{"@type":"ListItem","position":3,"name":"Plan de secours et planification en cas d&#8217;urgences"}]},{"@type":"WebSite","@id":"https:\/\/archive.ontariocaregiver.ca\/fr\/#website","url":"https:\/\/archive.ontariocaregiver.ca\/fr\/","name":"Organisme de soutien aux aidants naturels de l\u2019Ontario","description":"","potentialAction":[{"@type":"SearchAction","target":{"@type":"EntryPoint","urlTemplate":"https:\/\/archive.ontariocaregiver.ca\/fr\/?s={search_term_string}"},"query-input":{"@type":"PropertyValueSpecification","valueRequired":true,"valueName":"search_term_string"}}],"inLanguage":"fr-FR"}]}},"ticketed":false,"_links":{"self":[{"href":"https:\/\/archive.ontariocaregiver.ca\/fr\/wp-json\/wp\/v2\/pages\/23418","targetHints":{"allow":["GET"]}}],"collection":[{"href":"https:\/\/archive.ontariocaregiver.ca\/fr\/wp-json\/wp\/v2\/pages"}],"about":[{"href":"https:\/\/archive.ontariocaregiver.ca\/fr\/wp-json\/wp\/v2\/types\/page"}],"author":[{"embeddable":true,"href":"https:\/\/archive.ontariocaregiver.ca\/fr\/wp-json\/wp\/v2\/users\/17"}],"replies":[{"embeddable":true,"href":"https:\/\/archive.ontariocaregiver.ca\/fr\/wp-json\/wp\/v2\/comments?post=23418"}],"version-history":[{"count":2,"href":"https:\/\/archive.ontariocaregiver.ca\/fr\/wp-json\/wp\/v2\/pages\/23418\/revisions"}],"predecessor-version":[{"id":23421,"href":"https:\/\/archive.ontariocaregiver.ca\/fr\/wp-json\/wp\/v2\/pages\/23418\/revisions\/23421"}],"up":[{"embeddable":true,"href":"https:\/\/archive.ontariocaregiver.ca\/fr\/wp-json\/wp\/v2\/pages\/12645"}],"wp:attachment":[{"href":"https:\/\/archive.ontariocaregiver.ca\/fr\/wp-json\/wp\/v2\/media?parent=23418"}],"curies":[{"name":"wp","href":"https:\/\/api.w.org\/{rel}","templated":true}]}}