{"id":2203,"date":"2020-03-31T14:01:50","date_gmt":"2020-03-31T18:01:50","guid":{"rendered":"https:\/\/archive.ontariocaregiver.ca\/?page_id=2203"},"modified":"2022-01-07T10:42:43","modified_gmt":"2022-01-07T15:42:43","slug":"milieudetravail","status":"publish","type":"page","link":"https:\/\/archive.ontariocaregiver.ca\/fr\/milieudetravail\/","title":{"rendered":"Milieu de travail"},"content":{"rendered":"\n<h2 class=\"wp-block-heading\">Les aidants naturels au travail<\/h2>\n\n\n\n<p>Les aidants naturels occupant un\nemploi sont des gens ordinaires qui tentent de concilier leur travail et les\ndemandes li\u00e9es \u00e0 la prestation de soins. Vous jouez un r\u00f4le inestimable dans la\nvie de ceux \u00e0 qui vous offrez des soins en r\u00e9alisant diff\u00e9rentes t\u00e2ches en plus\nd\u2019assumer vos responsabilit\u00e9s professionnelles. <\/p>\n\n\n\n<p>Bien que la majorit\u00e9 des personnes aidantes naturelles per\u00e7oivent leur exp\u00e9rience de fa\u00e7on positive et qu\u2019ils soient habit\u00e9s d\u2019un sentiment de r\u00e9alisation, plusieurs admettent qu\u2019ils n\u2019avaient pas d\u2019autre choix que d\u2019assumer cette responsabilit\u00e9 et de se fier \u00e0 leur emploi pour gagner leur vie et avoir une raison d\u2019\u00eatre.<\/p>\n\n\n\n<blockquote class=\"wp-block-quote is-layout-flow wp-block-quote-is-layout-flow\"><p><em>Si vous trouvez qu\u2019il est difficile de concilier votre travail et la prestation de soins, vous n\u2019\u00eates pas seul.<\/em><\/p><\/blockquote>\n\n\n\n<p>Quelles que soient les raisons ou\nles fa\u00e7ons qui ont fait de vous un aidant naturel, g\u00e9rer vos responsabilit\u00e9s\nentre votre travail et la prestation de soins peut provoquer de nombreuses\n\u00e9motions. Les aidants naturels occupant un emploi sont souvent fortement\nsollicit\u00e9s. Nombre d\u2019entre eux souhaiteraient avoir un plus grand soutien de\nleur employeur pour les aider \u00e0 g\u00e9rer leur travail et leurs responsabilit\u00e9s de\nprestation de soins. <\/p>\n\n\n\n<p>Si vous cherchez un meilleur\n\u00e9quilibre et un plus grand soutien, vous pouvez utiliser cette bo\u00eete \u00e0 outils\nqui a \u00e9t\u00e9 inspir\u00e9e par des aidants au travail, leurs histoires et leurs\nexp\u00e9riences uniques.<\/p>\n\n\n\n<p><a aria-label=\"T\u00e9l\u00e9chargez la Bo\u00eete \u00e0 outils pour les aidants naturels occupant un emploi\u00a0\u2013 Emploi et prestation de soins\u00a0: Un juste \u00e9quilibre. (opens in a new tab)\" href=\"https:\/\/ontariocaregiver.ca\/wp-content\/uploads\/2020\/05\/OCO-Work-and-Caregiving-Toolkit-FINAL.pdf\" target=\"_blank\" rel=\"noreferrer noopener\"><strong>T\u00e9l\u00e9chargez la Trousse pour les aidants naturels occupant un emploi\u00a0\u2013 Emploi et prestation de soins\u00a0: Un juste \u00e9quilibre.<\/strong><\/a><\/p>\n\n\n\n<h2 class=\"wp-block-heading\">Guide \u00e0 l\u2019intention des employeurs\u202f: Cr\u00e9ation d\u2019un effectif r\u00e9silient et durable&nbsp;<\/h2>\n\n\n\n<p>\u00cates-vous une employeuse ou un employeur qui souhaite en apprendre davantage sur l\u2019aidance&nbsp;naturelle et la fa\u00e7on \u00e0 laquelle soutenir&nbsp;ses employ\u00e9es et employ\u00e9s qui font de l\u2019aidance&nbsp;naturelle?&nbsp;<\/p>\n\n\n\n<p>Veuillez t\u00e9l\u00e9charger le Guide \u00e0 l\u2019intention des employeurs\u202f:\u202f<a href=\"https:\/\/ontariocaregiver.ca\/wp-content\/uploads\/2021\/04\/Guide-de-lemployeur.pdf\" target=\"_blank\" rel=\"noreferrer noopener\"><strong>Les aidants naturels au travail \u2013 Cr\u00e9ation d\u2019un effectif r\u00e9silient et durable<\/strong><\/a><\/p>\n\n\n\n<h2 class=\"wp-block-heading\">Resources additionnelles<\/h2>\n\n\n\n<p>Le projet <a href=\"https:\/\/ghw.mcmaster.ca\/tools-and-curriculum\/\" target=\"_blank\" rel=\"noreferrer noopener\">Gender Health and Caregiver Friendly Workplaces Project- McMaster University<\/a> offre des ressources additionelles <em>(disponible en anglais seulement)<\/em><\/p>\n","protected":false},"excerpt":{"rendered":"<p>Les aidants naturels au travail Les aidants naturels occupant un emploi sont des gens ordinaires qui tentent de concilier leur travail et les demandes..<\/p>\n","protected":false},"author":2,"featured_media":1877,"parent":0,"menu_order":0,"comment_status":"closed","ping_status":"closed","template":"","meta":{"_acf_changed":false,"_relevanssi_hide_post":"","_relevanssi_hide_content":"","_relevanssi_pin_for_all":"","_relevanssi_pin_keywords":"","_relevanssi_unpin_keywords":"","_relevanssi_related_keywords":"","_relevanssi_related_include_ids":"","_relevanssi_related_exclude_ids":"","_relevanssi_related_no_append":"","_relevanssi_related_not_related":"","_relevanssi_related_posts":"","_relevanssi_noindex_reason":"","_price":"","_stock":"","_tribe_ticket_header":"","_tribe_default_ticket_provider":"","_tribe_ticket_capacity":"0","_ticket_start_date":"","_ticket_end_date":"","_tribe_ticket_show_description":"","_tribe_ticket_show_not_going":false,"_tribe_ticket_use_global_stock":"","_tribe_ticket_global_stock_level":"","_global_stock_mode":"","_global_stock_cap":"","_tribe_rsvp_for_event":"","_tribe_ticket_going_count":"","_tribe_ticket_not_going_count":"","_tribe_tickets_list":[],"_tribe_ticket_has_attendee_info_fields":false,"footnotes":""},"class_list":["post-2203","page","type-page","status-publish","has-post-thumbnail","hentry"],"acf":[],"yoast_head":"<!-- This site is optimized with the Yoast SEO plugin v25.8 - https:\/\/yoast.com\/wordpress\/plugins\/seo\/ -->\n<title>Milieu de travail - Organisme de soutien aux aidants naturels de l\u2019Ontario<\/title>\n<meta name=\"robots\" content=\"noindex, follow, max-snippet:-1, max-image-preview:large, max-video-preview:-1\" \/>\n<meta property=\"og:locale\" content=\"fr_FR\" \/>\n<meta property=\"og:type\" content=\"article\" \/>\n<meta property=\"og:title\" content=\"Milieu de travail - Organisme de soutien aux aidants naturels de l\u2019Ontario\" \/>\n<meta property=\"og:description\" content=\"Les aidants naturels au travail Les aidants naturels occupant un emploi sont des gens ordinaires qui tentent de concilier leur travail et les demandes..\" \/>\n<meta property=\"og:url\" content=\"https:\/\/archive.ontariocaregiver.ca\/fr\/milieudetravail\/\" \/>\n<meta property=\"og:site_name\" content=\"Organisme de soutien aux aidants naturels de l\u2019Ontario\" \/>\n<meta property=\"article:modified_time\" content=\"2022-01-07T15:42:43+00:00\" \/>\n<meta property=\"og:image\" content=\"https:\/\/ontariocaregiver.ca\/wp-content\/uploads\/2020\/02\/Workplace_Feature-image-v2-scaled.jpg\" \/>\n\t<meta property=\"og:image:width\" content=\"2560\" \/>\n\t<meta property=\"og:image:height\" content=\"644\" \/>\n\t<meta property=\"og:image:type\" content=\"image\/jpeg\" \/>\n<meta name=\"twitter:card\" content=\"summary_large_image\" \/>\n<meta name=\"twitter:label1\" content=\"Dur\u00e9e de lecture estim\u00e9e\" \/>\n\t<meta name=\"twitter:data1\" content=\"2 minutes\" \/>\n<script type=\"application\/ld+json\" class=\"yoast-schema-graph\">{\"@context\":\"https:\/\/schema.org\",\"@graph\":[{\"@type\":\"WebPage\",\"@id\":\"https:\/\/archive.ontariocaregiver.ca\/fr\/milieudetravail\/\",\"url\":\"https:\/\/archive.ontariocaregiver.ca\/fr\/milieudetravail\/\",\"name\":\"Milieu de travail - Organisme de soutien aux aidants naturels de l\u2019Ontario\",\"isPartOf\":{\"@id\":\"https:\/\/archive.ontariocaregiver.ca\/fr\/#website\"},\"primaryImageOfPage\":{\"@id\":\"https:\/\/archive.ontariocaregiver.ca\/fr\/milieudetravail\/#primaryimage\"},\"image\":{\"@id\":\"https:\/\/archive.ontariocaregiver.ca\/fr\/milieudetravail\/#primaryimage\"},\"thumbnailUrl\":\"https:\/\/ontariocaregiver.ca\/wp-content\/uploads\/2020\/02\/Workplace_Feature-image-v2-scaled.jpg\",\"datePublished\":\"2020-03-31T18:01:50+00:00\",\"dateModified\":\"2022-01-07T15:42:43+00:00\",\"breadcrumb\":{\"@id\":\"https:\/\/archive.ontariocaregiver.ca\/fr\/milieudetravail\/#breadcrumb\"},\"inLanguage\":\"fr-FR\",\"potentialAction\":[{\"@type\":\"ReadAction\",\"target\":[\"https:\/\/archive.ontariocaregiver.ca\/fr\/milieudetravail\/\"]}]},{\"@type\":\"ImageObject\",\"inLanguage\":\"fr-FR\",\"@id\":\"https:\/\/archive.ontariocaregiver.ca\/fr\/milieudetravail\/#primaryimage\",\"url\":\"https:\/\/ontariocaregiver.ca\/wp-content\/uploads\/2020\/02\/Workplace_Feature-image-v2-scaled.jpg\",\"contentUrl\":\"https:\/\/ontariocaregiver.ca\/wp-content\/uploads\/2020\/02\/Workplace_Feature-image-v2-scaled.jpg\",\"width\":2560,\"height\":644,\"caption\":\"Smiling businesswoman on job interview. Boss women in business.\"},{\"@type\":\"BreadcrumbList\",\"@id\":\"https:\/\/archive.ontariocaregiver.ca\/fr\/milieudetravail\/#breadcrumb\",\"itemListElement\":[{\"@type\":\"ListItem\",\"position\":1,\"name\":\"Page principale\",\"item\":\"https:\/\/archive.ontariocaregiver.ca\/fr\/\"},{\"@type\":\"ListItem\",\"position\":2,\"name\":\"Milieu de travail\"}]},{\"@type\":\"WebSite\",\"@id\":\"https:\/\/archive.ontariocaregiver.ca\/fr\/#website\",\"url\":\"https:\/\/archive.ontariocaregiver.ca\/fr\/\",\"name\":\"Organisme de soutien aux aidants naturels de l\u2019Ontario\",\"description\":\"\",\"potentialAction\":[{\"@type\":\"SearchAction\",\"target\":{\"@type\":\"EntryPoint\",\"urlTemplate\":\"https:\/\/archive.ontariocaregiver.ca\/fr\/?s={search_term_string}\"},\"query-input\":{\"@type\":\"PropertyValueSpecification\",\"valueRequired\":true,\"valueName\":\"search_term_string\"}}],\"inLanguage\":\"fr-FR\"}]}<\/script>\n<!-- \/ Yoast SEO plugin. -->","yoast_head_json":{"title":"Milieu de travail - Organisme de soutien aux aidants naturels de l\u2019Ontario","robots":{"index":"noindex","follow":"follow","max-snippet":"max-snippet:-1","max-image-preview":"max-image-preview:large","max-video-preview":"max-video-preview:-1"},"og_locale":"fr_FR","og_type":"article","og_title":"Milieu de travail - Organisme de soutien aux aidants naturels de l\u2019Ontario","og_description":"Les aidants naturels au travail Les aidants naturels occupant un emploi sont des gens ordinaires qui tentent de concilier leur travail et les demandes..","og_url":"https:\/\/archive.ontariocaregiver.ca\/fr\/milieudetravail\/","og_site_name":"Organisme de soutien aux aidants naturels de l\u2019Ontario","article_modified_time":"2022-01-07T15:42:43+00:00","og_image":[{"width":2560,"height":644,"url":"https:\/\/ontariocaregiver.ca\/wp-content\/uploads\/2020\/02\/Workplace_Feature-image-v2-scaled.jpg","type":"image\/jpeg"}],"twitter_card":"summary_large_image","twitter_misc":{"Dur\u00e9e de lecture estim\u00e9e":"2 minutes"},"schema":{"@context":"https:\/\/schema.org","@graph":[{"@type":"WebPage","@id":"https:\/\/archive.ontariocaregiver.ca\/fr\/milieudetravail\/","url":"https:\/\/archive.ontariocaregiver.ca\/fr\/milieudetravail\/","name":"Milieu de travail - Organisme de soutien aux aidants naturels de l\u2019Ontario","isPartOf":{"@id":"https:\/\/archive.ontariocaregiver.ca\/fr\/#website"},"primaryImageOfPage":{"@id":"https:\/\/archive.ontariocaregiver.ca\/fr\/milieudetravail\/#primaryimage"},"image":{"@id":"https:\/\/archive.ontariocaregiver.ca\/fr\/milieudetravail\/#primaryimage"},"thumbnailUrl":"https:\/\/ontariocaregiver.ca\/wp-content\/uploads\/2020\/02\/Workplace_Feature-image-v2-scaled.jpg","datePublished":"2020-03-31T18:01:50+00:00","dateModified":"2022-01-07T15:42:43+00:00","breadcrumb":{"@id":"https:\/\/archive.ontariocaregiver.ca\/fr\/milieudetravail\/#breadcrumb"},"inLanguage":"fr-FR","potentialAction":[{"@type":"ReadAction","target":["https:\/\/archive.ontariocaregiver.ca\/fr\/milieudetravail\/"]}]},{"@type":"ImageObject","inLanguage":"fr-FR","@id":"https:\/\/archive.ontariocaregiver.ca\/fr\/milieudetravail\/#primaryimage","url":"https:\/\/ontariocaregiver.ca\/wp-content\/uploads\/2020\/02\/Workplace_Feature-image-v2-scaled.jpg","contentUrl":"https:\/\/ontariocaregiver.ca\/wp-content\/uploads\/2020\/02\/Workplace_Feature-image-v2-scaled.jpg","width":2560,"height":644,"caption":"Smiling businesswoman on job interview. Boss women in business."},{"@type":"BreadcrumbList","@id":"https:\/\/archive.ontariocaregiver.ca\/fr\/milieudetravail\/#breadcrumb","itemListElement":[{"@type":"ListItem","position":1,"name":"Page principale","item":"https:\/\/archive.ontariocaregiver.ca\/fr\/"},{"@type":"ListItem","position":2,"name":"Milieu de travail"}]},{"@type":"WebSite","@id":"https:\/\/archive.ontariocaregiver.ca\/fr\/#website","url":"https:\/\/archive.ontariocaregiver.ca\/fr\/","name":"Organisme de soutien aux aidants naturels de l\u2019Ontario","description":"","potentialAction":[{"@type":"SearchAction","target":{"@type":"EntryPoint","urlTemplate":"https:\/\/archive.ontariocaregiver.ca\/fr\/?s={search_term_string}"},"query-input":{"@type":"PropertyValueSpecification","valueRequired":true,"valueName":"search_term_string"}}],"inLanguage":"fr-FR"}]}},"ticketed":false,"_links":{"self":[{"href":"https:\/\/archive.ontariocaregiver.ca\/fr\/wp-json\/wp\/v2\/pages\/2203","targetHints":{"allow":["GET"]}}],"collection":[{"href":"https:\/\/archive.ontariocaregiver.ca\/fr\/wp-json\/wp\/v2\/pages"}],"about":[{"href":"https:\/\/archive.ontariocaregiver.ca\/fr\/wp-json\/wp\/v2\/types\/page"}],"author":[{"embeddable":true,"href":"https:\/\/archive.ontariocaregiver.ca\/fr\/wp-json\/wp\/v2\/users\/2"}],"replies":[{"embeddable":true,"href":"https:\/\/archive.ontariocaregiver.ca\/fr\/wp-json\/wp\/v2\/comments?post=2203"}],"version-history":[{"count":11,"href":"https:\/\/archive.ontariocaregiver.ca\/fr\/wp-json\/wp\/v2\/pages\/2203\/revisions"}],"predecessor-version":[{"id":15778,"href":"https:\/\/archive.ontariocaregiver.ca\/fr\/wp-json\/wp\/v2\/pages\/2203\/revisions\/15778"}],"wp:featuredmedia":[{"embeddable":true,"href":"https:\/\/archive.ontariocaregiver.ca\/fr\/wp-json\/wp\/v2\/media\/1877"}],"wp:attachment":[{"href":"https:\/\/archive.ontariocaregiver.ca\/fr\/wp-json\/wp\/v2\/media?parent=2203"}],"curies":[{"name":"wp","href":"https:\/\/api.w.org\/{rel}","templated":true}]}}