{"id":21279,"date":"2023-02-24T22:17:17","date_gmt":"2023-02-25T03:17:17","guid":{"rendered":"https:\/\/archive.ontariocaregiver.ca\/partenaires-de-soins-essentiels\/hospitals\/"},"modified":"2023-12-07T13:03:42","modified_gmt":"2023-12-07T18:03:42","slug":"leshopitaux","status":"publish","type":"page","link":"https:\/\/archive.ontariocaregiver.ca\/fr\/partenaires-de-soins-essentiels\/leshopitaux\/","title":{"rendered":"Outils et ressources pour les partenaires de soins essentiels dans les h\u00f4pitaux"},"content":{"rendered":"\n<h1 class=\"wp-block-heading\">Outils et ressources pour les partenaires de soins essentiels dans les h\u00f4pitaux<\/h1>\n\n\n\n<p>Les outils et ressources suivants ont \u00e9t\u00e9 \u00e9labor\u00e9s pour appuyer la mise en \u0153uvre de programmes, de politiques et de pratiques permettant l\u2019inclusion des partenaires de soins essentiels dans les h\u00f4pitaux en Ontario.<\/p>\n\n\n\n<h3 class=\"wp-block-heading\">Justification<\/h3>\n\n\n\n<ul class=\"wp-block-list\">\n<li><strong><a href=\"https:\/\/ontariocaregiver.ca\/wp-content\/uploads\/2023\/03\/Integrating-Essential-Care-Partners-as-Part-of-the-Care-Team-in-Hospitals_French_FINAL.pdf\" target=\"_blank\" rel=\"noreferrer noopener\">Arguments en faveur des partenaires de soins essentiels<\/a><\/strong> \u2013 Analyse de rentabilisation d\u00e9montrant l\u2019importance de l\u2019inclusion des partenaires de soins essentiels<\/li>\n\n\n\n<li><strong><a href=\"https:\/\/ontariocaregiver.ca\/wp-content\/uploads\/2023\/03\/Essential-Care-Partner-Evidence-Summary-for-Hospitals_French_FINAL.pdf\" target=\"_blank\" rel=\"noreferrer noopener\">R\u00e9sum\u00e9 de litt\u00e9rature sur les partenaires en soins essentiels<\/a><\/strong> \u2013 Un r\u00e9sum\u00e9 de la litt\u00e9rature sur le r\u00f4le essentiel des partenaires de soins essentiels<\/li>\n\n\n\n<li><strong><a href=\"https:\/\/ontariocaregiver.ca\/wp-content\/uploads\/2023\/12\/OCO-Essential-Care-Partner-Programs-Overview.pdf\" target=\"_blank\" rel=\"noreferrer noopener\">Survol du programme des partenaires de soins essentiels <\/a><\/strong>(disponible en anglais seulement &#8211; Essential Care Partner Program Overview) \u2013 Un bref survol du programme des partenaires de soins essentiels et du soutien offert par le Centre de soutien pour les partenaires de soins essentiels<\/li>\n<\/ul>\n\n\n\n<h3 class=\"wp-block-heading\">Mise en \u0153uvre d\u2019un programme<\/h3>\n\n\n\n<ul class=\"wp-block-list\">\n<li><strong><a href=\"https:\/\/ontariocaregiver.ca\/wp-content\/uploads\/2023\/03\/Essential-Care-Partner-Program-Implementation-Toolkit_French_FINAL.pdf\" target=\"_blank\" rel=\"noreferrer noopener\">Bo\u00eete \u00e0 outils pour la mise en \u0153uvre d\u2019un programme de partenaires de soins essentiels<\/a><\/strong>&nbsp;: Un guide pour les h\u00f4pitaux \u2013 comprend un processus \u00e9tape par \u00e9tape pour d\u00e9velopper ou am\u00e9liorer un programme de partenaires de soins essentiels<\/li>\n\n\n\n<li><strong><a href=\"https:\/\/ontariocaregiver.ca\/wp-content\/uploads\/2023\/03\/Essential-Care-Partner-Leading-Practices-for-Hospitals_French_FINAL.pdf\" target=\"_blank\" rel=\"noreferrer noopener\">Pratiques exemplaires de partenaires de soins essentiels<\/a><\/strong> \u2013 Ces pratiques exemplaires d\u00e9montrent les \u00e9l\u00e9ments cl\u00e9s des programmes de partenaires de soins essentiels r\u00e9ussis<\/li>\n\n\n\n<li><strong><a href=\"https:\/\/archive.ontariocaregiver.ca\/fr\/identification-de-laidant-naturel-reconnaissance-officielle-du-role-daidant-naturel-2\/\">Identification des aidants naturels<\/a><\/strong> \u2013 Mod\u00e8les de badge permettant d\u2019identifier officiellement et visuellement les partenaires de soins essentiels dans les environnements de soins<\/li>\n\n\n\n<li><strong><a href=\"https:\/\/archive.ontariocaregiver.ca\/fr\/partenairesdesoins\/etudes-de-cas-sur-la-mise-en-oeuvre\/\">Exemples de cas de partenaires de soins essentiels<\/a><\/strong> \u2013 D\u00e9couvrez des h\u00f4pitaux qui ont mis sur pieds des programmes de partenaires de soins essentiels et d\u2019identification des aidants naturels<\/li>\n\n\n\n<li>Programme&nbsp;<strong><a href=\"https:\/\/www.healthcareexcellence.ca\/fr\/notre-action\/tous-les-programmes\/essentiels-ensemble\/recommandations-pour-la-reintegration-des-proches-aidants-comme-partenaires-de-soins-essentiels\/\" target=\"_blank\" rel=\"noreferrer noopener\">Essentiels ensemble<\/a><\/strong> et les <strong><a href=\"https:\/\/www.healthcareexcellence.ca\/fr\/notre-action\/tous-les-programmes\/essentiels-ensemble\/recommandations-pour-la-reintegration-des-proches-aidants-comme-partenaires-de-soins-essentiels\/\">Recommandations pour la r\u00e9int\u00e9gration des proches aidants comme partenaires de soins essentiels<\/a><\/strong>\u202fd\u2019Excellence en sant\u00e9 Canada<\/li>\n\n\n\n<li><strong><a href=\"https:\/\/archive.ontariocaregiver.ca\/fr\/lengagement-authentique-et-la-co-conception-sont-les-ingredients-cles-dun-changement-significatif-2\/\">Engagement significatif et co-cr\u00e9ation avec les personnes aidantes naturelles<\/a><\/strong> \u2013 Ressources et outils pour soutenir l\u2019engagement significatif et la co-cr\u00e9ation avec les personnes aidantes naturelles et les patients partenaires<\/li>\n<\/ul>\n\n\n\n<h3 class=\"wp-block-heading\">\u00c9ducation<\/h3>\n\n\n\n<ul class=\"wp-block-list\">\n<li><strong><a href=\"https:\/\/archive.ontariocaregiver.ca\/fr\/jeter-les-bases-dune-culture-de-partenariat-en-matiere-de-soins\/\">Apprentissage en ligne pour les prestataires de soins de sant\u00e9<\/a><\/strong> \u2013Trois modules de 20&nbsp;minutes contenant des conseils pratiques et tangibles pour les prestataires travaillant avec les personnes aidantes naturelles<\/li>\n\n\n\n<li><strong><a href=\"https:\/\/learning.ontariocaregiver.ca\/course\/index.php?categoryid=2&amp;lang=fr_ca\">Apprentissage en ligne pour les personnes aidantes naturelles<\/a><\/strong> \u2013 Module d\u2019apprentissage en ligne permettant aux personnes aidantes naturelles d\u2019apprendre comment communiquer au mieux avec les prestataires de soins pour \u00eatre des partenaires de soins<\/li>\n\n\n\n<li><strong><a href=\"https:\/\/archive.ontariocaregiver.ca\/fr\/pour-prestataires\/inclusion-de-laidant-naturel-dans-lequipe-de-soins\/vie-privee-consentement\/\">Ressources sur la vie priv\u00e9e et le consentement en mati\u00e8re de sant\u00e9<\/a><\/strong> \u2013 Ressources pour aider les prestataires et les personnes aidantes naturelles \u00e0 mieux comprendre les r\u00e8gles relatives \u00e0 la vie priv\u00e9e et au consentement en mati\u00e8re de sant\u00e9<\/li>\n<\/ul>\n\n\n\n<p><strong>Est-ce qu\u2019il y a un outil, une ressource ou un mod\u00e8le non inclus ici que vous trouveriez utile? <a href=\"mailto:ecpsupporthub@archive.ontariocaregiver.ca\">Dites-le-nous<\/a>!<\/strong><\/p>\n\n\n\n<p>Vous pouvez \u00e9galement <a href=\"mailto:ecpsupporthub@archive.ontariocaregiver.ca\">contacter<\/a> le Centre de soutien pour les partenaires de soins essentiels afin d\u2019obtenir des conseils sur la meilleure fa\u00e7on d\u2019utiliser ces ressources ou de b\u00e9n\u00e9ficier d\u2019un accompagnement sur la fa\u00e7on de mettre en place les pratiques des partenaires de soins essentiels.<\/p>\n","protected":false},"excerpt":{"rendered":"<p>Outils et ressources pour les partenaires de soins essentiels dans les h\u00f4pitaux Les outils et ressources suivants ont \u00e9t\u00e9 \u00e9labor\u00e9s pour appuyer la mise..<\/p>\n","protected":false},"author":17,"featured_media":0,"parent":21271,"menu_order":0,"comment_status":"closed","ping_status":"closed","template":"","meta":{"_acf_changed":false,"_relevanssi_hide_post":"","_relevanssi_hide_content":"","_relevanssi_pin_for_all":"","_relevanssi_pin_keywords":"","_relevanssi_unpin_keywords":"","_relevanssi_related_keywords":"","_relevanssi_related_include_ids":"","_relevanssi_related_exclude_ids":"","_relevanssi_related_no_append":"","_relevanssi_related_not_related":"","_relevanssi_related_posts":"393,9402,3527,582,17685,369","_relevanssi_noindex_reason":"","_price":"","_stock":"","_tribe_ticket_header":"","_tribe_default_ticket_provider":"","_tribe_ticket_capacity":"0","_ticket_start_date":"","_ticket_end_date":"","_tribe_ticket_show_description":"","_tribe_ticket_show_not_going":false,"_tribe_ticket_use_global_stock":"","_tribe_ticket_global_stock_level":"","_global_stock_mode":"","_global_stock_cap":"","_tribe_rsvp_for_event":"","_tribe_ticket_going_count":"","_tribe_ticket_not_going_count":"","_tribe_tickets_list":[],"_tribe_ticket_has_attendee_info_fields":false,"footnotes":""},"class_list":["post-21279","page","type-page","status-publish","hentry"],"acf":[],"yoast_head":"<!-- This site is optimized with the Yoast SEO plugin v25.8 - https:\/\/yoast.com\/wordpress\/plugins\/seo\/ -->\n<title>Outils et ressources pour les partenaires de soins essentiels dans les h\u00f4pitaux - Organisme de soutien aux aidants naturels de l\u2019Ontario<\/title>\n<meta name=\"robots\" content=\"noindex, follow, max-snippet:-1, max-image-preview:large, max-video-preview:-1\" \/>\n<meta property=\"og:locale\" content=\"fr_FR\" \/>\n<meta property=\"og:type\" content=\"article\" \/>\n<meta property=\"og:title\" content=\"Outils et ressources pour les partenaires de soins essentiels dans les h\u00f4pitaux - Organisme de soutien aux aidants naturels de l\u2019Ontario\" \/>\n<meta property=\"og:description\" content=\"Outils et ressources pour les partenaires de soins essentiels dans les h\u00f4pitaux Les outils et ressources suivants ont \u00e9t\u00e9 \u00e9labor\u00e9s pour appuyer la mise..\" \/>\n<meta property=\"og:url\" content=\"https:\/\/archive.ontariocaregiver.ca\/fr\/partenaires-de-soins-essentiels\/leshopitaux\/\" \/>\n<meta property=\"og:site_name\" content=\"Organisme de soutien aux aidants naturels de l\u2019Ontario\" \/>\n<meta property=\"article:modified_time\" content=\"2023-12-07T18:03:42+00:00\" \/>\n<meta name=\"twitter:card\" content=\"summary_large_image\" \/>\n<meta name=\"twitter:label1\" content=\"Dur\u00e9e de lecture estim\u00e9e\" \/>\n\t<meta name=\"twitter:data1\" content=\"3 minutes\" \/>\n<script type=\"application\/ld+json\" class=\"yoast-schema-graph\">{\"@context\":\"https:\/\/schema.org\",\"@graph\":[{\"@type\":\"WebPage\",\"@id\":\"https:\/\/archive.ontariocaregiver.ca\/fr\/partenaires-de-soins-essentiels\/leshopitaux\/\",\"url\":\"https:\/\/archive.ontariocaregiver.ca\/fr\/partenaires-de-soins-essentiels\/leshopitaux\/\",\"name\":\"Outils et ressources pour les partenaires de soins essentiels dans les h\u00f4pitaux - Organisme de soutien aux aidants naturels de l\u2019Ontario\",\"isPartOf\":{\"@id\":\"https:\/\/archive.ontariocaregiver.ca\/fr\/#website\"},\"datePublished\":\"2023-02-25T03:17:17+00:00\",\"dateModified\":\"2023-12-07T18:03:42+00:00\",\"breadcrumb\":{\"@id\":\"https:\/\/archive.ontariocaregiver.ca\/fr\/partenaires-de-soins-essentiels\/leshopitaux\/#breadcrumb\"},\"inLanguage\":\"fr-FR\",\"potentialAction\":[{\"@type\":\"ReadAction\",\"target\":[\"https:\/\/archive.ontariocaregiver.ca\/fr\/partenaires-de-soins-essentiels\/leshopitaux\/\"]}]},{\"@type\":\"BreadcrumbList\",\"@id\":\"https:\/\/archive.ontariocaregiver.ca\/fr\/partenaires-de-soins-essentiels\/leshopitaux\/#breadcrumb\",\"itemListElement\":[{\"@type\":\"ListItem\",\"position\":1,\"name\":\"Page principale\",\"item\":\"https:\/\/archive.ontariocaregiver.ca\/fr\/\"},{\"@type\":\"ListItem\",\"position\":2,\"name\":\"Centre de soutien pour les partenaires de soins essentiels\",\"item\":\"https:\/\/archive.ontariocaregiver.ca\/fr\/partenaires-de-soins-essentiels\/\"},{\"@type\":\"ListItem\",\"position\":3,\"name\":\"Outils et ressources pour les partenaires de soins essentiels dans les h\u00f4pitaux\"}]},{\"@type\":\"WebSite\",\"@id\":\"https:\/\/archive.ontariocaregiver.ca\/fr\/#website\",\"url\":\"https:\/\/archive.ontariocaregiver.ca\/fr\/\",\"name\":\"Organisme de soutien aux aidants naturels de l\u2019Ontario\",\"description\":\"\",\"potentialAction\":[{\"@type\":\"SearchAction\",\"target\":{\"@type\":\"EntryPoint\",\"urlTemplate\":\"https:\/\/archive.ontariocaregiver.ca\/fr\/?s={search_term_string}\"},\"query-input\":{\"@type\":\"PropertyValueSpecification\",\"valueRequired\":true,\"valueName\":\"search_term_string\"}}],\"inLanguage\":\"fr-FR\"}]}<\/script>\n<!-- \/ Yoast SEO plugin. -->","yoast_head_json":{"title":"Outils et ressources pour les partenaires de soins essentiels dans les h\u00f4pitaux - Organisme de soutien aux aidants naturels de l\u2019Ontario","robots":{"index":"noindex","follow":"follow","max-snippet":"max-snippet:-1","max-image-preview":"max-image-preview:large","max-video-preview":"max-video-preview:-1"},"og_locale":"fr_FR","og_type":"article","og_title":"Outils et ressources pour les partenaires de soins essentiels dans les h\u00f4pitaux - Organisme de soutien aux aidants naturels de l\u2019Ontario","og_description":"Outils et ressources pour les partenaires de soins essentiels dans les h\u00f4pitaux Les outils et ressources suivants ont \u00e9t\u00e9 \u00e9labor\u00e9s pour appuyer la mise..","og_url":"https:\/\/archive.ontariocaregiver.ca\/fr\/partenaires-de-soins-essentiels\/leshopitaux\/","og_site_name":"Organisme de soutien aux aidants naturels de l\u2019Ontario","article_modified_time":"2023-12-07T18:03:42+00:00","twitter_card":"summary_large_image","twitter_misc":{"Dur\u00e9e de lecture estim\u00e9e":"3 minutes"},"schema":{"@context":"https:\/\/schema.org","@graph":[{"@type":"WebPage","@id":"https:\/\/archive.ontariocaregiver.ca\/fr\/partenaires-de-soins-essentiels\/leshopitaux\/","url":"https:\/\/archive.ontariocaregiver.ca\/fr\/partenaires-de-soins-essentiels\/leshopitaux\/","name":"Outils et ressources pour les partenaires de soins essentiels dans les h\u00f4pitaux - Organisme de soutien aux aidants naturels de l\u2019Ontario","isPartOf":{"@id":"https:\/\/archive.ontariocaregiver.ca\/fr\/#website"},"datePublished":"2023-02-25T03:17:17+00:00","dateModified":"2023-12-07T18:03:42+00:00","breadcrumb":{"@id":"https:\/\/archive.ontariocaregiver.ca\/fr\/partenaires-de-soins-essentiels\/leshopitaux\/#breadcrumb"},"inLanguage":"fr-FR","potentialAction":[{"@type":"ReadAction","target":["https:\/\/archive.ontariocaregiver.ca\/fr\/partenaires-de-soins-essentiels\/leshopitaux\/"]}]},{"@type":"BreadcrumbList","@id":"https:\/\/archive.ontariocaregiver.ca\/fr\/partenaires-de-soins-essentiels\/leshopitaux\/#breadcrumb","itemListElement":[{"@type":"ListItem","position":1,"name":"Page principale","item":"https:\/\/archive.ontariocaregiver.ca\/fr\/"},{"@type":"ListItem","position":2,"name":"Centre de soutien pour les partenaires de soins essentiels","item":"https:\/\/archive.ontariocaregiver.ca\/fr\/partenaires-de-soins-essentiels\/"},{"@type":"ListItem","position":3,"name":"Outils et ressources pour les partenaires de soins essentiels dans les h\u00f4pitaux"}]},{"@type":"WebSite","@id":"https:\/\/archive.ontariocaregiver.ca\/fr\/#website","url":"https:\/\/archive.ontariocaregiver.ca\/fr\/","name":"Organisme de soutien aux aidants naturels de l\u2019Ontario","description":"","potentialAction":[{"@type":"SearchAction","target":{"@type":"EntryPoint","urlTemplate":"https:\/\/archive.ontariocaregiver.ca\/fr\/?s={search_term_string}"},"query-input":{"@type":"PropertyValueSpecification","valueRequired":true,"valueName":"search_term_string"}}],"inLanguage":"fr-FR"}]}},"ticketed":false,"_links":{"self":[{"href":"https:\/\/archive.ontariocaregiver.ca\/fr\/wp-json\/wp\/v2\/pages\/21279","targetHints":{"allow":["GET"]}}],"collection":[{"href":"https:\/\/archive.ontariocaregiver.ca\/fr\/wp-json\/wp\/v2\/pages"}],"about":[{"href":"https:\/\/archive.ontariocaregiver.ca\/fr\/wp-json\/wp\/v2\/types\/page"}],"author":[{"embeddable":true,"href":"https:\/\/archive.ontariocaregiver.ca\/fr\/wp-json\/wp\/v2\/users\/17"}],"replies":[{"embeddable":true,"href":"https:\/\/archive.ontariocaregiver.ca\/fr\/wp-json\/wp\/v2\/comments?post=21279"}],"version-history":[{"count":10,"href":"https:\/\/archive.ontariocaregiver.ca\/fr\/wp-json\/wp\/v2\/pages\/21279\/revisions"}],"predecessor-version":[{"id":24931,"href":"https:\/\/archive.ontariocaregiver.ca\/fr\/wp-json\/wp\/v2\/pages\/21279\/revisions\/24931"}],"up":[{"embeddable":true,"href":"https:\/\/archive.ontariocaregiver.ca\/fr\/wp-json\/wp\/v2\/pages\/21271"}],"wp:attachment":[{"href":"https:\/\/archive.ontariocaregiver.ca\/fr\/wp-json\/wp\/v2\/media?parent=21279"}],"curies":[{"name":"wp","href":"https:\/\/api.w.org\/{rel}","templated":true}]}}