{"id":21271,"date":"2023-02-24T22:16:40","date_gmt":"2023-02-25T03:16:40","guid":{"rendered":"https:\/\/archive.ontariocaregiver.ca\/essentialcarepartner\/"},"modified":"2023-12-08T08:32:45","modified_gmt":"2023-12-08T13:32:45","slug":"partenaires-de-soins-essentiels","status":"publish","type":"page","link":"https:\/\/archive.ontariocaregiver.ca\/fr\/partenaires-de-soins-essentiels\/","title":{"rendered":"Centre de soutien pour les partenaires de soins essentiels"},"content":{"rendered":"\n<h1 class=\"wp-block-heading\">Centre de soutien pour les partenaires de soins essentiels<\/h1>\n\n\n\n<p><strong>Les personnes aidantes naturelles sont des partenaires de soins essentiels <\/strong>et jouent un r\u00f4le crucial en fournissant un soutien physique, \u00e9motionnel et cognitif non r\u00e9mun\u00e9r\u00e9 aux membres de la famille, aux partenaires et aux amis dans les environnements de soins.<\/p>\n\n\n\n<p>Le Centre de soutien pour les partenaires de soins essentiels, dirig\u00e9 par l\u2019Organisme de soutien aux aidants naturels de l\u2019Ontario, vise \u00e0 assurer une plus grande coh\u00e9rence dans la fa\u00e7on dont les personnes aidantes naturelles sont identifi\u00e9es, incluses et soutenues en tant que partenaires de soins essentiels dans tous les environnements de soins en Ontario, avec une emphase initiale sur les h\u00f4pitaux et les foyers de soins de longue dur\u00e9e.<\/p>\n\n\n\n<figure class=\"wp-block-embed is-type-video is-provider-youtube wp-block-embed-youtube wp-embed-aspect-16-9 wp-has-aspect-ratio\"><div class=\"wp-block-embed__wrapper\">\n<iframe loading=\"lazy\" title=\"Le Centre de soutien pour les partenaires de soins essentiels\" width=\"500\" height=\"281\" src=\"https:\/\/www.youtube.com\/embed\/b7E0PGHNmQg?feature=oembed\" frameborder=\"0\" allow=\"accelerometer; autoplay; clipboard-write; encrypted-media; gyroscope; picture-in-picture; web-share\" referrerpolicy=\"strict-origin-when-cross-origin\" allowfullscreen><\/iframe>\n<\/div><figcaption class=\"wp-element-caption\"><a href=\"https:\/\/www.youtube.com\/watch?v=b7E0PGHNmQg\" target=\"_blank\" rel=\"noreferrer noopener\">Le Centre de soutien pour les partenaires de soins essentiels<\/a><\/figcaption><\/figure>\n\n\n\n<h2 class=\"wp-block-heading\">Soutien \u00e0 la mise en \u0153uvre pour les h\u00f4pitaux et les foyers de soins de longue dur\u00e9e de l\u2019Ontario<\/h2>\n\n\n\n<p>Le Centre de soutien pour les partenaires de soins essentiels offre un soutien aux h\u00f4pitaux et aux foyers de soins de longue dur\u00e9e en Ontario qui pr\u00e9voient mettre en place ou am\u00e9liorer un programme de partenaires de soins essentiels. Nous offrons&nbsp;:<\/p>\n\n\n\n<ul class=\"wp-block-list\">\n<li>Des conseils et un accompagnement<\/li>\n\n\n\n<li>Des pratiques exemplaires bas\u00e9es sur des organisations qui ont mis sur pieds un programme avec succ\u00e8s<\/li>\n\n\n\n<li>Des ressources, des outils et des mod\u00e8les<\/li>\n\n\n\n<li>L\u2019\u00e9tablissement de liens avec des \u00e9tablissements et des pairs qui ont mis sur pieds un programme avec succ\u00e8s<\/li>\n\n\n\n<li>Des possibilit\u00e9s d\u2019apprentissage et d\u2019\u00e9change de connaissances gr\u00e2ce \u00e0 notre Groupe d\u2019apprentissage collaboratif sur le partenariat en mati\u00e8re de soins<\/li>\n<\/ul>\n\n\n\n<p><strong><a href=\"mailto:ecpsupporthub@archive.ontariocaregiver.ca\">Contactez<\/a> le Centre de soutien pour les partenaires de soins essentiels \u00e0 <a href=\"mailto:ecpsupporthub@archive.ontariocaregiver.ca\">ecpsupporthub@archive.ontariocaregiver.ca<\/a> pour commencer.<\/strong><\/p>\n\n\n\n<p>Vous pouvez aussi vous joindre \u00e0 notre <strong>Groupe d&rsquo;apprentissage collaboratif Partenaires de soins<\/strong>, un forum interactif pour les organisations dans le milieu de la sant\u00e9, ax\u00e9 sur l&rsquo;inclusion des personnes aidantes naturelles. <strong>Les rencontres se d\u00e9roulent en anglais.<\/strong> La prochaine s\u00e9ance sera publi\u00e9e sur cette page, ou encore vous pouvez nous <a href=\"mailto:ecpsupporthub@archive.ontariocaregiver.ca\">envoyer un courrie<\/a>l pour en savoir plus.<\/p>\n\n\n\n<p>Pour vous joindre au Groupe d&rsquo;apprentissage collaboratif Parternaires de soins, contactez <a href=\"mailto:ecpsupporthub@archive.ontariocaregiver.ca\">ecpsupporthub@archive.ontariocaregiver.ca<\/a>.<\/p>\n\n\n<div id=\"accordion-content-block_d9c1399823c4cd1bacb4767f752871ef\" class=\"accordion-wrapper \">\n    <ul class=\"accordion\" data-accordion data-multi-expand=\"true\"  data-allow-all-closed=\"true\" data-deep-link=\"true\" data-update-history=\"true\">\n                <li class=\"accordion-item\" data-accordion-item>\n            <a href=\"#partenaires\" class=\"accordion-title\">Qui sont les partenaires de soins essentiels?<\/a>\n            <div class=\"accordion-content\" data-tab-content id=\"partenaires\">\n                <p><strong>Les partenaires de soins essentiels<\/strong> fournissent un soutien physique, psychologique et \u00e9motionnel, bas\u00e9 sur ce que le patient juge important. Ces soins peuvent inclure un soutien dans la prise de d\u00e9cision, la coordination des soins et la continuit\u00e9 des soins. Les partenaires de soins essentiels peuvent \u00eatre des membres de la famille, des amis proches ou d\u2019autres personnes aidantes naturelles, et sont d\u00e9sign\u00e9s par le patient ou par son mandataire sp\u00e9cial.<sup>i<\/sup><\/p>\n<p>Il y a une diff\u00e9rence entre les partenaires de soins essentiels et les visiteurs. Les partenaires de soins essentiels sont n\u00e9cessaires \u00e0 la s\u00e9curit\u00e9, \u00e0 la qualit\u00e9 des soins, aux r\u00e9sultats de sant\u00e9 et au bien-\u00eatre des patients et des r\u00e9sidents. Les visiteurs ont un r\u00f4le social important, mais ne participent pas activement aux soins.<\/p>\n<p>&#8212;<br \/>\n<small>i. Healthcare Excellence Canada, Policy Guidance for the Reintegration of Caregivers as Essential Care Partners. September 2021. <a href=\"https:\/\/www.healthcareexcellence.ca\/media\/4btksgep\/202110_policyguidance_en.pdf\" target=\"_blank\" rel=\"noopener\">https:\/\/www.healthcareexcellence.ca\/media\/4btksgep\/202110_policyguidance_en.pdf<\/a><\/small><\/p>\n            <\/div>\n        <\/li>\n                <li class=\"accordion-item\" data-accordion-item>\n            <a href=\"#programme\" class=\"accordion-title\">Qu\u2019est-ce qu\u2019un programme de partenaires de soins essentiels?<\/a>\n            <div class=\"accordion-content\" data-tab-content id=\"programme\">\n                <p>Un programme de partenaires de soins essentiels peut aider une organisation \u00e0 consolider son engagement \u00e0 reconna\u00eetre les personnes aidantes naturelles comme des partenaires de soins essentiels. Les programmes de partenaires de soins essentiels impliquent la mise en \u0153uvre de politiques et de pratiques exemplaires afin que les personnes aidantes naturelles soient identifi\u00e9es, incluses et soutenues pour participer en tant que membres de l\u2019\u00e9quipe de soins. Ils \u00e9liminent \u00e9galement les obstacles face \u00e0 la pr\u00e9sence des partenaires de soins essentiels \u2013 m\u00eame pendant les pressions et les \u00e9closions au sein du syst\u00e8me de sant\u00e9. Les programmes de partenaires de soins essentiels s\u2019inscrivent souvent dans le cadre d\u2019un changement de culture organisationnelle plus large, visant \u00e0 privil\u00e9gier les soins centr\u00e9s sur la personne et la famille.<\/p>\n<p><img loading=\"lazy\" decoding=\"async\" class=\"alignnone wp-image-21274 size-full\" src=\"https:\/\/ontariocaregiver.ca\/wp-content\/uploads\/2023\/03\/Quest-ce-quun-programme-de-partenaires-de-soins-essentiels.png\" alt=\"Qu\u2019est-ce qu\u2019un programme de partenaires de soins essentiels\" width=\"911\" height=\"294\" srcset=\"https:\/\/ontariocaregiver.ca\/wp-content\/uploads\/2023\/03\/Quest-ce-quun-programme-de-partenaires-de-soins-essentiels.png 911w, https:\/\/ontariocaregiver.ca\/wp-content\/uploads\/2023\/03\/Quest-ce-quun-programme-de-partenaires-de-soins-essentiels-300x97.png 300w, https:\/\/ontariocaregiver.ca\/wp-content\/uploads\/2023\/03\/Quest-ce-quun-programme-de-partenaires-de-soins-essentiels-768x248.png 768w, https:\/\/ontariocaregiver.ca\/wp-content\/uploads\/2023\/03\/Quest-ce-quun-programme-de-partenaires-de-soins-essentiels-700x226.png 700w, https:\/\/ontariocaregiver.ca\/wp-content\/uploads\/2023\/03\/Quest-ce-quun-programme-de-partenaires-de-soins-essentiels-600x194.png 600w\" sizes=\"auto, (max-width: 911px) 100vw, 911px\" \/><\/p>\n            <\/div>\n        <\/li>\n                <li class=\"accordion-item\" data-accordion-item>\n            <a href=\"#mettre\" class=\"accordion-title\">Pourquoi mettre sur pied un programme de partenaires de soins essentiels?<\/a>\n            <div class=\"accordion-content\" data-tab-content id=\"mettre\">\n                <p>Les donn\u00e9es probantes montrent que lorsque les prestataires incluent les personnes aidantes naturelles dans l\u2019\u00e9quipe de soins, cela am\u00e9liore les r\u00e9sultats de sant\u00e9 des patients\/r\u00e9sidents, conduit \u00e0 une meilleure exp\u00e9rience pour les prestataires de premi\u00e8re ligne et les personnes aidantes naturelles, et all\u00e8ge les pressions sur le syst\u00e8me de sant\u00e9. Les restrictions li\u00e9es \u00e0 la COVID-19 ont permis de tirer de nouvelles le\u00e7ons sur les risques encourus par les patients et le syst\u00e8me de sant\u00e9 lorsque les personnes aidantes naturelles ne sont pas en mesure de participer aux soins.<\/p>\n<p>Les programmes de partenaires de soins essentiels dans les h\u00f4pitaux et les foyers de soins de longue dur\u00e9e constituent une strat\u00e9gie importante pour faire face aux pressions actuelles du syst\u00e8me de soins de sant\u00e9. Ils forment \u00e9galement la base pour un engagement organisationnel quant au r\u00f4le essentiel des personnes aidantes naturelles, aux soins ax\u00e9s sur la personne et le renforcement des relations entre le personnel, les patients\/r\u00e9sidents et les familles.<\/p>\n            <\/div>\n        <\/li>\n                <li class=\"accordion-item\" data-accordion-item>\n            <a href=\"#directeurs\" class=\"accordion-title\">Principes directeurs relatifs aux partenaires de soins essentiels<\/a>\n            <div class=\"accordion-content\" data-tab-content id=\"directeurs\">\n                <p>Ces principes directeurs forment la base pour un engagement organisationnel durant la mise en \u0153uvre ou l\u2019am\u00e9lioration du programme de partenaires de soins essentiels.<\/p>\n<ul>\n<li>Reconna\u00eetre que les partenaires de soins essentiels (personnes aidantes naturelles) sont distincts des visiteurs et qu\u2019ils sont n\u00e9cessaires \u00e0 la s\u00e9curit\u00e9, \u00e0 la qualit\u00e9 des soins, aux r\u00e9sultats de sant\u00e9 et au bien-\u00eatre des patients<\/li>\n<li>Reconna\u00eetre que les restrictions \u00e0 l\u2019inclusion des partenaires de soins essentiels peuvent entra\u00eener :\n<ul>\n<li>Des pr\u00e9judices pour les patients, en particulier pour les populations vuln\u00e9rables<\/li>\n<li>L\u2019augmentation de la d\u00e9tresse des personnes aidantes naturelles<\/li>\n<li>Des exigences accrues pour l\u2019\u00e9quipe de soins de sant\u00e9 et le syst\u00e8me de soins de sant\u00e9 dans son ensemble<\/li>\n<\/ul>\n<\/li>\n<li>Inclure et valoriser les partenaires de soins essentiels comme membres de l\u2019\u00e9quipe de soins<\/li>\n<li>Donner aux patients la possibilit\u00e9 et le pouvoir de d\u00e9signer leurs partenaires de soins essentiels<\/li>\n<li>R\u00e9duire au minimum les obstacles face \u00e0 la pr\u00e9sence et \u00e0 la participation des partenaires de soins essentiels \u00e0 tout moment, y compris pendant les \u00e9closions et lorsqu\u2019il y a des pressions sur le syst\u00e8me de sant\u00e9.<\/li>\n<li>Faire participer de mani\u00e8re significative les partenaires de soins et les patients \u00e0 la conception et au d\u00e9veloppement de politiques et de pratiques centr\u00e9s sur la personne concernant les visiteurs et les partenaires de soins essentiels<\/li>\n<\/ul>\n            <\/div>\n        <\/li>\n            <\/ul>\n<\/div>\n\n\n\n<h2 class=\"wp-block-heading\">Outils et ressources&nbsp;<\/h2>\n\n\n<div id=\"corona-resources-block_92c4bf9082c911d7c748495e3fa1a903\" class=\"corona-resources \">\n    <div class=\"row\">\n        <div class=\"small-12 column\">\n            <h2><\/h2>\n        <\/div>\n                    <div class=\"medium-6 column\">\n                <a href=\"https:\/\/archive.ontariocaregiver.ca\/fr\/partenaires-de-soins-essentiels\/leshopitaux\/\" target=\"_blank\">\n                <div class=\"box\" style=\"background-image:url('https:\/\/ontariocaregiver.ca\/wp-content\/uploads\/2023\/09\/iStock-1162548492-700x467.jpg');\">\n                    <div class=\"box-content\">\n                        Outils et ressources pour les h\u00f4pitaux                    <\/div>\n                    <div class=\"arrow\">\n                        <i class=\"icon icon-arrow-right\"><\/i>\n                    <\/div>\n                <\/div>\n                <\/a>\n            <\/div>\n                    <div class=\"medium-6 column\">\n                <a href=\"https:\/\/archive.ontariocaregiver.ca\/fr\/partenaires-de-soins-essentiels\/lesfoyersdesoinsdelongueduree\/\" target=\"_blank\">\n                <div class=\"box\" style=\"background-image:url('https:\/\/ontariocaregiver.ca\/wp-content\/uploads\/2021\/08\/CaregiverstoLTCs-700x467.jpg');\">\n                    <div class=\"box-content\">\n                        Outils et ressources pour les foyers de soins de longue dur\u00e9e                    <\/div>\n                    <div class=\"arrow\">\n                        <i class=\"icon icon-arrow-right\"><\/i>\n                    <\/div>\n                <\/div>\n                <\/a>\n            <\/div>\n                    <div class=\"medium-6 column\">\n                <a href=\"https:\/\/archive.ontariocaregiver.ca\/fr\/pour-prestataires\/aidants-naturels-et-equipes-sante-ontario\/programmes-et-pratiques-de-partenaires-de-soins-essentiels-dans-les-eso\/\" target=\"_blank\">\n                <div class=\"box\" style=\"background-image:url('https:\/\/ontariocaregiver.ca\/wp-content\/uploads\/2023\/12\/iStock-1585068774-700x467.jpg');\">\n                    <div class=\"box-content\">\n                        Programmes et pratiques de partenaires de soins essentiels dans les ESO                    <\/div>\n                    <div class=\"arrow\">\n                        <i class=\"icon icon-arrow-right\"><\/i>\n                    <\/div>\n                <\/div>\n                <\/a>\n            <\/div>\n            <\/div>\n<\/div>\n\n\n\n<h2 class=\"wp-block-heading\">En savoir plus<\/h2>\n\n\n\n<p>Si vous \u00eates un h\u00f4pital ou un foyer de soins de longue dur\u00e9e et souhaitez en savoir plus sur le soutien offert par le Centre de soutien pour les partenaires des soins essentiels, nous serions heureux de vous inviter pour une s\u00e9ance d\u2019introduction de 30&nbsp;minutes pour commencer (<a href=\"mailto:ecpsupporthub@archive.ontariocaregiver.ca\">ecpsupporthub@archive.ontariocaregiver.ca<\/a>).<\/p>\n\n\n\n<h2 class=\"wp-block-heading\">Partenaires<\/h2>\n\n\n\n<p>L\u2019Organisme de soutien aux aidants naturels de l\u2019Ontario tient \u00e0 remercier les personnes aidantes naturelles et nos partenaires du syst\u00e8me de sant\u00e9 pour leur engagement envers l\u2019inclusion des partenaires de soins essentiels et pour leur collaboration collective \u00e0 la r\u00e9alisation de ce projet.<\/p>\n","protected":false},"excerpt":{"rendered":"<p>Centre de soutien pour les partenaires de soins essentiels Les personnes aidantes naturelles sont des partenaires de soins essentiels et jouent un r\u00f4le crucial..<\/p>\n","protected":false},"author":17,"featured_media":16429,"parent":0,"menu_order":0,"comment_status":"closed","ping_status":"closed","template":"","meta":{"_acf_changed":false,"_relevanssi_hide_post":"","_relevanssi_hide_content":"","_relevanssi_pin_for_all":"","_relevanssi_pin_keywords":"","_relevanssi_unpin_keywords":"","_relevanssi_related_keywords":"","_relevanssi_related_include_ids":"","_relevanssi_related_exclude_ids":"","_relevanssi_related_no_append":"","_relevanssi_related_not_related":"","_relevanssi_related_posts":"10348,1949,3539,16069,391,7788","_relevanssi_noindex_reason":"","_price":"","_stock":"","_tribe_ticket_header":"","_tribe_default_ticket_provider":"","_tribe_ticket_capacity":"0","_ticket_start_date":"","_ticket_end_date":"","_tribe_ticket_show_description":"","_tribe_ticket_show_not_going":false,"_tribe_ticket_use_global_stock":"","_tribe_ticket_global_stock_level":"","_global_stock_mode":"","_global_stock_cap":"","_tribe_rsvp_for_event":"","_tribe_ticket_going_count":"","_tribe_ticket_not_going_count":"","_tribe_tickets_list":[],"_tribe_ticket_has_attendee_info_fields":false,"footnotes":""},"class_list":["post-21271","page","type-page","status-publish","has-post-thumbnail","hentry"],"acf":[],"yoast_head":"<!-- This site is optimized with the Yoast SEO plugin v25.8 - https:\/\/yoast.com\/wordpress\/plugins\/seo\/ -->\n<title>Centre de soutien pour les partenaires de soins essentiels - Organisme de soutien aux aidants naturels de l\u2019Ontario<\/title>\n<meta name=\"robots\" content=\"noindex, follow, max-snippet:-1, max-image-preview:large, max-video-preview:-1\" \/>\n<meta property=\"og:locale\" content=\"fr_FR\" \/>\n<meta property=\"og:type\" content=\"article\" \/>\n<meta property=\"og:title\" content=\"Centre de soutien pour les partenaires de soins essentiels - Organisme de soutien aux aidants naturels de l\u2019Ontario\" \/>\n<meta property=\"og:description\" content=\"Centre de soutien pour les partenaires de soins essentiels Les personnes aidantes naturelles sont des partenaires de soins essentiels et jouent un r\u00f4le crucial..\" \/>\n<meta property=\"og:url\" content=\"https:\/\/archive.ontariocaregiver.ca\/fr\/partenaires-de-soins-essentiels\/\" \/>\n<meta property=\"og:site_name\" content=\"Organisme de soutien aux aidants naturels de l\u2019Ontario\" \/>\n<meta property=\"article:modified_time\" content=\"2023-12-08T13:32:45+00:00\" \/>\n<meta property=\"og:image\" content=\"https:\/\/ontariocaregiver.ca\/wp-content\/uploads\/2022\/03\/iStock-1141333760.jpg\" \/>\n\t<meta property=\"og:image:width\" content=\"1280\" \/>\n\t<meta property=\"og:image:height\" content=\"819\" \/>\n\t<meta property=\"og:image:type\" content=\"image\/jpeg\" \/>\n<meta name=\"twitter:card\" content=\"summary_large_image\" \/>\n<meta name=\"twitter:label1\" content=\"Dur\u00e9e de lecture estim\u00e9e\" \/>\n\t<meta name=\"twitter:data1\" content=\"2 minutes\" \/>\n<script type=\"application\/ld+json\" class=\"yoast-schema-graph\">{\"@context\":\"https:\/\/schema.org\",\"@graph\":[{\"@type\":\"WebPage\",\"@id\":\"https:\/\/archive.ontariocaregiver.ca\/fr\/partenaires-de-soins-essentiels\/\",\"url\":\"https:\/\/archive.ontariocaregiver.ca\/fr\/partenaires-de-soins-essentiels\/\",\"name\":\"Centre de soutien pour les partenaires de soins essentiels - Organisme de soutien aux aidants naturels de l\u2019Ontario\",\"isPartOf\":{\"@id\":\"https:\/\/archive.ontariocaregiver.ca\/fr\/#website\"},\"primaryImageOfPage\":{\"@id\":\"https:\/\/archive.ontariocaregiver.ca\/fr\/partenaires-de-soins-essentiels\/#primaryimage\"},\"image\":{\"@id\":\"https:\/\/archive.ontariocaregiver.ca\/fr\/partenaires-de-soins-essentiels\/#primaryimage\"},\"thumbnailUrl\":\"https:\/\/ontariocaregiver.ca\/wp-content\/uploads\/2022\/03\/iStock-1141333760.jpg\",\"datePublished\":\"2023-02-25T03:16:40+00:00\",\"dateModified\":\"2023-12-08T13:32:45+00:00\",\"breadcrumb\":{\"@id\":\"https:\/\/archive.ontariocaregiver.ca\/fr\/partenaires-de-soins-essentiels\/#breadcrumb\"},\"inLanguage\":\"fr-FR\",\"potentialAction\":[{\"@type\":\"ReadAction\",\"target\":[\"https:\/\/archive.ontariocaregiver.ca\/fr\/partenaires-de-soins-essentiels\/\"]}]},{\"@type\":\"ImageObject\",\"inLanguage\":\"fr-FR\",\"@id\":\"https:\/\/archive.ontariocaregiver.ca\/fr\/partenaires-de-soins-essentiels\/#primaryimage\",\"url\":\"https:\/\/ontariocaregiver.ca\/wp-content\/uploads\/2022\/03\/iStock-1141333760.jpg\",\"contentUrl\":\"https:\/\/ontariocaregiver.ca\/wp-content\/uploads\/2022\/03\/iStock-1141333760.jpg\",\"width\":1280,\"height\":819,\"caption\":\"Vue de haut, un group de prestataires de soins se rencontre\"},{\"@type\":\"BreadcrumbList\",\"@id\":\"https:\/\/archive.ontariocaregiver.ca\/fr\/partenaires-de-soins-essentiels\/#breadcrumb\",\"itemListElement\":[{\"@type\":\"ListItem\",\"position\":1,\"name\":\"Page principale\",\"item\":\"https:\/\/archive.ontariocaregiver.ca\/fr\/\"},{\"@type\":\"ListItem\",\"position\":2,\"name\":\"Centre de soutien pour les partenaires de soins essentiels\"}]},{\"@type\":\"WebSite\",\"@id\":\"https:\/\/archive.ontariocaregiver.ca\/fr\/#website\",\"url\":\"https:\/\/archive.ontariocaregiver.ca\/fr\/\",\"name\":\"Organisme de soutien aux aidants naturels de l\u2019Ontario\",\"description\":\"\",\"potentialAction\":[{\"@type\":\"SearchAction\",\"target\":{\"@type\":\"EntryPoint\",\"urlTemplate\":\"https:\/\/archive.ontariocaregiver.ca\/fr\/?s={search_term_string}\"},\"query-input\":{\"@type\":\"PropertyValueSpecification\",\"valueRequired\":true,\"valueName\":\"search_term_string\"}}],\"inLanguage\":\"fr-FR\"}]}<\/script>\n<!-- \/ Yoast SEO plugin. -->","yoast_head_json":{"title":"Centre de soutien pour les partenaires de soins essentiels - Organisme de soutien aux aidants naturels de l\u2019Ontario","robots":{"index":"noindex","follow":"follow","max-snippet":"max-snippet:-1","max-image-preview":"max-image-preview:large","max-video-preview":"max-video-preview:-1"},"og_locale":"fr_FR","og_type":"article","og_title":"Centre de soutien pour les partenaires de soins essentiels - Organisme de soutien aux aidants naturels de l\u2019Ontario","og_description":"Centre de soutien pour les partenaires de soins essentiels Les personnes aidantes naturelles sont des partenaires de soins essentiels et jouent un r\u00f4le crucial..","og_url":"https:\/\/archive.ontariocaregiver.ca\/fr\/partenaires-de-soins-essentiels\/","og_site_name":"Organisme de soutien aux aidants naturels de l\u2019Ontario","article_modified_time":"2023-12-08T13:32:45+00:00","og_image":[{"width":1280,"height":819,"url":"https:\/\/ontariocaregiver.ca\/wp-content\/uploads\/2022\/03\/iStock-1141333760.jpg","type":"image\/jpeg"}],"twitter_card":"summary_large_image","twitter_misc":{"Dur\u00e9e de lecture estim\u00e9e":"2 minutes"},"schema":{"@context":"https:\/\/schema.org","@graph":[{"@type":"WebPage","@id":"https:\/\/archive.ontariocaregiver.ca\/fr\/partenaires-de-soins-essentiels\/","url":"https:\/\/archive.ontariocaregiver.ca\/fr\/partenaires-de-soins-essentiels\/","name":"Centre de soutien pour les partenaires de soins essentiels - Organisme de soutien aux aidants naturels de l\u2019Ontario","isPartOf":{"@id":"https:\/\/archive.ontariocaregiver.ca\/fr\/#website"},"primaryImageOfPage":{"@id":"https:\/\/archive.ontariocaregiver.ca\/fr\/partenaires-de-soins-essentiels\/#primaryimage"},"image":{"@id":"https:\/\/archive.ontariocaregiver.ca\/fr\/partenaires-de-soins-essentiels\/#primaryimage"},"thumbnailUrl":"https:\/\/ontariocaregiver.ca\/wp-content\/uploads\/2022\/03\/iStock-1141333760.jpg","datePublished":"2023-02-25T03:16:40+00:00","dateModified":"2023-12-08T13:32:45+00:00","breadcrumb":{"@id":"https:\/\/archive.ontariocaregiver.ca\/fr\/partenaires-de-soins-essentiels\/#breadcrumb"},"inLanguage":"fr-FR","potentialAction":[{"@type":"ReadAction","target":["https:\/\/archive.ontariocaregiver.ca\/fr\/partenaires-de-soins-essentiels\/"]}]},{"@type":"ImageObject","inLanguage":"fr-FR","@id":"https:\/\/archive.ontariocaregiver.ca\/fr\/partenaires-de-soins-essentiels\/#primaryimage","url":"https:\/\/ontariocaregiver.ca\/wp-content\/uploads\/2022\/03\/iStock-1141333760.jpg","contentUrl":"https:\/\/ontariocaregiver.ca\/wp-content\/uploads\/2022\/03\/iStock-1141333760.jpg","width":1280,"height":819,"caption":"Vue de haut, un group de prestataires de soins se rencontre"},{"@type":"BreadcrumbList","@id":"https:\/\/archive.ontariocaregiver.ca\/fr\/partenaires-de-soins-essentiels\/#breadcrumb","itemListElement":[{"@type":"ListItem","position":1,"name":"Page principale","item":"https:\/\/archive.ontariocaregiver.ca\/fr\/"},{"@type":"ListItem","position":2,"name":"Centre de soutien pour les partenaires de soins essentiels"}]},{"@type":"WebSite","@id":"https:\/\/archive.ontariocaregiver.ca\/fr\/#website","url":"https:\/\/archive.ontariocaregiver.ca\/fr\/","name":"Organisme de soutien aux aidants naturels de l\u2019Ontario","description":"","potentialAction":[{"@type":"SearchAction","target":{"@type":"EntryPoint","urlTemplate":"https:\/\/archive.ontariocaregiver.ca\/fr\/?s={search_term_string}"},"query-input":{"@type":"PropertyValueSpecification","valueRequired":true,"valueName":"search_term_string"}}],"inLanguage":"fr-FR"}]}},"ticketed":false,"_links":{"self":[{"href":"https:\/\/archive.ontariocaregiver.ca\/fr\/wp-json\/wp\/v2\/pages\/21271","targetHints":{"allow":["GET"]}}],"collection":[{"href":"https:\/\/archive.ontariocaregiver.ca\/fr\/wp-json\/wp\/v2\/pages"}],"about":[{"href":"https:\/\/archive.ontariocaregiver.ca\/fr\/wp-json\/wp\/v2\/types\/page"}],"author":[{"embeddable":true,"href":"https:\/\/archive.ontariocaregiver.ca\/fr\/wp-json\/wp\/v2\/users\/17"}],"replies":[{"embeddable":true,"href":"https:\/\/archive.ontariocaregiver.ca\/fr\/wp-json\/wp\/v2\/comments?post=21271"}],"version-history":[{"count":17,"href":"https:\/\/archive.ontariocaregiver.ca\/fr\/wp-json\/wp\/v2\/pages\/21271\/revisions"}],"predecessor-version":[{"id":24936,"href":"https:\/\/archive.ontariocaregiver.ca\/fr\/wp-json\/wp\/v2\/pages\/21271\/revisions\/24936"}],"wp:featuredmedia":[{"embeddable":true,"href":"https:\/\/archive.ontariocaregiver.ca\/fr\/wp-json\/wp\/v2\/media\/16429"}],"wp:attachment":[{"href":"https:\/\/archive.ontariocaregiver.ca\/fr\/wp-json\/wp\/v2\/media?parent=21271"}],"curies":[{"name":"wp","href":"https:\/\/api.w.org\/{rel}","templated":true}]}}