{"id":20995,"date":"2023-02-13T22:43:55","date_gmt":"2023-02-14T03:43:55","guid":{"rendered":"https:\/\/archive.ontariocaregiver.ca\/a-propos-de-losano\/the-undercover-kindness-project\/"},"modified":"2023-11-14T16:25:38","modified_gmt":"2023-11-14T21:25:38","slug":"un-projet-discret-de-bienveillance","status":"publish","type":"page","link":"https:\/\/archive.ontariocaregiver.ca\/fr\/a-propos-de-losano\/un-projet-discret-de-bienveillance\/","title":{"rendered":"Un projet discret de bienveillance"},"content":{"rendered":"\n<div class=\"wp-block-columns is-layout-flex wp-container-core-columns-is-layout-1 wp-block-columns-is-layout-flex\">\n<div class=\"wp-block-column is-layout-flow wp-block-column-is-layout-flow\">\n<figure class=\"wp-block-embed is-type-video is-provider-youtube wp-block-embed-youtube wp-embed-aspect-16-9 wp-has-aspect-ratio\"><div class=\"wp-block-embed__wrapper\">\n<iframe loading=\"lazy\" title=\"OSANO Un projet discret de bienveillance: Terrence (version longue)\" width=\"500\" height=\"281\" src=\"https:\/\/www.youtube.com\/embed\/V3721qBQDTs?list=PLoVqQnCbbIiOgR8X3VvY1h4VIMvwSaGxP\" frameborder=\"0\" allow=\"accelerometer; autoplay; clipboard-write; encrypted-media; gyroscope; picture-in-picture; web-share\" referrerpolicy=\"strict-origin-when-cross-origin\" allowfullscreen><\/iframe>\n<\/div><\/figure>\n<\/div>\n\n\n\n<div class=\"wp-block-column is-layout-flow wp-block-column-is-layout-flow\">\n<figure class=\"wp-block-embed is-type-video is-provider-youtube wp-block-embed-youtube wp-embed-aspect-16-9 wp-has-aspect-ratio\"><div class=\"wp-block-embed__wrapper\">\n<iframe loading=\"lazy\" title=\"OSANO Un projet discret de bienveillance: Sakina (version longue)\" width=\"500\" height=\"281\" src=\"https:\/\/www.youtube.com\/embed\/m0ee9LAvCVY?feature=oembed\" frameborder=\"0\" allow=\"accelerometer; autoplay; clipboard-write; encrypted-media; gyroscope; picture-in-picture; web-share\" referrerpolicy=\"strict-origin-when-cross-origin\" allowfullscreen><\/iframe>\n<\/div><\/figure>\n<\/div>\n<\/div>\n\n\n\n<div class=\"wp-block-columns is-layout-flex wp-container-core-columns-is-layout-2 wp-block-columns-is-layout-flex\">\n<div class=\"wp-block-column is-layout-flow wp-block-column-is-layout-flow\">\n<figure class=\"wp-block-embed is-type-video is-provider-youtube wp-block-embed-youtube wp-embed-aspect-16-9 wp-has-aspect-ratio\"><div class=\"wp-block-embed__wrapper\">\n<iframe loading=\"lazy\" title=\"OSANO Un projet discret de bienveillance: Kari\" width=\"500\" height=\"281\" src=\"https:\/\/www.youtube.com\/embed\/vgrLx3E4_qE?feature=oembed\" frameborder=\"0\" allow=\"accelerometer; autoplay; clipboard-write; encrypted-media; gyroscope; picture-in-picture; web-share\" referrerpolicy=\"strict-origin-when-cross-origin\" allowfullscreen><\/iframe>\n<\/div><\/figure>\n<\/div>\n\n\n\n<div class=\"wp-block-column is-layout-flow wp-block-column-is-layout-flow\">\n<figure class=\"wp-block-embed is-type-video is-provider-youtube wp-block-embed-youtube wp-embed-aspect-16-9 wp-has-aspect-ratio\"><div class=\"wp-block-embed__wrapper\">\n<iframe loading=\"lazy\" title=\"OSANO Un projet discret de bienveillance: La serre\" width=\"500\" height=\"281\" src=\"https:\/\/www.youtube.com\/embed\/W5liRFRatqc?feature=oembed\" frameborder=\"0\" allow=\"accelerometer; autoplay; clipboard-write; encrypted-media; gyroscope; picture-in-picture; web-share\" referrerpolicy=\"strict-origin-when-cross-origin\" allowfullscreen><\/iframe>\n<\/div><\/figure>\n<\/div>\n<\/div>\n\n\n\n<p><\/p>\n\n\n\n<div class=\"wp-block-columns is-layout-flex wp-container-core-columns-is-layout-3 wp-block-columns-is-layout-flex\">\n<div class=\"wp-block-column is-layout-flow wp-block-column-is-layout-flow\" style=\"flex-basis:67%\">\n<h2 class=\"wp-block-heading has-white-color has-text-color has-background has-medium-font-size\" style=\"background-color:#7659b1\"><strong>Nous gagnerions tous \u00e0 faire preuve d\u2019un peu de gentillesse<\/strong><\/h2>\n\n\n\n<p>Nous avons lanc\u00e9 le <em>projet discret de bienveillance<\/em> pour inciter les Ontariens \u00e0 faire preuve d\u2019un peu de gentillesse envers les personnes aidantes naturelles. Nous avons invit\u00e9 les gens \u00e0 parler de la personne aidante naturelle dans leur vie et \u00e0 expliquer comment un acte de gentillesse discret pourrait contribuer \u00e0 \u00e9gayer un peu leur journ\u00e9e. Ensuite, nous avons discr\u00e8tement planifi\u00e9 \u00ab\u2009l\u2019acte\u2009\u00bb avec la personne qui a propos\u00e9 la candidature et l\u2019ambassadrice de l\u2019OSANO, Erica Ehm. Nous voulions les aider \u00e0 faire quelque chose de significatif, pour remercier la personne aidante naturelle et lui faciliter un peu la t\u00e2che.<\/p>\n\n\n\n<p>C\u2019est \u00e7a le but du projet discret de bienveillance. Tout le monde peut s\u2019impliquer. Et vous n\u2019avez pas besoin de faire quelque chose de grandiose. Les actes de gentillesse peuvent se faire sous diff\u00e9rentes formes, commen\u00e7ant avec l\u2019offre d\u2019une tasse de caf\u00e9 jusqu\u2019\u00e0 de l\u2019aide \u00e0 domicile. Il suffit d\u2019\u00e9couter, de soutenir, et si vous voyez qu\u2019une personne aidante naturelle a besoin de quelque chose, faites un acte de gentillesse qui pourrait faire toute la diff\u00e9rence pour elle.<\/p>\n\n\n\n<p>Regardez nos actes de gentillesse discret. Nous sommes reconnaissants d\u2019avoir eu la chance d\u2019aider ces familles et de montrer comment un simple acte de gentillesse peut faire toute la diff\u00e9rence.<\/p>\n\n\n\n<p>Remerciez les personnes aidantes naturelles de votre entourage en posant un acte de gentillesse de valeur \u00e0 leur \u00e9gard. Aujourd\u2019hui, vous pouvez facilement t\u00e9l\u00e9charger le livret Je suis un aidant naturel et le donner \u00e0 une personne aidante naturelle de votre entourage. Vous pourrez ainsi la mettre en contact avec des programmes et services gratuits destin\u00e9s aux personnes aidantes naturelles, tels que la ligne d\u2019assistance de l\u2019OSANO ouverte 24h\/24 et 7j\/7, le soutien par les pairs, etc.<\/p>\n\n\n\n<h1 class=\"wp-block-heading\">Qu&rsquo;est-ce que je peux faire?<\/h1>\n\n\n\n<p>Les personnes aidantes naturelles nous ont dit quels sortes de gestes de bienveillance peuvent am\u00e9liorer leur journ\u00e9e. Regardez notre liste d&rsquo;id\u00e9es de gestes de gentillesse, choisissez en une ou plus \u00e0 faire pour une personne aidante. N&rsquo;oubliez pas, la gentillesse est importante \u00e0 tous les jours, pas seulement le Jour de la gentillesse!<\/p>\n\n\n\n<div class=\"wp-block-buttons is-layout-flex wp-block-buttons-is-layout-flex\">\n<div class=\"wp-block-button\"><a class=\"wp-block-button__link wp-element-button\" href=\"https:\/\/ontariocaregiver.ca\/wp-content\/uploads\/2023\/11\/OCO_Acts-of-Kindness-French-2023-1.pdf\" target=\"_blank\" rel=\"noreferrer noopener\">T\u00e9l\u00e9chargez la liste d&rsquo;id\u00e9es de gestes de gentillesse<\/a><\/div>\n<\/div>\n<\/div>\n\n\n\n<div class=\"wp-block-column is-layout-flow wp-block-column-is-layout-flow\" style=\"flex-basis:33%\"><div class=\"wp-block-image\">\n<figure class=\"aligncenter size-full\"><img loading=\"lazy\" decoding=\"async\" width=\"349\" height=\"123\" src=\"https:\/\/ontariocaregiver.ca\/wp-content\/uploads\/2023\/02\/The-Undercover-Kindness-Project-FR.png\" alt=\"Un projet discret de bienveillance\" class=\"wp-image-20998\" srcset=\"https:\/\/ontariocaregiver.ca\/wp-content\/uploads\/2023\/02\/The-Undercover-Kindness-Project-FR.png 349w, https:\/\/ontariocaregiver.ca\/wp-content\/uploads\/2023\/02\/The-Undercover-Kindness-Project-FR-300x106.png 300w\" sizes=\"auto, (max-width: 349px) 100vw, 349px\" \/><\/figure><\/div>\n\n\n<figure class=\"wp-block-image size-full\"><img loading=\"lazy\" decoding=\"async\" width=\"643\" height=\"679\" src=\"https:\/\/ontariocaregiver.ca\/wp-content\/uploads\/2023\/08\/IamaCaregiver_cover-1.png\" alt=\"\" class=\"wp-image-23651\" srcset=\"https:\/\/ontariocaregiver.ca\/wp-content\/uploads\/2023\/08\/IamaCaregiver_cover-1.png 643w, https:\/\/ontariocaregiver.ca\/wp-content\/uploads\/2023\/08\/IamaCaregiver_cover-1-284x300.png 284w, https:\/\/ontariocaregiver.ca\/wp-content\/uploads\/2023\/08\/IamaCaregiver_cover-1-600x634.png 600w\" sizes=\"auto, (max-width: 643px) 100vw, 643px\" \/><\/figure>\n\n\n\n<div class=\"wp-block-buttons is-layout-flex wp-block-buttons-is-layout-flex\">\n<div class=\"wp-block-button\"><a class=\"wp-block-button__link wp-element-button\" href=\"\/\/ontariocaregiver.ca\/wp-content\/uploads\/2023\/04\/OCO-starter-kit-March-28-2023-Web-FRENCH-NEW_FINAL-es.pdf\" target=\"_blank\" rel=\"noreferrer noopener\">Trousse de d\u00e9marrage Je suis un aidant naturel<\/a><\/div>\n<\/div>\n\n\n\n<div style=\"height:12px\" aria-hidden=\"true\" class=\"wp-block-spacer\"><\/div>\n\n\n\n<figure class=\"wp-block-gallery has-nested-images columns-2 is-cropped is-style-masonry wp-block-gallery-1 is-layout-flex wp-block-gallery-is-layout-flex\">\n<figure class=\"wp-block-image size-large\"><img loading=\"lazy\" decoding=\"async\" width=\"1024\" height=\"768\" src=\"https:\/\/ontariocaregiver.ca\/wp-content\/uploads\/2023\/02\/OCO-iphone-7346-1024x768.jpg\" alt=\"The Undercover Kindness Project\" class=\"wp-image-20915\" srcset=\"https:\/\/ontariocaregiver.ca\/wp-content\/uploads\/2023\/02\/OCO-iphone-7346-1024x768.jpg 1024w, https:\/\/ontariocaregiver.ca\/wp-content\/uploads\/2023\/02\/OCO-iphone-7346-300x225.jpg 300w, https:\/\/ontariocaregiver.ca\/wp-content\/uploads\/2023\/02\/OCO-iphone-7346-768x576.jpg 768w, https:\/\/ontariocaregiver.ca\/wp-content\/uploads\/2023\/02\/OCO-iphone-7346-1536x1152.jpg 1536w, https:\/\/ontariocaregiver.ca\/wp-content\/uploads\/2023\/02\/OCO-iphone-7346-2048x1536.jpg 2048w, https:\/\/ontariocaregiver.ca\/wp-content\/uploads\/2023\/02\/OCO-iphone-7346-1600x1200.jpg 1600w, https:\/\/ontariocaregiver.ca\/wp-content\/uploads\/2023\/02\/OCO-iphone-7346-700x525.jpg 700w, https:\/\/ontariocaregiver.ca\/wp-content\/uploads\/2023\/02\/OCO-iphone-7346-600x450.jpg 600w\" sizes=\"auto, (max-width: 1024px) 100vw, 1024px\" \/><\/figure>\n\n\n\n<figure class=\"wp-block-image size-large\"><img loading=\"lazy\" decoding=\"async\" width=\"1024\" height=\"683\" src=\"https:\/\/ontariocaregiver.ca\/wp-content\/uploads\/2023\/02\/OCO-5469-1024x683.jpg\" alt=\"The Undercover Kindness Project\" class=\"wp-image-20917\" srcset=\"https:\/\/ontariocaregiver.ca\/wp-content\/uploads\/2023\/02\/OCO-5469-1024x683.jpg 1024w, https:\/\/ontariocaregiver.ca\/wp-content\/uploads\/2023\/02\/OCO-5469-300x200.jpg 300w, https:\/\/ontariocaregiver.ca\/wp-content\/uploads\/2023\/02\/OCO-5469-768x512.jpg 768w, https:\/\/ontariocaregiver.ca\/wp-content\/uploads\/2023\/02\/OCO-5469-1536x1024.jpg 1536w, https:\/\/ontariocaregiver.ca\/wp-content\/uploads\/2023\/02\/OCO-5469-2048x1365.jpg 2048w, https:\/\/ontariocaregiver.ca\/wp-content\/uploads\/2023\/02\/OCO-5469-1600x1067.jpg 1600w, https:\/\/ontariocaregiver.ca\/wp-content\/uploads\/2023\/02\/OCO-5469-700x467.jpg 700w, https:\/\/ontariocaregiver.ca\/wp-content\/uploads\/2023\/02\/OCO-5469-600x400.jpg 600w\" sizes=\"auto, (max-width: 1024px) 100vw, 1024px\" \/><\/figure>\n\n\n\n<figure class=\"wp-block-image size-large\"><img loading=\"lazy\" decoding=\"async\" width=\"1024\" height=\"768\" src=\"https:\/\/ontariocaregiver.ca\/wp-content\/uploads\/2023\/02\/OCO-iphone-7536-1024x768.jpg\" alt=\"The Undercover Kindness Project\" class=\"wp-image-20913\" srcset=\"https:\/\/ontariocaregiver.ca\/wp-content\/uploads\/2023\/02\/OCO-iphone-7536-1024x768.jpg 1024w, https:\/\/ontariocaregiver.ca\/wp-content\/uploads\/2023\/02\/OCO-iphone-7536-300x225.jpg 300w, https:\/\/ontariocaregiver.ca\/wp-content\/uploads\/2023\/02\/OCO-iphone-7536-768x576.jpg 768w, https:\/\/ontariocaregiver.ca\/wp-content\/uploads\/2023\/02\/OCO-iphone-7536-1536x1152.jpg 1536w, https:\/\/ontariocaregiver.ca\/wp-content\/uploads\/2023\/02\/OCO-iphone-7536-2048x1536.jpg 2048w, https:\/\/ontariocaregiver.ca\/wp-content\/uploads\/2023\/02\/OCO-iphone-7536-1600x1200.jpg 1600w, https:\/\/ontariocaregiver.ca\/wp-content\/uploads\/2023\/02\/OCO-iphone-7536-700x525.jpg 700w, https:\/\/ontariocaregiver.ca\/wp-content\/uploads\/2023\/02\/OCO-iphone-7536-600x450.jpg 600w\" sizes=\"auto, (max-width: 1024px) 100vw, 1024px\" \/><\/figure>\n\n\n\n<figure class=\"wp-block-image size-large\"><img loading=\"lazy\" decoding=\"async\" width=\"1024\" height=\"683\" src=\"https:\/\/ontariocaregiver.ca\/wp-content\/uploads\/2023\/02\/OCO-5238-1024x683.jpg\" alt=\"The Undercover Kindness Project\" class=\"wp-image-20909\" srcset=\"https:\/\/ontariocaregiver.ca\/wp-content\/uploads\/2023\/02\/OCO-5238-1024x683.jpg 1024w, https:\/\/ontariocaregiver.ca\/wp-content\/uploads\/2023\/02\/OCO-5238-300x200.jpg 300w, https:\/\/ontariocaregiver.ca\/wp-content\/uploads\/2023\/02\/OCO-5238-768x512.jpg 768w, https:\/\/ontariocaregiver.ca\/wp-content\/uploads\/2023\/02\/OCO-5238-1536x1024.jpg 1536w, https:\/\/ontariocaregiver.ca\/wp-content\/uploads\/2023\/02\/OCO-5238-2048x1365.jpg 2048w, https:\/\/ontariocaregiver.ca\/wp-content\/uploads\/2023\/02\/OCO-5238-1600x1067.jpg 1600w, https:\/\/ontariocaregiver.ca\/wp-content\/uploads\/2023\/02\/OCO-5238-700x467.jpg 700w, https:\/\/ontariocaregiver.ca\/wp-content\/uploads\/2023\/02\/OCO-5238-600x400.jpg 600w\" sizes=\"auto, (max-width: 1024px) 100vw, 1024px\" \/><\/figure>\n\n\n\n<figure class=\"wp-block-image size-large\"><img loading=\"lazy\" decoding=\"async\" width=\"1024\" height=\"683\" src=\"https:\/\/ontariocaregiver.ca\/wp-content\/uploads\/2023\/02\/OCO-5494-1024x683.jpg\" alt=\"The Undercover Kindness Project\" class=\"wp-image-20911\" srcset=\"https:\/\/ontariocaregiver.ca\/wp-content\/uploads\/2023\/02\/OCO-5494-1024x683.jpg 1024w, https:\/\/ontariocaregiver.ca\/wp-content\/uploads\/2023\/02\/OCO-5494-300x200.jpg 300w, https:\/\/ontariocaregiver.ca\/wp-content\/uploads\/2023\/02\/OCO-5494-768x512.jpg 768w, https:\/\/ontariocaregiver.ca\/wp-content\/uploads\/2023\/02\/OCO-5494-1536x1024.jpg 1536w, https:\/\/ontariocaregiver.ca\/wp-content\/uploads\/2023\/02\/OCO-5494-2048x1365.jpg 2048w, https:\/\/ontariocaregiver.ca\/wp-content\/uploads\/2023\/02\/OCO-5494-1600x1067.jpg 1600w, https:\/\/ontariocaregiver.ca\/wp-content\/uploads\/2023\/02\/OCO-5494-700x467.jpg 700w, https:\/\/ontariocaregiver.ca\/wp-content\/uploads\/2023\/02\/OCO-5494-600x400.jpg 600w\" sizes=\"auto, (max-width: 1024px) 100vw, 1024px\" \/><\/figure>\n\n\n\n<figure class=\"wp-block-image size-large\"><img loading=\"lazy\" decoding=\"async\" width=\"1024\" height=\"683\" src=\"https:\/\/ontariocaregiver.ca\/wp-content\/uploads\/2023\/02\/OCO-5587-1024x683.jpg\" alt=\"The Undercover Kindness Project\" class=\"wp-image-20907\" srcset=\"https:\/\/ontariocaregiver.ca\/wp-content\/uploads\/2023\/02\/OCO-5587-1024x683.jpg 1024w, https:\/\/ontariocaregiver.ca\/wp-content\/uploads\/2023\/02\/OCO-5587-300x200.jpg 300w, https:\/\/ontariocaregiver.ca\/wp-content\/uploads\/2023\/02\/OCO-5587-768x512.jpg 768w, https:\/\/ontariocaregiver.ca\/wp-content\/uploads\/2023\/02\/OCO-5587-1536x1024.jpg 1536w, https:\/\/ontariocaregiver.ca\/wp-content\/uploads\/2023\/02\/OCO-5587-2048x1365.jpg 2048w, https:\/\/ontariocaregiver.ca\/wp-content\/uploads\/2023\/02\/OCO-5587-1600x1067.jpg 1600w, https:\/\/ontariocaregiver.ca\/wp-content\/uploads\/2023\/02\/OCO-5587-700x467.jpg 700w, https:\/\/ontariocaregiver.ca\/wp-content\/uploads\/2023\/02\/OCO-5587-600x400.jpg 600w\" sizes=\"auto, (max-width: 1024px) 100vw, 1024px\" \/><\/figure>\n<\/figure>\n<\/div>\n<\/div>\n","protected":false},"excerpt":{"rendered":"<p>Nous gagnerions tous \u00e0 faire preuve d\u2019un peu de gentillesse Nous avons lanc\u00e9 le projet discret de bienveillance pour inciter les Ontariens \u00e0 faire..<\/p>\n","protected":false},"author":17,"featured_media":0,"parent":822,"menu_order":0,"comment_status":"closed","ping_status":"closed","template":"","meta":{"_acf_changed":false,"_relevanssi_hide_post":"","_relevanssi_hide_content":"","_relevanssi_pin_for_all":"","_relevanssi_pin_keywords":"","_relevanssi_unpin_keywords":"","_relevanssi_related_keywords":"","_relevanssi_related_include_ids":"","_relevanssi_related_exclude_ids":"","_relevanssi_related_no_append":"","_relevanssi_related_not_related":"","_relevanssi_related_posts":"366,12346,10348,584,369,12714","_relevanssi_noindex_reason":"","_price":"","_stock":"","_tribe_ticket_header":"","_tribe_default_ticket_provider":"","_tribe_ticket_capacity":"0","_ticket_start_date":"","_ticket_end_date":"","_tribe_ticket_show_description":"","_tribe_ticket_show_not_going":false,"_tribe_ticket_use_global_stock":"","_tribe_ticket_global_stock_level":"","_global_stock_mode":"","_global_stock_cap":"","_tribe_rsvp_for_event":"","_tribe_ticket_going_count":"","_tribe_ticket_not_going_count":"","_tribe_tickets_list":[],"_tribe_ticket_has_attendee_info_fields":false,"footnotes":""},"class_list":["post-20995","page","type-page","status-publish","hentry"],"acf":[],"yoast_head":"<!-- This site is optimized with the Yoast SEO plugin v25.8 - https:\/\/yoast.com\/wordpress\/plugins\/seo\/ -->\n<title>Un projet discret de bienveillance - Organisme de soutien aux aidants naturels de l\u2019Ontario<\/title>\n<meta name=\"robots\" content=\"noindex, follow, max-snippet:-1, max-image-preview:large, max-video-preview:-1\" \/>\n<meta property=\"og:locale\" content=\"fr_FR\" \/>\n<meta property=\"og:type\" content=\"article\" \/>\n<meta property=\"og:title\" content=\"Un projet discret de bienveillance - Organisme de soutien aux aidants naturels de l\u2019Ontario\" \/>\n<meta property=\"og:description\" content=\"Nous gagnerions tous \u00e0 faire preuve d\u2019un peu de gentillesse Nous avons lanc\u00e9 le projet discret de bienveillance pour inciter les Ontariens \u00e0 faire..\" \/>\n<meta property=\"og:url\" content=\"https:\/\/archive.ontariocaregiver.ca\/fr\/a-propos-de-losano\/un-projet-discret-de-bienveillance\/\" \/>\n<meta property=\"og:site_name\" content=\"Organisme de soutien aux aidants naturels de l\u2019Ontario\" \/>\n<meta property=\"article:modified_time\" content=\"2023-11-14T21:25:38+00:00\" \/>\n<meta property=\"og:image\" content=\"https:\/\/ontariocaregiver.ca\/wp-content\/uploads\/2023\/02\/The-Undercover-Kindness-Project-FR.png\" \/>\n<meta name=\"twitter:card\" content=\"summary_large_image\" \/>\n<meta name=\"twitter:label1\" content=\"Dur\u00e9e de lecture estim\u00e9e\" \/>\n\t<meta name=\"twitter:data1\" content=\"4 minutes\" \/>\n<script type=\"application\/ld+json\" class=\"yoast-schema-graph\">{\"@context\":\"https:\/\/schema.org\",\"@graph\":[{\"@type\":\"WebPage\",\"@id\":\"https:\/\/archive.ontariocaregiver.ca\/fr\/a-propos-de-losano\/un-projet-discret-de-bienveillance\/\",\"url\":\"https:\/\/archive.ontariocaregiver.ca\/fr\/a-propos-de-losano\/un-projet-discret-de-bienveillance\/\",\"name\":\"Un projet discret de bienveillance - Organisme de soutien aux aidants naturels de l\u2019Ontario\",\"isPartOf\":{\"@id\":\"https:\/\/archive.ontariocaregiver.ca\/fr\/#website\"},\"primaryImageOfPage\":{\"@id\":\"https:\/\/archive.ontariocaregiver.ca\/fr\/a-propos-de-losano\/un-projet-discret-de-bienveillance\/#primaryimage\"},\"image\":{\"@id\":\"https:\/\/archive.ontariocaregiver.ca\/fr\/a-propos-de-losano\/un-projet-discret-de-bienveillance\/#primaryimage\"},\"thumbnailUrl\":\"https:\/\/ontariocaregiver.ca\/wp-content\/uploads\/2023\/02\/The-Undercover-Kindness-Project-FR.png\",\"datePublished\":\"2023-02-14T03:43:55+00:00\",\"dateModified\":\"2023-11-14T21:25:38+00:00\",\"breadcrumb\":{\"@id\":\"https:\/\/archive.ontariocaregiver.ca\/fr\/a-propos-de-losano\/un-projet-discret-de-bienveillance\/#breadcrumb\"},\"inLanguage\":\"fr-FR\",\"potentialAction\":[{\"@type\":\"ReadAction\",\"target\":[\"https:\/\/archive.ontariocaregiver.ca\/fr\/a-propos-de-losano\/un-projet-discret-de-bienveillance\/\"]}]},{\"@type\":\"ImageObject\",\"inLanguage\":\"fr-FR\",\"@id\":\"https:\/\/archive.ontariocaregiver.ca\/fr\/a-propos-de-losano\/un-projet-discret-de-bienveillance\/#primaryimage\",\"url\":\"https:\/\/ontariocaregiver.ca\/wp-content\/uploads\/2023\/02\/The-Undercover-Kindness-Project-FR.png\",\"contentUrl\":\"https:\/\/ontariocaregiver.ca\/wp-content\/uploads\/2023\/02\/The-Undercover-Kindness-Project-FR.png\"},{\"@type\":\"BreadcrumbList\",\"@id\":\"https:\/\/archive.ontariocaregiver.ca\/fr\/a-propos-de-losano\/un-projet-discret-de-bienveillance\/#breadcrumb\",\"itemListElement\":[{\"@type\":\"ListItem\",\"position\":1,\"name\":\"Page principale\",\"item\":\"https:\/\/archive.ontariocaregiver.ca\/fr\/\"},{\"@type\":\"ListItem\",\"position\":2,\"name\":\"\u00c0 propos de l\u2019OSANO\",\"item\":\"https:\/\/archive.ontariocaregiver.ca\/fr\/about-oco\/\"},{\"@type\":\"ListItem\",\"position\":3,\"name\":\"Un projet discret de bienveillance\"}]},{\"@type\":\"WebSite\",\"@id\":\"https:\/\/archive.ontariocaregiver.ca\/fr\/#website\",\"url\":\"https:\/\/archive.ontariocaregiver.ca\/fr\/\",\"name\":\"Organisme de soutien aux aidants naturels de l\u2019Ontario\",\"description\":\"\",\"potentialAction\":[{\"@type\":\"SearchAction\",\"target\":{\"@type\":\"EntryPoint\",\"urlTemplate\":\"https:\/\/archive.ontariocaregiver.ca\/fr\/?s={search_term_string}\"},\"query-input\":{\"@type\":\"PropertyValueSpecification\",\"valueRequired\":true,\"valueName\":\"search_term_string\"}}],\"inLanguage\":\"fr-FR\"}]}<\/script>\n<!-- \/ Yoast SEO plugin. -->","yoast_head_json":{"title":"Un projet discret de bienveillance - Organisme de soutien aux aidants naturels de l\u2019Ontario","robots":{"index":"noindex","follow":"follow","max-snippet":"max-snippet:-1","max-image-preview":"max-image-preview:large","max-video-preview":"max-video-preview:-1"},"og_locale":"fr_FR","og_type":"article","og_title":"Un projet discret de bienveillance - Organisme de soutien aux aidants naturels de l\u2019Ontario","og_description":"Nous gagnerions tous \u00e0 faire preuve d\u2019un peu de gentillesse Nous avons lanc\u00e9 le projet discret de bienveillance pour inciter les Ontariens \u00e0 faire..","og_url":"https:\/\/archive.ontariocaregiver.ca\/fr\/a-propos-de-losano\/un-projet-discret-de-bienveillance\/","og_site_name":"Organisme de soutien aux aidants naturels de l\u2019Ontario","article_modified_time":"2023-11-14T21:25:38+00:00","og_image":[{"url":"https:\/\/ontariocaregiver.ca\/wp-content\/uploads\/2023\/02\/The-Undercover-Kindness-Project-FR.png","type":"","width":"","height":""}],"twitter_card":"summary_large_image","twitter_misc":{"Dur\u00e9e de lecture estim\u00e9e":"4 minutes"},"schema":{"@context":"https:\/\/schema.org","@graph":[{"@type":"WebPage","@id":"https:\/\/archive.ontariocaregiver.ca\/fr\/a-propos-de-losano\/un-projet-discret-de-bienveillance\/","url":"https:\/\/archive.ontariocaregiver.ca\/fr\/a-propos-de-losano\/un-projet-discret-de-bienveillance\/","name":"Un projet discret de bienveillance - Organisme de soutien aux aidants naturels de l\u2019Ontario","isPartOf":{"@id":"https:\/\/archive.ontariocaregiver.ca\/fr\/#website"},"primaryImageOfPage":{"@id":"https:\/\/archive.ontariocaregiver.ca\/fr\/a-propos-de-losano\/un-projet-discret-de-bienveillance\/#primaryimage"},"image":{"@id":"https:\/\/archive.ontariocaregiver.ca\/fr\/a-propos-de-losano\/un-projet-discret-de-bienveillance\/#primaryimage"},"thumbnailUrl":"https:\/\/ontariocaregiver.ca\/wp-content\/uploads\/2023\/02\/The-Undercover-Kindness-Project-FR.png","datePublished":"2023-02-14T03:43:55+00:00","dateModified":"2023-11-14T21:25:38+00:00","breadcrumb":{"@id":"https:\/\/archive.ontariocaregiver.ca\/fr\/a-propos-de-losano\/un-projet-discret-de-bienveillance\/#breadcrumb"},"inLanguage":"fr-FR","potentialAction":[{"@type":"ReadAction","target":["https:\/\/archive.ontariocaregiver.ca\/fr\/a-propos-de-losano\/un-projet-discret-de-bienveillance\/"]}]},{"@type":"ImageObject","inLanguage":"fr-FR","@id":"https:\/\/archive.ontariocaregiver.ca\/fr\/a-propos-de-losano\/un-projet-discret-de-bienveillance\/#primaryimage","url":"https:\/\/ontariocaregiver.ca\/wp-content\/uploads\/2023\/02\/The-Undercover-Kindness-Project-FR.png","contentUrl":"https:\/\/ontariocaregiver.ca\/wp-content\/uploads\/2023\/02\/The-Undercover-Kindness-Project-FR.png"},{"@type":"BreadcrumbList","@id":"https:\/\/archive.ontariocaregiver.ca\/fr\/a-propos-de-losano\/un-projet-discret-de-bienveillance\/#breadcrumb","itemListElement":[{"@type":"ListItem","position":1,"name":"Page principale","item":"https:\/\/archive.ontariocaregiver.ca\/fr\/"},{"@type":"ListItem","position":2,"name":"\u00c0 propos de l\u2019OSANO","item":"https:\/\/archive.ontariocaregiver.ca\/fr\/about-oco\/"},{"@type":"ListItem","position":3,"name":"Un projet discret de bienveillance"}]},{"@type":"WebSite","@id":"https:\/\/archive.ontariocaregiver.ca\/fr\/#website","url":"https:\/\/archive.ontariocaregiver.ca\/fr\/","name":"Organisme de soutien aux aidants naturels de l\u2019Ontario","description":"","potentialAction":[{"@type":"SearchAction","target":{"@type":"EntryPoint","urlTemplate":"https:\/\/archive.ontariocaregiver.ca\/fr\/?s={search_term_string}"},"query-input":{"@type":"PropertyValueSpecification","valueRequired":true,"valueName":"search_term_string"}}],"inLanguage":"fr-FR"}]}},"ticketed":false,"_links":{"self":[{"href":"https:\/\/archive.ontariocaregiver.ca\/fr\/wp-json\/wp\/v2\/pages\/20995","targetHints":{"allow":["GET"]}}],"collection":[{"href":"https:\/\/archive.ontariocaregiver.ca\/fr\/wp-json\/wp\/v2\/pages"}],"about":[{"href":"https:\/\/archive.ontariocaregiver.ca\/fr\/wp-json\/wp\/v2\/types\/page"}],"author":[{"embeddable":true,"href":"https:\/\/archive.ontariocaregiver.ca\/fr\/wp-json\/wp\/v2\/users\/17"}],"replies":[{"embeddable":true,"href":"https:\/\/archive.ontariocaregiver.ca\/fr\/wp-json\/wp\/v2\/comments?post=20995"}],"version-history":[{"count":19,"href":"https:\/\/archive.ontariocaregiver.ca\/fr\/wp-json\/wp\/v2\/pages\/20995\/revisions"}],"predecessor-version":[{"id":24662,"href":"https:\/\/archive.ontariocaregiver.ca\/fr\/wp-json\/wp\/v2\/pages\/20995\/revisions\/24662"}],"up":[{"embeddable":true,"href":"https:\/\/archive.ontariocaregiver.ca\/fr\/wp-json\/wp\/v2\/pages\/822"}],"wp:attachment":[{"href":"https:\/\/archive.ontariocaregiver.ca\/fr\/wp-json\/wp\/v2\/media?parent=20995"}],"curies":[{"name":"wp","href":"https:\/\/api.w.org\/{rel}","templated":true}]}}