{"id":20371,"date":"2022-12-08T18:26:09","date_gmt":"2022-12-08T23:26:09","guid":{"rendered":"https:\/\/archive.ontariocaregiver.ca\/pour-aidants-naturels\/the-ontario-caregiver-organization-online-learning-library\/"},"modified":"2022-12-08T18:33:41","modified_gmt":"2022-12-08T23:33:41","slug":"la-bibliotheque-dapprentissage-en-ligne-de-lorganisme-de-soutien-aux-aidants-naturels-de-lontario","status":"publish","type":"page","link":"https:\/\/archive.ontariocaregiver.ca\/fr\/pour-aidants-naturels\/la-bibliotheque-dapprentissage-en-ligne-de-lorganisme-de-soutien-aux-aidants-naturels-de-lontario\/","title":{"rendered":"La biblioth\u00e8que d\u2019apprentissage en ligne de l\u2019Organisme de soutien aux aidants naturels de l\u2019Ontario"},"content":{"rendered":"\n<h1 class=\"wp-block-heading\">La biblioth\u00e8que d\u2019apprentissage en ligne de l\u2019Organisme de soutien aux aidants naturels de l\u2019Ontario<\/h1>\n\n\n\n<p>La biblioth\u00e8que d\u2019apprentissage en ligne de l\u2019OSANO offre une s\u00e9rie de cours et de modules en lien avec l\u2019aidance naturelle pour supporter les personnes aidantes naturelles et les partenaires de l\u2019OSANO.<\/p>\n\n\n<div id=\"accordion-content-block_b000688c3f5eb0d4b7390df032a93798\" class=\"accordion-wrapper \">\n    <ul class=\"accordion\" data-accordion data-multi-expand=\"true\"  data-allow-all-closed=\"true\" data-deep-link=\"true\" data-update-history=\"true\">\n                <li class=\"accordion-item\" data-accordion-item>\n            <a href=\"#accordion69e1f45f5c0f4\" class=\"accordion-title\">Quels sont les modules et cours d\u2019apprentissage en ligne disponibles dans la biblioth\u00e8que d\u2019apprentissage de l\u2019OSANO?<\/a>\n            <div class=\"accordion-content\" data-tab-content id=\"accordion69e1f45f5c0f4\">\n                <p>Les modules et cours d\u2019apprentissage en ligne de l\u2019OSANO suivants sont r\u00e9partis par type d\u2019apprenants\u00a0:<\/p>\n<ul>\n<li>Aidants naturels\n<ul>\n<li>Aidants naturels 101 (pour les nouveaux aidants naturels)<\/li>\n<li>Les aidants naturels comme partenaires de soins de sant\u00e9 \u2013 une strat\u00e9gie qui fonctionne<\/li>\n<li>Cheminer dans l\u2019aidance naturelle : Les r\u00e9alit\u00e9s de la maladie mentale et de la d\u00e9pendance<\/li>\n<li>Microapprentissage (\u00e0 venir) : Modules d\u2019apprentissage court, avec des th\u00e8mes uniques et appliqu\u00e9s (5-10 minutes)<\/li>\n<\/ul>\n<\/li>\n<li>Professionnels de la sant\u00e9\n<ul>\n<li>Les aidants naturels comme partenaires (S\u00e9rie originale)<\/li>\n<li>Les aidants naturels comme partenaires \u2013 module de r\u00e9vision<\/li>\n<li>Les aidants naturels comme partenaires \u2013 S\u00e9rie sur la sant\u00e9 mentale et les d\u00e9pendances<\/li>\n<\/ul>\n<\/li>\n<li>B\u00e9n\u00e9voles de l\u2019OSANO\n<ul>\n<li>Cours de formation de mentorat par les pairs<\/li>\n<\/ul>\n<\/li>\n<li>Employeurs\n<ul>\n<li>Les aidants naturels au travail : un cours pour les employeurs<\/li>\n<\/ul>\n<\/li>\n<\/ul>\n            <\/div>\n        <\/li>\n                <li class=\"accordion-item\" data-accordion-item>\n            <a href=\"#accordion69e1f45f5c0f7\" class=\"accordion-title\">Pourquoi l\u2019apprentissage en ligne avec l\u2019OSANO?<\/a>\n            <div class=\"accordion-content\" data-tab-content id=\"accordion69e1f45f5c0f7\">\n                <p>Les personnes aidantes naturelles sont occup\u00e9es \u2013 apprenez quand vous en avez le temps. Les avantages de la biblioth\u00e8que d\u2019apprentissage en ligne de l\u2019OSANO\u00a0:<\/p>\n<ul>\n<li>Pratique \u00e0 utiliser \u2013 accessible 24 heures sur 24, 7 jours sur 7 et \u00e0 votre propre rythme<\/li>\n<li>Les cours sont autodirig\u00e9s, interactifs et ind\u00e9pendants<\/li>\n<li>Les personnes aidantes naturelles ont acc\u00e8s \u00e0 un responsable du programme de l\u2019OSANO qui peut r\u00e9pondre aux questions relatives aux cours par courriel pour les aider \u00e0 apprendre<\/li>\n<li>Connexion \u00e0 partir de votre t\u00e9l\u00e9phone ou de votre ordinateur, et apprentissage n\u2019importe o\u00f9<\/li>\n<li>Les cours comprennent de courtes vid\u00e9os pour am\u00e9liorer l\u2019apprentissage<\/li>\n<li>Les certificats de r\u00e9ussite peuvent \u00eatre enregistr\u00e9s et imprim\u00e9s<\/li>\n<\/ul>\n            <\/div>\n        <\/li>\n                <li class=\"accordion-item\" data-accordion-item>\n            <a href=\"#accordion69e1f45f5c0f8\" class=\"accordion-title\">Comment acc\u00e9der \u00e0 la biblioth\u00e8que d\u2019apprentissage de l\u2019OSANO?<\/a>\n            <div class=\"accordion-content\" data-tab-content id=\"accordion69e1f45f5c0f8\">\n                <ul>\n<li>Les utilisateurs doivent cr\u00e9er un compte pour la biblioth\u00e8que d\u2019apprentissage<\/li>\n<li>Regardez ce tutoriel pour en savoir plus sur la cr\u00e9ation de votre compte et l\u2019acc\u00e8s aux cours<\/li>\n<\/ul>\n<p><iframe loading=\"lazy\" title=\"YouTube video player\" src=\"https:\/\/www.youtube.com\/embed\/_rnD6NgIPV8\" width=\"560\" height=\"315\" frameborder=\"0\" allowfullscreen=\"allowfullscreen\"><\/iframe><\/p>\n            <\/div>\n        <\/li>\n            <\/ul>\n<\/div>\n\n\n\n<p>Cliquez ici pour acc\u00e9der \u00e0 la <a href=\"https:\/\/learning.ontariocaregiver.ca\/?lang=fr_ca\" target=\"_blank\" rel=\"noreferrer noopener\">biblioth\u00e8que d\u2019apprentissage de l\u2019OSANO<\/a> et commencer \u00e0 apprendre<\/p>\n\n\n\n<div class=\"wp-block-buttons is-layout-flex wp-block-buttons-is-layout-flex\">\n<div class=\"wp-block-button\"><a class=\"wp-block-button__link wp-element-button\" href=\"https:\/\/learning.ontariocaregiver.ca\/?lang=fr_ca\">Biblioth\u00e8que d\u2019apprentissage de l\u2019OSANO<\/a><\/div>\n<\/div>\n\n\n\n<p>Pour toute question ou assistance concernant l\u2019apprentissage en ligne, veuillez contacter\u00a0<a href=\"mailto:learning@archive.ontariocaregiver.ca\">learning@archive.ontariocaregiver.ca<\/a><\/p>\n","protected":false},"excerpt":{"rendered":"<p>La biblioth\u00e8que d\u2019apprentissage en ligne de l\u2019Organisme de soutien aux aidants naturels de l\u2019Ontario La biblioth\u00e8que d\u2019apprentissage en ligne de l\u2019OSANO offre une s\u00e9rie..<\/p>\n","protected":false},"author":17,"featured_media":20375,"parent":12645,"menu_order":0,"comment_status":"closed","ping_status":"closed","template":"","meta":{"_acf_changed":false,"_relevanssi_hide_post":"","_relevanssi_hide_content":"","_relevanssi_pin_for_all":"","_relevanssi_pin_keywords":"","_relevanssi_unpin_keywords":"","_relevanssi_related_keywords":"","_relevanssi_related_include_ids":"","_relevanssi_related_exclude_ids":"","_relevanssi_related_no_append":"","_relevanssi_related_not_related":"","_relevanssi_related_posts":"388,366,12439,17685,16526,372","_relevanssi_noindex_reason":"","_price":"","_stock":"","_tribe_ticket_header":"","_tribe_default_ticket_provider":"","_tribe_ticket_capacity":"0","_ticket_start_date":"","_ticket_end_date":"","_tribe_ticket_show_description":"","_tribe_ticket_show_not_going":false,"_tribe_ticket_use_global_stock":"","_tribe_ticket_global_stock_level":"","_global_stock_mode":"","_global_stock_cap":"","_tribe_rsvp_for_event":"","_tribe_ticket_going_count":"","_tribe_ticket_not_going_count":"","_tribe_tickets_list":[],"_tribe_ticket_has_attendee_info_fields":false,"footnotes":""},"class_list":["post-20371","page","type-page","status-publish","has-post-thumbnail","hentry"],"acf":[],"yoast_head":"<!-- This site is optimized with the Yoast SEO plugin v25.8 - https:\/\/yoast.com\/wordpress\/plugins\/seo\/ -->\n<title>La biblioth\u00e8que d\u2019apprentissage en ligne de l\u2019Organisme de soutien aux aidants naturels de l\u2019Ontario - Organisme de soutien aux aidants naturels de l\u2019Ontario<\/title>\n<meta name=\"robots\" content=\"noindex, follow, max-snippet:-1, max-image-preview:large, max-video-preview:-1\" \/>\n<meta property=\"og:locale\" content=\"fr_FR\" \/>\n<meta property=\"og:type\" content=\"article\" \/>\n<meta property=\"og:title\" content=\"La biblioth\u00e8que d\u2019apprentissage en ligne de l\u2019Organisme de soutien aux aidants naturels de l\u2019Ontario - Organisme de soutien aux aidants naturels de l\u2019Ontario\" \/>\n<meta property=\"og:description\" content=\"La biblioth\u00e8que d\u2019apprentissage en ligne de l\u2019Organisme de soutien aux aidants naturels de l\u2019Ontario La biblioth\u00e8que d\u2019apprentissage en ligne de l\u2019OSANO offre une s\u00e9rie..\" \/>\n<meta property=\"og:url\" content=\"https:\/\/archive.ontariocaregiver.ca\/fr\/pour-aidants-naturels\/la-bibliotheque-dapprentissage-en-ligne-de-lorganisme-de-soutien-aux-aidants-naturels-de-lontario\/\" \/>\n<meta property=\"og:site_name\" content=\"Organisme de soutien aux aidants naturels de l\u2019Ontario\" \/>\n<meta property=\"article:modified_time\" content=\"2022-12-08T23:33:41+00:00\" \/>\n<meta property=\"og:image\" content=\"https:\/\/ontariocaregiver.ca\/wp-content\/uploads\/2022\/12\/iStock-1432981724.jpg\" \/>\n\t<meta property=\"og:image:width\" content=\"2450\" \/>\n\t<meta property=\"og:image:height\" content=\"1224\" \/>\n\t<meta property=\"og:image:type\" content=\"image\/jpeg\" \/>\n<meta name=\"twitter:card\" content=\"summary_large_image\" \/>\n<meta name=\"twitter:label1\" content=\"Dur\u00e9e de lecture estim\u00e9e\" \/>\n\t<meta name=\"twitter:data1\" content=\"1 minute\" \/>\n<script type=\"application\/ld+json\" class=\"yoast-schema-graph\">{\"@context\":\"https:\/\/schema.org\",\"@graph\":[{\"@type\":\"WebPage\",\"@id\":\"https:\/\/archive.ontariocaregiver.ca\/fr\/pour-aidants-naturels\/la-bibliotheque-dapprentissage-en-ligne-de-lorganisme-de-soutien-aux-aidants-naturels-de-lontario\/\",\"url\":\"https:\/\/archive.ontariocaregiver.ca\/fr\/pour-aidants-naturels\/la-bibliotheque-dapprentissage-en-ligne-de-lorganisme-de-soutien-aux-aidants-naturels-de-lontario\/\",\"name\":\"La biblioth\u00e8que d\u2019apprentissage en ligne de l\u2019Organisme de soutien aux aidants naturels de l\u2019Ontario - Organisme de soutien aux aidants naturels de l\u2019Ontario\",\"isPartOf\":{\"@id\":\"https:\/\/archive.ontariocaregiver.ca\/fr\/#website\"},\"primaryImageOfPage\":{\"@id\":\"https:\/\/archive.ontariocaregiver.ca\/fr\/pour-aidants-naturels\/la-bibliotheque-dapprentissage-en-ligne-de-lorganisme-de-soutien-aux-aidants-naturels-de-lontario\/#primaryimage\"},\"image\":{\"@id\":\"https:\/\/archive.ontariocaregiver.ca\/fr\/pour-aidants-naturels\/la-bibliotheque-dapprentissage-en-ligne-de-lorganisme-de-soutien-aux-aidants-naturels-de-lontario\/#primaryimage\"},\"thumbnailUrl\":\"https:\/\/ontariocaregiver.ca\/wp-content\/uploads\/2022\/12\/iStock-1432981724.jpg\",\"datePublished\":\"2022-12-08T23:26:09+00:00\",\"dateModified\":\"2022-12-08T23:33:41+00:00\",\"breadcrumb\":{\"@id\":\"https:\/\/archive.ontariocaregiver.ca\/fr\/pour-aidants-naturels\/la-bibliotheque-dapprentissage-en-ligne-de-lorganisme-de-soutien-aux-aidants-naturels-de-lontario\/#breadcrumb\"},\"inLanguage\":\"fr-FR\",\"potentialAction\":[{\"@type\":\"ReadAction\",\"target\":[\"https:\/\/archive.ontariocaregiver.ca\/fr\/pour-aidants-naturels\/la-bibliotheque-dapprentissage-en-ligne-de-lorganisme-de-soutien-aux-aidants-naturels-de-lontario\/\"]}]},{\"@type\":\"ImageObject\",\"inLanguage\":\"fr-FR\",\"@id\":\"https:\/\/archive.ontariocaregiver.ca\/fr\/pour-aidants-naturels\/la-bibliotheque-dapprentissage-en-ligne-de-lorganisme-de-soutien-aux-aidants-naturels-de-lontario\/#primaryimage\",\"url\":\"https:\/\/ontariocaregiver.ca\/wp-content\/uploads\/2022\/12\/iStock-1432981724.jpg\",\"contentUrl\":\"https:\/\/ontariocaregiver.ca\/wp-content\/uploads\/2022\/12\/iStock-1432981724.jpg\",\"width\":2450,\"height\":1224,\"caption\":\"Education interface icon, webinar online, education on internet, e-learning concept\"},{\"@type\":\"BreadcrumbList\",\"@id\":\"https:\/\/archive.ontariocaregiver.ca\/fr\/pour-aidants-naturels\/la-bibliotheque-dapprentissage-en-ligne-de-lorganisme-de-soutien-aux-aidants-naturels-de-lontario\/#breadcrumb\",\"itemListElement\":[{\"@type\":\"ListItem\",\"position\":1,\"name\":\"Page principale\",\"item\":\"https:\/\/archive.ontariocaregiver.ca\/fr\/\"},{\"@type\":\"ListItem\",\"position\":2,\"name\":\"Soutien pour personnes aidantes naturelles\",\"item\":\"https:\/\/archive.ontariocaregiver.ca\/fr\/pour-aidants-naturels\/\"},{\"@type\":\"ListItem\",\"position\":3,\"name\":\"La biblioth\u00e8que d\u2019apprentissage en ligne de l\u2019Organisme de soutien aux aidants naturels de l\u2019Ontario\"}]},{\"@type\":\"WebSite\",\"@id\":\"https:\/\/archive.ontariocaregiver.ca\/fr\/#website\",\"url\":\"https:\/\/archive.ontariocaregiver.ca\/fr\/\",\"name\":\"Organisme de soutien aux aidants naturels de l\u2019Ontario\",\"description\":\"\",\"potentialAction\":[{\"@type\":\"SearchAction\",\"target\":{\"@type\":\"EntryPoint\",\"urlTemplate\":\"https:\/\/archive.ontariocaregiver.ca\/fr\/?s={search_term_string}\"},\"query-input\":{\"@type\":\"PropertyValueSpecification\",\"valueRequired\":true,\"valueName\":\"search_term_string\"}}],\"inLanguage\":\"fr-FR\"}]}<\/script>\n<!-- \/ Yoast SEO plugin. -->","yoast_head_json":{"title":"La biblioth\u00e8que d\u2019apprentissage en ligne de l\u2019Organisme de soutien aux aidants naturels de l\u2019Ontario - Organisme de soutien aux aidants naturels de l\u2019Ontario","robots":{"index":"noindex","follow":"follow","max-snippet":"max-snippet:-1","max-image-preview":"max-image-preview:large","max-video-preview":"max-video-preview:-1"},"og_locale":"fr_FR","og_type":"article","og_title":"La biblioth\u00e8que d\u2019apprentissage en ligne de l\u2019Organisme de soutien aux aidants naturels de l\u2019Ontario - Organisme de soutien aux aidants naturels de l\u2019Ontario","og_description":"La biblioth\u00e8que d\u2019apprentissage en ligne de l\u2019Organisme de soutien aux aidants naturels de l\u2019Ontario La biblioth\u00e8que d\u2019apprentissage en ligne de l\u2019OSANO offre une s\u00e9rie..","og_url":"https:\/\/archive.ontariocaregiver.ca\/fr\/pour-aidants-naturels\/la-bibliotheque-dapprentissage-en-ligne-de-lorganisme-de-soutien-aux-aidants-naturels-de-lontario\/","og_site_name":"Organisme de soutien aux aidants naturels de l\u2019Ontario","article_modified_time":"2022-12-08T23:33:41+00:00","og_image":[{"width":2450,"height":1224,"url":"https:\/\/ontariocaregiver.ca\/wp-content\/uploads\/2022\/12\/iStock-1432981724.jpg","type":"image\/jpeg"}],"twitter_card":"summary_large_image","twitter_misc":{"Dur\u00e9e de lecture estim\u00e9e":"1 minute"},"schema":{"@context":"https:\/\/schema.org","@graph":[{"@type":"WebPage","@id":"https:\/\/archive.ontariocaregiver.ca\/fr\/pour-aidants-naturels\/la-bibliotheque-dapprentissage-en-ligne-de-lorganisme-de-soutien-aux-aidants-naturels-de-lontario\/","url":"https:\/\/archive.ontariocaregiver.ca\/fr\/pour-aidants-naturels\/la-bibliotheque-dapprentissage-en-ligne-de-lorganisme-de-soutien-aux-aidants-naturels-de-lontario\/","name":"La biblioth\u00e8que d\u2019apprentissage en ligne de l\u2019Organisme de soutien aux aidants naturels de l\u2019Ontario - Organisme de soutien aux aidants naturels de l\u2019Ontario","isPartOf":{"@id":"https:\/\/archive.ontariocaregiver.ca\/fr\/#website"},"primaryImageOfPage":{"@id":"https:\/\/archive.ontariocaregiver.ca\/fr\/pour-aidants-naturels\/la-bibliotheque-dapprentissage-en-ligne-de-lorganisme-de-soutien-aux-aidants-naturels-de-lontario\/#primaryimage"},"image":{"@id":"https:\/\/archive.ontariocaregiver.ca\/fr\/pour-aidants-naturels\/la-bibliotheque-dapprentissage-en-ligne-de-lorganisme-de-soutien-aux-aidants-naturels-de-lontario\/#primaryimage"},"thumbnailUrl":"https:\/\/ontariocaregiver.ca\/wp-content\/uploads\/2022\/12\/iStock-1432981724.jpg","datePublished":"2022-12-08T23:26:09+00:00","dateModified":"2022-12-08T23:33:41+00:00","breadcrumb":{"@id":"https:\/\/archive.ontariocaregiver.ca\/fr\/pour-aidants-naturels\/la-bibliotheque-dapprentissage-en-ligne-de-lorganisme-de-soutien-aux-aidants-naturels-de-lontario\/#breadcrumb"},"inLanguage":"fr-FR","potentialAction":[{"@type":"ReadAction","target":["https:\/\/archive.ontariocaregiver.ca\/fr\/pour-aidants-naturels\/la-bibliotheque-dapprentissage-en-ligne-de-lorganisme-de-soutien-aux-aidants-naturels-de-lontario\/"]}]},{"@type":"ImageObject","inLanguage":"fr-FR","@id":"https:\/\/archive.ontariocaregiver.ca\/fr\/pour-aidants-naturels\/la-bibliotheque-dapprentissage-en-ligne-de-lorganisme-de-soutien-aux-aidants-naturels-de-lontario\/#primaryimage","url":"https:\/\/ontariocaregiver.ca\/wp-content\/uploads\/2022\/12\/iStock-1432981724.jpg","contentUrl":"https:\/\/ontariocaregiver.ca\/wp-content\/uploads\/2022\/12\/iStock-1432981724.jpg","width":2450,"height":1224,"caption":"Education interface icon, webinar online, education on internet, e-learning concept"},{"@type":"BreadcrumbList","@id":"https:\/\/archive.ontariocaregiver.ca\/fr\/pour-aidants-naturels\/la-bibliotheque-dapprentissage-en-ligne-de-lorganisme-de-soutien-aux-aidants-naturels-de-lontario\/#breadcrumb","itemListElement":[{"@type":"ListItem","position":1,"name":"Page principale","item":"https:\/\/archive.ontariocaregiver.ca\/fr\/"},{"@type":"ListItem","position":2,"name":"Soutien pour personnes aidantes naturelles","item":"https:\/\/archive.ontariocaregiver.ca\/fr\/pour-aidants-naturels\/"},{"@type":"ListItem","position":3,"name":"La biblioth\u00e8que d\u2019apprentissage en ligne de l\u2019Organisme de soutien aux aidants naturels de l\u2019Ontario"}]},{"@type":"WebSite","@id":"https:\/\/archive.ontariocaregiver.ca\/fr\/#website","url":"https:\/\/archive.ontariocaregiver.ca\/fr\/","name":"Organisme de soutien aux aidants naturels de l\u2019Ontario","description":"","potentialAction":[{"@type":"SearchAction","target":{"@type":"EntryPoint","urlTemplate":"https:\/\/archive.ontariocaregiver.ca\/fr\/?s={search_term_string}"},"query-input":{"@type":"PropertyValueSpecification","valueRequired":true,"valueName":"search_term_string"}}],"inLanguage":"fr-FR"}]}},"ticketed":false,"_links":{"self":[{"href":"https:\/\/archive.ontariocaregiver.ca\/fr\/wp-json\/wp\/v2\/pages\/20371","targetHints":{"allow":["GET"]}}],"collection":[{"href":"https:\/\/archive.ontariocaregiver.ca\/fr\/wp-json\/wp\/v2\/pages"}],"about":[{"href":"https:\/\/archive.ontariocaregiver.ca\/fr\/wp-json\/wp\/v2\/types\/page"}],"author":[{"embeddable":true,"href":"https:\/\/archive.ontariocaregiver.ca\/fr\/wp-json\/wp\/v2\/users\/17"}],"replies":[{"embeddable":true,"href":"https:\/\/archive.ontariocaregiver.ca\/fr\/wp-json\/wp\/v2\/comments?post=20371"}],"version-history":[{"count":5,"href":"https:\/\/archive.ontariocaregiver.ca\/fr\/wp-json\/wp\/v2\/pages\/20371\/revisions"}],"predecessor-version":[{"id":20381,"href":"https:\/\/archive.ontariocaregiver.ca\/fr\/wp-json\/wp\/v2\/pages\/20371\/revisions\/20381"}],"up":[{"embeddable":true,"href":"https:\/\/archive.ontariocaregiver.ca\/fr\/wp-json\/wp\/v2\/pages\/12645"}],"wp:featuredmedia":[{"embeddable":true,"href":"https:\/\/archive.ontariocaregiver.ca\/fr\/wp-json\/wp\/v2\/media\/20375"}],"wp:attachment":[{"href":"https:\/\/archive.ontariocaregiver.ca\/fr\/wp-json\/wp\/v2\/media?parent=20371"}],"curies":[{"name":"wp","href":"https:\/\/api.w.org\/{rel}","templated":true}]}}