{"id":19811,"date":"2022-10-11T20:40:36","date_gmt":"2022-10-12T00:40:36","guid":{"rendered":"https:\/\/archive.ontariocaregiver.ca\/pour-aidants-naturels\/caregiver-coaching-program\/"},"modified":"2023-10-24T10:56:11","modified_gmt":"2023-10-24T14:56:11","slug":"programme-de-coaching-en-aidance-naturelle","status":"publish","type":"page","link":"https:\/\/archive.ontariocaregiver.ca\/fr\/pour-aidants-naturels\/programme-de-coaching-en-aidance-naturelle\/","title":{"rendered":"Programme de coaching en aidance naturelle"},"content":{"rendered":"\n<h1 class=\"wp-block-heading\">Des conseils personnels pour vous aider \u00e0 relever les d\u00e9fis actuels de votre r\u00f4le d\u2019aidance naturelle<\/h1>\n\n\n\n<p>Le Programme de coaching en aidance naturelle comprend&nbsp;:<\/p>\n\n\n\n<ul class=\"wp-block-list\">\n<li><strong>Jusqu\u2019\u00e0 six s\u00e9ances de soutien individuel<\/strong> pour relever les d\u00e9fis du r\u00f4le d\u2019aidance naturelle (par t\u00e9l\u00e9phone ou sur Zoom)<\/li>\n\n\n\n<li><strong>Strat\u00e9gies de r\u00e9solution de probl\u00e8mes et d\u2019\u00e9tablissement des objectifs<\/strong> pour aider \u00e0 comprendre les difficult\u00e9s complexes ou accablantes de l\u2019aidance naturelle<\/li>\n\n\n\n<li><strong>Renforcement des comp\u00e9tences de r\u00e9silience<\/strong> pour aider \u00e0 g\u00e9rer le stress<\/li>\n\n\n\n<li><strong>Strat\u00e9gies, ressources et informations<\/strong> adapt\u00e9es aux besoins des personnes aidantes naturelles<\/li>\n\n\n\n<li><strong>Soutien motivationnel<\/strong> pour apporter les changements n\u00e9cessaires au sein du r\u00f4le d\u2019aidance naturelle<\/li>\n\n\n\n<li><strong>Responsabilit\u00e9<\/strong> des mesures \u00e0 prendre<\/li>\n<\/ul>\n\n\n\n<p><strong>Le programme de coaching en aidance naturelle est un service limit\u00e9, bas\u00e9 sur les crit\u00e8res d\u2019admissibilit\u00e9<\/strong>. Pour acc\u00e9der au programme, certains crit\u00e8res doivent \u00eatre remplis. Veuillez consulter les <strong><a href=\"https:\/\/archive.ontariocaregiver.ca\/fr\/pour-aidants-naturels\/caregiver-coaching-program\/#puis-je-acceder\">crit\u00e8res<\/a><\/strong> ci-dessous.<\/p>\n\n\n\n<p>Si vous r\u00e9pondez aux crit\u00e8res et que vous pensez que le programme de coaching en aidance naturelle vous convient, veuillez remplir et soumettre le <strong><a href=\"https:\/\/www.surveymonkey.com\/r\/9TRDHHD\" target=\"_blank\" rel=\"noreferrer noopener\">formulaire d\u2019autor\u00e9f\u00e9rence<\/a><\/strong> \u00e0 notre \u00e9quipe d\u2019admission.<\/p>\n\n\n\n<p><strong><em>Veuillez noter que l\u2019autor\u00e9f\u00e9rence ne garantit pas une place au sein du Programme de coaching en aidance naturelle. Nous \u00e9valuerons toutes les recommandations et dirigerons les candidats vers le soutien le plus appropri\u00e9 disponible.<\/em><\/strong><\/p>\n\n\n<div id=\"accordion-content-block_25c735df8198f058470d0046b8fe7ff8\" class=\"accordion-wrapper \">\n    <ul class=\"accordion\" data-accordion data-multi-expand=\"true\"  data-allow-all-closed=\"true\" data-deep-link=\"true\" data-update-history=\"true\">\n                <li class=\"accordion-item\" data-accordion-item>\n            <a href=\"#coaching-en-aidance\" class=\"accordion-title\">Qu\u2019est-ce que le coaching en aidance naturelle?<\/a>\n            <div class=\"accordion-content\" data-tab-content id=\"coaching-en-aidance\">\n                <p>Le coaching en aidance naturelle est une relation professionnelle individuelle, entre un coach et une personne aidante naturelle.<\/p>\n<p>Les coachs en aidance naturelle ont diverses exp\u00e9riences professionnelles dans le domaine de la sant\u00e9 et des services sociaux, comme des intervenants-pivot et des \u00e9ducateurs en mati\u00e8re de sant\u00e9. Ils ont \u00e9galement une exp\u00e9rience directe en aidance naturelle \u2013 ils comprennent ce qui se passe!<\/p>\n<p>Le coach aide la personne aidante naturelle \u00e0 mieux relever les d\u00e9fis et les responsabilit\u00e9s qui lui incombent actuellement, \u00e0 savoir prendre soin des autres, tout en apprenant \u00e0 prendre soin d\u2019elle-m\u00eame.<\/p>\n<p><strong>Le coaching en aidance naturelle n\u2019est ni de la th\u00e9rapie ni du counseling. <\/strong>Les coachs travaillent avec la personne aidante naturelle pour d\u00e9velopper un plan de progression sur la meilleure fa\u00e7on de g\u00e9rer ses d\u00e9fis actuels en \u00e9tablissant des objectifs.<\/p>\n<p><strong>Le coaching en aidance naturelle n\u2019est pas un soutien par les pairs.<\/strong> Les coachs utilisent leur exp\u00e9rience v\u00e9cue pour valider les d\u00e9fis actuels de l\u2019aidance naturelle, mais ils mettent principalement l\u2019accent sur l\u2019exp\u00e9rience de la personne aidante naturelle plut\u00f4t que sur le partage mutuel des exp\u00e9riences.<\/p>\n            <\/div>\n        <\/li>\n                <li class=\"accordion-item\" data-accordion-item>\n            <a href=\"#faire-pour-moi\" class=\"accordion-title\">Qu-est-ce qu\u2019un coach en aidance naturelle peut faire pour moi?<\/a>\n            <div class=\"accordion-content\" data-tab-content id=\"faire-pour-moi\">\n                <p>Un coach en aidance naturelle peut vous aider \u00e0 relever les d\u00e9fis de l\u2019aidance naturelle tels que\u00a0:<\/p>\n<ul>\n<li>Les sentiments de surmenage ou d\u2019\u00e9puisement<\/li>\n<li>La difficult\u00e9 \u00e0 \u00e9quilibrer le r\u00f4le d\u2019aidance naturelle<\/li>\n<li>Les nouveaux facteurs de stress li\u00e9s \u00e0 l\u2019aidance naturelle (par exemple, les transitions dans les soins, les changements dans la dynamique familiale).<\/li>\n<li>Trouver le temps de prendre soin de soi<\/li>\n<li>D\u00e9finir des limites<\/li>\n<li>Les aptitudes \u00e0 communiquer (p. ex., comment parler aux prestataires de soins de sant\u00e9 et \u00e0 la famille)<\/li>\n<li>Le chagrin et la perte (p. ex., les changements dans votre propre vie, le changement des r\u00f4les et responsabilit\u00e9s de la personne aid\u00e9e, la fin de vie, la perte du r\u00f4le d\u2019aidance naturelle).<\/li>\n<li>Les pr\u00e9occupations financi\u00e8res<\/li>\n<li>La conciliation travail et aidance naturelle<\/li>\n<li>La planification des soins futurs (p. ex., la peur de ce qui arrivera \u00e0 la personne aid\u00e9e).<\/li>\n<\/ul>\n<p><em>\u00ab\u2009J\u2019ai une exp\u00e9rience directe en tant que personne aidante naturelle de mon fils qui vit depuis 15\u00a0ans avec un traumatisme c\u00e9r\u00e9bral. Les personnes vivant avec des traumatismes c\u00e9r\u00e9braux acquis peuvent se sentir d\u00e9pass\u00e9es sans les soutiens appropri\u00e9s. J\u2019aide les personnes aidantes naturelles \u00e0 faire face aux probl\u00e8mes difficiles afin d\u2019am\u00e9liorer leur qualit\u00e9 de vie et celle de leurs proches\u2009\u00bb \u2013 Coach en aidance naturelle<\/em><\/p>\n            <\/div>\n        <\/li>\n                <li class=\"accordion-item\" data-accordion-item>\n            <a href=\"#puis-je-acceder\" class=\"accordion-title\">Comment puis-je acc\u00e9der au Programme de coaching en aidance naturelle?<\/a>\n            <div class=\"accordion-content\" data-tab-content id=\"puis-je-acceder\">\n                <p><strong>Le Programme de coaching en aidance naturelle est un service limit\u00e9, bas\u00e9 sur les crit\u00e8res d\u2019admissibilit\u00e9.<\/strong><\/p>\n<p>Pour que les personnes aidantes naturelles puissent acc\u00e9der au programme, certains crit\u00e8res doivent \u00eatre remplis\u00a0:<\/p>\n<ul>\n<li>La personne aidante naturelle doit avoir un t\u00e9l\u00e9phone ou un acc\u00e8s \u00e0 Internet<\/li>\n<li>La personne aidante naturelle doit \u00eatre confront\u00e9 \u00e0 une ou plusieurs des situations suivantes\u00a0:\n<ul>\n<li>Difficult\u00e9 ou sentiment d\u2019\u00eatre coinc\u00e9 dans son r\u00f4le d\u2019aidance naturelle<\/li>\n<li>Difficult\u00e9 \u00e0 g\u00e9rer le stress<\/li>\n<li>Sentiment d\u2019\u00e9puisement<\/li>\n<\/ul>\n<\/li>\n<li>La personne aidante naturelle doit \u00eatre \u00e0 l\u2019aise de participer au processus d\u2019admission du programme et de remplir les questionnaires avant et apr\u00e8s le programme<\/li>\n<li>Les d\u00e9fis actuels de la personne aidante naturelle doivent s\u2019inscrire dans le contexte de son r\u00f4le d\u2019aidance naturelle<\/li>\n<li>La personne aidante naturelle doit d\u00e9montrer qu\u2019elle est pr\u00eate \u00e0 participer au programme (p. ex. temps pour s\u2019engager, responsabilit\u00e9 de travailler sur les plans de progression)<\/li>\n<li>La personne aidante naturelle doit reconna\u00eetre que le programme ne remplace pas les services de counseling ou de psychoth\u00e9rapie.<\/li>\n<\/ul>\n            <\/div>\n        <\/li>\n                <li class=\"accordion-item\" data-accordion-item>\n            <a href=\"#consulter-un-coach\" class=\"accordion-title\">Que faire si je ne suis pas pr\u00eat(e) \u00e0 consulter un coach en aidance naturelle?  <\/a>\n            <div class=\"accordion-content\" data-tab-content id=\"consulter-un-coach\">\n                <p>Si vous ne vous sentez pas pr\u00eat(e) \u00e0 travailler avec un coach en aidance naturelle, voici quelques outils d\u2019autoassistance \u00e0 essayer\u00a0:<\/p>\n<ul>\n<li><strong>T\u00e9l\u00e9chargez <\/strong><a href=\"https:\/\/archive.ontariocaregiver.ca\/fr\/mon-carnet-de-route-des-soins-de-sante\/\" target=\"_blank\" rel=\"noopener\"><strong>Mon carnet de route des soins de sant\u00e9<\/strong><\/a> \u2013 Apprenez \u00e0 organiser vos renseignements de soins et \u00e0 communiquer avec les personnes de votre cercle d\u2019aidance naturelle et de votre \u00e9quipe de soins.<\/li>\n<li><a href=\"https:\/\/ontariocaregiver.ca\/wp-content\/uploads\/2022\/10\/Questions-de-decouverte.pdf\" target=\"_blank\" rel=\"noopener\"><strong>R\u00e9pondez \u00e0 quelques questions de d\u00e9couverte<\/strong> <\/a>\u2013 Apprenez \u00e0 identifier vos besoins et vos d\u00e9fis, tout en priorisant ce que vous voulez faire en premier.<\/li>\n<li><a href=\"https:\/\/archive.ontariocaregiver.ca\/fr\/ligne-dassistance\/\" target=\"_blank\" rel=\"noopener\"><strong>Appelez la Ligne d\u2019assistance de l\u2019OSANO<\/strong> <\/a>\u2013 Obtenez des renseignements et des recommandations vers le soutien dont vous avez besoin. Il peut s\u2019agir de services de rel\u00e8ve, d\u2019un groupe de soutien dans votre collectivit\u00e9 ou de programmes destin\u00e9s \u00e0 la personne dont vous prenez soin.<\/li>\n<li><strong>Consultez <a href=\"https:\/\/www.lignesante.ca\/splash.aspx\" target=\"_blank\" rel=\"noopener\">Lignesant\u00e9<\/a><\/strong> pour d\u00e9couvrir les ressources communautaires locales<\/li>\n<li>Il peut s\u2019av\u00e9rer b\u00e9n\u00e9fique de s\u2019organiser et de se fixer des objectifs.<br \/>\n<a href=\"https:\/\/www.youtube.com\/watch?v=5IdJc5uw4Bw\" target=\"_blank\" rel=\"noopener\">Apprends \u00e0 fixer des objectifs SMART (Sp\u00e9cifique, Mesurable, Atteignable, R\u00e9aliste et Temporel) (vid\u00e9o en anglais seulement).<\/a><br \/>\n<a href=\"https:\/\/ontariocaregiver.ca\/wp-content\/uploads\/2023\/10\/OCO-SMART-Goals-worksheet-French.pdf\" target=\"_blank\" rel=\"noopener\">T\u00e9l\u00e9charge une feuille de travail sur les objectifs SMART<\/a><\/li>\n<\/ul>\n<p>Envisagez \u00e9galement de vous inscrire \u00e0 d\u2019autres programmes et services de l\u2019OSANO, comme le <a href=\"https:\/\/archive.ontariocaregiver.ca\/fr\/pour-aidants-naturels\/soutien-par-les-pairs-en-aidance-naturelle\/soutenir-les-aidants-naturels-pendant-covid-19\/\" target=\"_blank\" rel=\"noopener\">soutien par les pairs<\/a>. Des groupes de soutien et un mentorat individuel par les pairs sont disponibles.<\/p>\n            <\/div>\n        <\/li>\n            <\/ul>\n<\/div>\n\n\n\n<div class=\"wp-block-buttons is-layout-flex wp-block-buttons-is-layout-flex\">\n<div class=\"wp-block-button aligncenter\"><a class=\"wp-block-button__link wp-element-button\" href=\"https:\/\/www.surveymonkey.com\/r\/9TRDHHD\" target=\"_blank\" rel=\"noreferrer noopener\">Formulaire d\u2019autor\u00e9f\u00e9rence<\/a><\/div>\n<\/div>\n\n\n\n<h2 class=\"wp-block-heading\">Vid\u00e9os<\/h2>\n\n\n<div id=\"corona-resources-block_c16b3ebbc0f1938c2e3883164de924e8\" class=\"corona-resources \">\n    <div class=\"row\" data-equalizer data-equalize-on=\"medium\">\n                    <div class=\"medium-4 column\">\n                <div class=\"col-title\"><div class=\"inner\"><h6 data-equalizer-watch>Prendre une pause! Conseils d\u2019une coach en aidance naturelle<\/h6><\/div><\/div>\n                <a href=\"https:\/\/www.youtube.com\/embed\/3-4bJ3Jaz3s?start=2&#038;feature=oembed\" target=\"_blank\">\n                <div class=\"box\" style=\"background-image:url('https:\/\/ontariocaregiver.ca\/wp-content\/uploads\/2022\/10\/coaching-program-video-image.jpg');\">\n                    <div class=\"box-content\">\n                        D\u00e9couvrez une coach en aidance naturelle en action!<br \/>\r\n                    <\/div>\n                    <div class=\"arrow\">\n                        <i class=\"icon icon-arrow-right\"><\/i>\n                    <\/div>\n                <\/div>\n                <\/a>\n            <\/div>\n            <\/div>\n<\/div>\n","protected":false},"excerpt":{"rendered":"<p>Des conseils personnels pour vous aider \u00e0 relever les d\u00e9fis actuels de votre r\u00f4le d\u2019aidance naturelle Le Programme de coaching en aidance naturelle comprend&nbsp;:..<\/p>\n","protected":false},"author":17,"featured_media":19798,"parent":12645,"menu_order":0,"comment_status":"closed","ping_status":"closed","template":"","meta":{"_acf_changed":false,"_relevanssi_hide_post":"","_relevanssi_hide_content":"","_relevanssi_pin_for_all":"","_relevanssi_pin_keywords":"","_relevanssi_unpin_keywords":"","_relevanssi_related_keywords":"","_relevanssi_related_include_ids":"","_relevanssi_related_exclude_ids":"","_relevanssi_related_no_append":"","_relevanssi_related_not_related":"","_relevanssi_related_posts":"11540,13467,7788,11180,17534,11529","_relevanssi_noindex_reason":"","_price":"","_stock":"","_tribe_ticket_header":"","_tribe_default_ticket_provider":"","_tribe_ticket_capacity":"0","_ticket_start_date":"","_ticket_end_date":"","_tribe_ticket_show_description":"","_tribe_ticket_show_not_going":false,"_tribe_ticket_use_global_stock":"","_tribe_ticket_global_stock_level":"","_global_stock_mode":"","_global_stock_cap":"","_tribe_rsvp_for_event":"","_tribe_ticket_going_count":"","_tribe_ticket_not_going_count":"","_tribe_tickets_list":[],"_tribe_ticket_has_attendee_info_fields":false,"footnotes":""},"class_list":["post-19811","page","type-page","status-publish","has-post-thumbnail","hentry"],"acf":[],"yoast_head":"<!-- This site is optimized with the Yoast SEO plugin v25.8 - https:\/\/yoast.com\/wordpress\/plugins\/seo\/ -->\n<title>Programme de coaching en aidance naturelle - Organisme de soutien aux aidants naturels de l\u2019Ontario<\/title>\n<meta name=\"robots\" content=\"noindex, follow, max-snippet:-1, max-image-preview:large, max-video-preview:-1\" \/>\n<meta property=\"og:locale\" content=\"fr_FR\" \/>\n<meta property=\"og:type\" content=\"article\" \/>\n<meta property=\"og:title\" content=\"Programme de coaching en aidance naturelle - Organisme de soutien aux aidants naturels de l\u2019Ontario\" \/>\n<meta property=\"og:description\" content=\"Des conseils personnels pour vous aider \u00e0 relever les d\u00e9fis actuels de votre r\u00f4le d\u2019aidance naturelle Le Programme de coaching en aidance naturelle comprend&nbsp;:..\" \/>\n<meta property=\"og:url\" content=\"https:\/\/archive.ontariocaregiver.ca\/fr\/pour-aidants-naturels\/programme-de-coaching-en-aidance-naturelle\/\" \/>\n<meta property=\"og:site_name\" content=\"Organisme de soutien aux aidants naturels de l\u2019Ontario\" \/>\n<meta property=\"article:modified_time\" content=\"2023-10-24T14:56:11+00:00\" \/>\n<meta property=\"og:image\" content=\"https:\/\/ontariocaregiver.ca\/wp-content\/uploads\/2022\/10\/iStock-1318178089.jpg\" \/>\n\t<meta property=\"og:image:width\" content=\"2121\" \/>\n\t<meta property=\"og:image:height\" content=\"1414\" \/>\n\t<meta property=\"og:image:type\" content=\"image\/jpeg\" \/>\n<meta name=\"twitter:card\" content=\"summary_large_image\" \/>\n<meta name=\"twitter:label1\" content=\"Dur\u00e9e de lecture estim\u00e9e\" \/>\n\t<meta name=\"twitter:data1\" content=\"1 minute\" \/>\n<script type=\"application\/ld+json\" class=\"yoast-schema-graph\">{\"@context\":\"https:\/\/schema.org\",\"@graph\":[{\"@type\":\"WebPage\",\"@id\":\"https:\/\/archive.ontariocaregiver.ca\/fr\/pour-aidants-naturels\/programme-de-coaching-en-aidance-naturelle\/\",\"url\":\"https:\/\/archive.ontariocaregiver.ca\/fr\/pour-aidants-naturels\/programme-de-coaching-en-aidance-naturelle\/\",\"name\":\"Programme de coaching en aidance naturelle - Organisme de soutien aux aidants naturels de l\u2019Ontario\",\"isPartOf\":{\"@id\":\"https:\/\/archive.ontariocaregiver.ca\/fr\/#website\"},\"primaryImageOfPage\":{\"@id\":\"https:\/\/archive.ontariocaregiver.ca\/fr\/pour-aidants-naturels\/programme-de-coaching-en-aidance-naturelle\/#primaryimage\"},\"image\":{\"@id\":\"https:\/\/archive.ontariocaregiver.ca\/fr\/pour-aidants-naturels\/programme-de-coaching-en-aidance-naturelle\/#primaryimage\"},\"thumbnailUrl\":\"https:\/\/ontariocaregiver.ca\/wp-content\/uploads\/2022\/10\/iStock-1318178089.jpg\",\"datePublished\":\"2022-10-12T00:40:36+00:00\",\"dateModified\":\"2023-10-24T14:56:11+00:00\",\"breadcrumb\":{\"@id\":\"https:\/\/archive.ontariocaregiver.ca\/fr\/pour-aidants-naturels\/programme-de-coaching-en-aidance-naturelle\/#breadcrumb\"},\"inLanguage\":\"fr-FR\",\"potentialAction\":[{\"@type\":\"ReadAction\",\"target\":[\"https:\/\/archive.ontariocaregiver.ca\/fr\/pour-aidants-naturels\/programme-de-coaching-en-aidance-naturelle\/\"]}]},{\"@type\":\"ImageObject\",\"inLanguage\":\"fr-FR\",\"@id\":\"https:\/\/archive.ontariocaregiver.ca\/fr\/pour-aidants-naturels\/programme-de-coaching-en-aidance-naturelle\/#primaryimage\",\"url\":\"https:\/\/ontariocaregiver.ca\/wp-content\/uploads\/2022\/10\/iStock-1318178089.jpg\",\"contentUrl\":\"https:\/\/ontariocaregiver.ca\/wp-content\/uploads\/2022\/10\/iStock-1318178089.jpg\",\"width\":2121,\"height\":1414,\"caption\":\"Businesswoman talking to her colleague about business plan in video conference. Multi-ethnic business team using laptop for an online meeting in video call. Young woman working at home. Unrecognizable businesswoman discussing with female colleague with video call. Woman having video call at home. Shot of a business person using a laptop for web conference.\"},{\"@type\":\"BreadcrumbList\",\"@id\":\"https:\/\/archive.ontariocaregiver.ca\/fr\/pour-aidants-naturels\/programme-de-coaching-en-aidance-naturelle\/#breadcrumb\",\"itemListElement\":[{\"@type\":\"ListItem\",\"position\":1,\"name\":\"Page principale\",\"item\":\"https:\/\/archive.ontariocaregiver.ca\/fr\/\"},{\"@type\":\"ListItem\",\"position\":2,\"name\":\"Soutien pour personnes aidantes naturelles\",\"item\":\"https:\/\/archive.ontariocaregiver.ca\/fr\/pour-aidants-naturels\/\"},{\"@type\":\"ListItem\",\"position\":3,\"name\":\"Programme de coaching en aidance naturelle\"}]},{\"@type\":\"WebSite\",\"@id\":\"https:\/\/archive.ontariocaregiver.ca\/fr\/#website\",\"url\":\"https:\/\/archive.ontariocaregiver.ca\/fr\/\",\"name\":\"Organisme de soutien aux aidants naturels de l\u2019Ontario\",\"description\":\"\",\"potentialAction\":[{\"@type\":\"SearchAction\",\"target\":{\"@type\":\"EntryPoint\",\"urlTemplate\":\"https:\/\/archive.ontariocaregiver.ca\/fr\/?s={search_term_string}\"},\"query-input\":{\"@type\":\"PropertyValueSpecification\",\"valueRequired\":true,\"valueName\":\"search_term_string\"}}],\"inLanguage\":\"fr-FR\"}]}<\/script>\n<!-- \/ Yoast SEO plugin. -->","yoast_head_json":{"title":"Programme de coaching en aidance naturelle - Organisme de soutien aux aidants naturels de l\u2019Ontario","robots":{"index":"noindex","follow":"follow","max-snippet":"max-snippet:-1","max-image-preview":"max-image-preview:large","max-video-preview":"max-video-preview:-1"},"og_locale":"fr_FR","og_type":"article","og_title":"Programme de coaching en aidance naturelle - Organisme de soutien aux aidants naturels de l\u2019Ontario","og_description":"Des conseils personnels pour vous aider \u00e0 relever les d\u00e9fis actuels de votre r\u00f4le d\u2019aidance naturelle Le Programme de coaching en aidance naturelle comprend&nbsp;:..","og_url":"https:\/\/archive.ontariocaregiver.ca\/fr\/pour-aidants-naturels\/programme-de-coaching-en-aidance-naturelle\/","og_site_name":"Organisme de soutien aux aidants naturels de l\u2019Ontario","article_modified_time":"2023-10-24T14:56:11+00:00","og_image":[{"width":2121,"height":1414,"url":"https:\/\/ontariocaregiver.ca\/wp-content\/uploads\/2022\/10\/iStock-1318178089.jpg","type":"image\/jpeg"}],"twitter_card":"summary_large_image","twitter_misc":{"Dur\u00e9e de lecture estim\u00e9e":"1 minute"},"schema":{"@context":"https:\/\/schema.org","@graph":[{"@type":"WebPage","@id":"https:\/\/archive.ontariocaregiver.ca\/fr\/pour-aidants-naturels\/programme-de-coaching-en-aidance-naturelle\/","url":"https:\/\/archive.ontariocaregiver.ca\/fr\/pour-aidants-naturels\/programme-de-coaching-en-aidance-naturelle\/","name":"Programme de coaching en aidance naturelle - Organisme de soutien aux aidants naturels de l\u2019Ontario","isPartOf":{"@id":"https:\/\/archive.ontariocaregiver.ca\/fr\/#website"},"primaryImageOfPage":{"@id":"https:\/\/archive.ontariocaregiver.ca\/fr\/pour-aidants-naturels\/programme-de-coaching-en-aidance-naturelle\/#primaryimage"},"image":{"@id":"https:\/\/archive.ontariocaregiver.ca\/fr\/pour-aidants-naturels\/programme-de-coaching-en-aidance-naturelle\/#primaryimage"},"thumbnailUrl":"https:\/\/ontariocaregiver.ca\/wp-content\/uploads\/2022\/10\/iStock-1318178089.jpg","datePublished":"2022-10-12T00:40:36+00:00","dateModified":"2023-10-24T14:56:11+00:00","breadcrumb":{"@id":"https:\/\/archive.ontariocaregiver.ca\/fr\/pour-aidants-naturels\/programme-de-coaching-en-aidance-naturelle\/#breadcrumb"},"inLanguage":"fr-FR","potentialAction":[{"@type":"ReadAction","target":["https:\/\/archive.ontariocaregiver.ca\/fr\/pour-aidants-naturels\/programme-de-coaching-en-aidance-naturelle\/"]}]},{"@type":"ImageObject","inLanguage":"fr-FR","@id":"https:\/\/archive.ontariocaregiver.ca\/fr\/pour-aidants-naturels\/programme-de-coaching-en-aidance-naturelle\/#primaryimage","url":"https:\/\/ontariocaregiver.ca\/wp-content\/uploads\/2022\/10\/iStock-1318178089.jpg","contentUrl":"https:\/\/ontariocaregiver.ca\/wp-content\/uploads\/2022\/10\/iStock-1318178089.jpg","width":2121,"height":1414,"caption":"Businesswoman talking to her colleague about business plan in video conference. Multi-ethnic business team using laptop for an online meeting in video call. Young woman working at home. Unrecognizable businesswoman discussing with female colleague with video call. Woman having video call at home. Shot of a business person using a laptop for web conference."},{"@type":"BreadcrumbList","@id":"https:\/\/archive.ontariocaregiver.ca\/fr\/pour-aidants-naturels\/programme-de-coaching-en-aidance-naturelle\/#breadcrumb","itemListElement":[{"@type":"ListItem","position":1,"name":"Page principale","item":"https:\/\/archive.ontariocaregiver.ca\/fr\/"},{"@type":"ListItem","position":2,"name":"Soutien pour personnes aidantes naturelles","item":"https:\/\/archive.ontariocaregiver.ca\/fr\/pour-aidants-naturels\/"},{"@type":"ListItem","position":3,"name":"Programme de coaching en aidance naturelle"}]},{"@type":"WebSite","@id":"https:\/\/archive.ontariocaregiver.ca\/fr\/#website","url":"https:\/\/archive.ontariocaregiver.ca\/fr\/","name":"Organisme de soutien aux aidants naturels de l\u2019Ontario","description":"","potentialAction":[{"@type":"SearchAction","target":{"@type":"EntryPoint","urlTemplate":"https:\/\/archive.ontariocaregiver.ca\/fr\/?s={search_term_string}"},"query-input":{"@type":"PropertyValueSpecification","valueRequired":true,"valueName":"search_term_string"}}],"inLanguage":"fr-FR"}]}},"ticketed":false,"_links":{"self":[{"href":"https:\/\/archive.ontariocaregiver.ca\/fr\/wp-json\/wp\/v2\/pages\/19811","targetHints":{"allow":["GET"]}}],"collection":[{"href":"https:\/\/archive.ontariocaregiver.ca\/fr\/wp-json\/wp\/v2\/pages"}],"about":[{"href":"https:\/\/archive.ontariocaregiver.ca\/fr\/wp-json\/wp\/v2\/types\/page"}],"author":[{"embeddable":true,"href":"https:\/\/archive.ontariocaregiver.ca\/fr\/wp-json\/wp\/v2\/users\/17"}],"replies":[{"embeddable":true,"href":"https:\/\/archive.ontariocaregiver.ca\/fr\/wp-json\/wp\/v2\/comments?post=19811"}],"version-history":[{"count":12,"href":"https:\/\/archive.ontariocaregiver.ca\/fr\/wp-json\/wp\/v2\/pages\/19811\/revisions"}],"predecessor-version":[{"id":24261,"href":"https:\/\/archive.ontariocaregiver.ca\/fr\/wp-json\/wp\/v2\/pages\/19811\/revisions\/24261"}],"up":[{"embeddable":true,"href":"https:\/\/archive.ontariocaregiver.ca\/fr\/wp-json\/wp\/v2\/pages\/12645"}],"wp:featuredmedia":[{"embeddable":true,"href":"https:\/\/archive.ontariocaregiver.ca\/fr\/wp-json\/wp\/v2\/media\/19798"}],"wp:attachment":[{"href":"https:\/\/archive.ontariocaregiver.ca\/fr\/wp-json\/wp\/v2\/media?parent=19811"}],"curies":[{"name":"wp","href":"https:\/\/api.w.org\/{rel}","templated":true}]}}