{"id":19617,"date":"2022-10-05T19:18:17","date_gmt":"2022-10-05T23:18:17","guid":{"rendered":"https:\/\/archive.ontariocaregiver.ca\/?page_id=19617"},"modified":"2022-10-05T19:35:41","modified_gmt":"2022-10-05T23:35:41","slug":"les-emotions-et-laidance-naturelle","status":"publish","type":"page","link":"https:\/\/archive.ontariocaregiver.ca\/fr\/webinaires-pour-aidants-naturels\/les-emotions-et-laidance-naturelle\/","title":{"rendered":"Les \u00e9motions et l\u2019aidance naturelle"},"content":{"rendered":"\n<h1 class=\"wp-block-heading\">Les \u00e9motions et l\u2019aidance naturelle<\/h1>\n\n\n\n<p>Cette m\u00e9diath\u00e8que vous offre une vari\u00e9t\u00e9 de webinaires anim\u00e9s pas l&rsquo;Organisme de soutien aux aidants naturels de l&rsquo;Ontario et ses partenaires. Recherchez parmi nos webinaires en utilisant des mots-cl\u00e9s, ou furetez par cat\u00e9gorie. Pour trouver plus de vid\u00e9os, visitez notre <a href=\"https:\/\/www.youtube.com\/c\/OntarioCaregiverOrganization\/featured\">cha\u00eene YouTube<\/a>.<\/p>\n\n\n\n<p><em>YouTube offre des sous-titres pour toutes les vid\u00e9os sur les cha\u00eenes YouTube. Si vous d\u00e9sirez ajouter des sous-titres en fran\u00e7ais sur nos vid\u00e9os, <a href=\"https:\/\/support.google.com\/youtube\/answer\/2734796?hl=fr\" target=\"_blank\" rel=\"noreferrer noopener\">cliquez ici pour les instructions<\/a> afin de modifier vos pr\u00e9f\u00e9rences sur votre ordinateur ou votre t\u00e9l\u00e9phone mobile. <\/em><\/p>\n\n\n<div id=\"accordion-content-block_61576ec5934cf\" class=\"accordion-wrapper \">\n    <ul class=\"accordion\" data-accordion data-multi-expand=\"true\"  data-allow-all-closed=\"true\" data-deep-link=\"true\" data-update-history=\"true\">\n                <li class=\"accordion-item\" data-accordion-item>\n            <a href=\"#au-dela-du-bain-moussant\" class=\"accordion-title\">Au-del\u00e0 du bain moussant: mieux g\u00e9rer son stress et ses pens\u00e9es n\u00e9gatives<\/a>\n            <div class=\"accordion-content\" data-tab-content id=\"au-dela-du-bain-moussant\">\n                <p><a href=\"https:\/\/www.youtube.com\/watch?v=MLkVfmtkKJQ\" target=\"_blank\" rel=\"noopener\">Au-del\u00e0 du bain moussant: mieux g\u00e9rer son stress et ses pens\u00e9es n\u00e9gatives<\/a><\/p>\n<p><iframe loading=\"lazy\" title=\"Au-del\u00e0 du bain moussant: mieux g\u00e9rer son stress et ses pens\u00e9es n\u00e9gatives\" width=\"500\" height=\"281\" src=\"https:\/\/www.youtube.com\/embed\/MLkVfmtkKJQ?feature=oembed\" frameborder=\"0\" allow=\"accelerometer; autoplay; clipboard-write; encrypted-media; gyroscope; picture-in-picture; web-share\" referrerpolicy=\"strict-origin-when-cross-origin\" allowfullscreen><\/iframe><\/p>\n<p>Ce webinaire traite du lien entre le stress, l&rsquo;anxi\u00e9t\u00e9 et les pens\u00e9es n\u00e9gatives. Les participants auront la chance d\u2019explorer le lien entre le stress, l\u2019anxi\u00e9t\u00e9 et les pens\u00e9es n\u00e9gatives. Il n\u2019y a pas de formule magique pour se sentir bien dans sa peau. Ce n\u2019est pas en prenant un bain moussant ou en essayant un nouveau produit de beaut\u00e9 qu\u2019on pourra n\u00e9cessairement dire mission accomplie. Le bien-\u00eatre est avant tout un mode de vie.<\/p>\n            <\/div>\n        <\/li>\n                <li class=\"accordion-item\" data-accordion-item>\n            <a href=\"#questions-et-r\u00e9ponses\" class=\"accordion-title\">Questions et r\u00e9ponses pour les aidants<\/a>\n            <div class=\"accordion-content\" data-tab-content id=\"questions-et-r\u00e9ponses\">\n                <p><a href=\"https:\/\/www.youtube.com\/watch?v=tzPDv_K15sM&amp;list=PLoVqQnCbbIiO6FrP_Jx1zs6wOB4tXukq9&amp;index=3\">Questions et r\u00e9ponses pour les aidants<\/a><\/p>\n<p><iframe loading=\"lazy\" title=\"Questions et re\u0301ponses pour les aidants\" width=\"500\" height=\"281\" src=\"https:\/\/www.youtube.com\/embed\/tzPDv_K15sM?list=PLoVqQnCbbIiO6FrP_Jx1zs6wOB4tXukq9\" frameborder=\"0\" allow=\"accelerometer; autoplay; clipboard-write; encrypted-media; gyroscope; picture-in-picture; web-share\" referrerpolicy=\"strict-origin-when-cross-origin\" allowfullscreen><\/iframe><\/p>\n<p>Une discussion de suivi sur la communication non violente et la gestion des conflits et des \u00e9motions difficiles v\u00e9cues par les aidants naturels. Ce webinaire porte sur l&rsquo;auto-empathie et la communication non violente dans le cadre du r\u00f4le d&rsquo;aidant naturel.<\/p>\n            <\/div>\n        <\/li>\n            <\/ul>\n<\/div>\n","protected":false},"excerpt":{"rendered":"<p>Les \u00e9motions et l\u2019aidance naturelle Cette m\u00e9diath\u00e8que vous offre une vari\u00e9t\u00e9 de webinaires anim\u00e9s pas l&rsquo;Organisme de soutien aux aidants naturels de l&rsquo;Ontario et..<\/p>\n","protected":false},"author":17,"featured_media":19593,"parent":12510,"menu_order":0,"comment_status":"closed","ping_status":"closed","template":"","meta":{"_acf_changed":false,"_relevanssi_hide_post":"","_relevanssi_hide_content":"","_relevanssi_pin_for_all":"","_relevanssi_pin_keywords":"","_relevanssi_unpin_keywords":"","_relevanssi_related_keywords":"","_relevanssi_related_include_ids":"","_relevanssi_related_exclude_ids":"","_relevanssi_related_no_append":"","_relevanssi_related_not_related":"","_relevanssi_related_posts":"7429,7899,13464,17516,12694,10342","_relevanssi_noindex_reason":"","_price":"","_stock":"","_tribe_ticket_header":"","_tribe_default_ticket_provider":"","_tribe_ticket_capacity":"0","_ticket_start_date":"","_ticket_end_date":"","_tribe_ticket_show_description":"","_tribe_ticket_show_not_going":false,"_tribe_ticket_use_global_stock":"","_tribe_ticket_global_stock_level":"","_global_stock_mode":"","_global_stock_cap":"","_tribe_rsvp_for_event":"","_tribe_ticket_going_count":"","_tribe_ticket_not_going_count":"","_tribe_tickets_list":[],"_tribe_ticket_has_attendee_info_fields":false,"footnotes":""},"class_list":["post-19617","page","type-page","status-publish","has-post-thumbnail","hentry"],"acf":[],"yoast_head":"<!-- This site is optimized with the Yoast SEO plugin v25.8 - https:\/\/yoast.com\/wordpress\/plugins\/seo\/ -->\n<title>Les \u00e9motions et l\u2019aidance naturelle - Organisme de soutien aux aidants naturels de l\u2019Ontario<\/title>\n<meta name=\"robots\" content=\"noindex, follow, max-snippet:-1, max-image-preview:large, max-video-preview:-1\" \/>\n<meta property=\"og:locale\" content=\"fr_FR\" \/>\n<meta property=\"og:type\" content=\"article\" \/>\n<meta property=\"og:title\" content=\"Les \u00e9motions et l\u2019aidance naturelle - Organisme de soutien aux aidants naturels de l\u2019Ontario\" \/>\n<meta property=\"og:description\" content=\"Les \u00e9motions et l\u2019aidance naturelle Cette m\u00e9diath\u00e8que vous offre une vari\u00e9t\u00e9 de webinaires anim\u00e9s pas l&rsquo;Organisme de soutien aux aidants naturels de l&rsquo;Ontario et..\" \/>\n<meta property=\"og:url\" content=\"https:\/\/archive.ontariocaregiver.ca\/fr\/webinaires-pour-aidants-naturels\/les-emotions-et-laidance-naturelle\/\" \/>\n<meta property=\"og:site_name\" content=\"Organisme de soutien aux aidants naturels de l\u2019Ontario\" \/>\n<meta property=\"article:modified_time\" content=\"2022-10-05T23:35:41+00:00\" \/>\n<meta property=\"og:image\" content=\"https:\/\/ontariocaregiver.ca\/wp-content\/uploads\/2022\/10\/Emotions-and-Caregving-iStock-1317735408.jpg\" \/>\n\t<meta property=\"og:image:width\" content=\"2120\" \/>\n\t<meta property=\"og:image:height\" content=\"1414\" \/>\n\t<meta property=\"og:image:type\" content=\"image\/jpeg\" \/>\n<meta name=\"twitter:card\" content=\"summary_large_image\" \/>\n<meta name=\"twitter:label1\" content=\"Dur\u00e9e de lecture estim\u00e9e\" \/>\n\t<meta name=\"twitter:data1\" content=\"1 minute\" \/>\n<script type=\"application\/ld+json\" class=\"yoast-schema-graph\">{\"@context\":\"https:\/\/schema.org\",\"@graph\":[{\"@type\":\"WebPage\",\"@id\":\"https:\/\/archive.ontariocaregiver.ca\/fr\/webinaires-pour-aidants-naturels\/les-emotions-et-laidance-naturelle\/\",\"url\":\"https:\/\/archive.ontariocaregiver.ca\/fr\/webinaires-pour-aidants-naturels\/les-emotions-et-laidance-naturelle\/\",\"name\":\"Les \u00e9motions et l\u2019aidance naturelle - Organisme de soutien aux aidants naturels de l\u2019Ontario\",\"isPartOf\":{\"@id\":\"https:\/\/archive.ontariocaregiver.ca\/fr\/#website\"},\"primaryImageOfPage\":{\"@id\":\"https:\/\/archive.ontariocaregiver.ca\/fr\/webinaires-pour-aidants-naturels\/les-emotions-et-laidance-naturelle\/#primaryimage\"},\"image\":{\"@id\":\"https:\/\/archive.ontariocaregiver.ca\/fr\/webinaires-pour-aidants-naturels\/les-emotions-et-laidance-naturelle\/#primaryimage\"},\"thumbnailUrl\":\"https:\/\/ontariocaregiver.ca\/wp-content\/uploads\/2022\/10\/Emotions-and-Caregving-iStock-1317735408.jpg\",\"datePublished\":\"2022-10-05T23:18:17+00:00\",\"dateModified\":\"2022-10-05T23:35:41+00:00\",\"breadcrumb\":{\"@id\":\"https:\/\/archive.ontariocaregiver.ca\/fr\/webinaires-pour-aidants-naturels\/les-emotions-et-laidance-naturelle\/#breadcrumb\"},\"inLanguage\":\"fr-FR\",\"potentialAction\":[{\"@type\":\"ReadAction\",\"target\":[\"https:\/\/archive.ontariocaregiver.ca\/fr\/webinaires-pour-aidants-naturels\/les-emotions-et-laidance-naturelle\/\"]}]},{\"@type\":\"ImageObject\",\"inLanguage\":\"fr-FR\",\"@id\":\"https:\/\/archive.ontariocaregiver.ca\/fr\/webinaires-pour-aidants-naturels\/les-emotions-et-laidance-naturelle\/#primaryimage\",\"url\":\"https:\/\/ontariocaregiver.ca\/wp-content\/uploads\/2022\/10\/Emotions-and-Caregving-iStock-1317735408.jpg\",\"contentUrl\":\"https:\/\/ontariocaregiver.ca\/wp-content\/uploads\/2022\/10\/Emotions-and-Caregving-iStock-1317735408.jpg\",\"width\":2120,\"height\":1414,\"caption\":\"The universe speaks when you stop and listen\"},{\"@type\":\"BreadcrumbList\",\"@id\":\"https:\/\/archive.ontariocaregiver.ca\/fr\/webinaires-pour-aidants-naturels\/les-emotions-et-laidance-naturelle\/#breadcrumb\",\"itemListElement\":[{\"@type\":\"ListItem\",\"position\":1,\"name\":\"Page principale\",\"item\":\"https:\/\/archive.ontariocaregiver.ca\/fr\/\"},{\"@type\":\"ListItem\",\"position\":2,\"name\":\"Webinaires pour les personnes aidantes naturelles\",\"item\":\"https:\/\/archive.ontariocaregiver.ca\/fr\/webinars-for-caregivers\/\"},{\"@type\":\"ListItem\",\"position\":3,\"name\":\"Les \u00e9motions et l\u2019aidance naturelle\"}]},{\"@type\":\"WebSite\",\"@id\":\"https:\/\/archive.ontariocaregiver.ca\/fr\/#website\",\"url\":\"https:\/\/archive.ontariocaregiver.ca\/fr\/\",\"name\":\"Organisme de soutien aux aidants naturels de l\u2019Ontario\",\"description\":\"\",\"potentialAction\":[{\"@type\":\"SearchAction\",\"target\":{\"@type\":\"EntryPoint\",\"urlTemplate\":\"https:\/\/archive.ontariocaregiver.ca\/fr\/?s={search_term_string}\"},\"query-input\":{\"@type\":\"PropertyValueSpecification\",\"valueRequired\":true,\"valueName\":\"search_term_string\"}}],\"inLanguage\":\"fr-FR\"}]}<\/script>\n<!-- \/ Yoast SEO plugin. -->","yoast_head_json":{"title":"Les \u00e9motions et l\u2019aidance naturelle - Organisme de soutien aux aidants naturels de l\u2019Ontario","robots":{"index":"noindex","follow":"follow","max-snippet":"max-snippet:-1","max-image-preview":"max-image-preview:large","max-video-preview":"max-video-preview:-1"},"og_locale":"fr_FR","og_type":"article","og_title":"Les \u00e9motions et l\u2019aidance naturelle - Organisme de soutien aux aidants naturels de l\u2019Ontario","og_description":"Les \u00e9motions et l\u2019aidance naturelle Cette m\u00e9diath\u00e8que vous offre une vari\u00e9t\u00e9 de webinaires anim\u00e9s pas l&rsquo;Organisme de soutien aux aidants naturels de l&rsquo;Ontario et..","og_url":"https:\/\/archive.ontariocaregiver.ca\/fr\/webinaires-pour-aidants-naturels\/les-emotions-et-laidance-naturelle\/","og_site_name":"Organisme de soutien aux aidants naturels de l\u2019Ontario","article_modified_time":"2022-10-05T23:35:41+00:00","og_image":[{"width":2120,"height":1414,"url":"https:\/\/ontariocaregiver.ca\/wp-content\/uploads\/2022\/10\/Emotions-and-Caregving-iStock-1317735408.jpg","type":"image\/jpeg"}],"twitter_card":"summary_large_image","twitter_misc":{"Dur\u00e9e de lecture estim\u00e9e":"1 minute"},"schema":{"@context":"https:\/\/schema.org","@graph":[{"@type":"WebPage","@id":"https:\/\/archive.ontariocaregiver.ca\/fr\/webinaires-pour-aidants-naturels\/les-emotions-et-laidance-naturelle\/","url":"https:\/\/archive.ontariocaregiver.ca\/fr\/webinaires-pour-aidants-naturels\/les-emotions-et-laidance-naturelle\/","name":"Les \u00e9motions et l\u2019aidance naturelle - Organisme de soutien aux aidants naturels de l\u2019Ontario","isPartOf":{"@id":"https:\/\/archive.ontariocaregiver.ca\/fr\/#website"},"primaryImageOfPage":{"@id":"https:\/\/archive.ontariocaregiver.ca\/fr\/webinaires-pour-aidants-naturels\/les-emotions-et-laidance-naturelle\/#primaryimage"},"image":{"@id":"https:\/\/archive.ontariocaregiver.ca\/fr\/webinaires-pour-aidants-naturels\/les-emotions-et-laidance-naturelle\/#primaryimage"},"thumbnailUrl":"https:\/\/ontariocaregiver.ca\/wp-content\/uploads\/2022\/10\/Emotions-and-Caregving-iStock-1317735408.jpg","datePublished":"2022-10-05T23:18:17+00:00","dateModified":"2022-10-05T23:35:41+00:00","breadcrumb":{"@id":"https:\/\/archive.ontariocaregiver.ca\/fr\/webinaires-pour-aidants-naturels\/les-emotions-et-laidance-naturelle\/#breadcrumb"},"inLanguage":"fr-FR","potentialAction":[{"@type":"ReadAction","target":["https:\/\/archive.ontariocaregiver.ca\/fr\/webinaires-pour-aidants-naturels\/les-emotions-et-laidance-naturelle\/"]}]},{"@type":"ImageObject","inLanguage":"fr-FR","@id":"https:\/\/archive.ontariocaregiver.ca\/fr\/webinaires-pour-aidants-naturels\/les-emotions-et-laidance-naturelle\/#primaryimage","url":"https:\/\/ontariocaregiver.ca\/wp-content\/uploads\/2022\/10\/Emotions-and-Caregving-iStock-1317735408.jpg","contentUrl":"https:\/\/ontariocaregiver.ca\/wp-content\/uploads\/2022\/10\/Emotions-and-Caregving-iStock-1317735408.jpg","width":2120,"height":1414,"caption":"The universe speaks when you stop and listen"},{"@type":"BreadcrumbList","@id":"https:\/\/archive.ontariocaregiver.ca\/fr\/webinaires-pour-aidants-naturels\/les-emotions-et-laidance-naturelle\/#breadcrumb","itemListElement":[{"@type":"ListItem","position":1,"name":"Page principale","item":"https:\/\/archive.ontariocaregiver.ca\/fr\/"},{"@type":"ListItem","position":2,"name":"Webinaires pour les personnes aidantes naturelles","item":"https:\/\/archive.ontariocaregiver.ca\/fr\/webinars-for-caregivers\/"},{"@type":"ListItem","position":3,"name":"Les \u00e9motions et l\u2019aidance naturelle"}]},{"@type":"WebSite","@id":"https:\/\/archive.ontariocaregiver.ca\/fr\/#website","url":"https:\/\/archive.ontariocaregiver.ca\/fr\/","name":"Organisme de soutien aux aidants naturels de l\u2019Ontario","description":"","potentialAction":[{"@type":"SearchAction","target":{"@type":"EntryPoint","urlTemplate":"https:\/\/archive.ontariocaregiver.ca\/fr\/?s={search_term_string}"},"query-input":{"@type":"PropertyValueSpecification","valueRequired":true,"valueName":"search_term_string"}}],"inLanguage":"fr-FR"}]}},"ticketed":false,"_links":{"self":[{"href":"https:\/\/archive.ontariocaregiver.ca\/fr\/wp-json\/wp\/v2\/pages\/19617","targetHints":{"allow":["GET"]}}],"collection":[{"href":"https:\/\/archive.ontariocaregiver.ca\/fr\/wp-json\/wp\/v2\/pages"}],"about":[{"href":"https:\/\/archive.ontariocaregiver.ca\/fr\/wp-json\/wp\/v2\/types\/page"}],"author":[{"embeddable":true,"href":"https:\/\/archive.ontariocaregiver.ca\/fr\/wp-json\/wp\/v2\/users\/17"}],"replies":[{"embeddable":true,"href":"https:\/\/archive.ontariocaregiver.ca\/fr\/wp-json\/wp\/v2\/comments?post=19617"}],"version-history":[{"count":8,"href":"https:\/\/archive.ontariocaregiver.ca\/fr\/wp-json\/wp\/v2\/pages\/19617\/revisions"}],"predecessor-version":[{"id":19732,"href":"https:\/\/archive.ontariocaregiver.ca\/fr\/wp-json\/wp\/v2\/pages\/19617\/revisions\/19732"}],"up":[{"embeddable":true,"href":"https:\/\/archive.ontariocaregiver.ca\/fr\/wp-json\/wp\/v2\/pages\/12510"}],"wp:featuredmedia":[{"embeddable":true,"href":"https:\/\/archive.ontariocaregiver.ca\/fr\/wp-json\/wp\/v2\/media\/19593"}],"wp:attachment":[{"href":"https:\/\/archive.ontariocaregiver.ca\/fr\/wp-json\/wp\/v2\/media?parent=19617"}],"curies":[{"name":"wp","href":"https:\/\/api.w.org\/{rel}","templated":true}]}}