{"id":19611,"date":"2022-10-05T19:31:39","date_gmt":"2022-10-05T23:31:39","guid":{"rendered":"https:\/\/archive.ontariocaregiver.ca\/?page_id=19611"},"modified":"2024-01-26T08:37:46","modified_gmt":"2024-01-26T13:37:46","slug":"conditions-medicales-et-laidance-naturelle","status":"publish","type":"page","link":"https:\/\/archive.ontariocaregiver.ca\/fr\/webinaires-pour-aidants-naturels\/conditions-medicales-et-laidance-naturelle\/","title":{"rendered":"Conditions m\u00e9dicales et l\u2019aidance naturelle"},"content":{"rendered":"\n<h1 class=\"wp-block-heading\">Conditions m\u00e9dicales et l\u2019aidance naturelle<\/h1>\n\n\n\n<p>Cette m\u00e9diath\u00e8que vous offre une vari\u00e9t\u00e9 de webinaires anim\u00e9s pas l&rsquo;Organisme de soutien aux aidants naturels de l&rsquo;Ontario et ses partenaires. Recherchez parmi nos webinaires en utilisant des mots-cl\u00e9s, ou furetez par cat\u00e9gorie. Pour trouver plus de vid\u00e9os, visitez notre <a href=\"https:\/\/www.youtube.com\/c\/OntarioCaregiverOrganization\/featured\">cha\u00eene YouTube<\/a>.<\/p>\n\n\n\n<p><em>YouTube offre des sous-titres pour toutes les vid\u00e9os sur les cha\u00eenes YouTube. Si vous d\u00e9sirez ajouter des sous-titres en fran\u00e7ais sur nos vid\u00e9os, <a href=\"https:\/\/support.google.com\/youtube\/answer\/2734796?hl=fr\" target=\"_blank\" rel=\"noreferrer noopener\">cliquez ici pour les instructions<\/a> afin de modifier vos pr\u00e9f\u00e9rences sur votre ordinateur ou votre t\u00e9l\u00e9phone mobile. <\/em><\/p>\n\n\n<div id=\"accordion-content-block_0274c4301705aa9c072a0db0eb5888d8\" class=\"accordion-wrapper \">\n    <ul class=\"accordion\" data-accordion data-multi-expand=\"true\"  data-allow-all-closed=\"true\" data-deep-link=\"true\" data-update-history=\"true\">\n                <li class=\"accordion-item\" data-accordion-item>\n            <a href=\"#aidants-naturels-d\u2019enfants-atteints-de-d\u00e9ficience\" class=\"accordion-title\">Autosoins: aidants naturels d&rsquo;enfants atteints de d\u00e9ficience<\/a>\n            <div class=\"accordion-content\" data-tab-content id=\"aidants-naturels-d\u2019enfants-atteints-de-d\u00e9ficience\">\n                <p><a href=\"https:\/\/youtu.be\/9xgxVqTvVvI\">Autosoins: aidants naturels d&rsquo;enfants atteints de d\u00e9ficience<\/a><\/p>\n<p><iframe loading=\"lazy\" title=\"Autosoins: aidants naturels d&#039;enfants atteints de d\u00e9ficience d\u00e9veloppementale\" width=\"500\" height=\"281\" src=\"https:\/\/www.youtube.com\/embed\/9xgxVqTvVvI?feature=oembed\" frameborder=\"0\" allow=\"accelerometer; autoplay; clipboard-write; encrypted-media; gyroscope; picture-in-picture; web-share\" referrerpolicy=\"strict-origin-when-cross-origin\" allowfullscreen><\/iframe><\/p>\n<p>Entre l\u2019achat de cadeaux pour les amis et la famille, la d\u00e9coration de votre maison et la pr\u00e9paration des repas des f\u00eates, il est facile de se retrouver submerg\u00e9 par votre liste de choses \u00e0 faire pendant la saison des f\u00eates.<br \/>\nLes vacances peuvent \u00eatre une p\u00e9riode de joie, mais pour les aidants naturels, les f\u00eates peuvent \u00e9galement \u00eatre une p\u00e9riode de stress, en particulier pour les aidants naturels d\u2019enfants atteints de troubles du d\u00e9veloppement.<\/p>\n            <\/div>\n        <\/li>\n                <li class=\"accordion-item\" data-accordion-item>\n            <a href=\"#aidants-naturels-d\u2019adultes-atteints-de-d\u00e9ficience-d\u00e9veloppementale\" class=\"accordion-title\">Autosoins: aidants naturels d\u2019adultes atteints de d\u00e9ficience d\u00e9veloppementale<\/a>\n            <div class=\"accordion-content\" data-tab-content id=\"aidants-naturels-d\u2019adultes-atteints-de-d\u00e9ficience-d\u00e9veloppementale\">\n                <p><a>Autosoins: aidants naturels d\u2019adultes atteints de d\u00e9ficience d\u00e9veloppementale<\/a><\/p>\n<p><iframe loading=\"lazy\" title=\"Autosoins: aidants naturels d\u2019adultes atteints de d\u00e9ficience d\u00e9veloppementale\" width=\"500\" height=\"281\" src=\"https:\/\/www.youtube.com\/embed\/rt_GAahjvT8?feature=oembed\" frameborder=\"0\" allow=\"accelerometer; autoplay; clipboard-write; encrypted-media; gyroscope; picture-in-picture; web-share\" referrerpolicy=\"strict-origin-when-cross-origin\" allowfullscreen><\/iframe><\/p>\n<p>Entre l\u2019achat de cadeaux pour les amis et la famille, la d\u00e9coration de votre maison et la pr\u00e9paration des repas des f\u00eates, il est facile de se retrouver submerg\u00e9 par votre liste de choses \u00e0 faire pendant la saison des f\u00eates.<br \/>\nLes vacances peuvent \u00eatre une p\u00e9riode de joie, mais pour les aidants naturels, les f\u00eates peuvent \u00e9galement \u00eatre une p\u00e9riode de stress, en particulier pour les aidants naturels d\u2019adults atteints de troubles du d\u00e9veloppement.<\/p>\n            <\/div>\n        <\/li>\n                <li class=\"accordion-item\" data-accordion-item>\n            <a href=\"#les-8-As-des-troubles-neurocognitifs\" class=\"accordion-title\">Les 8 A&rsquo;s des troubles neurocognitifs<\/a>\n            <div class=\"accordion-content\" data-tab-content id=\"les-8-As-des-troubles-neurocognitifs\">\n                <p><a href=\"https:\/\/www.youtube.com\/watch?v=euioxBvIDiA\" target=\"_blank\" rel=\"noopener\">Les 8 A&rsquo;s des troubles neurocognitifs<\/a><\/p>\n<p><iframe loading=\"lazy\" title=\"Les 8 A&#039;s des troubles neurocognitifs\" width=\"500\" height=\"281\" src=\"https:\/\/www.youtube.com\/embed\/euioxBvIDiA?feature=oembed\" frameborder=\"0\" allow=\"accelerometer; autoplay; clipboard-write; encrypted-media; gyroscope; picture-in-picture; web-share\" referrerpolicy=\"strict-origin-when-cross-origin\" allowfullscreen><\/iframe><\/p>\n<p><strong><a href=\"https:\/\/ontariocaregiver.ca\/wp-content\/uploads\/2022\/10\/6Notes-de-webinaire_Comprendre-les-8-A-des-troubles-neurocognitifs_FINAL.pdf\" target=\"_blank\" rel=\"noopener\">Notes de webinaire \u2013 Fran\u00e7ais<\/a><\/strong><\/p>\n<p>Le terme trouble neurocognitif est un terme g\u00e9n\u00e9ral faisant r\u00e9f\u00e9rence \u00e0 diff\u00e9rents troubles du cerveau. Les 8 A&rsquo;s sont une fa\u00e7on de comprendre comment les troubles neurocognitifs affectent le cerveau. Chaque A repr\u00e9sente des dommages caus\u00e9s \u00e0 une partie du cerveau. En comprenant les raisons pour ceux-ci, les personnes aidantes naturelles pourront am\u00e9liorer leur capacit\u00e9 \u00e0 mieux soutenir la personne aid\u00e9e de bien vivre avec un trouble neurocognitif. Les 8 A&rsquo;s nous donnent les indices n\u00e9cessaires pour comprendre le sens des comportements. Lors de ce webinaire, les participants apprendront ce que sont les 8 A&rsquo;s et comment reconna\u00eetre leur impact sur le comportement, comment changer ses attentes et communiquer plus efficacement apr\u00e8s avoir pris connaissance des 8 A&rsquo;s. Veuillez noter: Bien que les troubles neurocognitifs soient commun\u00e9ment connus sous le nom de la d\u00e9mence, nous sommes conscients que cette terminologie peut \u00eatre p\u00e9jorative et nous nous effor\u00e7ons d&rsquo;utiliser un langage plus inclusif.<\/p>\n<p><strong>Ressources additionnelles:<\/strong><\/p>\n<p><a href=\"https:\/\/ontariocaregiver.ca\/wp-content\/uploads\/2022\/01\/SAC_Que-sont-les-troubles-neurocognitifs_fr.pdf\" target=\"_blank\" rel=\"noopener\">Que sont les troubles neurocognitifs?<\/a><\/p>\n<p><a href=\"https:\/\/ontariocaregiver.ca\/wp-content\/uploads\/2022\/01\/Comprendre-les-comportements.pdf\" target=\"_blank\" rel=\"noopener\">Comprendre les comportements<\/a><\/p>\n<p><a href=\"https:\/\/ontariocaregiver.ca\/wp-content\/uploads\/2022\/01\/au-jour-le-jour_la-communication.pdf\" target=\"_blank\" rel=\"noopener\">La communication<\/a><\/p>\n<p><a href=\"https:\/\/ontariocaregiver.ca\/wp-content\/uploads\/2022\/01\/PPT-Les-8-As-des-troubles-neurologiques.pdf\" target=\"_blank\" rel=\"noopener\">Pr\u00e9sentation &#8211; les 8 A&rsquo;s des troubles neucognitifs<\/a><\/p>\n<p>La Soci\u00e9t\u00e9 Alzheimer en Ontario: <a href=\"https:\/\/alzheimer.ca\/on\/fr\" target=\"_blank\" rel=\"noopener\">https:\/\/alzheimer.ca\/on\/fr<\/a><\/p>\n<p>Trouvez votre Soci\u00e9t\u00e9 Alzheimer en Ontario: <a href=\"https:\/\/alzheimer.ca\/on\/fr\/propos-de-nous\/trouvez-votre-societe-en-ontario\" target=\"_blank\" rel=\"noopener\">https:\/\/alzheimer.ca\/on\/fr\/propos-de-nous\/trouvez-votre-societe-en-ontario<\/a><\/p>\n            <\/div>\n        <\/li>\n                <li class=\"accordion-item\" data-accordion-item>\n            <a href=\"#capacites-cognitives\" class=\"accordion-title\">Quand les capacit\u00e9s cognitives changent: s&rsquo;agit-il de d\u00e9mence?<\/a>\n            <div class=\"accordion-content\" data-tab-content id=\"capacites-cognitives\">\n                <p><a href=\"https:\/\/www.youtube.com\/watch?v=Vpixeyqkaww&amp;list=PLoVqQnCbbIiO6FrP_Jx1zs6wOB4tXukq9&amp;index=9\">Quand les capacit\u00e9s cognitives changent: s&rsquo;agit-il de d\u00e9mence?<\/a><\/p>\n<p><iframe loading=\"lazy\" title=\"Quand les capacite\u0301s cognitives changent: s&#039;agit-il de d\u00e9mence?\" width=\"500\" height=\"281\" src=\"https:\/\/www.youtube.com\/embed\/Vpixeyqkaww?list=PLoVqQnCbbIiO6FrP_Jx1zs6wOB4tXukq9\" frameborder=\"0\" allow=\"accelerometer; autoplay; clipboard-write; encrypted-media; gyroscope; picture-in-picture; web-share\" referrerpolicy=\"strict-origin-when-cross-origin\" allowfullscreen><\/iframe><\/p>\n<p>Rejoignez-nous et la Soci\u00e9t\u00e9 Alzheimer de l\u2019Ontario pour d\u00e9couvrir 10 sympt\u00f4mes avant-coureurs de la d\u00e9mence. D\u00e9couvrez l\u2019importance de savoir \u00e0 quel moment demander des tests m\u00e9dicaux et quels tests demander, ainsi que les avantages et les risques de la recherche d\u2019un diagnostic pr\u00e9coce de la d\u00e9mence. Ensemble, nous nous pencherons \u00e9galement sur les moyens de prendre soin de son cerveau et sur la mani\u00e8re dont nous pouvons tous \u00eatre un peu plus doux avec notre sant\u00e9 c\u00e9r\u00e9brale. Cette s\u00e9ance est pr\u00e9sent\u00e9e en anglais, avec une traduction simultan\u00e9e vers le fran\u00e7ais.<\/p>\n            <\/div>\n        <\/li>\n                <li class=\"accordion-item\" data-accordion-item>\n            <a href=\"#comportements-receptifs\" class=\"accordion-title\">Comportements r\u00e9ceptifs approches ax\u00e9es sur la personne et pratiques envers<\/a>\n            <div class=\"accordion-content\" data-tab-content id=\"comportements-receptifs\">\n                <p><a href=\"https:\/\/www.youtube.com\/watch?v=TEq6GmEReDc&amp;list=PLoVqQnCbbIiO6FrP_Jx1zs6wOB4tXukq9&amp;index=8\">Comportements r\u00e9ceptifs approches ax\u00e9es sur la personne et pratiques envers les soins<\/a><\/p>\n<p><iframe loading=\"lazy\" title=\"Comportements re\u0301ceptifs approches axe\u0301es sur la personne et pratiques envers les soins\" width=\"500\" height=\"281\" src=\"https:\/\/www.youtube.com\/embed\/TEq6GmEReDc?list=PLoVqQnCbbIiO6FrP_Jx1zs6wOB4tXukq9\" frameborder=\"0\" allow=\"accelerometer; autoplay; clipboard-write; encrypted-media; gyroscope; picture-in-picture; web-share\" referrerpolicy=\"strict-origin-when-cross-origin\" allowfullscreen><\/iframe><\/p>\n<p>Prendre soin d\u2019une personne atteinte de d\u00e9mence peut \u00eatre \u00e9prouvant pour les aidantes naturelles et les aidants naturels. Dans ce webinaire, les aidants naturels apprendront \u00e0 reconna\u00eetre un \u00ab comportement r\u00e9actif \u00bb chez les personnes atteintes de d\u00e9mence, d\u00e9couvriront des conseils pour identifier la cause sous-jacente de ce comportement, ainsi que des approches pratiques et centr\u00e9es sur la personne pour soutenir la personne dont ils s\u2019occupent. L\u2019impact de la pand\u00e9mie de COVID-19 sur les comportements r\u00e9actifs et les transitions dans les soins sera \u00e9galement abord\u00e9. Des ressources et des outils seront mis en commun pour faciliter la mise en pratique des connaissances. Ce webinaire sera pr\u00e9sent\u00e9 en anglais, avec une traduction simultan\u00e9e vers le fran\u00e7ais.<\/p>\n            <\/div>\n        <\/li>\n                <li class=\"accordion-item\" data-accordion-item>\n            <a href=\"#Les-changements-au-cerveau\" class=\"accordion-title\">Les changements au cerveau en lien avec les troubles neurocognitifs<\/a>\n            <div class=\"accordion-content\" data-tab-content id=\"Les-changements-au-cerveau\">\n                <p><iframe loading=\"lazy\" title=\"Les changements au cerveau en lien avec les troubles neurocognitifs\" width=\"500\" height=\"281\" src=\"https:\/\/www.youtube.com\/embed\/Kph3jQPKP_Y?feature=oembed\" frameborder=\"0\" allow=\"accelerometer; autoplay; clipboard-write; encrypted-media; gyroscope; picture-in-picture; web-share\" referrerpolicy=\"strict-origin-when-cross-origin\" allowfullscreen><\/iframe><\/p>\n<p>&nbsp;<\/p>\n<p>Explorer l\u2019effet des changements au cerveau sur la personnalit\u00e9 et le comportement en lien avec les troubles neurocognitifs Les changements de personnalit\u00e9 et de comportement sont des sympt\u00f4mes courants chez les personnes vivant avec un trouble neurocognitif.<\/p>\n            <\/div>\n        <\/li>\n                <li class=\"accordion-item\" data-accordion-item>\n            <a href=\"#Communiquer\" class=\"accordion-title\">Communiquer avec les personnes atteintes d\u2019untrouble neurocognitif<\/a>\n            <div class=\"accordion-content\" data-tab-content id=\"Communiquer\">\n                <p><iframe loading=\"lazy\" title=\"Communiquer avec les personnes atteintes d\u2019untrouble neurocognitif\" width=\"500\" height=\"281\" src=\"https:\/\/www.youtube.com\/embed\/wpG7ZK3qkcE?feature=oembed\" frameborder=\"0\" allow=\"accelerometer; autoplay; clipboard-write; encrypted-media; gyroscope; picture-in-picture; web-share\" referrerpolicy=\"strict-origin-when-cross-origin\" allowfullscreen><\/iframe><\/p>\n<p>La communication, \u00e9l\u00e9ment essentiel de la vie, nous permet d\u2019entretenir nos relations. Lorsqu\u2019un trouble neurocognitif afecte la capacit\u00e9 d\u2019une personne \u00e0 s\u2019exprimer et \u00e0 comprendre, elle peut mettre \u00e0 l\u2019\u00e9preuve les liens entre la personne aidante et la personne aid\u00e9e. En tant que personne aidante naturelle, il est essentiel d\u2019\u00eatre consciente de ces changements afn que la personne dont vous vous occupez puisse se sentir soutenue.<\/p>\n<p>Participez \u00e0 notre webinaire avec la Soci\u00e9t\u00e9 Alzheimer pour :<\/p>\n<p>\u2022 Comprendre les sympt\u00f4mes du trouble neurocognitif et apprendre comment r\u00e9agir aux changements<\/p>\n<p>\u2022 Vous familiariser avec les efets du trouble neurocognitif sur la communication<\/p>\n<p>\u2022 Recevoir des conseils et des strat\u00e9gies utiles pour am\u00e9liorer vos conversations avec les personnes atteintes d\u2019un trouble neurocognitif \u00e0 mesure que la maladie \u00e9volue<\/p>\n<p>\u2022 Trouver de l\u2019aide et acc\u00e9der \u00e0 des ressources<\/p>\n            <\/div>\n        <\/li>\n            <\/ul>\n<\/div>\n","protected":false},"excerpt":{"rendered":"<p>Conditions m\u00e9dicales et l\u2019aidance naturelle Cette m\u00e9diath\u00e8que vous offre une vari\u00e9t\u00e9 de webinaires anim\u00e9s pas l&rsquo;Organisme de soutien aux aidants naturels de l&rsquo;Ontario et..<\/p>\n","protected":false},"author":17,"featured_media":19596,"parent":12510,"menu_order":0,"comment_status":"closed","ping_status":"closed","template":"","meta":{"_acf_changed":false,"_relevanssi_hide_post":"","_relevanssi_hide_content":"","_relevanssi_pin_for_all":"","_relevanssi_pin_keywords":"","_relevanssi_unpin_keywords":"","_relevanssi_related_keywords":"","_relevanssi_related_include_ids":"","_relevanssi_related_exclude_ids":"","_relevanssi_related_no_append":"","_relevanssi_related_not_related":"","_relevanssi_related_posts":"7429,7899,13464,17516,12694,10342","_relevanssi_noindex_reason":"","_price":"","_stock":"","_tribe_ticket_header":"","_tribe_default_ticket_provider":"","_tribe_ticket_capacity":"0","_ticket_start_date":"","_ticket_end_date":"","_tribe_ticket_show_description":"","_tribe_ticket_show_not_going":false,"_tribe_ticket_use_global_stock":"","_tribe_ticket_global_stock_level":"","_global_stock_mode":"","_global_stock_cap":"","_tribe_rsvp_for_event":"","_tribe_ticket_going_count":"","_tribe_ticket_not_going_count":"","_tribe_tickets_list":[],"_tribe_ticket_has_attendee_info_fields":false,"footnotes":""},"class_list":["post-19611","page","type-page","status-publish","has-post-thumbnail","hentry"],"acf":[],"yoast_head":"<!-- This site is optimized with the Yoast SEO plugin v25.8 - https:\/\/yoast.com\/wordpress\/plugins\/seo\/ -->\n<title>Conditions m\u00e9dicales et l\u2019aidance naturelle - Organisme de soutien aux aidants naturels de l\u2019Ontario<\/title>\n<meta name=\"robots\" content=\"noindex, follow, max-snippet:-1, max-image-preview:large, max-video-preview:-1\" \/>\n<meta property=\"og:locale\" content=\"fr_FR\" \/>\n<meta property=\"og:type\" content=\"article\" \/>\n<meta property=\"og:title\" content=\"Conditions m\u00e9dicales et l\u2019aidance naturelle - Organisme de soutien aux aidants naturels de l\u2019Ontario\" \/>\n<meta property=\"og:description\" content=\"Conditions m\u00e9dicales et l\u2019aidance naturelle Cette m\u00e9diath\u00e8que vous offre une vari\u00e9t\u00e9 de webinaires anim\u00e9s pas l&rsquo;Organisme de soutien aux aidants naturels de l&rsquo;Ontario et..\" \/>\n<meta property=\"og:url\" content=\"https:\/\/archive.ontariocaregiver.ca\/fr\/webinaires-pour-aidants-naturels\/conditions-medicales-et-laidance-naturelle\/\" \/>\n<meta property=\"og:site_name\" content=\"Organisme de soutien aux aidants naturels de l\u2019Ontario\" \/>\n<meta property=\"article:modified_time\" content=\"2024-01-26T13:37:46+00:00\" \/>\n<meta property=\"og:image\" content=\"https:\/\/ontariocaregiver.ca\/wp-content\/uploads\/2022\/10\/Caregiving-and-Specific-Health-ConditionsiStock-1322494700.jpg\" \/>\n\t<meta property=\"og:image:width\" content=\"2121\" \/>\n\t<meta property=\"og:image:height\" content=\"1414\" \/>\n\t<meta property=\"og:image:type\" content=\"image\/jpeg\" \/>\n<meta name=\"twitter:card\" content=\"summary_large_image\" \/>\n<meta name=\"twitter:label1\" content=\"Dur\u00e9e de lecture estim\u00e9e\" \/>\n\t<meta name=\"twitter:data1\" content=\"1 minute\" \/>\n<script type=\"application\/ld+json\" class=\"yoast-schema-graph\">{\"@context\":\"https:\/\/schema.org\",\"@graph\":[{\"@type\":\"WebPage\",\"@id\":\"https:\/\/archive.ontariocaregiver.ca\/fr\/webinaires-pour-aidants-naturels\/conditions-medicales-et-laidance-naturelle\/\",\"url\":\"https:\/\/archive.ontariocaregiver.ca\/fr\/webinaires-pour-aidants-naturels\/conditions-medicales-et-laidance-naturelle\/\",\"name\":\"Conditions m\u00e9dicales et l\u2019aidance naturelle - Organisme de soutien aux aidants naturels de l\u2019Ontario\",\"isPartOf\":{\"@id\":\"https:\/\/archive.ontariocaregiver.ca\/fr\/#website\"},\"primaryImageOfPage\":{\"@id\":\"https:\/\/archive.ontariocaregiver.ca\/fr\/webinaires-pour-aidants-naturels\/conditions-medicales-et-laidance-naturelle\/#primaryimage\"},\"image\":{\"@id\":\"https:\/\/archive.ontariocaregiver.ca\/fr\/webinaires-pour-aidants-naturels\/conditions-medicales-et-laidance-naturelle\/#primaryimage\"},\"thumbnailUrl\":\"https:\/\/ontariocaregiver.ca\/wp-content\/uploads\/2022\/10\/Caregiving-and-Specific-Health-ConditionsiStock-1322494700.jpg\",\"datePublished\":\"2022-10-05T23:31:39+00:00\",\"dateModified\":\"2024-01-26T13:37:46+00:00\",\"breadcrumb\":{\"@id\":\"https:\/\/archive.ontariocaregiver.ca\/fr\/webinaires-pour-aidants-naturels\/conditions-medicales-et-laidance-naturelle\/#breadcrumb\"},\"inLanguage\":\"fr-FR\",\"potentialAction\":[{\"@type\":\"ReadAction\",\"target\":[\"https:\/\/archive.ontariocaregiver.ca\/fr\/webinaires-pour-aidants-naturels\/conditions-medicales-et-laidance-naturelle\/\"]}]},{\"@type\":\"ImageObject\",\"inLanguage\":\"fr-FR\",\"@id\":\"https:\/\/archive.ontariocaregiver.ca\/fr\/webinaires-pour-aidants-naturels\/conditions-medicales-et-laidance-naturelle\/#primaryimage\",\"url\":\"https:\/\/ontariocaregiver.ca\/wp-content\/uploads\/2022\/10\/Caregiving-and-Specific-Health-ConditionsiStock-1322494700.jpg\",\"contentUrl\":\"https:\/\/ontariocaregiver.ca\/wp-content\/uploads\/2022\/10\/Caregiving-and-Specific-Health-ConditionsiStock-1322494700.jpg\",\"width\":2121,\"height\":1414,\"caption\":\"Physical therapist talking to senior man sitting on a fitness ball at home\"},{\"@type\":\"BreadcrumbList\",\"@id\":\"https:\/\/archive.ontariocaregiver.ca\/fr\/webinaires-pour-aidants-naturels\/conditions-medicales-et-laidance-naturelle\/#breadcrumb\",\"itemListElement\":[{\"@type\":\"ListItem\",\"position\":1,\"name\":\"Page principale\",\"item\":\"https:\/\/archive.ontariocaregiver.ca\/fr\/\"},{\"@type\":\"ListItem\",\"position\":2,\"name\":\"Webinaires pour les personnes aidantes naturelles\",\"item\":\"https:\/\/archive.ontariocaregiver.ca\/fr\/webinars-for-caregivers\/\"},{\"@type\":\"ListItem\",\"position\":3,\"name\":\"Conditions m\u00e9dicales et l\u2019aidance naturelle\"}]},{\"@type\":\"WebSite\",\"@id\":\"https:\/\/archive.ontariocaregiver.ca\/fr\/#website\",\"url\":\"https:\/\/archive.ontariocaregiver.ca\/fr\/\",\"name\":\"Organisme de soutien aux aidants naturels de l\u2019Ontario\",\"description\":\"\",\"potentialAction\":[{\"@type\":\"SearchAction\",\"target\":{\"@type\":\"EntryPoint\",\"urlTemplate\":\"https:\/\/archive.ontariocaregiver.ca\/fr\/?s={search_term_string}\"},\"query-input\":{\"@type\":\"PropertyValueSpecification\",\"valueRequired\":true,\"valueName\":\"search_term_string\"}}],\"inLanguage\":\"fr-FR\"}]}<\/script>\n<!-- \/ Yoast SEO plugin. -->","yoast_head_json":{"title":"Conditions m\u00e9dicales et l\u2019aidance naturelle - Organisme de soutien aux aidants naturels de l\u2019Ontario","robots":{"index":"noindex","follow":"follow","max-snippet":"max-snippet:-1","max-image-preview":"max-image-preview:large","max-video-preview":"max-video-preview:-1"},"og_locale":"fr_FR","og_type":"article","og_title":"Conditions m\u00e9dicales et l\u2019aidance naturelle - Organisme de soutien aux aidants naturels de l\u2019Ontario","og_description":"Conditions m\u00e9dicales et l\u2019aidance naturelle Cette m\u00e9diath\u00e8que vous offre une vari\u00e9t\u00e9 de webinaires anim\u00e9s pas l&rsquo;Organisme de soutien aux aidants naturels de l&rsquo;Ontario et..","og_url":"https:\/\/archive.ontariocaregiver.ca\/fr\/webinaires-pour-aidants-naturels\/conditions-medicales-et-laidance-naturelle\/","og_site_name":"Organisme de soutien aux aidants naturels de l\u2019Ontario","article_modified_time":"2024-01-26T13:37:46+00:00","og_image":[{"width":2121,"height":1414,"url":"https:\/\/ontariocaregiver.ca\/wp-content\/uploads\/2022\/10\/Caregiving-and-Specific-Health-ConditionsiStock-1322494700.jpg","type":"image\/jpeg"}],"twitter_card":"summary_large_image","twitter_misc":{"Dur\u00e9e de lecture estim\u00e9e":"1 minute"},"schema":{"@context":"https:\/\/schema.org","@graph":[{"@type":"WebPage","@id":"https:\/\/archive.ontariocaregiver.ca\/fr\/webinaires-pour-aidants-naturels\/conditions-medicales-et-laidance-naturelle\/","url":"https:\/\/archive.ontariocaregiver.ca\/fr\/webinaires-pour-aidants-naturels\/conditions-medicales-et-laidance-naturelle\/","name":"Conditions m\u00e9dicales et l\u2019aidance naturelle - Organisme de soutien aux aidants naturels de l\u2019Ontario","isPartOf":{"@id":"https:\/\/archive.ontariocaregiver.ca\/fr\/#website"},"primaryImageOfPage":{"@id":"https:\/\/archive.ontariocaregiver.ca\/fr\/webinaires-pour-aidants-naturels\/conditions-medicales-et-laidance-naturelle\/#primaryimage"},"image":{"@id":"https:\/\/archive.ontariocaregiver.ca\/fr\/webinaires-pour-aidants-naturels\/conditions-medicales-et-laidance-naturelle\/#primaryimage"},"thumbnailUrl":"https:\/\/ontariocaregiver.ca\/wp-content\/uploads\/2022\/10\/Caregiving-and-Specific-Health-ConditionsiStock-1322494700.jpg","datePublished":"2022-10-05T23:31:39+00:00","dateModified":"2024-01-26T13:37:46+00:00","breadcrumb":{"@id":"https:\/\/archive.ontariocaregiver.ca\/fr\/webinaires-pour-aidants-naturels\/conditions-medicales-et-laidance-naturelle\/#breadcrumb"},"inLanguage":"fr-FR","potentialAction":[{"@type":"ReadAction","target":["https:\/\/archive.ontariocaregiver.ca\/fr\/webinaires-pour-aidants-naturels\/conditions-medicales-et-laidance-naturelle\/"]}]},{"@type":"ImageObject","inLanguage":"fr-FR","@id":"https:\/\/archive.ontariocaregiver.ca\/fr\/webinaires-pour-aidants-naturels\/conditions-medicales-et-laidance-naturelle\/#primaryimage","url":"https:\/\/ontariocaregiver.ca\/wp-content\/uploads\/2022\/10\/Caregiving-and-Specific-Health-ConditionsiStock-1322494700.jpg","contentUrl":"https:\/\/ontariocaregiver.ca\/wp-content\/uploads\/2022\/10\/Caregiving-and-Specific-Health-ConditionsiStock-1322494700.jpg","width":2121,"height":1414,"caption":"Physical therapist talking to senior man sitting on a fitness ball at home"},{"@type":"BreadcrumbList","@id":"https:\/\/archive.ontariocaregiver.ca\/fr\/webinaires-pour-aidants-naturels\/conditions-medicales-et-laidance-naturelle\/#breadcrumb","itemListElement":[{"@type":"ListItem","position":1,"name":"Page principale","item":"https:\/\/archive.ontariocaregiver.ca\/fr\/"},{"@type":"ListItem","position":2,"name":"Webinaires pour les personnes aidantes naturelles","item":"https:\/\/archive.ontariocaregiver.ca\/fr\/webinars-for-caregivers\/"},{"@type":"ListItem","position":3,"name":"Conditions m\u00e9dicales et l\u2019aidance naturelle"}]},{"@type":"WebSite","@id":"https:\/\/archive.ontariocaregiver.ca\/fr\/#website","url":"https:\/\/archive.ontariocaregiver.ca\/fr\/","name":"Organisme de soutien aux aidants naturels de l\u2019Ontario","description":"","potentialAction":[{"@type":"SearchAction","target":{"@type":"EntryPoint","urlTemplate":"https:\/\/archive.ontariocaregiver.ca\/fr\/?s={search_term_string}"},"query-input":{"@type":"PropertyValueSpecification","valueRequired":true,"valueName":"search_term_string"}}],"inLanguage":"fr-FR"}]}},"ticketed":false,"_links":{"self":[{"href":"https:\/\/archive.ontariocaregiver.ca\/fr\/wp-json\/wp\/v2\/pages\/19611","targetHints":{"allow":["GET"]}}],"collection":[{"href":"https:\/\/archive.ontariocaregiver.ca\/fr\/wp-json\/wp\/v2\/pages"}],"about":[{"href":"https:\/\/archive.ontariocaregiver.ca\/fr\/wp-json\/wp\/v2\/types\/page"}],"author":[{"embeddable":true,"href":"https:\/\/archive.ontariocaregiver.ca\/fr\/wp-json\/wp\/v2\/users\/17"}],"replies":[{"embeddable":true,"href":"https:\/\/archive.ontariocaregiver.ca\/fr\/wp-json\/wp\/v2\/comments?post=19611"}],"version-history":[{"count":25,"href":"https:\/\/archive.ontariocaregiver.ca\/fr\/wp-json\/wp\/v2\/pages\/19611\/revisions"}],"predecessor-version":[{"id":25216,"href":"https:\/\/archive.ontariocaregiver.ca\/fr\/wp-json\/wp\/v2\/pages\/19611\/revisions\/25216"}],"up":[{"embeddable":true,"href":"https:\/\/archive.ontariocaregiver.ca\/fr\/wp-json\/wp\/v2\/pages\/12510"}],"wp:featuredmedia":[{"embeddable":true,"href":"https:\/\/archive.ontariocaregiver.ca\/fr\/wp-json\/wp\/v2\/media\/19596"}],"wp:attachment":[{"href":"https:\/\/archive.ontariocaregiver.ca\/fr\/wp-json\/wp\/v2\/media?parent=19611"}],"curies":[{"name":"wp","href":"https:\/\/api.w.org\/{rel}","templated":true}]}}