{"id":18897,"date":"2022-08-30T17:50:51","date_gmt":"2022-08-30T21:50:51","guid":{"rendered":"https:\/\/archive.ontariocaregiver.ca\/charitable-status\/"},"modified":"2022-08-30T17:56:18","modified_gmt":"2022-08-30T21:56:18","slug":"statut-dorganisme-de-bienfaisance","status":"publish","type":"page","link":"https:\/\/archive.ontariocaregiver.ca\/fr\/statut-dorganisme-de-bienfaisance\/","title":{"rendered":"Statut d&rsquo;organisme de bienfaisance"},"content":{"rendered":"\n<h1 class=\"wp-block-heading\">Statut d&rsquo;organisme de bienfaisance<\/h1>\n\n\n\n<p>L\u2019Organisme de soutien aux aidants naturels de l\u2019Ontario (OSANO) re\u00e7oit souvent des questions de familles qui aimeraient faire un don, soit pour remercier l\u2019OSANO de son aide, soit parce qu\u2019elles ont acquis une exp\u00e9rience directe en mati\u00e8re d\u2019aidance naturelle et veulent aider d\u2019autres personnes aidantes naturelles.<\/p>\n\n\n\n<p>Si vous souhaitez faire un don \u00e0 l\u2019OSANO, vous pouvez le faire par l\u2019interm\u00e9diaire de <a href=\"https:\/\/www.canadahelps.org\/fr\/organismesdebienfaisance\/the-ontario-caregiver-organization\/\" target=\"_blank\" rel=\"noreferrer noopener\">CanadaHelps<\/a>.<\/p>\n\n\n\n<p>L\u2019argent donn\u00e9 sera utilis\u00e9 pour ajouter de nouveaux programmes, services et initiatives en fonction des besoins exprim\u00e9s par les personnes aidantes naturelles.<\/p>\n\n\n\n<h2 class=\"wp-block-heading\">FAQ:<\/h2>\n\n\n<div id=\"accordion-content-block_630e85e3a144c\" class=\"accordion-wrapper \">\n    <ul class=\"accordion\" data-accordion data-multi-expand=\"true\"  data-allow-all-closed=\"true\" data-deep-link=\"true\" data-update-history=\"true\">\n                <li class=\"accordion-item\" data-accordion-item>\n            <a href=\"#accordion69f3860434eed\" class=\"accordion-title\">Les personnes aidantes naturelles doivent-elles faire un don pour avoir acc\u00e8s \u00e0 vos programmes et services?<\/a>\n            <div class=\"accordion-content\" data-tab-content id=\"accordion69f3860434eed\">\n                <p>Non, tous les programmes et services de l\u2019OSANO sont accessibles et gratuits pour les personnes aidantes naturelles de l\u2019Ontario. Aucun don n\u2019est exig\u00e9.<\/p>\n            <\/div>\n        <\/li>\n                <li class=\"accordion-item\" data-accordion-item>\n            <a href=\"#accordion69f3860434ef0\" class=\"accordion-title\">Pourquoi la collecte de fonds n\u2019est-elle pas plus importante pour l\u2019organisme?<\/a>\n            <div class=\"accordion-content\" data-tab-content id=\"accordion69f3860434ef0\">\n                <p>L\u2019OSANO a pour mandat d\u2019am\u00e9liorer la vie des personnes aidantes naturelles en Ontario. Avec l\u2019appui du gouvernement de l\u2019Ontario, l\u2019organisme offre des programmes et des services qui soutiennent les personnes aidantes naturelles, notamment des webinaires \u00e9ducatifs, un soutien individuel par les pairs, un soutien collectif par les pairs, une ligne d\u2019assistance pour les personnes aidantes naturelles accessible en tout temps et bien plus encore. L\u2019OSANO continuera de concentrer et d\u2019investir ses ressources sur ces soutiens directs aux personnes aidantes naturelles, tout en explorant les nouvelles possibilit\u00e9s de financement qui se pr\u00e9senteront.<\/p>\n            <\/div>\n        <\/li>\n            <\/ul>\n<\/div>\n","protected":false},"excerpt":{"rendered":"<p>Statut d&rsquo;organisme de bienfaisance L\u2019Organisme de soutien aux aidants naturels de l\u2019Ontario (OSANO) re\u00e7oit souvent des questions de familles qui aimeraient faire un don,..<\/p>\n","protected":false},"author":1,"featured_media":0,"parent":0,"menu_order":0,"comment_status":"closed","ping_status":"closed","template":"","meta":{"_acf_changed":false,"_relevanssi_hide_post":"","_relevanssi_hide_content":"","_relevanssi_pin_for_all":"","_relevanssi_pin_keywords":"","_relevanssi_unpin_keywords":"","_relevanssi_related_keywords":"","_relevanssi_related_include_ids":"","_relevanssi_related_exclude_ids":"","_relevanssi_related_no_append":"","_relevanssi_related_not_related":"","_relevanssi_related_posts":"10340,13087,391,15752,372,3541","_relevanssi_noindex_reason":"","_price":"","_stock":"","_tribe_ticket_header":"","_tribe_default_ticket_provider":"","_tribe_ticket_capacity":"0","_ticket_start_date":"","_ticket_end_date":"","_tribe_ticket_show_description":"","_tribe_ticket_show_not_going":false,"_tribe_ticket_use_global_stock":"","_tribe_ticket_global_stock_level":"","_global_stock_mode":"","_global_stock_cap":"","_tribe_rsvp_for_event":"","_tribe_ticket_going_count":"","_tribe_ticket_not_going_count":"","_tribe_tickets_list":[],"_tribe_ticket_has_attendee_info_fields":false,"footnotes":""},"class_list":["post-18897","page","type-page","status-publish","hentry"],"acf":[],"yoast_head":"<!-- This site is optimized with the Yoast SEO plugin v25.8 - https:\/\/yoast.com\/wordpress\/plugins\/seo\/ -->\n<title>Statut d&#039;organisme de bienfaisance - Organisme de soutien aux aidants naturels de l\u2019Ontario<\/title>\n<meta name=\"robots\" content=\"noindex, follow, max-snippet:-1, max-image-preview:large, max-video-preview:-1\" \/>\n<meta property=\"og:locale\" content=\"fr_FR\" \/>\n<meta property=\"og:type\" content=\"article\" \/>\n<meta property=\"og:title\" content=\"Statut d&#039;organisme de bienfaisance - Organisme de soutien aux aidants naturels de l\u2019Ontario\" \/>\n<meta property=\"og:description\" content=\"Statut d&rsquo;organisme de bienfaisance L\u2019Organisme de soutien aux aidants naturels de l\u2019Ontario (OSANO) re\u00e7oit souvent des questions de familles qui aimeraient faire un don,..\" \/>\n<meta property=\"og:url\" content=\"https:\/\/archive.ontariocaregiver.ca\/fr\/statut-dorganisme-de-bienfaisance\/\" \/>\n<meta property=\"og:site_name\" content=\"Organisme de soutien aux aidants naturels de l\u2019Ontario\" \/>\n<meta property=\"article:modified_time\" content=\"2022-08-30T21:56:18+00:00\" \/>\n<meta name=\"twitter:card\" content=\"summary_large_image\" \/>\n<meta name=\"twitter:label1\" content=\"Dur\u00e9e de lecture estim\u00e9e\" \/>\n\t<meta name=\"twitter:data1\" content=\"1 minute\" \/>\n<script type=\"application\/ld+json\" class=\"yoast-schema-graph\">{\"@context\":\"https:\/\/schema.org\",\"@graph\":[{\"@type\":\"WebPage\",\"@id\":\"https:\/\/archive.ontariocaregiver.ca\/fr\/statut-dorganisme-de-bienfaisance\/\",\"url\":\"https:\/\/archive.ontariocaregiver.ca\/fr\/statut-dorganisme-de-bienfaisance\/\",\"name\":\"Statut d'organisme de bienfaisance - Organisme de soutien aux aidants naturels de l\u2019Ontario\",\"isPartOf\":{\"@id\":\"https:\/\/archive.ontariocaregiver.ca\/fr\/#website\"},\"datePublished\":\"2022-08-30T21:50:51+00:00\",\"dateModified\":\"2022-08-30T21:56:18+00:00\",\"breadcrumb\":{\"@id\":\"https:\/\/archive.ontariocaregiver.ca\/fr\/statut-dorganisme-de-bienfaisance\/#breadcrumb\"},\"inLanguage\":\"fr-FR\",\"potentialAction\":[{\"@type\":\"ReadAction\",\"target\":[\"https:\/\/archive.ontariocaregiver.ca\/fr\/statut-dorganisme-de-bienfaisance\/\"]}]},{\"@type\":\"BreadcrumbList\",\"@id\":\"https:\/\/archive.ontariocaregiver.ca\/fr\/statut-dorganisme-de-bienfaisance\/#breadcrumb\",\"itemListElement\":[{\"@type\":\"ListItem\",\"position\":1,\"name\":\"Page principale\",\"item\":\"https:\/\/archive.ontariocaregiver.ca\/fr\/\"},{\"@type\":\"ListItem\",\"position\":2,\"name\":\"Statut d&#8217;organisme de bienfaisance\"}]},{\"@type\":\"WebSite\",\"@id\":\"https:\/\/archive.ontariocaregiver.ca\/fr\/#website\",\"url\":\"https:\/\/archive.ontariocaregiver.ca\/fr\/\",\"name\":\"Organisme de soutien aux aidants naturels de l\u2019Ontario\",\"description\":\"\",\"potentialAction\":[{\"@type\":\"SearchAction\",\"target\":{\"@type\":\"EntryPoint\",\"urlTemplate\":\"https:\/\/archive.ontariocaregiver.ca\/fr\/?s={search_term_string}\"},\"query-input\":{\"@type\":\"PropertyValueSpecification\",\"valueRequired\":true,\"valueName\":\"search_term_string\"}}],\"inLanguage\":\"fr-FR\"}]}<\/script>\n<!-- \/ Yoast SEO plugin. -->","yoast_head_json":{"title":"Statut d'organisme de bienfaisance - Organisme de soutien aux aidants naturels de l\u2019Ontario","robots":{"index":"noindex","follow":"follow","max-snippet":"max-snippet:-1","max-image-preview":"max-image-preview:large","max-video-preview":"max-video-preview:-1"},"og_locale":"fr_FR","og_type":"article","og_title":"Statut d'organisme de bienfaisance - Organisme de soutien aux aidants naturels de l\u2019Ontario","og_description":"Statut d&rsquo;organisme de bienfaisance L\u2019Organisme de soutien aux aidants naturels de l\u2019Ontario (OSANO) re\u00e7oit souvent des questions de familles qui aimeraient faire un don,..","og_url":"https:\/\/archive.ontariocaregiver.ca\/fr\/statut-dorganisme-de-bienfaisance\/","og_site_name":"Organisme de soutien aux aidants naturels de l\u2019Ontario","article_modified_time":"2022-08-30T21:56:18+00:00","twitter_card":"summary_large_image","twitter_misc":{"Dur\u00e9e de lecture estim\u00e9e":"1 minute"},"schema":{"@context":"https:\/\/schema.org","@graph":[{"@type":"WebPage","@id":"https:\/\/archive.ontariocaregiver.ca\/fr\/statut-dorganisme-de-bienfaisance\/","url":"https:\/\/archive.ontariocaregiver.ca\/fr\/statut-dorganisme-de-bienfaisance\/","name":"Statut d'organisme de bienfaisance - Organisme de soutien aux aidants naturels de l\u2019Ontario","isPartOf":{"@id":"https:\/\/archive.ontariocaregiver.ca\/fr\/#website"},"datePublished":"2022-08-30T21:50:51+00:00","dateModified":"2022-08-30T21:56:18+00:00","breadcrumb":{"@id":"https:\/\/archive.ontariocaregiver.ca\/fr\/statut-dorganisme-de-bienfaisance\/#breadcrumb"},"inLanguage":"fr-FR","potentialAction":[{"@type":"ReadAction","target":["https:\/\/archive.ontariocaregiver.ca\/fr\/statut-dorganisme-de-bienfaisance\/"]}]},{"@type":"BreadcrumbList","@id":"https:\/\/archive.ontariocaregiver.ca\/fr\/statut-dorganisme-de-bienfaisance\/#breadcrumb","itemListElement":[{"@type":"ListItem","position":1,"name":"Page principale","item":"https:\/\/archive.ontariocaregiver.ca\/fr\/"},{"@type":"ListItem","position":2,"name":"Statut d&#8217;organisme de bienfaisance"}]},{"@type":"WebSite","@id":"https:\/\/archive.ontariocaregiver.ca\/fr\/#website","url":"https:\/\/archive.ontariocaregiver.ca\/fr\/","name":"Organisme de soutien aux aidants naturels de l\u2019Ontario","description":"","potentialAction":[{"@type":"SearchAction","target":{"@type":"EntryPoint","urlTemplate":"https:\/\/archive.ontariocaregiver.ca\/fr\/?s={search_term_string}"},"query-input":{"@type":"PropertyValueSpecification","valueRequired":true,"valueName":"search_term_string"}}],"inLanguage":"fr-FR"}]}},"ticketed":false,"_links":{"self":[{"href":"https:\/\/archive.ontariocaregiver.ca\/fr\/wp-json\/wp\/v2\/pages\/18897","targetHints":{"allow":["GET"]}}],"collection":[{"href":"https:\/\/archive.ontariocaregiver.ca\/fr\/wp-json\/wp\/v2\/pages"}],"about":[{"href":"https:\/\/archive.ontariocaregiver.ca\/fr\/wp-json\/wp\/v2\/types\/page"}],"author":[{"embeddable":true,"href":"https:\/\/archive.ontariocaregiver.ca\/fr\/wp-json\/wp\/v2\/users\/1"}],"replies":[{"embeddable":true,"href":"https:\/\/archive.ontariocaregiver.ca\/fr\/wp-json\/wp\/v2\/comments?post=18897"}],"version-history":[{"count":3,"href":"https:\/\/archive.ontariocaregiver.ca\/fr\/wp-json\/wp\/v2\/pages\/18897\/revisions"}],"predecessor-version":[{"id":18900,"href":"https:\/\/archive.ontariocaregiver.ca\/fr\/wp-json\/wp\/v2\/pages\/18897\/revisions\/18900"}],"wp:attachment":[{"href":"https:\/\/archive.ontariocaregiver.ca\/fr\/wp-json\/wp\/v2\/media?parent=18897"}],"curies":[{"name":"wp","href":"https:\/\/api.w.org\/{rel}","templated":true}]}}