{"id":17526,"date":"2022-03-29T11:05:37","date_gmt":"2022-03-29T15:05:37","guid":{"rendered":"https:\/\/archive.ontariocaregiver.ca\/?page_id=17526"},"modified":"2023-04-04T11:01:03","modified_gmt":"2023-04-04T15:01:03","slug":"journee-proches-aidants","status":"publish","type":"page","link":"https:\/\/archive.ontariocaregiver.ca\/fr\/journee-proches-aidants\/","title":{"rendered":"La Journ\u00e9e des proches aidants"},"content":{"rendered":"\n<h1 class=\"wp-block-heading\">4&nbsp;avril 2023&nbsp;: Journ\u00e9e nationale des proches aidants<\/h1>\n\n\n\n<p>L\u2019Ontario compte environ quatre millions de personnes aidantes naturelles qui fournissent environ 75 pour cent des soins dispens\u00e9s dans notre syst\u00e8me de soins de sant\u00e9. Elles jouent un r\u00f4le essentiel en apportant un soutien physique, \u00e9motionnel et mental aux membres de leur famille, \u00e0 leurs partenaires et \u00e0 leurs amis qui en ont besoin. Bien que la plupart des personnes aidantes naturelles per\u00e7oivent leur exp\u00e9rience de fa\u00e7on positive et \u00e9prouvent un sentiment d\u2019accomplissement, les deux tiers d\u2019entre elles admettent qu\u2019elles n\u2019ont pas eu d\u2019autre choix que d\u2019assumer les responsabilit\u00e9s d\u2019aidance naturelle.<\/p>\n\n\n\n<p>\u00c0 l\u2019occasion de la Journ\u00e9e nationale des proches aidants, l\u2019OSANO s\u2019associe \u00e0 la Ville de Toronto et au Toronto Caregiver Collaborative pour remercier les personnes aidantes naturelles et leur faire savoir que nous sommes conscients de leurs besoins, que nous les \u00e9coutons et que nous sommes l\u00e0 pour les aider. Le th\u00e8me de l\u2019\u00e9v\u00e9nement de cette ann\u00e9e est #C\u00e9l\u00e9brerUnAidantNaturel. Nous vous encourageons \u00e0 c\u00e9l\u00e9brer et \u00e0 reconna\u00eetre les personnes aidantes naturelles que vous connaissez. Participez \u00e0 la conversation sur les m\u00e9dias sociaux en utilisant le mot-clic #C\u00e9l\u00e9brerUnAidantNaturel.<\/p>\n\n\n\n<p>Apprenez-en plus sur les ressources disponibles dans la r\u00e9gion de Toronto, par l\u2019interm\u00e9diaire du Caregiver Collaborative. Si vous \u00eates une personne aidante naturelle vivant hors de la r\u00e9gion de Toronto, appelez la <a href=\"https:\/\/archive.ontariocaregiver.ca\/fr\/find-support\/helpline\/\"><strong>ligne d\u2019assistance de l\u2019OSANO<\/strong><\/a> (1.833.416.2273) accessible 24&nbsp;h sur 24 et 7&nbsp;jours sur 7 pour trouver des ressources dans votre communaut\u00e9.<\/p>\n\n\n\n<h2 class=\"wp-block-heading\">\u00c9v\u00e9nement en direct&nbsp;: Journ\u00e9e nationale des proches aidants<\/h2>\n\n\n\n<p>Rejoignez-nous le 4&nbsp;avril \u00e0 l\u2019occasion de la Journ\u00e9e nationale des proches aidants pour c\u00e9l\u00e9brer les personnes aidantes naturelles! Nous organisons un \u00e9v\u00e9nement en direct de 9&nbsp;h \u00e0 10&nbsp;h au cours duquel nous entendrons des t\u00e9moignages de personnes aidantes naturelles sur leur parcours d\u2019aidance naturelle, ainsi que des allocutions de&nbsp;:<\/p>\n\n\n\n<ul class=\"wp-block-list\">\n<li>Jennifer Mckelvie, mairesse adjointe de la ville de Toronto<\/li>\n\n\n\n<li>Amy Coupal, directrice g\u00e9n\u00e9rale de l\u2019Organisme de soutien aux aidants naturels de l\u2019Ontario (l\u2019OSANO)<\/li>\n\n\n\n<li>Samantha Peck, directrice g\u00e9n\u00e9rale de Family Councils Ontario (FCO)<\/li>\n\n\n\n<li>Inscrivez-vous \u00e0 l\u2019\u00e9v\u00e9nement en direct ici (cet \u00e9v\u00e9nement se d\u00e9roulera uniquement en anglais)<\/li>\n<\/ul>\n\n\n\n<div class=\"wp-block-buttons is-layout-flex wp-block-buttons-is-layout-flex\"><\/div>\n\n\n\n<div class=\"wp-block-columns is-layout-flex wp-container-core-columns-is-layout-1 wp-block-columns-is-layout-flex\">\n<div class=\"wp-block-column is-layout-flow wp-block-column-is-layout-flow\">\n<figure class=\"wp-block-image size-medium\"><img loading=\"lazy\" decoding=\"async\" width=\"300\" height=\"89\" src=\"https:\/\/ontariocaregiver.ca\/wp-content\/uploads\/2023\/03\/ontario-caregiver-300x89.png\" alt=\"The Ontario Caregiver Organization\" class=\"wp-image-21547\" srcset=\"https:\/\/ontariocaregiver.ca\/wp-content\/uploads\/2023\/03\/ontario-caregiver-300x89.png 300w, https:\/\/ontariocaregiver.ca\/wp-content\/uploads\/2023\/03\/ontario-caregiver.png 548w\" sizes=\"auto, (max-width: 300px) 100vw, 300px\" \/><\/figure>\n<\/div>\n\n\n\n<div class=\"wp-block-column is-layout-flow wp-block-column-is-layout-flow\">\n<figure class=\"wp-block-image size-medium\"><img loading=\"lazy\" decoding=\"async\" width=\"300\" height=\"91\" src=\"https:\/\/ontariocaregiver.ca\/wp-content\/uploads\/2023\/03\/TO_logo_blue-300x91.png\" alt=\"Toronto\" class=\"wp-image-21536\" srcset=\"https:\/\/ontariocaregiver.ca\/wp-content\/uploads\/2023\/03\/TO_logo_blue-300x91.png 300w, https:\/\/ontariocaregiver.ca\/wp-content\/uploads\/2023\/03\/TO_logo_blue-768x234.png 768w, https:\/\/ontariocaregiver.ca\/wp-content\/uploads\/2023\/03\/TO_logo_blue-700x213.png 700w, https:\/\/ontariocaregiver.ca\/wp-content\/uploads\/2023\/03\/TO_logo_blue-600x183.png 600w, https:\/\/ontariocaregiver.ca\/wp-content\/uploads\/2023\/03\/TO_logo_blue.png 916w\" sizes=\"auto, (max-width: 300px) 100vw, 300px\" \/><\/figure>\n<\/div>\n\n\n\n<div class=\"wp-block-column is-layout-flow wp-block-column-is-layout-flow\">\n<figure class=\"wp-block-image size-full\"><img loading=\"lazy\" decoding=\"async\" width=\"177\" height=\"80\" src=\"https:\/\/ontariocaregiver.ca\/wp-content\/uploads\/2023\/03\/FCO-Logo-Colour-2.png\" alt=\"Family Councils Ontario\" class=\"wp-image-21635\"\/><\/figure>\n<\/div>\n<\/div>\n\n\n\n<p><iframe loading=\"lazy\" title=\"National Caregiver Day - April 4, 2023\" width=\"500\" height=\"281\" src=\"https:\/\/www.youtube.com\/embed\/fB14dGSWBBM?feature=oembed\" frameborder=\"0\" allow=\"accelerometer; autoplay; clipboard-write; encrypted-media; gyroscope; picture-in-picture; web-share\" referrerpolicy=\"strict-origin-when-cross-origin\" allowfullscreen><\/iframe><br>En anglais seulement<\/p>\n\n\n\n<h2 class=\"wp-block-heading\">Comment l\u2019OSANO peut aider les personnes aidantes naturelles<\/h2>\n\n\n\n<p>L\u2019OSANO offre des programmes et des services gratuits a plus de 4&nbsp;millions de personnes aidantes naturelles \u00e0 travers l\u2019Ontario. <\/p>\n\n\n\n<ul class=\"wp-block-list\">\n<li><a href=\"https:\/\/archive.ontariocaregiver.ca\/fr\/programme-ancre-soutien-aux-aidantes-naturelles-pour-favoriser-la-conscience-de-soi-la-reconnaissance-et-leducation\/\">Le programme ANCR\u00c9&nbsp;: enrichir la sant\u00e9 mentale et le bien-\u00eatre des personnes aidantes naturelles<\/a><\/li>\n\n\n\n<li><a href=\"https:\/\/archive.ontariocaregiver.ca\/fr\/pour-aidants-naturels\/soutien-par-les-pairs-en-aidance-naturelle\/soutenir-les-aidants-naturels-pendant-covid-19\/\">Les groupes virtuels de soutien par les pairs<\/a><\/li>\n\n\n\n<li><a href=\"https:\/\/archive.ontariocaregiver.ca\/peersupport\/fr\/trouver-un-mentor\/\">Le Programme de soutien individuel par les pairs<\/a><\/li>\n\n\n\n<li><a href=\"https:\/\/youngcaregiversconnect.ca\/fr\/histoires\/mercadez-une-enfant-plongee-dans-laidance-naturelle\/\" target=\"_blank\" rel=\"noreferrer noopener\">youngcaregiversconnect.ca\/fr\/<\/a><\/li>\n\n\n\n<li><a href=\"https:\/\/archive.ontariocaregiver.ca\/fr\/webinaires-pour-aidants-naturels\/\">Des webinaires \u00e9ducatifs<\/a><\/li>\n<\/ul>\n\n\n\n<h2 class=\"wp-block-heading\">Que puis-je faire pour soutenir les personnes aidantes naturelles?<\/h2>\n\n\n<div id=\"accordion-content-block_da2a721fee35eb559cfae172eb3c6482\" class=\"accordion-wrapper \">\n    <ul class=\"accordion\" data-accordion data-multi-expand=\"true\"  data-allow-all-closed=\"true\" data-deep-link=\"true\" data-update-history=\"true\">\n                <li class=\"accordion-item\" data-accordion-item>\n            <a href=\"#prestataires\" class=\"accordion-title\">\u00cates-vous prestataire de soins de sant\u00e9 ou de services communautaires?<\/a>\n            <div class=\"accordion-content\" data-tab-content id=\"prestataires\">\n                <p>\u2022 Demandez aux personnes aidantes naturelles comment elles vont. Une simple question comme \u00ab Comment vas-tu? \u00bb influence le cours des choses<br \/>\n\u2022 Reconnaissez et impliquez les personnes aidantes naturelles en tant que partenaires essentiels en mati\u00e8re de soins; faites-les participer \u00e0 la prise de d\u00e9cisions et fournissez-leur l\u2019information dont elles ont besoin pour r\u00e9ussir. Du mieux possible, expliquez-leur ce \u00e0 quoi elles peuvent s\u2019attendre<br \/>\n\u2022 Consultez les ressources sur notre site Web en appui \u00e0 l\u2019engagement significatif des personnes aidantes naturelles et nos Ressources pour les prestataires de soins de sant\u00e9 : bo\u00eete \u00e0 outils relative aux partenaires de soins cr\u00e9\u00e9 de concert avec des prestataires de soins de sant\u00e9 et des personnes aidantes naturelles pour aider \u00e0 soutenir les environnements d\u2019acc\u00e8s aux soins<br \/>\n\u2022 Effectuez nos modules d\u2019apprentissage en ligne \u00e0 l\u2019intention des prestataires de soins de sant\u00e9, qui \u00e9tablit les bases d\u2019une culture de partenariat en mati\u00e8re de soins<br \/>\n\u2022 Consultez notre page consacr\u00e9e aux prestataires pour trouver plus de ressources d\u00e9di\u00e9es aux prestataires de soins<br \/>\n\u2022 Collaborez avec nous sur les fa\u00e7ons dont nous pouvons appuyer votre organisme en impliquant les personnes aidantes naturelles en tant que partenaires<br \/>\n\u2022 R\u00e9f\u00e9rez les personnes aidantes naturelles vers l\u2019Organisme de soutien aux aidants naturels de l\u2019Ontario pour qu\u2019elles aient acc\u00e8s \u00e0 des programmes et des mesures de soutien \u00e0 <a href=\"https:\/\/archive.ontariocaregiver.ca\/fr\/\" target=\"_blank\" rel=\"noopener\">ontariocaregiver.ca\/fr\/<\/a><br \/>\n\u2022 Orientez les personnes aidantes naturelles vers la Ligne d\u2019assistance de l\u2019Organisme de soutien aux aidants naturels de l\u2019Ontario ouverte en tout temps. Elles peuvent composer le 1 833 416-2273 (CARE) pour obtenir des ressources dans leur r\u00e9gion<\/p>\n            <\/div>\n        <\/li>\n                <li class=\"accordion-item\" data-accordion-item>\n            <a href=\"#employeur\" class=\"accordion-title\">\u00cates-vous un employeur?<\/a>\n            <div class=\"accordion-content\" data-tab-content id=\"employeur\">\n                <p>\u2022 Mobilisez vos employ\u00e9s afin d\u2019identifier les personnes aidantes<br \/>\nnaturelles dans votre organisme et d\u00e9terminez ce dont elles<br \/>\nont besoin pour les aider \u00e0 concilier leurs responsabilit\u00e9s<br \/>\nprofessionnelles avec l\u2019aidance naturelle<br \/>\n\u2022 Cr\u00e9ez un lieu de travail favorable aux personnes aidantes<br \/>\nnaturelles en faisant la d\u00e9monstration de votre engagement \u00e0<br \/>\nleur \u00e9gard par l\u2019entremise de politiques am\u00e9lior\u00e9es en mati\u00e8re de<br \/>\nressources humaines, en menant des discussions accueillantes et<br \/>\nen offrant des conditions de travail plus souples<br \/>\n\u2022 Travaillez de concert avec l\u2019Organisme de soutien aux aidants<br \/>\nnaturels de l\u2019Ontario afin d\u2019offrir des s\u00e9ances de formation et<br \/>\nd\u2019information \u00e0 vos gestionnaires et votre personnel<br \/>\n\u2022 Consultez nos Outils pour les employeurs et notre Biblioth\u00e8que<br \/>\nd\u2019apprentissage en ligne pour les employeurs pour d\u00e9terminer<br \/>\nquelles strat\u00e9gies peuvent \u00eatre appliqu\u00e9es dans votre milieu de<br \/>\ntravail<br \/>\n\u2022 Partagez avec votre personnel de l\u2019information au sujet de<br \/>\nl\u2019Organisme de soutien aux aidants naturels de l\u2019Ontario et<br \/>\nde notre ligne d\u2019assistance 24\/7 accessible en tout temps en<br \/>\ncomposant le 1 833 416-2273, et orientez votre \u00e9quipe vers des<br \/>\nressources \u00e0 l\u2019adresse ontariocaregiver.ca\/fr\/, dont le Programme<br \/>\nindividuel de soutien par les pairs et des webinaires \u00e9ducatifs<br \/>\n\u2022 Veillez \u00e0 ce que votre personnel ait acc\u00e8s \u00e0 l\u2019information de votre<br \/>\nprogramme d\u2019aide aux employ\u00e9s.<br \/>\n\u2022 Les situations d\u2019aidance naturelle peuvent changer au fil du<br \/>\ntemps. Parlez \u00e0 vos employ\u00e9s, demandez-leur comment ils vont,<br \/>\ncela peut avoir des effets r\u00e9els.<\/p>\n            <\/div>\n        <\/li>\n                <li class=\"accordion-item\" data-accordion-item>\n            <a href=\"#education\" class=\"accordion-title\">\u00cates-vous dans le secteur de l\u2019\u00e9ducation?<\/a>\n            <div class=\"accordion-content\" data-tab-content id=\"education\">\n                <p>\u2022 Les personnes aidantes naturelles comptent aussi des enfants<br \/>\net des jeunes. Identifiez les jeunes aidants naturels dans votre<br \/>\nclasse. Demandez-leur comment ils vont. Vous pouvez faire une<br \/>\ndiff\u00e9rence<br \/>\n\u2022 Offrez des mesures raisonnables d\u2019adaptation \u00e0 vos \u00e9l\u00e8ves<br \/>\nqui sont en situation d\u2019aidance naturelle. Des \u00e9ch\u00e9ances plus<br \/>\nsouples, des le\u00e7ons enregistr\u00e9es et du soutien \u00e0 la prise de notes<br \/>\npeuvent aider ces \u00e9l\u00e8ves \u00e0 rester \u00e0 jour avec leurs responsabilit\u00e9s<br \/>\n\u00e9ducatives, tout en conciliant leurs responsabilit\u00e9s d\u2019aidance<br \/>\nnaturelle<br \/>\n\u2022 Orientez les jeunes aidants naturels vers<br \/>\n<a href=\"http:\/\/youngcaregiversconnect.ca\/fr\/\" target=\"_blank\" rel=\"noopener\">http:\/\/youngcaregiversconnect.ca\/fr\/<\/a> et l\u2019Organisme de soutien<br \/>\naux aidants naturels de l\u2019Ontario, o\u00f9 ils peuvent acc\u00e9der \u00e0 de<br \/>\nl\u2019information, des programmes et des mesures de soutien, dont<br \/>\nle Programme individuel de soutien par les pairs<\/p>\n            <\/div>\n        <\/li>\n                <li class=\"accordion-item\" data-accordion-item>\n            <a href=\"#entourage\" class=\"accordion-title\">\u00cates-vous une amie ou un ami, une voisine ou un voisin?<\/a>\n            <div class=\"accordion-content\" data-tab-content id=\"entourage\">\n                <p>\u2022 Demandez aux personnes aidantes naturelles comment<br \/>\nelles vont. Il s\u2019agit d\u2019une chose simple qui fait une diff\u00e9rence<br \/>\nconsid\u00e9rable<br \/>\n\u2022 Parlez aux personnes aidantes naturelles de l\u2019Organisme de<br \/>\nsoutien aux aidants naturels de l\u2019Ontario et de nos ressources et<br \/>\nprogrammes qui pourraient les aider<br \/>\n\u2022 Sugg\u00e9rez une id\u00e9e qui pourrait faciliter des choses pour la<br \/>\npersonne aidante naturelle. Les personnes aidantes naturelles<br \/>\nsont r\u00e9ticentes \u00e0 accepter de l\u2019aide, ainsi plut\u00f4t que de<br \/>\ndemander ce que vous pouvez faire pour aider, faites des<br \/>\nsuggestions concr\u00e8tes<\/p>\n            <\/div>\n        <\/li>\n            <\/ul>\n<\/div>\n","protected":false},"excerpt":{"rendered":"<p>4&nbsp;avril 2023&nbsp;: Journ\u00e9e nationale des proches aidants L\u2019Ontario compte environ quatre millions de personnes aidantes naturelles qui fournissent environ 75 pour cent des soins..<\/p>\n","protected":false},"author":7,"featured_media":21621,"parent":0,"menu_order":0,"comment_status":"closed","ping_status":"closed","template":"","meta":{"_acf_changed":false,"_relevanssi_hide_post":"","_relevanssi_hide_content":"","_relevanssi_pin_for_all":"","_relevanssi_pin_keywords":"","_relevanssi_unpin_keywords":"","_relevanssi_related_keywords":"","_relevanssi_related_include_ids":"","_relevanssi_related_exclude_ids":"","_relevanssi_related_no_append":"","_relevanssi_related_not_related":"","_relevanssi_related_posts":"10346,10342,10350,8416,12350,16534","_relevanssi_noindex_reason":"","_price":"","_stock":"","_tribe_ticket_header":"","_tribe_default_ticket_provider":"","_tribe_ticket_capacity":"0","_ticket_start_date":"","_ticket_end_date":"","_tribe_ticket_show_description":"","_tribe_ticket_show_not_going":false,"_tribe_ticket_use_global_stock":"","_tribe_ticket_global_stock_level":"","_global_stock_mode":"","_global_stock_cap":"","_tribe_rsvp_for_event":"","_tribe_ticket_going_count":"","_tribe_ticket_not_going_count":"","_tribe_tickets_list":[],"_tribe_ticket_has_attendee_info_fields":false,"footnotes":""},"class_list":["post-17526","page","type-page","status-publish","has-post-thumbnail","hentry"],"acf":[],"yoast_head":"<!-- This site is optimized with the Yoast SEO plugin v25.8 - https:\/\/yoast.com\/wordpress\/plugins\/seo\/ -->\n<title>La Journ\u00e9e des proches aidants - Organisme de soutien aux aidants naturels de l\u2019Ontario<\/title>\n<meta name=\"robots\" content=\"noindex, follow, max-snippet:-1, max-image-preview:large, max-video-preview:-1\" \/>\n<meta property=\"og:locale\" content=\"fr_FR\" \/>\n<meta property=\"og:type\" content=\"article\" \/>\n<meta property=\"og:title\" content=\"La Journ\u00e9e des proches aidants - Organisme de soutien aux aidants naturels de l\u2019Ontario\" \/>\n<meta property=\"og:description\" content=\"4&nbsp;avril 2023&nbsp;: Journ\u00e9e nationale des proches aidants L\u2019Ontario compte environ quatre millions de personnes aidantes naturelles qui fournissent environ 75 pour cent des soins..\" \/>\n<meta property=\"og:url\" content=\"https:\/\/archive.ontariocaregiver.ca\/fr\/journee-proches-aidants\/\" \/>\n<meta property=\"og:site_name\" content=\"Organisme de soutien aux aidants naturels de l\u2019Ontario\" \/>\n<meta property=\"article:modified_time\" content=\"2023-04-04T15:01:03+00:00\" \/>\n<meta property=\"og:image\" content=\"https:\/\/ontariocaregiver.ca\/wp-content\/uploads\/2023\/03\/banner-3.jpg\" \/>\n\t<meta property=\"og:image:width\" content=\"1340\" \/>\n\t<meta property=\"og:image:height\" content=\"400\" \/>\n\t<meta property=\"og:image:type\" content=\"image\/jpeg\" \/>\n<meta name=\"twitter:card\" content=\"summary_large_image\" \/>\n<meta name=\"twitter:label1\" content=\"Dur\u00e9e de lecture estim\u00e9e\" \/>\n\t<meta name=\"twitter:data1\" content=\"3 minutes\" \/>\n<script type=\"application\/ld+json\" class=\"yoast-schema-graph\">{\"@context\":\"https:\/\/schema.org\",\"@graph\":[{\"@type\":\"WebPage\",\"@id\":\"https:\/\/archive.ontariocaregiver.ca\/fr\/journee-proches-aidants\/\",\"url\":\"https:\/\/archive.ontariocaregiver.ca\/fr\/journee-proches-aidants\/\",\"name\":\"La Journ\u00e9e des proches aidants - Organisme de soutien aux aidants naturels de l\u2019Ontario\",\"isPartOf\":{\"@id\":\"https:\/\/archive.ontariocaregiver.ca\/fr\/#website\"},\"primaryImageOfPage\":{\"@id\":\"https:\/\/archive.ontariocaregiver.ca\/fr\/journee-proches-aidants\/#primaryimage\"},\"image\":{\"@id\":\"https:\/\/archive.ontariocaregiver.ca\/fr\/journee-proches-aidants\/#primaryimage\"},\"thumbnailUrl\":\"https:\/\/ontariocaregiver.ca\/wp-content\/uploads\/2023\/03\/banner-3.jpg\",\"datePublished\":\"2022-03-29T15:05:37+00:00\",\"dateModified\":\"2023-04-04T15:01:03+00:00\",\"breadcrumb\":{\"@id\":\"https:\/\/archive.ontariocaregiver.ca\/fr\/journee-proches-aidants\/#breadcrumb\"},\"inLanguage\":\"fr-FR\",\"potentialAction\":[{\"@type\":\"ReadAction\",\"target\":[\"https:\/\/archive.ontariocaregiver.ca\/fr\/journee-proches-aidants\/\"]}]},{\"@type\":\"ImageObject\",\"inLanguage\":\"fr-FR\",\"@id\":\"https:\/\/archive.ontariocaregiver.ca\/fr\/journee-proches-aidants\/#primaryimage\",\"url\":\"https:\/\/ontariocaregiver.ca\/wp-content\/uploads\/2023\/03\/banner-3.jpg\",\"contentUrl\":\"https:\/\/ontariocaregiver.ca\/wp-content\/uploads\/2023\/03\/banner-3.jpg\",\"width\":1340,\"height\":400,\"caption\":\"National Caregiver Day\"},{\"@type\":\"BreadcrumbList\",\"@id\":\"https:\/\/archive.ontariocaregiver.ca\/fr\/journee-proches-aidants\/#breadcrumb\",\"itemListElement\":[{\"@type\":\"ListItem\",\"position\":1,\"name\":\"Page principale\",\"item\":\"https:\/\/archive.ontariocaregiver.ca\/fr\/\"},{\"@type\":\"ListItem\",\"position\":2,\"name\":\"La Journ\u00e9e des proches aidants\"}]},{\"@type\":\"WebSite\",\"@id\":\"https:\/\/archive.ontariocaregiver.ca\/fr\/#website\",\"url\":\"https:\/\/archive.ontariocaregiver.ca\/fr\/\",\"name\":\"Organisme de soutien aux aidants naturels de l\u2019Ontario\",\"description\":\"\",\"potentialAction\":[{\"@type\":\"SearchAction\",\"target\":{\"@type\":\"EntryPoint\",\"urlTemplate\":\"https:\/\/archive.ontariocaregiver.ca\/fr\/?s={search_term_string}\"},\"query-input\":{\"@type\":\"PropertyValueSpecification\",\"valueRequired\":true,\"valueName\":\"search_term_string\"}}],\"inLanguage\":\"fr-FR\"}]}<\/script>\n<!-- \/ Yoast SEO plugin. -->","yoast_head_json":{"title":"La Journ\u00e9e des proches aidants - Organisme de soutien aux aidants naturels de l\u2019Ontario","robots":{"index":"noindex","follow":"follow","max-snippet":"max-snippet:-1","max-image-preview":"max-image-preview:large","max-video-preview":"max-video-preview:-1"},"og_locale":"fr_FR","og_type":"article","og_title":"La Journ\u00e9e des proches aidants - Organisme de soutien aux aidants naturels de l\u2019Ontario","og_description":"4&nbsp;avril 2023&nbsp;: Journ\u00e9e nationale des proches aidants L\u2019Ontario compte environ quatre millions de personnes aidantes naturelles qui fournissent environ 75 pour cent des soins..","og_url":"https:\/\/archive.ontariocaregiver.ca\/fr\/journee-proches-aidants\/","og_site_name":"Organisme de soutien aux aidants naturels de l\u2019Ontario","article_modified_time":"2023-04-04T15:01:03+00:00","og_image":[{"width":1340,"height":400,"url":"https:\/\/ontariocaregiver.ca\/wp-content\/uploads\/2023\/03\/banner-3.jpg","type":"image\/jpeg"}],"twitter_card":"summary_large_image","twitter_misc":{"Dur\u00e9e de lecture estim\u00e9e":"3 minutes"},"schema":{"@context":"https:\/\/schema.org","@graph":[{"@type":"WebPage","@id":"https:\/\/archive.ontariocaregiver.ca\/fr\/journee-proches-aidants\/","url":"https:\/\/archive.ontariocaregiver.ca\/fr\/journee-proches-aidants\/","name":"La Journ\u00e9e des proches aidants - Organisme de soutien aux aidants naturels de l\u2019Ontario","isPartOf":{"@id":"https:\/\/archive.ontariocaregiver.ca\/fr\/#website"},"primaryImageOfPage":{"@id":"https:\/\/archive.ontariocaregiver.ca\/fr\/journee-proches-aidants\/#primaryimage"},"image":{"@id":"https:\/\/archive.ontariocaregiver.ca\/fr\/journee-proches-aidants\/#primaryimage"},"thumbnailUrl":"https:\/\/ontariocaregiver.ca\/wp-content\/uploads\/2023\/03\/banner-3.jpg","datePublished":"2022-03-29T15:05:37+00:00","dateModified":"2023-04-04T15:01:03+00:00","breadcrumb":{"@id":"https:\/\/archive.ontariocaregiver.ca\/fr\/journee-proches-aidants\/#breadcrumb"},"inLanguage":"fr-FR","potentialAction":[{"@type":"ReadAction","target":["https:\/\/archive.ontariocaregiver.ca\/fr\/journee-proches-aidants\/"]}]},{"@type":"ImageObject","inLanguage":"fr-FR","@id":"https:\/\/archive.ontariocaregiver.ca\/fr\/journee-proches-aidants\/#primaryimage","url":"https:\/\/ontariocaregiver.ca\/wp-content\/uploads\/2023\/03\/banner-3.jpg","contentUrl":"https:\/\/ontariocaregiver.ca\/wp-content\/uploads\/2023\/03\/banner-3.jpg","width":1340,"height":400,"caption":"National Caregiver Day"},{"@type":"BreadcrumbList","@id":"https:\/\/archive.ontariocaregiver.ca\/fr\/journee-proches-aidants\/#breadcrumb","itemListElement":[{"@type":"ListItem","position":1,"name":"Page principale","item":"https:\/\/archive.ontariocaregiver.ca\/fr\/"},{"@type":"ListItem","position":2,"name":"La Journ\u00e9e des proches aidants"}]},{"@type":"WebSite","@id":"https:\/\/archive.ontariocaregiver.ca\/fr\/#website","url":"https:\/\/archive.ontariocaregiver.ca\/fr\/","name":"Organisme de soutien aux aidants naturels de l\u2019Ontario","description":"","potentialAction":[{"@type":"SearchAction","target":{"@type":"EntryPoint","urlTemplate":"https:\/\/archive.ontariocaregiver.ca\/fr\/?s={search_term_string}"},"query-input":{"@type":"PropertyValueSpecification","valueRequired":true,"valueName":"search_term_string"}}],"inLanguage":"fr-FR"}]}},"ticketed":false,"_links":{"self":[{"href":"https:\/\/archive.ontariocaregiver.ca\/fr\/wp-json\/wp\/v2\/pages\/17526","targetHints":{"allow":["GET"]}}],"collection":[{"href":"https:\/\/archive.ontariocaregiver.ca\/fr\/wp-json\/wp\/v2\/pages"}],"about":[{"href":"https:\/\/archive.ontariocaregiver.ca\/fr\/wp-json\/wp\/v2\/types\/page"}],"author":[{"embeddable":true,"href":"https:\/\/archive.ontariocaregiver.ca\/fr\/wp-json\/wp\/v2\/users\/7"}],"replies":[{"embeddable":true,"href":"https:\/\/archive.ontariocaregiver.ca\/fr\/wp-json\/wp\/v2\/comments?post=17526"}],"version-history":[{"count":18,"href":"https:\/\/archive.ontariocaregiver.ca\/fr\/wp-json\/wp\/v2\/pages\/17526\/revisions"}],"predecessor-version":[{"id":21694,"href":"https:\/\/archive.ontariocaregiver.ca\/fr\/wp-json\/wp\/v2\/pages\/17526\/revisions\/21694"}],"wp:featuredmedia":[{"embeddable":true,"href":"https:\/\/archive.ontariocaregiver.ca\/fr\/wp-json\/wp\/v2\/media\/21621"}],"wp:attachment":[{"href":"https:\/\/archive.ontariocaregiver.ca\/fr\/wp-json\/wp\/v2\/media?parent=17526"}],"curies":[{"name":"wp","href":"https:\/\/api.w.org\/{rel}","templated":true}]}}