{"id":16564,"date":"2022-03-07T15:14:16","date_gmt":"2022-03-07T20:14:16","guid":{"rendered":"https:\/\/archive.ontariocaregiver.ca\/?page_id=16564"},"modified":"2022-03-07T16:37:39","modified_gmt":"2022-03-07T21:37:39","slug":"epilepsy","status":"publish","type":"page","link":"https:\/\/archive.ontariocaregiver.ca\/fr\/pour-aidants-naturels\/prestations-de-soins\/epilepsy\/","title":{"rendered":"L&rsquo;\u00e9pilepsie"},"content":{"rendered":"\n<h1 class=\"wp-block-heading\"><strong>Je m\u2019occupe d\u2019une personne atteinte d\u2019\u00e9pilepsie<\/strong><\/h1>\n\n\n\n<p>L&rsquo;\u00e9pilepsie est une maladie neurologique qui se caract\u00e9rise par des crises r\u00e9currentes ou multiples. En Ontario, <a href=\"https:\/\/www.ottawahospital.on.ca\/fr\/services-cliniques\/deptpgrmcs\/programmes\/epilepsie\/quest-ce-que-lepilepsie\/#:~:text=L'%C3%A9pilepsie%20est%20une%20maladie,parfois%20aussi%20de%20trouble%20%C3%A9pileptique.\">environ une personne sur cent est atteinte d&rsquo;\u00e9pilepsie<\/a>. Bien que l\u2019\u00e9pilepsie puisse atteindre toute personne, elle commence le plus souvent pendant l&rsquo;enfance ou pendant les derni\u00e8res ann\u00e9es de vie. Les personnes aidantes naturelles jouent un r\u00f4le essentiel pour assurer le bien-\u00eatre physique et \u00e9motionnel d&rsquo;une personne \u00e9pileptique. Les ressources et les conseils suivant peuvent vous \u00eatre utiles afin de mieux aider une personne atteinte d&rsquo;\u00e9pilepsie.<\/p>\n\n\n\n<h2 class=\"wp-block-heading\"><strong>Ce que les personnes aidantes naturelles peuvent faire<\/strong><strong><\/strong><\/h2>\n\n\n\n<p>Les personnes \u00e9pileptiques peuvent \u00eatre \u00e0 plus grand risque de se blesser. Voici quelques fa\u00e7ons que vous pouvez r\u00e9duire les risques et am\u00e9liorer le bien-\u00eatre de la personne que vous aidez :&nbsp;<\/p>\n\n\n\n<ul class=\"wp-block-list\"><li><a href=\"https:\/\/www.canadianepilepsyalliance.org\/a-propos-de-lepilepsie\/?lang=fr\" target=\"_blank\" rel=\"noreferrer noopener\">Comprendre les types et les sympt\u00f4mes des crises d&rsquo;\u00e9pilepsie<\/a><\/li><li><a href=\"https:\/\/www.canadianepilepsyalliance.org\/a-propos-de-lepilepsie\/securite\/securite-generale\/?lang=fr\" target=\"_blank\" rel=\"noreferrer noopener\">Maintenir un milieu rassurant<\/a><\/li><li><a href=\"https:\/\/www.canadianepilepsyalliance.org\/a-propos-de-lepilepsie\/vivant-avec-lepilepsie\/?lang=fr\" target=\"_blank\" rel=\"noreferrer noopener\">Encourager le bien-\u00eatre<\/a><\/li><li><a href=\"https:\/\/www.canadianepilepsyalliance.org\/a-propos-de-lepilepsie\/options-therapeutiques\/?lang=fr\" target=\"_blank\" rel=\"noreferrer noopener\">Travaillez avec l&rsquo;\u00e9quipe de soins de sant\u00e9<\/a><\/li><\/ul>\n\n\n\n<h2 class=\"wp-block-heading\"><strong>Soutenir une personne \u00e9pileptique<\/strong><strong><\/strong><\/h2>\n\n\n\n<p>Une personne \u00e9pileptique peut vivre une gamme d&rsquo;\u00e9motions telles que la col\u00e8re, la frustration et la d\u00e9pression. En tant que personne aidante naturelle, il est important de comprendre que les changements d&rsquo;humeur peuvent \u00eatre un effet secondaire des m\u00e9dicaments contre les crises, ou que la personne peut avoir un comportement n\u00e9gatif en cons\u00e9quence.<\/p>\n\n\n\n<p>Se doter de patience, encourager la personne \u00e0 exprimer ses sentiments et noter les changements de comportement pour pouvoir les communiquer au m\u00e9decin, sont parmi les moyens utiles qui peuvent encourager le bien-\u00eatre.<\/p>\n\n\n\n<h2 class=\"wp-block-heading\"><strong>Surveiller et g\u00e9rer les crises<\/strong><\/h2>\n\n\n\n<p>Vous pouvez soutenir la personne dont vous vous occupez en :<\/p>\n\n\n\n<ul class=\"wp-block-list\"><li><a href=\"https:\/\/www.groupeproxim.ca\/fr\/article\/epilepsie#section5\" target=\"_blank\" rel=\"noreferrer noopener\">Identifiant et \u00e9vitant les d\u00e9clencheurs de crises<\/a> tels que l&rsquo;oubli de m\u00e9dicaments, les sources lumineuses vacillantes ou la consommation excessive d&rsquo;alcool.<\/li><li>Vous renseignant davantage sur <a href=\"https:\/\/www.canadianepilepsyalliance.org\/a-propos-de-lepilepsie\/securite\/premier-soins\/?lang=fr\" target=\"_blank\" rel=\"noreferrer noopener\">les premiers secours en cas d&rsquo;\u00e9pilepsie et de crises<\/a><\/li><\/ul>\n\n\n\n<h2 class=\"wp-block-heading\"><strong>Conseils pour les personnes aidantes naturelles<\/strong><strong><\/strong><\/h2>\n\n\n\n<ul class=\"wp-block-list\"><li>Soyez patient. Acceptez vos limites et <a href=\"https:\/\/archive.ontariocaregiver.ca\/fr\/pour-aidants-naturels\/\" target=\"_blank\" rel=\"noreferrer noopener\">rejoignez l&rsquo;un de nos programmes<\/a> si vous avez besoin d&rsquo;aide.<\/li><li>Surveillez les sympt\u00f4mes du <a href=\"https:\/\/ontariocaregiver.ca\/wp-content\/uploads\/2022\/03\/TIEA1C_1.pdf\" target=\"_blank\" rel=\"noreferrer noopener\">stress d&rsquo;aidance naturelle<\/a>, comme les troubles du sommeil, les maux de t\u00eate, l&rsquo;irritabilit\u00e9 et le repli sur soi. Un sommeil ad\u00e9quat, l&rsquo;exercice physique et une alimentation appropri\u00e9e peuvent tous contribuer \u00e0 r\u00e9duire votre stress.<\/li><li>Rejoignez un groupe de soutien ou connectez-vous avec vos pairs. Contactez votre <a href=\"https:\/\/www.canadianepilepsyalliance.org\/trouvez-votre-bureau-local\/?lang=fr\">asso<\/a><a href=\"https:\/\/www.canadianepilepsyalliance.org\/trouvez-votre-bureau-local\/?lang=fr\" target=\"_blank\" rel=\"noreferrer noopener\">c<\/a><a href=\"https:\/\/www.canadianepilepsyalliance.org\/trouvez-votre-bureau-local\/?lang=fr\">iation locale d&rsquo;\u00e9pilepsie<\/a> ou renseignez-vous sur <a href=\"https:\/\/archive.ontariocaregiver.ca\/fr\/pour-aidants-naturels\/soutien-par-les-pairs-en-aidance-naturelle\/\" target=\"_blank\" rel=\"noreferrer noopener\">les programmes de soutien par les pairs<\/a> de l&rsquo;OSANO.<\/li><li><a href=\"http:\/\/www.associationquebecoiseepilepsie.com\/quest-ce-que-lepilepsie\/vivre-avec-lepilepsie\/\">D\u00e9couvrez<\/a> comment les parents, les fr\u00e8res et s\u0153urs et les grands-parents peuvent aider une personne \u00e9pileptique.<\/li><\/ul>\n\n\n\n<h2 class=\"wp-block-heading\">Ressources suppl\u00e9mentaires&nbsp;:<\/h2>\n\n\n\n<ul class=\"wp-block-list\"><li>Connectez-vous avec <a href=\"https:\/\/www.epilepsyfr.ca\/\" target=\"_blank\" rel=\"noreferrer noopener\">\u00c9pilepsie Canada<\/a> et <a href=\"https:\/\/epilepsyontario.org\/\" target=\"_blank\" rel=\"noreferrer noopener\">Epilepsy Ontario<\/a> <em>(en anglais seulement)<\/em> pour des ressources et du soutien suppl\u00e9mentaires.<\/li><li>Visitez <a href=\"https:\/\/epilepsysco.org\/about\/contact-us\/\" target=\"_blank\" rel=\"noreferrer noopener\">Epilepsy South Central Ontario<\/a> <em>(en anglais seulement)<\/em> pour des ressources et du soutien suppl\u00e9mentaires ou t\u00e9l\u00e9phonez au 905-450-1900.<\/li><li>Visitez <a href=\"https:\/\/epilepsytoronto.org\/\" target=\"_blank\" rel=\"noreferrer noopener\">Epilepsy Toronto<\/a> <em>(en anglais seulement)<\/em> pour des ressources et du soutien suppl\u00e9mentaires ou t\u00e9l\u00e9phonez au 416-964-9095.<\/li><\/ul>\n\n\n\n<p>Vous ne savez pas par o\u00f9 commencer? T\u00e9l\u00e9phonez notre <a href=\"https:\/\/archive.ontariocaregiver.ca\/fr\/trouverdusoutien\/ligne-dassistance\/\" target=\"_blank\" rel=\"noreferrer noopener\">ligne d&rsquo;assistance<\/a> 24\/7 d&rsquo;aidance naturelle au 1-833-416-2273 (CARE), ou parlez-nous dans notre chat en direct pour trouver des ressources dans votre communaut\u00e9.<\/p>\n\n\n\n<p>Sources&nbsp;:<\/p>\n\n\n\n<p><a href=\"https:\/\/ontarioepilepsyguidelines.ca\/guidelines-summary-paf\/\">https:\/\/ontarioepilepsyguidelines.ca\/guidelines-summary-paf\/<\/a><\/p>\n\n\n\n<p><a href=\"https:\/\/www.edmontonepilepsy.org\/wp-content\/uploads\/2020\/07\/documents\/Epilepsy%20-%20Guide%20For%20Professionals%20&amp;%20Caregivers.pdf\">https:\/\/www.edmontonepilepsy.org\/wp-content\/uploads\/2020\/07\/documents\/Epilepsy%20-%20Guide%20For%20Professionals%20&amp;%20Caregivers.pdf<\/a><\/p>\n","protected":false},"excerpt":{"rendered":"<p>Je m\u2019occupe d\u2019une personne atteinte d\u2019\u00e9pilepsie L&rsquo;\u00e9pilepsie est une maladie neurologique qui se caract\u00e9rise par des crises r\u00e9currentes ou multiples. En Ontario, environ une..<\/p>\n","protected":false},"author":7,"featured_media":16559,"parent":12219,"menu_order":0,"comment_status":"closed","ping_status":"closed","template":"","meta":{"_acf_changed":false,"_relevanssi_hide_post":"","_relevanssi_hide_content":"","_relevanssi_pin_for_all":"","_relevanssi_pin_keywords":"","_relevanssi_unpin_keywords":"","_relevanssi_related_keywords":"","_relevanssi_related_include_ids":"","_relevanssi_related_exclude_ids":"","_relevanssi_related_no_append":"","_relevanssi_related_not_related":"","_relevanssi_related_posts":"13091,10342,12694,9322,9320,7429","_relevanssi_noindex_reason":"","_price":"","_stock":"","_tribe_ticket_header":"","_tribe_default_ticket_provider":"","_tribe_ticket_capacity":"0","_ticket_start_date":"","_ticket_end_date":"","_tribe_ticket_show_description":"","_tribe_ticket_show_not_going":false,"_tribe_ticket_use_global_stock":"","_tribe_ticket_global_stock_level":"","_global_stock_mode":"","_global_stock_cap":"","_tribe_rsvp_for_event":"","_tribe_ticket_going_count":"","_tribe_ticket_not_going_count":"","_tribe_tickets_list":[],"_tribe_ticket_has_attendee_info_fields":false,"footnotes":""},"class_list":["post-16564","page","type-page","status-publish","has-post-thumbnail","hentry"],"acf":[],"yoast_head":"<!-- This site is optimized with the Yoast SEO plugin v25.8 - https:\/\/yoast.com\/wordpress\/plugins\/seo\/ -->\n<title>L&#039;\u00e9pilepsie - Organisme de soutien aux aidants naturels de l\u2019Ontario<\/title>\n<meta name=\"robots\" content=\"noindex, follow, max-snippet:-1, max-image-preview:large, max-video-preview:-1\" \/>\n<meta property=\"og:locale\" content=\"fr_FR\" \/>\n<meta property=\"og:type\" content=\"article\" \/>\n<meta property=\"og:title\" content=\"L&#039;\u00e9pilepsie - Organisme de soutien aux aidants naturels de l\u2019Ontario\" \/>\n<meta property=\"og:description\" content=\"Je m\u2019occupe d\u2019une personne atteinte d\u2019\u00e9pilepsie L&rsquo;\u00e9pilepsie est une maladie neurologique qui se caract\u00e9rise par des crises r\u00e9currentes ou multiples. En Ontario, environ une..\" \/>\n<meta property=\"og:url\" content=\"https:\/\/archive.ontariocaregiver.ca\/fr\/pour-aidants-naturels\/prestations-de-soins\/epilepsy\/\" \/>\n<meta property=\"og:site_name\" content=\"Organisme de soutien aux aidants naturels de l\u2019Ontario\" \/>\n<meta property=\"article:modified_time\" content=\"2022-03-07T21:37:39+00:00\" \/>\n<meta property=\"og:image\" content=\"https:\/\/ontariocaregiver.ca\/wp-content\/uploads\/2022\/03\/iStock-649645614.jpg\" \/>\n\t<meta property=\"og:image:width\" content=\"2270\" \/>\n\t<meta property=\"og:image:height\" content=\"1321\" \/>\n\t<meta property=\"og:image:type\" content=\"image\/jpeg\" \/>\n<meta name=\"twitter:card\" content=\"summary_large_image\" \/>\n<meta name=\"twitter:label1\" content=\"Dur\u00e9e de lecture estim\u00e9e\" \/>\n\t<meta name=\"twitter:data1\" content=\"3 minutes\" \/>\n<script type=\"application\/ld+json\" class=\"yoast-schema-graph\">{\"@context\":\"https:\/\/schema.org\",\"@graph\":[{\"@type\":\"WebPage\",\"@id\":\"https:\/\/archive.ontariocaregiver.ca\/fr\/pour-aidants-naturels\/prestations-de-soins\/epilepsy\/\",\"url\":\"https:\/\/archive.ontariocaregiver.ca\/fr\/pour-aidants-naturels\/prestations-de-soins\/epilepsy\/\",\"name\":\"L'\u00e9pilepsie - Organisme de soutien aux aidants naturels de l\u2019Ontario\",\"isPartOf\":{\"@id\":\"https:\/\/archive.ontariocaregiver.ca\/fr\/#website\"},\"primaryImageOfPage\":{\"@id\":\"https:\/\/archive.ontariocaregiver.ca\/fr\/pour-aidants-naturels\/prestations-de-soins\/epilepsy\/#primaryimage\"},\"image\":{\"@id\":\"https:\/\/archive.ontariocaregiver.ca\/fr\/pour-aidants-naturels\/prestations-de-soins\/epilepsy\/#primaryimage\"},\"thumbnailUrl\":\"https:\/\/ontariocaregiver.ca\/wp-content\/uploads\/2022\/03\/iStock-649645614.jpg\",\"datePublished\":\"2022-03-07T20:14:16+00:00\",\"dateModified\":\"2022-03-07T21:37:39+00:00\",\"breadcrumb\":{\"@id\":\"https:\/\/archive.ontariocaregiver.ca\/fr\/pour-aidants-naturels\/prestations-de-soins\/epilepsy\/#breadcrumb\"},\"inLanguage\":\"fr-FR\",\"potentialAction\":[{\"@type\":\"ReadAction\",\"target\":[\"https:\/\/archive.ontariocaregiver.ca\/fr\/pour-aidants-naturels\/prestations-de-soins\/epilepsy\/\"]}]},{\"@type\":\"ImageObject\",\"inLanguage\":\"fr-FR\",\"@id\":\"https:\/\/archive.ontariocaregiver.ca\/fr\/pour-aidants-naturels\/prestations-de-soins\/epilepsy\/#primaryimage\",\"url\":\"https:\/\/ontariocaregiver.ca\/wp-content\/uploads\/2022\/03\/iStock-649645614.jpg\",\"contentUrl\":\"https:\/\/ontariocaregiver.ca\/wp-content\/uploads\/2022\/03\/iStock-649645614.jpg\",\"width\":2270,\"height\":1321,\"caption\":\"L'\u00e9pilepsie - image d'une personne tenant les mains d'une personne aidante naturelle\"},{\"@type\":\"BreadcrumbList\",\"@id\":\"https:\/\/archive.ontariocaregiver.ca\/fr\/pour-aidants-naturels\/prestations-de-soins\/epilepsy\/#breadcrumb\",\"itemListElement\":[{\"@type\":\"ListItem\",\"position\":1,\"name\":\"Page principale\",\"item\":\"https:\/\/archive.ontariocaregiver.ca\/fr\/\"},{\"@type\":\"ListItem\",\"position\":2,\"name\":\"Soutien pour personnes aidantes naturelles\",\"item\":\"https:\/\/archive.ontariocaregiver.ca\/fr\/pour-aidants-naturels\/\"},{\"@type\":\"ListItem\",\"position\":3,\"name\":\"Prestations de soins\",\"item\":\"https:\/\/archive.ontariocaregiver.ca\/fr\/for-caregivers\/health-conditions\/\"},{\"@type\":\"ListItem\",\"position\":4,\"name\":\"L&#8217;\u00e9pilepsie\"}]},{\"@type\":\"WebSite\",\"@id\":\"https:\/\/archive.ontariocaregiver.ca\/fr\/#website\",\"url\":\"https:\/\/archive.ontariocaregiver.ca\/fr\/\",\"name\":\"Organisme de soutien aux aidants naturels de l\u2019Ontario\",\"description\":\"\",\"potentialAction\":[{\"@type\":\"SearchAction\",\"target\":{\"@type\":\"EntryPoint\",\"urlTemplate\":\"https:\/\/archive.ontariocaregiver.ca\/fr\/?s={search_term_string}\"},\"query-input\":{\"@type\":\"PropertyValueSpecification\",\"valueRequired\":true,\"valueName\":\"search_term_string\"}}],\"inLanguage\":\"fr-FR\"}]}<\/script>\n<!-- \/ Yoast SEO plugin. -->","yoast_head_json":{"title":"L'\u00e9pilepsie - Organisme de soutien aux aidants naturels de l\u2019Ontario","robots":{"index":"noindex","follow":"follow","max-snippet":"max-snippet:-1","max-image-preview":"max-image-preview:large","max-video-preview":"max-video-preview:-1"},"og_locale":"fr_FR","og_type":"article","og_title":"L'\u00e9pilepsie - Organisme de soutien aux aidants naturels de l\u2019Ontario","og_description":"Je m\u2019occupe d\u2019une personne atteinte d\u2019\u00e9pilepsie L&rsquo;\u00e9pilepsie est une maladie neurologique qui se caract\u00e9rise par des crises r\u00e9currentes ou multiples. En Ontario, environ une..","og_url":"https:\/\/archive.ontariocaregiver.ca\/fr\/pour-aidants-naturels\/prestations-de-soins\/epilepsy\/","og_site_name":"Organisme de soutien aux aidants naturels de l\u2019Ontario","article_modified_time":"2022-03-07T21:37:39+00:00","og_image":[{"width":2270,"height":1321,"url":"https:\/\/ontariocaregiver.ca\/wp-content\/uploads\/2022\/03\/iStock-649645614.jpg","type":"image\/jpeg"}],"twitter_card":"summary_large_image","twitter_misc":{"Dur\u00e9e de lecture estim\u00e9e":"3 minutes"},"schema":{"@context":"https:\/\/schema.org","@graph":[{"@type":"WebPage","@id":"https:\/\/archive.ontariocaregiver.ca\/fr\/pour-aidants-naturels\/prestations-de-soins\/epilepsy\/","url":"https:\/\/archive.ontariocaregiver.ca\/fr\/pour-aidants-naturels\/prestations-de-soins\/epilepsy\/","name":"L'\u00e9pilepsie - Organisme de soutien aux aidants naturels de l\u2019Ontario","isPartOf":{"@id":"https:\/\/archive.ontariocaregiver.ca\/fr\/#website"},"primaryImageOfPage":{"@id":"https:\/\/archive.ontariocaregiver.ca\/fr\/pour-aidants-naturels\/prestations-de-soins\/epilepsy\/#primaryimage"},"image":{"@id":"https:\/\/archive.ontariocaregiver.ca\/fr\/pour-aidants-naturels\/prestations-de-soins\/epilepsy\/#primaryimage"},"thumbnailUrl":"https:\/\/ontariocaregiver.ca\/wp-content\/uploads\/2022\/03\/iStock-649645614.jpg","datePublished":"2022-03-07T20:14:16+00:00","dateModified":"2022-03-07T21:37:39+00:00","breadcrumb":{"@id":"https:\/\/archive.ontariocaregiver.ca\/fr\/pour-aidants-naturels\/prestations-de-soins\/epilepsy\/#breadcrumb"},"inLanguage":"fr-FR","potentialAction":[{"@type":"ReadAction","target":["https:\/\/archive.ontariocaregiver.ca\/fr\/pour-aidants-naturels\/prestations-de-soins\/epilepsy\/"]}]},{"@type":"ImageObject","inLanguage":"fr-FR","@id":"https:\/\/archive.ontariocaregiver.ca\/fr\/pour-aidants-naturels\/prestations-de-soins\/epilepsy\/#primaryimage","url":"https:\/\/ontariocaregiver.ca\/wp-content\/uploads\/2022\/03\/iStock-649645614.jpg","contentUrl":"https:\/\/ontariocaregiver.ca\/wp-content\/uploads\/2022\/03\/iStock-649645614.jpg","width":2270,"height":1321,"caption":"L'\u00e9pilepsie - image d'une personne tenant les mains d'une personne aidante naturelle"},{"@type":"BreadcrumbList","@id":"https:\/\/archive.ontariocaregiver.ca\/fr\/pour-aidants-naturels\/prestations-de-soins\/epilepsy\/#breadcrumb","itemListElement":[{"@type":"ListItem","position":1,"name":"Page principale","item":"https:\/\/archive.ontariocaregiver.ca\/fr\/"},{"@type":"ListItem","position":2,"name":"Soutien pour personnes aidantes naturelles","item":"https:\/\/archive.ontariocaregiver.ca\/fr\/pour-aidants-naturels\/"},{"@type":"ListItem","position":3,"name":"Prestations de soins","item":"https:\/\/archive.ontariocaregiver.ca\/fr\/for-caregivers\/health-conditions\/"},{"@type":"ListItem","position":4,"name":"L&#8217;\u00e9pilepsie"}]},{"@type":"WebSite","@id":"https:\/\/archive.ontariocaregiver.ca\/fr\/#website","url":"https:\/\/archive.ontariocaregiver.ca\/fr\/","name":"Organisme de soutien aux aidants naturels de l\u2019Ontario","description":"","potentialAction":[{"@type":"SearchAction","target":{"@type":"EntryPoint","urlTemplate":"https:\/\/archive.ontariocaregiver.ca\/fr\/?s={search_term_string}"},"query-input":{"@type":"PropertyValueSpecification","valueRequired":true,"valueName":"search_term_string"}}],"inLanguage":"fr-FR"}]}},"ticketed":false,"_links":{"self":[{"href":"https:\/\/archive.ontariocaregiver.ca\/fr\/wp-json\/wp\/v2\/pages\/16564","targetHints":{"allow":["GET"]}}],"collection":[{"href":"https:\/\/archive.ontariocaregiver.ca\/fr\/wp-json\/wp\/v2\/pages"}],"about":[{"href":"https:\/\/archive.ontariocaregiver.ca\/fr\/wp-json\/wp\/v2\/types\/page"}],"author":[{"embeddable":true,"href":"https:\/\/archive.ontariocaregiver.ca\/fr\/wp-json\/wp\/v2\/users\/7"}],"replies":[{"embeddable":true,"href":"https:\/\/archive.ontariocaregiver.ca\/fr\/wp-json\/wp\/v2\/comments?post=16564"}],"version-history":[{"count":3,"href":"https:\/\/archive.ontariocaregiver.ca\/fr\/wp-json\/wp\/v2\/pages\/16564\/revisions"}],"predecessor-version":[{"id":16573,"href":"https:\/\/archive.ontariocaregiver.ca\/fr\/wp-json\/wp\/v2\/pages\/16564\/revisions\/16573"}],"up":[{"embeddable":true,"href":"https:\/\/archive.ontariocaregiver.ca\/fr\/wp-json\/wp\/v2\/pages\/12219"}],"wp:featuredmedia":[{"embeddable":true,"href":"https:\/\/archive.ontariocaregiver.ca\/fr\/wp-json\/wp\/v2\/media\/16559"}],"wp:attachment":[{"href":"https:\/\/archive.ontariocaregiver.ca\/fr\/wp-json\/wp\/v2\/media?parent=16564"}],"curies":[{"name":"wp","href":"https:\/\/api.w.org\/{rel}","templated":true}]}}