{"id":16198,"date":"2022-02-16T11:54:17","date_gmt":"2022-02-16T16:54:17","guid":{"rendered":"https:\/\/archive.ontariocaregiver.ca\/?page_id=16198"},"modified":"2022-02-16T11:54:18","modified_gmt":"2022-02-16T16:54:18","slug":"bulletins-de-nouvelles-2021","status":"publish","type":"page","link":"https:\/\/archive.ontariocaregiver.ca\/fr\/bulletin-de-nouvelles\/bulletins-de-nouvelles-2021\/","title":{"rendered":"Bulletins de nouvelles 2021"},"content":{"rendered":"<div id=\"newsletter-item-block_5ee7d1ccac282\" class=\"newsletter-item \">\n    <div class=\"row\">\n        <div class=\"medium-12 column\">\n            <div class=\"newsletter-title\">\n                                <a href=\"https:\/\/conta.cc\/3rucWmd\" target=\"_blank\">\n                    D\u00e9cembre 2021                <\/a>\n            <\/div>\n        <\/div>\n        <div class=\"medium-2 column\">\n            <div class=\"newsletter-thumbnail\">\n                <img loading=\"lazy\" decoding=\"async\" width=\"150\" height=\"220\" src=\"https:\/\/ontariocaregiver.ca\/wp-content\/uploads\/2021\/12\/Dec-2021-newsletter-preview-FR.png\" class=\"attachment-full size-full wp-post-image\" alt=\"Aper\u00e7u bulletin de nouvelles d\u00e9cembre 2021\" \/>            <\/div>\n        <\/div>\n        <div class=\"medium-10 column\">\n            <div class=\"newsletter-links\">\n            <ul>            <li><a href=\"https:\/\/conta.cc\/3rucWmd\" target=\"_blank\">Joyeuses F\u00eates de l&rsquo;OSANO!<\/a><\/li>\n                        <li><a href=\"\" target=\"\"><\/a><\/li>\n                        <li><a href=\"https:\/\/conta.cc\/3rucWmd\" target=\"_blank\">Rapport Pleins Feux de 2021 &#8211; les r\u00e9percussions de la COVID-19 sur les personnes aidantes naturelles: la deuxi\u00e8me ann\u00e9e<\/a><\/li>\n                        <li><a href=\"https:\/\/conta.cc\/3rucWmd\" target=\"_blank\">Nouveau bulletin Partenaires de soins \u00e0 l&rsquo;intention des prestataires<\/a><\/li>\n                        <li><a href=\"https:\/\/conta.cc\/3rucWmd\" target=\"_blank\">Le t\u00e9moignage d&rsquo;une aidante naturelle &#8211; inspiration et transformation<\/a><\/li>\n            <\/ul>            <\/div>\n        <\/div>\n    <\/div>\n<\/div>\n\n\n<div id=\"newsletter-item-block_61af8178c3ef9\" class=\"newsletter-item \">\n    <div class=\"row\">\n        <div class=\"medium-12 column\">\n            <div class=\"newsletter-title\">\n                                <a href=\"https:\/\/conta.cc\/3qbFUH0\" target=\"_blank\">\n                    Novembre 2021                <\/a>\n            <\/div>\n        <\/div>\n        <div class=\"medium-2 column\">\n            <div class=\"newsletter-thumbnail\">\n                <img loading=\"lazy\" decoding=\"async\" width=\"150\" height=\"220\" src=\"https:\/\/ontariocaregiver.ca\/wp-content\/uploads\/2021\/11\/November-newsletter-thumbnail-FR.png\" class=\"attachment-full size-full wp-post-image\" alt=\"Aper\u00e7u du bulletin de nouvelles de novembre\" \/>            <\/div>\n        <\/div>\n        <div class=\"medium-10 column\">\n            <div class=\"newsletter-links\">\n            <ul>            <li><a href=\"https:\/\/conta.cc\/3qbFUH0\" target=\"_blank\">Le 13 novembre est la journ\u00e9e de la gentillesse<\/a><\/li>\n                        <li><a href=\"https:\/\/conta.cc\/3qbFUH0\" target=\"_blank\">L&rsquo;OSANO recherche des mentors pour son programme individuel de soutien par les pairs<\/a><\/li>\n                        <li><a href=\"https:\/\/conta.cc\/3qbFUH0\" target=\"_blank\">Nouvelle biblioth\u00e8que de webinaires<\/a><\/li>\n                        <li><a href=\"https:\/\/conta.cc\/3qbFUH0\" target=\"_blank\">Le t\u00e9moignage d&rsquo;Allen: aidant naturel devenu mentor<\/a><\/li>\n                        <li><a href=\"https:\/\/conta.cc\/3qbFUH0\" target=\"_blank\">Nouveau module d&rsquo;apprentissage en ligne: Les aidants naturels comme partenaires de soins de sant\u00e9<\/a><\/li>\n                        <li><a href=\"https:\/\/conta.cc\/3qbFUH0\" target=\"_blank\">Webinaires \u00e0 venir<\/a><\/li>\n            <\/ul>            <\/div>\n        <\/div>\n    <\/div>\n<\/div>\n\n\n<div id=\"newsletter-item-block_6195794648d8e\" class=\"newsletter-item \">\n    <div class=\"row\">\n        <div class=\"medium-12 column\">\n            <div class=\"newsletter-title\">\n                                <a href=\"https:\/\/conta.cc\/2YoODdg\" target=\"_blank\">\n                    Octobre 2021                <\/a>\n            <\/div>\n        <\/div>\n        <div class=\"medium-2 column\">\n            <div class=\"newsletter-thumbnail\">\n                <img loading=\"lazy\" decoding=\"async\" width=\"150\" height=\"220\" src=\"https:\/\/ontariocaregiver.ca\/wp-content\/uploads\/2021\/10\/October-newsletter-thumbnail-FR.png\" class=\"attachment-full size-full wp-post-image\" alt=\"Aper\u00e7u du bulletin de nouvelles octobre 2021\" \/>            <\/div>\n        <\/div>\n        <div class=\"medium-10 column\">\n            <div class=\"newsletter-links\">\n            <ul>            <li><a href=\"https:\/\/conta.cc\/2YoODdg\" target=\"_blank\">Mois de la sant\u00e9 au travail<\/a><\/li>\n                        <li><a href=\"https:\/\/conta.cc\/2YoODdg\" target=\"_blank\">Le Programme ANCR\u00c9 est de retour<\/a><\/li>\n                        <li><a href=\"https:\/\/conta.cc\/2YoODdg\" target=\"_blank\">La campagne de la gentillesse<\/a><\/li>\n                        <li><a href=\"https:\/\/conta.cc\/2YoODdg\" target=\"_blank\">Semaine de la sensibilisation aux maladies mentales (du 3 au 9 octobre)<\/a><\/li>\n                        <li><a href=\"https:\/\/conta.cc\/2YoODdg\" target=\"_blank\">Webinaires \u00e0 venir<\/a><\/li>\n            <\/ul>            <\/div>\n        <\/div>\n    <\/div>\n<\/div>\n\n\n<div id=\"newsletter-item-block_615dbfbc87706\" class=\"newsletter-item \">\n    <div class=\"row\">\n        <div class=\"medium-12 column\">\n            <div class=\"newsletter-title\">\n                                <a href=\"https:\/\/conta.cc\/3gSEtYy\" target=\"_blank\">\n                    Septembre 2021                <\/a>\n            <\/div>\n        <\/div>\n        <div class=\"medium-2 column\">\n            <div class=\"newsletter-thumbnail\">\n                <img loading=\"lazy\" decoding=\"async\" width=\"150\" height=\"220\" src=\"https:\/\/ontariocaregiver.ca\/wp-content\/uploads\/2021\/09\/Apercu-bulletin-de-nouvelles-septembre-2021.png\" class=\"attachment-full size-full wp-post-image\" alt=\"Aper\u00e7u bulletin de nouvelles septembre 2021\" \/>            <\/div>\n        <\/div>\n        <div class=\"medium-10 column\">\n            <div class=\"newsletter-links\">\n            <ul>            <li><a href=\"https:\/\/conta.cc\/3gSEtYy\" target=\"_blank\">Septembre, mois de la sensibilisation<\/a><\/li>\n                        <li><a href=\"https:\/\/conta.cc\/3gSEtYy\" target=\"_blank\">De nouvelles ressources pour aider les personnes aidantes naturelles \u00e0 comprendre les questions de confidentialit\u00e9 et de consentement en mati\u00e8re de sant\u00e9<\/a><\/li>\n                        <li><a href=\"https:\/\/conta.cc\/3gSEtYy\" target=\"_blank\">De nouveaux cours en ligne \u00e0 l&rsquo;intention des personnes aidantes naturelles et des employeurs<\/a><\/li>\n                        <li><a href=\"https:\/\/conta.cc\/3gSEtYy\" target=\"_blank\">Webinaires \u00e0 venir<\/a><\/li>\n            <\/ul>            <\/div>\n        <\/div>\n    <\/div>\n<\/div>\n\n\n<div id=\"newsletter-item-block_615dbfb887705\" class=\"newsletter-item \">\n    <div class=\"row\">\n        <div class=\"medium-12 column\">\n            <div class=\"newsletter-title\">\n                                <a href=\"https:\/\/conta.cc\/3BXYmGn\" target=\"_blank\">\n                    Aout 2021                <\/a>\n            <\/div>\n        <\/div>\n        <div class=\"medium-2 column\">\n            <div class=\"newsletter-thumbnail\">\n                <img loading=\"lazy\" decoding=\"async\" width=\"150\" height=\"220\" src=\"https:\/\/ontariocaregiver.ca\/wp-content\/uploads\/2021\/08\/August-newsletter-preview-FR.png\" class=\"attachment-full size-full wp-post-image\" alt=\"Aper\u00e7u bulletin de nouvelles aout FR\" \/>            <\/div>\n        <\/div>\n        <div class=\"medium-10 column\">\n            <div class=\"newsletter-links\">\n            <ul>            <li><a href=\"https:\/\/conta.cc\/3BXYmGn\" target=\"_blank\">Rapport annuel de l&rsquo;OSANO 2020-2021<\/a><\/li>\n                        <li><a href=\"https:\/\/conta.cc\/3BXYmGn\" target=\"_blank\">Ressources en aidance naturelle en mati\u00e8re de sant\u00e9 mentale et de d\u00e9pendances<\/a><\/li>\n                        <li><a href=\"https:\/\/conta.cc\/3BXYmGn\" target=\"_blank\">Le t\u00e9moignage de Sherrie, aidante naturelle<\/a><\/li>\n                        <li><a href=\"https:\/\/conta.cc\/3BXYmGn\" target=\"_blank\">Webinaires \u00e0 venir<\/a><\/li>\n            <\/ul>            <\/div>\n        <\/div>\n    <\/div>\n<\/div>\n\n\n<div id=\"newsletter-item-block_611ec8fe149f8\" class=\"newsletter-item \">\n    <div class=\"row\">\n        <div class=\"medium-12 column\">\n            <div class=\"newsletter-title\">\n                                <a href=\"https:\/\/conta.cc\/3wiaOge\" target=\"_blank\">\n                    Juillet 2021                <\/a>\n            <\/div>\n        <\/div>\n        <div class=\"medium-2 column\">\n            <div class=\"newsletter-thumbnail\">\n                <img loading=\"lazy\" decoding=\"async\" width=\"150\" height=\"220\" src=\"https:\/\/ontariocaregiver.ca\/wp-content\/uploads\/2021\/07\/Bulletin-de-nouvelles-juillet-2021-apercu.png\" class=\"attachment-full size-full wp-post-image\" alt=\"Bulletin de nouvelles juillet 2021 aper\u00e7u\" \/>            <\/div>\n        <\/div>\n        <div class=\"medium-10 column\">\n            <div class=\"newsletter-links\">\n            <ul>            <li><a href=\"https:\/\/conta.cc\/3wiaOge\" target=\"_blank\">Besoin de parler? Nouveau groupe de soutien<\/a><\/li>\n                        <li><a href=\"https:\/\/conta.cc\/3wiaOge\" target=\"_blank\">\u00c9coute estivale: Balado de l&rsquo;OSANO<\/a><\/li>\n                        <li><a href=\"https:\/\/conta.cc\/3wiaOge\" target=\"_blank\">Webinaires \u00e0 venir<\/a><\/li>\n            <\/ul>            <\/div>\n        <\/div>\n    <\/div>\n<\/div>\n\n\n<div id=\"newsletter-item-block_60e865414a9c2\" class=\"newsletter-item \">\n    <div class=\"row\">\n        <div class=\"medium-12 column\">\n            <div class=\"newsletter-title\">\n                                <a href=\"https:\/\/conta.cc\/3v7ftkn\" target=\"_blank\">\n                    Juin 2021                <\/a>\n            <\/div>\n        <\/div>\n        <div class=\"medium-2 column\">\n            <div class=\"newsletter-thumbnail\">\n                <img loading=\"lazy\" decoding=\"async\" width=\"150\" height=\"220\" src=\"https:\/\/ontariocaregiver.ca\/wp-content\/uploads\/2021\/06\/newsletter-preview-June-2021-FR.png\" class=\"attachment-full size-full wp-post-image\" alt=\"bulletin de nouvelles du mois de juin 2021 - aper\u00e7u\" \/>            <\/div>\n        <\/div>\n        <div class=\"medium-10 column\">\n            <div class=\"newsletter-links\">\n            <ul>            <li><a href=\"https:\/\/conta.cc\/3v7ftkn\" target=\"_blank\">Reconnaissance du mois de la fiert\u00e9<\/a><\/li>\n                        <li><a href=\"https:\/\/conta.cc\/3v7ftkn\" target=\"_blank\">Reconnaissance du mois de l&rsquo;histoire autochtone<\/a><\/li>\n                        <li><a href=\"https:\/\/conta.cc\/3v7ftkn\" target=\"_blank\">Appel aux pairs aidants: nous sommes \u00e0 la recherche de mentors<\/a><\/li>\n                        <li><a href=\"https:\/\/conta.cc\/3v7ftkn\" target=\"_blank\">Le Progamme ANCR\u00c9 se poursuit<\/a><\/li>\n                        <li><a href=\"https:\/\/conta.cc\/3v7ftkn\" target=\"_blank\">Webinaires \u00e0 venir<\/a><\/li>\n            <\/ul>            <\/div>\n        <\/div>\n    <\/div>\n<\/div>\n\n\n<div id=\"newsletter-item-block_60c7a8b851891\" class=\"newsletter-item \">\n    <div class=\"row\">\n        <div class=\"medium-12 column\">\n            <div class=\"newsletter-title\">\n                                <a href=\"https:\/\/conta.cc\/2SCQFDc\" target=\"\">\n                    Mai 2021                <\/a>\n            <\/div>\n        <\/div>\n        <div class=\"medium-2 column\">\n            <div class=\"newsletter-thumbnail\">\n                <img loading=\"lazy\" decoding=\"async\" width=\"150\" height=\"220\" src=\"https:\/\/ontariocaregiver.ca\/wp-content\/uploads\/2021\/05\/Bulletin-de-nouvelles-Mai-2021.png\" class=\"attachment-full size-full wp-post-image\" alt=\"Bulletin de nouvelles Mai 2021\" \/>            <\/div>\n        <\/div>\n        <div class=\"medium-10 column\">\n            <div class=\"newsletter-links\">\n            <ul>            <li><a href=\"https:\/\/conta.cc\/2SCQFDc\" target=\"\">Mai est le mois de l&rsquo;aidance naturelle<\/a><\/li>\n                        <li><a href=\"https:\/\/conta.cc\/2SCQFDc\" target=\"\">L&rsquo;aidance naturelle est une nouvelle exp\u00e9rience pour vous? Suivez notre cours: Aidants naturels 101<\/a><\/li>\n                        <li><a href=\"https:\/\/conta.cc\/2SCQFDc\" target=\"\">Soutenir les aidants naturels occupant un emploi<\/a><\/li>\n                        <li><a href=\"https:\/\/conta.cc\/2SCQFDc\" target=\"\">Le programme ANCR\u00c9 se poursuit<\/a><\/li>\n                        <li><a href=\"https:\/\/conta.cc\/2SCQFDc\" target=\"\">Webinaires \u00e0 venir<\/a><\/li>\n            <\/ul>            <\/div>\n        <\/div>\n    <\/div>\n<\/div>\n\n\n<div id=\"newsletter-item-block_609d7aff17a28\" class=\"newsletter-item \">\n    <div class=\"row\">\n        <div class=\"medium-12 column\">\n            <div class=\"newsletter-title\">\n                                <a href=\"https:\/\/conta.cc\/3epdYHT\" target=\"_blank\">\n                    Avril 2021                <\/a>\n            <\/div>\n        <\/div>\n        <div class=\"medium-2 column\">\n            <div class=\"newsletter-thumbnail\">\n                <img loading=\"lazy\" decoding=\"async\" width=\"150\" height=\"220\" src=\"https:\/\/ontariocaregiver.ca\/wp-content\/uploads\/2021\/04\/April-2021-newsletter-thumbnail-FR.png\" class=\"attachment-full size-full wp-post-image\" alt=\"Bulletin de nouvelles avril 2021\" \/>            <\/div>\n        <\/div>\n        <div class=\"medium-10 column\">\n            <div class=\"newsletter-links\">\n            <ul>            <li><a href=\"https:\/\/conta.cc\/3epdYHT\" target=\"_blank\">La semaine de l\u2019action b\u00e9n\u00e9vole 2021: Merci pour tout ce que vous faites!<\/a><\/li>\n                        <li><a href=\"https:\/\/conta.cc\/3epdYHT\" target=\"_blank\">L&rsquo;argent vous pr\u00e9occupe? Notre webinaire sur la planification financi\u00e8re pourrait vous aider<\/a><\/li>\n                        <li><a href=\"https:\/\/conta.cc\/3epdYHT\" target=\"_blank\">Le programme ANCR\u00c9 offert de nouveau en mai<\/a><\/li>\n                        <li><a href=\"https:\/\/conta.cc\/3epdYHT\" target=\"_blank\">Webinaires \u00e0 venir<\/a><\/li>\n            <\/ul>            <\/div>\n        <\/div>\n    <\/div>\n<\/div>\n\n\n<div id=\"newsletter-item-block_60832d53dc5b4\" class=\"newsletter-item \">\n    <div class=\"row\">\n        <div class=\"medium-12 column\">\n            <div class=\"newsletter-title\">\n                                <a href=\"https:\/\/conta.cc\/31z1TtF\" target=\"_blank\">\n                    Mars 2021                <\/a>\n            <\/div>\n        <\/div>\n        <div class=\"medium-2 column\">\n            <div class=\"newsletter-thumbnail\">\n                <img loading=\"lazy\" decoding=\"async\" width=\"150\" height=\"220\" src=\"https:\/\/ontariocaregiver.ca\/wp-content\/uploads\/2021\/03\/March-2021-newsletter-thumbnail-FR.png\" class=\"attachment-full size-full wp-post-image\" alt=\"March 2021 newsletter thumbnail FR\" \/>            <\/div>\n        <\/div>\n        <div class=\"medium-10 column\">\n            <div class=\"newsletter-links\">\n            <ul>            <li><a href=\"https:\/\/conta.cc\/31z1TtF\" target=\"_blank\">Aidants naturels 101<\/a><\/li>\n                        <li><a href=\"https:\/\/conta.cc\/31z1TtF\" target=\"_blank\">Le soutien entre aidants naturels<\/a><\/li>\n                        <li><a href=\"https:\/\/conta.cc\/31z1TtF\" target=\"_blank\">On ne peut rien remplir avec une tasse vide<\/a><\/li>\n            <\/ul>            <\/div>\n        <\/div>\n    <\/div>\n<\/div>\n","protected":false},"excerpt":{"rendered":"","protected":false},"author":7,"featured_media":12139,"parent":6247,"menu_order":0,"comment_status":"closed","ping_status":"closed","template":"","meta":{"_acf_changed":false,"_relevanssi_hide_post":"","_relevanssi_hide_content":"","_relevanssi_pin_for_all":"","_relevanssi_pin_keywords":"","_relevanssi_unpin_keywords":"","_relevanssi_related_keywords":"","_relevanssi_related_include_ids":"","_relevanssi_related_exclude_ids":"","_relevanssi_related_no_append":"","_relevanssi_related_not_related":"","_relevanssi_related_posts":"","_relevanssi_noindex_reason":"","_price":"","_stock":"","_tribe_ticket_header":"","_tribe_default_ticket_provider":"","_tribe_ticket_capacity":"0","_ticket_start_date":"","_ticket_end_date":"","_tribe_ticket_show_description":"","_tribe_ticket_show_not_going":false,"_tribe_ticket_use_global_stock":"","_tribe_ticket_global_stock_level":"","_global_stock_mode":"","_global_stock_cap":"","_tribe_rsvp_for_event":"","_tribe_ticket_going_count":"","_tribe_ticket_not_going_count":"","_tribe_tickets_list":[],"_tribe_ticket_has_attendee_info_fields":false,"footnotes":""},"class_list":["post-16198","page","type-page","status-publish","has-post-thumbnail","hentry"],"acf":[],"yoast_head":"<!-- This site is optimized with the Yoast SEO plugin v25.8 - https:\/\/yoast.com\/wordpress\/plugins\/seo\/ -->\n<title>Bulletins de nouvelles 2021 - Organisme de soutien aux aidants naturels de l\u2019Ontario<\/title>\n<meta name=\"robots\" content=\"noindex, follow, max-snippet:-1, max-image-preview:large, max-video-preview:-1\" \/>\n<meta property=\"og:locale\" content=\"fr_FR\" \/>\n<meta property=\"og:type\" content=\"article\" \/>\n<meta property=\"og:title\" content=\"Bulletins de nouvelles 2021 - Organisme de soutien aux aidants naturels de l\u2019Ontario\" \/>\n<meta property=\"og:url\" content=\"https:\/\/archive.ontariocaregiver.ca\/fr\/bulletin-de-nouvelles\/bulletins-de-nouvelles-2021\/\" \/>\n<meta property=\"og:site_name\" content=\"Organisme de soutien aux aidants naturels de l\u2019Ontario\" \/>\n<meta property=\"article:modified_time\" content=\"2022-02-16T16:54:18+00:00\" \/>\n<meta property=\"og:image\" content=\"https:\/\/ontariocaregiver.ca\/wp-content\/uploads\/2021\/09\/iStock-1205256148-e1631565409959.jpg\" \/>\n\t<meta property=\"og:image:width\" content=\"2179\" \/>\n\t<meta property=\"og:image:height\" content=\"1067\" \/>\n\t<meta property=\"og:image:type\" content=\"image\/jpeg\" \/>\n<meta name=\"twitter:card\" content=\"summary_large_image\" \/>\n<script type=\"application\/ld+json\" class=\"yoast-schema-graph\">{\"@context\":\"https:\/\/schema.org\",\"@graph\":[{\"@type\":\"WebPage\",\"@id\":\"https:\/\/archive.ontariocaregiver.ca\/fr\/bulletin-de-nouvelles\/bulletins-de-nouvelles-2021\/\",\"url\":\"https:\/\/archive.ontariocaregiver.ca\/fr\/bulletin-de-nouvelles\/bulletins-de-nouvelles-2021\/\",\"name\":\"Bulletins de nouvelles 2021 - Organisme de soutien aux aidants naturels de l\u2019Ontario\",\"isPartOf\":{\"@id\":\"https:\/\/archive.ontariocaregiver.ca\/fr\/#website\"},\"primaryImageOfPage\":{\"@id\":\"https:\/\/archive.ontariocaregiver.ca\/fr\/bulletin-de-nouvelles\/bulletins-de-nouvelles-2021\/#primaryimage\"},\"image\":{\"@id\":\"https:\/\/archive.ontariocaregiver.ca\/fr\/bulletin-de-nouvelles\/bulletins-de-nouvelles-2021\/#primaryimage\"},\"thumbnailUrl\":\"https:\/\/ontariocaregiver.ca\/wp-content\/uploads\/2021\/09\/iStock-1205256148-e1631565409959.jpg\",\"datePublished\":\"2022-02-16T16:54:17+00:00\",\"dateModified\":\"2022-02-16T16:54:18+00:00\",\"breadcrumb\":{\"@id\":\"https:\/\/archive.ontariocaregiver.ca\/fr\/bulletin-de-nouvelles\/bulletins-de-nouvelles-2021\/#breadcrumb\"},\"inLanguage\":\"fr-FR\",\"potentialAction\":[{\"@type\":\"ReadAction\",\"target\":[\"https:\/\/archive.ontariocaregiver.ca\/fr\/bulletin-de-nouvelles\/bulletins-de-nouvelles-2021\/\"]}]},{\"@type\":\"ImageObject\",\"inLanguage\":\"fr-FR\",\"@id\":\"https:\/\/archive.ontariocaregiver.ca\/fr\/bulletin-de-nouvelles\/bulletins-de-nouvelles-2021\/#primaryimage\",\"url\":\"https:\/\/ontariocaregiver.ca\/wp-content\/uploads\/2021\/09\/iStock-1205256148-e1631565409959.jpg\",\"contentUrl\":\"https:\/\/ontariocaregiver.ca\/wp-content\/uploads\/2021\/09\/iStock-1205256148-e1631565409959.jpg\",\"width\":2179,\"height\":1067,\"caption\":\"Morning tradition. Cheerful black man reading news on digital tablet with coffee, empty space\"},{\"@type\":\"BreadcrumbList\",\"@id\":\"https:\/\/archive.ontariocaregiver.ca\/fr\/bulletin-de-nouvelles\/bulletins-de-nouvelles-2021\/#breadcrumb\",\"itemListElement\":[{\"@type\":\"ListItem\",\"position\":1,\"name\":\"Page principale\",\"item\":\"https:\/\/archive.ontariocaregiver.ca\/fr\/\"},{\"@type\":\"ListItem\",\"position\":2,\"name\":\"Bulletin de nouvelles\",\"item\":\"https:\/\/archive.ontariocaregiver.ca\/fr\/newsletter\/\"},{\"@type\":\"ListItem\",\"position\":3,\"name\":\"Bulletins de nouvelles 2021\"}]},{\"@type\":\"WebSite\",\"@id\":\"https:\/\/archive.ontariocaregiver.ca\/fr\/#website\",\"url\":\"https:\/\/archive.ontariocaregiver.ca\/fr\/\",\"name\":\"Organisme de soutien aux aidants naturels de l\u2019Ontario\",\"description\":\"\",\"potentialAction\":[{\"@type\":\"SearchAction\",\"target\":{\"@type\":\"EntryPoint\",\"urlTemplate\":\"https:\/\/archive.ontariocaregiver.ca\/fr\/?s={search_term_string}\"},\"query-input\":{\"@type\":\"PropertyValueSpecification\",\"valueRequired\":true,\"valueName\":\"search_term_string\"}}],\"inLanguage\":\"fr-FR\"}]}<\/script>\n<!-- \/ Yoast SEO plugin. -->","yoast_head_json":{"title":"Bulletins de nouvelles 2021 - Organisme de soutien aux aidants naturels de l\u2019Ontario","robots":{"index":"noindex","follow":"follow","max-snippet":"max-snippet:-1","max-image-preview":"max-image-preview:large","max-video-preview":"max-video-preview:-1"},"og_locale":"fr_FR","og_type":"article","og_title":"Bulletins de nouvelles 2021 - Organisme de soutien aux aidants naturels de l\u2019Ontario","og_url":"https:\/\/archive.ontariocaregiver.ca\/fr\/bulletin-de-nouvelles\/bulletins-de-nouvelles-2021\/","og_site_name":"Organisme de soutien aux aidants naturels de l\u2019Ontario","article_modified_time":"2022-02-16T16:54:18+00:00","og_image":[{"width":2179,"height":1067,"url":"https:\/\/ontariocaregiver.ca\/wp-content\/uploads\/2021\/09\/iStock-1205256148-e1631565409959.jpg","type":"image\/jpeg"}],"twitter_card":"summary_large_image","schema":{"@context":"https:\/\/schema.org","@graph":[{"@type":"WebPage","@id":"https:\/\/archive.ontariocaregiver.ca\/fr\/bulletin-de-nouvelles\/bulletins-de-nouvelles-2021\/","url":"https:\/\/archive.ontariocaregiver.ca\/fr\/bulletin-de-nouvelles\/bulletins-de-nouvelles-2021\/","name":"Bulletins de nouvelles 2021 - Organisme de soutien aux aidants naturels de l\u2019Ontario","isPartOf":{"@id":"https:\/\/archive.ontariocaregiver.ca\/fr\/#website"},"primaryImageOfPage":{"@id":"https:\/\/archive.ontariocaregiver.ca\/fr\/bulletin-de-nouvelles\/bulletins-de-nouvelles-2021\/#primaryimage"},"image":{"@id":"https:\/\/archive.ontariocaregiver.ca\/fr\/bulletin-de-nouvelles\/bulletins-de-nouvelles-2021\/#primaryimage"},"thumbnailUrl":"https:\/\/ontariocaregiver.ca\/wp-content\/uploads\/2021\/09\/iStock-1205256148-e1631565409959.jpg","datePublished":"2022-02-16T16:54:17+00:00","dateModified":"2022-02-16T16:54:18+00:00","breadcrumb":{"@id":"https:\/\/archive.ontariocaregiver.ca\/fr\/bulletin-de-nouvelles\/bulletins-de-nouvelles-2021\/#breadcrumb"},"inLanguage":"fr-FR","potentialAction":[{"@type":"ReadAction","target":["https:\/\/archive.ontariocaregiver.ca\/fr\/bulletin-de-nouvelles\/bulletins-de-nouvelles-2021\/"]}]},{"@type":"ImageObject","inLanguage":"fr-FR","@id":"https:\/\/archive.ontariocaregiver.ca\/fr\/bulletin-de-nouvelles\/bulletins-de-nouvelles-2021\/#primaryimage","url":"https:\/\/ontariocaregiver.ca\/wp-content\/uploads\/2021\/09\/iStock-1205256148-e1631565409959.jpg","contentUrl":"https:\/\/ontariocaregiver.ca\/wp-content\/uploads\/2021\/09\/iStock-1205256148-e1631565409959.jpg","width":2179,"height":1067,"caption":"Morning tradition. Cheerful black man reading news on digital tablet with coffee, empty space"},{"@type":"BreadcrumbList","@id":"https:\/\/archive.ontariocaregiver.ca\/fr\/bulletin-de-nouvelles\/bulletins-de-nouvelles-2021\/#breadcrumb","itemListElement":[{"@type":"ListItem","position":1,"name":"Page principale","item":"https:\/\/archive.ontariocaregiver.ca\/fr\/"},{"@type":"ListItem","position":2,"name":"Bulletin de nouvelles","item":"https:\/\/archive.ontariocaregiver.ca\/fr\/newsletter\/"},{"@type":"ListItem","position":3,"name":"Bulletins de nouvelles 2021"}]},{"@type":"WebSite","@id":"https:\/\/archive.ontariocaregiver.ca\/fr\/#website","url":"https:\/\/archive.ontariocaregiver.ca\/fr\/","name":"Organisme de soutien aux aidants naturels de l\u2019Ontario","description":"","potentialAction":[{"@type":"SearchAction","target":{"@type":"EntryPoint","urlTemplate":"https:\/\/archive.ontariocaregiver.ca\/fr\/?s={search_term_string}"},"query-input":{"@type":"PropertyValueSpecification","valueRequired":true,"valueName":"search_term_string"}}],"inLanguage":"fr-FR"}]}},"ticketed":false,"_links":{"self":[{"href":"https:\/\/archive.ontariocaregiver.ca\/fr\/wp-json\/wp\/v2\/pages\/16198","targetHints":{"allow":["GET"]}}],"collection":[{"href":"https:\/\/archive.ontariocaregiver.ca\/fr\/wp-json\/wp\/v2\/pages"}],"about":[{"href":"https:\/\/archive.ontariocaregiver.ca\/fr\/wp-json\/wp\/v2\/types\/page"}],"author":[{"embeddable":true,"href":"https:\/\/archive.ontariocaregiver.ca\/fr\/wp-json\/wp\/v2\/users\/7"}],"replies":[{"embeddable":true,"href":"https:\/\/archive.ontariocaregiver.ca\/fr\/wp-json\/wp\/v2\/comments?post=16198"}],"version-history":[{"count":1,"href":"https:\/\/archive.ontariocaregiver.ca\/fr\/wp-json\/wp\/v2\/pages\/16198\/revisions"}],"predecessor-version":[{"id":16202,"href":"https:\/\/archive.ontariocaregiver.ca\/fr\/wp-json\/wp\/v2\/pages\/16198\/revisions\/16202"}],"up":[{"embeddable":true,"href":"https:\/\/archive.ontariocaregiver.ca\/fr\/wp-json\/wp\/v2\/pages\/6247"}],"wp:featuredmedia":[{"embeddable":true,"href":"https:\/\/archive.ontariocaregiver.ca\/fr\/wp-json\/wp\/v2\/media\/12139"}],"wp:attachment":[{"href":"https:\/\/archive.ontariocaregiver.ca\/fr\/wp-json\/wp\/v2\/media?parent=16198"}],"curies":[{"name":"wp","href":"https:\/\/api.w.org\/{rel}","templated":true}]}}