{"id":15683,"date":"2021-12-23T16:55:57","date_gmt":"2021-12-23T21:55:57","guid":{"rendered":"https:\/\/archive.ontariocaregiver.ca\/?page_id=15683"},"modified":"2022-05-02T13:24:28","modified_gmt":"2022-05-02T17:24:28","slug":"la-gestion-des-soins","status":"publish","type":"page","link":"https:\/\/archive.ontariocaregiver.ca\/fr\/pour-aidants-naturels\/la-gestion-des-soins\/","title":{"rendered":"La gestion des soins"},"content":{"rendered":"<div id=\"corona-resources-block_618c4076a7a4f\" class=\"corona-resources \">\n    <div class=\"row\" data-equalizer data-equalize-on=\"medium\">\n                    <div class=\"medium-6 column\">\n                <div class=\"col-title\"><div class=\"inner\"><h2 data-equalizer-watch><\/h2><\/div><\/div>\n                <a href=\"https:\/\/archive.ontariocaregiver.ca\/fr\/mon-carnet-de-route-des-soins-de-sante\/\" target=\"_blank\">\n                <div class=\"box\" style=\"background-image:url('https:\/\/ontariocaregiver.ca\/wp-content\/uploads\/2020\/09\/iStock-1214307416-700x467.jpg');\">\n                    <div class=\"box-content\">\n                        Mon carnet de route des soins de sant\u00e9                    <\/div>\n                    <div class=\"arrow\">\n                        <i class=\"icon icon-arrow-right\"><\/i>\n                    <\/div>\n                <\/div>\n                <\/a>\n            <\/div>\n                    <div class=\"medium-6 column\">\n                <div class=\"col-title\"><div class=\"inner\"><h2 data-equalizer-watch><\/h2><\/div><\/div>\n                <a href=\"https:\/\/archive.ontariocaregiver.ca\/fr\/pour-prestataires\/inclusion-de-laidant-naturel-dans-lequipe-de-soins\/vie-privee-consentement\/\" target=\"_blank\">\n                <div class=\"box\" style=\"background-image:url('https:\/\/ontariocaregiver.ca\/wp-content\/uploads\/2021\/06\/iStock-493831355-700x467.jpg');\">\n                    <div class=\"box-content\">\n                        Ressources sur la vie priv\u00e9e et le consentement en mati\u00e8re de sant\u00e9                    <\/div>\n                    <div class=\"arrow\">\n                        <i class=\"icon icon-arrow-right\"><\/i>\n                    <\/div>\n                <\/div>\n                <\/a>\n            <\/div>\n                    <div class=\"medium-6 column\">\n                <div class=\"col-title\"><div class=\"inner\"><h2 data-equalizer-watch><\/h2><\/div><\/div>\n                <a href=\"https:\/\/learning.ontariocaregiver.ca\/?lang=fr_ca\" target=\"_blank\">\n                <div class=\"box\" style=\"background-image:url('https:\/\/ontariocaregiver.ca\/wp-content\/uploads\/2020\/05\/Young-Caregiver-Image-2-700x467.jpg');\">\n                    <div class=\"box-content\">\n                        Apprentissage en ligne et ressources \u00e9ducatives                    <\/div>\n                    <div class=\"arrow\">\n                        <i class=\"icon icon-arrow-right\"><\/i>\n                    <\/div>\n                <\/div>\n                <\/a>\n            <\/div>\n                    <div class=\"medium-6 column\">\n                <div class=\"col-title\"><div class=\"inner\"><h2 data-equalizer-watch><\/h2><\/div><\/div>\n                <a href=\"https:\/\/archive.ontariocaregiver.ca\/fr\/pour-aidants-naturels\/la-gestion-des-soins\/les-soins-de-sante-virtuels\/\" target=\"_blank\">\n                <div class=\"box\" style=\"background-image:url('https:\/\/ontariocaregiver.ca\/wp-content\/uploads\/2021\/12\/iStock-1035551284-700x467.jpg');\">\n                    <div class=\"box-content\">\n                        Les soins de sant\u00e9 virtuels                    <\/div>\n                    <div class=\"arrow\">\n                        <i class=\"icon icon-arrow-right\"><\/i>\n                    <\/div>\n                <\/div>\n                <\/a>\n            <\/div>\n                    <div class=\"medium-6 column\">\n                <div class=\"col-title\"><div class=\"inner\"><h2 data-equalizer-watch><\/h2><\/div><\/div>\n                <a href=\"https:\/\/archive.ontariocaregiver.ca\/fr\/la-planification-prealable-des-soins\/\" target=\"_blank\">\n                <div class=\"box\" style=\"background-image:url('https:\/\/ontariocaregiver.ca\/wp-content\/uploads\/2022\/04\/iStock-619656080-700x467.jpg');\">\n                    <div class=\"box-content\">\n                        La planification pr\u00e9alable des soins                    <\/div>\n                    <div class=\"arrow\">\n                        <i class=\"icon icon-arrow-right\"><\/i>\n                    <\/div>\n                <\/div>\n                <\/a>\n            <\/div>\n                    <div class=\"medium-6 column\">\n                <div class=\"col-title\"><div class=\"inner\"><h2 data-equalizer-watch><\/h2><\/div><\/div>\n                <a href=\"https:\/\/archive.ontariocaregiver.ca\/fr\/pour-aidants-naturels\/prestations-de-soins\/soins-palliatifs-et-de-fin-de-vie\/\" target=\"_blank\">\n                <div class=\"box\" style=\"background-image:url('https:\/\/ontariocaregiver.ca\/wp-content\/uploads\/2022\/03\/iStock-1292650007-700x467.jpg');\">\n                    <div class=\"box-content\">\n                        Soins palliatifs et de fin de vie                    <\/div>\n                    <div class=\"arrow\">\n                        <i class=\"icon icon-arrow-right\"><\/i>\n                    <\/div>\n                <\/div>\n                <\/a>\n            <\/div>\n            <\/div>\n<\/div>\n","protected":false},"excerpt":{"rendered":"","protected":false},"author":7,"featured_media":2130,"parent":12645,"menu_order":0,"comment_status":"closed","ping_status":"closed","template":"","meta":{"_acf_changed":false,"_relevanssi_hide_post":"","_relevanssi_hide_content":"","_relevanssi_pin_for_all":"","_relevanssi_pin_keywords":"","_relevanssi_unpin_keywords":"","_relevanssi_related_keywords":"","_relevanssi_related_include_ids":"","_relevanssi_related_exclude_ids":"","_relevanssi_related_no_append":"","_relevanssi_related_not_related":"","_relevanssi_related_posts":"7429,7899,13464,12694,10342,2001","_relevanssi_noindex_reason":"","_price":"","_stock":"","_tribe_ticket_header":"","_tribe_default_ticket_provider":"","_tribe_ticket_capacity":"0","_ticket_start_date":"","_ticket_end_date":"","_tribe_ticket_show_description":"","_tribe_ticket_show_not_going":false,"_tribe_ticket_use_global_stock":"","_tribe_ticket_global_stock_level":"","_global_stock_mode":"","_global_stock_cap":"","_tribe_rsvp_for_event":"","_tribe_ticket_going_count":"","_tribe_ticket_not_going_count":"","_tribe_tickets_list":[],"_tribe_ticket_has_attendee_info_fields":false,"footnotes":""},"class_list":["post-15683","page","type-page","status-publish","has-post-thumbnail","hentry"],"acf":[],"yoast_head":"<!-- This site is optimized with the Yoast SEO plugin v25.8 - https:\/\/yoast.com\/wordpress\/plugins\/seo\/ -->\n<title>La gestion des soins - Organisme de soutien aux aidants naturels de l\u2019Ontario<\/title>\n<meta name=\"robots\" content=\"noindex, follow, max-snippet:-1, max-image-preview:large, max-video-preview:-1\" \/>\n<meta property=\"og:locale\" content=\"fr_FR\" \/>\n<meta property=\"og:type\" content=\"article\" \/>\n<meta property=\"og:title\" content=\"La gestion des soins - Organisme de soutien aux aidants naturels de l\u2019Ontario\" \/>\n<meta property=\"og:url\" content=\"https:\/\/archive.ontariocaregiver.ca\/fr\/pour-aidants-naturels\/la-gestion-des-soins\/\" \/>\n<meta property=\"og:site_name\" content=\"Organisme de soutien aux aidants naturels de l\u2019Ontario\" \/>\n<meta property=\"article:modified_time\" content=\"2022-05-02T17:24:28+00:00\" \/>\n<meta property=\"og:image\" content=\"https:\/\/ontariocaregiver.ca\/wp-content\/uploads\/2020\/03\/OCO-Caregiver-Cafe-Image-scaled.jpg\" \/>\n\t<meta property=\"og:image:width\" content=\"2560\" \/>\n\t<meta property=\"og:image:height\" content=\"1707\" \/>\n\t<meta property=\"og:image:type\" content=\"image\/jpeg\" \/>\n<meta name=\"twitter:card\" content=\"summary_large_image\" \/>\n<script type=\"application\/ld+json\" class=\"yoast-schema-graph\">{\"@context\":\"https:\/\/schema.org\",\"@graph\":[{\"@type\":\"WebPage\",\"@id\":\"https:\/\/archive.ontariocaregiver.ca\/fr\/pour-aidants-naturels\/la-gestion-des-soins\/\",\"url\":\"https:\/\/archive.ontariocaregiver.ca\/fr\/pour-aidants-naturels\/la-gestion-des-soins\/\",\"name\":\"La gestion des soins - Organisme de soutien aux aidants naturels de l\u2019Ontario\",\"isPartOf\":{\"@id\":\"https:\/\/archive.ontariocaregiver.ca\/fr\/#website\"},\"primaryImageOfPage\":{\"@id\":\"https:\/\/archive.ontariocaregiver.ca\/fr\/pour-aidants-naturels\/la-gestion-des-soins\/#primaryimage\"},\"image\":{\"@id\":\"https:\/\/archive.ontariocaregiver.ca\/fr\/pour-aidants-naturels\/la-gestion-des-soins\/#primaryimage\"},\"thumbnailUrl\":\"https:\/\/ontariocaregiver.ca\/wp-content\/uploads\/2020\/03\/OCO-Caregiver-Cafe-Image-scaled.jpg\",\"datePublished\":\"2021-12-23T21:55:57+00:00\",\"dateModified\":\"2022-05-02T17:24:28+00:00\",\"breadcrumb\":{\"@id\":\"https:\/\/archive.ontariocaregiver.ca\/fr\/pour-aidants-naturels\/la-gestion-des-soins\/#breadcrumb\"},\"inLanguage\":\"fr-FR\",\"potentialAction\":[{\"@type\":\"ReadAction\",\"target\":[\"https:\/\/archive.ontariocaregiver.ca\/fr\/pour-aidants-naturels\/la-gestion-des-soins\/\"]}]},{\"@type\":\"ImageObject\",\"inLanguage\":\"fr-FR\",\"@id\":\"https:\/\/archive.ontariocaregiver.ca\/fr\/pour-aidants-naturels\/la-gestion-des-soins\/#primaryimage\",\"url\":\"https:\/\/ontariocaregiver.ca\/wp-content\/uploads\/2020\/03\/OCO-Caregiver-Cafe-Image-scaled.jpg\",\"contentUrl\":\"https:\/\/ontariocaregiver.ca\/wp-content\/uploads\/2020\/03\/OCO-Caregiver-Cafe-Image-scaled.jpg\",\"width\":2560,\"height\":1707,\"caption\":\"Serious senior woman using tablet computer indoors seems concerned\"},{\"@type\":\"BreadcrumbList\",\"@id\":\"https:\/\/archive.ontariocaregiver.ca\/fr\/pour-aidants-naturels\/la-gestion-des-soins\/#breadcrumb\",\"itemListElement\":[{\"@type\":\"ListItem\",\"position\":1,\"name\":\"Page principale\",\"item\":\"https:\/\/archive.ontariocaregiver.ca\/fr\/\"},{\"@type\":\"ListItem\",\"position\":2,\"name\":\"Soutien pour personnes aidantes naturelles\",\"item\":\"https:\/\/archive.ontariocaregiver.ca\/fr\/pour-aidants-naturels\/\"},{\"@type\":\"ListItem\",\"position\":3,\"name\":\"La gestion des soins\"}]},{\"@type\":\"WebSite\",\"@id\":\"https:\/\/archive.ontariocaregiver.ca\/fr\/#website\",\"url\":\"https:\/\/archive.ontariocaregiver.ca\/fr\/\",\"name\":\"Organisme de soutien aux aidants naturels de l\u2019Ontario\",\"description\":\"\",\"potentialAction\":[{\"@type\":\"SearchAction\",\"target\":{\"@type\":\"EntryPoint\",\"urlTemplate\":\"https:\/\/archive.ontariocaregiver.ca\/fr\/?s={search_term_string}\"},\"query-input\":{\"@type\":\"PropertyValueSpecification\",\"valueRequired\":true,\"valueName\":\"search_term_string\"}}],\"inLanguage\":\"fr-FR\"}]}<\/script>\n<!-- \/ Yoast SEO plugin. -->","yoast_head_json":{"title":"La gestion des soins - Organisme de soutien aux aidants naturels de l\u2019Ontario","robots":{"index":"noindex","follow":"follow","max-snippet":"max-snippet:-1","max-image-preview":"max-image-preview:large","max-video-preview":"max-video-preview:-1"},"og_locale":"fr_FR","og_type":"article","og_title":"La gestion des soins - Organisme de soutien aux aidants naturels de l\u2019Ontario","og_url":"https:\/\/archive.ontariocaregiver.ca\/fr\/pour-aidants-naturels\/la-gestion-des-soins\/","og_site_name":"Organisme de soutien aux aidants naturels de l\u2019Ontario","article_modified_time":"2022-05-02T17:24:28+00:00","og_image":[{"width":2560,"height":1707,"url":"https:\/\/ontariocaregiver.ca\/wp-content\/uploads\/2020\/03\/OCO-Caregiver-Cafe-Image-scaled.jpg","type":"image\/jpeg"}],"twitter_card":"summary_large_image","schema":{"@context":"https:\/\/schema.org","@graph":[{"@type":"WebPage","@id":"https:\/\/archive.ontariocaregiver.ca\/fr\/pour-aidants-naturels\/la-gestion-des-soins\/","url":"https:\/\/archive.ontariocaregiver.ca\/fr\/pour-aidants-naturels\/la-gestion-des-soins\/","name":"La gestion des soins - Organisme de soutien aux aidants naturels de l\u2019Ontario","isPartOf":{"@id":"https:\/\/archive.ontariocaregiver.ca\/fr\/#website"},"primaryImageOfPage":{"@id":"https:\/\/archive.ontariocaregiver.ca\/fr\/pour-aidants-naturels\/la-gestion-des-soins\/#primaryimage"},"image":{"@id":"https:\/\/archive.ontariocaregiver.ca\/fr\/pour-aidants-naturels\/la-gestion-des-soins\/#primaryimage"},"thumbnailUrl":"https:\/\/ontariocaregiver.ca\/wp-content\/uploads\/2020\/03\/OCO-Caregiver-Cafe-Image-scaled.jpg","datePublished":"2021-12-23T21:55:57+00:00","dateModified":"2022-05-02T17:24:28+00:00","breadcrumb":{"@id":"https:\/\/archive.ontariocaregiver.ca\/fr\/pour-aidants-naturels\/la-gestion-des-soins\/#breadcrumb"},"inLanguage":"fr-FR","potentialAction":[{"@type":"ReadAction","target":["https:\/\/archive.ontariocaregiver.ca\/fr\/pour-aidants-naturels\/la-gestion-des-soins\/"]}]},{"@type":"ImageObject","inLanguage":"fr-FR","@id":"https:\/\/archive.ontariocaregiver.ca\/fr\/pour-aidants-naturels\/la-gestion-des-soins\/#primaryimage","url":"https:\/\/ontariocaregiver.ca\/wp-content\/uploads\/2020\/03\/OCO-Caregiver-Cafe-Image-scaled.jpg","contentUrl":"https:\/\/ontariocaregiver.ca\/wp-content\/uploads\/2020\/03\/OCO-Caregiver-Cafe-Image-scaled.jpg","width":2560,"height":1707,"caption":"Serious senior woman using tablet computer indoors seems concerned"},{"@type":"BreadcrumbList","@id":"https:\/\/archive.ontariocaregiver.ca\/fr\/pour-aidants-naturels\/la-gestion-des-soins\/#breadcrumb","itemListElement":[{"@type":"ListItem","position":1,"name":"Page principale","item":"https:\/\/archive.ontariocaregiver.ca\/fr\/"},{"@type":"ListItem","position":2,"name":"Soutien pour personnes aidantes naturelles","item":"https:\/\/archive.ontariocaregiver.ca\/fr\/pour-aidants-naturels\/"},{"@type":"ListItem","position":3,"name":"La gestion des soins"}]},{"@type":"WebSite","@id":"https:\/\/archive.ontariocaregiver.ca\/fr\/#website","url":"https:\/\/archive.ontariocaregiver.ca\/fr\/","name":"Organisme de soutien aux aidants naturels de l\u2019Ontario","description":"","potentialAction":[{"@type":"SearchAction","target":{"@type":"EntryPoint","urlTemplate":"https:\/\/archive.ontariocaregiver.ca\/fr\/?s={search_term_string}"},"query-input":{"@type":"PropertyValueSpecification","valueRequired":true,"valueName":"search_term_string"}}],"inLanguage":"fr-FR"}]}},"ticketed":false,"_links":{"self":[{"href":"https:\/\/archive.ontariocaregiver.ca\/fr\/wp-json\/wp\/v2\/pages\/15683","targetHints":{"allow":["GET"]}}],"collection":[{"href":"https:\/\/archive.ontariocaregiver.ca\/fr\/wp-json\/wp\/v2\/pages"}],"about":[{"href":"https:\/\/archive.ontariocaregiver.ca\/fr\/wp-json\/wp\/v2\/types\/page"}],"author":[{"embeddable":true,"href":"https:\/\/archive.ontariocaregiver.ca\/fr\/wp-json\/wp\/v2\/users\/7"}],"replies":[{"embeddable":true,"href":"https:\/\/archive.ontariocaregiver.ca\/fr\/wp-json\/wp\/v2\/comments?post=15683"}],"version-history":[{"count":10,"href":"https:\/\/archive.ontariocaregiver.ca\/fr\/wp-json\/wp\/v2\/pages\/15683\/revisions"}],"predecessor-version":[{"id":17985,"href":"https:\/\/archive.ontariocaregiver.ca\/fr\/wp-json\/wp\/v2\/pages\/15683\/revisions\/17985"}],"up":[{"embeddable":true,"href":"https:\/\/archive.ontariocaregiver.ca\/fr\/wp-json\/wp\/v2\/pages\/12645"}],"wp:featuredmedia":[{"embeddable":true,"href":"https:\/\/archive.ontariocaregiver.ca\/fr\/wp-json\/wp\/v2\/media\/2130"}],"wp:attachment":[{"href":"https:\/\/archive.ontariocaregiver.ca\/fr\/wp-json\/wp\/v2\/media?parent=15683"}],"curies":[{"name":"wp","href":"https:\/\/api.w.org\/{rel}","templated":true}]}}