{"id":15681,"date":"2021-12-23T16:55:22","date_gmt":"2021-12-23T21:55:22","guid":{"rendered":"https:\/\/archive.ontariocaregiver.ca\/?page_id=15681"},"modified":"2021-12-23T16:57:57","modified_gmt":"2021-12-23T21:57:57","slug":"les-soins-de-sante-virtuels","status":"publish","type":"page","link":"https:\/\/archive.ontariocaregiver.ca\/fr\/pour-aidants-naturels\/la-gestion-des-soins\/les-soins-de-sante-virtuels\/","title":{"rendered":"Les soins de sant\u00e9 virtuels"},"content":{"rendered":"\n<h1 class=\"wp-block-heading\"><strong>Qu\u2019est-ce qu\u2019une consultation m\u00e9dicale en ligne?<\/strong><\/h1>\n\n\n\n<p>Consulter un m\u00e9decin en ligne pour des conseils m\u00e9dicaux, des examens et des renouvellements d\u2019ordonnance est devenu une option viable pour de nombreux patients en Ontario. Une consultation m\u00e9dicale en ligne est pratique, vous n\u2019avez pas \u00e0 vous rendre dans une clinique. Vous pouvez b\u00e9n\u00e9ficier d\u2019un rendez-vous confortablement, de chez vous, sans avoir \u00e0 d\u00e9penser d\u2019argent pour le stationnement et autres.<\/p>\n\n\n\n<p>Cependant, en tant que personne aidante naturelle, vous vous demandez peut-\u00eatre dans quels cas les consultations en ligne sont les plus appropri\u00e9es, ou encore comment planifier et tirer le meilleur parti des rendez-vous en ligne de vos b\u00e9n\u00e9ficiaires de soins.<\/p>\n\n\n\n<p>Le&nbsp;<a href=\"https:\/\/virtualcareresearch.com\/\" target=\"_blank\" rel=\"noreferrer noopener\">Virtual Health Research Group<\/a> <em>(site disponible en anglais seulement)<\/em>&nbsp;a cr\u00e9\u00e9 des guides pour vous aider \u00e0 planifier une consultation m\u00e9dicale en ligne de mani\u00e8re efficace. Les guides sont fond\u00e9s sur des recherches et sont test\u00e9s par des patients et des personnes aidantes naturelles. Veuillez consulter les liens ci-dessous pour obtenir plus d\u2019informations. <em>Veuillez noter que les guides ci-dessous sont disponibles en anglais seulement.<\/em><\/p>\n\n\n\n<p>Guides :<\/p>\n\n\n\n<ul class=\"wp-block-list\"><li><a href=\"https:\/\/virtualcareresearch.com\/is-virtual-health-care-right-for-my-medical-condition\" target=\"_blank\" rel=\"noreferrer noopener\">Is a virtual care appointment right for my medical condition?<\/a> <em>(Une consultation m\u00e9dicale en ligne est-elle adapt\u00e9e \u00e0 mon \u00e9tat de sant\u00e9?)<\/em><\/li><li><a href=\"https:\/\/virtualcareresearch.com\/how-to-prepare-for-your-virtual-health-care-appointment\" target=\"_blank\" rel=\"noreferrer noopener\">Get ready for your appointment!<\/a> <em>(Pr\u00e9parez-vous pour votre rendez-vous!)<\/em><\/li><li><a href=\"https:\/\/virtualcareresearch.com\/choice-and-privacy-during-your-virtual-health-care-appointment\" target=\"_blank\" rel=\"noreferrer noopener\">Privacy and Consent<\/a> <em>(Confidentialit\u00e9 et consentement)<\/em><\/li><li><a href=\"https:\/\/virtualcareresearch.com\/technology-tips\" target=\"_blank\" rel=\"noreferrer noopener\">Technology tips<\/a>&nbsp;<em>(Conseils en mati\u00e8re de technologie)<\/em><\/li><li><a href=\"https:\/\/virtualcareresearch.com\/wp-content\/uploads\/2021\/09\/caregiver-guide.pdf\" target=\"_blank\" rel=\"noreferrer noopener\">Caregiver guide to virtual care appointments<\/a> <em>(Guide concernant les consultations m\u00e9dicales en ligne \u00e0 l&rsquo;intention des personnes aidantes naturelles)<\/em><\/li><\/ul>\n\n\n\n<p>Pour en savoir plus sur le projet et la recherche, consultez le site du Health Research Group \u00e0 l\u2019adresse <a href=\"https:\/\/virtualcareresearch.com\/\" target=\"_blank\" rel=\"noreferrer noopener\">https:\/\/virtualcareresearch.com\/<\/a> ou envoyez-leur un courriel \u00e0 l\u2019adresse <a href=\"mailto:info@virtualcareresearch.com\">info@virtualcareresearch.com<\/a>.<\/p>\n","protected":false},"excerpt":{"rendered":"<p>Qu\u2019est-ce qu\u2019une consultation m\u00e9dicale en ligne? Consulter un m\u00e9decin en ligne pour des conseils m\u00e9dicaux, des examens et des renouvellements d\u2019ordonnance est devenu une..<\/p>\n","protected":false},"author":7,"featured_media":15674,"parent":15683,"menu_order":0,"comment_status":"closed","ping_status":"closed","template":"","meta":{"_acf_changed":false,"_relevanssi_hide_post":"","_relevanssi_hide_content":"","_relevanssi_pin_for_all":"","_relevanssi_pin_keywords":"","_relevanssi_unpin_keywords":"","_relevanssi_related_keywords":"","_relevanssi_related_include_ids":"","_relevanssi_related_exclude_ids":"","_relevanssi_related_no_append":"","_relevanssi_related_not_related":"","_relevanssi_related_posts":"","_relevanssi_noindex_reason":"","_price":"","_stock":"","_tribe_ticket_header":"","_tribe_default_ticket_provider":"","_tribe_ticket_capacity":"0","_ticket_start_date":"","_ticket_end_date":"","_tribe_ticket_show_description":"","_tribe_ticket_show_not_going":false,"_tribe_ticket_use_global_stock":"","_tribe_ticket_global_stock_level":"","_global_stock_mode":"","_global_stock_cap":"","_tribe_rsvp_for_event":"","_tribe_ticket_going_count":"","_tribe_ticket_not_going_count":"","_tribe_tickets_list":[],"_tribe_ticket_has_attendee_info_fields":false,"footnotes":""},"class_list":["post-15681","page","type-page","status-publish","has-post-thumbnail","hentry"],"acf":[],"yoast_head":"<!-- This site is optimized with the Yoast SEO plugin v25.8 - https:\/\/yoast.com\/wordpress\/plugins\/seo\/ -->\n<title>Les soins de sant\u00e9 virtuels - Organisme de soutien aux aidants naturels de l\u2019Ontario<\/title>\n<meta name=\"robots\" content=\"noindex, follow, max-snippet:-1, max-image-preview:large, max-video-preview:-1\" \/>\n<meta property=\"og:locale\" content=\"fr_FR\" \/>\n<meta property=\"og:type\" content=\"article\" \/>\n<meta property=\"og:title\" content=\"Les soins de sant\u00e9 virtuels - Organisme de soutien aux aidants naturels de l\u2019Ontario\" \/>\n<meta property=\"og:description\" content=\"Qu\u2019est-ce qu\u2019une consultation m\u00e9dicale en ligne? Consulter un m\u00e9decin en ligne pour des conseils m\u00e9dicaux, des examens et des renouvellements d\u2019ordonnance est devenu une..\" \/>\n<meta property=\"og:url\" content=\"https:\/\/archive.ontariocaregiver.ca\/fr\/pour-aidants-naturels\/la-gestion-des-soins\/les-soins-de-sante-virtuels\/\" \/>\n<meta property=\"og:site_name\" content=\"Organisme de soutien aux aidants naturels de l\u2019Ontario\" \/>\n<meta property=\"article:modified_time\" content=\"2021-12-23T21:57:57+00:00\" \/>\n<meta property=\"og:image\" content=\"https:\/\/ontariocaregiver.ca\/wp-content\/uploads\/2021\/12\/iStock-1035551284.jpg\" \/>\n\t<meta property=\"og:image:width\" content=\"2120\" \/>\n\t<meta property=\"og:image:height\" content=\"1415\" \/>\n\t<meta property=\"og:image:type\" content=\"image\/jpeg\" \/>\n<meta name=\"twitter:card\" content=\"summary_large_image\" \/>\n<meta name=\"twitter:label1\" content=\"Dur\u00e9e de lecture estim\u00e9e\" \/>\n\t<meta name=\"twitter:data1\" content=\"2 minutes\" \/>\n<script type=\"application\/ld+json\" class=\"yoast-schema-graph\">{\"@context\":\"https:\/\/schema.org\",\"@graph\":[{\"@type\":\"WebPage\",\"@id\":\"https:\/\/archive.ontariocaregiver.ca\/fr\/pour-aidants-naturels\/la-gestion-des-soins\/les-soins-de-sante-virtuels\/\",\"url\":\"https:\/\/archive.ontariocaregiver.ca\/fr\/pour-aidants-naturels\/la-gestion-des-soins\/les-soins-de-sante-virtuels\/\",\"name\":\"Les soins de sant\u00e9 virtuels - Organisme de soutien aux aidants naturels de l\u2019Ontario\",\"isPartOf\":{\"@id\":\"https:\/\/archive.ontariocaregiver.ca\/fr\/#website\"},\"primaryImageOfPage\":{\"@id\":\"https:\/\/archive.ontariocaregiver.ca\/fr\/pour-aidants-naturels\/la-gestion-des-soins\/les-soins-de-sante-virtuels\/#primaryimage\"},\"image\":{\"@id\":\"https:\/\/archive.ontariocaregiver.ca\/fr\/pour-aidants-naturels\/la-gestion-des-soins\/les-soins-de-sante-virtuels\/#primaryimage\"},\"thumbnailUrl\":\"https:\/\/ontariocaregiver.ca\/wp-content\/uploads\/2021\/12\/iStock-1035551284.jpg\",\"datePublished\":\"2021-12-23T21:55:22+00:00\",\"dateModified\":\"2021-12-23T21:57:57+00:00\",\"breadcrumb\":{\"@id\":\"https:\/\/archive.ontariocaregiver.ca\/fr\/pour-aidants-naturels\/la-gestion-des-soins\/les-soins-de-sante-virtuels\/#breadcrumb\"},\"inLanguage\":\"fr-FR\",\"potentialAction\":[{\"@type\":\"ReadAction\",\"target\":[\"https:\/\/archive.ontariocaregiver.ca\/fr\/pour-aidants-naturels\/la-gestion-des-soins\/les-soins-de-sante-virtuels\/\"]}]},{\"@type\":\"ImageObject\",\"inLanguage\":\"fr-FR\",\"@id\":\"https:\/\/archive.ontariocaregiver.ca\/fr\/pour-aidants-naturels\/la-gestion-des-soins\/les-soins-de-sante-virtuels\/#primaryimage\",\"url\":\"https:\/\/ontariocaregiver.ca\/wp-content\/uploads\/2021\/12\/iStock-1035551284.jpg\",\"contentUrl\":\"https:\/\/ontariocaregiver.ca\/wp-content\/uploads\/2021\/12\/iStock-1035551284.jpg\",\"width\":2120,\"height\":1415,\"caption\":\"Un couple consulte des documents devant leur ordinateur portable \u00e0 la maison\"},{\"@type\":\"BreadcrumbList\",\"@id\":\"https:\/\/archive.ontariocaregiver.ca\/fr\/pour-aidants-naturels\/la-gestion-des-soins\/les-soins-de-sante-virtuels\/#breadcrumb\",\"itemListElement\":[{\"@type\":\"ListItem\",\"position\":1,\"name\":\"Page principale\",\"item\":\"https:\/\/archive.ontariocaregiver.ca\/fr\/\"},{\"@type\":\"ListItem\",\"position\":2,\"name\":\"Soutien pour personnes aidantes naturelles\",\"item\":\"https:\/\/archive.ontariocaregiver.ca\/fr\/pour-aidants-naturels\/\"},{\"@type\":\"ListItem\",\"position\":3,\"name\":\"La gestion des soins\",\"item\":\"https:\/\/archive.ontariocaregiver.ca\/fr\/for-caregivers\/managing-care\/\"},{\"@type\":\"ListItem\",\"position\":4,\"name\":\"Les soins de sant\u00e9 virtuels\"}]},{\"@type\":\"WebSite\",\"@id\":\"https:\/\/archive.ontariocaregiver.ca\/fr\/#website\",\"url\":\"https:\/\/archive.ontariocaregiver.ca\/fr\/\",\"name\":\"Organisme de soutien aux aidants naturels de l\u2019Ontario\",\"description\":\"\",\"potentialAction\":[{\"@type\":\"SearchAction\",\"target\":{\"@type\":\"EntryPoint\",\"urlTemplate\":\"https:\/\/archive.ontariocaregiver.ca\/fr\/?s={search_term_string}\"},\"query-input\":{\"@type\":\"PropertyValueSpecification\",\"valueRequired\":true,\"valueName\":\"search_term_string\"}}],\"inLanguage\":\"fr-FR\"}]}<\/script>\n<!-- \/ Yoast SEO plugin. -->","yoast_head_json":{"title":"Les soins de sant\u00e9 virtuels - Organisme de soutien aux aidants naturels de l\u2019Ontario","robots":{"index":"noindex","follow":"follow","max-snippet":"max-snippet:-1","max-image-preview":"max-image-preview:large","max-video-preview":"max-video-preview:-1"},"og_locale":"fr_FR","og_type":"article","og_title":"Les soins de sant\u00e9 virtuels - Organisme de soutien aux aidants naturels de l\u2019Ontario","og_description":"Qu\u2019est-ce qu\u2019une consultation m\u00e9dicale en ligne? Consulter un m\u00e9decin en ligne pour des conseils m\u00e9dicaux, des examens et des renouvellements d\u2019ordonnance est devenu une..","og_url":"https:\/\/archive.ontariocaregiver.ca\/fr\/pour-aidants-naturels\/la-gestion-des-soins\/les-soins-de-sante-virtuels\/","og_site_name":"Organisme de soutien aux aidants naturels de l\u2019Ontario","article_modified_time":"2021-12-23T21:57:57+00:00","og_image":[{"width":2120,"height":1415,"url":"https:\/\/ontariocaregiver.ca\/wp-content\/uploads\/2021\/12\/iStock-1035551284.jpg","type":"image\/jpeg"}],"twitter_card":"summary_large_image","twitter_misc":{"Dur\u00e9e de lecture estim\u00e9e":"2 minutes"},"schema":{"@context":"https:\/\/schema.org","@graph":[{"@type":"WebPage","@id":"https:\/\/archive.ontariocaregiver.ca\/fr\/pour-aidants-naturels\/la-gestion-des-soins\/les-soins-de-sante-virtuels\/","url":"https:\/\/archive.ontariocaregiver.ca\/fr\/pour-aidants-naturels\/la-gestion-des-soins\/les-soins-de-sante-virtuels\/","name":"Les soins de sant\u00e9 virtuels - Organisme de soutien aux aidants naturels de l\u2019Ontario","isPartOf":{"@id":"https:\/\/archive.ontariocaregiver.ca\/fr\/#website"},"primaryImageOfPage":{"@id":"https:\/\/archive.ontariocaregiver.ca\/fr\/pour-aidants-naturels\/la-gestion-des-soins\/les-soins-de-sante-virtuels\/#primaryimage"},"image":{"@id":"https:\/\/archive.ontariocaregiver.ca\/fr\/pour-aidants-naturels\/la-gestion-des-soins\/les-soins-de-sante-virtuels\/#primaryimage"},"thumbnailUrl":"https:\/\/ontariocaregiver.ca\/wp-content\/uploads\/2021\/12\/iStock-1035551284.jpg","datePublished":"2021-12-23T21:55:22+00:00","dateModified":"2021-12-23T21:57:57+00:00","breadcrumb":{"@id":"https:\/\/archive.ontariocaregiver.ca\/fr\/pour-aidants-naturels\/la-gestion-des-soins\/les-soins-de-sante-virtuels\/#breadcrumb"},"inLanguage":"fr-FR","potentialAction":[{"@type":"ReadAction","target":["https:\/\/archive.ontariocaregiver.ca\/fr\/pour-aidants-naturels\/la-gestion-des-soins\/les-soins-de-sante-virtuels\/"]}]},{"@type":"ImageObject","inLanguage":"fr-FR","@id":"https:\/\/archive.ontariocaregiver.ca\/fr\/pour-aidants-naturels\/la-gestion-des-soins\/les-soins-de-sante-virtuels\/#primaryimage","url":"https:\/\/ontariocaregiver.ca\/wp-content\/uploads\/2021\/12\/iStock-1035551284.jpg","contentUrl":"https:\/\/ontariocaregiver.ca\/wp-content\/uploads\/2021\/12\/iStock-1035551284.jpg","width":2120,"height":1415,"caption":"Un couple consulte des documents devant leur ordinateur portable \u00e0 la maison"},{"@type":"BreadcrumbList","@id":"https:\/\/archive.ontariocaregiver.ca\/fr\/pour-aidants-naturels\/la-gestion-des-soins\/les-soins-de-sante-virtuels\/#breadcrumb","itemListElement":[{"@type":"ListItem","position":1,"name":"Page principale","item":"https:\/\/archive.ontariocaregiver.ca\/fr\/"},{"@type":"ListItem","position":2,"name":"Soutien pour personnes aidantes naturelles","item":"https:\/\/archive.ontariocaregiver.ca\/fr\/pour-aidants-naturels\/"},{"@type":"ListItem","position":3,"name":"La gestion des soins","item":"https:\/\/archive.ontariocaregiver.ca\/fr\/for-caregivers\/managing-care\/"},{"@type":"ListItem","position":4,"name":"Les soins de sant\u00e9 virtuels"}]},{"@type":"WebSite","@id":"https:\/\/archive.ontariocaregiver.ca\/fr\/#website","url":"https:\/\/archive.ontariocaregiver.ca\/fr\/","name":"Organisme de soutien aux aidants naturels de l\u2019Ontario","description":"","potentialAction":[{"@type":"SearchAction","target":{"@type":"EntryPoint","urlTemplate":"https:\/\/archive.ontariocaregiver.ca\/fr\/?s={search_term_string}"},"query-input":{"@type":"PropertyValueSpecification","valueRequired":true,"valueName":"search_term_string"}}],"inLanguage":"fr-FR"}]}},"ticketed":false,"_links":{"self":[{"href":"https:\/\/archive.ontariocaregiver.ca\/fr\/wp-json\/wp\/v2\/pages\/15681","targetHints":{"allow":["GET"]}}],"collection":[{"href":"https:\/\/archive.ontariocaregiver.ca\/fr\/wp-json\/wp\/v2\/pages"}],"about":[{"href":"https:\/\/archive.ontariocaregiver.ca\/fr\/wp-json\/wp\/v2\/types\/page"}],"author":[{"embeddable":true,"href":"https:\/\/archive.ontariocaregiver.ca\/fr\/wp-json\/wp\/v2\/users\/7"}],"replies":[{"embeddable":true,"href":"https:\/\/archive.ontariocaregiver.ca\/fr\/wp-json\/wp\/v2\/comments?post=15681"}],"version-history":[{"count":2,"href":"https:\/\/archive.ontariocaregiver.ca\/fr\/wp-json\/wp\/v2\/pages\/15681\/revisions"}],"predecessor-version":[{"id":15689,"href":"https:\/\/archive.ontariocaregiver.ca\/fr\/wp-json\/wp\/v2\/pages\/15681\/revisions\/15689"}],"up":[{"embeddable":true,"href":"https:\/\/archive.ontariocaregiver.ca\/fr\/wp-json\/wp\/v2\/pages\/15683"}],"wp:featuredmedia":[{"embeddable":true,"href":"https:\/\/archive.ontariocaregiver.ca\/fr\/wp-json\/wp\/v2\/media\/15674"}],"wp:attachment":[{"href":"https:\/\/archive.ontariocaregiver.ca\/fr\/wp-json\/wp\/v2\/media?parent=15681"}],"curies":[{"name":"wp","href":"https:\/\/api.w.org\/{rel}","templated":true}]}}