{"id":1363,"date":"2020-01-21T16:21:27","date_gmt":"2020-01-21T21:21:27","guid":{"rendered":"https:\/\/archive.ontariocaregiver.ca\/caregiving-information-search\/"},"modified":"2022-12-21T12:46:08","modified_gmt":"2022-12-21T17:46:08","slug":"recherche-dinformations-sur-les-soins","status":"publish","type":"page","link":"https:\/\/archive.ontariocaregiver.ca\/fr\/recherche-dinformations-sur-les-soins\/","title":{"rendered":"Recherche d&rsquo;informations sur les soins"},"content":{"rendered":"\n<p><strong>Cette page est en train d\u2019\u00eatre mise \u00e0 jour. Veuillez utiliser la base de donn\u00e9es 211 pour trouver\u00a0<a href=\"https:\/\/can01.safelinks.protection.outlook.com\/?url=https%3A%2F%2F211ontario.ca%2Frecherche%2F&amp;data=05%7C01%7Creneen%40ontariocaregiver.ca%7C67bc31e7489f43a5c73c08dae2df64d6%7C3969d36c1e934f69b34c089819ae5e00%7C0%7C0%7C638071746349853980%7CUnknown%7CTWFpbGZsb3d8eyJWIjoiMC4wLjAwMDAiLCJQIjoiV2luMzIiLCJBTiI6Ik1haWwiLCJXVCI6Mn0%3D%7C2000%7C%7C%7C&amp;sdata=DaAGsTpUrM%2F12jVWL4%2BPRDyljhS7UF%2FYDb%2BeTkJcy5o%3D&amp;reserved=0\" target=\"_blank\" rel=\"noreferrer noopener\">un service pr\u00e8s de chez vous<\/a>\u00a0ou contactez notre ligne d\u2019assistance 24\/7\u00a0<a href=\"tel:18334162273\" target=\"_blank\" rel=\"noreferrer noopener\">1-833-416-2273<\/a>.<\/strong><\/p>\n","protected":false},"excerpt":{"rendered":"<p>Cette page est en train d\u2019\u00eatre mise \u00e0 jour. Veuillez utiliser la base de donn\u00e9es 211 pour trouver\u00a0un service pr\u00e8s de chez vous\u00a0ou contactez..<\/p>\n","protected":false},"author":1,"featured_media":0,"parent":0,"menu_order":0,"comment_status":"closed","ping_status":"closed","template":"page-information.php","meta":{"_acf_changed":false,"_relevanssi_hide_post":"","_relevanssi_hide_content":"","_relevanssi_pin_for_all":"","_relevanssi_pin_keywords":"","_relevanssi_unpin_keywords":"","_relevanssi_related_keywords":"","_relevanssi_related_include_ids":"","_relevanssi_related_exclude_ids":"","_relevanssi_related_no_append":"","_relevanssi_related_not_related":"","_relevanssi_related_posts":"11439,8419,9322,17687,12711,17539","_relevanssi_noindex_reason":"","_price":"","_stock":"","_tribe_ticket_header":"","_tribe_default_ticket_provider":"","_tribe_ticket_capacity":"0","_ticket_start_date":"","_ticket_end_date":"","_tribe_ticket_show_description":"","_tribe_ticket_show_not_going":false,"_tribe_ticket_use_global_stock":"","_tribe_ticket_global_stock_level":"","_global_stock_mode":"","_global_stock_cap":"","_tribe_rsvp_for_event":"","_tribe_ticket_going_count":"","_tribe_ticket_not_going_count":"","_tribe_tickets_list":[],"_tribe_ticket_has_attendee_info_fields":false,"footnotes":""},"class_list":["post-1363","page","type-page","status-publish","hentry"],"acf":[],"yoast_head":"<!-- This site is optimized with the Yoast SEO plugin v25.8 - https:\/\/yoast.com\/wordpress\/plugins\/seo\/ -->\n<title>Recherche d&#039;informations sur les soins - Organisme de soutien aux aidants naturels de l\u2019Ontario<\/title>\n<meta name=\"robots\" content=\"noindex, follow, max-snippet:-1, max-image-preview:large, max-video-preview:-1\" \/>\n<meta property=\"og:locale\" content=\"fr_FR\" \/>\n<meta property=\"og:type\" content=\"article\" \/>\n<meta property=\"og:title\" content=\"Recherche d&#039;informations sur les soins - Organisme de soutien aux aidants naturels de l\u2019Ontario\" \/>\n<meta property=\"og:description\" content=\"Cette page est en train d\u2019\u00eatre mise \u00e0 jour. Veuillez utiliser la base de donn\u00e9es 211 pour trouver\u00a0un service pr\u00e8s de chez vous\u00a0ou contactez..\" \/>\n<meta property=\"og:url\" content=\"https:\/\/archive.ontariocaregiver.ca\/fr\/recherche-dinformations-sur-les-soins\/\" \/>\n<meta property=\"og:site_name\" content=\"Organisme de soutien aux aidants naturels de l\u2019Ontario\" \/>\n<meta property=\"article:modified_time\" content=\"2022-12-21T17:46:08+00:00\" \/>\n<meta name=\"twitter:card\" content=\"summary_large_image\" \/>\n<meta name=\"twitter:label1\" content=\"Dur\u00e9e de lecture estim\u00e9e\" \/>\n\t<meta name=\"twitter:data1\" content=\"1 minute\" \/>\n<script type=\"application\/ld+json\" class=\"yoast-schema-graph\">{\"@context\":\"https:\/\/schema.org\",\"@graph\":[{\"@type\":\"WebPage\",\"@id\":\"https:\/\/archive.ontariocaregiver.ca\/fr\/recherche-dinformations-sur-les-soins\/\",\"url\":\"https:\/\/archive.ontariocaregiver.ca\/fr\/recherche-dinformations-sur-les-soins\/\",\"name\":\"Recherche d'informations sur les soins - Organisme de soutien aux aidants naturels de l\u2019Ontario\",\"isPartOf\":{\"@id\":\"https:\/\/archive.ontariocaregiver.ca\/fr\/#website\"},\"datePublished\":\"2020-01-21T21:21:27+00:00\",\"dateModified\":\"2022-12-21T17:46:08+00:00\",\"breadcrumb\":{\"@id\":\"https:\/\/archive.ontariocaregiver.ca\/fr\/recherche-dinformations-sur-les-soins\/#breadcrumb\"},\"inLanguage\":\"fr-FR\",\"potentialAction\":[{\"@type\":\"ReadAction\",\"target\":[\"https:\/\/archive.ontariocaregiver.ca\/fr\/recherche-dinformations-sur-les-soins\/\"]}]},{\"@type\":\"BreadcrumbList\",\"@id\":\"https:\/\/archive.ontariocaregiver.ca\/fr\/recherche-dinformations-sur-les-soins\/#breadcrumb\",\"itemListElement\":[{\"@type\":\"ListItem\",\"position\":1,\"name\":\"Page principale\",\"item\":\"https:\/\/archive.ontariocaregiver.ca\/fr\/\"},{\"@type\":\"ListItem\",\"position\":2,\"name\":\"Recherche d&#8217;informations sur les soins\"}]},{\"@type\":\"WebSite\",\"@id\":\"https:\/\/archive.ontariocaregiver.ca\/fr\/#website\",\"url\":\"https:\/\/archive.ontariocaregiver.ca\/fr\/\",\"name\":\"Organisme de soutien aux aidants naturels de l\u2019Ontario\",\"description\":\"\",\"potentialAction\":[{\"@type\":\"SearchAction\",\"target\":{\"@type\":\"EntryPoint\",\"urlTemplate\":\"https:\/\/archive.ontariocaregiver.ca\/fr\/?s={search_term_string}\"},\"query-input\":{\"@type\":\"PropertyValueSpecification\",\"valueRequired\":true,\"valueName\":\"search_term_string\"}}],\"inLanguage\":\"fr-FR\"}]}<\/script>\n<!-- \/ Yoast SEO plugin. -->","yoast_head_json":{"title":"Recherche d'informations sur les soins - Organisme de soutien aux aidants naturels de l\u2019Ontario","robots":{"index":"noindex","follow":"follow","max-snippet":"max-snippet:-1","max-image-preview":"max-image-preview:large","max-video-preview":"max-video-preview:-1"},"og_locale":"fr_FR","og_type":"article","og_title":"Recherche d'informations sur les soins - Organisme de soutien aux aidants naturels de l\u2019Ontario","og_description":"Cette page est en train d\u2019\u00eatre mise \u00e0 jour. Veuillez utiliser la base de donn\u00e9es 211 pour trouver\u00a0un service pr\u00e8s de chez vous\u00a0ou contactez..","og_url":"https:\/\/archive.ontariocaregiver.ca\/fr\/recherche-dinformations-sur-les-soins\/","og_site_name":"Organisme de soutien aux aidants naturels de l\u2019Ontario","article_modified_time":"2022-12-21T17:46:08+00:00","twitter_card":"summary_large_image","twitter_misc":{"Dur\u00e9e de lecture estim\u00e9e":"1 minute"},"schema":{"@context":"https:\/\/schema.org","@graph":[{"@type":"WebPage","@id":"https:\/\/archive.ontariocaregiver.ca\/fr\/recherche-dinformations-sur-les-soins\/","url":"https:\/\/archive.ontariocaregiver.ca\/fr\/recherche-dinformations-sur-les-soins\/","name":"Recherche d'informations sur les soins - Organisme de soutien aux aidants naturels de l\u2019Ontario","isPartOf":{"@id":"https:\/\/archive.ontariocaregiver.ca\/fr\/#website"},"datePublished":"2020-01-21T21:21:27+00:00","dateModified":"2022-12-21T17:46:08+00:00","breadcrumb":{"@id":"https:\/\/archive.ontariocaregiver.ca\/fr\/recherche-dinformations-sur-les-soins\/#breadcrumb"},"inLanguage":"fr-FR","potentialAction":[{"@type":"ReadAction","target":["https:\/\/archive.ontariocaregiver.ca\/fr\/recherche-dinformations-sur-les-soins\/"]}]},{"@type":"BreadcrumbList","@id":"https:\/\/archive.ontariocaregiver.ca\/fr\/recherche-dinformations-sur-les-soins\/#breadcrumb","itemListElement":[{"@type":"ListItem","position":1,"name":"Page principale","item":"https:\/\/archive.ontariocaregiver.ca\/fr\/"},{"@type":"ListItem","position":2,"name":"Recherche d&#8217;informations sur les soins"}]},{"@type":"WebSite","@id":"https:\/\/archive.ontariocaregiver.ca\/fr\/#website","url":"https:\/\/archive.ontariocaregiver.ca\/fr\/","name":"Organisme de soutien aux aidants naturels de l\u2019Ontario","description":"","potentialAction":[{"@type":"SearchAction","target":{"@type":"EntryPoint","urlTemplate":"https:\/\/archive.ontariocaregiver.ca\/fr\/?s={search_term_string}"},"query-input":{"@type":"PropertyValueSpecification","valueRequired":true,"valueName":"search_term_string"}}],"inLanguage":"fr-FR"}]}},"ticketed":false,"_links":{"self":[{"href":"https:\/\/archive.ontariocaregiver.ca\/fr\/wp-json\/wp\/v2\/pages\/1363","targetHints":{"allow":["GET"]}}],"collection":[{"href":"https:\/\/archive.ontariocaregiver.ca\/fr\/wp-json\/wp\/v2\/pages"}],"about":[{"href":"https:\/\/archive.ontariocaregiver.ca\/fr\/wp-json\/wp\/v2\/types\/page"}],"author":[{"embeddable":true,"href":"https:\/\/archive.ontariocaregiver.ca\/fr\/wp-json\/wp\/v2\/users\/1"}],"replies":[{"embeddable":true,"href":"https:\/\/archive.ontariocaregiver.ca\/fr\/wp-json\/wp\/v2\/comments?post=1363"}],"version-history":[{"count":6,"href":"https:\/\/archive.ontariocaregiver.ca\/fr\/wp-json\/wp\/v2\/pages\/1363\/revisions"}],"predecessor-version":[{"id":20548,"href":"https:\/\/archive.ontariocaregiver.ca\/fr\/wp-json\/wp\/v2\/pages\/1363\/revisions\/20548"}],"wp:attachment":[{"href":"https:\/\/archive.ontariocaregiver.ca\/fr\/wp-json\/wp\/v2\/media?parent=1363"}],"curies":[{"name":"wp","href":"https:\/\/api.w.org\/{rel}","templated":true}]}}