{"id":13453,"date":"2021-11-22T15:36:41","date_gmt":"2021-11-22T20:36:41","guid":{"rendered":"https:\/\/archive.ontariocaregiver.ca\/publications\/oco-spotlight-report\/"},"modified":"2023-12-12T09:38:21","modified_gmt":"2023-12-12T14:38:21","slug":"rapport-pleins-feux-osano","status":"publish","type":"page","link":"https:\/\/archive.ontariocaregiver.ca\/fr\/publications\/rapport-pleins-feux-osano\/","title":{"rendered":"Rapport Pleins feux: une r\u00e9trospective de cinq ans (2019-2023)"},"content":{"rendered":"\n<h1 class=\"wp-block-heading\">Rapport Pleins feux: une r\u00e9trospective de cinq ans (2019-2023)<\/h1>\n\n\n\n<p>Cette ann\u00e9e marque le cinqui\u00e8me anniversaire du rapport Pleins feux de l\u2019OSANO. Pour la premi\u00e8re fois, le rapport offre un regard r\u00e9trospectif de l\u2019exp\u00e9rience en aidance naturelle aujourd\u2019hui, par rapport \u00e0 2019. La question que nous avons examin\u00e9e \u00e9tait de savoir comment des facteurs, comme la COVID-19, le vieillissement de notre population, la crise des ressources humaines en sant\u00e9 et la situation \u00e9conomique ont influ\u00e9 sur l\u2019exp\u00e9rience de l\u2019aidance naturelle au cours des cinq derni\u00e8res ann\u00e9es.<\/p>\n\n\n\n<figure class=\"wp-block-image size-large is-resized\"><a href=\"https:\/\/ontariocaregiver.ca\/wp-content\/uploads\/2023\/12\/2023SpotlightReport_FR.pdf\" target=\"_blank\" rel=\"noreferrer noopener\"><img loading=\"lazy\" decoding=\"async\" width=\"1024\" height=\"538\" src=\"https:\/\/ontariocaregiver.ca\/wp-content\/uploads\/2023\/12\/OCO-Spotlight-FB-Fre-1024x538.jpg\" alt=\"\" class=\"wp-image-24990\" style=\"width:840px;height:auto\" srcset=\"https:\/\/ontariocaregiver.ca\/wp-content\/uploads\/2023\/12\/OCO-Spotlight-FB-Fre-1024x538.jpg 1024w, https:\/\/ontariocaregiver.ca\/wp-content\/uploads\/2023\/12\/OCO-Spotlight-FB-Fre-300x158.jpg 300w, https:\/\/ontariocaregiver.ca\/wp-content\/uploads\/2023\/12\/OCO-Spotlight-FB-Fre-768x403.jpg 768w, https:\/\/ontariocaregiver.ca\/wp-content\/uploads\/2023\/12\/OCO-Spotlight-FB-Fre-700x368.jpg 700w, https:\/\/ontariocaregiver.ca\/wp-content\/uploads\/2023\/12\/OCO-Spotlight-FB-Fre-600x315.jpg 600w, https:\/\/ontariocaregiver.ca\/wp-content\/uploads\/2023\/12\/OCO-Spotlight-FB-Fre.jpg 1200w\" sizes=\"auto, (max-width: 1024px) 100vw, 1024px\" \/><\/a><figcaption class=\"wp-element-caption\"><a href=\"https:\/\/ontariocaregiver.ca\/wp-content\/uploads\/2023\/12\/2023SpotlightReport_FR.pdf\" target=\"_blank\" rel=\"noreferrer noopener\">Rapport Plein feux: une r\u00e9trospective de cinq ans (2019-2023)<\/a><\/figcaption><\/figure>\n\n\n<div id=\"corona-resources-block_eb359317dbed175999617f13fb24c696\" class=\"corona-resources \">\n    <div class=\"row\" data-equalizer data-equalize-on=\"medium\">\n                    <div class=\"medium-6 column\">\n                <div class=\"col-title\"><div class=\"inner\"><h2 data-equalizer-watch><\/h2><\/div><\/div>\n                <a href=\"https:\/\/ontariocaregiver.ca\/wp-content\/uploads\/2022\/12\/OCO-Spotlight-Report-French-Final.pdf\" target=\"_blank\">\n                <div class=\"box\" style=\"background-image:url('https:\/\/ontariocaregiver.ca\/wp-content\/uploads\/2022\/12\/OCO-Spotlight-Report-French-Final.png');\">\n                    <div class=\"box-content\">\n                        Cliquez ici pour lire le rapport Pleins feux 2022                    <\/div>\n                    <div class=\"arrow\">\n                        <i class=\"icon icon-arrow-right\"><\/i>\n                    <\/div>\n                <\/div>\n                <\/a>\n            <\/div>\n                    <div class=\"medium-6 column\">\n                <div class=\"col-title\"><div class=\"inner\"><h2 data-equalizer-watch><\/h2><\/div><\/div>\n                <a href=\"https:\/\/ontariocaregiver.ca\/wp-content\/uploads\/2021\/12\/OCO-Spotlight-report-French-2021-Nov27.pdf\" target=\"_blank\">\n                <div class=\"box\" style=\"background-image:url('https:\/\/ontariocaregiver.ca\/wp-content\/uploads\/2021\/12\/Spotlight-IG-french-700x700.jpg');\">\n                    <div class=\"box-content\">\n                        Cliquez ici pour lire le rapport Pleins feux 2021                    <\/div>\n                    <div class=\"arrow\">\n                        <i class=\"icon icon-arrow-right\"><\/i>\n                    <\/div>\n                <\/div>\n                <\/a>\n            <\/div>\n                    <div class=\"medium-6 column\">\n                <div class=\"col-title\"><div class=\"inner\"><h2 data-equalizer-watch><\/h2><\/div><\/div>\n                <a href=\"https:\/\/ontariocaregiver.ca\/wp-content\/uploads\/2020\/12\/OCO-Spotlight-report-French-Dec10.pdf\" target=\"_blank\">\n                <div class=\"box\" style=\"background-image:url('https:\/\/ontariocaregiver.ca\/wp-content\/uploads\/2020\/12\/Spotlight_web_bannerDec10-NEWFrench-700x209.jpg');\">\n                    <div class=\"box-content\">\n                        Cliquez ici pour lire le rapport Pleins feux 2020                    <\/div>\n                    <div class=\"arrow\">\n                        <i class=\"icon icon-arrow-right\"><\/i>\n                    <\/div>\n                <\/div>\n                <\/a>\n            <\/div>\n                    <div class=\"medium-6 column\">\n                <div class=\"col-title\"><div class=\"inner\"><h2 data-equalizer-watch><\/h2><\/div><\/div>\n                <a href=\"https:\/\/ontariocaregiver.ca\/wp-content\/uploads\/2019\/12\/Spotlight-on-ontarios-caregivers-2019_FR.pdf\" target=\"_blank\">\n                <div class=\"box\" style=\"background-image:url('https:\/\/ontariocaregiver.ca\/wp-content\/uploads\/2021\/11\/Spotlight-on-ontarios-caregivers-2019_FR-700x906.jpg');\">\n                    <div class=\"box-content\">\n                        Cliquez ici pour lire le rapport Pleins feux 2019                    <\/div>\n                    <div class=\"arrow\">\n                        <i class=\"icon icon-arrow-right\"><\/i>\n                    <\/div>\n                <\/div>\n                <\/a>\n            <\/div>\n            <\/div>\n<\/div>\n","protected":false},"excerpt":{"rendered":"<p>Rapport Pleins feux: une r\u00e9trospective de cinq ans (2019-2023) Cette ann\u00e9e marque le cinqui\u00e8me anniversaire du rapport Pleins feux de l\u2019OSANO. Pour la premi\u00e8re..<\/p>\n","protected":false},"author":7,"featured_media":24965,"parent":6565,"menu_order":0,"comment_status":"closed","ping_status":"closed","template":"","meta":{"_acf_changed":false,"_relevanssi_hide_post":"","_relevanssi_hide_content":"","_relevanssi_pin_for_all":"","_relevanssi_pin_keywords":"","_relevanssi_unpin_keywords":"","_relevanssi_related_keywords":"","_relevanssi_related_include_ids":"","_relevanssi_related_exclude_ids":"","_relevanssi_related_no_append":"","_relevanssi_related_not_related":"","_relevanssi_related_posts":"15757,18495,12363,17516,10346,17539","_relevanssi_noindex_reason":"","_price":"","_stock":"","_tribe_ticket_header":"","_tribe_default_ticket_provider":"","_tribe_ticket_capacity":"0","_ticket_start_date":"","_ticket_end_date":"","_tribe_ticket_show_description":"","_tribe_ticket_show_not_going":false,"_tribe_ticket_use_global_stock":"","_tribe_ticket_global_stock_level":"","_global_stock_mode":"","_global_stock_cap":"","_tribe_rsvp_for_event":"","_tribe_ticket_going_count":"","_tribe_ticket_not_going_count":"","_tribe_tickets_list":[],"_tribe_ticket_has_attendee_info_fields":false,"footnotes":""},"class_list":["post-13453","page","type-page","status-publish","has-post-thumbnail","hentry"],"acf":[],"yoast_head":"<!-- This site is optimized with the Yoast SEO plugin v25.8 - https:\/\/yoast.com\/wordpress\/plugins\/seo\/ -->\n<title>Rapport Pleins feux: une r\u00e9trospective de cinq ans (2019-2023) - Organisme de soutien aux aidants naturels de l\u2019Ontario<\/title>\n<meta name=\"robots\" content=\"noindex, follow, max-snippet:-1, max-image-preview:large, max-video-preview:-1\" \/>\n<meta property=\"og:locale\" content=\"fr_FR\" \/>\n<meta property=\"og:type\" content=\"article\" \/>\n<meta property=\"og:title\" content=\"Rapport Pleins feux: une r\u00e9trospective de cinq ans (2019-2023) - Organisme de soutien aux aidants naturels de l\u2019Ontario\" \/>\n<meta property=\"og:description\" content=\"Rapport Pleins feux: une r\u00e9trospective de cinq ans (2019-2023) Cette ann\u00e9e marque le cinqui\u00e8me anniversaire du rapport Pleins feux de l\u2019OSANO. Pour la premi\u00e8re..\" \/>\n<meta property=\"og:url\" content=\"https:\/\/archive.ontariocaregiver.ca\/fr\/publications\/rapport-pleins-feux-osano\/\" \/>\n<meta property=\"og:site_name\" content=\"Organisme de soutien aux aidants naturels de l\u2019Ontario\" \/>\n<meta property=\"article:modified_time\" content=\"2023-12-12T14:38:21+00:00\" \/>\n<meta property=\"og:image\" content=\"https:\/\/ontariocaregiver.ca\/wp-content\/uploads\/2023\/12\/thumbnail_Spotlight_web_banner_2023.jpg\" \/>\n\t<meta property=\"og:image:width\" content=\"1340\" \/>\n\t<meta property=\"og:image:height\" content=\"400\" \/>\n\t<meta property=\"og:image:type\" content=\"image\/jpeg\" \/>\n<meta name=\"twitter:card\" content=\"summary_large_image\" \/>\n<meta name=\"twitter:label1\" content=\"Dur\u00e9e de lecture estim\u00e9e\" \/>\n\t<meta name=\"twitter:data1\" content=\"1 minute\" \/>\n<script type=\"application\/ld+json\" class=\"yoast-schema-graph\">{\"@context\":\"https:\/\/schema.org\",\"@graph\":[{\"@type\":\"WebPage\",\"@id\":\"https:\/\/archive.ontariocaregiver.ca\/fr\/publications\/rapport-pleins-feux-osano\/\",\"url\":\"https:\/\/archive.ontariocaregiver.ca\/fr\/publications\/rapport-pleins-feux-osano\/\",\"name\":\"Rapport Pleins feux: une r\u00e9trospective de cinq ans (2019-2023) - Organisme de soutien aux aidants naturels de l\u2019Ontario\",\"isPartOf\":{\"@id\":\"https:\/\/archive.ontariocaregiver.ca\/fr\/#website\"},\"primaryImageOfPage\":{\"@id\":\"https:\/\/archive.ontariocaregiver.ca\/fr\/publications\/rapport-pleins-feux-osano\/#primaryimage\"},\"image\":{\"@id\":\"https:\/\/archive.ontariocaregiver.ca\/fr\/publications\/rapport-pleins-feux-osano\/#primaryimage\"},\"thumbnailUrl\":\"https:\/\/ontariocaregiver.ca\/wp-content\/uploads\/2023\/12\/thumbnail_Spotlight_web_banner_2023.jpg\",\"datePublished\":\"2021-11-22T20:36:41+00:00\",\"dateModified\":\"2023-12-12T14:38:21+00:00\",\"breadcrumb\":{\"@id\":\"https:\/\/archive.ontariocaregiver.ca\/fr\/publications\/rapport-pleins-feux-osano\/#breadcrumb\"},\"inLanguage\":\"fr-FR\",\"potentialAction\":[{\"@type\":\"ReadAction\",\"target\":[\"https:\/\/archive.ontariocaregiver.ca\/fr\/publications\/rapport-pleins-feux-osano\/\"]}]},{\"@type\":\"ImageObject\",\"inLanguage\":\"fr-FR\",\"@id\":\"https:\/\/archive.ontariocaregiver.ca\/fr\/publications\/rapport-pleins-feux-osano\/#primaryimage\",\"url\":\"https:\/\/ontariocaregiver.ca\/wp-content\/uploads\/2023\/12\/thumbnail_Spotlight_web_banner_2023.jpg\",\"contentUrl\":\"https:\/\/ontariocaregiver.ca\/wp-content\/uploads\/2023\/12\/thumbnail_Spotlight_web_banner_2023.jpg\",\"width\":1340,\"height\":400,\"caption\":\"Images de personnes aidantes naturelles\"},{\"@type\":\"BreadcrumbList\",\"@id\":\"https:\/\/archive.ontariocaregiver.ca\/fr\/publications\/rapport-pleins-feux-osano\/#breadcrumb\",\"itemListElement\":[{\"@type\":\"ListItem\",\"position\":1,\"name\":\"Page principale\",\"item\":\"https:\/\/archive.ontariocaregiver.ca\/fr\/\"},{\"@type\":\"ListItem\",\"position\":2,\"name\":\"Publications\",\"item\":\"https:\/\/archive.ontariocaregiver.ca\/fr\/publications\/\"},{\"@type\":\"ListItem\",\"position\":3,\"name\":\"Rapport Pleins feux: une r\u00e9trospective de cinq ans (2019-2023)\"}]},{\"@type\":\"WebSite\",\"@id\":\"https:\/\/archive.ontariocaregiver.ca\/fr\/#website\",\"url\":\"https:\/\/archive.ontariocaregiver.ca\/fr\/\",\"name\":\"Organisme de soutien aux aidants naturels de l\u2019Ontario\",\"description\":\"\",\"potentialAction\":[{\"@type\":\"SearchAction\",\"target\":{\"@type\":\"EntryPoint\",\"urlTemplate\":\"https:\/\/archive.ontariocaregiver.ca\/fr\/?s={search_term_string}\"},\"query-input\":{\"@type\":\"PropertyValueSpecification\",\"valueRequired\":true,\"valueName\":\"search_term_string\"}}],\"inLanguage\":\"fr-FR\"}]}<\/script>\n<!-- \/ Yoast SEO plugin. -->","yoast_head_json":{"title":"Rapport Pleins feux: une r\u00e9trospective de cinq ans (2019-2023) - Organisme de soutien aux aidants naturels de l\u2019Ontario","robots":{"index":"noindex","follow":"follow","max-snippet":"max-snippet:-1","max-image-preview":"max-image-preview:large","max-video-preview":"max-video-preview:-1"},"og_locale":"fr_FR","og_type":"article","og_title":"Rapport Pleins feux: une r\u00e9trospective de cinq ans (2019-2023) - Organisme de soutien aux aidants naturels de l\u2019Ontario","og_description":"Rapport Pleins feux: une r\u00e9trospective de cinq ans (2019-2023) Cette ann\u00e9e marque le cinqui\u00e8me anniversaire du rapport Pleins feux de l\u2019OSANO. Pour la premi\u00e8re..","og_url":"https:\/\/archive.ontariocaregiver.ca\/fr\/publications\/rapport-pleins-feux-osano\/","og_site_name":"Organisme de soutien aux aidants naturels de l\u2019Ontario","article_modified_time":"2023-12-12T14:38:21+00:00","og_image":[{"width":1340,"height":400,"url":"https:\/\/ontariocaregiver.ca\/wp-content\/uploads\/2023\/12\/thumbnail_Spotlight_web_banner_2023.jpg","type":"image\/jpeg"}],"twitter_card":"summary_large_image","twitter_misc":{"Dur\u00e9e de lecture estim\u00e9e":"1 minute"},"schema":{"@context":"https:\/\/schema.org","@graph":[{"@type":"WebPage","@id":"https:\/\/archive.ontariocaregiver.ca\/fr\/publications\/rapport-pleins-feux-osano\/","url":"https:\/\/archive.ontariocaregiver.ca\/fr\/publications\/rapport-pleins-feux-osano\/","name":"Rapport Pleins feux: une r\u00e9trospective de cinq ans (2019-2023) - Organisme de soutien aux aidants naturels de l\u2019Ontario","isPartOf":{"@id":"https:\/\/archive.ontariocaregiver.ca\/fr\/#website"},"primaryImageOfPage":{"@id":"https:\/\/archive.ontariocaregiver.ca\/fr\/publications\/rapport-pleins-feux-osano\/#primaryimage"},"image":{"@id":"https:\/\/archive.ontariocaregiver.ca\/fr\/publications\/rapport-pleins-feux-osano\/#primaryimage"},"thumbnailUrl":"https:\/\/ontariocaregiver.ca\/wp-content\/uploads\/2023\/12\/thumbnail_Spotlight_web_banner_2023.jpg","datePublished":"2021-11-22T20:36:41+00:00","dateModified":"2023-12-12T14:38:21+00:00","breadcrumb":{"@id":"https:\/\/archive.ontariocaregiver.ca\/fr\/publications\/rapport-pleins-feux-osano\/#breadcrumb"},"inLanguage":"fr-FR","potentialAction":[{"@type":"ReadAction","target":["https:\/\/archive.ontariocaregiver.ca\/fr\/publications\/rapport-pleins-feux-osano\/"]}]},{"@type":"ImageObject","inLanguage":"fr-FR","@id":"https:\/\/archive.ontariocaregiver.ca\/fr\/publications\/rapport-pleins-feux-osano\/#primaryimage","url":"https:\/\/ontariocaregiver.ca\/wp-content\/uploads\/2023\/12\/thumbnail_Spotlight_web_banner_2023.jpg","contentUrl":"https:\/\/ontariocaregiver.ca\/wp-content\/uploads\/2023\/12\/thumbnail_Spotlight_web_banner_2023.jpg","width":1340,"height":400,"caption":"Images de personnes aidantes naturelles"},{"@type":"BreadcrumbList","@id":"https:\/\/archive.ontariocaregiver.ca\/fr\/publications\/rapport-pleins-feux-osano\/#breadcrumb","itemListElement":[{"@type":"ListItem","position":1,"name":"Page principale","item":"https:\/\/archive.ontariocaregiver.ca\/fr\/"},{"@type":"ListItem","position":2,"name":"Publications","item":"https:\/\/archive.ontariocaregiver.ca\/fr\/publications\/"},{"@type":"ListItem","position":3,"name":"Rapport Pleins feux: une r\u00e9trospective de cinq ans (2019-2023)"}]},{"@type":"WebSite","@id":"https:\/\/archive.ontariocaregiver.ca\/fr\/#website","url":"https:\/\/archive.ontariocaregiver.ca\/fr\/","name":"Organisme de soutien aux aidants naturels de l\u2019Ontario","description":"","potentialAction":[{"@type":"SearchAction","target":{"@type":"EntryPoint","urlTemplate":"https:\/\/archive.ontariocaregiver.ca\/fr\/?s={search_term_string}"},"query-input":{"@type":"PropertyValueSpecification","valueRequired":true,"valueName":"search_term_string"}}],"inLanguage":"fr-FR"}]}},"ticketed":false,"_links":{"self":[{"href":"https:\/\/archive.ontariocaregiver.ca\/fr\/wp-json\/wp\/v2\/pages\/13453","targetHints":{"allow":["GET"]}}],"collection":[{"href":"https:\/\/archive.ontariocaregiver.ca\/fr\/wp-json\/wp\/v2\/pages"}],"about":[{"href":"https:\/\/archive.ontariocaregiver.ca\/fr\/wp-json\/wp\/v2\/types\/page"}],"author":[{"embeddable":true,"href":"https:\/\/archive.ontariocaregiver.ca\/fr\/wp-json\/wp\/v2\/users\/7"}],"replies":[{"embeddable":true,"href":"https:\/\/archive.ontariocaregiver.ca\/fr\/wp-json\/wp\/v2\/comments?post=13453"}],"version-history":[{"count":23,"href":"https:\/\/archive.ontariocaregiver.ca\/fr\/wp-json\/wp\/v2\/pages\/13453\/revisions"}],"predecessor-version":[{"id":25004,"href":"https:\/\/archive.ontariocaregiver.ca\/fr\/wp-json\/wp\/v2\/pages\/13453\/revisions\/25004"}],"up":[{"embeddable":true,"href":"https:\/\/archive.ontariocaregiver.ca\/fr\/wp-json\/wp\/v2\/pages\/6565"}],"wp:featuredmedia":[{"embeddable":true,"href":"https:\/\/archive.ontariocaregiver.ca\/fr\/wp-json\/wp\/v2\/media\/24965"}],"wp:attachment":[{"href":"https:\/\/archive.ontariocaregiver.ca\/fr\/wp-json\/wp\/v2\/media?parent=13453"}],"curies":[{"name":"wp","href":"https:\/\/api.w.org\/{rel}","templated":true}]}}