{"id":12514,"date":"2021-10-01T16:36:16","date_gmt":"2021-10-01T20:36:16","guid":{"rendered":"https:\/\/archive.ontariocaregiver.ca\/?page_id=12514"},"modified":"2022-10-21T22:30:56","modified_gmt":"2022-10-22T02:30:56","slug":"bien-etre","status":"publish","type":"page","link":"https:\/\/archive.ontariocaregiver.ca\/fr\/webinaires-pour-aidants-naturels\/bien-etre\/","title":{"rendered":"Le bien-\u00eatre des personnes aidantes naturelles"},"content":{"rendered":"\n<h1 class=\"wp-block-heading\">Le bien-\u00eatre des personnes aidantes naturelles<\/h1>\n\n\n\n<p>Cette m\u00e9diath\u00e8que vous offre une vari\u00e9t\u00e9 de webinaires anim\u00e9s pas l&rsquo;Organisme de soutien aux aidants naturels de l&rsquo;Ontario et ses partenaires. Recherchez parmi nos webinaires en utilisant des mots-cl\u00e9s, ou furetez par cat\u00e9gorie. Pour trouver plus de vid\u00e9os, visitez notre <a href=\"https:\/\/www.youtube.com\/c\/OntarioCaregiverOrganization\/featured\">cha\u00eene YouTube<\/a>.<\/p>\n\n\n\n<p><em>YouTube offre des sous-titres pour toutes les vid\u00e9os sur les cha\u00eenes YouTube. Si vous d\u00e9sirez ajouter des sous-titres en fran\u00e7ais sur nos vid\u00e9os, <a href=\"https:\/\/support.google.com\/youtube\/answer\/2734796?hl=fr\" target=\"_blank\" rel=\"noreferrer noopener\">cliquez ici pour les instructions<\/a> afin de modifier vos pr\u00e9f\u00e9rences sur votre ordinateur ou votre t\u00e9l\u00e9phone mobile. <\/em><\/p>\n\n\n<div id=\"accordion-content-block_4a249aad8a6d44c3f5db215f81f65957\" class=\"accordion-wrapper \">\n    <ul class=\"accordion\" data-accordion data-multi-expand=\"true\"  data-allow-all-closed=\"true\" data-deep-link=\"true\" data-update-history=\"true\">\n                <li class=\"accordion-item\" data-accordion-item>\n            <a href=\"#facettes-du-chagrin\" class=\"accordion-title\">Les nombreuses facettes du chagrin\u00a0: \u00e9change avec les aidants naturels sur la sant\u00e9 mentale<\/a>\n            <div class=\"accordion-content\" data-tab-content id=\"facettes-du-chagrin\">\n                <p><a href=\"https:\/\/www.youtube.com\/watch?v=q2d02YsxmQQ\">Les nombreuses facettes du chagrin\u00a0: \u00e9change avec les aidants naturels sur la sant\u00e9 mentale<\/a><\/p>\n<p><iframe loading=\"lazy\" title=\"Les nombreuses facettes du chagrin \u00e9change avec les aidants naturels sur la sant\u00e9 mental\" width=\"500\" height=\"281\" src=\"https:\/\/www.youtube.com\/embed\/q2d02YsxmQQ?feature=oembed\" frameborder=\"0\" allow=\"accelerometer; autoplay; clipboard-write; encrypted-media; gyroscope; picture-in-picture; web-share\" referrerpolicy=\"strict-origin-when-cross-origin\" allowfullscreen><\/iframe><\/p>\n<p>Ce webinaire est pr\u00e9sent\u00e9 par Sam Miller, pr\u00e9sident de Sam Miller Consulting. M. Miller est un psychoth\u00e9rapeute agr\u00e9\u00e9, poss\u00e9dant une vaste exp\u00e9rience dans la r\u00e9ponse aux traumatismes et les initiatives de traitement et de bien-\u00eatre. Ce webinaire explore les nombreux aspects du deuil en ce qui concerne la sant\u00e9 mentale et le bien-\u00eatre des personnes aidantes naturelles. Dans une discussion approfondie sur l&rsquo;adaptation, la perte et le traumatisme ; les participants exploreront les diff\u00e9rentes fa\u00e7ons dont nous traitons le deuil et comment nous pouvons surmonter les d\u00e9fis qui surviennent durant ces moments difficiles.<\/p>\n            <\/div>\n        <\/li>\n                <li class=\"accordion-item\" data-accordion-item>\n            <a href=\"#la-pleine-conscience\" class=\"accordion-title\">La pleine conscience au service du bien e\u0302tre des personnes aidantes naturelles<\/a>\n            <div class=\"accordion-content\" data-tab-content id=\"la-pleine-conscience\">\n                <p><a href=\"https:\/\/youtu.be\/TrBSsI-KnBE\">La pleine conscience au service du bien e\u0302tre des personnes aidantes naturelles<\/a><\/p>\n<p><iframe loading=\"lazy\" title=\"La pleine conscience au service du bien e\u0302tre des aidants naturels\" width=\"500\" height=\"281\" src=\"https:\/\/www.youtube.com\/embed\/TrBSsI-KnBE?feature=oembed\" frameborder=\"0\" allow=\"accelerometer; autoplay; clipboard-write; encrypted-media; gyroscope; picture-in-picture; web-share\" referrerpolicy=\"strict-origin-when-cross-origin\" allowfullscreen><\/iframe><\/p>\n<p>L&rsquo;OSANO est fi\u00e8re de pr\u00e9senter la Dre Alexandra Fiocco; directeur du Laboratoire de recherche sur le stress et le vieillissement en bonne sant\u00e9, \u00e0 l&rsquo;Universit\u00e9 Ryerson. Dans ce webinaire, la Dre Fiocco discutera de l&rsquo;impact du stress chronique sur l&rsquo;esprit et le corps. Elle encouragera les participants \u00e0 identifier les ingr\u00e9dients de leur stress et comment l&rsquo;exp\u00e9rience du stress se manifeste dans le corps.<\/p>\n            <\/div>\n        <\/li>\n                <li class=\"accordion-item\" data-accordion-item>\n            <a href=\"#le-sommeil-ami-insaisissable\" class=\"accordion-title\">Le sommeil. Reconque\u0301rir l&rsquo;ami insaisissable de l&rsquo;aidant naturel<\/a>\n            <div class=\"accordion-content\" data-tab-content id=\"le-sommeil-ami-insaisissable\">\n                <p><a href=\"https:\/\/youtu.be\/ladNUUaSS2Q\">Le sommeil. Reconque\u0301rir l&rsquo;ami insaisissable de l&rsquo;aidant naturel<\/a><\/p>\n<p><iframe loading=\"lazy\" title=\"Le sommeil. Reconque\u0301rir l&#039;ami insaisissable de l&#039;aidant naturel\" width=\"500\" height=\"281\" src=\"https:\/\/www.youtube.com\/embed\/ladNUUaSS2Q?feature=oembed\" frameborder=\"0\" allow=\"accelerometer; autoplay; clipboard-write; encrypted-media; gyroscope; picture-in-picture; web-share\" referrerpolicy=\"strict-origin-when-cross-origin\" allowfullscreen><\/iframe><\/p>\n<p>Ce webinaire, offert par le Dr David Gardner, explorera le sommeil, l&rsquo;insomnie, le r\u00f4le des somnif\u00e8res et les approches non pharmaceutiques pour obtenir une bonne nuit de sommeil. Le Dr Gardner se penchera sur les probl\u00e8mes auxquels sont confront\u00e9s les personnes aidantes naturelles, notamment : les difficult\u00e9s \u00e0 s&rsquo;endormir, \u00e0 rester endormi, les risques li\u00e9s aux somnif\u00e8res, les alternatives efficaces et bien plus encore.<\/p>\n            <\/div>\n        <\/li>\n                <li class=\"accordion-item\" data-accordion-item>\n            <a href=\"#nourrir-aidant-naturel\" class=\"accordion-title\">Nourrir l\u2019aidant naturel<\/a>\n            <div class=\"accordion-content\" data-tab-content id=\"nourrir-aidant-naturel\">\n                <p><iframe loading=\"lazy\" title=\"Nourrir l&#039;aidant naturel\" width=\"500\" height=\"281\" src=\"https:\/\/www.youtube.com\/embed\/bPgKoUDlhq8?list=PLoVqQnCbbIiM4wkijcRgR6xzGJ13mkN_-\" frameborder=\"0\" allow=\"accelerometer; autoplay; clipboard-write; encrypted-media; gyroscope; picture-in-picture; web-share\" referrerpolicy=\"strict-origin-when-cross-origin\" allowfullscreen><\/iframe><\/p>\n<p>S\u2019occuper des autres implique souvent de passer moins de temps \u00e0 s\u2019occuper de soi-m\u00eame. Cette pr\u00e9sentation vous apprendra les strat\u00e9gies d\u2019une alimentation saine et les principes d\u2019une alimentation intelligente utiles lorsqu\u2019on a un mode de vie actif.<br aria-hidden=\"true\" \/>Vous apprendrez \u00e0 cr\u00e9er des r\u00e9gimes alimentaires \u00e9quilibr\u00e9s et \u00e0 am\u00e9liorer votre capacit\u00e9 \u00e0 planifier vos repas. Vous apprendrez \u00e9galement de nouvelles techniques \u00e0 appliquer dans votre pratique quotidienne. En outre, on vous invitera peut-\u00eatre \u00e0 partager certains de vos exemples de repas nutritifs.<\/p>\n            <\/div>\n        <\/li>\n                <li class=\"accordion-item\" data-accordion-item>\n            <a href=\"#dansons-ensemble\" class=\"accordion-title\">Programme Dansons ensemble pour les personnes \u00e2g\u00e9es et leurs aidants naturels<\/a>\n            <div class=\"accordion-content\" data-tab-content id=\"dansons-ensemble\">\n                <p><a href=\"https:\/\/www.youtube.com\/watch?v=gNfWoeezSoY&amp;list=PLoVqQnCbbIiO6FrP_Jx1zs6wOB4tXukq9&amp;index=10\">Programme Dansons ensembl<\/a><a href=\"https:\/\/www.youtube.com\/watch?v=gNfWoeezSoY&amp;list=PLoVqQnCbbIiO6FrP_Jx1zs6wOB4tXukq9&amp;index=10\">e pour les personnes \u00e2g\u00e9es et leurs aidants naturels<\/a><\/p>\n<p><iframe loading=\"lazy\" title=\"Programme Dansons ensemble pour les personnes a\u0302ge\u0301es et leurs aidants naturels\" width=\"500\" height=\"281\" src=\"https:\/\/www.youtube.com\/embed\/gNfWoeezSoY?list=PLoVqQnCbbIiO6FrP_Jx1zs6wOB4tXukq9\" frameborder=\"0\" allow=\"accelerometer; autoplay; clipboard-write; encrypted-media; gyroscope; picture-in-picture; web-share\" referrerpolicy=\"strict-origin-when-cross-origin\" allowfullscreen><\/iframe><\/p>\n<p>&nbsp;<\/p>\n<p>Participez \u00e0 ce webinaire gratuit et apprenez-en plus sur les programmes Dansons Ensemble pour adultes \u00e2g\u00e9s, cr\u00e9\u00e9s par l\u2019\u00c9cole nationale de ballet du Canada et Baycrest, des chefs de file en formation de danse et en soins g\u00e9riatriques. Plus qu\u2019une activit\u00e9 physique, la danse constitue une exp\u00e9rience artistique qui profite de l\u2019imagination, de l\u2019ext\u00e9riorisation et d\u2019un sentiment de lien et de collectivit\u00e9. Pendant cette pr\u00e9sentation interactive, vous pourrez d\u00e9couvrir les avantages de la danse pour les personnes qui re\u00e7oivent des soins et leurs fournisseurs de soins.<\/p>\n            <\/div>\n        <\/li>\n                <li class=\"accordion-item\" data-accordion-item>\n            <a href=\"#prendre-soin-de-soi\" class=\"accordion-title\">Prendre d&rsquo;abord soin de soi<\/a>\n            <div class=\"accordion-content\" data-tab-content id=\"prendre-soin-de-soi\">\n                <p><a href=\"https:\/\/www.youtube.com\/watch?v=9e9cPpj7T4I\">Prendre d&rsquo;abord soin de soi<\/a><\/p>\n<p><iframe loading=\"lazy\" title=\"Prendre d\u2019abord soin de soi\" width=\"500\" height=\"281\" src=\"https:\/\/www.youtube.com\/embed\/9e9cPpj7T4I?feature=oembed\" frameborder=\"0\" allow=\"accelerometer; autoplay; clipboard-write; encrypted-media; gyroscope; picture-in-picture; web-share\" referrerpolicy=\"strict-origin-when-cross-origin\" allowfullscreen><\/iframe><\/p>\n<p>En tant que personne aidante naturelle, dans le feu de l\u2019action, il arrive qu\u2019on perde nos rep\u00e8res et qu\u2019on ne se voit plus aller. L\u2019\u00e9puisement, \u00e7a n\u2019arrive pas seulement qu\u2019aux professionnels de la sant\u00e9!<\/p>\n            <\/div>\n        <\/li>\n            <\/ul>\n<\/div>\n","protected":false},"excerpt":{"rendered":"<p>Le bien-\u00eatre des personnes aidantes naturelles Cette m\u00e9diath\u00e8que vous offre une vari\u00e9t\u00e9 de webinaires anim\u00e9s pas l&rsquo;Organisme de soutien aux aidants naturels de l&rsquo;Ontario..<\/p>\n","protected":false},"author":7,"featured_media":12050,"parent":12510,"menu_order":0,"comment_status":"closed","ping_status":"closed","template":"","meta":{"_acf_changed":false,"_relevanssi_hide_post":"","_relevanssi_hide_content":"","_relevanssi_pin_for_all":"","_relevanssi_pin_keywords":"","_relevanssi_unpin_keywords":"","_relevanssi_related_keywords":"","_relevanssi_related_include_ids":"","_relevanssi_related_exclude_ids":"","_relevanssi_related_no_append":"","_relevanssi_related_not_related":"","_relevanssi_related_posts":"9402,7791,8412,3535,369,391","_relevanssi_noindex_reason":"","_price":"","_stock":"","_tribe_ticket_header":"","_tribe_default_ticket_provider":"","_tribe_ticket_capacity":"0","_ticket_start_date":"","_ticket_end_date":"","_tribe_ticket_show_description":"","_tribe_ticket_show_not_going":false,"_tribe_ticket_use_global_stock":"","_tribe_ticket_global_stock_level":"","_global_stock_mode":"","_global_stock_cap":"","_tribe_rsvp_for_event":"","_tribe_ticket_going_count":"","_tribe_ticket_not_going_count":"","_tribe_tickets_list":[],"_tribe_ticket_has_attendee_info_fields":false,"footnotes":""},"class_list":["post-12514","page","type-page","status-publish","has-post-thumbnail","hentry"],"acf":[],"yoast_head":"<!-- This site is optimized with the Yoast SEO plugin v25.8 - https:\/\/yoast.com\/wordpress\/plugins\/seo\/ -->\n<title>Le bien-\u00eatre des personnes aidantes naturelles - Organisme de soutien aux aidants naturels de l\u2019Ontario<\/title>\n<meta name=\"robots\" content=\"noindex, follow, max-snippet:-1, max-image-preview:large, max-video-preview:-1\" \/>\n<meta property=\"og:locale\" content=\"fr_FR\" \/>\n<meta property=\"og:type\" content=\"article\" \/>\n<meta property=\"og:title\" content=\"Le bien-\u00eatre des personnes aidantes naturelles - Organisme de soutien aux aidants naturels de l\u2019Ontario\" \/>\n<meta property=\"og:description\" content=\"Le bien-\u00eatre des personnes aidantes naturelles Cette m\u00e9diath\u00e8que vous offre une vari\u00e9t\u00e9 de webinaires anim\u00e9s pas l&rsquo;Organisme de soutien aux aidants naturels de l&rsquo;Ontario..\" \/>\n<meta property=\"og:url\" content=\"https:\/\/archive.ontariocaregiver.ca\/fr\/webinaires-pour-aidants-naturels\/bien-etre\/\" \/>\n<meta property=\"og:site_name\" content=\"Organisme de soutien aux aidants naturels de l\u2019Ontario\" \/>\n<meta property=\"article:modified_time\" content=\"2022-10-22T02:30:56+00:00\" \/>\n<meta property=\"og:image\" content=\"https:\/\/ontariocaregiver.ca\/wp-content\/uploads\/2021\/09\/iStock-1216484250.jpg\" \/>\n\t<meta property=\"og:image:width\" content=\"2120\" \/>\n\t<meta property=\"og:image:height\" content=\"1414\" \/>\n\t<meta property=\"og:image:type\" content=\"image\/jpeg\" \/>\n<meta name=\"twitter:card\" content=\"summary_large_image\" \/>\n<meta name=\"twitter:label1\" content=\"Dur\u00e9e de lecture estim\u00e9e\" \/>\n\t<meta name=\"twitter:data1\" content=\"1 minute\" \/>\n<script type=\"application\/ld+json\" class=\"yoast-schema-graph\">{\"@context\":\"https:\/\/schema.org\",\"@graph\":[{\"@type\":\"WebPage\",\"@id\":\"https:\/\/archive.ontariocaregiver.ca\/fr\/webinaires-pour-aidants-naturels\/bien-etre\/\",\"url\":\"https:\/\/archive.ontariocaregiver.ca\/fr\/webinaires-pour-aidants-naturels\/bien-etre\/\",\"name\":\"Le bien-\u00eatre des personnes aidantes naturelles - Organisme de soutien aux aidants naturels de l\u2019Ontario\",\"isPartOf\":{\"@id\":\"https:\/\/archive.ontariocaregiver.ca\/fr\/#website\"},\"primaryImageOfPage\":{\"@id\":\"https:\/\/archive.ontariocaregiver.ca\/fr\/webinaires-pour-aidants-naturels\/bien-etre\/#primaryimage\"},\"image\":{\"@id\":\"https:\/\/archive.ontariocaregiver.ca\/fr\/webinaires-pour-aidants-naturels\/bien-etre\/#primaryimage\"},\"thumbnailUrl\":\"https:\/\/ontariocaregiver.ca\/wp-content\/uploads\/2021\/09\/iStock-1216484250.jpg\",\"datePublished\":\"2021-10-01T20:36:16+00:00\",\"dateModified\":\"2022-10-22T02:30:56+00:00\",\"breadcrumb\":{\"@id\":\"https:\/\/archive.ontariocaregiver.ca\/fr\/webinaires-pour-aidants-naturels\/bien-etre\/#breadcrumb\"},\"inLanguage\":\"fr-FR\",\"potentialAction\":[{\"@type\":\"ReadAction\",\"target\":[\"https:\/\/archive.ontariocaregiver.ca\/fr\/webinaires-pour-aidants-naturels\/bien-etre\/\"]}]},{\"@type\":\"ImageObject\",\"inLanguage\":\"fr-FR\",\"@id\":\"https:\/\/archive.ontariocaregiver.ca\/fr\/webinaires-pour-aidants-naturels\/bien-etre\/#primaryimage\",\"url\":\"https:\/\/ontariocaregiver.ca\/wp-content\/uploads\/2021\/09\/iStock-1216484250.jpg\",\"contentUrl\":\"https:\/\/ontariocaregiver.ca\/wp-content\/uploads\/2021\/09\/iStock-1216484250.jpg\",\"width\":2120,\"height\":1414,\"caption\":\"Une femme souriante\"},{\"@type\":\"BreadcrumbList\",\"@id\":\"https:\/\/archive.ontariocaregiver.ca\/fr\/webinaires-pour-aidants-naturels\/bien-etre\/#breadcrumb\",\"itemListElement\":[{\"@type\":\"ListItem\",\"position\":1,\"name\":\"Page principale\",\"item\":\"https:\/\/archive.ontariocaregiver.ca\/fr\/\"},{\"@type\":\"ListItem\",\"position\":2,\"name\":\"Webinaires pour les personnes aidantes naturelles\",\"item\":\"https:\/\/archive.ontariocaregiver.ca\/fr\/webinars-for-caregivers\/\"},{\"@type\":\"ListItem\",\"position\":3,\"name\":\"Le bien-\u00eatre des personnes aidantes naturelles\"}]},{\"@type\":\"WebSite\",\"@id\":\"https:\/\/archive.ontariocaregiver.ca\/fr\/#website\",\"url\":\"https:\/\/archive.ontariocaregiver.ca\/fr\/\",\"name\":\"Organisme de soutien aux aidants naturels de l\u2019Ontario\",\"description\":\"\",\"potentialAction\":[{\"@type\":\"SearchAction\",\"target\":{\"@type\":\"EntryPoint\",\"urlTemplate\":\"https:\/\/archive.ontariocaregiver.ca\/fr\/?s={search_term_string}\"},\"query-input\":{\"@type\":\"PropertyValueSpecification\",\"valueRequired\":true,\"valueName\":\"search_term_string\"}}],\"inLanguage\":\"fr-FR\"}]}<\/script>\n<!-- \/ Yoast SEO plugin. -->","yoast_head_json":{"title":"Le bien-\u00eatre des personnes aidantes naturelles - Organisme de soutien aux aidants naturels de l\u2019Ontario","robots":{"index":"noindex","follow":"follow","max-snippet":"max-snippet:-1","max-image-preview":"max-image-preview:large","max-video-preview":"max-video-preview:-1"},"og_locale":"fr_FR","og_type":"article","og_title":"Le bien-\u00eatre des personnes aidantes naturelles - Organisme de soutien aux aidants naturels de l\u2019Ontario","og_description":"Le bien-\u00eatre des personnes aidantes naturelles Cette m\u00e9diath\u00e8que vous offre une vari\u00e9t\u00e9 de webinaires anim\u00e9s pas l&rsquo;Organisme de soutien aux aidants naturels de l&rsquo;Ontario..","og_url":"https:\/\/archive.ontariocaregiver.ca\/fr\/webinaires-pour-aidants-naturels\/bien-etre\/","og_site_name":"Organisme de soutien aux aidants naturels de l\u2019Ontario","article_modified_time":"2022-10-22T02:30:56+00:00","og_image":[{"width":2120,"height":1414,"url":"https:\/\/ontariocaregiver.ca\/wp-content\/uploads\/2021\/09\/iStock-1216484250.jpg","type":"image\/jpeg"}],"twitter_card":"summary_large_image","twitter_misc":{"Dur\u00e9e de lecture estim\u00e9e":"1 minute"},"schema":{"@context":"https:\/\/schema.org","@graph":[{"@type":"WebPage","@id":"https:\/\/archive.ontariocaregiver.ca\/fr\/webinaires-pour-aidants-naturels\/bien-etre\/","url":"https:\/\/archive.ontariocaregiver.ca\/fr\/webinaires-pour-aidants-naturels\/bien-etre\/","name":"Le bien-\u00eatre des personnes aidantes naturelles - Organisme de soutien aux aidants naturels de l\u2019Ontario","isPartOf":{"@id":"https:\/\/archive.ontariocaregiver.ca\/fr\/#website"},"primaryImageOfPage":{"@id":"https:\/\/archive.ontariocaregiver.ca\/fr\/webinaires-pour-aidants-naturels\/bien-etre\/#primaryimage"},"image":{"@id":"https:\/\/archive.ontariocaregiver.ca\/fr\/webinaires-pour-aidants-naturels\/bien-etre\/#primaryimage"},"thumbnailUrl":"https:\/\/ontariocaregiver.ca\/wp-content\/uploads\/2021\/09\/iStock-1216484250.jpg","datePublished":"2021-10-01T20:36:16+00:00","dateModified":"2022-10-22T02:30:56+00:00","breadcrumb":{"@id":"https:\/\/archive.ontariocaregiver.ca\/fr\/webinaires-pour-aidants-naturels\/bien-etre\/#breadcrumb"},"inLanguage":"fr-FR","potentialAction":[{"@type":"ReadAction","target":["https:\/\/archive.ontariocaregiver.ca\/fr\/webinaires-pour-aidants-naturels\/bien-etre\/"]}]},{"@type":"ImageObject","inLanguage":"fr-FR","@id":"https:\/\/archive.ontariocaregiver.ca\/fr\/webinaires-pour-aidants-naturels\/bien-etre\/#primaryimage","url":"https:\/\/ontariocaregiver.ca\/wp-content\/uploads\/2021\/09\/iStock-1216484250.jpg","contentUrl":"https:\/\/ontariocaregiver.ca\/wp-content\/uploads\/2021\/09\/iStock-1216484250.jpg","width":2120,"height":1414,"caption":"Une femme souriante"},{"@type":"BreadcrumbList","@id":"https:\/\/archive.ontariocaregiver.ca\/fr\/webinaires-pour-aidants-naturels\/bien-etre\/#breadcrumb","itemListElement":[{"@type":"ListItem","position":1,"name":"Page principale","item":"https:\/\/archive.ontariocaregiver.ca\/fr\/"},{"@type":"ListItem","position":2,"name":"Webinaires pour les personnes aidantes naturelles","item":"https:\/\/archive.ontariocaregiver.ca\/fr\/webinars-for-caregivers\/"},{"@type":"ListItem","position":3,"name":"Le bien-\u00eatre des personnes aidantes naturelles"}]},{"@type":"WebSite","@id":"https:\/\/archive.ontariocaregiver.ca\/fr\/#website","url":"https:\/\/archive.ontariocaregiver.ca\/fr\/","name":"Organisme de soutien aux aidants naturels de l\u2019Ontario","description":"","potentialAction":[{"@type":"SearchAction","target":{"@type":"EntryPoint","urlTemplate":"https:\/\/archive.ontariocaregiver.ca\/fr\/?s={search_term_string}"},"query-input":{"@type":"PropertyValueSpecification","valueRequired":true,"valueName":"search_term_string"}}],"inLanguage":"fr-FR"}]}},"ticketed":false,"_links":{"self":[{"href":"https:\/\/archive.ontariocaregiver.ca\/fr\/wp-json\/wp\/v2\/pages\/12514","targetHints":{"allow":["GET"]}}],"collection":[{"href":"https:\/\/archive.ontariocaregiver.ca\/fr\/wp-json\/wp\/v2\/pages"}],"about":[{"href":"https:\/\/archive.ontariocaregiver.ca\/fr\/wp-json\/wp\/v2\/types\/page"}],"author":[{"embeddable":true,"href":"https:\/\/archive.ontariocaregiver.ca\/fr\/wp-json\/wp\/v2\/users\/7"}],"replies":[{"embeddable":true,"href":"https:\/\/archive.ontariocaregiver.ca\/fr\/wp-json\/wp\/v2\/comments?post=12514"}],"version-history":[{"count":35,"href":"https:\/\/archive.ontariocaregiver.ca\/fr\/wp-json\/wp\/v2\/pages\/12514\/revisions"}],"predecessor-version":[{"id":20056,"href":"https:\/\/archive.ontariocaregiver.ca\/fr\/wp-json\/wp\/v2\/pages\/12514\/revisions\/20056"}],"up":[{"embeddable":true,"href":"https:\/\/archive.ontariocaregiver.ca\/fr\/wp-json\/wp\/v2\/pages\/12510"}],"wp:featuredmedia":[{"embeddable":true,"href":"https:\/\/archive.ontariocaregiver.ca\/fr\/wp-json\/wp\/v2\/media\/12050"}],"wp:attachment":[{"href":"https:\/\/archive.ontariocaregiver.ca\/fr\/wp-json\/wp\/v2\/media?parent=12514"}],"curies":[{"name":"wp","href":"https:\/\/api.w.org\/{rel}","templated":true}]}}