{"id":12513,"date":"2021-10-01T16:38:57","date_gmt":"2021-10-01T20:38:57","guid":{"rendered":"https:\/\/archive.ontariocaregiver.ca\/?page_id=12513"},"modified":"2022-01-25T12:46:03","modified_gmt":"2022-01-25T17:46:03","slug":"conseils","status":"publish","type":"page","link":"https:\/\/archive.ontariocaregiver.ca\/fr\/webinaires-pour-aidants-naturels\/conseils\/","title":{"rendered":"Conseils financiers et juridiques pour les personnes aidantes naturelles"},"content":{"rendered":"\n<h1 class=\"wp-block-heading\">Conseils financiers et juridiques pour les personnes aidantes naturelles<\/h1>\n\n\n\n<p>Cette m\u00e9diath\u00e8que vous offre une vari\u00e9t\u00e9 de webinaires anim\u00e9s pas l&rsquo;Organisme de soutien aux aidants naturels de l&rsquo;Ontario et ses partenaires. Recherchez parmi nos webinaires en utilisant des mots-cl\u00e9s, ou furetez par cat\u00e9gorie. Pour trouver plus de vid\u00e9os, visitez notre <a href=\"https:\/\/www.youtube.com\/c\/OntarioCaregiverOrganization\/featured\">cha\u00eene YouTube<\/a>.<\/p>\n\n\n\n<p><em>YouTube offre des sous-titres pour toutes les vid\u00e9os sur les cha\u00eenes YouTube. Si vous d\u00e9sirez ajouter des sous-titres en fran\u00e7ais sur nos vid\u00e9os, <a href=\"https:\/\/support.google.com\/youtube\/answer\/2734796?hl=fr\" target=\"_blank\" rel=\"noreferrer noopener\">cliquez ici pour les instructions<\/a> afin de modifier vos pr\u00e9f\u00e9rences sur votre ordinateur ou votre t\u00e9l\u00e9phone mobile. <\/em><\/p>\n\n\n<div id=\"accordion-content-block_61576efa55801\" class=\"accordion-wrapper \">\n    <ul class=\"accordion\" data-accordion data-multi-expand=\"true\"  data-allow-all-closed=\"true\" data-deep-link=\"true\" data-update-history=\"true\">\n                <li class=\"accordion-item\" data-accordion-item>\n            <a href=\"#cadre-juridique\" class=\"accordion-title\">Cadre juridique et conseils gagnants aux aidants naturels<\/a>\n            <div class=\"accordion-content\" data-tab-content id=\"cadre-juridique\">\n                <p><a href=\"https:\/\/www.youtube.com\/watch?v=t38c2XMjN4I&amp;list=PLoVqQnCbbIiO6FrP_Jx1zs6wOB4tXukq9&amp;index=5\">Cadre juridique et conseils gagnants aux aidants naturels<\/a><\/p>\n<p><iframe loading=\"lazy\" title=\"Cadre juridique et conseils gagnants aux aidants naturels\" width=\"500\" height=\"281\" src=\"https:\/\/www.youtube.com\/embed\/t38c2XMjN4I?list=PLoVqQnCbbIiO6FrP_Jx1zs6wOB4tXukq9\" frameborder=\"0\" allow=\"accelerometer; autoplay; clipboard-write; encrypted-media; gyroscope; picture-in-picture; web-share\" referrerpolicy=\"strict-origin-when-cross-origin\" allowfullscreen><\/iframe><\/p>\n<p>Ce webinaire explique certains des obstacles courants auxquels un aidant naturel peut \u00eatre confront\u00e9 pour obtenir des informations l\u00e9gales sur les soins de sant\u00e9, par exemple quand pouvez-vous prendre des d\u00e9cisions en mati\u00e8re de soins de sant\u00e9 pour la personne dont vous vous occupez? Que faire face aux obstacles pour donner et recevoir des informations essentielles? Ce webinaire utilisera des \u00e9tudes de cas pour fournir des strat\u00e9gies et des conseils pratiques afin d&rsquo;aider les aidants \u00e0 \u00eatre mieux inform\u00e9s et plus confiants lorsqu&rsquo;ils interagissent avec les prestataires de soins de sant\u00e9.<\/p>\n            <\/div>\n        <\/li>\n                <li class=\"accordion-item\" data-accordion-item>\n            <a href=\"#planification-financi\u00e8re\" class=\"accordion-title\">Planification financi\u00e8re pour les aidants\u00a0naturels<\/a>\n            <div class=\"accordion-content\" data-tab-content id=\"planification-financi\u00e8re\">\n                <p><a href=\"https:\/\/www.youtube.com\/watch?v=NRmdpoHRvEw&amp;list=PLoVqQnCbbIiO6FrP_Jx1zs6wOB4tXukq9&amp;index=7\">Planification financi\u00e8re pour les aidants naturels<\/a><\/p>\n<p><iframe loading=\"lazy\" title=\"Planification financi\u00e8re pour les aidants naturels\" width=\"500\" height=\"281\" src=\"https:\/\/www.youtube.com\/embed\/NRmdpoHRvEw?list=PLoVqQnCbbIiO6FrP_Jx1zs6wOB4tXukq9\" frameborder=\"0\" allow=\"accelerometer; autoplay; clipboard-write; encrypted-media; gyroscope; picture-in-picture; web-share\" referrerpolicy=\"strict-origin-when-cross-origin\" allowfullscreen><\/iframe><\/p>\n<p>Devenir aidant naturel a des r\u00e9percussions sur tous les aspects de la vie, y compris sur les finances personnelles. Les enjeux \u00e9motionnels et financiers sont consid\u00e9rables. L\u2019avenir est incertain; les d\u00e9penses peuvent augmenter, les revenus peuvent changer et d\u2019importantes d\u00e9cisions sont \u00e0 prendre. Joignez-vous \u00e0 la planificatrice financi\u00e8re Shannon Lee Simmons. Ayez avec elle une causerie informelle sur la fa\u00e7on de s\u2019y retrouver lorsqu\u2019on commence \u00e0 \u00eatre un aidant naturel.<\/p>\n            <\/div>\n        <\/li>\n            <\/ul>\n<\/div>\n","protected":false},"excerpt":{"rendered":"<p>Conseils financiers et juridiques pour les personnes aidantes naturelles Cette m\u00e9diath\u00e8que vous offre une vari\u00e9t\u00e9 de webinaires anim\u00e9s pas l&rsquo;Organisme de soutien aux aidants..<\/p>\n","protected":false},"author":7,"featured_media":12048,"parent":12510,"menu_order":0,"comment_status":"closed","ping_status":"closed","template":"","meta":{"_acf_changed":false,"_relevanssi_hide_post":"","_relevanssi_hide_content":"","_relevanssi_pin_for_all":"","_relevanssi_pin_keywords":"","_relevanssi_unpin_keywords":"","_relevanssi_related_keywords":"","_relevanssi_related_include_ids":"","_relevanssi_related_exclude_ids":"","_relevanssi_related_no_append":"","_relevanssi_related_not_related":"","_relevanssi_related_posts":"","_relevanssi_noindex_reason":"","_price":"","_stock":"","_tribe_ticket_header":"","_tribe_default_ticket_provider":"","_tribe_ticket_capacity":"0","_ticket_start_date":"","_ticket_end_date":"","_tribe_ticket_show_description":"","_tribe_ticket_show_not_going":false,"_tribe_ticket_use_global_stock":"","_tribe_ticket_global_stock_level":"","_global_stock_mode":"","_global_stock_cap":"","_tribe_rsvp_for_event":"","_tribe_ticket_going_count":"","_tribe_ticket_not_going_count":"","_tribe_tickets_list":[],"_tribe_ticket_has_attendee_info_fields":false,"footnotes":""},"class_list":["post-12513","page","type-page","status-publish","has-post-thumbnail","hentry"],"acf":[],"yoast_head":"<!-- This site is optimized with the Yoast SEO plugin v25.8 - https:\/\/yoast.com\/wordpress\/plugins\/seo\/ -->\n<title>Conseils financiers et juridiques pour les personnes aidantes naturelles - Organisme de soutien aux aidants naturels de l\u2019Ontario<\/title>\n<meta name=\"robots\" content=\"noindex, follow, max-snippet:-1, max-image-preview:large, max-video-preview:-1\" \/>\n<meta property=\"og:locale\" content=\"fr_FR\" \/>\n<meta property=\"og:type\" content=\"article\" \/>\n<meta property=\"og:title\" content=\"Conseils financiers et juridiques pour les personnes aidantes naturelles - Organisme de soutien aux aidants naturels de l\u2019Ontario\" \/>\n<meta property=\"og:description\" content=\"Conseils financiers et juridiques pour les personnes aidantes naturelles Cette m\u00e9diath\u00e8que vous offre une vari\u00e9t\u00e9 de webinaires anim\u00e9s pas l&rsquo;Organisme de soutien aux aidants..\" \/>\n<meta property=\"og:url\" content=\"https:\/\/archive.ontariocaregiver.ca\/fr\/webinaires-pour-aidants-naturels\/conseils\/\" \/>\n<meta property=\"og:site_name\" content=\"Organisme de soutien aux aidants naturels de l\u2019Ontario\" \/>\n<meta property=\"article:modified_time\" content=\"2022-01-25T17:46:03+00:00\" \/>\n<meta property=\"og:image\" content=\"https:\/\/ontariocaregiver.ca\/wp-content\/uploads\/2021\/09\/iStock-137384900.jpg\" \/>\n\t<meta property=\"og:image:width\" content=\"2122\" \/>\n\t<meta property=\"og:image:height\" content=\"1412\" \/>\n\t<meta property=\"og:image:type\" content=\"image\/jpeg\" \/>\n<meta name=\"twitter:card\" content=\"summary_large_image\" \/>\n<meta name=\"twitter:label1\" content=\"Dur\u00e9e de lecture estim\u00e9e\" \/>\n\t<meta name=\"twitter:data1\" content=\"1 minute\" \/>\n<script type=\"application\/ld+json\" class=\"yoast-schema-graph\">{\"@context\":\"https:\/\/schema.org\",\"@graph\":[{\"@type\":\"WebPage\",\"@id\":\"https:\/\/archive.ontariocaregiver.ca\/fr\/webinaires-pour-aidants-naturels\/conseils\/\",\"url\":\"https:\/\/archive.ontariocaregiver.ca\/fr\/webinaires-pour-aidants-naturels\/conseils\/\",\"name\":\"Conseils financiers et juridiques pour les personnes aidantes naturelles - Organisme de soutien aux aidants naturels de l\u2019Ontario\",\"isPartOf\":{\"@id\":\"https:\/\/archive.ontariocaregiver.ca\/fr\/#website\"},\"primaryImageOfPage\":{\"@id\":\"https:\/\/archive.ontariocaregiver.ca\/fr\/webinaires-pour-aidants-naturels\/conseils\/#primaryimage\"},\"image\":{\"@id\":\"https:\/\/archive.ontariocaregiver.ca\/fr\/webinaires-pour-aidants-naturels\/conseils\/#primaryimage\"},\"thumbnailUrl\":\"https:\/\/ontariocaregiver.ca\/wp-content\/uploads\/2021\/09\/iStock-137384900.jpg\",\"datePublished\":\"2021-10-01T20:38:57+00:00\",\"dateModified\":\"2022-01-25T17:46:03+00:00\",\"breadcrumb\":{\"@id\":\"https:\/\/archive.ontariocaregiver.ca\/fr\/webinaires-pour-aidants-naturels\/conseils\/#breadcrumb\"},\"inLanguage\":\"fr-FR\",\"potentialAction\":[{\"@type\":\"ReadAction\",\"target\":[\"https:\/\/archive.ontariocaregiver.ca\/fr\/webinaires-pour-aidants-naturels\/conseils\/\"]}]},{\"@type\":\"ImageObject\",\"inLanguage\":\"fr-FR\",\"@id\":\"https:\/\/archive.ontariocaregiver.ca\/fr\/webinaires-pour-aidants-naturels\/conseils\/#primaryimage\",\"url\":\"https:\/\/ontariocaregiver.ca\/wp-content\/uploads\/2021\/09\/iStock-137384900.jpg\",\"contentUrl\":\"https:\/\/ontariocaregiver.ca\/wp-content\/uploads\/2021\/09\/iStock-137384900.jpg\",\"width\":2122,\"height\":1412,\"caption\":\"Une aidante naturelle accompagne son proche au guichet de banque\"},{\"@type\":\"BreadcrumbList\",\"@id\":\"https:\/\/archive.ontariocaregiver.ca\/fr\/webinaires-pour-aidants-naturels\/conseils\/#breadcrumb\",\"itemListElement\":[{\"@type\":\"ListItem\",\"position\":1,\"name\":\"Page principale\",\"item\":\"https:\/\/archive.ontariocaregiver.ca\/fr\/\"},{\"@type\":\"ListItem\",\"position\":2,\"name\":\"Webinaires pour les personnes aidantes naturelles\",\"item\":\"https:\/\/archive.ontariocaregiver.ca\/fr\/webinars-for-caregivers\/\"},{\"@type\":\"ListItem\",\"position\":3,\"name\":\"Conseils financiers et juridiques pour les personnes aidantes naturelles\"}]},{\"@type\":\"WebSite\",\"@id\":\"https:\/\/archive.ontariocaregiver.ca\/fr\/#website\",\"url\":\"https:\/\/archive.ontariocaregiver.ca\/fr\/\",\"name\":\"Organisme de soutien aux aidants naturels de l\u2019Ontario\",\"description\":\"\",\"potentialAction\":[{\"@type\":\"SearchAction\",\"target\":{\"@type\":\"EntryPoint\",\"urlTemplate\":\"https:\/\/archive.ontariocaregiver.ca\/fr\/?s={search_term_string}\"},\"query-input\":{\"@type\":\"PropertyValueSpecification\",\"valueRequired\":true,\"valueName\":\"search_term_string\"}}],\"inLanguage\":\"fr-FR\"}]}<\/script>\n<!-- \/ Yoast SEO plugin. -->","yoast_head_json":{"title":"Conseils financiers et juridiques pour les personnes aidantes naturelles - Organisme de soutien aux aidants naturels de l\u2019Ontario","robots":{"index":"noindex","follow":"follow","max-snippet":"max-snippet:-1","max-image-preview":"max-image-preview:large","max-video-preview":"max-video-preview:-1"},"og_locale":"fr_FR","og_type":"article","og_title":"Conseils financiers et juridiques pour les personnes aidantes naturelles - Organisme de soutien aux aidants naturels de l\u2019Ontario","og_description":"Conseils financiers et juridiques pour les personnes aidantes naturelles Cette m\u00e9diath\u00e8que vous offre une vari\u00e9t\u00e9 de webinaires anim\u00e9s pas l&rsquo;Organisme de soutien aux aidants..","og_url":"https:\/\/archive.ontariocaregiver.ca\/fr\/webinaires-pour-aidants-naturels\/conseils\/","og_site_name":"Organisme de soutien aux aidants naturels de l\u2019Ontario","article_modified_time":"2022-01-25T17:46:03+00:00","og_image":[{"width":2122,"height":1412,"url":"https:\/\/ontariocaregiver.ca\/wp-content\/uploads\/2021\/09\/iStock-137384900.jpg","type":"image\/jpeg"}],"twitter_card":"summary_large_image","twitter_misc":{"Dur\u00e9e de lecture estim\u00e9e":"1 minute"},"schema":{"@context":"https:\/\/schema.org","@graph":[{"@type":"WebPage","@id":"https:\/\/archive.ontariocaregiver.ca\/fr\/webinaires-pour-aidants-naturels\/conseils\/","url":"https:\/\/archive.ontariocaregiver.ca\/fr\/webinaires-pour-aidants-naturels\/conseils\/","name":"Conseils financiers et juridiques pour les personnes aidantes naturelles - Organisme de soutien aux aidants naturels de l\u2019Ontario","isPartOf":{"@id":"https:\/\/archive.ontariocaregiver.ca\/fr\/#website"},"primaryImageOfPage":{"@id":"https:\/\/archive.ontariocaregiver.ca\/fr\/webinaires-pour-aidants-naturels\/conseils\/#primaryimage"},"image":{"@id":"https:\/\/archive.ontariocaregiver.ca\/fr\/webinaires-pour-aidants-naturels\/conseils\/#primaryimage"},"thumbnailUrl":"https:\/\/ontariocaregiver.ca\/wp-content\/uploads\/2021\/09\/iStock-137384900.jpg","datePublished":"2021-10-01T20:38:57+00:00","dateModified":"2022-01-25T17:46:03+00:00","breadcrumb":{"@id":"https:\/\/archive.ontariocaregiver.ca\/fr\/webinaires-pour-aidants-naturels\/conseils\/#breadcrumb"},"inLanguage":"fr-FR","potentialAction":[{"@type":"ReadAction","target":["https:\/\/archive.ontariocaregiver.ca\/fr\/webinaires-pour-aidants-naturels\/conseils\/"]}]},{"@type":"ImageObject","inLanguage":"fr-FR","@id":"https:\/\/archive.ontariocaregiver.ca\/fr\/webinaires-pour-aidants-naturels\/conseils\/#primaryimage","url":"https:\/\/ontariocaregiver.ca\/wp-content\/uploads\/2021\/09\/iStock-137384900.jpg","contentUrl":"https:\/\/ontariocaregiver.ca\/wp-content\/uploads\/2021\/09\/iStock-137384900.jpg","width":2122,"height":1412,"caption":"Une aidante naturelle accompagne son proche au guichet de banque"},{"@type":"BreadcrumbList","@id":"https:\/\/archive.ontariocaregiver.ca\/fr\/webinaires-pour-aidants-naturels\/conseils\/#breadcrumb","itemListElement":[{"@type":"ListItem","position":1,"name":"Page principale","item":"https:\/\/archive.ontariocaregiver.ca\/fr\/"},{"@type":"ListItem","position":2,"name":"Webinaires pour les personnes aidantes naturelles","item":"https:\/\/archive.ontariocaregiver.ca\/fr\/webinars-for-caregivers\/"},{"@type":"ListItem","position":3,"name":"Conseils financiers et juridiques pour les personnes aidantes naturelles"}]},{"@type":"WebSite","@id":"https:\/\/archive.ontariocaregiver.ca\/fr\/#website","url":"https:\/\/archive.ontariocaregiver.ca\/fr\/","name":"Organisme de soutien aux aidants naturels de l\u2019Ontario","description":"","potentialAction":[{"@type":"SearchAction","target":{"@type":"EntryPoint","urlTemplate":"https:\/\/archive.ontariocaregiver.ca\/fr\/?s={search_term_string}"},"query-input":{"@type":"PropertyValueSpecification","valueRequired":true,"valueName":"search_term_string"}}],"inLanguage":"fr-FR"}]}},"ticketed":false,"_links":{"self":[{"href":"https:\/\/archive.ontariocaregiver.ca\/fr\/wp-json\/wp\/v2\/pages\/12513","targetHints":{"allow":["GET"]}}],"collection":[{"href":"https:\/\/archive.ontariocaregiver.ca\/fr\/wp-json\/wp\/v2\/pages"}],"about":[{"href":"https:\/\/archive.ontariocaregiver.ca\/fr\/wp-json\/wp\/v2\/types\/page"}],"author":[{"embeddable":true,"href":"https:\/\/archive.ontariocaregiver.ca\/fr\/wp-json\/wp\/v2\/users\/7"}],"replies":[{"embeddable":true,"href":"https:\/\/archive.ontariocaregiver.ca\/fr\/wp-json\/wp\/v2\/comments?post=12513"}],"version-history":[{"count":5,"href":"https:\/\/archive.ontariocaregiver.ca\/fr\/wp-json\/wp\/v2\/pages\/12513\/revisions"}],"predecessor-version":[{"id":15887,"href":"https:\/\/archive.ontariocaregiver.ca\/fr\/wp-json\/wp\/v2\/pages\/12513\/revisions\/15887"}],"up":[{"embeddable":true,"href":"https:\/\/archive.ontariocaregiver.ca\/fr\/wp-json\/wp\/v2\/pages\/12510"}],"wp:featuredmedia":[{"embeddable":true,"href":"https:\/\/archive.ontariocaregiver.ca\/fr\/wp-json\/wp\/v2\/media\/12048"}],"wp:attachment":[{"href":"https:\/\/archive.ontariocaregiver.ca\/fr\/wp-json\/wp\/v2\/media?parent=12513"}],"curies":[{"name":"wp","href":"https:\/\/api.w.org\/{rel}","templated":true}]}}