{"id":12512,"date":"2021-10-01T16:48:03","date_gmt":"2021-10-01T20:48:03","guid":{"rendered":"https:\/\/archive.ontariocaregiver.ca\/?page_id=12512"},"modified":"2023-07-25T11:03:18","modified_gmt":"2023-07-25T15:03:18","slug":"planification","status":"publish","type":"page","link":"https:\/\/archive.ontariocaregiver.ca\/fr\/webinaires-pour-aidants-naturels\/planification\/","title":{"rendered":"La gestion des soins de sant\u00e9"},"content":{"rendered":"\n<h1 class=\"wp-block-heading\">La gestion des soins de sant\u00e9<\/h1>\n\n\n\n<p>Cette m\u00e9diath\u00e8que vous offre une vari\u00e9t\u00e9 de webinaires anim\u00e9s pas l&rsquo;Organisme de soutien aux aidants naturels de l&rsquo;Ontario et ses partenaires. Recherchez parmi nos webinaires en utilisant des mots-cl\u00e9s, ou furetez par cat\u00e9gorie. Pour trouver plus de vid\u00e9os, visitez notre <a href=\"https:\/\/www.youtube.com\/c\/OntarioCaregiverOrganization\/featured\">cha\u00eene YouTube<\/a>.<\/p>\n\n\n\n<p><em>YouTube offre des sous-titres pour toutes les vid\u00e9os sur les cha\u00eenes YouTube. Si vous d\u00e9sirez ajouter des sous-titres en fran\u00e7ais sur nos vid\u00e9os, <a href=\"https:\/\/support.google.com\/youtube\/answer\/2734796?hl=fr\" target=\"_blank\" rel=\"noreferrer noopener\">cliquez ici pour les instructions<\/a> afin de modifier vos pr\u00e9f\u00e9rences sur votre ordinateur ou votre t\u00e9l\u00e9phone mobile. <\/em><\/p>\n\n\n<div id=\"accordion-content-block_585aaed945a4941b4af710a86d3c2793\" class=\"accordion-wrapper \">\n    <ul class=\"accordion\" data-accordion data-multi-expand=\"true\"  data-allow-all-closed=\"true\" data-deep-link=\"true\" data-update-history=\"true\">\n                <li class=\"accordion-item\" data-accordion-item>\n            <a href=\"#planification-urgence-partie1\" class=\"accordion-title\">Planification d\u2019une urgence impr\u00e9vue: Un guide pour les aidantes naturelles et aidants naturels<\/a>\n            <div class=\"accordion-content\" data-tab-content id=\"planification-urgence-partie1\">\n                <p><a href=\"https:\/\/www.youtube.com\/watch?v=75cDFac_71o&amp;list=PLoVqQnCbbIiO6FrP_Jx1zs6wOB4tXukq9&amp;index=11\">Planification d\u2019une urgence impr\u00e9vue: Un guide pour les aidantes naturelles et aidants naturels<\/a><\/p>\n<p><iframe loading=\"lazy\" title=\"Planification d\u2019une urgence impre\u0301vue: Un guide pour les aidantes naturelles et aidants naturels\" width=\"500\" height=\"281\" src=\"https:\/\/www.youtube.com\/embed\/75cDFac_71o?list=PLoVqQnCbbIiO6FrP_Jx1zs6wOB4tXukq9\" frameborder=\"0\" allow=\"accelerometer; autoplay; clipboard-write; encrypted-media; gyroscope; picture-in-picture; web-share\" referrerpolicy=\"strict-origin-when-cross-origin\" allowfullscreen><\/iframe><\/p>\n<p>(Premiere partie) &#8211; Souvent, les aidants naturels, tels qu\u2019un parent, ami ou membre de la famille, peuvent avoir des plans ou des habitudes fixes pour assurer l\u2019ordre et l\u2019aisance dans leur vie quotidienne. Bien que la vie puisse nous amener des situations d\u2019urgence impr\u00e9visibles, les aidants naturels peuvent quand m\u00eame se pr\u00e9parer pour mieux faire face \u00e0 ces \u00e9ventualit\u00e9s. Notre webinaire en deux parties intitul\u00e9 \u00ab Un guide de planification d\u2019urgence pour aidants naturels \u00bb aborde les pr\u00e9occupations des aidants naturels associ\u00e9es \u00e0 la cr\u00e9ation ou la mise en \u0153uvre d\u2019un plan de gestion de crise. On tiendra compte du caract\u00e8re unique de la relation d\u2019aidance naturelle.<\/p>\n            <\/div>\n        <\/li>\n                <li class=\"accordion-item\" data-accordion-item>\n            <a href=\"#planification-urgence-partie2\" class=\"accordion-title\">Pr\u00e9paration pour des urgences impr\u00e9vues-Deuxi\u00e8me partie<\/a>\n            <div class=\"accordion-content\" data-tab-content id=\"planification-urgence-partie2\">\n                <p><a href=\"https:\/\/www.youtube.com\/watch?v=vhNPO7oZl-s&amp;list=PLoVqQnCbbIiO6FrP_Jx1zs6wOB4tXukq9&amp;index=12\">Pr\u00e9paration pour des urgences impr\u00e9vues-Deuxi\u00e8me partie<\/a><\/p>\n<p><iframe loading=\"lazy\" title=\"Pre\u0301paration pour des urgences impre\u0301vues-Deuxie\u0300me partie\" width=\"500\" height=\"281\" src=\"https:\/\/www.youtube.com\/embed\/vhNPO7oZl-s?list=PLoVqQnCbbIiO6FrP_Jx1zs6wOB4tXukq9\" frameborder=\"0\" allow=\"accelerometer; autoplay; clipboard-write; encrypted-media; gyroscope; picture-in-picture; web-share\" referrerpolicy=\"strict-origin-when-cross-origin\" allowfullscreen><\/iframe><\/p>\n<p>Souvent, les aidants naturels, tels qu\u2019un parent, ami ou membre de la famille, peuvent avoir des plans ou des habitudes fixes pour assurer l\u2019ordre et l\u2019aisance dans leur vie quotidienne. Bien que la vie puisse nous amener des situations d\u2019urgence impr\u00e9visibles, les aidants naturels peuvent quand m\u00eame se pr\u00e9parer pour mieux faire face \u00e0 ces \u00e9ventualit\u00e9s. Notre webinaire en deux parties intitul\u00e9 \u00ab Un guide de planification d\u2019urgence pour aidants naturels)\u00bb aborde les pr\u00e9occupations des aidants naturels associ\u00e9es \u00e0 la cr\u00e9ation ou la mise en \u0153uvre d\u2019un plan de gestion de crise. On tiendra compte du caract\u00e8re unique de la relation d\u2019aidance naturelle.<\/p>\n            <\/div>\n        <\/li>\n                <li class=\"accordion-item\" data-accordion-item>\n            <a href=\"#pr\u00e9parer-lavenir\" class=\"accordion-title\">Pr\u00e9parer l&rsquo;avenir la planification pr\u00e9alable des soins<\/a>\n            <div class=\"accordion-content\" data-tab-content id=\"pr\u00e9parer-lavenir\">\n                <p><a href=\"https:\/\/www.youtube.com\/watch?v=8RxqKdIl62A&amp;list=PLoVqQnCbbIiO6FrP_Jx1zs6wOB4tXukq9&amp;index=6\">Pr\u00e9parer l&rsquo;avenir la planification pr\u00e9alable des soins<\/a><\/p>\n<p><iframe loading=\"lazy\" title=\"Pr\u00e9parer l&#039;avenir  la planification pr\u00e9alable des soins\" width=\"500\" height=\"281\" src=\"https:\/\/www.youtube.com\/embed\/8RxqKdIl62A?list=PLoVqQnCbbIiO6FrP_Jx1zs6wOB4tXukq9\" frameborder=\"0\" allow=\"accelerometer; autoplay; clipboard-write; encrypted-media; gyroscope; picture-in-picture; web-share\" referrerpolicy=\"strict-origin-when-cross-origin\" allowfullscreen><\/iframe><\/p>\n<p>Ce webinaire se d\u00e9roulera en deux principales \u00e9tapes. D\u2019abord, on abordera les aspects fondamentaux de la planification pr\u00e9alable des soins (PPS) pour vous-m\u00eame et \u00e0 la personne dont vous vous occupez. On expliquera en quoi consiste la PPS, pourquoi elle est importante et la fa\u00e7on d\u2019engager une discussion sur le r\u00e9gime de soins avanc\u00e9s. On expliquera aussi le r\u00f4le du mandataire sp\u00e9cial. Ensuite, on se penchera sur certains aspects importants des soins aux personnes atteintes d\u2019une maladie au stade avanc\u00e9, comme par exemple ce que signifie r\u00e9ellement un \u00ab ordre de ne pas r\u00e9animer \u00bb et quand avoir recours aux soins palliatifs \u00bb, et quelle est la diff\u00e9rence entre les soins prodigu\u00e9s \u00e0 l\u2019h\u00f4pital et ceux prodigu\u00e9es dans une unit\u00e9 de soins palliatifs ou un hospice \u00bb Cette s\u00e9ance est pr\u00e9sent\u00e9e en anglais avec une traduction simultan\u00e9e en fran\u00e7ais.<\/p>\n            <\/div>\n        <\/li>\n                <li class=\"accordion-item\" data-accordion-item>\n            <a href=\"#transitions-l'h\u00f4pital-la maison\" class=\"accordion-title\">Outils pour de meilleures transitions entre l\u2019h\u00f4pital et la maison<\/a>\n            <div class=\"accordion-content\" data-tab-content id=\"transitions-l'h\u00f4pital-la maison\">\n                <p><iframe loading=\"lazy\" title=\"Outils pour de meilleures transitions entre l\u2019h\u00f4pital et la maison\" width=\"500\" height=\"281\" src=\"https:\/\/www.youtube.com\/embed\/qcmRfGq6ivE?feature=oembed\" frameborder=\"0\" allow=\"accelerometer; autoplay; clipboard-write; encrypted-media; gyroscope; picture-in-picture; web-share\" referrerpolicy=\"strict-origin-when-cross-origin\" allowfullscreen><\/iframe><\/p>\n<p>La transition entre l\u2019h\u00f4pital et la maison peut \u00eatre stressante pour les personnes aidantes naturelles et les personnes aid\u00e9es. En partenariat avec Sant\u00e9 Ontario, ce webinaire fournit aux personnes aidantes naturelles des informations, des ressources et des outils pour faciliter la transition des patients entre l\u2019h\u00f4pital et la maison. Nous d\u00e9couvrirons les exp\u00e9riences v\u00e9cues de deux personnes aidantes naturelles et de la Dre Karen Okrainec, clinicienne-chercheuse et professeure adjointe \u00e0 University Health Network et \u00e0 l\u2019Universit\u00e9 de Toronto.<\/p>\n            <\/div>\n        <\/li>\n                <li class=\"accordion-item\" data-accordion-item>\n            <a href=\"#Equilibrer-le-travail\" class=\"accordion-title\">\u00c9quilibrer le travail etl\u2019aidance naturelle : des strat\u00e9giessur mesures<\/a>\n            <div class=\"accordion-content\" data-tab-content id=\"Equilibrer-le-travail\">\n                <p><iframe loading=\"lazy\" title=\"\u00c9quilibrer le travail et l\u2019aidance naturelle : des strat\u00e9gies sur mesures\" width=\"500\" height=\"281\" src=\"https:\/\/www.youtube.com\/embed\/ODC10grJ5kg?feature=oembed\" frameborder=\"0\" allow=\"accelerometer; autoplay; clipboard-write; encrypted-media; gyroscope; picture-in-picture; web-share\" referrerpolicy=\"strict-origin-when-cross-origin\" allowfullscreen><\/iframe><\/p>\n<p>Est-ce que vous-m\u00eame, ou quelqu\u2019un que vous connaissez, \u00eates dans la situation de devoir prendre soin d\u2019un membre de la famille ou d\u2019un ami tout en conciliant les exigences de votre travail ? Avez-vous souvent l\u2019impression de ne pas pouvoir tout g\u00e9rer et d\u2019avoir besoin de plus de temps pour vous? Prenez votre boisson et votre collation pr\u00e9f\u00e9r\u00e9es et joignezvous \u00e0 nous pour une dur\u00e9e de une heure pour \u00e9couter d\u2019autres personnes aidantes naturelles partager leurs exp\u00e9riences et d\u00e9couvrir des outils utiles de Roxanne Dion-Boudreau, responsable r\u00e9gionale \u00e0 l\u2019OSANO.<\/p>\n            <\/div>\n        <\/li>\n            <\/ul>\n<\/div>\n","protected":false},"excerpt":{"rendered":"<p>La gestion des soins de sant\u00e9 Cette m\u00e9diath\u00e8que vous offre une vari\u00e9t\u00e9 de webinaires anim\u00e9s pas l&rsquo;Organisme de soutien aux aidants naturels de l&rsquo;Ontario..<\/p>\n","protected":false},"author":7,"featured_media":12044,"parent":12510,"menu_order":0,"comment_status":"closed","ping_status":"closed","template":"","meta":{"_acf_changed":false,"_relevanssi_hide_post":"","_relevanssi_hide_content":"","_relevanssi_pin_for_all":"","_relevanssi_pin_keywords":"","_relevanssi_unpin_keywords":"","_relevanssi_related_keywords":"","_relevanssi_related_include_ids":"","_relevanssi_related_exclude_ids":"","_relevanssi_related_no_append":"","_relevanssi_related_not_related":"","_relevanssi_related_posts":"7429,7899,13464,17516,12694,10342","_relevanssi_noindex_reason":"","_price":"","_stock":"","_tribe_ticket_header":"","_tribe_default_ticket_provider":"","_tribe_ticket_capacity":"0","_ticket_start_date":"","_ticket_end_date":"","_tribe_ticket_show_description":"","_tribe_ticket_show_not_going":false,"_tribe_ticket_use_global_stock":"","_tribe_ticket_global_stock_level":"","_global_stock_mode":"","_global_stock_cap":"","_tribe_rsvp_for_event":"","_tribe_ticket_going_count":"","_tribe_ticket_not_going_count":"","_tribe_tickets_list":[],"_tribe_ticket_has_attendee_info_fields":false,"footnotes":""},"class_list":["post-12512","page","type-page","status-publish","has-post-thumbnail","hentry"],"acf":[],"yoast_head":"<!-- This site is optimized with the Yoast SEO plugin v25.8 - https:\/\/yoast.com\/wordpress\/plugins\/seo\/ -->\n<title>La gestion des soins de sant\u00e9 - Organisme de soutien aux aidants naturels de l\u2019Ontario<\/title>\n<meta name=\"robots\" content=\"noindex, follow, max-snippet:-1, max-image-preview:large, max-video-preview:-1\" \/>\n<meta property=\"og:locale\" content=\"fr_FR\" \/>\n<meta property=\"og:type\" content=\"article\" \/>\n<meta property=\"og:title\" content=\"La gestion des soins de sant\u00e9 - Organisme de soutien aux aidants naturels de l\u2019Ontario\" \/>\n<meta property=\"og:description\" content=\"La gestion des soins de sant\u00e9 Cette m\u00e9diath\u00e8que vous offre une vari\u00e9t\u00e9 de webinaires anim\u00e9s pas l&rsquo;Organisme de soutien aux aidants naturels de l&rsquo;Ontario..\" \/>\n<meta property=\"og:url\" content=\"https:\/\/archive.ontariocaregiver.ca\/fr\/webinaires-pour-aidants-naturels\/planification\/\" \/>\n<meta property=\"og:site_name\" content=\"Organisme de soutien aux aidants naturels de l\u2019Ontario\" \/>\n<meta property=\"article:modified_time\" content=\"2023-07-25T15:03:18+00:00\" \/>\n<meta property=\"og:image\" content=\"https:\/\/ontariocaregiver.ca\/wp-content\/uploads\/2021\/09\/iStock-483899996.jpg\" \/>\n\t<meta property=\"og:image:width\" content=\"2121\" \/>\n\t<meta property=\"og:image:height\" content=\"1414\" \/>\n\t<meta property=\"og:image:type\" content=\"image\/jpeg\" \/>\n<meta name=\"twitter:card\" content=\"summary_large_image\" \/>\n<meta name=\"twitter:label1\" content=\"Dur\u00e9e de lecture estim\u00e9e\" \/>\n\t<meta name=\"twitter:data1\" content=\"1 minute\" \/>\n<script type=\"application\/ld+json\" class=\"yoast-schema-graph\">{\"@context\":\"https:\/\/schema.org\",\"@graph\":[{\"@type\":\"WebPage\",\"@id\":\"https:\/\/archive.ontariocaregiver.ca\/fr\/webinaires-pour-aidants-naturels\/planification\/\",\"url\":\"https:\/\/archive.ontariocaregiver.ca\/fr\/webinaires-pour-aidants-naturels\/planification\/\",\"name\":\"La gestion des soins de sant\u00e9 - Organisme de soutien aux aidants naturels de l\u2019Ontario\",\"isPartOf\":{\"@id\":\"https:\/\/archive.ontariocaregiver.ca\/fr\/#website\"},\"primaryImageOfPage\":{\"@id\":\"https:\/\/archive.ontariocaregiver.ca\/fr\/webinaires-pour-aidants-naturels\/planification\/#primaryimage\"},\"image\":{\"@id\":\"https:\/\/archive.ontariocaregiver.ca\/fr\/webinaires-pour-aidants-naturels\/planification\/#primaryimage\"},\"thumbnailUrl\":\"https:\/\/ontariocaregiver.ca\/wp-content\/uploads\/2021\/09\/iStock-483899996.jpg\",\"datePublished\":\"2021-10-01T20:48:03+00:00\",\"dateModified\":\"2023-07-25T15:03:18+00:00\",\"breadcrumb\":{\"@id\":\"https:\/\/archive.ontariocaregiver.ca\/fr\/webinaires-pour-aidants-naturels\/planification\/#breadcrumb\"},\"inLanguage\":\"fr-FR\",\"potentialAction\":[{\"@type\":\"ReadAction\",\"target\":[\"https:\/\/archive.ontariocaregiver.ca\/fr\/webinaires-pour-aidants-naturels\/planification\/\"]}]},{\"@type\":\"ImageObject\",\"inLanguage\":\"fr-FR\",\"@id\":\"https:\/\/archive.ontariocaregiver.ca\/fr\/webinaires-pour-aidants-naturels\/planification\/#primaryimage\",\"url\":\"https:\/\/ontariocaregiver.ca\/wp-content\/uploads\/2021\/09\/iStock-483899996.jpg\",\"contentUrl\":\"https:\/\/ontariocaregiver.ca\/wp-content\/uploads\/2021\/09\/iStock-483899996.jpg\",\"width\":2121,\"height\":1414,\"caption\":\"Un aidant naturel r\u00e9conforte sa m\u00e8re\"},{\"@type\":\"BreadcrumbList\",\"@id\":\"https:\/\/archive.ontariocaregiver.ca\/fr\/webinaires-pour-aidants-naturels\/planification\/#breadcrumb\",\"itemListElement\":[{\"@type\":\"ListItem\",\"position\":1,\"name\":\"Page principale\",\"item\":\"https:\/\/archive.ontariocaregiver.ca\/fr\/\"},{\"@type\":\"ListItem\",\"position\":2,\"name\":\"Webinaires pour les personnes aidantes naturelles\",\"item\":\"https:\/\/archive.ontariocaregiver.ca\/fr\/webinars-for-caregivers\/\"},{\"@type\":\"ListItem\",\"position\":3,\"name\":\"La gestion des soins de sant\u00e9\"}]},{\"@type\":\"WebSite\",\"@id\":\"https:\/\/archive.ontariocaregiver.ca\/fr\/#website\",\"url\":\"https:\/\/archive.ontariocaregiver.ca\/fr\/\",\"name\":\"Organisme de soutien aux aidants naturels de l\u2019Ontario\",\"description\":\"\",\"potentialAction\":[{\"@type\":\"SearchAction\",\"target\":{\"@type\":\"EntryPoint\",\"urlTemplate\":\"https:\/\/archive.ontariocaregiver.ca\/fr\/?s={search_term_string}\"},\"query-input\":{\"@type\":\"PropertyValueSpecification\",\"valueRequired\":true,\"valueName\":\"search_term_string\"}}],\"inLanguage\":\"fr-FR\"}]}<\/script>\n<!-- \/ Yoast SEO plugin. -->","yoast_head_json":{"title":"La gestion des soins de sant\u00e9 - Organisme de soutien aux aidants naturels de l\u2019Ontario","robots":{"index":"noindex","follow":"follow","max-snippet":"max-snippet:-1","max-image-preview":"max-image-preview:large","max-video-preview":"max-video-preview:-1"},"og_locale":"fr_FR","og_type":"article","og_title":"La gestion des soins de sant\u00e9 - Organisme de soutien aux aidants naturels de l\u2019Ontario","og_description":"La gestion des soins de sant\u00e9 Cette m\u00e9diath\u00e8que vous offre une vari\u00e9t\u00e9 de webinaires anim\u00e9s pas l&rsquo;Organisme de soutien aux aidants naturels de l&rsquo;Ontario..","og_url":"https:\/\/archive.ontariocaregiver.ca\/fr\/webinaires-pour-aidants-naturels\/planification\/","og_site_name":"Organisme de soutien aux aidants naturels de l\u2019Ontario","article_modified_time":"2023-07-25T15:03:18+00:00","og_image":[{"width":2121,"height":1414,"url":"https:\/\/ontariocaregiver.ca\/wp-content\/uploads\/2021\/09\/iStock-483899996.jpg","type":"image\/jpeg"}],"twitter_card":"summary_large_image","twitter_misc":{"Dur\u00e9e de lecture estim\u00e9e":"1 minute"},"schema":{"@context":"https:\/\/schema.org","@graph":[{"@type":"WebPage","@id":"https:\/\/archive.ontariocaregiver.ca\/fr\/webinaires-pour-aidants-naturels\/planification\/","url":"https:\/\/archive.ontariocaregiver.ca\/fr\/webinaires-pour-aidants-naturels\/planification\/","name":"La gestion des soins de sant\u00e9 - Organisme de soutien aux aidants naturels de l\u2019Ontario","isPartOf":{"@id":"https:\/\/archive.ontariocaregiver.ca\/fr\/#website"},"primaryImageOfPage":{"@id":"https:\/\/archive.ontariocaregiver.ca\/fr\/webinaires-pour-aidants-naturels\/planification\/#primaryimage"},"image":{"@id":"https:\/\/archive.ontariocaregiver.ca\/fr\/webinaires-pour-aidants-naturels\/planification\/#primaryimage"},"thumbnailUrl":"https:\/\/ontariocaregiver.ca\/wp-content\/uploads\/2021\/09\/iStock-483899996.jpg","datePublished":"2021-10-01T20:48:03+00:00","dateModified":"2023-07-25T15:03:18+00:00","breadcrumb":{"@id":"https:\/\/archive.ontariocaregiver.ca\/fr\/webinaires-pour-aidants-naturels\/planification\/#breadcrumb"},"inLanguage":"fr-FR","potentialAction":[{"@type":"ReadAction","target":["https:\/\/archive.ontariocaregiver.ca\/fr\/webinaires-pour-aidants-naturels\/planification\/"]}]},{"@type":"ImageObject","inLanguage":"fr-FR","@id":"https:\/\/archive.ontariocaregiver.ca\/fr\/webinaires-pour-aidants-naturels\/planification\/#primaryimage","url":"https:\/\/ontariocaregiver.ca\/wp-content\/uploads\/2021\/09\/iStock-483899996.jpg","contentUrl":"https:\/\/ontariocaregiver.ca\/wp-content\/uploads\/2021\/09\/iStock-483899996.jpg","width":2121,"height":1414,"caption":"Un aidant naturel r\u00e9conforte sa m\u00e8re"},{"@type":"BreadcrumbList","@id":"https:\/\/archive.ontariocaregiver.ca\/fr\/webinaires-pour-aidants-naturels\/planification\/#breadcrumb","itemListElement":[{"@type":"ListItem","position":1,"name":"Page principale","item":"https:\/\/archive.ontariocaregiver.ca\/fr\/"},{"@type":"ListItem","position":2,"name":"Webinaires pour les personnes aidantes naturelles","item":"https:\/\/archive.ontariocaregiver.ca\/fr\/webinars-for-caregivers\/"},{"@type":"ListItem","position":3,"name":"La gestion des soins de sant\u00e9"}]},{"@type":"WebSite","@id":"https:\/\/archive.ontariocaregiver.ca\/fr\/#website","url":"https:\/\/archive.ontariocaregiver.ca\/fr\/","name":"Organisme de soutien aux aidants naturels de l\u2019Ontario","description":"","potentialAction":[{"@type":"SearchAction","target":{"@type":"EntryPoint","urlTemplate":"https:\/\/archive.ontariocaregiver.ca\/fr\/?s={search_term_string}"},"query-input":{"@type":"PropertyValueSpecification","valueRequired":true,"valueName":"search_term_string"}}],"inLanguage":"fr-FR"}]}},"ticketed":false,"_links":{"self":[{"href":"https:\/\/archive.ontariocaregiver.ca\/fr\/wp-json\/wp\/v2\/pages\/12512","targetHints":{"allow":["GET"]}}],"collection":[{"href":"https:\/\/archive.ontariocaregiver.ca\/fr\/wp-json\/wp\/v2\/pages"}],"about":[{"href":"https:\/\/archive.ontariocaregiver.ca\/fr\/wp-json\/wp\/v2\/types\/page"}],"author":[{"embeddable":true,"href":"https:\/\/archive.ontariocaregiver.ca\/fr\/wp-json\/wp\/v2\/users\/7"}],"replies":[{"embeddable":true,"href":"https:\/\/archive.ontariocaregiver.ca\/fr\/wp-json\/wp\/v2\/comments?post=12512"}],"version-history":[{"count":14,"href":"https:\/\/archive.ontariocaregiver.ca\/fr\/wp-json\/wp\/v2\/pages\/12512\/revisions"}],"predecessor-version":[{"id":25408,"href":"https:\/\/archive.ontariocaregiver.ca\/fr\/wp-json\/wp\/v2\/pages\/12512\/revisions\/25408"}],"up":[{"embeddable":true,"href":"https:\/\/archive.ontariocaregiver.ca\/fr\/wp-json\/wp\/v2\/pages\/12510"}],"wp:featuredmedia":[{"embeddable":true,"href":"https:\/\/archive.ontariocaregiver.ca\/fr\/wp-json\/wp\/v2\/media\/12044"}],"wp:attachment":[{"href":"https:\/\/archive.ontariocaregiver.ca\/fr\/wp-json\/wp\/v2\/media?parent=12512"}],"curies":[{"name":"wp","href":"https:\/\/api.w.org\/{rel}","templated":true}]}}