{"id":12248,"date":"2021-09-16T11:50:39","date_gmt":"2021-09-16T15:50:39","guid":{"rendered":"https:\/\/archive.ontariocaregiver.ca\/?page_id=12248"},"modified":"2022-03-22T10:01:58","modified_gmt":"2022-03-22T14:01:58","slug":"maladie-chronique","status":"publish","type":"page","link":"https:\/\/archive.ontariocaregiver.ca\/fr\/pour-aidants-naturels\/prestations-de-soins\/maladie-chronique\/","title":{"rendered":"Je m\u2019occupe d\u2019une personne atteinte d\u2019une maladie chronique"},"content":{"rendered":"\n<h1 class=\"wp-block-heading\"><strong>Je m\u2019occupe d\u2019une personne atteinte d\u2019une maladie chronique<\/strong><strong><\/strong><\/h1>\n\n\n\n<p>Une maladie chronique est une maladie ou un trouble qui est persistant et (ou) de longue dur\u00e9e et souvent limitant l\u2019esp\u00e9rance de vie. Le <strong><u><a href=\"https:\/\/archive.ontariocaregiver.ca\/fr\/le-cancer\/\" target=\"_blank\" rel=\"noreferrer noopener\">cancer<\/a><\/u><\/strong>, les <strong><u><a href=\"https:\/\/archive.ontariocaregiver.ca\/fr\/maladie-cardiaque-avc\/\" target=\"_blank\" rel=\"noreferrer noopener\">maladies cardiaques<\/a><\/u><\/strong>, les maladies du rein, la maladie de Parkinson, la dystrophie musculaire, la scl\u00e9rose en plaques et la scl\u00e9rose lat\u00e9rale amyotrophique (SLA) en sont des exemples. Certaines maladies chroniques, comme la SLA, sont d\u00e9g\u00e9n\u00e9ratives, ce qui signifie que la maladie s\u2019aggrave progressivement.<\/p>\n\n\n\n<p>Le besoin de soins et les t\u00e2ches \u00e0 accomplir varient selon la maladie de votre proche. Vos responsabilit\u00e9s pourraient augmenter au fil du temps si vous vous occupez d\u2019une personne atteinte d\u2019une maladie d\u00e9g\u00e9n\u00e9rative.<\/p>\n\n\n\n<p>Voici quelques fa\u00e7ons d\u2019aider, peu importe le diagnostic ou le pronostic du membre de votre famille.&nbsp;<\/p>\n\n\n\n<h2 class=\"wp-block-heading\"><strong>Soutien pratique<\/strong><strong><\/strong><\/h2>\n\n\n\n<p>Vous pouvez aider votre proche en fixant les rendez-vous, en l\u2019accompagnant \u00e0 ses rendez-vous, en organisant des visites de soins \u00e0 domicile et en effectuant des t\u00e2ches dans la maison comme la pr\u00e9paration des repas. Vous pouvez aussi vous assurer que les papiers importants sont organis\u00e9s et gard\u00e9s dans un endroit s\u00fbr. Il peut s\u2019agir de documents d\u2019assurance, de testaments, de directives m\u00e9dicales anticip\u00e9es et d\u2019autres documents juridiques ou financiers.&nbsp;<\/p>\n\n\n\n<p><strong>Conseils aux personnes aidantes naturelles&nbsp;:<\/strong><\/p>\n\n\n\n<ul class=\"wp-block-list\"><li>Demandez de l\u2019aide quand vous en avez besoin &#8211; parlez de vos besoins \u00e0 votre famille et \u00e0 vos amis. La plupart des gens sont pr\u00eats \u00e0 aider, mais ils ne savent peut-\u00eatre pas comment&nbsp;<\/li><li>Si vous devez travailler moins en raison de votre r\u00f4le d\u2019aidant naturel ou si votre partenaire ne peut plus travailler, vous pouvez avoir droit \u00e0 <strong><a href=\"https:\/\/www.cancer.ca\/fr-ca\/cancer-information\/living-with-cancer\/practical-matters\/concerns-about-money\/?region=mb\" target=\"_blank\" rel=\"noreferrer noopener\">diverses formes d\u2019aide<\/a><\/strong> du gouvernement du Canada<\/li><\/ul>\n\n\n\n<p><strong>Soins personnels, soutien physique et m\u00e9dical<\/strong><strong><\/strong><\/p>\n\n\n\n<p>On peut vous demander d\u2019aider quelqu\u2019un&nbsp;:<\/p>\n\n\n\n<ul class=\"wp-block-list\"><li>\u00e0 marcher ou se d\u00e9placer avec un d\u00e9ambulateur ou sur un fauteuil roulant<\/li><li>\u00e0 entrer dans la baignoire ou la douche ou en sortir, ou faire sa toilette \u00e0 l\u2019\u00e9ponge dans son lit&nbsp;<\/li><li>\u00e0 prendre place dans le lit ou un fauteuil et en sortir, ou l\u2019aider \u00e0 changer de c\u00f4t\u00e9 dans le lit&nbsp;<\/li><li>\u00e0 aller aux toilettes ou \u00e0 utiliser un bassin de lit ou remplacer ses serviettes d\u2019incontinence<\/li><li>\u00e0 se brosser les dents, garder ses l\u00e8vres humides ou se rincer la bouche&nbsp;<\/li><li>\u00e0 laver ses cheveux, hydrater sa peau et couper ses ongles<\/li><li>\u00e0 prendre ses m\u00e9dicaments et vous assurer d\u2019en faire le suivi<\/li><\/ul>\n\n\n\n<p><strong> <strong>Conseils aux personnes aidantes naturelles&nbsp;:<\/strong> <\/strong><\/p>\n\n\n\n<ul class=\"wp-block-list\"><li>D\u00e9terminez ce que vous \u00eates \u00e0 l\u2019aise de faire ou non. Soyez honn\u00eate avec vous-m\u00eame et avec la personne dont vous vous occupez au sujet de ce que vous pouvez faire de fa\u00e7on r\u00e9aliste<\/li><li>Parlez de votre r\u00f4le<strong> &#8211;<\/strong> il est important que vous, le membre de votre famille et l\u2019\u00e9quipe de soins sachiez ce que vous ferez en tant qu\u2019aidant naturel<\/li><li>Renseignez-vous sur les services de soins \u00e0 domicile qui sont offerts dans votre r\u00e9gion. Le personnel de soins \u00e0 domicile peut vous aider \u00e0 administrer les m\u00e9dicaments, \u00e0 donner un bain et vous apprendre des t\u00e2ches comme positionner quelqu\u2019un confortablement dans son lit.&nbsp;<\/li><li>Renseignez-vous sur la possibilit\u00e9 d\u2019obtenir des appareils fonctionnels comme un d\u00e9ambulateur, un appareil de levage, un fauteuil roulant, un lit d\u2019h\u00f4pital, une chaise de douche, une barre d\u2019appui, une chaise d\u2019aisance ou un appareil de communication<\/li><li>Renseignez-vous sur les programmes d\u2019aide gouvernementale et de rabais pour l\u2019achat de l\u2019\u00e9quipement m\u00e9dical \u00e0 domicile.<\/li><\/ul>\n\n\n\n<p><strong>Soutien affectif<\/strong><strong><\/strong><\/p>\n\n\n\n<p>Vous devriez peut-\u00eatre aider votre proche \u00e0 g\u00e9rer ses \u00e9motions et \u00e0 parler des d\u00e9cisions difficiles \u00e0 prendre concernant les soins et le traitement.<\/p>\n\n\n\n<p><strong><strong>Conseils aux personnes aidantes naturelles&nbsp;:<\/strong> <\/strong><\/p>\n\n\n\n<ul class=\"wp-block-list\"><li>Encouragez-le \u00e0 partager ses sentiments avec vous.&nbsp;Dites-lui qu\u2019il est normal d\u2019exprimer ses craintes et ses inqui\u00e9tudes \u00e0 propos de ce qui va se passer<\/li><li>Tenez-lui compagnie. Le simple fait d\u2019\u00eatre l\u00e0 peut \u00eatre r\u00e9confortant<\/li><li>Respectez son besoin d\u2019intimit\u00e9 et de solitude. Faire face \u00e0 une maladie grave signifie parfois que vous et votre proche devez prendre du temps pour r\u00e9fl\u00e9chir ou faire une pause<\/li><\/ul>\n\n\n\n<p><strong>Interventions m\u00e9dicales et soins en fin de vie <\/strong><strong><\/strong><\/p>\n\n\n\n<p>\u00c0 un moment donn\u00e9, vous devrez peut-\u00eatre prendre une d\u00e9cision concernant des interventions m\u00e9dicales au nom de votre proche. Vous devrez peut-\u00eatre aussi prendre des d\u00e9cisions concernant les soins en fin de vie, ce qui est une responsabilit\u00e9 tr\u00e8s difficile et \u00e9motionnelle.<\/p>\n\n\n\n<p>Si que votre proche en est encore capable, parlez-lui de ses souhaits au sujet des soins futurs. Une conversation ouverte maintenant vous aidera \u00e0 vous pr\u00e9parer \u00e0 prendre des d\u00e9cisions sur les interventions m\u00e9dicales et les soins de fin de vie au nom de votre proche, \u00e0 mesure que la maladie progresse. Prendre des d\u00e9cisions ensemble peut aussi vous apporter \u00e0 tous les deux r\u00e9confort et tranquillit\u00e9 d\u2019esprit<\/p>\n\n\n\n<p><strong> <strong><strong>Conseils aux personnes aidantes naturelles&nbsp;:<\/strong> <\/strong> <\/strong><\/p>\n\n\n\n<ul class=\"wp-block-list\"><li>Au lieu de porter votre attention sur les interventions m\u00e9dicales, votre conversation devrait porter sur les valeurs de votre proche et sur ce qui est important pour lui. Qu\u2019est-ce qui fait que la vie vaut la peine d\u2019\u00eatre v\u00e9cue? Quel genre de vie accepterait-il? Quels compromis ferait-il? Qu\u2019est-ce qui rendrait la prolongation de la vie inacceptable pour lui? \u00c0 l\u2019approche de la mort, qu\u2019est-ce qui lui am\u00e8nerait la s\u00e9r\u00e9nit\u00e9?<\/li><li>Parlez \u00e0 l\u2019\u00e9quipe soignante de votre proche de toute question ou pr\u00e9occupation que vous pourriez avoir concernant les soins en fin de vie, y compris les options de soins palliatifs<\/li><\/ul>\n\n\n\n<p><strong>Demandez de l\u2019aide&nbsp;: <\/strong><strong><\/strong><\/p>\n\n\n\n<ul class=\"wp-block-list\"><li>Consultez aussi <strong><u><a href=\"https:\/\/archive.ontariocaregiver.ca\/fr\/le-cancer\/\" target=\"_blank\" rel=\"noreferrer noopener\">Je m\u2019occupe d\u2019une personne atteinte de cancer<\/a><\/u><\/strong><\/li><li><strong>Consultez aussi <u><a href=\"https:\/\/archive.ontariocaregiver.ca\/fr\/maladie-cardiaque-avc\/\" target=\"_blank\" rel=\"noreferrer noopener\">Je m\u2019occupe d\u2019une personne atteinte d\u2019une maladie cardiaque ou d\u2019un AVC <\/a><\/u><\/strong><\/li><li><strong><a href=\"https:\/\/www.virtualhospice.ca\/Assets\/guide_des_aidants_naturels_20081216140554.pdf\" target=\"_blank\" rel=\"noreferrer noopener\"><u>T\u00e9l\u00e9chargez<\/u> <\/a><\/strong>le guide destin\u00e9 aux aidants naturels pour les soins en fin de vie<\/li><li>Contactez l\u2019Association canadienne de soins palliatifs \u00e0 <strong><u><a href=\"http:\/\/www.acsp.net\/\" target=\"_blank\" rel=\"noreferrer noopener\">www.acsp.net\/<\/a><\/u><\/strong> ou composez le 1-800-668-2785 pour obtenir des ressources et des guides gratuits sur les soins palliatifs<\/li><li>Pour obtenir des renseignements sur les soutiens et les services offerts en Ontario aux personnes qui soignent des patients en fin de vie, rendez-vous sur <strong>&nbsp;<\/strong><a href=\"https:\/\/www.health.gov.on.ca\/fr\/public\/programs\/palliative\/palliative_questionsandanswers.aspx\"><strong>http:\/\/www.health.gov.on.ca\/fr\/public\/programs\/palliative\/palliative_questionsandanswers.aspx<\/strong><\/a><\/li><li>Entrez en contact avec d&rsquo;autres personnes aidantes naturelles gr\u00e2ce \u00e0 notre <strong><a href=\"https:\/\/archive.ontariocaregiver.ca\/peersupport\/fr\/trouver-un-mentor\/\" target=\"_blank\" rel=\"noreferrer noopener\">programme de soutien individuel par les pairs.<\/a><\/strong><\/li><\/ul>\n\n\n\n<p>Vous ne savez pas par o\u00f9 commencer? Appelez notre <strong><u><a href=\"https:\/\/archive.ontariocaregiver.ca\/fr\/trouverdusoutien\/ligne-dassistance\/\" target=\"_blank\" rel=\"noreferrer noopener\">ligne d\u2019assistance 24&nbsp;h\/24, 7&nbsp;j\/7<\/a><\/u><\/strong> ou joignez-vous \u00e0 notre <strong><u><a href=\"https:\/\/archive.ontariocaregiver.ca\/fr\/trouverdusoutien\/ligne-dassistance\/\" target=\"_blank\" rel=\"noreferrer noopener\">clavardage en direct<\/a><\/u><\/strong> pour trouver des ressources dans votre communaut\u00e9.<\/p>\n\n\n\n<p>Sources&nbsp;:<\/p>\n\n\n\n<p><a href=\"https:\/\/www.cancercare.org\/publications\/141-young_adults_as_caregivers\">https:\/\/www.cancercare.org\/publications\/141-young_adults_as_caregivers<\/a><\/p>\n\n\n\n<p><a href=\"https:\/\/www.cancer.ca\/fr-ca\/cancer-information\/living-with-cancer\/caregiving\/?region=on\">https:\/\/www.cancer.ca\/fr-ca\/cancer-information\/living-with-cancer\/caregiving\/?region=on<\/a><\/p>\n\n\n\n<p><a href=\"https:\/\/www.cancer.ca\/fr-ca\/cancer-information\/cancer-type\/childhood-cancer-information\/palliative-care\/end-of-life-care\/?region=on\">https:\/\/www.cancer.ca\/fr-ca\/cancer-information\/cancer-type\/childhood-cancer-information\/palliative-care\/end-of-life-care\/?region=on<\/a><\/p>\n\n\n\n<p>(Guide OCO destin\u00e9 aux aidants naturels pour les soins en fin de vie)<\/p>\n\n\n\n<p><a href=\"https:\/\/hospicetoronto.ca\/PDF\/Acaregivershandbook_CHPCA.pdf\">https:\/\/hospicetoronto.ca\/PDF\/Acaregivershandbook_CHPCA.pdf<\/a><\/p>\n","protected":false},"excerpt":{"rendered":"<p>Je m\u2019occupe d\u2019une personne atteinte d\u2019une maladie chronique Une maladie chronique est une maladie ou un trouble qui est persistant et (ou) de longue..<\/p>\n","protected":false},"author":7,"featured_media":0,"parent":12219,"menu_order":0,"comment_status":"closed","ping_status":"closed","template":"","meta":{"_acf_changed":false,"_relevanssi_hide_post":"","_relevanssi_hide_content":"","_relevanssi_pin_for_all":"","_relevanssi_pin_keywords":"","_relevanssi_unpin_keywords":"","_relevanssi_related_keywords":"","_relevanssi_related_include_ids":"","_relevanssi_related_exclude_ids":"","_relevanssi_related_no_append":"","_relevanssi_related_not_related":"","_relevanssi_related_posts":"13464,12711,1050,10346,16661,12694","_relevanssi_noindex_reason":"","_price":"","_stock":"","_tribe_ticket_header":"","_tribe_default_ticket_provider":"","_tribe_ticket_capacity":"0","_ticket_start_date":"","_ticket_end_date":"","_tribe_ticket_show_description":"","_tribe_ticket_show_not_going":false,"_tribe_ticket_use_global_stock":"","_tribe_ticket_global_stock_level":"","_global_stock_mode":"","_global_stock_cap":"","_tribe_rsvp_for_event":"","_tribe_ticket_going_count":"","_tribe_ticket_not_going_count":"","_tribe_tickets_list":[],"_tribe_ticket_has_attendee_info_fields":false,"footnotes":""},"class_list":["post-12248","page","type-page","status-publish","hentry"],"acf":[],"yoast_head":"<!-- This site is optimized with the Yoast SEO plugin v25.8 - https:\/\/yoast.com\/wordpress\/plugins\/seo\/ -->\n<title>Je m\u2019occupe d\u2019une personne atteinte d\u2019une maladie chronique - Organisme de soutien aux aidants naturels de l\u2019Ontario<\/title>\n<meta name=\"robots\" content=\"noindex, follow, max-snippet:-1, max-image-preview:large, max-video-preview:-1\" \/>\n<meta property=\"og:locale\" content=\"fr_FR\" \/>\n<meta property=\"og:type\" content=\"article\" \/>\n<meta property=\"og:title\" content=\"Je m\u2019occupe d\u2019une personne atteinte d\u2019une maladie chronique - Organisme de soutien aux aidants naturels de l\u2019Ontario\" \/>\n<meta property=\"og:description\" content=\"Je m\u2019occupe d\u2019une personne atteinte d\u2019une maladie chronique Une maladie chronique est une maladie ou un trouble qui est persistant et (ou) de longue..\" \/>\n<meta property=\"og:url\" content=\"https:\/\/archive.ontariocaregiver.ca\/fr\/pour-aidants-naturels\/prestations-de-soins\/maladie-chronique\/\" \/>\n<meta property=\"og:site_name\" content=\"Organisme de soutien aux aidants naturels de l\u2019Ontario\" \/>\n<meta property=\"article:modified_time\" content=\"2022-03-22T14:01:58+00:00\" \/>\n<meta name=\"twitter:card\" content=\"summary_large_image\" \/>\n<meta name=\"twitter:label1\" content=\"Dur\u00e9e de lecture estim\u00e9e\" \/>\n\t<meta name=\"twitter:data1\" content=\"5 minutes\" \/>\n<script type=\"application\/ld+json\" class=\"yoast-schema-graph\">{\"@context\":\"https:\/\/schema.org\",\"@graph\":[{\"@type\":\"WebPage\",\"@id\":\"https:\/\/archive.ontariocaregiver.ca\/fr\/pour-aidants-naturels\/prestations-de-soins\/maladie-chronique\/\",\"url\":\"https:\/\/archive.ontariocaregiver.ca\/fr\/pour-aidants-naturels\/prestations-de-soins\/maladie-chronique\/\",\"name\":\"Je m\u2019occupe d\u2019une personne atteinte d\u2019une maladie chronique - Organisme de soutien aux aidants naturels de l\u2019Ontario\",\"isPartOf\":{\"@id\":\"https:\/\/archive.ontariocaregiver.ca\/fr\/#website\"},\"datePublished\":\"2021-09-16T15:50:39+00:00\",\"dateModified\":\"2022-03-22T14:01:58+00:00\",\"breadcrumb\":{\"@id\":\"https:\/\/archive.ontariocaregiver.ca\/fr\/pour-aidants-naturels\/prestations-de-soins\/maladie-chronique\/#breadcrumb\"},\"inLanguage\":\"fr-FR\",\"potentialAction\":[{\"@type\":\"ReadAction\",\"target\":[\"https:\/\/archive.ontariocaregiver.ca\/fr\/pour-aidants-naturels\/prestations-de-soins\/maladie-chronique\/\"]}]},{\"@type\":\"BreadcrumbList\",\"@id\":\"https:\/\/archive.ontariocaregiver.ca\/fr\/pour-aidants-naturels\/prestations-de-soins\/maladie-chronique\/#breadcrumb\",\"itemListElement\":[{\"@type\":\"ListItem\",\"position\":1,\"name\":\"Page principale\",\"item\":\"https:\/\/archive.ontariocaregiver.ca\/fr\/\"},{\"@type\":\"ListItem\",\"position\":2,\"name\":\"Soutien pour personnes aidantes naturelles\",\"item\":\"https:\/\/archive.ontariocaregiver.ca\/fr\/pour-aidants-naturels\/\"},{\"@type\":\"ListItem\",\"position\":3,\"name\":\"Prestations de soins\",\"item\":\"https:\/\/archive.ontariocaregiver.ca\/fr\/for-caregivers\/health-conditions\/\"},{\"@type\":\"ListItem\",\"position\":4,\"name\":\"Je m\u2019occupe d\u2019une personne atteinte d\u2019une maladie chronique\"}]},{\"@type\":\"WebSite\",\"@id\":\"https:\/\/archive.ontariocaregiver.ca\/fr\/#website\",\"url\":\"https:\/\/archive.ontariocaregiver.ca\/fr\/\",\"name\":\"Organisme de soutien aux aidants naturels de l\u2019Ontario\",\"description\":\"\",\"potentialAction\":[{\"@type\":\"SearchAction\",\"target\":{\"@type\":\"EntryPoint\",\"urlTemplate\":\"https:\/\/archive.ontariocaregiver.ca\/fr\/?s={search_term_string}\"},\"query-input\":{\"@type\":\"PropertyValueSpecification\",\"valueRequired\":true,\"valueName\":\"search_term_string\"}}],\"inLanguage\":\"fr-FR\"}]}<\/script>\n<!-- \/ Yoast SEO plugin. -->","yoast_head_json":{"title":"Je m\u2019occupe d\u2019une personne atteinte d\u2019une maladie chronique - Organisme de soutien aux aidants naturels de l\u2019Ontario","robots":{"index":"noindex","follow":"follow","max-snippet":"max-snippet:-1","max-image-preview":"max-image-preview:large","max-video-preview":"max-video-preview:-1"},"og_locale":"fr_FR","og_type":"article","og_title":"Je m\u2019occupe d\u2019une personne atteinte d\u2019une maladie chronique - Organisme de soutien aux aidants naturels de l\u2019Ontario","og_description":"Je m\u2019occupe d\u2019une personne atteinte d\u2019une maladie chronique Une maladie chronique est une maladie ou un trouble qui est persistant et (ou) de longue..","og_url":"https:\/\/archive.ontariocaregiver.ca\/fr\/pour-aidants-naturels\/prestations-de-soins\/maladie-chronique\/","og_site_name":"Organisme de soutien aux aidants naturels de l\u2019Ontario","article_modified_time":"2022-03-22T14:01:58+00:00","twitter_card":"summary_large_image","twitter_misc":{"Dur\u00e9e de lecture estim\u00e9e":"5 minutes"},"schema":{"@context":"https:\/\/schema.org","@graph":[{"@type":"WebPage","@id":"https:\/\/archive.ontariocaregiver.ca\/fr\/pour-aidants-naturels\/prestations-de-soins\/maladie-chronique\/","url":"https:\/\/archive.ontariocaregiver.ca\/fr\/pour-aidants-naturels\/prestations-de-soins\/maladie-chronique\/","name":"Je m\u2019occupe d\u2019une personne atteinte d\u2019une maladie chronique - Organisme de soutien aux aidants naturels de l\u2019Ontario","isPartOf":{"@id":"https:\/\/archive.ontariocaregiver.ca\/fr\/#website"},"datePublished":"2021-09-16T15:50:39+00:00","dateModified":"2022-03-22T14:01:58+00:00","breadcrumb":{"@id":"https:\/\/archive.ontariocaregiver.ca\/fr\/pour-aidants-naturels\/prestations-de-soins\/maladie-chronique\/#breadcrumb"},"inLanguage":"fr-FR","potentialAction":[{"@type":"ReadAction","target":["https:\/\/archive.ontariocaregiver.ca\/fr\/pour-aidants-naturels\/prestations-de-soins\/maladie-chronique\/"]}]},{"@type":"BreadcrumbList","@id":"https:\/\/archive.ontariocaregiver.ca\/fr\/pour-aidants-naturels\/prestations-de-soins\/maladie-chronique\/#breadcrumb","itemListElement":[{"@type":"ListItem","position":1,"name":"Page principale","item":"https:\/\/archive.ontariocaregiver.ca\/fr\/"},{"@type":"ListItem","position":2,"name":"Soutien pour personnes aidantes naturelles","item":"https:\/\/archive.ontariocaregiver.ca\/fr\/pour-aidants-naturels\/"},{"@type":"ListItem","position":3,"name":"Prestations de soins","item":"https:\/\/archive.ontariocaregiver.ca\/fr\/for-caregivers\/health-conditions\/"},{"@type":"ListItem","position":4,"name":"Je m\u2019occupe d\u2019une personne atteinte d\u2019une maladie chronique"}]},{"@type":"WebSite","@id":"https:\/\/archive.ontariocaregiver.ca\/fr\/#website","url":"https:\/\/archive.ontariocaregiver.ca\/fr\/","name":"Organisme de soutien aux aidants naturels de l\u2019Ontario","description":"","potentialAction":[{"@type":"SearchAction","target":{"@type":"EntryPoint","urlTemplate":"https:\/\/archive.ontariocaregiver.ca\/fr\/?s={search_term_string}"},"query-input":{"@type":"PropertyValueSpecification","valueRequired":true,"valueName":"search_term_string"}}],"inLanguage":"fr-FR"}]}},"ticketed":false,"_links":{"self":[{"href":"https:\/\/archive.ontariocaregiver.ca\/fr\/wp-json\/wp\/v2\/pages\/12248","targetHints":{"allow":["GET"]}}],"collection":[{"href":"https:\/\/archive.ontariocaregiver.ca\/fr\/wp-json\/wp\/v2\/pages"}],"about":[{"href":"https:\/\/archive.ontariocaregiver.ca\/fr\/wp-json\/wp\/v2\/types\/page"}],"author":[{"embeddable":true,"href":"https:\/\/archive.ontariocaregiver.ca\/fr\/wp-json\/wp\/v2\/users\/7"}],"replies":[{"embeddable":true,"href":"https:\/\/archive.ontariocaregiver.ca\/fr\/wp-json\/wp\/v2\/comments?post=12248"}],"version-history":[{"count":2,"href":"https:\/\/archive.ontariocaregiver.ca\/fr\/wp-json\/wp\/v2\/pages\/12248\/revisions"}],"predecessor-version":[{"id":17427,"href":"https:\/\/archive.ontariocaregiver.ca\/fr\/wp-json\/wp\/v2\/pages\/12248\/revisions\/17427"}],"up":[{"embeddable":true,"href":"https:\/\/archive.ontariocaregiver.ca\/fr\/wp-json\/wp\/v2\/pages\/12219"}],"wp:attachment":[{"href":"https:\/\/archive.ontariocaregiver.ca\/fr\/wp-json\/wp\/v2\/media?parent=12248"}],"curies":[{"name":"wp","href":"https:\/\/api.w.org\/{rel}","templated":true}]}}