{"id":12244,"date":"2021-09-16T11:42:29","date_gmt":"2021-09-16T15:42:29","guid":{"rendered":"https:\/\/archive.ontariocaregiver.ca\/?page_id=12244"},"modified":"2022-03-22T10:29:04","modified_gmt":"2022-03-22T14:29:04","slug":"consommation-de-substances","status":"publish","type":"page","link":"https:\/\/archive.ontariocaregiver.ca\/fr\/pour-aidants-naturels\/prestations-de-soins\/consommation-de-substances\/","title":{"rendered":"Je m\u2019occupe d\u2019une personne qui souffre de troubles li\u00e9s \u00e0 la consommation de substances"},"content":{"rendered":"\n<h1 class=\"wp-block-heading\"><strong>Je m\u2019occupe d\u2019une personne qui souffre de troubles li\u00e9s \u00e0 la consommation de substances<\/strong><strong><\/strong><\/h1>\n\n\n\n<p>On parle de troubles li\u00e9s \u00e0 la consommation de substances lorsque le corps d\u2019une personne s\u2019habitue tellement \u00e0 des substances comme les drogues ou l\u2019alcool qu\u2019il ne peut plus fonctionner sans elles dans son syst\u00e8me. Comme son corps d\u00e9veloppe une tol\u00e9rance au fil du temps, il aura besoin de plus en plus de cette substance pour en ressentir les effets. La personne atteinte peut devenir obs\u00e9d\u00e9e par la consommation et l\u2019obtention de la substance au point d\u2019abandonner ses responsabilit\u00e9s. Souvent, les troubles li\u00e9s \u00e0 la consommation d\u2019alcool et de drogues se manifestent en m\u00eame temps que d\u2019autres probl\u00e8mes de sant\u00e9 mentale et des troubles psychologiques graves.<\/p>\n\n\n\n<p>Lorsqu\u2019un membre de la famille consomme des substances de mani\u00e8re nocive ou risqu\u00e9e, toute la famille peut se retrouver sous des contraintes incroyables.<\/p>\n\n\n\n<p><strong>La chose la plus importante que vous devez accepter est que ce n\u2019est pas \u00e0 vous de trouver une solution \u00e0 son probl\u00e8me.<br><br><\/strong>Vous pouvez essayer d\u2019aider et d\u2019encourager un membre de votre famille \u00e0 modifier son comportement, mais vous ne pouvez pas le faire pour lui. Le changement ne peut se faire que lorsqu\u2019il veut changer, s\u2019estime capable de changer et d\u00e9veloppe un plan pour changer.&nbsp;<\/p>\n\n\n\n<p><strong>Comment vous pouvez aider&nbsp;:<\/strong><strong><\/strong><\/p>\n\n\n\n<ul class=\"wp-block-list\"><li>Parlez \u00e0 votre proche de vos soucis. Dites-lui comment sa d\u00e9pendance vous a affect\u00e9. Soyez honn\u00eate \u00e0 propos de ce que vous ressentez et de ce que vous aimeriez voir se passer ensuite<\/li><li>Ne bl\u00e2mez pas, ne critiquez pas et n\u2019humiliez pas votre proche. Dites-lui simplement comment vous en avez \u00e9t\u00e9 affect\u00e9.<strong><\/strong><\/li><li>Exprimez vos pr\u00e9occupations en utilisant la premi\u00e8re personne, \u00ab&nbsp;je&nbsp;\u00bb, au lieu de \u00ab&nbsp;tu&nbsp;\u00bb. Par exemple, vous pouvez dire \u00ab&nbsp;Je pense qu\u2019il serait utile que tu parles \u00e0 quelqu\u2019un&nbsp;\u00bb, au lieu de \u00ab&nbsp;Tu dois obtenir de l\u2019aide&nbsp;\u00bb<\/li><li>Adoptez une approche collaborative pour r\u00e9soudre les probl\u00e8mes au lieu de les confronter. Dites-lui que vous allez le soutenir dans son cheminement vers la gu\u00e9rison<\/li><li>Encouragez votre proche \u00e0 partager ses sentiments et ses r\u00e9flexions sur sa situation<\/li><li>Exprimez de l\u2019empathie &#8211; essayez de comprendre et de reconna\u00eetre son point de vue sans vous \u00e9nerver ni le juger<\/li><li>D\u00e9tournez la conversation en parlant des possibilit\u00e9s et des mesures \u00e0 prendre<\/li><li>Encouragez-le \u00e0 demander de l\u2019aide (vous pourriez l\u2019aider \u00e0 trouver des ressources de traitement)<\/li><li>Proposez de prendre un rendez-vous pour la personne et accompagnez-la au rendez-vous<\/li><\/ul>\n\n\n\n<p><strong>Prenez soin de vous<\/strong><strong><\/strong><\/p>\n\n\n\n<p>Pour avoir l\u2019\u00e9nergie d\u2019aider votre proche, vous devez vous occuper de votre propre bien-\u00eatre \u00e9motionnel et physique. Assurez-vous que vos propres besoins sont satisfaits&nbsp;: dormez suffisamment, faites de l\u2019exercice et mangez bien.<\/p>\n\n\n\n<p>Il est \u00e9galement important d\u2019obtenir le soutien n\u00e9cessaire pour s\u2019occuper d\u2019un membre de la famille qui a des probl\u00e8mes de d\u00e9pendance. Il existe des th\u00e9rapeutes sp\u00e9cialis\u00e9s dans le counseling en toxicomanie pour les membres de la famille ainsi que des groupes de soutien sp\u00e9cialis\u00e9s, comme Al-Anon et Nar-Anon.<\/p>\n\n\n\n<p><strong>Demandez de l\u2019aide&nbsp;:<\/strong><strong><\/strong><\/p>\n\n\n\n<ul class=\"wp-block-list\"><li>Communiquez avec un groupe de soutien pour en savoir plus sur la d\u00e9pendance et sur les cons\u00e9quences \u00e9motionnelles et psychologiques qu\u2019elle vous cause. <strong><u><a href=\"https:\/\/al-anon.org\/fr\/\" target=\"_blank\" rel=\"noreferrer noopener\">Al-Anon<\/a><\/u><\/strong> est un groupe de soutien pour les membres de la famille d\u2019une personne alcoolique. <strong><u><a href=\"https:\/\/naranonontario.com\/\" target=\"_blank\" rel=\"noreferrer noopener\">Nar-Anon<\/a><\/u><\/strong> est un groupe de soutien pour les membres de la famille d\u2019une personne toxicomane<\/li><li>Communiquez avec <strong><u><a href=\"http:\/\/www.connexontario.ca\/fr-ca\/\" target=\"_blank\" rel=\"noreferrer noopener\">Connex Ontario<\/a><\/u> <\/strong>pour obtenir des informations gratuites sur les services de sant\u00e9 pour les personnes qui souffrent d\u2019alcoolisme, de toxicomanie ou de troubles psychologiques \u00e0 <strong><a href=\"http:\/\/www.connexontario.ca\/fr-ca\/\" target=\"_blank\" rel=\"noreferrer noopener\"><u>connexontario.ca<\/u>\/fr-ca<\/a> <\/strong>ou composez le1-866-531-2600<\/li><li>Partagez vos exp\u00e9riences et vos pr\u00e9occupations avec d\u2019autres personnes aidantes naturelles gr\u00e2ce \u00e0 notre <a href=\"https:\/\/archive.ontariocaregiver.ca\/peersupport\/fr\/trouver-un-mentor\/\" target=\"_blank\" rel=\"noreferrer noopener\">programme individuel de soutien par les pairs.<\/a><\/li><li>Consultez aussi <strong><u><a href=\"https:\/\/archive.ontariocaregiver.ca\/fr\/troubles-psychologiques\/\" target=\"_blank\" rel=\"noreferrer noopener\">Je m\u2019occupe d\u2019une personne souffrant de troubles psychologiques<\/a><\/u><\/strong><\/li><\/ul>\n\n\n\n<p>Ressources suppl\u00e9mentaires<\/p>\n\n\n\n<p><a href=\"https:\/\/www.nss-aps.ca\/fr\/quest-ce-quun-approvisionnement-plus-sec\" target=\"_blank\" rel=\"noreferrer noopener\">La communaut\u00e9 de pratique nationale sur l&rsquo;approvisionnement plus s\u00e9curitaire<\/a>&nbsp;(CdPN-APS) est une nouvelle initiative d&rsquo;\u00e9change de connaissances dirig\u00e9e par le London InterCommunity Health Centre, en partenariat avec l&rsquo;Association canadienne des personnes qui utilisent des drogues et l&rsquo;Alliance pour des communaut\u00e9s en sant\u00e9. Son objectif est d&rsquo;accro\u00eetre le nombre de programmes d&rsquo;approvisionnement plus s\u00e9curitaires au Canada. Pour en savoir davantage sur cette communaut\u00e9 de pratique ou pour y adh\u00e9rer, consultez son <a href=\"https:\/\/www.nss-aps.ca\/fr\/daccueil\/\" target=\"_blank\" rel=\"noreferrer noopener\">site Web<\/a>.<\/p>\n\n\n\n<p>La communaut\u00e9 de pratique <a href=\"https:\/\/uphns-hub.ca\/about\/\" target=\"_blank\" rel=\"noreferrer noopener\">des sites de besoins urgents en sant\u00e9 publique<\/a> (SBUSP). est une destination centrale qui permet aux fournisseurs de services aux premi\u00e8res lignes, aux pairs, aux sp\u00e9cialistes de la sant\u00e9 et aux d\u00e9cisionnaires d&rsquo;apprendre les uns des autres au sujet des fa\u00e7ons d&rsquo;\u00e9tablir et d&rsquo;exploiter des services dans des abris d&rsquo;urgence o\u00f9 les personnes peuvent avoir besoin d&rsquo;utiliser des drogues et o\u00f9 s&rsquo;impose l&rsquo;adoption d&rsquo;approches de pr\u00e9vention des surdoses. Pour en savoir plus, consultez son <a href=\"https:\/\/uphns-hub.ca\/\" target=\"_blank\" rel=\"noreferrer noopener\">site Web<\/a>.<\/p>\n\n\n\n<p>Le <a href=\"https:\/\/substanceuse.ca\/fr\">Centre canadien d&rsquo;\u00e9change de connaissance<\/a><a href=\"https:\/\/substanceuse.ca\/fr\" target=\"_blank\" rel=\"noreferrer noopener\">s<\/a><a href=\"https:\/\/substanceuse.ca\/fr\"> et de ressources sur l&rsquo;usage de substances <\/a>&nbsp;(CRUS) fournit une s\u00e9rie d&rsquo;outils et de ressources organis\u00e9es pour aider les gens \u00e0 mettre en \u0153uvre une d\u00e9marche de sant\u00e9 publique \u00e0 l&rsquo;\u00e9gard de la consommation de substances dans leur communaut\u00e9. Pour en savoir plus sur les ressources offertes, veuillez consulter le <a href=\"https:\/\/substanceuse.ca\/fr\" target=\"_blank\" rel=\"noreferrer noopener\">site Web<\/a> de cette organisation.<\/p>\n\n\n\n<p><a href=\"https:\/\/www.catie.ca\/fr\" target=\"_blank\" rel=\"noreferrer noopener\">CATIE<\/a> renforce la r\u00e9ponse du Canada face au VIH et \u00e0 l\u2019h\u00e9patite C en faisant le pont entre la recherche et la pratique. Cette organisation met en relation les fournisseurs de soins de sant\u00e9 et de services communautaires avec les derniers progr\u00e8s scientifiques, et fait la promotion des pratiques exemplaires dans les programmes de pr\u00e9vention et de traitement. Elle offre aussi des ressources et des renseignements sur la <a href=\"https:\/\/www.catie.ca\/fr\/prevention-reduction-des-mefaits\/reduction-des-mefaits-en-general\" target=\"_blank\" rel=\"noreferrer noopener\">r\u00e9duction des m\u00e9faits<\/a>.<\/p>\n\n\n\n<p>Le <a href=\"https:\/\/ohrn.org\/\" target=\"_blank\" rel=\"noreferrer noopener\">Ontario Harm Reduction Network<\/a> (disponible en anglais seulement) soutient les efforts de r\u00e9duction des m\u00e9faits en Ontario en offrant des programmes de formation, des possibilit\u00e9s de r\u00e9seautage et des consultations aux fournisseurs de services et aux agences. Nous r\u00e9unissons les travailleurs du domaine de la r\u00e9duction des m\u00e9faits d&rsquo;un bout \u00e0 l&rsquo;autre de la province par l&rsquo;interm\u00e9diaire du <a href=\"https:\/\/ohrnloop.wpengine.com\/meet-our-networks\/\" target=\"_blank\" rel=\"noreferrer noopener\">Outreach Network<\/a>. Pour en savoir plus sur les services et ressources de cette organisation, veuillez composer sans frais le 1-855-591-0347 ou envoyer un courriel \u00e0 <a href=\"mailto:info@ohrn.org\">info@ohrn.org<\/a>.<\/p>\n\n\n\n<p>Vous ne savez pas par o\u00f9 commencer? Appelez notre <strong><u><a href=\"https:\/\/archive.ontariocaregiver.ca\/fr\/trouverdusoutien\/ligne-dassistance\/\" target=\"_blank\" rel=\"noreferrer noopener\">ligne d\u2019assistance 24&nbsp;h\/24, 7&nbsp;j\/7<\/a><\/u><\/strong> ou joignez-vous \u00e0 notre <strong><u><a href=\"https:\/\/archive.ontariocaregiver.ca\/fr\/trouverdusoutien\/ligne-dassistance\/\" target=\"_blank\" rel=\"noreferrer noopener\">clavardage en direct<\/a><\/u><\/strong> pour trouver des ressources dans votre communaut\u00e9.<\/p>\n\n\n\n<p>Sources&nbsp;:<\/p>\n\n\n\n<p><a href=\"https:\/\/www.heretohelp.bc.ca\/infosheet\/helping-people-who-use-substances-a-health-promotion-perspective\">https:\/\/www.heretohelp.bc.ca\/infosheet\/helping-people-who-use-substances-a-health-promotion-perspective<\/a><\/p>\n\n\n\n<p><a href=\"https:\/\/keltymentalhealth.ca\/sites\/default\/files\/documents\/just_ask_for_young_adults_-_web.pdf\">https:\/\/keltymentalhealth.ca\/sites\/default\/files\/documents\/just_ask_for_young_adults_-_web.pdf<\/a><\/p>\n\n\n\n<p><a href=\"https:\/\/www.verywellmind.com\/how-to-help-addicts-22238\">https:\/\/www.verywellmind.com\/how-to-help-addicts-22238<\/a><\/p>\n","protected":false},"excerpt":{"rendered":"<p>Je m\u2019occupe d\u2019une personne qui souffre de troubles li\u00e9s \u00e0 la consommation de substances On parle de troubles li\u00e9s \u00e0 la consommation de substances..<\/p>\n","protected":false},"author":7,"featured_media":0,"parent":12219,"menu_order":0,"comment_status":"closed","ping_status":"closed","template":"","meta":{"_acf_changed":false,"_relevanssi_hide_post":"","_relevanssi_hide_content":"","_relevanssi_pin_for_all":"","_relevanssi_pin_keywords":"","_relevanssi_unpin_keywords":"","_relevanssi_related_keywords":"","_relevanssi_related_include_ids":"","_relevanssi_related_exclude_ids":"","_relevanssi_related_no_append":"","_relevanssi_related_not_related":"","_relevanssi_related_posts":"13464,1050,12711,12694,7429,7899","_relevanssi_noindex_reason":"","_price":"","_stock":"","_tribe_ticket_header":"","_tribe_default_ticket_provider":"","_tribe_ticket_capacity":"0","_ticket_start_date":"","_ticket_end_date":"","_tribe_ticket_show_description":"","_tribe_ticket_show_not_going":false,"_tribe_ticket_use_global_stock":"","_tribe_ticket_global_stock_level":"","_global_stock_mode":"","_global_stock_cap":"","_tribe_rsvp_for_event":"","_tribe_ticket_going_count":"","_tribe_ticket_not_going_count":"","_tribe_tickets_list":[],"_tribe_ticket_has_attendee_info_fields":false,"footnotes":""},"class_list":["post-12244","page","type-page","status-publish","hentry"],"acf":[],"yoast_head":"<!-- This site is optimized with the Yoast SEO plugin v25.8 - https:\/\/yoast.com\/wordpress\/plugins\/seo\/ -->\n<title>Je m\u2019occupe d\u2019une personne qui souffre de troubles li\u00e9s \u00e0 la consommation de substances - Organisme de soutien aux aidants naturels de l\u2019Ontario<\/title>\n<meta name=\"robots\" content=\"noindex, follow, max-snippet:-1, max-image-preview:large, max-video-preview:-1\" \/>\n<meta property=\"og:locale\" content=\"fr_FR\" \/>\n<meta property=\"og:type\" content=\"article\" \/>\n<meta property=\"og:title\" content=\"Je m\u2019occupe d\u2019une personne qui souffre de troubles li\u00e9s \u00e0 la consommation de substances - Organisme de soutien aux aidants naturels de l\u2019Ontario\" \/>\n<meta property=\"og:description\" content=\"Je m\u2019occupe d\u2019une personne qui souffre de troubles li\u00e9s \u00e0 la consommation de substances On parle de troubles li\u00e9s \u00e0 la consommation de substances..\" \/>\n<meta property=\"og:url\" content=\"https:\/\/archive.ontariocaregiver.ca\/fr\/pour-aidants-naturels\/prestations-de-soins\/consommation-de-substances\/\" \/>\n<meta property=\"og:site_name\" content=\"Organisme de soutien aux aidants naturels de l\u2019Ontario\" \/>\n<meta property=\"article:modified_time\" content=\"2022-03-22T14:29:04+00:00\" \/>\n<meta name=\"twitter:card\" content=\"summary_large_image\" \/>\n<meta name=\"twitter:label1\" content=\"Dur\u00e9e de lecture estim\u00e9e\" \/>\n\t<meta name=\"twitter:data1\" content=\"5 minutes\" \/>\n<script type=\"application\/ld+json\" class=\"yoast-schema-graph\">{\"@context\":\"https:\/\/schema.org\",\"@graph\":[{\"@type\":\"WebPage\",\"@id\":\"https:\/\/archive.ontariocaregiver.ca\/fr\/pour-aidants-naturels\/prestations-de-soins\/consommation-de-substances\/\",\"url\":\"https:\/\/archive.ontariocaregiver.ca\/fr\/pour-aidants-naturels\/prestations-de-soins\/consommation-de-substances\/\",\"name\":\"Je m\u2019occupe d\u2019une personne qui souffre de troubles li\u00e9s \u00e0 la consommation de substances - Organisme de soutien aux aidants naturels de l\u2019Ontario\",\"isPartOf\":{\"@id\":\"https:\/\/archive.ontariocaregiver.ca\/fr\/#website\"},\"datePublished\":\"2021-09-16T15:42:29+00:00\",\"dateModified\":\"2022-03-22T14:29:04+00:00\",\"breadcrumb\":{\"@id\":\"https:\/\/archive.ontariocaregiver.ca\/fr\/pour-aidants-naturels\/prestations-de-soins\/consommation-de-substances\/#breadcrumb\"},\"inLanguage\":\"fr-FR\",\"potentialAction\":[{\"@type\":\"ReadAction\",\"target\":[\"https:\/\/archive.ontariocaregiver.ca\/fr\/pour-aidants-naturels\/prestations-de-soins\/consommation-de-substances\/\"]}]},{\"@type\":\"BreadcrumbList\",\"@id\":\"https:\/\/archive.ontariocaregiver.ca\/fr\/pour-aidants-naturels\/prestations-de-soins\/consommation-de-substances\/#breadcrumb\",\"itemListElement\":[{\"@type\":\"ListItem\",\"position\":1,\"name\":\"Page principale\",\"item\":\"https:\/\/archive.ontariocaregiver.ca\/fr\/\"},{\"@type\":\"ListItem\",\"position\":2,\"name\":\"Soutien pour personnes aidantes naturelles\",\"item\":\"https:\/\/archive.ontariocaregiver.ca\/fr\/pour-aidants-naturels\/\"},{\"@type\":\"ListItem\",\"position\":3,\"name\":\"Prestations de soins\",\"item\":\"https:\/\/archive.ontariocaregiver.ca\/fr\/for-caregivers\/health-conditions\/\"},{\"@type\":\"ListItem\",\"position\":4,\"name\":\"Je m\u2019occupe d\u2019une personne qui souffre de troubles li\u00e9s \u00e0 la consommation de substances\"}]},{\"@type\":\"WebSite\",\"@id\":\"https:\/\/archive.ontariocaregiver.ca\/fr\/#website\",\"url\":\"https:\/\/archive.ontariocaregiver.ca\/fr\/\",\"name\":\"Organisme de soutien aux aidants naturels de l\u2019Ontario\",\"description\":\"\",\"potentialAction\":[{\"@type\":\"SearchAction\",\"target\":{\"@type\":\"EntryPoint\",\"urlTemplate\":\"https:\/\/archive.ontariocaregiver.ca\/fr\/?s={search_term_string}\"},\"query-input\":{\"@type\":\"PropertyValueSpecification\",\"valueRequired\":true,\"valueName\":\"search_term_string\"}}],\"inLanguage\":\"fr-FR\"}]}<\/script>\n<!-- \/ Yoast SEO plugin. -->","yoast_head_json":{"title":"Je m\u2019occupe d\u2019une personne qui souffre de troubles li\u00e9s \u00e0 la consommation de substances - Organisme de soutien aux aidants naturels de l\u2019Ontario","robots":{"index":"noindex","follow":"follow","max-snippet":"max-snippet:-1","max-image-preview":"max-image-preview:large","max-video-preview":"max-video-preview:-1"},"og_locale":"fr_FR","og_type":"article","og_title":"Je m\u2019occupe d\u2019une personne qui souffre de troubles li\u00e9s \u00e0 la consommation de substances - Organisme de soutien aux aidants naturels de l\u2019Ontario","og_description":"Je m\u2019occupe d\u2019une personne qui souffre de troubles li\u00e9s \u00e0 la consommation de substances On parle de troubles li\u00e9s \u00e0 la consommation de substances..","og_url":"https:\/\/archive.ontariocaregiver.ca\/fr\/pour-aidants-naturels\/prestations-de-soins\/consommation-de-substances\/","og_site_name":"Organisme de soutien aux aidants naturels de l\u2019Ontario","article_modified_time":"2022-03-22T14:29:04+00:00","twitter_card":"summary_large_image","twitter_misc":{"Dur\u00e9e de lecture estim\u00e9e":"5 minutes"},"schema":{"@context":"https:\/\/schema.org","@graph":[{"@type":"WebPage","@id":"https:\/\/archive.ontariocaregiver.ca\/fr\/pour-aidants-naturels\/prestations-de-soins\/consommation-de-substances\/","url":"https:\/\/archive.ontariocaregiver.ca\/fr\/pour-aidants-naturels\/prestations-de-soins\/consommation-de-substances\/","name":"Je m\u2019occupe d\u2019une personne qui souffre de troubles li\u00e9s \u00e0 la consommation de substances - Organisme de soutien aux aidants naturels de l\u2019Ontario","isPartOf":{"@id":"https:\/\/archive.ontariocaregiver.ca\/fr\/#website"},"datePublished":"2021-09-16T15:42:29+00:00","dateModified":"2022-03-22T14:29:04+00:00","breadcrumb":{"@id":"https:\/\/archive.ontariocaregiver.ca\/fr\/pour-aidants-naturels\/prestations-de-soins\/consommation-de-substances\/#breadcrumb"},"inLanguage":"fr-FR","potentialAction":[{"@type":"ReadAction","target":["https:\/\/archive.ontariocaregiver.ca\/fr\/pour-aidants-naturels\/prestations-de-soins\/consommation-de-substances\/"]}]},{"@type":"BreadcrumbList","@id":"https:\/\/archive.ontariocaregiver.ca\/fr\/pour-aidants-naturels\/prestations-de-soins\/consommation-de-substances\/#breadcrumb","itemListElement":[{"@type":"ListItem","position":1,"name":"Page principale","item":"https:\/\/archive.ontariocaregiver.ca\/fr\/"},{"@type":"ListItem","position":2,"name":"Soutien pour personnes aidantes naturelles","item":"https:\/\/archive.ontariocaregiver.ca\/fr\/pour-aidants-naturels\/"},{"@type":"ListItem","position":3,"name":"Prestations de soins","item":"https:\/\/archive.ontariocaregiver.ca\/fr\/for-caregivers\/health-conditions\/"},{"@type":"ListItem","position":4,"name":"Je m\u2019occupe d\u2019une personne qui souffre de troubles li\u00e9s \u00e0 la consommation de substances"}]},{"@type":"WebSite","@id":"https:\/\/archive.ontariocaregiver.ca\/fr\/#website","url":"https:\/\/archive.ontariocaregiver.ca\/fr\/","name":"Organisme de soutien aux aidants naturels de l\u2019Ontario","description":"","potentialAction":[{"@type":"SearchAction","target":{"@type":"EntryPoint","urlTemplate":"https:\/\/archive.ontariocaregiver.ca\/fr\/?s={search_term_string}"},"query-input":{"@type":"PropertyValueSpecification","valueRequired":true,"valueName":"search_term_string"}}],"inLanguage":"fr-FR"}]}},"ticketed":false,"_links":{"self":[{"href":"https:\/\/archive.ontariocaregiver.ca\/fr\/wp-json\/wp\/v2\/pages\/12244","targetHints":{"allow":["GET"]}}],"collection":[{"href":"https:\/\/archive.ontariocaregiver.ca\/fr\/wp-json\/wp\/v2\/pages"}],"about":[{"href":"https:\/\/archive.ontariocaregiver.ca\/fr\/wp-json\/wp\/v2\/types\/page"}],"author":[{"embeddable":true,"href":"https:\/\/archive.ontariocaregiver.ca\/fr\/wp-json\/wp\/v2\/users\/7"}],"replies":[{"embeddable":true,"href":"https:\/\/archive.ontariocaregiver.ca\/fr\/wp-json\/wp\/v2\/comments?post=12244"}],"version-history":[{"count":4,"href":"https:\/\/archive.ontariocaregiver.ca\/fr\/wp-json\/wp\/v2\/pages\/12244\/revisions"}],"predecessor-version":[{"id":17440,"href":"https:\/\/archive.ontariocaregiver.ca\/fr\/wp-json\/wp\/v2\/pages\/12244\/revisions\/17440"}],"up":[{"embeddable":true,"href":"https:\/\/archive.ontariocaregiver.ca\/fr\/wp-json\/wp\/v2\/pages\/12219"}],"wp:attachment":[{"href":"https:\/\/archive.ontariocaregiver.ca\/fr\/wp-json\/wp\/v2\/media?parent=12244"}],"curies":[{"name":"wp","href":"https:\/\/api.w.org\/{rel}","templated":true}]}}