{"id":12238,"date":"2021-09-16T11:29:03","date_gmt":"2021-09-16T15:29:03","guid":{"rendered":"https:\/\/archive.ontariocaregiver.ca\/?page_id=12238"},"modified":"2022-03-22T10:28:10","modified_gmt":"2022-03-22T14:28:10","slug":"problemes-mobilite","status":"publish","type":"page","link":"https:\/\/archive.ontariocaregiver.ca\/fr\/pour-aidants-naturels\/prestations-de-soins\/problemes-mobilite\/","title":{"rendered":"Je m\u2019occupe d\u2019une personne qui a des probl\u00e8mes de mobilit\u00e9"},"content":{"rendered":"\n<h1 class=\"wp-block-heading\"><strong>Je m\u2019occupe d\u2019une personne qui a des probl\u00e8mes de mobilit\u00e9<\/strong><strong><\/strong><\/h1>\n\n\n\n<p>Les probl\u00e8mes de mobilit\u00e9 peuvent \u00eatre caus\u00e9s par un certain nombre de choses, dont un traumatisme comme un accident de voiture ou une chute, un AVC, une maladie d\u00e9g\u00e9n\u00e9rative comme la scl\u00e9rose lat\u00e9rale amyotrophique (SLA), ou une autre maladie chronique comme l\u2019arthrite. Prendre soin d\u2019une personne qui a des probl\u00e8mes de mobilit\u00e9, quelle qu\u2019en soit la cause, comporte un ensemble unique de d\u00e9fis.<\/p>\n\n\n\n<p>Vous devriez peut-\u00eatre aider cette personne&nbsp;:<\/p>\n\n\n\n<ul class=\"wp-block-list\"><li>\u00e0 entrer dans la baignoire ou la douche ou en sortir, ou faire sa toilette \u00e0 l\u2019\u00e9ponge dans son lit&nbsp;<\/li><li>\u00e0 prendre place dans le lit ou un fauteuil et en sortir, ou l\u2019aider \u00e0 changer de c\u00f4t\u00e9 dans le lit&nbsp;<\/li><li>\u00e0 aller aux toilettes ou \u00e0 utiliser un bassin de lit ou remplacer ses serviettes d\u2019incontinence<\/li><li>\u00e0 se brosser les dents, garder ses l\u00e8vres humides ou se rincer la bouche&nbsp;<\/li><li>\u00e0 laver ses cheveux, hydrater sa peau et couper ses ongles<\/li><\/ul>\n\n\n\n<p>Il est important de d\u00e9terminer ce que vous \u00eates \u00e0 l\u2019aise de faire ou non. Soyez honn\u00eate avec vous-m\u00eame et avec la personne dont vous vous occupez au sujet de ce que vous pouvez faire de fa\u00e7on r\u00e9aliste.<\/p>\n\n\n\n<p><strong>Conseils aux personnes aidantes naturelles&nbsp;:<\/strong><\/p>\n\n\n\n<p>Renseignez-vous sur les services de soins \u00e0 domicile qui sont offerts dans votre r\u00e9gion. Le personnel de soins \u00e0 domicile peut vous aider \u00e0 donner un bain et vous apprendre des t\u00e2ches comme positionner quelqu\u2019un confortablement dans son lit.&nbsp;Renseignez-vous sur la possibilit\u00e9 d\u2019obtenir des appareils fonctionnels comme un d\u00e9ambulateur, un appareil de levage, un fauteuil roulant, une chaise de douche, une barre d\u2019appui ou une chaise d\u2019aisance.&nbsp; Renseignez-vous sur les programmes d\u2019aide gouvernementale pour l\u2019achat de l\u2019\u00e9quipement sp\u00e9cialis\u00e9.<\/p>\n\n\n\n<p><strong>Conseils pour surmonter les obstacles \u00e0 la mobilit\u00e9 dans la maison&nbsp;: <\/strong><strong><\/strong><\/p>\n\n\n\n<ul class=\"wp-block-list\"><li>Installez des tapis antid\u00e9rapants dans la salle de bain et la cuisine<\/li><li>Enlevez tout objet qui pourrait \u00eatre un risque de tr\u00e9buchement<\/li><li>Veillez \u00e0 ce qu\u2019il y ait des rampes ad\u00e9quates dans la baignoire ou la douche et \u00e0 c\u00f4t\u00e9 de la cuvette de toilette<\/li><li>Veillez \u00e0 ce que les meubles ne soient pas dispos\u00e9s d\u2019une mani\u00e8re \u00e0 g\u00eaner le d\u00e9placement du d\u00e9ambulateur ou du fauteuil roulant<\/li><li>Si vous devez l\u2019aider \u00e0 monter les escaliers, tenez-vous derri\u00e8re lui. Gardez votre main sur ses \u00e9paules ou sur une ceinture pour l\u2019aider \u00e0 garder son \u00e9quilibre<\/li><li>Envisagez d\u2019installer un monte-escalier<\/li><\/ul>\n\n\n\n<p><strong>Conseils pour d\u00e9placer une personne ayant des limitations physiques&nbsp;:<br><br><\/strong>Il est important de ne pas s\u2019engager \u00e0 faire plus que vous pouvez et de faire attention \u00e0 votre propre s\u00e9curit\u00e9 ainsi qu\u2019\u00e0 la sienne. Si vous ne pouvez pas transf\u00e9rer ou d\u00e9placer une personne sans vous blesser, demandez de l\u2019aide.<\/p>\n\n\n\n<p>Pour \u00e9viter les blessures&nbsp;:<\/p>\n\n\n\n<ul class=\"wp-block-list\"><li>\u00c9cartez toujours vos pieds \u00e0 la largeur des \u00e9paules<\/li><li>Pliez les genoux et non pas le dos<\/li><li>Utilisez les muscles de votre ventre et de vos jambes pour aider \u00e0 soulever<\/li><li>Essayez de garder vos \u00e9paules et les muscles de votre cou d\u00e9tendus<\/li><li>Essayez d\u2019\u00e9viter de vous tordre le corps<\/li><li>Bougez vos pieds avec tout votre corps quand vous tournez ou pivotez, et repositionnez-vous pour maintenir votre stabilit\u00e9<\/li><\/ul>\n\n\n\n<p><strong>Conseils pour garder sa dignit\u00e9&nbsp;: <\/strong><strong><\/strong><\/p>\n\n\n\n<ul class=\"wp-block-list\"><li>Certaines personnes qui utilisent une aide \u00e0 la mobilit\u00e9, comme un fauteuil roulant, un d\u00e9ambulateur ou une canne, consid\u00e8rent ces aides comme faisant partie de leur espace personnel. Veillez \u00e0 respecter son espace personnel &#8211; ne touchez pas, ne bougez pas et ne vous appuyez pas sur l\u2019appareil sans son consentement<\/li><li>Si la personne ne veut pas \u00eatre d\u00e9plac\u00e9e, essayez de repousser la t\u00e2che si possible. Cela lui donnera un sentiment de contr\u00f4le<\/li><li>Avant de d\u00e9placer la personne, dites-lui ce que vous essayez de faire. Par exemple&nbsp;: \u00ab&nbsp;Je voudrais t\u2019aider \u00e0 t\u2019asseoir maintenant&nbsp;\u00bb.<\/li><\/ul>\n\n\n\n<p><strong>Des conseils pour l\u2019alimentation&nbsp;:<\/strong><strong><\/strong><\/p>\n\n\n\n<ul class=\"wp-block-list\"><li>Consultez le m\u00e9decin, le di\u00e9t\u00e9ticien, l\u2019ergoth\u00e9rapeute ou l\u2019orthophoniste de votre proche<\/li><li>Si le membre de votre famille a du mal \u00e0 avaler, pr\u00e9voyez des aliments plus mous ou plus onctueux, comme du gruau, de la compote de pommes et de la pur\u00e9e de pommes de terre. Coupez les aliments en plus petits morceaux et r\u00e9duisez-les en pur\u00e9e dans un m\u00e9langeur<\/li><li>Pendant qu\u2019il mange, demandez-lui de s\u2019asseoir droit dans son lit ou la chaise<\/li><li>Demandez-lui de prendre de petites bouch\u00e9es. Essayez d\u2019utiliser une cuill\u00e8re \u00e0 caf\u00e9 au lieu d\u2019une cuill\u00e8re \u00e0 soupe<\/li><li>Le membre de votre famille doit bien m\u00e2cher chaque bouch\u00e9e avant d\u2019avaler<\/li><li>Les petits repas fr\u00e9quents peuvent \u00eatre plus faciles \u00e0 manger et \u00e0 dig\u00e9rer<\/li><li>Envisagez l\u2019utilisation d\u2019appareils fonctionnels, comme la vaisselle avec coussinets antid\u00e9rapants, les ustensiles de coupe con\u00e7us pour une utilisation \u00e0 une main et les tasses modifi\u00e9es<\/li><\/ul>\n\n\n\n<p><strong>Demandez de l\u2019aide&nbsp;: <\/strong><strong><\/strong><\/p>\n\n\n\n<ul class=\"wp-block-list\"><li>Dites \u00e0 votre famille et \u00e0 vos amis ce dont vous avez besoin et n\u2019ayez pas peur ou honte de leur demander de l\u2019aide<\/li><li>Consultez ces ressources suppl\u00e9mentaires dans <strong><u><a href=\"https:\/\/archive.ontariocaregiver.ca\/fr\/maladie-cardiaque-avc\/\" target=\"_blank\" rel=\"noreferrer noopener\">Je m\u2019occupe d\u2019une personne atteinte d\u2019une maladie cardiaque ou d\u2019un AVC<\/a><\/u><\/strong><\/li><li>Composez le 211 ou rendez-vous sur <a href=\"http:\/\/www.211.ca\/fr\/\"><strong>www.211.ca<\/strong><\/a>&nbsp;pour obtenir des informations gratuites et confidentielles sur les services de sant\u00e9 et communautaires canadiens offerts dans votre r\u00e9gion<\/li><li>Entrez en contact avec d\u2019autres personnes aidantes naturelles gr\u00e2ce \u00e0 notre <a href=\"https:\/\/archive.ontariocaregiver.ca\/peersupport\/fr\/trouver-un-mentor\/\" target=\"_blank\" rel=\"noreferrer noopener\">programme individuel de soutien par les pairs<\/a>.<\/li><\/ul>\n\n\n\n<p>Vous ne savez pas par o\u00f9 commencer? Appelez notre <strong><u><a href=\"https:\/\/archive.ontariocaregiver.ca\/fr\/trouverdusoutien\/ligne-dassistance\/\" target=\"_blank\" rel=\"noreferrer noopener\">ligne d\u2019assistance 24&nbsp;h\/24, 7&nbsp;j\/7<\/a><\/u><\/strong> ou joignez-vous \u00e0 notre <strong><u><a href=\"https:\/\/archive.ontariocaregiver.ca\/fr\/trouverdusoutien\/ligne-dassistance\/\" target=\"_blank\" rel=\"noreferrer noopener\">clavardage en direct<\/a><\/u><\/strong> pour trouver des ressources dans votre communaut\u00e9.<\/p>\n\n\n\n<p>* Sources&nbsp;:<\/p>\n\n\n\n<figure class=\"wp-block-embed is-type-wp-embed is-provider-elizz wp-block-embed-elizz\"><div class=\"wp-block-embed__wrapper\">\n<blockquote class=\"wp-embedded-content\" data-secret=\"4rvB6VZHOC\"><a href=\"https:\/\/www.elizz.com\/caregiver-resources\/skills\/caregivers-assisting-a-person-with-mobility-issues\/\">Caregivers assisting a person with mobility issues<\/a><\/blockquote><iframe loading=\"lazy\" class=\"wp-embedded-content\" sandbox=\"allow-scripts\" security=\"restricted\" style=\"position: absolute; clip: rect(1px, 1px, 1px, 1px);\" title=\"&#8220;Caregivers assisting a person with mobility issues&#8221; &#8212; Elizz\" src=\"https:\/\/www.elizz.com\/caregiver-resources\/skills\/caregivers-assisting-a-person-with-mobility-issues\/embed\/#?secret=O2CcoZWO8B#?secret=4rvB6VZHOC\" data-secret=\"4rvB6VZHOC\" width=\"500\" height=\"282\" frameborder=\"0\" marginwidth=\"0\" marginheight=\"0\" scrolling=\"no\"><\/iframe>\n<\/div><\/figure>\n\n\n\n<figure class=\"wp-block-embed is-type-wp-embed is-provider-commonwise-home-care wp-block-embed-commonwise-home-care\"><div class=\"wp-block-embed__wrapper\">\nhttps:\/\/www.commonwisecare.com\/what-to-do-when-elderly-parent-cant-walk\/\n<\/div><\/figure>\n","protected":false},"excerpt":{"rendered":"<p>Je m\u2019occupe d\u2019une personne qui a des probl\u00e8mes de mobilit\u00e9 Les probl\u00e8mes de mobilit\u00e9 peuvent \u00eatre caus\u00e9s par un certain nombre de choses, dont..<\/p>\n","protected":false},"author":7,"featured_media":0,"parent":12219,"menu_order":0,"comment_status":"closed","ping_status":"closed","template":"","meta":{"_acf_changed":false,"_relevanssi_hide_post":"","_relevanssi_hide_content":"","_relevanssi_pin_for_all":"","_relevanssi_pin_keywords":"","_relevanssi_unpin_keywords":"","_relevanssi_related_keywords":"","_relevanssi_related_include_ids":"","_relevanssi_related_exclude_ids":"","_relevanssi_related_no_append":"","_relevanssi_related_not_related":"","_relevanssi_related_posts":"13464,7899,7429,12694,1050,12711","_relevanssi_noindex_reason":"","_price":"","_stock":"","_tribe_ticket_header":"","_tribe_default_ticket_provider":"","_tribe_ticket_capacity":"0","_ticket_start_date":"","_ticket_end_date":"","_tribe_ticket_show_description":"","_tribe_ticket_show_not_going":false,"_tribe_ticket_use_global_stock":"","_tribe_ticket_global_stock_level":"","_global_stock_mode":"","_global_stock_cap":"","_tribe_rsvp_for_event":"","_tribe_ticket_going_count":"","_tribe_ticket_not_going_count":"","_tribe_tickets_list":[],"_tribe_ticket_has_attendee_info_fields":false,"footnotes":""},"class_list":["post-12238","page","type-page","status-publish","hentry"],"acf":[],"yoast_head":"<!-- This site is optimized with the Yoast SEO plugin v25.8 - https:\/\/yoast.com\/wordpress\/plugins\/seo\/ -->\n<title>Je m\u2019occupe d\u2019une personne qui a des probl\u00e8mes de mobilit\u00e9 - Organisme de soutien aux aidants naturels de l\u2019Ontario<\/title>\n<meta name=\"robots\" content=\"noindex, follow, max-snippet:-1, max-image-preview:large, max-video-preview:-1\" \/>\n<meta property=\"og:locale\" content=\"fr_FR\" \/>\n<meta property=\"og:type\" content=\"article\" \/>\n<meta property=\"og:title\" content=\"Je m\u2019occupe d\u2019une personne qui a des probl\u00e8mes de mobilit\u00e9 - Organisme de soutien aux aidants naturels de l\u2019Ontario\" \/>\n<meta property=\"og:description\" content=\"Je m\u2019occupe d\u2019une personne qui a des probl\u00e8mes de mobilit\u00e9 Les probl\u00e8mes de mobilit\u00e9 peuvent \u00eatre caus\u00e9s par un certain nombre de choses, dont..\" \/>\n<meta property=\"og:url\" content=\"https:\/\/archive.ontariocaregiver.ca\/fr\/pour-aidants-naturels\/prestations-de-soins\/problemes-mobilite\/\" \/>\n<meta property=\"og:site_name\" content=\"Organisme de soutien aux aidants naturels de l\u2019Ontario\" \/>\n<meta property=\"article:modified_time\" content=\"2022-03-22T14:28:10+00:00\" \/>\n<meta name=\"twitter:card\" content=\"summary_large_image\" \/>\n<meta name=\"twitter:label1\" content=\"Dur\u00e9e de lecture estim\u00e9e\" \/>\n\t<meta name=\"twitter:data1\" content=\"4 minutes\" \/>\n<script type=\"application\/ld+json\" class=\"yoast-schema-graph\">{\"@context\":\"https:\/\/schema.org\",\"@graph\":[{\"@type\":\"WebPage\",\"@id\":\"https:\/\/archive.ontariocaregiver.ca\/fr\/pour-aidants-naturels\/prestations-de-soins\/problemes-mobilite\/\",\"url\":\"https:\/\/archive.ontariocaregiver.ca\/fr\/pour-aidants-naturels\/prestations-de-soins\/problemes-mobilite\/\",\"name\":\"Je m\u2019occupe d\u2019une personne qui a des probl\u00e8mes de mobilit\u00e9 - Organisme de soutien aux aidants naturels de l\u2019Ontario\",\"isPartOf\":{\"@id\":\"https:\/\/archive.ontariocaregiver.ca\/fr\/#website\"},\"datePublished\":\"2021-09-16T15:29:03+00:00\",\"dateModified\":\"2022-03-22T14:28:10+00:00\",\"breadcrumb\":{\"@id\":\"https:\/\/archive.ontariocaregiver.ca\/fr\/pour-aidants-naturels\/prestations-de-soins\/problemes-mobilite\/#breadcrumb\"},\"inLanguage\":\"fr-FR\",\"potentialAction\":[{\"@type\":\"ReadAction\",\"target\":[\"https:\/\/archive.ontariocaregiver.ca\/fr\/pour-aidants-naturels\/prestations-de-soins\/problemes-mobilite\/\"]}]},{\"@type\":\"BreadcrumbList\",\"@id\":\"https:\/\/archive.ontariocaregiver.ca\/fr\/pour-aidants-naturels\/prestations-de-soins\/problemes-mobilite\/#breadcrumb\",\"itemListElement\":[{\"@type\":\"ListItem\",\"position\":1,\"name\":\"Page principale\",\"item\":\"https:\/\/archive.ontariocaregiver.ca\/fr\/\"},{\"@type\":\"ListItem\",\"position\":2,\"name\":\"Soutien pour personnes aidantes naturelles\",\"item\":\"https:\/\/archive.ontariocaregiver.ca\/fr\/pour-aidants-naturels\/\"},{\"@type\":\"ListItem\",\"position\":3,\"name\":\"Prestations de soins\",\"item\":\"https:\/\/archive.ontariocaregiver.ca\/fr\/for-caregivers\/health-conditions\/\"},{\"@type\":\"ListItem\",\"position\":4,\"name\":\"Je m\u2019occupe d\u2019une personne qui a des probl\u00e8mes de mobilit\u00e9\"}]},{\"@type\":\"WebSite\",\"@id\":\"https:\/\/archive.ontariocaregiver.ca\/fr\/#website\",\"url\":\"https:\/\/archive.ontariocaregiver.ca\/fr\/\",\"name\":\"Organisme de soutien aux aidants naturels de l\u2019Ontario\",\"description\":\"\",\"potentialAction\":[{\"@type\":\"SearchAction\",\"target\":{\"@type\":\"EntryPoint\",\"urlTemplate\":\"https:\/\/archive.ontariocaregiver.ca\/fr\/?s={search_term_string}\"},\"query-input\":{\"@type\":\"PropertyValueSpecification\",\"valueRequired\":true,\"valueName\":\"search_term_string\"}}],\"inLanguage\":\"fr-FR\"}]}<\/script>\n<!-- \/ Yoast SEO plugin. -->","yoast_head_json":{"title":"Je m\u2019occupe d\u2019une personne qui a des probl\u00e8mes de mobilit\u00e9 - Organisme de soutien aux aidants naturels de l\u2019Ontario","robots":{"index":"noindex","follow":"follow","max-snippet":"max-snippet:-1","max-image-preview":"max-image-preview:large","max-video-preview":"max-video-preview:-1"},"og_locale":"fr_FR","og_type":"article","og_title":"Je m\u2019occupe d\u2019une personne qui a des probl\u00e8mes de mobilit\u00e9 - Organisme de soutien aux aidants naturels de l\u2019Ontario","og_description":"Je m\u2019occupe d\u2019une personne qui a des probl\u00e8mes de mobilit\u00e9 Les probl\u00e8mes de mobilit\u00e9 peuvent \u00eatre caus\u00e9s par un certain nombre de choses, dont..","og_url":"https:\/\/archive.ontariocaregiver.ca\/fr\/pour-aidants-naturels\/prestations-de-soins\/problemes-mobilite\/","og_site_name":"Organisme de soutien aux aidants naturels de l\u2019Ontario","article_modified_time":"2022-03-22T14:28:10+00:00","twitter_card":"summary_large_image","twitter_misc":{"Dur\u00e9e de lecture estim\u00e9e":"4 minutes"},"schema":{"@context":"https:\/\/schema.org","@graph":[{"@type":"WebPage","@id":"https:\/\/archive.ontariocaregiver.ca\/fr\/pour-aidants-naturels\/prestations-de-soins\/problemes-mobilite\/","url":"https:\/\/archive.ontariocaregiver.ca\/fr\/pour-aidants-naturels\/prestations-de-soins\/problemes-mobilite\/","name":"Je m\u2019occupe d\u2019une personne qui a des probl\u00e8mes de mobilit\u00e9 - Organisme de soutien aux aidants naturels de l\u2019Ontario","isPartOf":{"@id":"https:\/\/archive.ontariocaregiver.ca\/fr\/#website"},"datePublished":"2021-09-16T15:29:03+00:00","dateModified":"2022-03-22T14:28:10+00:00","breadcrumb":{"@id":"https:\/\/archive.ontariocaregiver.ca\/fr\/pour-aidants-naturels\/prestations-de-soins\/problemes-mobilite\/#breadcrumb"},"inLanguage":"fr-FR","potentialAction":[{"@type":"ReadAction","target":["https:\/\/archive.ontariocaregiver.ca\/fr\/pour-aidants-naturels\/prestations-de-soins\/problemes-mobilite\/"]}]},{"@type":"BreadcrumbList","@id":"https:\/\/archive.ontariocaregiver.ca\/fr\/pour-aidants-naturels\/prestations-de-soins\/problemes-mobilite\/#breadcrumb","itemListElement":[{"@type":"ListItem","position":1,"name":"Page principale","item":"https:\/\/archive.ontariocaregiver.ca\/fr\/"},{"@type":"ListItem","position":2,"name":"Soutien pour personnes aidantes naturelles","item":"https:\/\/archive.ontariocaregiver.ca\/fr\/pour-aidants-naturels\/"},{"@type":"ListItem","position":3,"name":"Prestations de soins","item":"https:\/\/archive.ontariocaregiver.ca\/fr\/for-caregivers\/health-conditions\/"},{"@type":"ListItem","position":4,"name":"Je m\u2019occupe d\u2019une personne qui a des probl\u00e8mes de mobilit\u00e9"}]},{"@type":"WebSite","@id":"https:\/\/archive.ontariocaregiver.ca\/fr\/#website","url":"https:\/\/archive.ontariocaregiver.ca\/fr\/","name":"Organisme de soutien aux aidants naturels de l\u2019Ontario","description":"","potentialAction":[{"@type":"SearchAction","target":{"@type":"EntryPoint","urlTemplate":"https:\/\/archive.ontariocaregiver.ca\/fr\/?s={search_term_string}"},"query-input":{"@type":"PropertyValueSpecification","valueRequired":true,"valueName":"search_term_string"}}],"inLanguage":"fr-FR"}]}},"ticketed":false,"_links":{"self":[{"href":"https:\/\/archive.ontariocaregiver.ca\/fr\/wp-json\/wp\/v2\/pages\/12238","targetHints":{"allow":["GET"]}}],"collection":[{"href":"https:\/\/archive.ontariocaregiver.ca\/fr\/wp-json\/wp\/v2\/pages"}],"about":[{"href":"https:\/\/archive.ontariocaregiver.ca\/fr\/wp-json\/wp\/v2\/types\/page"}],"author":[{"embeddable":true,"href":"https:\/\/archive.ontariocaregiver.ca\/fr\/wp-json\/wp\/v2\/users\/7"}],"replies":[{"embeddable":true,"href":"https:\/\/archive.ontariocaregiver.ca\/fr\/wp-json\/wp\/v2\/comments?post=12238"}],"version-history":[{"count":2,"href":"https:\/\/archive.ontariocaregiver.ca\/fr\/wp-json\/wp\/v2\/pages\/12238\/revisions"}],"predecessor-version":[{"id":17438,"href":"https:\/\/archive.ontariocaregiver.ca\/fr\/wp-json\/wp\/v2\/pages\/12238\/revisions\/17438"}],"up":[{"embeddable":true,"href":"https:\/\/archive.ontariocaregiver.ca\/fr\/wp-json\/wp\/v2\/pages\/12219"}],"wp:attachment":[{"href":"https:\/\/archive.ontariocaregiver.ca\/fr\/wp-json\/wp\/v2\/media?parent=12238"}],"curies":[{"name":"wp","href":"https:\/\/api.w.org\/{rel}","templated":true}]}}